{"id":26434,"date":"2023-07-27T03:14:00","date_gmt":"2023-07-27T01:14:00","guid":{"rendered":"https:\/\/staging.praxas.com\/product\/unkategorisiert\/el-wifi-tp-2\/"},"modified":"2025-10-14T16:46:58","modified_gmt":"2025-10-14T14:46:58","slug":"el-wifi-tp-2","status":"publish","type":"product","link":"https:\/\/praxas.com\/de\/product\/datenlogger\/temperatur-datenlogger\/el-wifi-tp-2\/","title":{"rendered":"EL-WiFi-TP+"},"content":{"rendered":"<p>Dieser hochpr\u00e4zise WiFi-f\u00e4hige Temperatursensor kann eine Umgebung \u00fcber einen Messbereich von -40 bis 125\u00b0C (-40 bis 257\u00b0F) aus der Ferne \u00fcberwachen. Die Daten werden in regelm\u00e4\u00dfigen Abst\u00e4nden \u00fcber ein Standard-WiFi-Netzwerk auf die <a href=\"https:\/\/praxas.com\/en\/easylog-cloud\/\"><br \/>\n  <strong>EasyLog Cloud<\/strong><br \/>\n<\/a> oder einen einzelnen Host-PC hochgeladen. Wird mit Thermistorf\u00fchler und Befestigungsclip geliefert.<\/p>\n<p>EasyLog Cloud erm\u00f6glicht den Zugriff auf jeden Datenlogger und die gesammelten Daten von jedem internetf\u00e4higen Ger\u00e4t aus. \u00c4ndern Sie die Einstellungen des Datenloggers aus der Ferne, erhalten Sie E-Mail-Benachrichtigungen bei Alarmbedingungen, verkn\u00fcpfen Sie Sensoren von mehreren Standorten mit einem Konto und vergeben Sie mehrere Benutzerberechtigungen.<\/p>\n<p>Das Ger\u00e4t speichert Daten intern, wenn es die WiFi-Verbindung verliert, und l\u00e4dt sie automatisch in die Cloud hoch, sobald es wieder verbunden ist.<\/p>\n<p>Verwenden Sie die <a href=\"https:\/\/praxas.com\/en\/easylog-cloud\/\"><br \/>\n  <strong>EasyLog Cloud<\/strong><br \/>\n<\/a> Apps f\u00fcr Android und Apple, um Ihr Ger\u00e4t einfach einzurichten und jederzeit und \u00fcberall auf Ihre Daten zuzugreifen.<br \/>\nDieses Produkt entspricht der Norm BS EN 12830:2018 (Temperaturaufzeichnungsger\u00e4te f\u00fcr den Transport, die Lagerung und die Verteilung temperaturempfindlicher G\u00fcter).<\/p>\n","protected":false},"excerpt":{"rendered":"<p>WiFi Thermistorf\u00fchler Datenerfassung Sensor<\/p>\n","protected":false},"featured_media":26435,"template":"","meta":{"_acf_changed":false,"content-type":"","_uag_custom_page_level_css":""},"product_brand":[],"product_cat":[1010],"product_tag":[1023,1003,2432,1013,987,1021,988,990,985],"class_list":{"0":"post-26434","1":"product","2":"type-product","3":"status-publish","4":"has-post-thumbnail","6":"product_cat-temperatur-datenlogger","7":"product_tag-alarm-de","8":"product_tag-anzeige","9":"product_tag-easylog","10":"product_tag-easylog-cloud-de","11":"product_tag-externe-sonde-de","12":"product_tag-hochprazise","13":"product_tag-iot-de","14":"product_tag-thermistor-de","15":"product_tag-wifi-de","17":"first","18":"instock","19":"taxable","20":"shipping-taxable","21":"purchasable","22":"product-type-simple"},"bundled_by":[],"bundle_stock_status":"instock","bundle_stock_quantity":8,"bundle_virtual":false,"bundle_layout":"","bundle_add_to_cart_form_location":"","bundle_editable_in_cart":false,"bundle_sold_individually_context":"","bundle_item_grouping":"","bundle_min_size":"","bundle_max_size":"","bundle_price":[],"bundled_items":[],"bundle_sell_ids":[],"acf":[],"spectra_custom_meta":{"_download_limit":["-1","-1"],"_download_expiry":["-1","-1"],"_downloadable":["no","no"],"_sku":["EL-WiFi-TP+","EL-WiFi-TP+"],"_stock_status":["instock","instock","instock","instock","instock"],"_sold_individually":["no","no"],"_tax_class":["",""],"_tax_status":["taxable","taxable"],"_virtual":["no","no"],"_weight":["0.215"],"_width":["0"],"_height":["0"],"_length":["0"],"total_sales":["9","9"],"_product_datasheet":["field_650ad7d6ea3a0"],"connectivity":["WiFi"],"_connectivity":["field_64dce263bb57c"],"brand":["EasyLog"],"_brand":["field_64ddf62ed2593"],"_brand_image":["field_650c5e7c84cae"],"_specifications_table":["field_65044e1db92a8"],"_display_data_alarm":["field_667d647bcb066"],"_resources":["field_650849c6945ee"],"_accessories":["field_650849e6945f0"],"_faqs":["field_650859523d8d5"],"_calibration_suitable_ids_gb":["field_654b4c4acb54a"],"_calibration_suitable_ids_us":["field_654b4c56cb54b"],"_show_in_calibration_suitable":["field_654cfb691d345"],"_usd_price_4":["field_651570dcac479"],"_usd_price_9":["field_6515713eb4807"],"_usd_price_24":["field_65157141b4809"],"_usd_price_49":["field_65157140b4808"],"_usd_price_99":["field_6515715bb480a"],"_gbp_price_4":["field_6515716e83bfa"],"_gbp_price_9":["field_6515724783bfb"],"_gbp_price_24":["field_6515724b83bfc"],"_gbp_price_49":["field_6515725983bfd"],"_gbp_price_99":["field_6515725d83bfe"],"_usdhk_price_4":["field_6515726f83bff"],"_usdhk_price_9":["field_6515727c83c00"],"_usdhk_price_24":["field_6515728083c01"],"_usdhk_price_49":["field_6515728983c02"],"_usdhk_price_99":["field_6515728e83c03"],"stock_options":["In stock"],"_stock_options":["field_6544b605dc7f9"],"_top_nav_excluded":[""],"_cms_nav_minihome":[""],"wcml_sync_hash":["a:1:{s:15:\"postmeta_fields\";s:32:\"50e47a9b3bd86c331aed7db2edd01db3\";}"],"attr_label_translations":["a:0:{}"],"_product_image_gallery":["26436,26437"],"_thumbnail_id":["26435"],"_crosssell_ids":["a:0:{}"],"_stock":["8.000000"],"_last_translation_edit_mode":["translation-editor"],"calibration":[""],"_calibration":["field_66a0ddd599972"],"_shipping":["field_66852535c98a5"],"_refrigerant_cabinet":["field_66852557c98a6"],"_main_specifications":["field_66855b25b1245"],"_edit_lock":["1722263243:8383"],"classic-editor-remember":["classic-editor"],"rank_math_seo_score":["78"],"_edit_last":["8383"],"commercekit_gallery_layout":[""],"commercekit_disable_sticky_atc":["0"],"commercekit_wc_video_gallery":["a:0:{}"],"_rank_math_gtin_code":[""],"_wcml_average_rating":[null],"_wcml_review_count":[null],"_wcml_rating_count":[null],"_wc_average_rating":[0],"_wc_review_count":["0"],"_product_version":["9.1.2"],"display_data_alarm":[""],"calibration_suitable_ids_gb":[""],"calibration_suitable_ids_us":[""],"show_in_calibration_suitable":[""],"other_features":[""],"shipping":[""],"refrigerant_cabinet":[""],"main_specifications":[""],"shoptimizer_layout_pdp_short_description_position":["default"],"rank_math_primary_product_cat":["0"],"product_datasheet":["10480"],"brand_image":["10467"],"_wpml_media_duplicate":["1"],"_wpml_media_featured":["1"],"_product_attributes":["a:2:{s:16:\"pa_product-brand\";a:6:{s:4:\"name\";s:16:\"pa_product-brand\";s:5:\"value\";s:0:\"\";s:8:\"position\";i:0;s:10:\"is_visible\";i:1;s:12:\"is_variation\";i:0;s:11:\"is_taxonomy\";i:1;}s:19:\"pa_product-features\";a:6:{s:4:\"name\";s:19:\"pa_product-features\";s:5:\"value\";s:0:\"\";s:8:\"position\";i:1;s:10:\"is_visible\";i:1;s:12:\"is_variation\";i:0;s:11:\"is_taxonomy\";i:1;}}"],"_backorders":["no","no"],"_manage_stock":["no","no"],"min_temp":["-40"],"max_temp":["125"],"_min_temp":["field_67ea5eb4e0a77"],"_max_temp":["field_67ea5f81e0a79"],"_wpml_word_count":["214"],"_global_unique_id":["5056744400106"],"faqs":["[accordion]\n[accordion_header]Meine Ger\u00e4te kommunizieren nicht mit der PraxasCloud?[\/accordion_header]\n[accordion_section]\n\nDie Gr\u00fcnde, warum Ihr Ger\u00e4t nicht mit der Cloud kommunizieren kann, k\u00f6nnen sein:\n\nDas Signal zwischen dem Ger\u00e4t und dem Router ist schwach\nDer Akku Ihres Ger\u00e4ts ist fast leer.\nDie SSID oder das Passwort des Routers hat sich m\u00f6glicherweise ge\u00e4ndert\nDer Router wurde getrennt oder ausgeschaltet\nEin Hindernis wie eine Metall- oder Betonwand blockiert das Signal.\nDiese Gr\u00fcnde sollten bei der Ersteinrichtung Ihres Ger\u00e4ts ber\u00fccksichtigt werden, damit Sie bei der Kommunikation mit der Cloud den gr\u00f6\u00dften Erfolg haben.\n\n[\/accordion_section]\n[\/accordion]\n\n<span class=\"ui-provider ee bhc bhd bhe bhf bhg bhh bhi bhj bhk bhl bhm bhn bho bhp bhq bhr bhs bht bhu bhv bhw bhx bhy bhz bia bib bic bid bie bif big bih bii bij\" dir=\"ltr\">[accordion]\n[accordion_header]Wie funktioniert das PraxasCloud-Abonnement?[\/accordion_header]\n[accordion_section]Bitte besuchen Sie die Anmeldeseite, auf der Sie die Schieberegler bewegen k\u00f6nnen, um die verschiedenen Funktionen auszuw\u00e4hlen, die Sie ben\u00f6tigen. Sie k\u00f6nnen sich per Karte f\u00fcr eine automatische monatliche Abrechnung anmelden, oder Unternehmen k\u00f6nnen sich f\u00fcr l\u00e4ngerfristige Abonnements an ihr lokales Vertriebsb\u00fcro wenden. https:\/\/www.praxascloud.com\/accounttype.aspx\n [\/accordion_section]\n[\/accordion]<\/span>\n\n<a class=\"button button-orange\" href=\"\/support\/el-wifi-data-loggers\/\">Mehr Unterst\u00fctzung<\/a>"],"_other_features":["field_686fa2aa98dce"],"rank_math_title":["EL-WiFi-TP+ | WiFi-Thermistorf\u00fchler-Datenlogger | Praxas"],"rank_math_description":["Der EL-WiFi-TP+ ist ein hochpr\u00e4ziser WiFi-f\u00e4higer Temperatursensor, der eine Umgebung \u00fcber einen Messbereich von -40 bis 125\u00b0C fern\u00fcberwachen kann."],"rank_math_focus_keyword":["EL-WiFi-TP+"],"specifications_table":["<table class=\"specifications\">\n<tbody>\n<tr class=\"even-row\">\n<td class=\"left-td\">Messbereich (Sonde mitgeliefert)<\/td>\n<td>-40 bis 125\u00b0C (-40 bis 257\u00b0F)<\/td>\n<\/tr>\n<tr class=\"odd-row\">\n<td class=\"left-td\">Aufl\u00f6sung der Messung<\/td>\n<td>0,01\u00b0C (0,01\u00b0F)<\/td>\n<\/tr>\n<tr class=\"even-row\">\n<td class=\"left-td\">Messgenauigkeit (typisch)<\/td>\n<td>\u00b10,2\u00b0C (-15 bis +80\u00b0C) \u00b10,4\u00b0F (+5 bis +176\u00b0F)<\/td>\n<\/tr>\n<tr class=\"odd-row\">\n<td class=\"left-td\">Betriebstemperatur (Modul)<\/td>\n<td>-20 bis 60\u00b0C (-4 bis 140\u00b0F)<\/td>\n<\/tr>\n<tr class=\"even-row\">\n<td class=\"left-td\">Lesungen<\/td>\n<td>Unbegrenzt<\/td>\n<\/tr>\n<tr class=\"odd-row\">\n<td class=\"left-td\">Logging-Rate<\/td>\n<td>Vom Benutzer w\u00e4hlbar zwischen 10 Sekunden und 12 Stunden<\/td>\n<\/tr>\n<tr class=\"even-row\">\n<td class=\"left-td\">Lebensdauer der Batterie<\/td>\n<td>Wiederaufladbare Batterie \/ 6 Monate Batterielebensdauer \/ Option Netzbetrieb<\/td>\n<\/tr>\n<tr class=\"odd-row\">\n<td class=\"left-td\">L\u00e4nge des Sondenkabels<\/td>\n<td>3m (118.1\")<\/td>\n<\/tr>\n<\/tbody>\n<\/table>"],"resources":["<ul class=\"resources-list\">\n \t<li><img src=\"https:\/\/praxas.com\/wp-content\/uploads\/document-icon.png\" alt=\"Dokument-Symbol\"><a href=\"https:\/\/praxas.com\/wp-content\/uploads\/datasheet-el-wifi-tpplus_iss9_02-23.pdf\" target=\"_blank\" rel=\"noopener\">EL-WiFi-TP+ Datenblatt<\/a><\/li>\n \t<li><img src=\"https:\/\/praxas.com\/wp-content\/uploads\/software-icon.png\" alt=\"Software-Symbol\"><a href=\"https:\/\/praxas.com\/software\/easylog-software\/easylog-wifi\/\" target=\"_blank\" rel=\"noopener\">EasyLog WiFi Software<\/a><\/li>\n \t<li><img src=\"https:\/\/praxas.com\/wp-content\/uploads\/software-icon.png\" alt=\"Software-Symbol\"><a href=\"https:\/\/praxas.com\/en\/easylog-cloud\/\" target=\"_blank\" rel=\"noopener\">EasyLog Wolke<\/a><\/li>\n \t<li><img src=\"https:\/\/praxas.com\/wp-content\/uploads\/document-icon.png\" alt=\"Dokument-Symbol\">\n<a href=\"https:\/\/praxas.com\/wp-content\/uploads\/el_wifi_qsg_iss4_11-18_pages.pdf\" target=\"_blank\" rel=\"noopener\">EL-WiFi Schnellstartanleitung<\/a><\/li>\n \t<li><img src=\"https:\/\/praxas.com\/wp-content\/uploads\/document-icon.png\" alt=\"Dokument-Symbol\">\n<a href=\"https:\/\/praxas.com\/wp-content\/uploads\/help-guide-3-network-requirements-and-settings-12-09-2022_issue-6.pdf\" target=\"_blank\" rel=\"noopener\">Netzwerkanforderungen und -einstellungen<\/a><\/li>\n \t<li><img src=\"https:\/\/praxas.com\/wp-content\/uploads\/video-icon-orange.png\" alt=\"Video-Symbol\">\n<a href=\"https:\/\/www.youtube.com\/playlist?list=PL_yZedoZ_7MpemnH-a3NswL9-NgUz3DVe\" target=\"_blank\" rel=\"noopener\">Tutorial-Videos<\/a><\/li>\n \t<li><img src=\"https:\/\/praxas.com\/wp-content\/uploads\/document-icon.png\" alt=\"Dokument-Symbol\"><a href=\"https:\/\/praxas.com\/wp-content\/uploads\/conformity_certificate_wifi_range_with_coo-issu8.pdf\" target=\"_blank\" rel=\"noopener\">EL-WiFi-TP+ Konformit\u00e4tserkl\u00e4rung<\/a><\/li>\n \t<li><img src=\"https:\/\/praxas.com\/wp-content\/uploads\/document-icon.png\" alt=\"Dokument-Symbol\"><a href=\"https:\/\/praxas.com\/wp-content\/uploads\/bs-en-12830-record-of-compliance-issue-1.pdf\" target=\"_blank\" rel=\"noopener\">BS EN 12830:2018 Nachweis der Einhaltung<\/a><\/li>\n<\/ul>\n<a class=\"button button-secondary\" href=\"https:\/\/praxas.com\/support\/\">Mehr Unterst\u00fctzung<\/a>"],"accessories":["[products skus=\"EL-P-TP+,PSU USB-UK,PSU USB-EU,EL-WiFi Wall Bracket,EL-PROBE-EXTENDER-3M,EL-PROBE-EXTENDER-5M,EL-PROBE-EXTENDER-10M,EL-PROBE-EXTENDER-1.5M,Fridge Install Kit-TP\"]"],"usd_price_4":["0.00"],"usd_price_9":["0.00"],"usd_price_24":["0.00"],"usd_price_49":["0.00"],"usd_price_99":["0.00"],"gbp_price_4":["0.00"],"gbp_price_9":["0.00"],"gbp_price_24":["130.49"],"gbp_price_49":["0.00"],"gbp_price_99":["115.99"],"usdhk_price_4":["0.00"],"usdhk_price_9":["0.00"],"usdhk_price_24":["175.49"],"usdhk_price_49":["0.00"],"usdhk_price_99":["155.99"],"_uag_page_assets":["a:9:{s:3:\"css\";s:0:\"\";s:2:\"js\";s:0:\"\";s:18:\"current_block_list\";a:0:{}s:8:\"uag_flag\";b:0;s:11:\"uag_version\";s:10:\"1775212209\";s:6:\"gfonts\";a:0:{}s:10:\"gfonts_url\";s:0:\"\";s:12:\"gfonts_files\";a:0:{}s:14:\"uag_faq_layout\";b:0;}"],"_regular_price":["186.4","186.4"],"_price":["186.4","186.4"],"_max_variation_price":[""],"_max_variation_regular_price":[""],"_max_variation_sale_price":[""],"_min_variation_price":[""],"_min_variation_regular_price":[""],"_min_variation_sale_price":[""],"_sale_price":[""],"_wc_pb_base_regular_price":[""],"_wc_pb_base_sale_price":[""],"_wc_pb_base_price":[""],"_wc_sw_max_price":[""],"_wc_sw_max_regular_price":[""],"_wc_rating_count":[""]},"uagb_featured_image_src":{"full":["https:\/\/praxas.com\/wp-content\/uploads\/easylog-data-logger-EL-WiFi-TP_straight.png",800,462,false],"thumbnail":["https:\/\/praxas.com\/wp-content\/uploads\/easylog-data-logger-EL-WiFi-TP_straight-150x150.png",150,150,true],"medium":["https:\/\/praxas.com\/wp-content\/uploads\/easylog-data-logger-EL-WiFi-TP_straight-300x173.png",300,173,true],"medium_large":["https:\/\/praxas.com\/wp-content\/uploads\/easylog-data-logger-EL-WiFi-TP_straight-768x444.png",768,444,true],"large":["https:\/\/praxas.com\/wp-content\/uploads\/easylog-data-logger-EL-WiFi-TP_straight.png",800,462,false],"1536x1536":["https:\/\/praxas.com\/wp-content\/uploads\/easylog-data-logger-EL-WiFi-TP_straight.png",800,462,false],"2048x2048":["https:\/\/praxas.com\/wp-content\/uploads\/easylog-data-logger-EL-WiFi-TP_straight.png",800,462,false],"crunchify-admin-post-featured-image":["https:\/\/praxas.com\/wp-content\/uploads\/easylog-data-logger-EL-WiFi-TP_straight-120x69.png",120,69,true],"commercegurus-pdp-large":["https:\/\/praxas.com\/wp-content\/uploads\/easylog-data-logger-EL-WiFi-TP_straight.png",800,462,false],"commercegurus-plp-mobile":["https:\/\/praxas.com\/wp-content\/uploads\/easylog-data-logger-EL-WiFi-TP_straight-441x255.png",441,255,true],"cgkit_image_swatch":["https:\/\/praxas.com\/wp-content\/uploads\/easylog-data-logger-EL-WiFi-TP_straight-100x100.png",100,100,true],"woocommerce_thumbnail":["https:\/\/praxas.com\/wp-content\/uploads\/easylog-data-logger-EL-WiFi-TP_straight-300x173.png",300,173,true],"woocommerce_single":["https:\/\/praxas.com\/wp-content\/uploads\/easylog-data-logger-EL-WiFi-TP_straight.png",800,462,false],"woocommerce_gallery_thumbnail":["https:\/\/praxas.com\/wp-content\/uploads\/easylog-data-logger-EL-WiFi-TP_straight-150x87.png",150,87,true]},"uagb_author_info":{"display_name":"AndyS","author_link":"https:\/\/praxas.com\/de\/author\/"},"uagb_comment_info":0,"uagb_excerpt":"WiFi Thermistorf\u00fchler Datenerfassung Sensor","_links":{"self":[{"href":"https:\/\/praxas.com\/de\/wp-json\/wp\/v2\/product\/26434","targetHints":{"allow":["GET"]}}],"collection":[{"href":"https:\/\/praxas.com\/de\/wp-json\/wp\/v2\/product"}],"about":[{"href":"https:\/\/praxas.com\/de\/wp-json\/wp\/v2\/types\/product"}],"wp:featuredmedia":[{"embeddable":true,"href":"https:\/\/praxas.com\/de\/wp-json\/wp\/v2\/media\/26435"}],"wp:attachment":[{"href":"https:\/\/praxas.com\/de\/wp-json\/wp\/v2\/media?parent=26434"}],"wp:term":[{"taxonomy":"product_brand","embeddable":true,"href":"https:\/\/praxas.com\/de\/wp-json\/wp\/v2\/product_brand?post=26434"},{"taxonomy":"product_cat","embeddable":true,"href":"https:\/\/praxas.com\/de\/wp-json\/wp\/v2\/product_cat?post=26434"},{"taxonomy":"product_tag","embeddable":true,"href":"https:\/\/praxas.com\/de\/wp-json\/wp\/v2\/product_tag?post=26434"}],"curies":[{"name":"wp","href":"https:\/\/api.w.org\/{rel}","templated":true}]}}