{"id":26560,"date":"2023-07-27T03:09:00","date_gmt":"2023-07-27T01:09:00","guid":{"rendered":"https:\/\/staging.praxas.com\/product\/unkategorisiert\/el-usb-3\/"},"modified":"2025-10-08T18:08:11","modified_gmt":"2025-10-08T16:08:11","slug":"el-usb-3","status":"publish","type":"product","link":"https:\/\/praxas.com\/de\/product\/datenlogger\/spannung-strom\/el-usb-3\/","title":{"rendered":"EL-USB-3"},"content":{"rendered":"<p>Dieser eigenst\u00e4ndige Datenlogger misst mehr als 32.000 Messwerte in einem Bereich von 0 bis 30 V Gleichstrom mit einer Aufl\u00f6sung von 50 mV Gleichstrom. Der Datenlogger wird mit einer 0 bis 30 V Gleichstromkappe geliefert, die \u00fcber ein Paar Schraubklemmen und Messleitungen mit Krokodilklemmen verf\u00fcgt. Sie k\u00f6nnen den Logger ganz einfach einrichten und die heruntergeladenen Daten anzeigen, indem Sie das Ger\u00e4t an den USB-Anschluss eines PCs anschlie\u00dfen und die kostenlose EasyLog-Software herunterladen. Die Daten k\u00f6nnen dann grafisch dargestellt, gedruckt und f\u00fcr eine detaillierte Analyse in andere Anwendungen exportiert werden. Geliefert mit \u00bd AA-Batterie und Wandmontageclip.<\/p>\n","protected":false},"excerpt":{"rendered":"<p>Spannungsdatenlogger mit USB<\/p>\n","protected":false},"featured_media":26561,"template":"","meta":{"_acf_changed":false,"content-type":"","_uag_custom_page_level_css":""},"product_brand":[],"product_cat":[1067],"product_tag":[2432,1016],"class_list":{"0":"post-26560","1":"product","2":"type-product","3":"status-publish","4":"has-post-thumbnail","6":"product_cat-spannung-strom","7":"product_tag-easylog","8":"product_tag-usb-de","10":"first","11":"instock","12":"taxable","13":"shipping-taxable","14":"purchasable","15":"product-type-simple"},"bundled_by":[],"bundle_stock_status":"instock","bundle_stock_quantity":15,"bundle_virtual":false,"bundle_layout":"","bundle_add_to_cart_form_location":"","bundle_editable_in_cart":false,"bundle_sold_individually_context":"","bundle_item_grouping":"","bundle_min_size":"","bundle_max_size":"","bundle_price":[],"bundled_items":[],"bundle_sell_ids":[],"acf":[],"spectra_custom_meta":{"_wcml_average_rating":[null],"_wcml_review_count":[null],"_wcml_rating_count":[null],"_backorders":["notify","notify"],"_download_limit":["-1","-1"],"_download_expiry":["-1","-1"],"_downloadable":["no","no"],"_manage_stock":["yes","yes"],"_sku":["EL-USB-3","EL-USB-3"],"_stock_status":["instock","instock","instock"],"_sold_individually":["no","no"],"_tax_class":["",""],"_tax_status":["taxable","taxable"],"_virtual":["no","no"],"_weight":["0.094"],"_width":["0"],"_height":["0"],"_length":["0"],"total_sales":["22","22"],"_product_datasheet":["field_650ad7d6ea3a0"],"_connectivity":["field_64dce263bb57c"],"brand":["EasyLog"],"_brand":["field_64ddf62ed2593"],"brand_image":["10467"],"_brand_image":["field_650c5e7c84cae"],"_specifications_table":["field_65044e1db92a8"],"_resources":["field_650849c6945ee"],"_accessories":["field_650849e6945f0"],"_faqs":["field_650859523d8d5"],"_calibration_suitable_ids_gb":["field_654b4c4acb54a"],"_calibration_suitable_ids_us":["field_654b4c56cb54b"],"_show_in_calibration_suitable":["field_654cfb691d345"],"_usd_price_4":["field_651570dcac479"],"_usd_price_9":["field_6515713eb4807"],"_usd_price_24":["field_65157141b4809"],"_usd_price_49":["field_65157140b4808"],"_usd_price_99":["field_6515715bb480a"],"_gbp_price_4":["field_6515716e83bfa"],"_gbp_price_9":["field_6515724783bfb"],"_gbp_price_24":["field_6515724b83bfc"],"_gbp_price_49":["field_6515725983bfd"],"_gbp_price_99":["field_6515725d83bfe"],"_usdhk_price_4":["field_6515726f83bff"],"_usdhk_price_9":["field_6515727c83c00"],"_usdhk_price_24":["field_6515728083c01"],"_usdhk_price_49":["field_6515728983c02"],"_usdhk_price_99":["field_6515728e83c03"],"stock_options":["In stock"],"_stock_options":["field_6544b605dc7f9"],"_top_nav_excluded":[""],"_cms_nav_minihome":[""],"wcml_sync_hash":["a:1:{s:15:\"postmeta_fields\";s:32:\"bfaa22a9b0d5f0de7313c7efef2a3aad\";}"],"attr_label_translations":["a:0:{}"],"_product_attributes":["a:1:{s:16:\"pa_product-brand\";a:6:{s:4:\"name\";s:16:\"pa_product-brand\";s:5:\"value\";s:0:\"\";s:8:\"position\";i:0;s:10:\"is_visible\";i:1;s:12:\"is_variation\";i:0;s:11:\"is_taxonomy\";i:1;}}"],"_product_image_gallery":["26562,26563,26564"],"_thumbnail_id":["26561"],"_crosssell_ids":["a:0:{}"],"_stock":["15","15"],"_last_translation_edit_mode":["translation-editor"],"product_datasheet":[""],"connectivity":["USB"],"_display_data_alarm":["field_667d647bcb066"],"_calibration":["field_66a0ddd599972"],"_other_features":["field_668524f8c98a4"],"_shipping":["field_66852535c98a5"],"_refrigerant_cabinet":["field_66852557c98a6"],"_main_specifications":["field_66855b25b1245"],"rank_math_primary_product_cat":["0"],"_wpml_word_count":["123"],"_global_unique_id":["5056744400939"],"rank_math_title":["EL-USB-3 | Spannungs USB Datenlogger | Praxas"],"rank_math_description":["Der EasyLog EL-USB-3 Spannungsdatenlogger von Lascar Electronics misst mehr als 32.000 Messwerte in einem Bereich von 0 bis 30 V d.c. mit einer Aufl\u00f6sung von 50 mV d.c."],"rank_math_focus_keyword":["EL-USB-3"],"specifications_table":["<table class=\"specifications\">\n<tbody>\n<tr class=\"even-row\">\n<td class=\"left-td\">Messbereich<\/td>\n<td>0 bis 30V d.c.<\/td>\n<\/tr>\n<tr class=\"odd-row\">\n<td class=\"left-td\">Genauigkeit<\/td>\n<td>\u00b11%<\/td>\n<\/tr>\n<tr class=\"even-row\">\n<td class=\"left-td\">Lesungen<\/td>\n<td>32,510<\/td>\n<\/tr>\n<tr class=\"odd-row\">\n<td class=\"left-td\">Logging-Rate<\/td>\n<td>Vom Benutzer w\u00e4hlbar zwischen 1 Sekunde und 12 Stunden<\/td>\n<\/tr>\n<tr class=\"even-row\">\n<td class=\"left-td\">Lebensdauer der Batterie<\/td>\n<td>3 Jahre<\/td>\n<\/tr>\n<\/tbody>\n<\/table>"],"resources":["<ul class=\"resources-list\">\n \t<li><img src=\"https:\/\/praxas.com\/wp-content\/uploads\/document-icon.png\" alt=\"Dokument-Symbol\"><a href=\"https:\/\/praxas.com\/wp-content\/uploads\/package-easylog-data-logger-el-usb-3-iss18_02-21.pdf\" target=\"_blank\" rel=\"noopener\">EL-USB-3 Datenblatt<\/a><\/li>\n \t<li><img src=\"https:\/\/praxas.com\/wp-content\/uploads\/software-icon.png\" alt=\"Software-Symbol\"><a href=\"https:\/\/praxas.com\/software\/easylog-software\/easylog-usb\/\" target=\"_blank\" rel=\"noopener\">EasyLog USB Software<\/a><\/li>\n \t<li><img src=\"https:\/\/praxas.com\/wp-content\/uploads\/document-icon.png\" alt=\"Dokument-Symbol\"><a href=\"https:\/\/praxas.com\/wp-content\/uploads\/easylog-usb_quick-start-guide_iss12_singlepage-05_2018.pdf\" target=\"_blank\" rel=\"noopener\">EasyLog USB Schnellstartanleitung<\/a><\/li>\n \t<li><img src=\"https:\/\/praxas.com\/wp-content\/uploads\/video-icon-orange.png\" alt=\"Video-Symbol\"><a href=\"https:\/\/www.youtube.com\/playlist?list=PL_yZedoZ_7MqFFU3keWRD0tO46uMTbvcL\" target=\"_blank\" rel=\"noopener\">Tutorial-Videos<\/a><\/li>\n \t<li><img src=\"https:\/\/praxas.com\/wp-content\/uploads\/document-icon.png\" alt=\"Dokument-Symbol\"><a href=\"https:\/\/praxas.com\/wp-content\/uploads\/Declaration-of-Conformity_EasyLog_iss26.pdf\" target=\"_blank\" rel=\"noopener\">EL-USB-3 Konformit\u00e4tserkl\u00e4rung<\/a><\/li>\n<\/ul>\n<a class=\"button button-secondary\" href=\"https:\/\/praxas.com\/support\/\">Mehr Unterst\u00fctzung<\/a>"],"accessories":["[products skus=\"BAT 3V6 1\/2AA,USB-CAP-30V\"]"],"faqs":["[accordion]\n[accordion_header]Warum funktionieren meine Batterien nicht?[\/accordion_header]\n[accordion_section]Wenn Lithium-Metall-Batterien, einschlie\u00dflich der in den Datenloggern der EasyLog-Reihe verwendeten, l\u00e4ngere Zeit unbenutzt bleiben, bilden sie auf nat\u00fcrliche Weise eine nicht leitende innere Schicht - eine Passivierungsschicht -, die ihre Selbstentladung verhindert und ihre Haltbarkeit effektiv verl\u00e4ngert. Bei der erstmaligen Installation im Datenlogger kann es zu einem kurzzeitigen Abfall der Batteriespannung (der transienten Mindestspannung) kommen, wenn die interne Schicht abgebaut wird, was zu einem Reset des Datenloggers f\u00fchrt. Wenn Sie die Batterien in den Datenlogger einlegen und ihn f\u00fcr etwa 30 Sekunden an einen PC anschlie\u00dfen, wird diese Schicht entfernt. Nehmen Sie danach die Batterien heraus und setzen Sie sie wieder ein, um den Datenlogger zur\u00fcckzusetzen. Die allgemeine Akkulaufzeit wird nicht beeintr\u00e4chtigt.[\/accordion_section]\n[\/accordion]\n\n<a class=\"button button-orange\" href=\"\/support\/el-usb-data-loggers\/\">Mehr Unterst\u00fctzung<\/a>"],"usd_price_4":["0.00"],"usd_price_9":["0.00"],"usd_price_24":["0.00"],"usd_price_49":["0.00"],"usd_price_99":["0.00"],"gbp_price_4":["0.00"],"gbp_price_9":["0.00"],"gbp_price_24":["49.49"],"gbp_price_49":["0.00"],"gbp_price_99":["43.99"],"usdhk_price_4":["0.00"],"usdhk_price_9":["0.00"],"usdhk_price_24":["67.49"],"usdhk_price_49":["0.00"],"usdhk_price_99":["59.99"],"_uag_page_assets":["a:9:{s:3:\"css\";s:0:\"\";s:2:\"js\";s:0:\"\";s:18:\"current_block_list\";a:0:{}s:8:\"uag_flag\";b:0;s:11:\"uag_version\";s:10:\"1775212209\";s:6:\"gfonts\";a:0:{}s:10:\"gfonts_url\";s:0:\"\";s:12:\"gfonts_files\";a:0:{}s:14:\"uag_faq_layout\";b:0;}"],"_regular_price":["71.85","71.85"],"_price":["71.85","71.85"],"_max_variation_price":[""],"_max_variation_regular_price":[""],"_max_variation_sale_price":[""],"_min_variation_price":[""],"_min_variation_regular_price":[""],"_min_variation_sale_price":[""],"_sale_price":[""],"_wc_pb_base_regular_price":[""],"_wc_pb_base_sale_price":[""],"_wc_pb_base_price":[""],"_wc_sw_max_price":[""],"_wc_sw_max_regular_price":[""],"_wc_rating_count":[""],"_wc_review_count":[""],"_wc_average_rating":[0]},"uagb_featured_image_src":{"full":["https:\/\/praxas.com\/wp-content\/uploads\/easylog-data-logger-EL-USB-3-Straight.png",800,463,false],"thumbnail":["https:\/\/praxas.com\/wp-content\/uploads\/easylog-data-logger-EL-USB-3-Straight-150x150.png",150,150,true],"medium":["https:\/\/praxas.com\/wp-content\/uploads\/easylog-data-logger-EL-USB-3-Straight-300x174.png",300,174,true],"medium_large":["https:\/\/praxas.com\/wp-content\/uploads\/easylog-data-logger-EL-USB-3-Straight-768x444.png",768,444,true],"large":["https:\/\/praxas.com\/wp-content\/uploads\/easylog-data-logger-EL-USB-3-Straight.png",800,463,false],"1536x1536":["https:\/\/praxas.com\/wp-content\/uploads\/easylog-data-logger-EL-USB-3-Straight.png",800,463,false],"2048x2048":["https:\/\/praxas.com\/wp-content\/uploads\/easylog-data-logger-EL-USB-3-Straight.png",800,463,false],"crunchify-admin-post-featured-image":["https:\/\/praxas.com\/wp-content\/uploads\/easylog-data-logger-EL-USB-3-Straight-120x69.png",120,69,true],"commercegurus-pdp-large":["https:\/\/praxas.com\/wp-content\/uploads\/easylog-data-logger-EL-USB-3-Straight.png",800,463,false],"commercegurus-plp-mobile":["https:\/\/praxas.com\/wp-content\/uploads\/easylog-data-logger-EL-USB-3-Straight-441x255.png",441,255,true],"cgkit_image_swatch":["https:\/\/praxas.com\/wp-content\/uploads\/easylog-data-logger-EL-USB-3-Straight-100x100.png",100,100,true],"woocommerce_thumbnail":["https:\/\/praxas.com\/wp-content\/uploads\/easylog-data-logger-EL-USB-3-Straight-300x174.png",300,174,true],"woocommerce_single":["https:\/\/praxas.com\/wp-content\/uploads\/easylog-data-logger-EL-USB-3-Straight.png",800,463,false],"woocommerce_gallery_thumbnail":["https:\/\/praxas.com\/wp-content\/uploads\/easylog-data-logger-EL-USB-3-Straight-150x87.png",150,87,true]},"uagb_author_info":{"display_name":"AndyS","author_link":"https:\/\/praxas.com\/de\/author\/"},"uagb_comment_info":0,"uagb_excerpt":"Spannungsdatenlogger mit USB","_links":{"self":[{"href":"https:\/\/praxas.com\/de\/wp-json\/wp\/v2\/product\/26560","targetHints":{"allow":["GET"]}}],"collection":[{"href":"https:\/\/praxas.com\/de\/wp-json\/wp\/v2\/product"}],"about":[{"href":"https:\/\/praxas.com\/de\/wp-json\/wp\/v2\/types\/product"}],"wp:featuredmedia":[{"embeddable":true,"href":"https:\/\/praxas.com\/de\/wp-json\/wp\/v2\/media\/26561"}],"wp:attachment":[{"href":"https:\/\/praxas.com\/de\/wp-json\/wp\/v2\/media?parent=26560"}],"wp:term":[{"taxonomy":"product_brand","embeddable":true,"href":"https:\/\/praxas.com\/de\/wp-json\/wp\/v2\/product_brand?post=26560"},{"taxonomy":"product_cat","embeddable":true,"href":"https:\/\/praxas.com\/de\/wp-json\/wp\/v2\/product_cat?post=26560"},{"taxonomy":"product_tag","embeddable":true,"href":"https:\/\/praxas.com\/de\/wp-json\/wp\/v2\/product_tag?post=26560"}],"curies":[{"name":"wp","href":"https:\/\/api.w.org\/{rel}","templated":true}]}}