{"id":26587,"date":"2023-07-27T03:29:00","date_gmt":"2023-07-27T01:29:00","guid":{"rendered":"https:\/\/staging.praxas.com\/product\/unkategorisiert\/el-sie-6\/"},"modified":"2025-10-14T16:20:41","modified_gmt":"2025-10-14T14:20:41","slug":"el-sie-6","status":"publish","type":"product","link":"https:\/\/praxas.com\/de\/product\/datenlogger\/druck\/el-sie-6\/","title":{"rendered":"EL-SIE-6+"},"content":{"rendered":"<p>\u00dcberwachen Sie die Umgebung, in der Sie leben und arbeiten, mit dem EasyLog EL-SIE-6+. Die fortschrittliche Onboard-Software bedeutet, dass Sie nichts auf Ihrem PC oder Mac installieren m\u00fcssen. Schlie\u00dfen Sie den Logger einfach mit einem USB-Kabel an und verwenden Sie Ihren Webbrowser, um das Ger\u00e4t zu konfigurieren und Ihre Daten anzuzeigen, zu analysieren und herunterzuladen. Es k\u00f6nnte wirklich nicht einfacher sein.<\/p>\n<p>Das helle und klare Display zeigt die aktuellen Messwerte und den Ger\u00e4testatus auf einen Blick an, und das Produkt wird mit einer Halterung f\u00fcr die sichere Wandmontage geliefert. Das EL-SIE-6+ wird mit handels\u00fcblichen AAA-Batterien betrieben. Die typische Lebensdauer der Batterien betr\u00e4gt \u00fcber 1 Jahr.<\/p>\n<p>Die Version EL-SIE-6+ misst Temperatur, Feuchtigkeit und Druck. Es sind jedoch auch andere Modelle erh\u00e4ltlich, die nur die Temperatur oder die Temperatur und die Luftfeuchtigkeit messen. Standard- und hochgenaue Versionen sind ebenfalls erh\u00e4ltlich. Zu den wichtigsten M\u00e4rkten geh\u00f6ren Anlagen- und Geb\u00e4udemanagement, Logistik, Lagerh\u00e4user und Lagerhaltung sowie Reinr\u00e4ume und andere druckempfindliche Umgebungen.<\/p>\n<p>Die aufgezeichneten Daten k\u00f6nnen auf Ihren Computer heruntergeladen oder auf ein EasyLog Cloud-Konto hochgeladen werden, um sie sicher zu speichern und zu analysieren.<\/p>\n","protected":false},"excerpt":{"rendered":"<p>Datenlogger f\u00fcr Druck, Temperatur und Luftfeuchtigkeit mit Display<\/p>\n","protected":false},"featured_media":26588,"template":"","meta":{"_acf_changed":false,"content-type":"","_uag_custom_page_level_css":""},"product_brand":[],"product_cat":[1068],"product_tag":[1003,2432,1013,992,1016],"class_list":{"0":"post-26587","1":"product","2":"type-product","3":"status-publish","4":"has-post-thumbnail","6":"product_cat-druck","7":"product_tag-anzeige","8":"product_tag-easylog","9":"product_tag-easylog-cloud-de","10":"product_tag-interner-sensor","11":"product_tag-usb-de","13":"first","14":"instock","15":"taxable","16":"shipping-taxable","17":"purchasable","18":"product-type-simple"},"bundled_by":[],"bundle_stock_status":"instock","bundle_stock_quantity":10,"bundle_virtual":false,"bundle_layout":"","bundle_add_to_cart_form_location":"","bundle_editable_in_cart":false,"bundle_sold_individually_context":"","bundle_item_grouping":"","bundle_min_size":"","bundle_max_size":"","bundle_price":[],"bundled_items":[],"bundle_sell_ids":[],"acf":[],"spectra_custom_meta":{"_wcml_average_rating":[null],"_wcml_review_count":[null],"_wcml_rating_count":[null],"_download_limit":["-1","-1"],"_download_expiry":["-1","-1"],"_downloadable":["no","no"],"_sku":["EL-SIE-6+","EL-SIE-6+"],"_stock_status":["instock","instock","instock","instock","instock"],"_sold_individually":["no","no"],"_tax_class":["",""],"_tax_status":["taxable","taxable"],"_virtual":["no","no"],"_weight":["0"],"_width":["0"],"_height":["0"],"_length":["0"],"total_sales":["14","14"],"_product_datasheet":["field_650ad7d6ea3a0"],"_connectivity":["field_64dce263bb57c"],"brand":["EasyLog"],"_brand":["field_64ddf62ed2593"],"brand_image":["10467"],"_brand_image":["field_650c5e7c84cae"],"_specifications_table":["field_65044e1db92a8"],"_resources":["field_650849c6945ee"],"_accessories":["field_650849e6945f0"],"_faqs":["field_650859523d8d5"],"_calibration_suitable_ids_gb":["field_654b4c4acb54a"],"_calibration_suitable_ids_us":["field_654b4c56cb54b"],"_show_in_calibration_suitable":["field_654cfb691d345"],"_usd_price_4":["field_651570dcac479"],"_usd_price_9":["field_6515713eb4807"],"_usd_price_24":["field_65157141b4809"],"_usd_price_49":["field_65157140b4808"],"_usd_price_99":["field_6515715bb480a"],"_gbp_price_4":["field_6515716e83bfa"],"_gbp_price_9":["field_6515724783bfb"],"_gbp_price_24":["field_6515724b83bfc"],"_gbp_price_49":["field_6515725983bfd"],"_gbp_price_99":["field_6515725d83bfe"],"_usdhk_price_4":["field_6515726f83bff"],"_usdhk_price_9":["field_6515727c83c00"],"_usdhk_price_24":["field_6515728083c01"],"_usdhk_price_49":["field_6515728983c02"],"_usdhk_price_99":["field_6515728e83c03"],"stock_options":["In stock"],"_stock_options":["field_6544b605dc7f9"],"_top_nav_excluded":[""],"_cms_nav_minihome":[""],"wcml_sync_hash":["a:1:{s:15:\"postmeta_fields\";s:32:\"079b77114cf8824acbbd9bdd2841ae39\";}"],"attr_label_translations":["a:0:{}"],"_product_attributes":["a:2:{s:16:\"pa_product-brand\";a:6:{s:4:\"name\";s:16:\"pa_product-brand\";s:5:\"value\";s:0:\"\";s:8:\"position\";i:0;s:10:\"is_visible\";i:1;s:12:\"is_variation\";i:0;s:11:\"is_taxonomy\";i:1;}s:19:\"pa_product-features\";a:6:{s:4:\"name\";s:19:\"pa_product-features\";s:5:\"value\";s:0:\"\";s:8:\"position\";i:1;s:10:\"is_visible\";i:1;s:12:\"is_variation\";i:0;s:11:\"is_taxonomy\";i:1;}}"],"_product_image_gallery":["26033,26034"],"_thumbnail_id":["26588"],"_crosssell_ids":["a:0:{}"],"_stock":["10.000000"],"_last_translation_edit_mode":["translation-editor"],"calibration":["Die Kalibrierungspr\u00fcfung unserer Produkte gew\u00e4hrleistet die kontinuierliche Genauigkeit Ihres EasyLog-Datenloggers. Dies ist f\u00fcr alle Anwender von Bedeutung, aber besonders wichtig f\u00fcr medizinische, lebensmitteltechnische und wissenschaftliche Anwendungen und dort, wo die Einhaltung von Audits nachgewiesen werden muss. Wir bieten eine Reihe von Standardkalibrierungsoptionen an, die f\u00fcr g\u00e4ngige Anwendungen wie die \u00dcberwachung von K\u00fchlschr\u00e4nken, K\u00fchlgut und Gefrierschr\u00e4nken geeignet sind, k\u00f6nnen aber auch kundenspezifische Kalibrierungen an allen von Ihnen ben\u00f6tigten Messpunkten vornehmen. Bitte kontaktieren Sie unser Verkaufsteam f\u00fcr weitere Informationen.\n\nVerf\u00fcgbare Kalibrierungsoptionen f\u00fcr das EL-SIE-6+:\n\n[country code=\"GB\"][products ids=\"7306\"][\/country][country code=\"US\"][products ids=\"7271,7273,7276\"][\/country][country code=\"HK\"][products ids=\"7270\"][\/country]"],"product_datasheet":[""],"connectivity":["USB"],"_display_data_alarm":["field_667d647bcb066"],"_calibration":["field_66a0ddd599972"],"_shipping":["field_66852535c98a5"],"_refrigerant_cabinet":["field_66852557c98a6"],"_main_specifications":["field_66855b25b1245"],"_backorders":["no","no"],"_manage_stock":["no","no"],"min_temp":["-18"],"max_temp":["55"],"_min_temp":["field_67ea5eb4e0a77"],"_max_temp":["field_67ea5f81e0a79"],"_wpml_word_count":["241"],"rank_math_primary_product_cat":["0"],"_global_unique_id":["5056744400809"],"_other_features":["field_686fa2aa98dce"],"rank_math_title":["EL-SIE-6+ | Datenlogger f\u00fcr Druck, Temperatur und Luftfeuchtigkeit"],"rank_math_description":["Entdecken Sie den EasyLogEL-SIE-6+ Datenlogger f\u00fcr Temperatur, Luftfeuchtigkeit und Druck von Lascar Electronics. Dieses Ger\u00e4t ist perfekt f\u00fcr die Umwelt\u00fcberwachung geeignet."],"rank_math_focus_keyword":["EL-SIE-6+"],"specifications_table":["<table class=\"specifications\">\n<tbody>\n<tr class=\"even-row\">\n<td class=\"left-td\">Messbereich (T)<\/td>\n<td>-18 bis +55\u00b0C (-0,4 bis +131\u00b0F)<\/td>\n<\/tr>\n<tr class=\"odd-row\">\n<td class=\"left-td\">Aufl\u00f6sung (T)<\/td>\n<td>0.01\u00b0<\/td>\n<\/tr>\n<tr class=\"even-row\">\n<td class=\"left-td\">Genauigkeit (T)<\/td>\n<td>\u00b10.2\u00b0C (\u00b10.36\u00b0F)<\/td>\n<\/tr>\n<tr class=\"odd-row\">\n<td class=\"left-td\">Messbereich (RH)<\/td>\n<td>0 bis 100%RH<\/td>\n<\/tr>\n<tr class=\"even-row\">\n<td class=\"left-td\">Aufl\u00f6sung (RH)<\/td>\n<td>0.1%<\/td>\n<\/tr>\n<tr class=\"odd-row\">\n<td class=\"left-td\">Genauigkeit (RH)<\/td>\n<td>\u00b11,5% typisch (0 bis 80%RH)<\/td>\n<\/tr>\n<tr class=\"even-row\">\n<td class=\"left-td\">Messbereich (P)<\/td>\n<td>300 bis 1200mbar<\/td>\n<\/tr>\n<tr class=\"odd-row\">\n<td class=\"left-td\">Aufl\u00f6sung (P) Daten<\/td>\n<td>0,01mbar<\/td>\n<\/tr>\n<tr class=\"even-row\">\n<td class=\"left-td\">Aufl\u00f6sung (P) Anzeige<\/td>\n<td>0,1mbar<\/td>\n<\/tr>\n<tr class=\"odd-row\">\n<td class=\"left-td\">Genauigkeit (P)<\/td>\n<td>\u00b11mbar<\/td>\n<\/tr>\n<tr class=\"even-row\">\n<td class=\"left-td\">Protokollierungsrate<\/td>\n<td>10 Sekunden bis 24 Stunden, vom Benutzer w\u00e4hlbar<\/td>\n<\/tr>\n<tr class=\"odd-row\">\n<td class=\"left-td\">Start-Modi<\/td>\n<td>Sofort, Push-to-Start, verz\u00f6gerter Start, parametergesteuert<\/td>\n<\/tr>\n<tr class=\"even-row\">\n<td class=\"left-td\">Speicherkapazit\u00e4t<\/td>\n<td>1.000.000 Messwerte insgesamt, >500.000 Messwerte pro Kanal<\/td>\n<\/tr>\n<tr class=\"odd-row\">\n<td class=\"left-td\">Signalgeber<\/td>\n<td>Integrierter Alarmtongeber<\/td>\n<\/tr>\n<tr class=\"even-row\">\n<td class=\"left-td\">Stromquelle<\/td>\n<td>2 x AAA 1,5V Batterie<\/td>\n<\/tr>\n<tr class=\"odd-row\">\n<td class=\"left-td\">Lebensdauer der Batterie<\/td>\n<td>>1 Jahr (bei 25\u00b0C mit einer Aufzeichnungsrate von 10 Minuten)<\/td>\n<\/tr>\n<tr class=\"even-row\">\n<td class=\"left-td\">Abmessungen<\/td>\n<td>93 x 42 x 17 mm (ohne Halterung)<\/td>\n<\/tr>\n<tr class=\"odd-row\">\n<td class=\"left-td\">Betriebstemperaturbereich<\/td>\n<td>-18 bis +55\u00b0C (-0,4 bis +131\u00b0F)<\/td>\n<\/tr>\n<tr class=\"even-row\">\n<td class=\"left-td\">Umwelt Bewertung<\/td>\n<td>IP2X<\/td>\n<\/tr>\n<\/tbody>\n<\/table>"],"resources":["<ul class=\"resources-list\">\n \t<li><img src=\"https:\/\/praxas.com\/wp-content\/uploads\/document-icon.png\" alt=\"Dokument-Symbol\">EL-SIE-6+ Datenblatt<\/li>\n \t<li><a href=\"https:\/\/praxas.com\/wp-content\/uploads\/easylog-data-logger-el-sie-6-iss4_11-22.pdf\" target=\"_blank\" rel=\"noopener\">Englisch<\/a><\/li>\n \t<li><a href=\"https:\/\/praxas.com\/wp-content\/uploads\/el-sie-6plus-iss4_11-22-french.pdf\" target=\"_blank\" rel=\"noopener\">Franz\u00f6sisch<\/a><\/li>\n \t<li><a href=\"https:\/\/praxas.com\/wp-content\/uploads\/el-sie-6plus-iss4_11-22-german.pdf\" target=\"_blank\" rel=\"noopener\">Deutsch<\/a><\/li>\n \t<li><a href=\"https:\/\/praxas.com\/wp-content\/uploads\/el-sie-6plus-iss4_11-22-italian.pdf\" target=\"_blank\" rel=\"noopener\">Italienisch<\/a><\/li>\n \t<li><a href=\"https:\/\/praxas.com\/wp-content\/uploads\/easylog-data-logger-el-sie-6-iss4_11-22-1-1.pdf\" target=\"_blank\" rel=\"noopener\">Spanisch<\/a><\/li>\n \t<li><img src=\"https:\/\/praxas.com\/wp-content\/uploads\/document-icon.png\" alt=\"Dokument-Symbol\">EL-SIE-6+ Schnellstart-Anleitung<\/li>\n \t<li><a href=\"https:\/\/praxas.com\/wp-content\/uploads\/el-sie-qsg-11_2019-pths-for-webpdf-1-1.pdf\" target=\"_blank\" rel=\"noopener\">Englisch<\/a><\/li>\n \t<li><a href=\"https:\/\/praxas.com\/wp-content\/uploads\/el-sie-qsg-11_2019-french-1.pdf\" target=\"_blank\" rel=\"noopener\">Franz\u00f6sisch<\/a><\/li>\n \t<li><a href=\"https:\/\/praxas.com\/wp-content\/uploads\/el-sie-qsg-11_2019-german-1.pdf\" target=\"_blank\" rel=\"noopener\">Deutsch<\/a><\/li>\n \t<li><a href=\"https:\/\/praxas.com\/wp-content\/uploads\/el-sie-qsg-11_2019-italian-1.pdf\" target=\"_blank\" rel=\"noopener\">Italienisch<\/a><\/li>\n \t<li><a href=\"https:\/\/praxas.com\/wp-content\/uploads\/el-sie-qsg-11_2019-spanish-1.pdf\" target=\"_blank\" rel=\"noopener\">Spanisch<\/a><\/li>\n \t<li><img src=\"https:\/\/praxas.com\/wp-content\/uploads\/video-icon-orange.png\" alt=\"Video-Symbol\"><a href=\"https:\/\/www.youtube.com\/playlist?list=PL_yZedoZ_7MrFJR7JPSQPoTegZBsG4ROO\" target=\"_blank\" rel=\"noopener\">EL-SIE Lehrvideos<\/a><\/li>\n \t<li><img src=\"https:\/\/praxas.com\/wp-content\/uploads\/document-icon.png\" alt=\"Dokument-Symbol\"><a href=\"https:\/\/praxas.com\/wp-content\/uploads\/Declaration-of-Conformity_EasyLog_iss26.pdf\" target=\"_blank\" rel=\"noopener\">EL-SIE Konformit\u00e4tserkl\u00e4rung<\/a><\/li>\n \t<li><img src=\"https:\/\/praxas.com\/wp-content\/uploads\/document-icon.png\" alt=\"Dokument-Symbol\"><a href=\"https:\/\/praxas.com\/wp-content\/uploads\/declaration-of-conformity_easylog_useonaircraft_iss2-1-1.pdf\" target=\"_blank\" rel=\"noopener\">Erkl\u00e4rung zur Verwendung in Flugzeugen<\/a><\/li>\n<\/ul>"],"accessories":["[products skus=\"BAT 1V5 AAA,CABLE USB C 0.5M\"]"],"show_in_calibration_suitable":["1"],"usd_price_4":["0.00"],"usd_price_9":["0.00"],"usd_price_24":["0.00"],"usd_price_49":["0.00"],"usd_price_99":["0.00"],"gbp_price_4":["0.00"],"gbp_price_9":["0.00"],"gbp_price_24":["152.99"],"gbp_price_49":["0.00"],"gbp_price_99":["135.99"],"usdhk_price_4":["0.00"],"usdhk_price_9":["0.00"],"usdhk_price_24":["206.99"],"usdhk_price_49":["0.00"],"usdhk_price_99":["183.99"],"_uag_page_assets":["a:9:{s:3:\"css\";s:0:\"\";s:2:\"js\";s:0:\"\";s:18:\"current_block_list\";a:0:{}s:8:\"uag_flag\";b:0;s:11:\"uag_version\";s:10:\"1775212209\";s:6:\"gfonts\";a:0:{}s:10:\"gfonts_url\";s:0:\"\";s:12:\"gfonts_files\";a:0:{}s:14:\"uag_faq_layout\";b:0;}"],"_regular_price":["221.7","221.7"],"_price":["221.7","221.7"],"_max_variation_price":[""],"_max_variation_regular_price":[""],"_max_variation_sale_price":[""],"_min_variation_price":[""],"_min_variation_regular_price":[""],"_min_variation_sale_price":[""],"_sale_price":[""],"_wc_pb_base_regular_price":[""],"_wc_pb_base_sale_price":[""],"_wc_pb_base_price":[""],"_wc_sw_max_price":[""],"_wc_sw_max_regular_price":[""],"_wc_rating_count":[""],"_wc_review_count":[""],"_wc_average_rating":[0]},"uagb_featured_image_src":{"full":["https:\/\/praxas.com\/wp-content\/uploads\/EL-SIE-Right-Side-Pressure-logo-800x463-1.png",800,463,false],"thumbnail":["https:\/\/praxas.com\/wp-content\/uploads\/EL-SIE-Right-Side-Pressure-logo-800x463-1-150x150.png",150,150,true],"medium":["https:\/\/praxas.com\/wp-content\/uploads\/EL-SIE-Right-Side-Pressure-logo-800x463-1-300x174.png",300,174,true],"medium_large":["https:\/\/praxas.com\/wp-content\/uploads\/EL-SIE-Right-Side-Pressure-logo-800x463-1-768x444.png",768,444,true],"large":["https:\/\/praxas.com\/wp-content\/uploads\/EL-SIE-Right-Side-Pressure-logo-800x463-1.png",800,463,false],"1536x1536":["https:\/\/praxas.com\/wp-content\/uploads\/EL-SIE-Right-Side-Pressure-logo-800x463-1.png",800,463,false],"2048x2048":["https:\/\/praxas.com\/wp-content\/uploads\/EL-SIE-Right-Side-Pressure-logo-800x463-1.png",800,463,false],"crunchify-admin-post-featured-image":["https:\/\/praxas.com\/wp-content\/uploads\/EL-SIE-Right-Side-Pressure-logo-800x463-1-120x69.png",120,69,true],"commercegurus-pdp-large":["https:\/\/praxas.com\/wp-content\/uploads\/EL-SIE-Right-Side-Pressure-logo-800x463-1.png",800,463,false],"commercegurus-plp-mobile":["https:\/\/praxas.com\/wp-content\/uploads\/EL-SIE-Right-Side-Pressure-logo-800x463-1-441x255.png",441,255,true],"cgkit_image_swatch":["https:\/\/praxas.com\/wp-content\/uploads\/EL-SIE-Right-Side-Pressure-logo-800x463-1-100x100.png",100,100,true],"woocommerce_thumbnail":["https:\/\/praxas.com\/wp-content\/uploads\/EL-SIE-Right-Side-Pressure-logo-800x463-1-300x174.png",300,174,true],"woocommerce_single":["https:\/\/praxas.com\/wp-content\/uploads\/EL-SIE-Right-Side-Pressure-logo-800x463-1.png",800,463,false],"woocommerce_gallery_thumbnail":["https:\/\/praxas.com\/wp-content\/uploads\/EL-SIE-Right-Side-Pressure-logo-800x463-1-150x87.png",150,87,true]},"uagb_author_info":{"display_name":"AndyS","author_link":"https:\/\/praxas.com\/de\/author\/"},"uagb_comment_info":0,"uagb_excerpt":"Datenlogger f\u00fcr Druck, Temperatur und Luftfeuchtigkeit mit Display","_links":{"self":[{"href":"https:\/\/praxas.com\/de\/wp-json\/wp\/v2\/product\/26587","targetHints":{"allow":["GET"]}}],"collection":[{"href":"https:\/\/praxas.com\/de\/wp-json\/wp\/v2\/product"}],"about":[{"href":"https:\/\/praxas.com\/de\/wp-json\/wp\/v2\/types\/product"}],"wp:featuredmedia":[{"embeddable":true,"href":"https:\/\/praxas.com\/de\/wp-json\/wp\/v2\/media\/26588"}],"wp:attachment":[{"href":"https:\/\/praxas.com\/de\/wp-json\/wp\/v2\/media?parent=26587"}],"wp:term":[{"taxonomy":"product_brand","embeddable":true,"href":"https:\/\/praxas.com\/de\/wp-json\/wp\/v2\/product_brand?post=26587"},{"taxonomy":"product_cat","embeddable":true,"href":"https:\/\/praxas.com\/de\/wp-json\/wp\/v2\/product_cat?post=26587"},{"taxonomy":"product_tag","embeddable":true,"href":"https:\/\/praxas.com\/de\/wp-json\/wp\/v2\/product_tag?post=26587"}],"curies":[{"name":"wp","href":"https:\/\/api.w.org\/{rel}","templated":true}]}}