{"id":26598,"date":"2023-07-27T03:29:00","date_gmt":"2023-07-27T01:29:00","guid":{"rendered":"https:\/\/staging.praxas.com\/product\/unkategorisiert\/el-sgd-43-atp\/"},"modified":"2025-09-01T16:06:28","modified_gmt":"2025-09-01T14:06:28","slug":"el-sgd-43-atp","status":"publish","type":"product","link":"https:\/\/praxas.com\/de\/product\/datenlogger\/temperatur-datenlogger\/el-sgd-43-atp\/","title":{"rendered":"EL-SGD 43-ATP"},"content":{"rendered":"<p>Der EL-SGD 43-ATP ist ein plattenmontierbarer Vierkanal-Temperaturdatenlogger, der auf der PanelPilotACE-Plattform von Lascar basiert. Das Produkt umfasst ein 4,3-Zoll-Displaymodul mit kapazitivem Touchscreen, eine Vierkanal-Thermistor-Temperaturplatine und x4 kompatible Temperaturf\u00fchler. Die Benutzeroberfl\u00e4che umfasst eine fortschrittliche Protokollierungsanwendung, die Echtzeit-Messwerte f\u00fcr alle vier Temperaturkan\u00e4le, Live-Trendgrafiken und Zugriff auf eine Reihe von Echtzeit-Datenanalyseinformationen anzeigt. Der Logger kann bis zu 100.000 Messwerte pro Kanal bei Abtastraten von 5 Sekunden bis 12 Stunden speichern.<\/p>\n","protected":false},"excerpt":{"rendered":"<p>Schalttafelmontierbarer Vier-Kanal-Temperatur-Datenlogger<\/p>\n","protected":false},"featured_media":26599,"template":"","meta":{"_acf_changed":false,"content-type":"","_uag_custom_page_level_css":""},"product_brand":[],"product_cat":[1010],"product_tag":[1072,1003,987,990],"class_list":{"0":"post-26598","1":"product","2":"type-product","3":"status-publish","4":"has-post-thumbnail","6":"product_cat-temperatur-datenlogger","7":"product_tag-4-kanal","8":"product_tag-anzeige","9":"product_tag-externe-sonde-de","10":"product_tag-thermistor-de","12":"first","13":"instock","14":"taxable","15":"shipping-taxable","16":"purchasable","17":"product-type-simple"},"bundled_by":[],"bundle_stock_status":"instock","bundle_stock_quantity":1,"bundle_virtual":false,"bundle_layout":"","bundle_add_to_cart_form_location":"","bundle_editable_in_cart":false,"bundle_sold_individually_context":"","bundle_item_grouping":"","bundle_min_size":"","bundle_max_size":"","bundle_price":[],"bundled_items":[],"bundle_sell_ids":[],"acf":[],"spectra_custom_meta":{"_wcml_average_rating":[null],"_wcml_review_count":[null],"_wcml_rating_count":[null],"_download_limit":["-1","-1"],"_download_expiry":["-1","-1"],"_downloadable":["no","no"],"_sku":["EL-SGD 43-ATP","EL-SGD 43-ATP"],"_stock_status":["instock","instock","instock"],"_sold_individually":["no","no"],"_tax_class":["",""],"_tax_status":["taxable","taxable"],"_virtual":["no","no"],"_weight":["0.355"],"_width":["0"],"_height":["0"],"_length":["0"],"total_sales":["0","0"],"_product_datasheet":["field_650ad7d6ea3a0"],"_connectivity":["field_64dce263bb57c"],"brand":["EasyLog"],"_brand":["field_64ddf62ed2593"],"_brand_image":["field_650c5e7c84cae"],"_specifications_table":["field_65044e1db92a8"],"_display_data_alarm":["field_667d647bcb066"],"_resources":["field_650849c6945ee"],"_accessories":["field_650849e6945f0"],"_faqs":["field_650859523d8d5"],"_calibration_suitable_ids_gb":["field_654b4c4acb54a"],"_calibration_suitable_ids_us":["field_654b4c56cb54b"],"_show_in_calibration_suitable":["field_654cfb691d345"],"_usd_price_4":["field_651570dcac479"],"_usd_price_9":["field_6515713eb4807"],"_usd_price_24":["field_65157141b4809"],"_usd_price_49":["field_65157140b4808"],"_usd_price_99":["field_6515715bb480a"],"_gbp_price_4":["field_6515716e83bfa"],"_gbp_price_9":["field_6515724783bfb"],"_gbp_price_24":["field_6515724b83bfc"],"_gbp_price_49":["field_6515725983bfd"],"_gbp_price_99":["field_6515725d83bfe"],"_usdhk_price_4":["field_6515726f83bff"],"_usdhk_price_9":["field_6515727c83c00"],"_usdhk_price_24":["field_6515728083c01"],"_usdhk_price_49":["field_6515728983c02"],"_usdhk_price_99":["field_6515728e83c03"],"stock_options":["In stock"],"_stock_options":["field_6544b605dc7f9"],"_top_nav_excluded":[""],"_cms_nav_minihome":[""],"wcml_sync_hash":["a:1:{s:15:\"postmeta_fields\";s:32:\"e918a330872241b59d47ac6ab15f373e\";}"],"attr_label_translations":["a:0:{}"],"_product_attributes":["a:2:{s:16:\"pa_product-brand\";a:6:{s:4:\"name\";s:16:\"pa_product-brand\";s:5:\"value\";s:0:\"\";s:8:\"position\";i:0;s:10:\"is_visible\";i:1;s:12:\"is_variation\";i:0;s:11:\"is_taxonomy\";i:1;}s:19:\"pa_product-features\";a:6:{s:4:\"name\";s:19:\"pa_product-features\";s:5:\"value\";s:0:\"\";s:8:\"position\";i:1;s:10:\"is_visible\";i:1;s:12:\"is_variation\";i:0;s:11:\"is_taxonomy\";i:1;}}"],"_product_image_gallery":["26600,26601,26602"],"_thumbnail_id":["26599"],"_crosssell_ids":["a:0:{}"],"_stock":["1.000000"],"_last_translation_edit_mode":["translation-editor"],"product_datasheet":[""],"connectivity":["USB"],"_calibration":["field_66a0ddd599972"],"_shipping":["field_66852535c98a5"],"_refrigerant_cabinet":["field_66852557c98a6"],"_main_specifications":["field_66855b25b1245"],"brand_image":[""],"_backorders":["no","no"],"_manage_stock":["no","no"],"min_temp":["-40"],"max_temp":["125"],"_min_temp":["field_67ea5eb4e0a77"],"_max_temp":["field_67ea5f81e0a79"],"_wpml_word_count":["123"],"rank_math_primary_product_cat":["0"],"_global_unique_id":["5056744400748"],"_other_features":["field_686fa2aa98dce"],"rank_math_title":["EL-SGD 43-ATP | Panelmontierbarer Vierkanal-Temperaturdatenlogger"],"rank_math_description":["Der EL-SGD 43-ATP ist ein 4-Kanal-Temperaturdatenlogger, der auf der PanelPilotACE-Plattform basiert. Inklusive 4,3-Zoll-Touchscreen, Thermistor-Temp-Platine, 4 Sonden. "],"rank_math_focus_keyword":["EL-SGD 43-ATP"],"specifications_table":["<table class=\"specifications\">\n<tbody>\n<tr class=\"even-row\">\n<td class=\"left-td\">Messbereich der mitgelieferten Sonde<\/td>\n<td>-40\u00b0C bis +125\u00b0C (-40\u00b0F bis +257\u00b0F)<\/td>\n<\/tr>\n<tr class=\"odd-row\">\n<td class=\"left-td\">Interne Aufl\u00f6sung<\/td>\n<td>0.01\u00b0C (0.01\u00b0F)<\/td>\n<\/tr>\n<tr class=\"even-row\">\n<td class=\"left-td\">Temperatur-Genauigkeit<\/td>\n<td>\u00b11.0\u00b0C (\u00b11.8\u00b0F)<\/td>\n<\/tr>\n<tr class=\"odd-row\">\n<td class=\"left-td\">Anzahl der Messwerte (pro Kanal)<\/td>\n<td>100,000<\/td>\n<\/tr>\n<tr class=\"even-row\">\n<td class=\"left-td\">Protokollierungsrate<\/td>\n<td>5 Sekunden bis 12 Stunden<\/td>\n<\/tr>\n<tr class=\"odd-row\">\n<td class=\"left-td\">Anzahl von Kan\u00e4len<\/td>\n<td>Bis zu 4<\/td>\n<\/tr>\n<tr class=\"even-row\">\n<td class=\"left-td\">\u00c4u\u00dfere Abmessungen<\/td>\n<td>119,3 x 79,8 x 31,3 mm (4,7 x 3,1 x 1,2 Zoll)<\/td>\n<\/tr>\n<tr class=\"odd-row\">\n<td class=\"left-td\">Kommunikationsprotokolle<\/td>\n<td>USB<\/td>\n<\/tr>\n<\/tbody>\n<\/table>"],"resources":["<ul class=\"resources-list\">\n \t<li><img src=\"https:\/\/praxas.com\/wp-content\/uploads\/document-icon.png\" alt=\"Dokument-Symbol\"><a href=\"https:\/\/praxas.com\/wp-content\/uploads\/easylog-data-logger-el-sgd-43-atp_iss1_01-17-1.pdf\" target=\"_blank\" rel=\"noopener\">EL-SGD-43-ATP Datenblatt<\/a><\/li>\n \t<li><img src=\"https:\/\/praxas.com\/wp-content\/uploads\/video-icon-orange.png\" alt=\"Video-Symbol\"><a href=\"https:\/\/www.youtube.com\/playlist?list=PL_yZedoZ_7MrUtJ8-PrTywRpT3KHEhxFF\" target=\"_blank\" rel=\"noopener\">Tutorial-Videos<\/a><\/li>\n \t<li><img src=\"https:\/\/praxas.com\/wp-content\/uploads\/document-icon.png\" alt=\"Dokument-Symbol\"><a href=\"https:\/\/praxas.com\/wp-content\/uploads\/easylog-data-logger-el-sgd-43-atp_iss1_01-17-1.pdf\" target=\"_blank\" rel=\"noopener\">EL-SGD 43-ATP Konformit\u00e4tserkl\u00e4rung<\/a><\/li>\n<\/ul>"],"accessories":["[products skus=\"S43-TP,EL-P-TP,EL-PROBE-EXTENDER-1.5M,EL-PROBE-EXTENDER-3M,EL-PROBE-EXTENDER-5M,EL-PROBE-EXTENDER-10M,CABLE USB A-MF\"]"],"faqs":["<span class=\"ui-provider bge bgf bgd bgg bgh bgi bgj bgk bgl bgm bgn bgo bgp bgq bgr bgs bgt bgu bgv bgw bgx bgy bgz bha bhb bhc bhd bhe bhf bhg bhh bhi bhj bhk bhl\" dir=\"ltr\">[accordion]\n[accordion_header]Wie \u00fcberpr\u00fcfe ich meine Alarmstufen und die Aufzeichnungsrate auf meinem EL-SGD 43\/70-ATP?[\/accordion_header]\n[accordion_section]Wenn Sie auf dem Info-Bildschirm das Feld f\u00fcr den oberen oder unteren protokollierten Wert gedr\u00fcckt halten, wird es durch den oberen oder unteren Alarmwert ersetzt (vorausgesetzt, dieser wurde eingestellt). Wenn Sie das Feld f\u00fcr die Anzahl der Protokolle gedr\u00fcckt halten, wird die Protokollierungsrate angezeigt.[\/accordion_section]\n[\/accordion]<\/span>\n\n<span class=\"ui-provider bge bgf bgd bgg bgh bgi bgj bgk bgl bgm bgn bgo bgp bgq bgr bgs bgt bgu bgv bgw bgx bgy bgz bha bhb bhc bhd bhe bhf bhg bhh bhi bhj bhk bhl\" dir=\"ltr\">[accordion]\n[accordion_header]Wenn ich mein EL-SGD 43\/70-ATP auf die Werkseinstellungen zur\u00fccksetze oder ausschalte, gehen dann meine Protokolle verloren?[\/accordion_header]\n[accordion_section]Nein, Ihre Protokolle gehen nur dann verloren, wenn Sie sie nach dem Herunterladen l\u00f6schen m\u00f6chten. Andernfalls werden sie nur in einer Datei mit Datums- und Zeitstempel gesichert.[\/accordion_section]\n[\/accordion]<\/span>"],"usd_price_4":["0.00"],"usd_price_9":["0.00"],"usd_price_24":["0.00"],"usd_price_49":["0.00"],"usd_price_99":["0.00"],"gbp_price_4":["259.19"],"gbp_price_9":["251.09"],"gbp_price_24":["242.99"],"gbp_price_49":["0.00"],"gbp_price_99":["0.00"],"usdhk_price_4":["345.59"],"usdhk_price_9":["334.79"],"usdhk_price_24":["323.99"],"usdhk_price_49":["0.00"],"usdhk_price_99":["0.00"],"_uag_page_assets":["a:9:{s:3:\"css\";s:0:\"\";s:2:\"js\";s:0:\"\";s:18:\"current_block_list\";a:0:{}s:8:\"uag_flag\";b:0;s:11:\"uag_version\";s:10:\"1775212209\";s:6:\"gfonts\";a:0:{}s:10:\"gfonts_url\";s:0:\"\";s:12:\"gfonts_files\";a:0:{}s:14:\"uag_faq_layout\";b:0;}"],"_regular_price":["355.5","355.5"],"_price":["355.5","355.5"],"_max_variation_price":[""],"_max_variation_regular_price":[""],"_max_variation_sale_price":[""],"_min_variation_price":[""],"_min_variation_regular_price":[""],"_min_variation_sale_price":[""],"_sale_price":[""],"_wc_pb_base_regular_price":[""],"_wc_pb_base_sale_price":[""],"_wc_pb_base_price":[""],"_wc_sw_max_price":[""],"_wc_sw_max_regular_price":[""],"_wc_rating_count":[""],"_wc_review_count":[""],"_wc_average_rating":[0]},"uagb_featured_image_src":{"full":["https:\/\/praxas.com\/wp-content\/uploads\/EL-SGD-43-ATP_Main.png",800,463,false],"thumbnail":["https:\/\/praxas.com\/wp-content\/uploads\/EL-SGD-43-ATP_Main-150x150.png",150,150,true],"medium":["https:\/\/praxas.com\/wp-content\/uploads\/EL-SGD-43-ATP_Main-300x174.png",300,174,true],"medium_large":["https:\/\/praxas.com\/wp-content\/uploads\/EL-SGD-43-ATP_Main-768x444.png",768,444,true],"large":["https:\/\/praxas.com\/wp-content\/uploads\/EL-SGD-43-ATP_Main.png",800,463,false],"1536x1536":["https:\/\/praxas.com\/wp-content\/uploads\/EL-SGD-43-ATP_Main.png",800,463,false],"2048x2048":["https:\/\/praxas.com\/wp-content\/uploads\/EL-SGD-43-ATP_Main.png",800,463,false],"crunchify-admin-post-featured-image":["https:\/\/praxas.com\/wp-content\/uploads\/EL-SGD-43-ATP_Main-120x69.png",120,69,true],"commercegurus-pdp-large":["https:\/\/praxas.com\/wp-content\/uploads\/EL-SGD-43-ATP_Main.png",800,463,false],"commercegurus-plp-mobile":["https:\/\/praxas.com\/wp-content\/uploads\/EL-SGD-43-ATP_Main-441x255.png",441,255,true],"cgkit_image_swatch":["https:\/\/praxas.com\/wp-content\/uploads\/EL-SGD-43-ATP_Main-100x100.png",100,100,true],"woocommerce_thumbnail":["https:\/\/praxas.com\/wp-content\/uploads\/EL-SGD-43-ATP_Main-300x174.png",300,174,true],"woocommerce_single":["https:\/\/praxas.com\/wp-content\/uploads\/EL-SGD-43-ATP_Main.png",800,463,false],"woocommerce_gallery_thumbnail":["https:\/\/praxas.com\/wp-content\/uploads\/EL-SGD-43-ATP_Main-150x87.png",150,87,true]},"uagb_author_info":{"display_name":"AndyS","author_link":"https:\/\/praxas.com\/de\/author\/"},"uagb_comment_info":0,"uagb_excerpt":"Schalttafelmontierbarer Vier-Kanal-Temperatur-Datenlogger","_links":{"self":[{"href":"https:\/\/praxas.com\/de\/wp-json\/wp\/v2\/product\/26598","targetHints":{"allow":["GET"]}}],"collection":[{"href":"https:\/\/praxas.com\/de\/wp-json\/wp\/v2\/product"}],"about":[{"href":"https:\/\/praxas.com\/de\/wp-json\/wp\/v2\/types\/product"}],"wp:featuredmedia":[{"embeddable":true,"href":"https:\/\/praxas.com\/de\/wp-json\/wp\/v2\/media\/26599"}],"wp:attachment":[{"href":"https:\/\/praxas.com\/de\/wp-json\/wp\/v2\/media?parent=26598"}],"wp:term":[{"taxonomy":"product_brand","embeddable":true,"href":"https:\/\/praxas.com\/de\/wp-json\/wp\/v2\/product_brand?post=26598"},{"taxonomy":"product_cat","embeddable":true,"href":"https:\/\/praxas.com\/de\/wp-json\/wp\/v2\/product_cat?post=26598"},{"taxonomy":"product_tag","embeddable":true,"href":"https:\/\/praxas.com\/de\/wp-json\/wp\/v2\/product_tag?post=26598"}],"curies":[{"name":"wp","href":"https:\/\/api.w.org\/{rel}","templated":true}]}}