{"id":26803,"date":"2023-07-27T01:28:00","date_gmt":"2023-07-27T01:28:00","guid":{"rendered":"https:\/\/staging.praxas.com\/product\/unkategorisiert\/el-bt-2\/"},"modified":"2025-06-20T09:30:35","modified_gmt":"2025-06-20T09:30:35","slug":"el-bt-2","status":"publish","type":"product","link":"https:\/\/praxas.com\/de\/product\/datenlogger\/temperatur-luftfeuchtigkeit-de\/el-bt-2\/","title":{"rendered":"EL-BT-2"},"content":{"rendered":"<p>Der EL-BT-2 Datenlogger misst und speichert bis zu 500.000 Temperatur- und Luftfeuchtigkeitsmesswerte. Der LCD-Bildschirm des Ger\u00e4ts zeigt den Status der Bluetooth-Verbindung und den Betrieb des Loggers an. Mit der Drucktaste k\u00f6nnen Sie die aktuellen, minimalen und maximalen Messwerte abrufen. Der EL-BT-2 ist mit einem wiederaufladbaren Akku ausgestattet und kann mit einem USB-Wandladeger\u00e4t verwendet werden.<\/p>\n<p><strong>Der EL-BT-2 ist nur f\u00fcr die Verwendung mit Android-Tablets und -Smartphones vorgesehen.<\/strong> Die EasyLog BT App f\u00fcr Android\u2122 ist auf <a href=\"https:\/\/play.google.com\/store\/apps\/details?id=com.LascarElectronics.EasyLogBT\" target=\"_blank\" rel=\"noopener\">Google Play<\/a> verf\u00fcgbar und erm\u00f6glicht Ihnen die einfache Verwaltung Ihres EL-BT-2 Loggers.<\/p>\n<p>In der App k\u00f6nnen Sie die Abtastrate, die Temperaturskala, die Temperatur- und Luftfeuchtigkeitsalarme, die Bluetooth-Stromspareinstellungen, die LCD-Einstellungen und variable Startzeiten einstellen. Die heruntergeladenen Daten werden auf der Speicherkarte Ihres Telefons gespeichert und k\u00f6nnen jederzeit abgerufen werden. Sie k\u00f6nnen die Daten dann per E-Mail oder \u00fcber Ihren bevorzugten Cloud-Dienst an ein anderes Ger\u00e4t oder einen Windows-PC zur weiteren Analyse senden.<\/p>\n<ul>\n<li>Aufgezeichnete Daten herunterladen und auf Ihrem Ger\u00e4t ansehen<\/li>\n<li>Animierter Durchgang durch den Einrichtungsprozess<\/li>\n<li>Exportieren Sie die Daten des Loggers per E-Mail oder \u00fcber andere Cloud-Dienste<\/li>\n<\/ul>\n","protected":false},"excerpt":{"rendered":"<p>Bluetooth-Datenlogger f\u00fcr Temperatur und Luftfeuchtigkeit<\/p>\n","protected":false},"featured_media":26804,"template":"","meta":{"_acf_changed":false,"content-type":"","_uag_custom_page_level_css":""},"product_brand":[],"product_cat":[1002,1010,1075],"product_tag":[2432],"class_list":{"0":"post-26803","1":"product","2":"type-product","3":"status-publish","4":"has-post-thumbnail","6":"product_cat-temperatur-luftfeuchtigkeit-de","7":"product_cat-temperatur-datenlogger","8":"product_cat-datenlogger","9":"product_tag-easylog","11":"first","12":"instock","13":"taxable","14":"shipping-taxable","15":"product-type-simple"},"bundled_by":[],"bundle_stock_status":"instock","bundle_stock_quantity":97,"bundle_virtual":false,"bundle_layout":"","bundle_add_to_cart_form_location":"","bundle_editable_in_cart":false,"bundle_sold_individually_context":"","bundle_item_grouping":"","bundle_min_size":"","bundle_max_size":"","bundle_price":[],"bundled_items":[],"bundle_sell_ids":[],"acf":[],"spectra_custom_meta":{"_download_limit":["-1","-1"],"_download_expiry":["-1","-1"],"_downloadable":["no","no"],"_sku":["EL-BT-2","EL-BT-2"],"_stock_status":["instock","instock"],"_sold_individually":["no","no"],"_tax_class":["",""],"_tax_status":["taxable","taxable"],"_virtual":["no","no"],"_weight":["0.154"],"_width":["0"],"_height":["0"],"_length":["0"],"total_sales":["3","3"],"_product_datasheet":["field_650ad7d6ea3a0"],"_connectivity":["field_64dce263bb57c"],"brand":["EasyLog"],"_brand":["field_64ddf62ed2593"],"_brand_image":["field_650c5e7c84cae"],"_specifications_table":["field_65044e1db92a8"],"_display_data_alarm":["field_667d647bcb066"],"_resources":["field_650849c6945ee"],"_accessories":["field_650849e6945f0"],"_faqs":["field_650859523d8d5"],"_calibration_suitable_ids_gb":["field_654b4c4acb54a"],"_calibration_suitable_ids_us":["field_654b4c56cb54b"],"_show_in_calibration_suitable":["field_654cfb691d345"],"_other_features":["field_668524f8c98a4"],"_shipping":["field_66852535c98a5"],"_refrigerant_cabinet":["field_66852557c98a6"],"_usd_price_4":["field_651570dcac479"],"_usd_price_9":["field_6515713eb4807"],"_usd_price_24":["field_65157141b4809"],"_usd_price_49":["field_65157140b4808"],"_usd_price_99":["field_6515715bb480a"],"_gbp_price_4":["field_6515716e83bfa"],"_gbp_price_9":["field_6515724783bfb"],"_gbp_price_24":["field_6515724b83bfc"],"_gbp_price_49":["field_6515725983bfd"],"_gbp_price_99":["field_6515725d83bfe"],"_usdhk_price_4":["field_6515726f83bff"],"_usdhk_price_9":["field_6515727c83c00"],"_usdhk_price_24":["field_6515728083c01"],"_usdhk_price_49":["field_6515728983c02"],"_usdhk_price_99":["field_6515728e83c03"],"stock_options":["In stock"],"_stock_options":["field_6544b605dc7f9"],"_top_nav_excluded":[""],"_cms_nav_minihome":[""],"wcml_sync_hash":["a:1:{s:15:\"postmeta_fields\";s:32:\"b02e50d31f0db9fbcea9eedde28a8235\";}"],"attr_label_translations":["a:0:{}"],"_product_image_gallery":["26805,26806"],"_thumbnail_id":["26804"],"_crosssell_ids":["a:0:{}"],"_stock":["97.000000"],"_last_translation_edit_mode":["translation-editor"],"calibration":[""],"_calibration":["field_66a0ddd599972"],"_main_specifications":["field_66855b25b1245"],"_edit_lock":["1721985830:8383"],"classic-editor-remember":["classic-editor"],"rank_math_seo_score":["80"],"_edit_last":["8383"],"commercekit_gallery_layout":[""],"commercekit_disable_sticky_atc":["0"],"commercekit_wc_video_gallery":["a:0:{}"],"_rank_math_gtin_code":[""],"_wcml_average_rating":[null],"_wcml_review_count":[null],"_wcml_rating_count":[null],"_wc_average_rating":[0],"_wc_review_count":["0"],"_product_version":["9.1.2"],"display_data_alarm":[""],"faqs":[""],"calibration_suitable_ids_gb":[""],"calibration_suitable_ids_us":[""],"show_in_calibration_suitable":[""],"other_features":[""],"shipping":[""],"refrigerant_cabinet":[""],"main_specifications":[""],"shoptimizer_layout_pdp_short_description_position":["default"],"rank_math_primary_product_cat":["0"],"product_datasheet":["10920"],"brand_image":["10467"],"_wpml_media_duplicate":["1"],"_wpml_media_featured":["1"],"_product_attributes":["a:2:{s:16:\"pa_product-brand\";a:6:{s:4:\"name\";s:16:\"pa_product-brand\";s:5:\"value\";s:0:\"\";s:8:\"position\";i:0;s:10:\"is_visible\";i:1;s:12:\"is_variation\";i:0;s:11:\"is_taxonomy\";i:1;}s:19:\"pa_product-features\";a:6:{s:4:\"name\";s:19:\"pa_product-features\";s:5:\"value\";s:0:\"\";s:8:\"position\";i:1;s:10:\"is_visible\";i:1;s:12:\"is_variation\";i:0;s:11:\"is_taxonomy\";i:1;}}"],"_backorders":["no","no"],"_manage_stock":["no","no"],"min_temp":["-35"],"max_temp":["80"],"_min_temp":["field_67ea5eb4e0a77"],"_max_temp":["field_67ea5f81e0a79"],"_wpml_word_count":["239"],"connectivity":["Bluetooth"],"rank_math_title":["EL-BT-2 | Bluetooth Datenlogger f\u00fcr Temperatur und Luftfeuchtigkeit"],"rank_math_description":["Der EL-BT-2 Datenlogger misst und speichert bis zu 500.000 Messwerte. Der Bildschirm des Ger\u00e4ts zeigt den Status der Bluetooth-Verbindung und den Betrieb des Loggers an."],"rank_math_focus_keyword":["EL-BT-2"],"specifications_table":["<table class=\"specifications\">\n<tbody>\n<tr class=\"even-row\">\n<td class=\"left-td\">Temperatur:<\/td>\n<td><\/td>\n<\/tr>\n<tr class=\"odd-row\">\n<td class=\"left-td\">Messbereich<\/td>\n<td>-35\u00b0C bis 80\u00b0C (-31\u00b0F bis 176\u00b0F)<\/td>\n<\/tr>\n<tr class=\"even-row\">\n<td class=\"left-td\">Interne Aufl\u00f6sung<\/td>\n<td>0,1\u00b0C (0,1\u00b0F)<\/td>\n<\/tr>\n<tr class=\"odd-row\">\n<td class=\"left-td\">Genauigkeit (Gesamtfehler)<\/td>\n<td>0,35\u00b0C (0,59\u00b0F) typisch (5 bis 60\u00b0C)<\/td>\n<\/tr>\n<tr class=\"even-row\">\n<td class=\"left-td\">Langfristige Stabilit\u00e4t<\/td>\n<td><0,02\u00b0C (0,04\u00b0F) \/ Jahr<\/td>\n<\/tr>\n<tr class=\"odd-row\">\n<td class=\"left-td\">Relative Luftfeuchtigkeit:<\/td>\n<td><\/td>\n<\/tr>\n<tr class=\"even-row\">\n<td class=\"left-td\">Messbereich<\/td>\n<td>0 bis 100%RH<\/td>\n<\/tr>\n<tr class=\"odd-row\">\n<td class=\"left-td\">Interne Aufl\u00f6sung<\/td>\n<td>0,1%RH<\/td>\n<\/tr>\n<tr class=\"even-row\">\n<td class=\"left-td\">Genauigkeit (Gesamtfehler)<\/td>\n<td>2,05%RH typisch (20 bis 80%RH)<\/td>\n<\/tr>\n<tr class=\"odd-row\">\n<td class=\"left-td\">Langfristige Stabilit\u00e4t<\/td>\n<td><0,25%RH \/ Jahr<\/td>\n<\/tr>\n<tr class=\"even-row\">\n<td class=\"left-td\">Betriebstemperaturbereich<\/td>\n<td>-20 bis +60\u00b0C (-4 bis +140\u00b0F)<\/td>\n<\/tr>\n<tr class=\"odd-row\">\n<td class=\"left-td\">Lebensdauer der Batterie<\/td>\n<td>6 Monate (bei 25\u00b0C im Energiesparmodus)<\/td>\n<\/tr>\n<\/tbody>\n<\/table>"],"resources":["<ul class=\"resources-list\">\n \t<li><img src=\"https:\/\/praxas.com\/wp-content\/uploads\/document-icon.png\" alt=\"Dokument-Symbol\"><a href=\"https:\/\/praxas.com\/wp-content\/uploads\/easylog-data-logger-el-bt-2_iss9_10-20.pdf\" target=\"_blank\" rel=\"noopener\">EL-BT-2 Datenblatt<\/a><\/li>\n \t<li><img src=\"https:\/\/praxas.com\/wp-content\/uploads\/software-icon.png\" alt=\"Software-Symbol\"><a href=\"https:\/\/praxas.com\/wp-content\/uploads\/software\/easylog-software\/easylog-bt\/\">EasyLog BT f\u00fcr Android<\/a><\/li>\n \t<li><img src=\"https:\/\/praxas.com\/wp-content\/uploads\/document-icon.png\" alt=\"Dokument-Symbol\">\n<a href=\"https:\/\/praxas.com\/wp-content\/uploads\/el-bt-2_qsg_iss1.pdf\" target=\"_blank\" rel=\"noopener\">EL-BT-2 Schnellstartanleitung<\/a><\/li>\n \t<li><img src=\"https:\/\/praxas.com\/wp-content\/uploads\/document-icon.png\" alt=\"Dokument-Symbol\"><a href=\"https:\/\/praxas.com\/wp-content\/uploads\/declaration-of-conformity_el-bt-2_iss3.pdf\" target=\"_blank\" rel=\"noopener\">EL-BT-2 Konformit\u00e4tserkl\u00e4rung<\/a><\/li>\n<\/ul>\n\u00a0"],"accessories":["[products skus=\"CABLE USB A-MICRO B\"]"],"usd_price_4":["0.00"],"usd_price_9":["0.00"],"usd_price_24":["0.00"],"usd_price_49":["0.00"],"usd_price_99":["0.00"],"gbp_price_4":["0.00"],"gbp_price_9":["0.00"],"gbp_price_24":["130.49"],"gbp_price_49":["0.00"],"gbp_price_99":["115.99"],"usdhk_price_4":["0.00"],"usdhk_price_9":["0.00"],"usdhk_price_24":["170.99"],"usdhk_price_49":["0.00"],"usdhk_price_99":["151.99"],"_uag_page_assets":["a:9:{s:3:\"css\";s:0:\"\";s:2:\"js\";s:0:\"\";s:18:\"current_block_list\";a:0:{}s:8:\"uag_flag\";b:0;s:11:\"uag_version\";s:10:\"1775212209\";s:6:\"gfonts\";a:0:{}s:10:\"gfonts_url\";s:0:\"\";s:12:\"gfonts_files\";a:0:{}s:14:\"uag_faq_layout\";b:0;}"],"_global_unique_id":["5056744400281"],"_price":["",""],"_max_variation_price":[""],"_max_variation_regular_price":[""],"_max_variation_sale_price":[""],"_min_variation_price":[""],"_min_variation_regular_price":[""],"_min_variation_sale_price":[""],"_regular_price":[""],"_sale_price":[""],"_wc_pb_base_regular_price":[""],"_wc_pb_base_sale_price":[""],"_wc_pb_base_price":[""],"_wc_sw_max_price":[""],"_wc_sw_max_regular_price":[""],"_wc_rating_count":[""]},"uagb_featured_image_src":{"full":["https:\/\/praxas.com\/wp-content\/uploads\/easylog-data-logger-EL-BT-2-frontal-shot.png",800,463,false],"thumbnail":["https:\/\/praxas.com\/wp-content\/uploads\/easylog-data-logger-EL-BT-2-frontal-shot-150x150.png",150,150,true],"medium":["https:\/\/praxas.com\/wp-content\/uploads\/easylog-data-logger-EL-BT-2-frontal-shot-300x174.png",300,174,true],"medium_large":["https:\/\/praxas.com\/wp-content\/uploads\/easylog-data-logger-EL-BT-2-frontal-shot-768x444.png",768,444,true],"large":["https:\/\/praxas.com\/wp-content\/uploads\/easylog-data-logger-EL-BT-2-frontal-shot.png",800,463,false],"1536x1536":["https:\/\/praxas.com\/wp-content\/uploads\/easylog-data-logger-EL-BT-2-frontal-shot.png",800,463,false],"2048x2048":["https:\/\/praxas.com\/wp-content\/uploads\/easylog-data-logger-EL-BT-2-frontal-shot.png",800,463,false],"crunchify-admin-post-featured-image":["https:\/\/praxas.com\/wp-content\/uploads\/easylog-data-logger-EL-BT-2-frontal-shot-120x69.png",120,69,true],"commercegurus-pdp-large":["https:\/\/praxas.com\/wp-content\/uploads\/easylog-data-logger-EL-BT-2-frontal-shot.png",800,463,false],"commercegurus-plp-mobile":["https:\/\/praxas.com\/wp-content\/uploads\/easylog-data-logger-EL-BT-2-frontal-shot-441x255.png",441,255,true],"cgkit_image_swatch":["https:\/\/praxas.com\/wp-content\/uploads\/easylog-data-logger-EL-BT-2-frontal-shot-100x100.png",100,100,true],"woocommerce_thumbnail":["https:\/\/praxas.com\/wp-content\/uploads\/easylog-data-logger-EL-BT-2-frontal-shot-300x174.png",300,174,true],"woocommerce_single":["https:\/\/praxas.com\/wp-content\/uploads\/easylog-data-logger-EL-BT-2-frontal-shot.png",800,463,false],"woocommerce_gallery_thumbnail":["https:\/\/praxas.com\/wp-content\/uploads\/easylog-data-logger-EL-BT-2-frontal-shot-150x87.png",150,87,true]},"uagb_author_info":{"display_name":"AndyS","author_link":"https:\/\/praxas.com\/de\/author\/"},"uagb_comment_info":0,"uagb_excerpt":"Bluetooth-Datenlogger f\u00fcr Temperatur und Luftfeuchtigkeit","_links":{"self":[{"href":"https:\/\/praxas.com\/de\/wp-json\/wp\/v2\/product\/26803","targetHints":{"allow":["GET"]}}],"collection":[{"href":"https:\/\/praxas.com\/de\/wp-json\/wp\/v2\/product"}],"about":[{"href":"https:\/\/praxas.com\/de\/wp-json\/wp\/v2\/types\/product"}],"wp:featuredmedia":[{"embeddable":true,"href":"https:\/\/praxas.com\/de\/wp-json\/wp\/v2\/media\/26804"}],"wp:attachment":[{"href":"https:\/\/praxas.com\/de\/wp-json\/wp\/v2\/media?parent=26803"}],"wp:term":[{"taxonomy":"product_brand","embeddable":true,"href":"https:\/\/praxas.com\/de\/wp-json\/wp\/v2\/product_brand?post=26803"},{"taxonomy":"product_cat","embeddable":true,"href":"https:\/\/praxas.com\/de\/wp-json\/wp\/v2\/product_cat?post=26803"},{"taxonomy":"product_tag","embeddable":true,"href":"https:\/\/praxas.com\/de\/wp-json\/wp\/v2\/product_tag?post=26803"}],"curies":[{"name":"wp","href":"https:\/\/api.w.org\/{rel}","templated":true}]}}