{"id":26817,"date":"2023-07-27T03:28:00","date_gmt":"2023-07-27T01:28:00","guid":{"rendered":"https:\/\/staging.praxas.com\/product\/unkategorisiert\/el-21cfr-tp-lcd-2\/"},"modified":"2025-10-09T09:34:45","modified_gmt":"2025-10-09T07:34:45","slug":"el-21cfr-tp-lcd-2","status":"publish","type":"product","link":"https:\/\/praxas.com\/de\/product\/datenlogger\/temperatur-datenlogger\/el-21cfr-tp-lcd-2\/","title":{"rendered":"EL-21CFR-TP-LCD+"},"content":{"rendered":"<p>Dieser 21CFR Part 11-konforme Standalone-Datenlogger zeichnet \u00fcber 32.000 Temperaturmesswerte des mitgelieferten hochgenauen Thermistorf\u00fchlers auf und zeigt sie an. Der Datenlogger verf\u00fcgt \u00fcber eine LCD-Anzeige und eine Drucktaste, mit der Sie die letzten, h\u00f6chsten und niedrigsten gespeicherten Messwerte abrufen k\u00f6nnen.<\/p>\n<p><strong>Warum einen 21CFR-Logger kaufen?<br \/>\n<\/strong>Die von der US Food and Drug Administration (FDA) herausgegebenen Vorschriften 21 CFR Part 11 enthalten die Kriterien, nach denen elektronische Aufzeichnungen von der FDA als gleichwertig mit Papieraufzeichnungen angesehen werden k\u00f6nnen. Wenn Sie diese Vorschriften einhalten m\u00fcssen oder erh\u00f6hte Anforderungen an die Datensicherheit haben, sollten Sie sich f\u00fcr einen unserer 21CFR-Logger entscheiden, ansonsten reichen unsere Standard-Logger aus.<\/p>\n<p>In Verbindung mit der Software 21CFR Part 11 von Lascar verf\u00fcgt der Logger \u00fcber alle Kernfunktionen der urspr\u00fcnglichen EasyLog-Software, jedoch mit zus\u00e4tzlichen 21CFR-Merkmalen wie Benutzerberechtigungen, verschl\u00fcsselten Daten, die nicht bearbeitet werden k\u00f6nnen, einem vollst\u00e4ndigen Pr\u00fcfpfad und elektronischen Signaturen f\u00fcr alle Aktivit\u00e4ten.<\/p>\n<p>Richten Sie den Logger einfach ein und sehen Sie sich die heruntergeladenen Daten an, indem Sie das Ger\u00e4t an den USB-Anschluss eines PCs anschlie\u00dfen und die mitgelieferte kostenlose Software 21CFR Part 11 verwenden. Geliefert mit \u00bd AA-Batterie und Wandmontageclip.<\/p>\n<p>Dieses Produkt entspricht der Norm BS EN 12830:2018 (Temperaturaufzeichnungsger\u00e4te f\u00fcr den Transport, die Lagerung und den Vertrieb temperaturempfindlicher Waren).<\/p>\n<p><strong>BITTE BEACHTEN SIE:<\/strong> Sie k\u00f6nnen bis zu ZWEI ERSATZBATTERIEN f\u00fcr jeden bestellten Datenlogger hinzuf\u00fcgen. Wenn Sie mehr als diese Menge bestellen m\u00f6chten, wenden Sie sich bitte an Ihr <strong><br \/>\n  <a href=\"https:\/\/praxas.com\/de\/kontaktieren-sie-uns\/\">Vertriebsb\u00fcro vor Ort<\/a><br \/>\n<\/strong> f\u00fcr spezielle Versandinformationen.<\/p>\n","protected":false},"excerpt":{"rendered":"<p>21CFR USB Hochpr\u00e4ziser Thermistor-Sondenlogger mit Display<\/p>\n","protected":false},"featured_media":26818,"template":"","meta":{"_acf_changed":false,"content-type":"","_uag_custom_page_level_css":""},"product_brand":[],"product_cat":[1010],"product_tag":[1004,1003,2432,987,1021,990,1016],"class_list":{"0":"post-26817","1":"product","2":"type-product","3":"status-publish","4":"has-post-thumbnail","6":"product_cat-temperatur-datenlogger","7":"product_tag-21cfr-de","8":"product_tag-anzeige","9":"product_tag-easylog","10":"product_tag-externe-sonde-de","11":"product_tag-hochprazise","12":"product_tag-thermistor-de","13":"product_tag-usb-de","15":"first","16":"instock","17":"taxable","18":"shipping-taxable","19":"purchasable","20":"product-type-simple"},"bundled_by":[],"bundle_stock_status":"instock","bundle_stock_quantity":99,"bundle_virtual":false,"bundle_layout":"","bundle_add_to_cart_form_location":"","bundle_editable_in_cart":false,"bundle_sold_individually_context":"","bundle_item_grouping":"","bundle_min_size":"","bundle_max_size":"","bundle_price":[],"bundled_items":[],"bundle_sell_ids":[],"acf":[],"spectra_custom_meta":{"_download_limit":["-1","-1"],"_download_expiry":["-1","-1"],"_downloadable":["no","no"],"_sku":["EL-21CFR-TP-LCD+","EL-21CFR-TP-LCD+"],"_stock_status":["instock","instock","instock"],"_sold_individually":["no","no"],"_tax_class":["",""],"_tax_status":["taxable","taxable"],"_virtual":["no","no"],"_weight":["0.143"],"_width":["0"],"_height":["0"],"_length":["0"],"total_sales":["1","1"],"_product_datasheet":["field_650ad7d6ea3a0"],"_connectivity":["field_64dce263bb57c"],"brand":["EasyLog"],"_brand":["field_64ddf62ed2593"],"_brand_image":["field_650c5e7c84cae"],"_specifications_table":["field_65044e1db92a8"],"_display_data_alarm":["field_667d647bcb066"],"_resources":["field_650849c6945ee"],"_accessories":["field_650849e6945f0"],"_faqs":["field_650859523d8d5"],"_calibration_suitable_ids_gb":["field_654b4c4acb54a"],"_calibration_suitable_ids_us":["field_654b4c56cb54b"],"_show_in_calibration_suitable":["field_654cfb691d345"],"_other_features":["field_668524f8c98a4"],"_shipping":["field_66852535c98a5"],"_refrigerant_cabinet":["field_66852557c98a6"],"_main_specifications":["field_66855b25b1245"],"_usd_price_4":["field_651570dcac479"],"_usd_price_9":["field_6515713eb4807"],"_usd_price_24":["field_65157141b4809"],"_usd_price_49":["field_65157140b4808"],"_usd_price_99":["field_6515715bb480a"],"_gbp_price_4":["field_6515716e83bfa"],"_gbp_price_9":["field_6515724783bfb"],"_gbp_price_24":["field_6515724b83bfc"],"_gbp_price_49":["field_6515725983bfd"],"_gbp_price_99":["field_6515725d83bfe"],"_usdhk_price_4":["field_6515726f83bff"],"_usdhk_price_9":["field_6515727c83c00"],"_usdhk_price_24":["field_6515728083c01"],"_usdhk_price_49":["field_6515728983c02"],"_usdhk_price_99":["field_6515728e83c03"],"stock_options":["In stock"],"_stock_options":["field_6544b605dc7f9"],"_top_nav_excluded":[""],"_cms_nav_minihome":[""],"wcml_sync_hash":["a:1:{s:15:\"postmeta_fields\";s:32:\"80aab5b0ad3de6cbbcb1150e5f881015\";}"],"attr_label_translations":["a:0:{}"],"_product_image_gallery":["26819,26820,26821,26822"],"_thumbnail_id":["26818"],"_crosssell_ids":["a:0:{}"],"_stock":["99.000000"],"_last_translation_edit_mode":["translation-editor"],"calibration":[""],"connectivity":["USB"],"_calibration":["field_66a0ddd599972"],"_edit_lock":["1721982274:8383"],"classic-editor-remember":["classic-editor"],"rank_math_seo_score":["79"],"_edit_last":["8383"],"commercekit_gallery_layout":[""],"commercekit_disable_sticky_atc":["0"],"commercekit_wc_video_gallery":["a:0:{}"],"_rank_math_gtin_code":[""],"_wcml_average_rating":[null],"_wcml_review_count":[null],"_wcml_rating_count":[null],"_wc_average_rating":[0],"_wc_review_count":["0"],"_product_version":["9.1.2"],"display_data_alarm":[""],"calibration_suitable_ids_gb":[""],"calibration_suitable_ids_us":[""],"show_in_calibration_suitable":[""],"other_features":[""],"shipping":[""],"refrigerant_cabinet":[""],"main_specifications":[""],"shoptimizer_layout_pdp_short_description_position":["default"],"rank_math_primary_product_cat":["0"],"product_datasheet":["10912"],"brand_image":["10467"],"_wpml_media_duplicate":["1"],"_wpml_media_featured":["1"],"_product_attributes":["a:2:{s:16:\"pa_product-brand\";a:6:{s:4:\"name\";s:16:\"pa_product-brand\";s:5:\"value\";s:0:\"\";s:8:\"position\";i:0;s:10:\"is_visible\";i:1;s:12:\"is_variation\";i:0;s:11:\"is_taxonomy\";i:1;}s:19:\"pa_product-features\";a:6:{s:4:\"name\";s:19:\"pa_product-features\";s:5:\"value\";s:0:\"\";s:8:\"position\";i:1;s:10:\"is_visible\";i:1;s:12:\"is_variation\";i:0;s:11:\"is_taxonomy\";i:1;}}"],"_backorders":["no","no"],"_manage_stock":["no","no"],"min_temp":["-40"],"max_temp":["125"],"_min_temp":["field_67ea5eb4e0a77"],"_max_temp":["field_67ea5f81e0a79"],"_wpml_word_count":["329"],"_global_unique_id":["5056744400243"],"rank_math_title":["EL-21CFR-TP-LCD+ | USB Hochpr\u00e4ziser Thermistor-Sondenlogger"],"rank_math_description":["Der EL-21CFR-TP-LCD+ ist ein 21CFR-konformer Datenlogger, der \u00fcber 32.000 Temperaturmesswerte des mitgelieferten hochgenauen Thermistorf\u00fchlers aufzeichnen kann."],"rank_math_focus_keyword":["EL-21CFR-TP-LCD+"],"specifications_table":["<table class=\"specifications\">\n<tbody>\n<tr class=\"even-row\">\n<td class=\"left-td\">Messbereich<\/td>\n<td>-40 bis 125\u00b0C (-40 bis 257\u00b0F)<\/td>\n<\/tr>\n<tr class=\"odd-row\">\n<td class=\"left-td\">Genauigkeit<\/td>\n<td>\u00b10.1\u00b0C (\u00b10.2\u00b0F)<\/td>\n<\/tr>\n<tr class=\"even-row\">\n<td class=\"left-td\">Logging-Rate<\/td>\n<td>Vom Benutzer w\u00e4hlbar zwischen 1 Sekunde und 12 Stunden<\/td>\n<\/tr>\n<tr class=\"odd-row\">\n<td class=\"left-td\">Betriebstemperatur<\/td>\n<td>-35 bis 80\u00b0C (-31 bis 176\u00b0F)<\/td>\n<\/tr>\n<tr class=\"even-row\">\n<td class=\"left-td\">Lebensdauer der Batterie<\/td>\n<td>2 Jahr<\/td>\n<\/tr>\n<tr class=\"odd-row\">\n<td class=\"left-td\">Kalibrierungszertifikat<\/td>\n<td>Separat erh\u00e4ltlich<\/td>\n<\/tr>\n<tr class=\"even-row\">\n<td class=\"left-td\">L\u00e4nge des Sondenkabels<\/td>\n<td>3m (118.1\")<\/td>\n<\/tr>\n<\/tbody>\n<\/table>"],"resources":["<ul class=\"resources-list\">\n \t<li><img src=\"https:\/\/praxas.com\/wp-content\/uploads\/document-icon.png\" alt=\"Dokument-Symbol\"><a href=\"https:\/\/praxas.com\/wp-content\/uploads\/easylog-data-logger-el-21cfr-tp-lcdplus-iss3_10-18-1.pdf\" target=\"_blank\" rel=\"noopener\">EL-21CFR-TP-LCD+ Datenblatt<\/a><\/li>\n \t<li><img src=\"https:\/\/praxas.com\/wp-content\/uploads\/software-icon.png\" alt=\"Software-Symbol\"><a href=\"https:\/\/praxas.com\/software\/easylog-software\/easylog-21cfr-usb\/\" target=\"_blank\" rel=\"noopener\">EasyLog 21CFR Software<\/a><\/li>\n \t<li><img src=\"https:\/\/praxas.com\/wp-content\/uploads\/document-icon.png\" alt=\"Dokument-Symbol\"><a href=\"https:\/\/praxas.com\/wp-content\/uploads\/el-21cfr_qsg.pdf\" target=\"_blank\" rel=\"noopener\">EL-21CFR-TP-LCD+ Schnellstartanleitung<\/a><\/li>\n \t<li><img src=\"https:\/\/praxas.com\/wp-content\/uploads\/document-icon.png\" alt=\"Dokument-Symbol\"><a href=\"https:\/\/praxas.com\/wp-content\/uploads\/el-usb-range-includes-el-gfx-range-troubleshooting.pdf\" target=\"_blank\" rel=\"noopener\">EL-USB Reichweite Fehlersuche<\/a><\/li>\n \t<li><img src=\"https:\/\/praxas.com\/wp-content\/uploads\/video-icon-orange.png\" alt=\"Video-Symbol\"><a href=\"https:\/\/www.youtube.com\/watch?v=cJpI4-i63Tk&list=PL_yZedoZ_7MrSRnF7Sh4M-BymVVqeuO2p\" target=\"_blank\" rel=\"noopener\">21CFR Lehrvideos<\/a><\/li>\n \t<li><img src=\"https:\/\/praxas.com\/wp-content\/uploads\/document-icon.png\" alt=\"Dokument-Symbol\"><a href=\"https:\/\/praxas.com\/wp-content\/uploads\/Declaration-of-Conformity_EasyLog_iss26.pdf\" target=\"_blank\" rel=\"noopener\">EL-21CFR-TP-LCD+ Konformit\u00e4tserkl\u00e4rung<\/a><\/li>\n \t<li><img src=\"https:\/\/praxas.com\/wp-content\/uploads\/document-icon.png\" alt=\"Dokument-Symbol\"><a href=\"https:\/\/praxas.com\/wp-content\/uploads\/bs-en-12830-record-of-compliance-issue-1.pdf\" target=\"_blank\" rel=\"noopener\">BS EN 12830:2018 Nachweis der Einhaltung<\/a><\/li>\n \t<li><img src=\"https:\/\/praxas.com\/wp-content\/uploads\/document-icon.png\" alt=\"Dokument-Symbol\"><a href=\"https:\/\/praxas.com\/wp-content\/uploads\/declaration-of-conformity_easylog_useonaircraft_iss2-4-1.pdf\" target=\"_blank\" rel=\"noopener\">Erkl\u00e4rung zur Verwendung in Flugzeugen<\/a><\/li>\n \t<li><img src=\"https:\/\/praxas.com\/wp-content\/uploads\/document-icon.png\" alt=\"Dokument-Symbol\"><a href=\"https:\/\/praxas.com\/wp-content\/uploads\/21cfr-requirements-checklist_issue_3-04_2020-usb.pdf\" target=\"_blank\" rel=\"noopener\">21CFR Anforderungen Checkliste<\/a><\/li>\n<\/ul>\n<a class=\"button button-secondary\" href=\"https:\/\/praxas.com\/support\/\">Mehr Unterst\u00fctzung<\/a>"],"accessories":["[products skus=\"BAT 3V6 1\/2AA,EL-P-TP+,EL-P-TP,EL-P-VAC,EL-PROBE-EXTENDER-5M,EL-PROBE-EXTENDER-1.5M,EL-PROBE-EXTENDER-3M,EL-PROBE-EXTENDER-10M,Fridge Install Kit-TP\"]"],"faqs":["<span class=\"ui-provider bge bgf bgd bgg bgh bgi bgj bgk bgl bgm bgn bgo bgp bgq bgr bgs bgt bgu bgv bgw bgx bgy bgz bha bhb bhc bhd bhe bhf bhg bhh bhi bhj bhk bhl\" dir=\"ltr\">[accordion]\n[accordion_header]K\u00f6nnten Sie erkl\u00e4ren, was 21CFR Teil 11 ist?[\/accordion_header]\n[accordion_section]Der Code of Federal Regulations 21 Part 11 der US FDA (Food & Drugs Administration) ist eine Erweiterung der bestehenden Vorschriften, in denen definiert wird, welche elektronischen Aufzeichnungen und Signaturen als korrekt anzusehen sind, um Papieraufzeichnungen in der pharmazeutischen und medizinischen Industrie zu ersetzen. Unser System wurde entwickelt, um Unternehmen bei der Einhaltung dieser Vorschriften zu unterst\u00fctzen.[\/accordion_section]\n[\/accordion]<\/span>\n\n<span class=\"ui-provider bge bgf bgd bgg bgh bgi bgj bgk bgl bgm bgn bgo bgp bgq bgr bgs bgt bgu bgv bgw bgx bgy bgz bha bhb bhc bhd bhe bhf bhg bhh bhi bhj bhk bhl\" dir=\"ltr\">[accordion]\n[accordion_header]W\u00e4re das Produkt 21CFR Cloud f\u00fcr mein Unternehmen geeignet?[\/accordion_header]\n[accordion_section]Das Produkt wurde f\u00fcr Unternehmen entwickelt, die ihre Papieraufzeichnungen sicher durch elektronische Mittel ersetzen m\u00f6chten, um die Bestimmungen von 21 CFR Part 11 f\u00fcr die pharmazeutische und medizinische Industrie zu erf\u00fcllen. Auch wenn Sie in der US-amerikanischen Pharma- und Medizinindustrie arbeiten und mit dieser kompatibel sein wollen und Ihre Aufzeichnungen entsprechend rationalisieren m\u00f6chten, w\u00e4re die Einf\u00fchrung einer 21 CFR Cloud von Vorteil.[\/accordion_section]\n[\/accordion]<\/span>\n\n<a class=\"button button-secondary\" href=\"\/support\/21cfr-data-loggers\/\">Mehr Unterst\u00fctzung<\/a>"],"usd_price_4":["0.00"],"usd_price_9":["0.00"],"usd_price_24":["0.00"],"usd_price_49":["0.00"],"usd_price_99":["0.00"],"gbp_price_4":["0.00"],"gbp_price_9":["0.00"],"gbp_price_24":["107.99"],"gbp_price_49":["0.00"],"gbp_price_99":["95.99"],"usdhk_price_4":["0.00"],"usdhk_price_9":["0.00"],"usdhk_price_24":["143.99"],"usdhk_price_49":["0.00"],"usdhk_price_99":["127.99"],"_uag_page_assets":["a:9:{s:3:\"css\";s:0:\"\";s:2:\"js\";s:0:\"\";s:18:\"current_block_list\";a:0:{}s:8:\"uag_flag\";b:0;s:11:\"uag_version\";s:10:\"1777052440\";s:6:\"gfonts\";a:0:{}s:10:\"gfonts_url\";s:0:\"\";s:12:\"gfonts_files\";a:0:{}s:14:\"uag_faq_layout\";b:0;}"],"_regular_price":["156.7","156.7"],"_price":["156.7","156.7"],"hubwoo_ecomm_pro_id":["25380778863"],"_max_variation_price":[""],"_max_variation_regular_price":[""],"_max_variation_sale_price":[""],"_min_variation_price":[""],"_min_variation_regular_price":[""],"_min_variation_sale_price":[""],"_sale_price":[""],"_wc_pb_base_regular_price":[""],"_wc_pb_base_sale_price":[""],"_wc_pb_base_price":[""],"_wc_sw_max_price":[""],"_wc_sw_max_regular_price":[""],"_wc_rating_count":[""]},"uagb_featured_image_src":{"full":["https:\/\/praxas.com\/wp-content\/uploads\/easylog-data-logger-EL-21CFR-TP-LCD-Straight-1.png",800,462,false],"thumbnail":["https:\/\/praxas.com\/wp-content\/uploads\/easylog-data-logger-EL-21CFR-TP-LCD-Straight-1-150x150.png",150,150,true],"medium":["https:\/\/praxas.com\/wp-content\/uploads\/easylog-data-logger-EL-21CFR-TP-LCD-Straight-1-300x173.png",300,173,true],"medium_large":["https:\/\/praxas.com\/wp-content\/uploads\/easylog-data-logger-EL-21CFR-TP-LCD-Straight-1-768x444.png",768,444,true],"large":["https:\/\/praxas.com\/wp-content\/uploads\/easylog-data-logger-EL-21CFR-TP-LCD-Straight-1.png",800,462,false],"1536x1536":["https:\/\/praxas.com\/wp-content\/uploads\/easylog-data-logger-EL-21CFR-TP-LCD-Straight-1.png",800,462,false],"2048x2048":["https:\/\/praxas.com\/wp-content\/uploads\/easylog-data-logger-EL-21CFR-TP-LCD-Straight-1.png",800,462,false],"crunchify-admin-post-featured-image":["https:\/\/praxas.com\/wp-content\/uploads\/easylog-data-logger-EL-21CFR-TP-LCD-Straight-1-120x69.png",120,69,true],"commercegurus-pdp-large":["https:\/\/praxas.com\/wp-content\/uploads\/easylog-data-logger-EL-21CFR-TP-LCD-Straight-1.png",800,462,false],"commercegurus-plp-mobile":["https:\/\/praxas.com\/wp-content\/uploads\/easylog-data-logger-EL-21CFR-TP-LCD-Straight-1-441x255.png",441,255,true],"cgkit_image_swatch":["https:\/\/praxas.com\/wp-content\/uploads\/easylog-data-logger-EL-21CFR-TP-LCD-Straight-1-100x100.png",100,100,true],"woocommerce_thumbnail":["https:\/\/praxas.com\/wp-content\/uploads\/easylog-data-logger-EL-21CFR-TP-LCD-Straight-1-300x173.png",300,173,true],"woocommerce_single":["https:\/\/praxas.com\/wp-content\/uploads\/easylog-data-logger-EL-21CFR-TP-LCD-Straight-1.png",800,462,false],"woocommerce_gallery_thumbnail":["https:\/\/praxas.com\/wp-content\/uploads\/easylog-data-logger-EL-21CFR-TP-LCD-Straight-1-150x87.png",150,87,true]},"uagb_author_info":{"display_name":"AndyS","author_link":"https:\/\/praxas.com\/de\/author\/"},"uagb_comment_info":0,"uagb_excerpt":"21CFR USB Hochpr\u00e4ziser Thermistor-Sondenlogger mit Display","_links":{"self":[{"href":"https:\/\/praxas.com\/de\/wp-json\/wp\/v2\/product\/26817","targetHints":{"allow":["GET"]}}],"collection":[{"href":"https:\/\/praxas.com\/de\/wp-json\/wp\/v2\/product"}],"about":[{"href":"https:\/\/praxas.com\/de\/wp-json\/wp\/v2\/types\/product"}],"wp:featuredmedia":[{"embeddable":true,"href":"https:\/\/praxas.com\/de\/wp-json\/wp\/v2\/media\/26818"}],"wp:attachment":[{"href":"https:\/\/praxas.com\/de\/wp-json\/wp\/v2\/media?parent=26817"}],"wp:term":[{"taxonomy":"product_brand","embeddable":true,"href":"https:\/\/praxas.com\/de\/wp-json\/wp\/v2\/product_brand?post=26817"},{"taxonomy":"product_cat","embeddable":true,"href":"https:\/\/praxas.com\/de\/wp-json\/wp\/v2\/product_cat?post=26817"},{"taxonomy":"product_tag","embeddable":true,"href":"https:\/\/praxas.com\/de\/wp-json\/wp\/v2\/product_tag?post=26817"}],"curies":[{"name":"wp","href":"https:\/\/api.w.org\/{rel}","templated":true}]}}