{"id":27156,"date":"2024-06-12T16:20:15","date_gmt":"2024-06-12T14:20:15","guid":{"rendered":"https:\/\/staging.praxas.com\/product\/unkategorisiert\/logtag-schuetzende-huelle-fuer-datenschreiber\/"},"modified":"2025-10-09T10:07:35","modified_gmt":"2025-10-09T08:07:35","slug":"logtag-schuetzende-huelle-fuer-datenschreiber","status":"publish","type":"product","link":"https:\/\/praxas.com\/de\/product\/datenlogger\/zubehor\/logtag-schuetzende-huelle-fuer-datenschreiber\/","title":{"rendered":"Sch\u00fctzendes Geh\u00e4use"},"content":{"rendered":"<p>Das LogTag Schutzgeh\u00e4use sorgt daf\u00fcr, dass die Datenlogger sicher und gesch\u00fctzt aufbewahrt werden. Dieses Geh\u00e4use wurde speziell f\u00fcr den Einsatz in Umgebungen mit wechselnder Luftfeuchtigkeit und Temperatur entwickelt und bietet Ihren Loggern unter diesen wechselnden Bedingungen zuverl\u00e4ssigen Schutz.<\/p>\n<p>Das Geh\u00e4use ist IP67-zertifiziert, d.h. es ist sowohl staub- als auch wasserdicht bis zu einer Tiefe von 1 Meter. Es wurde entwickelt, um die Auswirkungen der thermischen Verz\u00f6gerung zu minimieren, indem es die Reaktionszeit auf Temperatur\u00e4nderungen in derselben Umgebung um etwa 70% verl\u00e4ngert.<\/p>\n<p>Das Geh\u00e4use besteht aus schlagfestem Polycarbonat-Kunststoff und ist transparent, so dass Sie den LCD-Bildschirm oder die Anzeigen des Loggers gut sehen k\u00f6nnen.<\/p>\n<p><strong>Warum dieses Geh\u00e4use verwenden?<\/strong><\/p>\n<p>Die Produkte von LogTag sind die besten auf dem Markt, aber leider kann es bei rauen Transporten zu Sch\u00e4den kommen. Durch die Unterbringung des Datenloggers in diesem Geh\u00e4use ist der Datenlogger besser gegen St\u00f6\u00dfe oder Schl\u00e4ge gesch\u00fctzt. Dar\u00fcber hinaus ist der Datenlogger dank der Silikongummidichtung vor Staub und Wasser gesch\u00fctzt. Das Polycarbonat-Material h\u00e4lt Alkohole und verd\u00fcnnte S\u00e4uren gut aus. Dies macht das Geh\u00e4use ideal f\u00fcr den Transport unter rauen und wechselnden Bedingungen.<\/p>\n","protected":false},"excerpt":{"rendered":"<ul>\n<li>IP67 Nennwert<\/li>\n<li>Staub- und wasserdicht<\/li>\n<li>Hochschlagfestes Polycarbonat<\/li>\n<li>Silikongummi-Dichtungsmaterial<\/li>\n<\/ul>\n","protected":false},"featured_media":27157,"template":"","meta":{"_acf_changed":false,"content-type":"","_uag_custom_page_level_css":""},"product_brand":[],"product_cat":[979,1121],"product_tag":[2513],"class_list":{"0":"post-27156","1":"product","2":"type-product","3":"status-publish","4":"has-post-thumbnail","6":"product_cat-zubehor","7":"product_cat-sonstiges","8":"product_tag-logtag-de","10":"first","11":"instock","12":"taxable","13":"shipping-taxable","14":"purchasable","15":"product-type-simple"},"bundled_by":[],"bundle_stock_status":"instock","bundle_stock_quantity":null,"bundle_virtual":false,"bundle_layout":"","bundle_add_to_cart_form_location":"","bundle_editable_in_cart":false,"bundle_sold_individually_context":"","bundle_item_grouping":"","bundle_min_size":"","bundle_max_size":"","bundle_price":[],"bundled_items":[],"bundle_sell_ids":[],"acf":[],"spectra_custom_meta":{"_backorders":["no"],"_download_limit":["-1"],"_download_expiry":["-1"],"_downloadable":["no"],"_manage_stock":["no"],"_sku":["PROTECTIVE ENCLOSURE"],"_stock_status":["instock"],"_sold_individually":["no"],"_tax_class":[""],"_tax_status":["taxable"],"_virtual":["no"],"_width":["0"],"_height":["0"],"_length":["0"],"total_sales":["16"],"product_datasheet":[""],"_product_datasheet":["field_650ad7d6ea3a0"],"_connectivity":["field_64dce263bb57c"],"brand":["LogTag"],"_brand":["field_64ddf62ed2593"],"brand_image":[""],"_brand_image":["field_650c5e7c84cae"],"_specifications_table":["field_65044e1db92a8"],"_resources":["field_650849c6945ee"],"_accessories":["field_650849e6945f0"],"_faqs":["field_650859523d8d5"],"_calibration_suitable_ids_gb":["field_654b4c4acb54a"],"_calibration_suitable_ids_us":["field_654b4c56cb54b"],"_show_in_calibration_suitable":["field_654cfb691d345"],"_usd_price_4":["field_651570dcac479"],"_usd_price_9":["field_6515713eb4807"],"_usd_price_24":["field_65157141b4809"],"_usd_price_49":["field_65157140b4808"],"_usd_price_99":["field_6515715bb480a"],"_gbp_price_4":["field_6515716e83bfa"],"_gbp_price_9":["field_6515724783bfb"],"_gbp_price_24":["field_6515724b83bfc"],"_gbp_price_49":["field_6515725983bfd"],"_gbp_price_99":["field_6515725d83bfe"],"_usdhk_price_4":["field_6515726f83bff"],"_usdhk_price_9":["field_6515727c83c00"],"_usdhk_price_24":["field_6515728083c01"],"_usdhk_price_49":["field_6515728983c02"],"_usdhk_price_99":["field_6515728e83c03"],"stock_options":["In stock"],"_stock_options":["field_6544b605dc7f9"],"_top_nav_excluded":[""],"_cms_nav_minihome":[""],"wcml_sync_hash":["a:1:{s:15:\"postmeta_fields\";s:32:\"ede9a1ae170a803a3496bd2990a9a904\";}"],"attr_label_translations":["a:0:{}"],"_product_attributes":["a:1:{s:16:\"pa_product-brand\";a:6:{s:4:\"name\";s:16:\"pa_product-brand\";s:5:\"value\";s:0:\"\";s:8:\"position\";i:0;s:10:\"is_visible\";i:1;s:12:\"is_variation\";i:0;s:11:\"is_taxonomy\";i:1;}}"],"_product_image_gallery":["27158"],"_thumbnail_id":["27157"],"_crosssell_ids":["a:0:{}"],"_last_translation_edit_mode":["translation-editor"],"connectivity":[""],"_display_data_alarm":["field_667d647bcb066"],"_other_features":["field_668524f8c98a4"],"_shipping":["field_66852535c98a5"],"_refrigerant_cabinet":["field_66852557c98a6"],"_main_specifications":["field_66855b25b1245"],"_calibration":["field_66a0ddd599972"],"_edit_lock":["1724255570:8383"],"classic-editor-remember":["classic-editor"],"rank_math_seo_score":["26"],"rank_math_contentai_score":["a:5:{s:8:\"keywords\";s:5:\"74.51\";s:9:\"wordCount\";s:1:\"0\";s:9:\"linkCount\";s:1:\"0\";s:12:\"headingCount\";s:1:\"0\";s:10:\"mediaCount\";s:1:\"0\";}"],"_edit_last":["8383"],"commercekit_gallery_layout":[""],"commercekit_disable_sticky_atc":["0"],"commercekit_wc_video_gallery":["a:0:{}"],"_rank_math_gtin_code":[""],"_wcml_average_rating":[null],"_wcml_review_count":[null],"_wcml_rating_count":[null],"_stock":[null],"_wc_average_rating":[0],"_wc_review_count":["0"],"_product_version":["9.1.4"],"usd_price_4":[""],"usd_price_9":[""],"usd_price_24":[""],"usd_price_49":[""],"usd_price_99":[""],"gbp_price_4":[""],"gbp_price_9":[""],"gbp_price_24":[""],"gbp_price_49":[""],"gbp_price_99":[""],"usdhk_price_4":[""],"usdhk_price_9":[""],"usdhk_price_24":[""],"usdhk_price_49":[""],"usdhk_price_99":[""],"display_data_alarm":[""],"calibration":[""],"accessories":[""],"faqs":[""],"calibration_suitable_ids_gb":[""],"calibration_suitable_ids_us":[""],"show_in_calibration_suitable":[""],"other_features":[""],"shipping":[""],"refrigerant_cabinet":[""],"main_specifications":[""],"shoptimizer_layout_pdp_short_description_position":["default"],"rank_math_analytic_object_id":["705"],"_wpml_media_duplicate":["1"],"_wpml_media_featured":["1"],"_regular_price":["10.50"],"_price":["10.50"],"hubwoo_ecomm_pro_id":["23105838400"],"_weight":["0.041"],"rank_math_primary_product_cat":["147"],"min_temp":[""],"max_temp":[""],"_min_temp":["field_67ea5eb4e0a77"],"_max_temp":["field_67ea5f81e0a79"],"_wpml_word_count":["247"],"rank_math_title":["Sch\u00fctzendes Geh\u00e4use: F\u00fcr eine sichere \u00dcberwachung %sep% %sitename%"],"rank_math_description":["LogTag Schutzgeh\u00e4use zur Gew\u00e4hrleistung der Sicherheit unter rauen Bedingungen. IP67-zertifiziertes, staub- und wasserdichtes Geh\u00e4use. \n"],"rank_math_focus_keyword":["Sch\u00fctzendes Geh\u00e4use"],"specifications_table":["<table class=\"specifications\">\n<tbody>\n<tr>\n<td class=\"left-td\">Unterst\u00fctzte LogTag\u00ae-Modelle<\/td>\n<td>TRID30-7x, TRIX-8\/16, SRIC-4, TRIL-8\/SRIL-8, alle USB-Logger (au\u00dfer Feuchtigkeitsmodelle)<\/td>\n<\/tr>\n<tr>\n<td class=\"left-td\">Temperaturbereich bei Lagerung<\/td>\n<td>-40\u00b0C bis +85\u00b0C (-40\u00b0F bis +185\u00b0F)<\/td>\n<\/tr>\n<tr>\n<td class=\"left-td\">Schutzart<\/td>\n<td>IP67 (entspricht NEMA6) f\u00fcr Temperaturen von 1\u00b0C bis +40\u00b0C (33\u00b0F bis +104\u00b0F)<\/td>\n<\/tr>\n<tr>\n<td class=\"left-td\">Material Geh\u00e4use<\/td>\n<td>Klares Polykarbonat<\/td>\n<\/tr>\n<tr>\n<td class=\"left-td\">Material der Dichtung<\/td>\n<td>Silikongummi<\/td>\n<\/tr>\n<tr>\n<td class=\"left-td\">Chemische Best\u00e4ndigkeit<\/td>\n<td>Im Allgemeinen h\u00e4lt das Polycarbonatmaterial Alkohole und verd\u00fcnnte S\u00e4uren gut aus.\nProbleme k\u00f6nnen bei Kohlenwasserstoffen, Phenolen, Estern, Ketonen und Alkalien auftreten, insbesondere bei erh\u00f6hten Temperaturen. <\/td>\n<\/tr>\n<tr>\n<td class=\"left-td\">Gr\u00f6\u00dfe<\/td>\n<td>104mm (L - ohne Lasche) x 76,5mm (B - einschlie\u00dflich Clips und Scharnier) x 13mm (T)<\/td>\n<\/tr>\n<tr>\n<td class=\"left-td\">Gewicht<\/td>\n<td>41g<\/td>\n<\/tr>\n<tr>\n<td class=\"left-td\">T90 Thermische Leistung<\/td>\n<td>Mit TRIX-8 in 1 m\/s Luft: T90 = 10 Minuten\nMit TRID30-7x in 1 m\/s Luft: T90 = 17 Minuten<\/td>\n<\/tr>\n<\/tbody>\n<\/table>"],"resources":["<a href=\"https:\/\/praxas.com\/wp-content\/uploads\/LogTag_Protective_Enclosure_Brochure.pdf\"><img src=\"https:\/\/praxas.com\/wp-content\/uploads\/document-icon.png\" alt=\"Dokument-Symbol\">LogTag Schutzgeh\u00e4use Brosch\u00fcre<\/a>\n\n<a href=\"https:\/\/praxas.com\/wp-content\/uploads\/LogTag_Protective_Enclosure_Instructions.pdf\"><img src=\"https:\/\/praxas.com\/wp-content\/uploads\/document-icon.png\" alt=\"Dokument-Symbol\">LogTag Schutzgeh\u00e4use Gebrauchsanweisung<\/a>"],"_uag_page_assets":["a:9:{s:3:\"css\";s:0:\"\";s:2:\"js\";s:0:\"\";s:18:\"current_block_list\";a:0:{}s:8:\"uag_flag\";b:0;s:11:\"uag_version\";s:10:\"1775212209\";s:6:\"gfonts\";a:0:{}s:10:\"gfonts_url\";s:0:\"\";s:12:\"gfonts_files\";a:0:{}s:14:\"uag_faq_layout\";b:0;}"],"_max_variation_price":[""],"_max_variation_regular_price":[""],"_max_variation_sale_price":[""],"_min_variation_price":[""],"_min_variation_regular_price":[""],"_min_variation_sale_price":[""],"_sale_price":[""],"_wc_pb_base_regular_price":[""],"_wc_pb_base_sale_price":[""],"_wc_pb_base_price":[""],"_wc_sw_max_price":[""],"_wc_sw_max_regular_price":[""],"_wc_rating_count":[""]},"uagb_featured_image_src":{"full":["https:\/\/praxas.com\/wp-content\/uploads\/logtag-logtag-protective-enclosure-for-dataloggers-800px.jpg",800,463,false],"thumbnail":["https:\/\/praxas.com\/wp-content\/uploads\/logtag-logtag-protective-enclosure-for-dataloggers-800px-150x150.jpg",150,150,true],"medium":["https:\/\/praxas.com\/wp-content\/uploads\/logtag-logtag-protective-enclosure-for-dataloggers-800px-300x174.jpg",300,174,true],"medium_large":["https:\/\/praxas.com\/wp-content\/uploads\/logtag-logtag-protective-enclosure-for-dataloggers-800px-768x444.jpg",768,444,true],"large":["https:\/\/praxas.com\/wp-content\/uploads\/logtag-logtag-protective-enclosure-for-dataloggers-800px.jpg",800,463,false],"1536x1536":["https:\/\/praxas.com\/wp-content\/uploads\/logtag-logtag-protective-enclosure-for-dataloggers-800px.jpg",800,463,false],"2048x2048":["https:\/\/praxas.com\/wp-content\/uploads\/logtag-logtag-protective-enclosure-for-dataloggers-800px.jpg",800,463,false],"crunchify-admin-post-featured-image":["https:\/\/praxas.com\/wp-content\/uploads\/logtag-logtag-protective-enclosure-for-dataloggers-800px-120x69.jpg",120,69,true],"commercegurus-pdp-large":["https:\/\/praxas.com\/wp-content\/uploads\/logtag-logtag-protective-enclosure-for-dataloggers-800px.jpg",800,463,false],"commercegurus-plp-mobile":["https:\/\/praxas.com\/wp-content\/uploads\/logtag-logtag-protective-enclosure-for-dataloggers-800px-441x255.jpg",441,255,true],"cgkit_image_swatch":["https:\/\/praxas.com\/wp-content\/uploads\/logtag-logtag-protective-enclosure-for-dataloggers-800px-100x100.jpg",100,100,true],"woocommerce_thumbnail":["https:\/\/praxas.com\/wp-content\/uploads\/logtag-logtag-protective-enclosure-for-dataloggers-800px-350x203.jpg",350,203,true],"woocommerce_single":["https:\/\/praxas.com\/wp-content\/uploads\/logtag-logtag-protective-enclosure-for-dataloggers-800px.jpg",800,463,false],"woocommerce_gallery_thumbnail":["https:\/\/praxas.com\/wp-content\/uploads\/logtag-logtag-protective-enclosure-for-dataloggers-800px-150x87.jpg",150,87,true]},"uagb_author_info":{"display_name":"Beth Foord","author_link":"https:\/\/praxas.com\/de\/author\/"},"uagb_comment_info":0,"uagb_excerpt":"IP67 Nennwert Staub- und wasserdicht Hochschlagfestes Polycarbonat Silikongummi-Dichtungsmaterial","_links":{"self":[{"href":"https:\/\/praxas.com\/de\/wp-json\/wp\/v2\/product\/27156","targetHints":{"allow":["GET"]}}],"collection":[{"href":"https:\/\/praxas.com\/de\/wp-json\/wp\/v2\/product"}],"about":[{"href":"https:\/\/praxas.com\/de\/wp-json\/wp\/v2\/types\/product"}],"wp:featuredmedia":[{"embeddable":true,"href":"https:\/\/praxas.com\/de\/wp-json\/wp\/v2\/media\/27157"}],"wp:attachment":[{"href":"https:\/\/praxas.com\/de\/wp-json\/wp\/v2\/media?parent=27156"}],"wp:term":[{"taxonomy":"product_brand","embeddable":true,"href":"https:\/\/praxas.com\/de\/wp-json\/wp\/v2\/product_brand?post=27156"},{"taxonomy":"product_cat","embeddable":true,"href":"https:\/\/praxas.com\/de\/wp-json\/wp\/v2\/product_cat?post=27156"},{"taxonomy":"product_tag","embeddable":true,"href":"https:\/\/praxas.com\/de\/wp-json\/wp\/v2\/product_tag?post=27156"}],"curies":[{"name":"wp","href":"https:\/\/api.w.org\/{rel}","templated":true}]}}