{"id":27173,"date":"2023-06-28T13:57:00","date_gmt":"2023-06-28T11:57:00","guid":{"rendered":"https:\/\/staging.praxas.com\/product\/unkategorisiert\/sp-100\/"},"modified":"2025-10-09T10:16:29","modified_gmt":"2025-10-09T08:16:29","slug":"sp-100","status":"publish","type":"product","link":"https:\/\/praxas.com\/de\/product\/uncategorized-de\/sp-100\/","title":{"rendered":"SP 100"},"content":{"rendered":"<p>Dieses ultraflache Messger\u00e4t verf\u00fcgt \u00fcber ein 3\u00bd-stelliges LED-Display mit 9,4 mm (0,37&#8243;) Ziffernh\u00f6he. Dieses Messger\u00e4t mit 200mV Gleichstrom-Vollskala, Auto-Nullstellung und Auto-Polarit\u00e4t wird direkt in zwei 6-polige SIL-Buchsen eingesteckt und kann mit Hilfe des Befestigungsclips in ein Panel eingebaut werden. Der Spritzwasserschutz wird durch den Einbau der mitgelieferten Dichtung erreicht. Der SP 100 ist ein preiswertes, beliebtes Teil, das normalerweise in gro\u00dfen Mengen auf Lager ist und sich f\u00fcr neue Designs eignet.<\/p>\n","protected":false},"excerpt":{"rendered":"<p>Spritzwassergesch\u00fctztes Ultra Low Profile LED Voltmeter, 12 Pin Version<\/p>\n","protected":false},"featured_media":27174,"template":"","meta":{"_acf_changed":false,"content-type":"","_uag_custom_page_level_css":""},"product_brand":[],"product_cat":[2644],"product_tag":[1041],"class_list":{"0":"post-27173","1":"product","2":"type-product","3":"status-publish","4":"has-post-thumbnail","6":"product_cat-uncategorized-de","7":"product_tag-spritzwassergeschutzt","9":"first","10":"instock","11":"taxable","12":"shipping-taxable","13":"purchasable","14":"product-type-simple"},"bundled_by":[],"bundle_stock_status":"instock","bundle_stock_quantity":100,"bundle_virtual":false,"bundle_layout":"","bundle_add_to_cart_form_location":"","bundle_editable_in_cart":false,"bundle_sold_individually_context":"","bundle_item_grouping":"","bundle_min_size":"","bundle_max_size":"","bundle_price":[],"bundled_items":[],"bundle_sell_ids":[],"acf":[],"spectra_custom_meta":{"_wcml_average_rating":[null],"_wcml_review_count":[null],"_wcml_rating_count":[null],"_download_limit":["-1","-1"],"_download_expiry":["-1","-1"],"_downloadable":["no","no"],"_stock_status":["instock","instock","instock"],"_sold_individually":["no","no"],"_tax_class":["",""],"_tax_status":["taxable","taxable"],"_virtual":["no","no"],"_weight":["0.018"],"_width":["0"],"_height":["0"],"_length":["0"],"total_sales":["0","0"],"product_datasheet":["10411"],"_product_datasheet":["field_650ad7d6ea3a0"],"_connectivity":["field_64dce263bb57c"],"brand":["Lascar"],"_brand":["field_64ddf62ed2593"],"brand_image":["10548"],"_brand_image":["field_650c5e7c84cae"],"_specifications_table":["field_65044e1db92a8"],"_resources":["field_650849c6945ee"],"_accessories":["field_650849e6945f0"],"_faqs":["field_650859523d8d5"],"_calibration_suitable_ids_gb":["field_654b4c4acb54a"],"_calibration_suitable_ids_us":["field_654b4c56cb54b"],"_show_in_calibration_suitable":["field_654cfb691d345"],"_usd_price_4":["field_651570dcac479"],"_usd_price_9":["field_6515713eb4807"],"_usd_price_24":["field_65157141b4809"],"_usd_price_49":["field_65157140b4808"],"_usd_price_99":["field_6515715bb480a"],"_gbp_price_4":["field_6515716e83bfa"],"_gbp_price_9":["field_6515724783bfb"],"_gbp_price_24":["field_6515724b83bfc"],"_gbp_price_49":["field_6515725983bfd"],"_gbp_price_99":["field_6515725d83bfe"],"_usdhk_price_4":["field_6515726f83bff"],"_usdhk_price_9":["field_6515727c83c00"],"_usdhk_price_24":["field_6515728083c01"],"_usdhk_price_49":["field_6515728983c02"],"_usdhk_price_99":["field_6515728e83c03"],"stock_options":["In stock"],"_stock_options":["field_6544b605dc7f9"],"_top_nav_excluded":[""],"_cms_nav_minihome":[""],"wcml_sync_hash":["a:1:{s:15:\"postmeta_fields\";s:32:\"26ecff0cd0ea9f213f285318ae970e86\";}"],"attr_label_translations":["a:0:{}"],"_product_attributes":["a:1:{s:17:\"pa_product-family\";a:6:{s:4:\"name\";s:17:\"pa_product-family\";s:5:\"value\";s:0:\"\";s:8:\"position\";i:0;s:10:\"is_visible\";i:1;s:12:\"is_variation\";i:0;s:11:\"is_taxonomy\";i:1;}}"],"_product_image_gallery":["27175,27176,27177"],"_thumbnail_id":["27174"],"_crosssell_ids":["a:0:{}"],"_stock":["100.000000"],"_last_translation_edit_mode":["translation-editor"],"_sku":["SP 100","SP 100"],"connectivity":[""],"_display_data_alarm":["field_667d647bcb066"],"_calibration":["field_66a0ddd599972"],"_shipping":["field_66852535c98a5"],"_refrigerant_cabinet":["field_66852557c98a6"],"_main_specifications":["field_66855b25b1245"],"_backorders":["no","no"],"_manage_stock":["no","no"],"rank_math_primary_product_cat":["0"],"faqs":["[accordion]\n[accordion_header]Ich habe einige Anwendungsfragen zu meinem Panel-Instrument. Gibt es einen Bewerbungsleitfaden, den ich einsehen kann?[\/accordion_header]\n[accordion_section]Ja, bitte lesen Sie unseren <strong><a href=\"\/wp-content\/uploads\/display_application_notes_iss_3-1.pdf\">Anwendungsleitfaden Panel Instrumentation<\/a><\/strong> [\/accordion_section]\n[\/accordion]\n\n<a class=\"button button-orange\" href=\"\/support\/\">Mehr Unterst\u00fctzung<\/a>"],"usd_price_4":["0.00"],"usd_price_9":["0.00"],"usd_price_24":["0.00"],"usd_price_49":["0.00"],"usd_price_99":["0.00"],"gbp_price_49":["0.00"],"gbp_price_99":["0.00"],"usdhk_price_49":["0.00"],"usdhk_price_99":["0.00"],"_wpml_word_count":["104"],"_other_features":[""],"min_temp":[""],"max_temp":[""],"_min_temp":[""],"_max_temp":[""],"_other_features_arctiko":[""],"rank_math_title":["SP 100 | Spritzwassergesch\u00fctztes Low Profile LED Voltmeter | Praxas"],"rank_math_description":["Sind Sie auf der Suche nach einem schlanken, vielseitigen Messger\u00e4t? Das SP 100 verf\u00fcgt \u00fcber eine 3\u00bd-stellige LED-Anzeige, eine 200mV-Gleichstromanzeige, eine direkte Steckfunktion, einen Spritzwasserschutz und mehr."],"rank_math_focus_keyword":["SP 100"],"specifications_table":["<table class=\"specifications\">\n<tbody>\n<tr class=\"even-row\">\n<td class=\"left-td\">Genauigkeit (Gesamtfehler)<\/td>\n<td>0,1 % (\u00b11 Z\u00e4hlung)<\/td>\n<\/tr>\n<tr class=\"odd-row\">\n<td class=\"left-td\">Betriebstemperatur<\/td>\n<td>0 bis 50 \u00b0C (32 bis 122 \u00b0F)<\/td>\n<\/tr>\n<tr class=\"even-row\">\n<td class=\"left-td\">Abtastrate<\/td>\n<td>2,5 Proben\/Sek.<\/td>\n<\/tr>\n<tr class=\"odd-row\">\n<td class=\"left-td\">Versorgungsspannung<\/td>\n<td>4,75 bis 5,25 V d.c.<\/td>\n<\/tr>\n<tr class=\"even-row\">\n<td class=\"left-td\">Versorgungsstrom<\/td>\n<td>50 bis 90 mA<\/td>\n<\/tr>\n<\/tbody>\n<\/table>"],"resources":["<ul class=\"resources-list\">\n \t<li><img src=\"https:\/\/praxas.com\/wp-content\/uploads\/document-icon.png\" alt=\"Dokument-Symbol\"><a href=\"https:\/\/praxas.com\/wp-content\/uploads\/sp-100.pdf\" target=\"_blank\" rel=\"noopener\">SP 100 Datenblatt<\/a><\/li>\n \t<li><img src=\"https:\/\/praxas.com\/wp-content\/uploads\/document-icon.png\" alt=\"Dokument-Symbol\">\n<a href=\"https:\/\/praxas.com\/wp-content\/uploads\/display_application_notes_iss_3.pdf\" target=\"_blank\" rel=\"noopener\">Panel Instrument Anwendungshinweise<\/a><\/li>\n \t<li><img src=\"https:\/\/praxas.com\/wp-content\/uploads\/document-icon.png\" alt=\"Dokument-Symbol\"><a href=\"https:\/\/praxas.com\/wp-content\/uploads\/declaration-of-conformity_panelmeters_iss3_30-06-2020.pdf\" target=\"_blank\" rel=\"noopener\">Konformit\u00e4tserkl\u00e4rung<\/a><\/li>\n<\/ul>\n\u00a0"],"gbp_price_4":["22.07"],"gbp_price_9":["21.38"],"gbp_price_24":["20.69"],"usdhk_price_4":["28.79"],"usdhk_price_9":["27.89"],"usdhk_price_24":["26.99"],"_uag_page_assets":["a:9:{s:3:\"css\";s:0:\"\";s:2:\"js\";s:0:\"\";s:18:\"current_block_list\";a:0:{}s:8:\"uag_flag\";b:0;s:11:\"uag_version\";s:10:\"1775212209\";s:6:\"gfonts\";a:0:{}s:10:\"gfonts_url\";s:0:\"\";s:12:\"gfonts_files\";a:0:{}s:14:\"uag_faq_layout\";b:0;}"],"_regular_price":["30.65","30.65"],"_price":["30.65","30.65"],"_max_variation_price":[""],"_max_variation_regular_price":[""],"_max_variation_sale_price":[""],"_min_variation_price":[""],"_min_variation_regular_price":[""],"_min_variation_sale_price":[""],"_sale_price":[""],"_wc_pb_base_regular_price":[""],"_wc_pb_base_sale_price":[""],"_wc_pb_base_price":[""],"_wc_sw_max_price":[""],"_wc_sw_max_regular_price":[""],"_wc_rating_count":[""],"_wc_review_count":[""],"_wc_average_rating":[0]},"uagb_featured_image_src":{"full":["https:\/\/praxas.com\/wp-content\/uploads\/SP-100-Straight-On-With-digits-Flat.png",800,463,false],"thumbnail":["https:\/\/praxas.com\/wp-content\/uploads\/SP-100-Straight-On-With-digits-Flat-150x150.png",150,150,true],"medium":["https:\/\/praxas.com\/wp-content\/uploads\/SP-100-Straight-On-With-digits-Flat-300x174.png",300,174,true],"medium_large":["https:\/\/praxas.com\/wp-content\/uploads\/SP-100-Straight-On-With-digits-Flat-768x444.png",768,444,true],"large":["https:\/\/praxas.com\/wp-content\/uploads\/SP-100-Straight-On-With-digits-Flat.png",800,463,false],"1536x1536":["https:\/\/praxas.com\/wp-content\/uploads\/SP-100-Straight-On-With-digits-Flat.png",800,463,false],"2048x2048":["https:\/\/praxas.com\/wp-content\/uploads\/SP-100-Straight-On-With-digits-Flat.png",800,463,false],"crunchify-admin-post-featured-image":["https:\/\/praxas.com\/wp-content\/uploads\/SP-100-Straight-On-With-digits-Flat-120x69.png",120,69,true],"commercegurus-pdp-large":["https:\/\/praxas.com\/wp-content\/uploads\/SP-100-Straight-On-With-digits-Flat.png",800,463,false],"commercegurus-plp-mobile":["https:\/\/praxas.com\/wp-content\/uploads\/SP-100-Straight-On-With-digits-Flat-441x255.png",441,255,true],"cgkit_image_swatch":["https:\/\/praxas.com\/wp-content\/uploads\/SP-100-Straight-On-With-digits-Flat-100x100.png",100,100,true],"woocommerce_thumbnail":["https:\/\/praxas.com\/wp-content\/uploads\/SP-100-Straight-On-With-digits-Flat-300x174.png",300,174,true],"woocommerce_single":["https:\/\/praxas.com\/wp-content\/uploads\/SP-100-Straight-On-With-digits-Flat.png",800,463,false],"woocommerce_gallery_thumbnail":["https:\/\/praxas.com\/wp-content\/uploads\/SP-100-Straight-On-With-digits-Flat-150x87.png",150,87,true]},"uagb_author_info":{"display_name":"AndyS","author_link":"https:\/\/praxas.com\/de\/author\/"},"uagb_comment_info":0,"uagb_excerpt":"Spritzwassergesch\u00fctztes Ultra Low Profile LED Voltmeter, 12 Pin Version","_links":{"self":[{"href":"https:\/\/praxas.com\/de\/wp-json\/wp\/v2\/product\/27173","targetHints":{"allow":["GET"]}}],"collection":[{"href":"https:\/\/praxas.com\/de\/wp-json\/wp\/v2\/product"}],"about":[{"href":"https:\/\/praxas.com\/de\/wp-json\/wp\/v2\/types\/product"}],"wp:featuredmedia":[{"embeddable":true,"href":"https:\/\/praxas.com\/de\/wp-json\/wp\/v2\/media\/27174"}],"wp:attachment":[{"href":"https:\/\/praxas.com\/de\/wp-json\/wp\/v2\/media?parent=27173"}],"wp:term":[{"taxonomy":"product_brand","embeddable":true,"href":"https:\/\/praxas.com\/de\/wp-json\/wp\/v2\/product_brand?post=27173"},{"taxonomy":"product_cat","embeddable":true,"href":"https:\/\/praxas.com\/de\/wp-json\/wp\/v2\/product_cat?post=27173"},{"taxonomy":"product_tag","embeddable":true,"href":"https:\/\/praxas.com\/de\/wp-json\/wp\/v2\/product_tag?post=27173"}],"curies":[{"name":"wp","href":"https:\/\/api.w.org\/{rel}","templated":true}]}}