{"id":27309,"date":"2023-06-26T19:33:00","date_gmt":"2023-06-26T17:33:00","guid":{"rendered":"https:\/\/staging.praxas.com\/product\/unkategorisiert\/el-wifi-tc\/"},"modified":"2025-10-14T17:29:48","modified_gmt":"2025-10-14T15:29:48","slug":"el-wifi-tc","status":"publish","type":"product","link":"https:\/\/praxas.com\/de\/product\/datenlogger\/temperatur-datenlogger\/el-wifi-tc\/","title":{"rendered":"EL-WiFi-TC"},"content":{"rendered":"<p>Dieser WiFi-f\u00e4hige Datenlogger kann eine Umgebung mit einem austauschbaren Thermoelement vom Typ J, K oder T aus der Ferne \u00fcberwachen. Er wird mit einer Sonde vom Typ K geliefert und hat einen Messbereich von 0 bis 200\u00b0C (32 bis 392\u00b0F). Die Daten werden in regelm\u00e4\u00dfigen Abst\u00e4nden \u00fcber ein Standard-WiFi-Netzwerk auf die <a href=\"https:\/\/praxas.com\/en\/easylog-cloud\/\"><br \/>\n  <strong>EasyLog Cloud<\/strong><br \/>\n<\/a> oder einen einzelnen Host-PC hochgeladen.<\/p>\n<p>EasyLog Cloud erm\u00f6glicht den Zugriff auf jeden Datenlogger und die gesammelten Daten von jedem internetf\u00e4higen Ger\u00e4t aus. \u00c4ndern Sie die Einstellungen des Datenloggers aus der Ferne, erhalten Sie E-Mail-Benachrichtigungen bei Alarmbedingungen, verkn\u00fcpfen Sie Sensoren von mehreren Standorten mit einem Konto und vergeben Sie mehrere Benutzerberechtigungen.<\/p>\n<p>Das Ger\u00e4t speichert Daten intern, wenn es die WiFi-Verbindung verliert, und l\u00e4dt sie automatisch in die Cloud hoch, sobald es wieder verbunden ist.<\/p>\n<p>Verwenden Sie die <a href=\"https:\/\/praxas.com\/en\/easylog-cloud\/\"><br \/>\n  <strong>EasyLog Cloud<\/strong><br \/>\n<\/a> Apps f\u00fcr Android und Apple, um Ihr Ger\u00e4t einfach einzurichten und jederzeit und \u00fcberall auf Ihre Daten zuzugreifen.<\/p>\n<p>Dieses Produkt entspricht der Norm BS EN 12830:2018 (Temperaturaufzeichnungsger\u00e4te f\u00fcr den Transport, die Lagerung und den Vertrieb temperaturempfindlicher Waren).<\/p>\n","protected":false},"excerpt":{"rendered":"<p>WiFi Thermoelement-Datenlogger<\/p>\n","protected":false},"featured_media":27310,"template":"","meta":{"_acf_changed":false,"content-type":"","_uag_custom_page_level_css":""},"product_brand":[],"product_cat":[1010],"product_tag":[1003,2432,1013,987,988,996,985],"class_list":{"0":"post-27309","1":"product","2":"type-product","3":"status-publish","4":"has-post-thumbnail","6":"product_cat-temperatur-datenlogger","7":"product_tag-anzeige","8":"product_tag-easylog","9":"product_tag-easylog-cloud-de","10":"product_tag-externe-sonde-de","11":"product_tag-iot-de","12":"product_tag-thermoelement","13":"product_tag-wifi-de","15":"first","16":"instock","17":"taxable","18":"shipping-taxable","19":"purchasable","20":"product-type-simple"},"bundled_by":[],"bundle_stock_status":"instock","bundle_stock_quantity":10,"bundle_virtual":false,"bundle_layout":"","bundle_add_to_cart_form_location":"","bundle_editable_in_cart":false,"bundle_sold_individually_context":"","bundle_item_grouping":"","bundle_min_size":"","bundle_max_size":"","bundle_price":[],"bundled_items":[],"bundle_sell_ids":[],"acf":[],"spectra_custom_meta":{"_download_limit":["-1","-1"],"_download_expiry":["-1","-1"],"_downloadable":["no","no"],"_sku":["EL-WiFi-TC","EL-WiFi-TC"],"_stock_status":["instock","instock","instock","instock"],"_sold_individually":["no","no"],"_tax_class":["",""],"_tax_status":["taxable","taxable"],"_virtual":["no","no"],"_weight":["0.195"],"_width":["0"],"_height":["0"],"_length":["0","0"],"total_sales":["11","11"],"_product_datasheet":["field_650ad7d6ea3a0"],"connectivity":["WiFi","WiFi"],"_connectivity":["field_64dce263bb57c","field_64dce263bb57c"],"brand":["EasyLog","EasyLog"],"_brand":["field_64ddf62ed2593","field_64ddf62ed2593"],"_brand_image":["field_650c5e7c84cae"],"_specifications_table":["field_65044e1db92a8"],"_display_data_alarm":["field_667d647bcb066"],"_resources":["field_650849c6945ee"],"_accessories":["field_650849e6945f0","field_650849e6945f0"],"_faqs":["field_650859523d8d5"],"_calibration_suitable_ids_gb":["field_654b4c4acb54a"],"_calibration_suitable_ids_us":["field_654b4c56cb54b"],"_show_in_calibration_suitable":["field_654cfb691d345"],"_usd_price_4":["field_651570dcac479"],"_usd_price_9":["field_6515713eb4807"],"_usd_price_24":["field_65157141b4809"],"_usd_price_49":["field_65157140b4808"],"_usd_price_99":["field_6515715bb480a"],"_gbp_price_4":["field_6515716e83bfa"],"_gbp_price_9":["field_6515724783bfb"],"_gbp_price_24":["field_6515724b83bfc"],"_gbp_price_49":["field_6515725983bfd"],"_gbp_price_99":["field_6515725d83bfe"],"_usdhk_price_4":["field_6515726f83bff"],"_usdhk_price_9":["field_6515727c83c00"],"_usdhk_price_24":["field_6515728083c01"],"_usdhk_price_49":["field_6515728983c02"],"_usdhk_price_99":["field_6515728e83c03"],"stock_options":["In stock"],"_stock_options":["field_6544b605dc7f9"],"_top_nav_excluded":[""],"_cms_nav_minihome":[""],"wcml_sync_hash":["a:1:{s:15:\"postmeta_fields\";s:32:\"687b0fafa7936edbc28cf52192602c60\";}"],"attr_label_translations":["a:0:{}"],"_product_image_gallery":["27311,27312"],"_thumbnail_id":["27310"],"_crosssell_ids":["a:0:{}"],"_stock":["10.000000"],"_last_translation_edit_mode":["translation-editor"],"calibration":[""],"_calibration":["field_66a0ddd599972"],"_shipping":["field_66852535c98a5"],"_refrigerant_cabinet":["field_66852557c98a6"],"_main_specifications":["field_66855b25b1245"],"_edit_lock":["1722262980:8383"],"classic-editor-remember":["classic-editor"],"rank_math_seo_score":["79"],"_edit_last":["8383"],"commercekit_gallery_layout":[""],"commercekit_disable_sticky_atc":["0"],"commercekit_wc_video_gallery":["a:0:{}"],"_rank_math_gtin_code":[""],"_wcml_average_rating":[null],"_wcml_review_count":[null],"_wcml_rating_count":[null],"_wc_average_rating":[0],"_wc_review_count":["0"],"_product_version":["9.1.2"],"display_data_alarm":[""],"calibration_suitable_ids_gb":[""],"calibration_suitable_ids_us":[""],"other_features":[""],"shipping":[""],"refrigerant_cabinet":[""],"main_specifications":[""],"shoptimizer_layout_pdp_short_description_position":["default"],"product_datasheet":["10553"],"brand_image":["10467"],"_wpml_media_duplicate":["1"],"_wpml_media_featured":["1"],"_product_attributes":["a:2:{s:16:\"pa_product-brand\";a:6:{s:4:\"name\";s:16:\"pa_product-brand\";s:5:\"value\";s:0:\"\";s:8:\"position\";i:0;s:10:\"is_visible\";i:1;s:12:\"is_variation\";i:0;s:11:\"is_taxonomy\";i:1;}s:19:\"pa_product-features\";a:6:{s:4:\"name\";s:19:\"pa_product-features\";s:5:\"value\";s:0:\"\";s:8:\"position\";i:1;s:10:\"is_visible\";i:1;s:12:\"is_variation\";i:0;s:11:\"is_taxonomy\";i:1;}}"],"_backorders":["no","no"],"_manage_stock":["no","no"],"min_temp":["0"],"max_temp":["200"],"_min_temp":["field_67ea5eb4e0a77"],"_max_temp":["field_67ea5f81e0a79"],"_wpml_word_count":["213"],"rank_math_primary_product_cat":["87","87"],"_global_unique_id":["5056744400069"],"faqs":["[accordion]\n[accordion_header]Warum erhalte ich keine E-Mails f\u00fcr meine Cloud-Benachrichtigungen?[\/accordion_header]\n[accordion_section]Wenn Sie keine E-Mail-Benachrichtigungen f\u00fcr Cloud-Benachrichtigungen erhalten, kann das daran liegen, dass Sie keine Benachrichtigungen erhalten;\n\nSie haben sich m\u00f6glicherweise von der Mailingliste abgemeldet. Sie k\u00f6nnen dies auf der Seite des Cloud-Kontos zur\u00fccksetzen oder uns \u00fcber die Support-Seite kontaktieren.\nM\u00f6glicherweise hat Ihr Unternehmen unsere E-Mail-Adresse im Rahmen seiner Richtlinien f\u00fcr sein System gesperrt. M\u00f6glicherweise m\u00fcssen Sie um Erlaubnis bitten, damit die E-Mails empfangen werden k\u00f6nnen.\nM\u00f6glicherweise sind die E-Mail-Benachrichtigungen nicht korrekt eingerichtet.  Bitte <strong>\n  <a href=\"https:\/\/www.youtube.com\/watch?v=bSCzU2txTIo\" target=\"_blank\" rel=\"noopener\">sehen Sie sich dieses Lernprogramm an<\/a>\n<\/strong> wie Sie Benachrichtigungen einrichten k\u00f6nnen.\n\n[\/accordion_section]\n[\/accordion]\n\n[accordion]\n[accordion_header]Warum l\u00e4sst sich mein Ger\u00e4t nicht mit dem drahtlosen Netzwerk verbinden?[\/accordion_header]\n[accordion_section]\n\nSie k\u00f6nnen die folgenden Schritte durchf\u00fchren, um dieses Problem zu beheben:\n\nGrundlegende Checks:\n\n1) \u00dcberpr\u00fcfen Sie, ob das eingegebene Passwort korrekt ist.\n\n2) Stellen Sie sicher, dass der SSID-Name keine Leerzeichen oder andere Sonderzeichen enth\u00e4lt.\n\n3) \u00dcberpr\u00fcfen Sie, ob Ihr Netzwerk \u00fcber eine Internetverbindung verf\u00fcgt.\n\n4) Stellen Sie sicher, dass sich das Ger\u00e4t in Reichweite des Routers befindet.\n\n5) Ein 2.4GHz Netzwerk, das 802.11b, g oder n unterst\u00fctzt, ist erforderlich. 5GHz-Netzwerke werden nicht unterst\u00fctzt.\n\nErweiterte Netzwerk\u00fcberpr\u00fcfungen:\n\n6) TCP Port 14354 ist f\u00fcr den ausgehenden Datenverkehr in Ihrem Netzwerk und Ihrer Firewall ge\u00f6ffnet.\n\n7) Vergewissern Sie sich, dass die MAC-Filterung nicht eingeschaltet ist, oder dass die MAC-Adresse des Ger\u00e4ts in der Liste der bekannten Ger\u00e4te enthalten ist, wenn sie eingeschaltet ist.\n\n8) \u00dcberpr\u00fcfen Sie, ob der DHCP-Dienst l\u00e4uft. Dadurch kann dem Ger\u00e4t eine IP-Adresse zugewiesen werden. Normalerweise l\u00e4uft der DHCP-Dienst entweder in Ihrem Router oder auf einem Netzwerkserver. Vergewissern Sie sich, dass der konfigurierte DHCP-IP-Adressbereich das Hinzuf\u00fcgen neuer Ger\u00e4te erlaubt, wenn nicht, erweitern Sie den Bereich.\n\n9) Wenn Ihr drahtloses Netzwerk die WPA-Enterprise-Authentifizierung verwendet, vergewissern Sie sich, dass Sie bei der Einrichtung den richtigen Authentifizierungstyp aus dem Dropdown-Feld ausgew\u00e4hlt haben. Es werden nur die aufgef\u00fchrten Typen unterst\u00fctzt.\n\n[\/accordion_section]\n[\/accordion]\n\n<a class=\"button button-orange\" href=\"\/support\/el-wifi-data-loggers\/\">Mehr Unterst\u00fctzung<\/a>"],"_other_features":["field_686fa2aa98dce"],"rank_math_title":["EL-WiFi-TC | WiFi-f\u00e4higer Thermoelement-Datenlogger | Praxas"],"rank_math_description":["Der EasyLog EL-WiFi-TC WiFi-f\u00e4hige Thermoelement-Datenlogger kann eine Umgebung mit einem austauschbaren Thermoelement vom Typ J, K oder T aus der Ferne \u00fcberwachen."],"rank_math_focus_keyword":["EL-WiFi-TC"],"specifications_table":["<table class=\"specifications\">\n<tbody>\n<tr class=\"even-row\">\n<td class=\"left-td\">Messbereich Typ K (mitgeliefert)<\/td>\n<td>0 bis +200\u00b0C (+32 bis +392\u00b0F)<\/td>\n<\/tr>\n<tr class=\"odd-row\">\n<td class=\"left-td\">Messbereich Typ K<\/td>\n<td>-270 bis +1.372\u00b0C (-454 bis +2.501\u00b0F)<\/td>\n<\/tr>\n<tr class=\"even-row\">\n<td class=\"left-td\">Messbereich Typ J<\/td>\n<td>-210 bis +1.200\u00b0C (-346 bis +2.192\u00b0F)<\/td>\n<\/tr>\n<tr class=\"odd-row\">\n<td class=\"left-td\">Messbereich Typ T<\/td>\n<td>-270 bis +400\u00b0C (-454 bis +752\u00b0F)<\/td>\n<\/tr>\n<tr class=\"even-row\">\n<td class=\"left-td\">Genauigkeit<\/td>\n<td>\u00b11,5\u00b0C (\u00b13\u00b0F)<\/td>\n<\/tr>\n<tr class=\"odd-row\">\n<td class=\"left-td\">Lesungen<\/td>\n<td>Unbegrenzt<\/td>\n<\/tr>\n<tr class=\"even-row\">\n<td class=\"left-td\">Logging-Rate<\/td>\n<td>Vom Benutzer w\u00e4hlbar zwischen 10 Sekunden und 12 Stunden<\/td>\n<\/tr>\n<tr class=\"odd-row\">\n<td class=\"left-td\">Batterie<\/td>\n<td>Wiederaufladbare Batterie \/ 6 Monate Batterielebensdauer \/ Option Netzbetrieb<\/td>\n<\/tr>\n<\/tbody>\n<\/table>"],"resources":["<ul class=\"resources-list\">\n \t<li><img src=\"https:\/\/praxas.com\/wp-content\/uploads\/document-icon.png\" alt=\"Dokument-Symbol\"><a href=\"https:\/\/praxas.com\/wp-content\/uploads\/easylog-data-logger-el-wifi-tc_iss8_03-19.pdf\" target=\"_blank\" rel=\"noopener\">EL-WiFi-TC Datenblatt<\/a><\/li>\n \t<li><img src=\"https:\/\/praxas.com\/wp-content\/uploads\/software-icon.png\" alt=\"Software-Symbol\"><a href=\"https:\/\/praxas.com\/software\/easylog-software\/easylog-wifi\/\" target=\"_blank\" rel=\"noopener\">EasyLog WiFi Software<\/a><\/li>\n \t<li><img src=\"https:\/\/praxas.com\/wp-content\/uploads\/software-icon.png\" alt=\"Software-Symbol\"><a href=\"https:\/\/praxas.com\/en\/easylog-cloud\/\" target=\"_blank\" rel=\"noopener\">EasyLog Wolke<\/a><\/li>\n \t<li><img src=\"https:\/\/praxas.com\/wp-content\/uploads\/document-icon.png\" alt=\"Dokument-Symbol\"><a href=\"https:\/\/praxas.com\/wp-content\/uploads\/el_wifi_qsg_iss4_11-18_pages.pdf\" target=\"_blank\" rel=\"noopener\">EL-WiFi-TC Schnellstartanleitung<\/a><\/li>\n \t<li><img src=\"https:\/\/praxas.com\/wp-content\/uploads\/document-icon.png\" alt=\"Dokument-Symbol\"><a href=\"https:\/\/praxas.com\/wp-content\/uploads\/help-guide-3-network-requirements-and-settings-12-09-2022_issue-6.pdf\" target=\"_blank\" rel=\"noopener\">Netzwerkanforderungen und -einstellungen<\/a><\/li>\n \t<li><img src=\"https:\/\/praxas.com\/wp-content\/uploads\/video-icon-orange.png\" alt=\"Video-Symbol\"><a href=\"https:\/\/www.youtube.com\/playlist?list=PL_yZedoZ_7MpemnH-a3NswL9-NgUz3DVe\" target=\"_blank\" rel=\"noopener\">Tutorial-Videos<\/a><\/li>\n \t<li><img src=\"https:\/\/praxas.com\/wp-content\/uploads\/document-icon.png\" alt=\"Dokument-Symbol\"><a href=\"https:\/\/praxas.com\/wp-content\/uploads\/conformity_certificate_wifi_range_with_coo-issu8.pdf\" target=\"_blank\" rel=\"noopener\">EL-WiFi-TC Konformit\u00e4tserkl\u00e4rung<\/a><\/li>\n \t<li><img src=\"https:\/\/praxas.com\/wp-content\/uploads\/document-icon.png\" alt=\"Dokument-Symbol\"><a href=\"https:\/\/praxas.com\/wp-content\/uploads\/bs-en-12830-record-of-compliance-issue-1.pdf\" target=\"_blank\" rel=\"noopener\">BS EN 12830:2018 Nachweis der Einhaltung<\/a><\/li>\n<\/ul>"],"accessories":["[products skus=\"Fridge Install Kit-TP,EL-P-TC-K,PSU USB-UK,PSU USB-EU,EL-WiFi Wall Bracket,EL-P-TC-T-ULT,EL-P-TC-T-ULT+\"]","[products skus=\"Fridge Install Kit-TP,EL-P-TC-K,PSU USB-UK,PSU USB-EU,EL-WiFi Wall Bracket,EL-P-TC-T-ULT,EL-P-TC-T-ULT+\"]"],"show_in_calibration_suitable":["1"],"usd_price_4":["0.00"],"usd_price_9":["0.00"],"usd_price_24":["0.00"],"usd_price_49":["0.00"],"usd_price_99":["0.00"],"gbp_price_4":["0.00"],"gbp_price_9":["0.00"],"gbp_price_24":["130.49"],"gbp_price_49":["0.00"],"gbp_price_99":["115.99"],"usdhk_price_4":["0.00"],"usdhk_price_9":["0.00"],"usdhk_price_24":["170.99"],"usdhk_price_49":["0.00"],"usdhk_price_99":["151.99"],"_uag_page_assets":["a:9:{s:3:\"css\";s:0:\"\";s:2:\"js\";s:0:\"\";s:18:\"current_block_list\";a:0:{}s:8:\"uag_flag\";b:0;s:11:\"uag_version\";s:10:\"1775212209\";s:6:\"gfonts\";a:0:{}s:10:\"gfonts_url\";s:0:\"\";s:12:\"gfonts_files\";a:0:{}s:14:\"uag_faq_layout\";b:0;}"],"_regular_price":["186.4","186.4"],"_price":["186.4","186.4"],"_max_variation_price":[""],"_max_variation_regular_price":[""],"_max_variation_sale_price":[""],"_min_variation_price":[""],"_min_variation_regular_price":[""],"_min_variation_sale_price":[""],"_sale_price":[""],"_wc_pb_base_regular_price":[""],"_wc_pb_base_sale_price":[""],"_wc_pb_base_price":[""],"_wc_sw_max_price":[""],"_wc_sw_max_regular_price":[""],"_wc_rating_count":[""]},"uagb_featured_image_src":{"full":["https:\/\/praxas.com\/wp-content\/uploads\/easylog-data-logger-EL-WiFi-TC-Straight-withProbe.png",800,463,false],"thumbnail":["https:\/\/praxas.com\/wp-content\/uploads\/easylog-data-logger-EL-WiFi-TC-Straight-withProbe-150x150.png",150,150,true],"medium":["https:\/\/praxas.com\/wp-content\/uploads\/easylog-data-logger-EL-WiFi-TC-Straight-withProbe-300x174.png",300,174,true],"medium_large":["https:\/\/praxas.com\/wp-content\/uploads\/easylog-data-logger-EL-WiFi-TC-Straight-withProbe-768x444.png",768,444,true],"large":["https:\/\/praxas.com\/wp-content\/uploads\/easylog-data-logger-EL-WiFi-TC-Straight-withProbe.png",800,463,false],"1536x1536":["https:\/\/praxas.com\/wp-content\/uploads\/easylog-data-logger-EL-WiFi-TC-Straight-withProbe.png",800,463,false],"2048x2048":["https:\/\/praxas.com\/wp-content\/uploads\/easylog-data-logger-EL-WiFi-TC-Straight-withProbe.png",800,463,false],"crunchify-admin-post-featured-image":["https:\/\/praxas.com\/wp-content\/uploads\/easylog-data-logger-EL-WiFi-TC-Straight-withProbe-120x69.png",120,69,true],"commercegurus-pdp-large":["https:\/\/praxas.com\/wp-content\/uploads\/easylog-data-logger-EL-WiFi-TC-Straight-withProbe.png",800,463,false],"commercegurus-plp-mobile":["https:\/\/praxas.com\/wp-content\/uploads\/easylog-data-logger-EL-WiFi-TC-Straight-withProbe-441x255.png",441,255,true],"cgkit_image_swatch":["https:\/\/praxas.com\/wp-content\/uploads\/easylog-data-logger-EL-WiFi-TC-Straight-withProbe-100x100.png",100,100,true],"woocommerce_thumbnail":["https:\/\/praxas.com\/wp-content\/uploads\/easylog-data-logger-EL-WiFi-TC-Straight-withProbe-300x174.png",300,174,true],"woocommerce_single":["https:\/\/praxas.com\/wp-content\/uploads\/easylog-data-logger-EL-WiFi-TC-Straight-withProbe.png",800,463,false],"woocommerce_gallery_thumbnail":["https:\/\/praxas.com\/wp-content\/uploads\/easylog-data-logger-EL-WiFi-TC-Straight-withProbe-150x87.png",150,87,true]},"uagb_author_info":{"display_name":"AndyS","author_link":"https:\/\/praxas.com\/de\/author\/"},"uagb_comment_info":0,"uagb_excerpt":"WiFi Thermoelement-Datenlogger","_links":{"self":[{"href":"https:\/\/praxas.com\/de\/wp-json\/wp\/v2\/product\/27309","targetHints":{"allow":["GET"]}}],"collection":[{"href":"https:\/\/praxas.com\/de\/wp-json\/wp\/v2\/product"}],"about":[{"href":"https:\/\/praxas.com\/de\/wp-json\/wp\/v2\/types\/product"}],"wp:featuredmedia":[{"embeddable":true,"href":"https:\/\/praxas.com\/de\/wp-json\/wp\/v2\/media\/27310"}],"wp:attachment":[{"href":"https:\/\/praxas.com\/de\/wp-json\/wp\/v2\/media?parent=27309"}],"wp:term":[{"taxonomy":"product_brand","embeddable":true,"href":"https:\/\/praxas.com\/de\/wp-json\/wp\/v2\/product_brand?post=27309"},{"taxonomy":"product_cat","embeddable":true,"href":"https:\/\/praxas.com\/de\/wp-json\/wp\/v2\/product_cat?post=27309"},{"taxonomy":"product_tag","embeddable":true,"href":"https:\/\/praxas.com\/de\/wp-json\/wp\/v2\/product_tag?post=27309"}],"curies":[{"name":"wp","href":"https:\/\/api.w.org\/{rel}","templated":true}]}}