{"id":27369,"date":"2023-06-28T16:07:00","date_gmt":"2023-06-28T14:07:00","guid":{"rendered":"https:\/\/staging.praxas.com\/product\/unkategorisiert\/el-wifi-vacx\/"},"modified":"2025-11-10T14:10:52","modified_gmt":"2025-11-10T13:10:52","slug":"el-wifi-vacx","status":"publish","type":"product","link":"https:\/\/praxas.com\/de\/product\/datenlogger\/impfstoff-uberwachung\/el-wifi-vacx\/","title":{"rendered":"EL-WiFi-VACX"},"content":{"rendered":"<p>Der EL-WiFi-VACX mit integriertem Signalton und LED-Warnleuchte erm\u00f6glicht die Fern\u00fcberwachung des Impfstoffs und die Datenerfassung \u00fcber ein WiFi-Netzwerk, das von jedem internetf\u00e4higen Ger\u00e4t, einschlie\u00dflich Smartphone, Tablet oder PC, \u00fcber die <strong><a href=\"https:\/\/praxas.com\/de\/easylog-cloud-de\/\" target=\"_blank\" rel=\"noopener\">EasyLog Cloud<\/a><\/strong>. Richten Sie Alarme f\u00fcr zu hohe und zu niedrige Temperaturen ein und erhalten Sie sofortige E-Mail-Benachrichtigungen, wenn die Temperaturen im K\u00fchl- oder Gefrierschrank zu hei\u00df oder zu kalt werden.<\/p>\n<p>Eine mit Glykol gef\u00fcllte Temperatursonde wird mit dem Produkt geliefert, die der Temperaturreaktion von Impfstoffen bei der Lagerung entspricht und sehr genaue und repr\u00e4sentative Messwerte gew\u00e4hrleistet. Die Sonde ist austauschbar und kann separat vom Hauptger\u00e4t kalibriert werden.<br \/>\nDas EL-WiFi-VACX speichert Daten intern, wenn es die WiFi-Verbindung verliert, und l\u00e4dt sie automatisch in die Cloud hoch, sobald es wieder verbunden ist.<\/p>\n<p>Verwenden Sie die <a href=\"https:\/\/praxas.com\/de\/easylog-cloud-de\/\"><strong>EasyLog Cloud<\/strong><\/a> Apps f\u00fcr Android und Apple, um Ihr Ger\u00e4t einfach einzurichten und jederzeit und \u00fcberall auf Ihre Daten zuzugreifen.<\/p>\n<p>Dieses Produkt erf\u00fcllt und \u00fcbertrifft die CDC-Standards f\u00fcr die Impfstoff\u00fcberwachung.<\/p>\n<p>Ein hochpr\u00e4ziser, mit Glykol gef\u00fcllter Temperaturf\u00fchler, ein r\u00fcckverfolgbares Kalibrierungszertifikat und eine Wandhalterung sind im Lieferumfang des Produkts enthalten.<\/p>\n<p>Dieses Produkt entspricht der Norm BS EN 12830:2018 (Temperaturaufzeichnungsger\u00e4te f\u00fcr den Transport, die Lagerung und den Vertrieb temperaturempfindlicher Waren).<\/p>\n","protected":false},"excerpt":{"rendered":"<p>Hochpr\u00e4ziser Impfstoffmonitor mit Alarm (-40 bis +60\u00b0C)<\/p>\n","protected":false},"featured_media":27370,"template":"","meta":{"_acf_changed":false,"content-type":"","_uag_custom_page_level_css":""},"product_brand":[],"product_cat":[1011],"product_tag":[1023,1003,2432,1013,987,1021,3959,988,990,985],"class_list":{"0":"post-27369","1":"product","2":"type-product","3":"status-publish","4":"has-post-thumbnail","6":"product_cat-impfstoff-uberwachung","7":"product_tag-alarm-de","8":"product_tag-anzeige","9":"product_tag-easylog","10":"product_tag-easylog-cloud-de","11":"product_tag-externe-sonde-de","12":"product_tag-hochprazise","13":"product_tag-intelligente-sonden","14":"product_tag-iot-de","15":"product_tag-thermistor-de","16":"product_tag-wifi-de","18":"first","19":"instock","20":"taxable","21":"shipping-taxable","22":"purchasable","23":"product-type-simple"},"bundled_by":[],"bundle_stock_status":"instock","bundle_stock_quantity":14,"bundle_virtual":false,"bundle_layout":"","bundle_add_to_cart_form_location":"","bundle_editable_in_cart":false,"bundle_sold_individually_context":"","bundle_item_grouping":"","bundle_min_size":"","bundle_max_size":"","bundle_price":[],"bundled_items":[],"bundle_sell_ids":[],"acf":[],"spectra_custom_meta":{"_download_limit":["-1","-1"],"_download_expiry":["-1","-1"],"_downloadable":["no","no"],"_stock_status":["instock","instock","instock","instock","instock"],"_sold_individually":["no","no"],"_tax_class":["",""],"_tax_status":["taxable","taxable"],"_virtual":["no","no"],"_weight":["1"],"_width":["0"],"_height":["0"],"_length":["0"],"total_sales":["11","11"],"_product_datasheet":["field_650ad7d6ea3a0"],"connectivity":["WiFi","WiFi"],"_connectivity":["field_64dce263bb57c","field_64dce263bb57c"],"brand":["EasyLog","EasyLog"],"_brand":["field_64ddf62ed2593","field_64ddf62ed2593"],"_brand_image":["field_650c5e7c84cae"],"_specifications_table":["field_65044e1db92a8"],"_display_data_alarm":["field_667d647bcb066"],"_resources":["field_650849c6945ee"],"_accessories":["field_650849e6945f0","field_650849e6945f0"],"_faqs":["field_650859523d8d5"],"_calibration_suitable_ids_gb":["field_654b4c4acb54a"],"_calibration_suitable_ids_us":["field_654b4c56cb54b"],"_show_in_calibration_suitable":["field_654cfb691d345"],"_shipping":["field_66852535c98a5"],"_refrigerant_cabinet":["field_66852557c98a6"],"_main_specifications":["field_66855b25b1245"],"_usd_price_4":["field_651570dcac479"],"_usd_price_9":["field_6515713eb4807"],"_usd_price_24":["field_65157141b4809"],"_usd_price_49":["field_65157140b4808"],"_usd_price_99":["field_6515715bb480a"],"_gbp_price_4":["field_6515716e83bfa"],"_gbp_price_9":["field_6515724783bfb"],"_gbp_price_24":["field_6515724b83bfc"],"_gbp_price_49":["field_6515725983bfd"],"_gbp_price_99":["field_6515725d83bfe"],"_usdhk_price_4":["field_6515726f83bff"],"_usdhk_price_9":["field_6515727c83c00"],"_usdhk_price_24":["field_6515728083c01"],"_usdhk_price_49":["field_6515728983c02"],"_usdhk_price_99":["field_6515728e83c03"],"stock_options":["In stock"],"_stock_options":["field_6544b605dc7f9"],"_top_nav_excluded":[""],"_cms_nav_minihome":[""],"wcml_sync_hash":["a:1:{s:15:\"postmeta_fields\";s:32:\"b3e325932e4c11ccceae30c51f90d274\";}"],"attr_label_translations":["a:0:{}"],"_product_image_gallery":["27371,27372"],"_thumbnail_id":["27370"],"_crosssell_ids":["a:0:{}"],"_stock":["14.000000"],"_last_translation_edit_mode":["translation-editor"],"calibration":[""],"_edit_lock":["1721817209:8383"],"classic-editor-remember":["classic-editor"],"rank_math_seo_score":["79"],"_edit_last":["8383"],"commercekit_gallery_layout":[""],"commercekit_disable_sticky_atc":["0"],"commercekit_wc_video_gallery":["a:0:{}"],"_rank_math_gtin_code":[""],"_wcml_average_rating":[null],"_wcml_review_count":[null],"_wcml_rating_count":[null],"_wc_average_rating":[0],"_wc_review_count":["0"],"_product_version":["9.1.2"],"display_data_alarm":[""],"calibration_suitable_ids_gb":[""],"calibration_suitable_ids_us":[""],"show_in_calibration_suitable":[""],"other_features":[""],"shipping":[""],"refrigerant_cabinet":[""],"main_specifications":[""],"shoptimizer_layout_pdp_short_description_position":["default"],"product_datasheet":["10488"],"brand_image":["10467"],"_wpml_media_duplicate":["1"],"_wpml_media_featured":["1"],"_product_attributes":["a:2:{s:16:\"pa_product-brand\";a:6:{s:4:\"name\";s:16:\"pa_product-brand\";s:5:\"value\";s:0:\"\";s:8:\"position\";i:0;s:10:\"is_visible\";i:1;s:12:\"is_variation\";i:0;s:11:\"is_taxonomy\";i:1;}s:19:\"pa_product-features\";a:6:{s:4:\"name\";s:19:\"pa_product-features\";s:5:\"value\";s:0:\"\";s:8:\"position\";i:1;s:10:\"is_visible\";i:1;s:12:\"is_variation\";i:0;s:11:\"is_taxonomy\";i:1;}}"],"_backorders":["no","no"],"_manage_stock":["no","no"],"_calibration":["field_66a0ddd599972"],"min_temp":["-40"],"max_temp":["60"],"_min_temp":["field_67ea5eb4e0a77"],"_max_temp":["field_67ea5f81e0a79"],"_wpml_word_count":["270"],"rank_math_primary_product_cat":["100","100"],"_global_unique_id":["5056744400168"],"faqs":["[accordion]\n[accordion_header]Warum l\u00e4sst sich mein Ger\u00e4t nicht mit dem drahtlosen Netzwerk verbinden?[\/accordion_header]\n[accordion_section]\n\nSie k\u00f6nnen die folgenden Schritte durchf\u00fchren, um dieses Problem zu beheben:\n\nGrundlegende Checks:\n\n1) \u00dcberpr\u00fcfen Sie, ob das eingegebene Passwort korrekt ist.\n\n2) Stellen Sie sicher, dass der SSID-Name keine Leerzeichen oder andere Sonderzeichen enth\u00e4lt.\n\n3) \u00dcberpr\u00fcfen Sie, ob Ihr Netzwerk \u00fcber eine Internetverbindung verf\u00fcgt.\n\n4) Stellen Sie sicher, dass sich das Ger\u00e4t in Reichweite des Routers befindet.\n\n5) Ein 2.4GHz Netzwerk, das 802.11b, g oder n unterst\u00fctzt, ist erforderlich. 5GHz-Netzwerke werden nicht unterst\u00fctzt.\n\nErweiterte Netzwerk\u00fcberpr\u00fcfungen:\n\n6) TCP Port 14354 ist f\u00fcr den ausgehenden Datenverkehr in Ihrem Netzwerk und Ihrer Firewall ge\u00f6ffnet.\n\n7) Vergewissern Sie sich, dass die MAC-Filterung nicht eingeschaltet ist, oder dass die MAC-Adresse des Ger\u00e4ts in der Liste der bekannten Ger\u00e4te enthalten ist, wenn sie eingeschaltet ist.\n\n8) \u00dcberpr\u00fcfen Sie, ob der DHCP-Dienst l\u00e4uft. Dadurch kann dem Ger\u00e4t eine IP-Adresse zugewiesen werden. Normalerweise l\u00e4uft der DHCP-Dienst entweder in Ihrem Router oder auf einem Netzwerkserver. Vergewissern Sie sich, dass der konfigurierte DHCP-IP-Adressbereich das Hinzuf\u00fcgen neuer Ger\u00e4te erlaubt, wenn nicht, erweitern Sie den Bereich.\n\n9) Wenn Ihr drahtloses Netzwerk die WPA-Enterprise-Authentifizierung verwendet, vergewissern Sie sich, dass Sie bei der Einrichtung den richtigen Authentifizierungstyp aus dem Dropdown-Feld ausgew\u00e4hlt haben. Es werden nur die aufgef\u00fchrten Typen unterst\u00fctzt.\n\n[\/accordion_section]\n[\/accordion]\n\n[accordion]\n[accordion_header]Welche Akkulaufzeit kann ich von meinem Ger\u00e4t erwarten, und werde ich meine Daten verlieren, wenn der Akku leer ist?[\/accordion_header]\n[accordion_section]\n\nEs gibt mehrere Faktoren, die sich erheblich auf die Akkulaufzeit des Ger\u00e4ts auswirken k\u00f6nnen. Dazu geh\u00f6ren: Synchronisierungszeitplan, Wi-Fi-Verschl\u00fcsselungsmethode, Rotationsfrequenz des Wi-Fi-Verschl\u00fcsselungsschl\u00fcssels (vom Zugangspunkt oder Router festgelegt), Signalst\u00e4rke zwischen Zugangspunkt oder Router und Ger\u00e4t, Umfang und Art des Wi-Fi-Verkehrs von anderen Ger\u00e4ten, Abtastrate und Betriebstemperatur. In unseren Tests erreichen wir regelm\u00e4\u00dfig eine Akkulaufzeit von mehr als sechs Monaten mit einer \u00dcbertragungsrate von einer Stunde oder mehr bei Umgebungstemperaturen. Das Ger\u00e4t nimmt keine Messwerte auf, wenn es keinen Strom gibt, aber alle Messwerte, die vor dem Stromausfall aufgenommen wurden, werden synchronisiert. Sobald das Ger\u00e4t wieder aufgeladen ist, verbindet es sich erneut mit der EasyLog Cloud, startet eine neue Aufzeichnungssitzung und setzt die Aufzeichnung fort.\n\nEL-WIFI - Die Batterie in diesem Ger\u00e4t ist wiederaufladbar und h\u00e4lt in der Regel 6 Monate. Sie k\u00f6nnen das Ger\u00e4t auch \u00fcber eine Netzsteckdose mit Strom versorgen.\n\nEL-IOT - Die Batterien halten in der Regel mehr als ein Jahr. Das Ger\u00e4t ben\u00f6tigt 4 x AA 1,5V Batterien\n\nEL-WEM - Dieses Ger\u00e4t muss immer an das Stromnetz angeschlossen sein.\n\n[\/accordion_section]\n[\/accordion]\n\n<a class=\"button button-orange\" href=\"\/support\/el-wifi-data-loggers\/\">Mehr Unterst\u00fctzung<\/a>"],"_other_features":["field_686fa2aa98dce"],"rank_math_title":["EL-WIFI-VACX | Impfstoff-Datenlogger | Praxas"],"rank_math_description":["Entdecken Sie das EasyLog EL-WiFi-VACX Wi-Fi Connected High-Accuracy Vaccine Temperature Monitoring Kit, ein unverzichtbares Instrument zum Schutz Ihrer Impfstofflagerungsl\u00f6sungen!"],"rank_math_focus_keyword":["EL-WiFi-VACX"],"specifications_table":["<table class=\"specifications\">\n<tbody>\n<tr class=\"even-row\">\n<td class=\"left-td\">Messbereich (Sonde mitgeliefert)<\/td>\n<td>\n<div class=\"product-specification__value col-m-6\">-40 bis +60\u00b0C (-40 bis 140\u00b0F)<\/div><\/td>\n<\/tr>\n<tr class=\"odd-row\">\n<td class=\"left-td\">Aufl\u00f6sung der Messung<\/td>\n<td>\n<div class=\"product-specification__value col-m-6\">0.01\u00b0C (0.02\u00b0F)<\/div><\/td>\n<\/tr>\n<tr class=\"even-row\">\n<td class=\"left-td\">Display-Aufl\u00f6sung<\/td>\n<td>\n<div class=\"product-specification__value col-m-6\">0.01<\/div><\/td>\n<\/tr>\n<tr class=\"odd-row\">\n<td class=\"left-td\">Messgenauigkeit (typisch)<\/td>\n<td>\n<div class=\"product-specification__value col-m-6\">\u00b10,1\u00b0C (-10 bis +60\u00b0C) \u00b10,2\u00b0F (+14 bis +140\u00b0F)<\/div><\/td>\n<\/tr>\n<tr class=\"even-row\">\n<td class=\"left-td\">Messgenauigkeit (maximal)<\/td>\n<td>\n<div class=\"product-specification__value col-m-6\">\u00b10,5\u00b0C (-40 bis +60\u00b0C) \u00b10,9\u00b0F (-40 bis +140\u00b0F)<\/div><\/td>\n<\/tr>\n<tr class=\"odd-row\">\n<td class=\"left-td\">Betriebstemperatur<\/td>\n<td>\n<div class=\"product-specification__value col-m-6\">-20 bis +60\u00b0C (-4 bis +140\u00b0F)<\/div><\/td>\n<\/tr>\n<tr class=\"even-row\">\n<td class=\"left-td\">Lesungen<\/td>\n<td>\n<div class=\"product-specification__value col-m-6\">Unbegrenzt<\/div><\/td>\n<\/tr>\n<tr class=\"odd-row\">\n<td class=\"left-td\">Logging-Rate<\/td>\n<td>\n<div class=\"product-specification__value col-m-6\">Vom Benutzer w\u00e4hlbar zwischen 10 Sekunden und 12 Stunden<\/div><\/td>\n<\/tr>\n<tr class=\"even-row\">\n<td class=\"left-td\">Lebensdauer der Batterie<\/td>\n<td>\n<div class=\"product-specification__value col-m-6\">>  6 Monate<\/div><\/td>\n<\/tr>\n<tr class=\"odd-row\">\n<td class=\"left-td\">Kalibrierungszertifikat<\/td>\n<td>\n<div class=\"product-specification__value col-m-6\">Geliefert bei 2 und 8\u00b0C<\/div><\/td>\n<\/tr>\n<tr class=\"even-row\">\n<td class=\"left-td\">IP Bewertung<\/td>\n<td>\n<div class=\"product-specification__value col-m-6\">Logger IP42\nSonde IP67<\/div><\/td>\n<\/tr>\n<tr class=\"odd-row\">\n<td class=\"left-td\">Abmessungen<\/td>\n<td>\n<div class=\"product-specification__value col-m-6\">82 x 70 x 36 mm<\/div><\/td>\n<\/tr>\n<\/tbody>\n<\/table>"],"resources":["<ul class=\"resources-list\">\n \t<li><img src=\"https:\/\/praxas.com\/wp-content\/uploads\/document-icon.png\" alt=\"Dokument-Symbol\"><a href=\"https:\/\/praxas.com\/wp-content\/uploads\/datasheet_el-wifi-vacx_iss4_08-02-2023.pdf\" target=\"_blank\" rel=\"noopener\">EL-WiFi-VACX Datenblatt<\/a><\/li>\n \t<li><img src=\"https:\/\/praxas.com\/wp-content\/uploads\/document-icon.png\" alt=\"Dokument-Symbol\"><a href=\"https:\/\/praxas.com\/wp-content\/uploads\/el_wifi_qsg_iss4_11-18_pages.pdf\" target=\"_blank\" rel=\"noopener\">EL-WiFi Schnellstartanleitung<\/a><\/li>\n \t<li><img src=\"https:\/\/praxas.com\/wp-content\/uploads\/software-icon.png\" alt=\"Software-Symbol\"><a href=\"https:\/\/praxas.com\/en\/easylog-cloud\/\" target=\"_blank\" rel=\"noopener\">EasyLog Wolke<\/a><\/li>\n \t<li><img src=\"https:\/\/praxas.com\/wp-content\/uploads\/document-icon.png\" alt=\"Dokument-Symbol\"><a href=\"https:\/\/praxas.com\/wp-content\/uploads\/help-guide-3-network-requirements-and-settings-12-09-2022_issue-6.pdf\" target=\"_blank\" rel=\"noopener\">Netzwerkanforderungen und -einstellungen<\/a><\/li>\n \t<li><img src=\"https:\/\/praxas.com\/wp-content\/uploads\/document-icon.png\" alt=\"Dokument-Symbol\"><a href=\"https:\/\/praxas.com\/wp-content\/uploads\/conformity_certificate_wifi_range_with_coo-issu8.pdf\" target=\"_blank\" rel=\"noopener\">EL-WiFi-VACX Konformit\u00e4tserkl\u00e4rung<\/a><\/li>\n \t<li><img src=\"https:\/\/praxas.com\/wp-content\/uploads\/document-icon.png\" alt=\"Dokument-Symbol\"><a href=\"https:\/\/praxas.com\/wp-content\/uploads\/bs-en-12830-record-of-compliance-issue-1.pdf\" target=\"_blank\" rel=\"noopener\">BS EN 12830:2018 Nachweis der Einhaltung<\/a><\/li>\n<\/ul>\n\u00a0"],"accessories":["[products skus=\"EL-P-VACX,EL-WiFi Wall Bracket,EL-P-VACX CAL-T (adds 10 days),Fridge Install Kit-TP,PSU USB-UK,PSU USB-EU,EL-PROBE-EXTENDER-1.5M,EL-PROBE-EXTENDER-3M,EL-PROBE-EXTENDER-5M,EL-PROBE-EXTENDER-10M\"]","[products skus=\"EL-P-VACX,EL-WiFi Wall Bracket,EL-P-VACX CAL-T (adds 10 days),Fridge Install Kit-TP,PSU USB-UK,PSU USB-EU,EL-PROBE-EXTENDER-1.5M,EL-PROBE-EXTENDER-3M,EL-PROBE-EXTENDER-5M,EL-PROBE-EXTENDER-10M\"]"],"usd_price_4":["0.00"],"usd_price_9":["0.00"],"usd_price_24":["0.00"],"usd_price_49":["0.00"],"usd_price_99":["0.00"],"gbp_price_4":["0.00"],"gbp_price_9":["0.00"],"gbp_price_24":["188.99"],"gbp_price_49":["0.00"],"gbp_price_99":["167.99"],"usdhk_price_4":["0.00"],"usdhk_price_9":["0.00"],"usdhk_price_24":["251.99"],"usdhk_price_49":["0.00"],"usdhk_price_99":["223.99"],"_uag_page_assets":["a:9:{s:3:\"css\";s:0:\"\";s:2:\"js\";s:0:\"\";s:18:\"current_block_list\";a:0:{}s:8:\"uag_flag\";b:0;s:11:\"uag_version\";s:10:\"1775658900\";s:6:\"gfonts\";a:0:{}s:10:\"gfonts_url\";s:0:\"\";s:12:\"gfonts_files\";a:0:{}s:14:\"uag_faq_layout\";b:0;}"],"_regular_price":["256.35","256.35"],"_price":["256.35","256.35"],"_sku":["21119","21119"],"_max_variation_price":[""],"_max_variation_regular_price":[""],"_max_variation_sale_price":[""],"_min_variation_price":[""],"_min_variation_regular_price":[""],"_min_variation_sale_price":[""],"_sale_price":[""],"_wc_pb_base_regular_price":[""],"_wc_pb_base_sale_price":[""],"_wc_pb_base_price":[""],"_wc_sw_max_price":[""],"_wc_sw_max_regular_price":[""],"_wc_rating_count":[""]},"uagb_featured_image_src":{"full":["https:\/\/praxas.com\/wp-content\/uploads\/EL-WiFi-VACX_Front.png",800,463,false],"thumbnail":["https:\/\/praxas.com\/wp-content\/uploads\/EL-WiFi-VACX_Front-150x150.png",150,150,true],"medium":["https:\/\/praxas.com\/wp-content\/uploads\/EL-WiFi-VACX_Front-300x174.png",300,174,true],"medium_large":["https:\/\/praxas.com\/wp-content\/uploads\/EL-WiFi-VACX_Front-768x444.png",768,444,true],"large":["https:\/\/praxas.com\/wp-content\/uploads\/EL-WiFi-VACX_Front.png",800,463,false],"1536x1536":["https:\/\/praxas.com\/wp-content\/uploads\/EL-WiFi-VACX_Front.png",800,463,false],"2048x2048":["https:\/\/praxas.com\/wp-content\/uploads\/EL-WiFi-VACX_Front.png",800,463,false],"crunchify-admin-post-featured-image":["https:\/\/praxas.com\/wp-content\/uploads\/EL-WiFi-VACX_Front-120x69.png",120,69,true],"commercegurus-pdp-large":["https:\/\/praxas.com\/wp-content\/uploads\/EL-WiFi-VACX_Front.png",800,463,false],"commercegurus-plp-mobile":["https:\/\/praxas.com\/wp-content\/uploads\/EL-WiFi-VACX_Front-441x255.png",441,255,true],"cgkit_image_swatch":["https:\/\/praxas.com\/wp-content\/uploads\/EL-WiFi-VACX_Front-100x100.png",100,100,true],"woocommerce_thumbnail":["https:\/\/praxas.com\/wp-content\/uploads\/EL-WiFi-VACX_Front-300x174.png",300,174,true],"woocommerce_single":["https:\/\/praxas.com\/wp-content\/uploads\/EL-WiFi-VACX_Front.png",800,463,false],"woocommerce_gallery_thumbnail":["https:\/\/praxas.com\/wp-content\/uploads\/EL-WiFi-VACX_Front-150x87.png",150,87,true]},"uagb_author_info":{"display_name":"AndyS","author_link":"https:\/\/praxas.com\/de\/author\/"},"uagb_comment_info":0,"uagb_excerpt":"Hochpr\u00e4ziser Impfstoffmonitor mit Alarm (-40 bis +60\u00b0C)","_links":{"self":[{"href":"https:\/\/praxas.com\/de\/wp-json\/wp\/v2\/product\/27369","targetHints":{"allow":["GET"]}}],"collection":[{"href":"https:\/\/praxas.com\/de\/wp-json\/wp\/v2\/product"}],"about":[{"href":"https:\/\/praxas.com\/de\/wp-json\/wp\/v2\/types\/product"}],"wp:featuredmedia":[{"embeddable":true,"href":"https:\/\/praxas.com\/de\/wp-json\/wp\/v2\/media\/27370"}],"wp:attachment":[{"href":"https:\/\/praxas.com\/de\/wp-json\/wp\/v2\/media?parent=27369"}],"wp:term":[{"taxonomy":"product_brand","embeddable":true,"href":"https:\/\/praxas.com\/de\/wp-json\/wp\/v2\/product_brand?post=27369"},{"taxonomy":"product_cat","embeddable":true,"href":"https:\/\/praxas.com\/de\/wp-json\/wp\/v2\/product_cat?post=27369"},{"taxonomy":"product_tag","embeddable":true,"href":"https:\/\/praxas.com\/de\/wp-json\/wp\/v2\/product_tag?post=27369"}],"curies":[{"name":"wp","href":"https:\/\/api.w.org\/{rel}","templated":true}]}}