{"id":27405,"date":"2023-06-29T13:01:00","date_gmt":"2023-06-29T11:01:00","guid":{"rendered":"https:\/\/staging.praxas.com\/product\/unkategorisiert\/el-wifi-t-2\/"},"modified":"2026-03-13T14:26:40","modified_gmt":"2026-03-13T13:26:40","slug":"el-wifi-t-2","status":"publish","type":"product","link":"https:\/\/praxas.com\/de\/product\/datenlogger\/temperatur-datenlogger\/el-wifi-t-2\/","title":{"rendered":"EL-WiFi-T"},"content":{"rendered":"<p>Der EL-WiFi-T ist ein WiFi-f\u00e4higer Datenlogger, der eine Umgebung \u00fcber einen Temperaturmessbereich von -20 bis +60\u00b0C (-4 bis +140\u00b0F) aus der Ferne \u00fcberwachen kann. Dieses Ger\u00e4t kann nach den Anforderungen des Benutzers eingerichtet werden und in seiner Umgebung \u00fcberwachen und aufzeichnen, w\u00e4hrend es alle aufgezeichneten Daten drahtlos \u00fcber ein WiFi-Netzwerk an die <a href=\"https:\/\/praxas.com\/de\/easylog-cloud-de\/\"><strong>EasyLog Cloud<\/strong><\/a>.<\/p>\n<p>In der <a href=\"https:\/\/praxas.com\/de\/easylog-cloud-de\/\"><strong>EasyLog Cloud<\/strong><\/a>haben Benutzer die M\u00f6glichkeit, ihre Sensoren zu konfigurieren, hohe und niedrige Alarme einzustellen, SMS- und E-Mail-Benachrichtigungen anzuwenden, Sensoren zu verkn\u00fcpfen und mehrere Benutzerrechte zu vergeben. Sobald der Sensor eingerichtet ist, kann er \u00fcberall innerhalb der Reichweite eines WiFi-Netzwerks platziert werden und \u00fcberwacht werden.<\/p>\n<p>Das Ger\u00e4t speichert Daten intern, wenn es die WiFi-Verbindung verliert, und l\u00e4dt sie automatisch in die Cloud hoch, sobald es wieder verbunden ist.<\/p>\n<p>Verwenden Sie die <a href=\"https:\/\/praxas.com\/de\/easylog-cloud-de\/\"><strong>EasyLog Cloud<\/strong><\/a> Apps f\u00fcr Android und Apple, um Ihr Ger\u00e4t einfach einzurichten und jederzeit und \u00fcberall auf Ihre Daten zuzugreifen.<\/p>\n","protected":false},"excerpt":{"rendered":"<p>WiFi Temperatur-Datenlogger<\/p>\n","protected":false},"featured_media":27406,"template":"","meta":{"_acf_changed":false,"content-type":"","_uag_custom_page_level_css":""},"product_brand":[],"product_cat":[1010],"product_tag":[1003,2432,1013,992,988,985],"class_list":{"0":"post-27405","1":"product","2":"type-product","3":"status-publish","4":"has-post-thumbnail","6":"product_cat-temperatur-datenlogger","7":"product_tag-anzeige","8":"product_tag-easylog","9":"product_tag-easylog-cloud-de","10":"product_tag-interner-sensor","11":"product_tag-iot-de","12":"product_tag-wifi-de","14":"first","15":"instock","16":"taxable","17":"shipping-taxable","18":"purchasable","19":"product-type-simple"},"bundled_by":[],"bundle_stock_status":"instock","bundle_stock_quantity":3,"bundle_virtual":false,"bundle_layout":"","bundle_add_to_cart_form_location":"","bundle_editable_in_cart":false,"bundle_sold_individually_context":"","bundle_item_grouping":"","bundle_min_size":"","bundle_max_size":"","bundle_price":[],"bundled_items":[],"bundle_sell_ids":[],"acf":[],"spectra_custom_meta":{"_download_limit":["-1","-1"],"_download_expiry":["-1","-1"],"_downloadable":["no","no"],"_stock_status":["instock","instock","instock","instock","instock"],"_sold_individually":["no","no"],"_tax_class":["",""],"_tax_status":["taxable","taxable"],"_virtual":["no","no"],"_width":["0"],"_height":["0"],"_length":["0","0"],"total_sales":["23","23"],"_product_datasheet":["field_650ad7d6ea3a0"],"connectivity":["WiFi","WiFi"],"_connectivity":["field_64dce263bb57c","field_64dce263bb57c"],"brand":["EasyLog","EasyLog"],"_brand":["field_64ddf62ed2593","field_64ddf62ed2593"],"_brand_image":["field_650c5e7c84cae"],"_specifications_table":["field_65044e1db92a8"],"_display_data_alarm":["field_667d647bcb066"],"_resources":["field_650849c6945ee"],"_accessories":["field_650849e6945f0","field_650849e6945f0"],"_faqs":["field_650859523d8d5"],"_calibration_suitable_ids_gb":["field_654b4c4acb54a"],"_calibration_suitable_ids_us":["field_654b4c56cb54b"],"_show_in_calibration_suitable":["field_654cfb691d345"],"_usd_price_4":["field_651570dcac479"],"_usd_price_9":["field_6515713eb4807"],"_usd_price_24":["field_65157141b4809"],"_usd_price_49":["field_65157140b4808"],"_usd_price_99":["field_6515715bb480a"],"_gbp_price_4":["field_6515716e83bfa"],"_gbp_price_9":["field_6515724783bfb"],"_gbp_price_24":["field_6515724b83bfc"],"_gbp_price_49":["field_6515725983bfd"],"_gbp_price_99":["field_6515725d83bfe"],"_usdhk_price_4":["field_6515726f83bff"],"_usdhk_price_9":["field_6515727c83c00"],"_usdhk_price_24":["field_6515728083c01"],"_usdhk_price_49":["field_6515728983c02"],"_usdhk_price_99":["field_6515728e83c03"],"stock_options":["In stock"],"_stock_options":["field_6544b605dc7f9"],"_top_nav_excluded":[""],"_cms_nav_minihome":[""],"wcml_sync_hash":["a:1:{s:15:\"postmeta_fields\";s:32:\"dcb23e02298ba738c78e24d798c47907\";}"],"attr_label_translations":["a:0:{}"],"_product_image_gallery":["27407,27408"],"_thumbnail_id":["27406"],"_crosssell_ids":["a:0:{}"],"_stock":["3.000000"],"_last_translation_edit_mode":["translation-editor"],"calibration":[""],"_calibration":["field_66a0ddd599972"],"_shipping":["field_66852535c98a5"],"_refrigerant_cabinet":["field_66852557c98a6"],"_main_specifications":["field_66855b25b1245"],"_edit_lock":["1722262408:8383"],"classic-editor-remember":["classic-editor"],"rank_math_seo_score":["87"],"_edit_last":["8383"],"commercekit_gallery_layout":[""],"commercekit_disable_sticky_atc":["0"],"commercekit_wc_video_gallery":["a:0:{}"],"_rank_math_gtin_code":[""],"_wc_average_rating":[0],"_wc_review_count":["0"],"_product_version":["9.2.3"],"display_data_alarm":[""],"calibration_suitable_ids_gb":[""],"calibration_suitable_ids_us":[""],"show_in_calibration_suitable":[""],"other_features":[""],"shipping":[""],"refrigerant_cabinet":[""],"main_specifications":[""],"shoptimizer_layout_pdp_short_description_position":["default"],"product_datasheet":["10441"],"brand_image":["10467"],"_wpml_media_duplicate":["1"],"_wpml_media_featured":["1"],"_product_attributes":["a:2:{s:16:\"pa_product-brand\";a:6:{s:4:\"name\";s:16:\"pa_product-brand\";s:5:\"value\";s:0:\"\";s:8:\"position\";i:0;s:10:\"is_visible\";i:1;s:12:\"is_variation\";i:0;s:11:\"is_taxonomy\";i:1;}s:19:\"pa_product-features\";a:6:{s:4:\"name\";s:19:\"pa_product-features\";s:5:\"value\";s:0:\"\";s:8:\"position\";i:1;s:10:\"is_visible\";i:1;s:12:\"is_variation\";i:0;s:11:\"is_taxonomy\";i:1;}}"],"_wc_gla_sync_status":["pending"],"_wcml_average_rating":[null],"_wcml_review_count":[null],"_wcml_rating_count":[null],"_backorders":["no","no"],"_manage_stock":["no","no"],"min_temp":["-20"],"max_temp":["60"],"_min_temp":["field_67ea5eb4e0a77"],"_max_temp":["field_67ea5f81e0a79"],"_wpml_word_count":["189"],"rank_math_primary_product_cat":["87","87"],"_global_unique_id":["5056744400045"],"faqs":["[accordion]\n[accordion_header]Meine Ger\u00e4te kommunizieren nicht mit der PraxasCloud?[\/accordion_header]\n[accordion_section]\n\nDie Gr\u00fcnde, warum Ihr Ger\u00e4t nicht mit der Cloud kommunizieren kann, k\u00f6nnen sein:\n\nDas Signal zwischen dem Ger\u00e4t und dem Router ist schwach\nDer Akku Ihres Ger\u00e4ts ist fast leer.\nDie SSID oder das Passwort des Routers hat sich m\u00f6glicherweise ge\u00e4ndert\nDer Router wurde getrennt oder ausgeschaltet\nEin Hindernis wie eine Metall- oder Betonwand blockiert das Signal.\nDiese Gr\u00fcnde sollten bei der Ersteinrichtung Ihres Ger\u00e4ts ber\u00fccksichtigt werden, damit Sie bei der Kommunikation mit der Cloud den gr\u00f6\u00dften Erfolg haben.\n\n[\/accordion_section]\n[\/accordion]\n\n<span class=\"ui-provider ee bhc bhd bhe bhf bhg bhh bhi bhj bhk bhl bhm bhn bho bhp bhq bhr bhs bht bhu bhv bhw bhx bhy bhz bia bib bic bid bie bif big bih bii bij\" dir=\"ltr\">[accordion]\n[accordion_header]Wie funktioniert das PraxasCloud-Abonnement?[\/accordion_header]\n[accordion_section]Bitte besuchen Sie die Anmeldeseite, auf der Sie die Schieberegler bewegen k\u00f6nnen, um die verschiedenen Funktionen auszuw\u00e4hlen, die Sie ben\u00f6tigen. Sie k\u00f6nnen sich per Karte f\u00fcr eine automatische monatliche Abrechnung anmelden, oder Unternehmen k\u00f6nnen sich f\u00fcr l\u00e4ngerfristige Abonnements an ihr lokales Vertriebsb\u00fcro wenden. https:\/\/www.praxascloud.com\/accounttype.aspx\n [\/accordion_section]\n[\/accordion]<\/span>\n\n<a class=\"button button-orange\" href=\"\/support\/el-wifi-data-loggers\/\">Mehr Unterst\u00fctzung<\/a>"],"_other_features":["field_686fa2aa98dce"],"_sku":["21042","21042"],"rank_math_title":["EL-WiFi-T | Kabelloser Temperatur-Datenlogger | PraxasCloud"],"rank_math_description":["Der EL-WiFi-T ist ein WiFi-f\u00e4higer Datenlogger von Lascar Electronics, der eine Umgebung \u00fcber einen Temperaturmessbereich von -20 bis +60\u00b0C aus der Ferne \u00fcberwachen kann."],"rank_math_focus_keyword":["EL-WiFi-T"],"specifications_table":["<table class=\"specifications\">\n<tbody>\n<tr class=\"even-row\">\n<td class=\"left-td\">Messbereich<\/td>\n<td>-20 bis +60\u00b0C \/ (-4 bis +140\u00b0F)<\/td>\n<\/tr>\n<tr class=\"odd-row\">\n<td class=\"left-td\">Messgenauigkeit (typisch)<\/td>\n<td>\u00b10.3\u00b0C \/ \u00b10.6\u00b0F<\/td>\n<\/tr>\n<tr class=\"even-row\">\n<td class=\"left-td\">Lesungen<\/td>\n<td>Unbegrenzt<\/td>\n<\/tr>\n<tr class=\"odd-row\">\n<td class=\"left-td\">Logging-Rate<\/td>\n<td>Vom Benutzer w\u00e4hlbar zwischen 10 Sekunden und 12 Stunden<\/td>\n<\/tr>\n<tr class=\"even-row\">\n<td class=\"left-td\">Batterie<\/td>\n<td>Wiederaufladbare Batterie \/ 6 Monate Batterielebensdauer \/ Option Netzbetrieb<\/td>\n<\/tr>\n<tr class=\"odd-row\">\n<td class=\"left-td\">BS EN<\/td>\n<td>BS EN 12830:2018<\/td>\n<\/tr>\n<\/tbody>\n<\/table>"],"resources":["<ul class=\"resources-list\">\n \t<li><img src=\"https:\/\/praxas.com\/wp-content\/uploads\/document-icon.png\" alt=\"Dokument-Symbol\"><a href=\"https:\/\/praxas.com\/wp-content\/uploads\/easylog-data-logger-el-wifi_t_iss7_03-19.pdf\" target=\"_blank\" rel=\"noopener\">EL-WiFi-T Datenblatt<\/a><\/li>\n \t<li><img src=\"https:\/\/praxas.com\/wp-content\/uploads\/software-icon.png\" alt=\"Software-Symbol\"><a href=\"https:\/\/praxas.com\/software\/easylog-software\/easylog-wifi\/\" target=\"_blank\" rel=\"noopener\">EasyLog WiFi Apps<\/a><\/li>\n \t<li><img src=\"https:\/\/praxas.com\/wp-content\/uploads\/document-icon.png\" alt=\"Dokument-Symbol\"><a href=\"https:\/\/praxas.com\/wp-content\/uploads\/el_wifi_qsg_iss4_11-18_pages.pdf\" target=\"_blank\" rel=\"noopener\">EL-WiFi-T Schnellstartanleitung<\/a><\/li>\n \t<li><img src=\"https:\/\/praxas.com\/wp-content\/uploads\/document-icon.png\" alt=\"Dokument-Symbol\"><a href=\"https:\/\/praxas.com\/wp-content\/uploads\/help-guide-3-network-requirements-and-settings-12-09-2022_issue-6.pdf\" target=\"_blank\" rel=\"noopener\">Netzwerkanforderungen und -einstellungen<\/a><\/li>\n \t<li><img src=\"https:\/\/praxas.com\/wp-content\/uploads\/video-icon-orange.png\" alt=\"Video-Symbol\"><a href=\"https:\/\/www.youtube.com\/playlist?list=PL_yZedoZ_7MpemnH-a3NswL9-NgUz3DVe\" target=\"_blank\" rel=\"noopener\">Tutorial-Videos<\/a><\/li>\n \t<li><img src=\"https:\/\/praxas.com\/wp-content\/uploads\/document-icon.png\" alt=\"Dokument-Symbol\"><a href=\"https:\/\/praxas.com\/wp-content\/uploads\/conformity_certificate_wifi_range_with_coo-issu8.pdf\" target=\"_blank\" rel=\"noopener\">EL-WiFi-T Konformit\u00e4tserkl\u00e4rung<\/a><\/li>\n \t<li><img src=\"https:\/\/praxas.com\/wp-content\/uploads\/document-icon.png\" alt=\"Dokument-Symbol\"><a href=\"https:\/\/praxas.com\/wp-content\/uploads\/bs-en-12830-record-of-compliance-issue-1.pdf\" target=\"_blank\" rel=\"noopener\">BS EN 12830:2018 Nachweis der Einhaltung<\/a><\/li>\n<\/ul>\n<a class=\"button button-secondary\" href=\"https:\/\/praxas.com\/support\/\">Mehr Unterst\u00fctzung<\/a>"],"accessories":["[products skus=\"PSU USB-UK,PSU USB-EU,EL-WiFi Wall Bracket\"]","[products skus=\"PSU USB-UK,PSU USB-EU,EL-WiFi Wall Bracket\"]"],"usd_price_4":["0.00"],"usd_price_9":["0.00"],"usd_price_24":["0.00"],"usd_price_49":["0.00"],"usd_price_99":["0.00"],"gbp_price_4":["0.00"],"gbp_price_9":["0.00"],"gbp_price_24":["71.99"],"gbp_price_49":["0.00"],"gbp_price_99":["63.99"],"usdhk_price_4":["0.00"],"usdhk_price_9":["0.00"],"usdhk_price_24":["98.99"],"usdhk_price_49":["0.00"],"usdhk_price_99":["87.99"],"_uag_page_assets":["a:9:{s:3:\"css\";s:0:\"\";s:2:\"js\";s:0:\"\";s:18:\"current_block_list\";a:0:{}s:8:\"uag_flag\";b:0;s:11:\"uag_version\";s:10:\"1775212209\";s:6:\"gfonts\";a:0:{}s:10:\"gfonts_url\";s:0:\"\";s:12:\"gfonts_files\";a:0:{}s:14:\"uag_faq_layout\";b:0;}"],"_weight":["0191"],"_regular_price":["95.3","95.3"],"_price":["95.3","95.3"],"_max_variation_price":[""],"_max_variation_regular_price":[""],"_max_variation_sale_price":[""],"_min_variation_price":[""],"_min_variation_regular_price":[""],"_min_variation_sale_price":[""],"_sale_price":[""],"_wc_pb_base_regular_price":[""],"_wc_pb_base_sale_price":[""],"_wc_pb_base_price":[""],"_wc_sw_max_price":[""],"_wc_sw_max_regular_price":[""],"_wc_rating_count":[""]},"uagb_featured_image_src":{"full":["https:\/\/praxas.com\/wp-content\/uploads\/easylog-data-logger-EL-WiFi-T-Straight.png",800,463,false],"thumbnail":["https:\/\/praxas.com\/wp-content\/uploads\/easylog-data-logger-EL-WiFi-T-Straight-150x150.png",150,150,true],"medium":["https:\/\/praxas.com\/wp-content\/uploads\/easylog-data-logger-EL-WiFi-T-Straight-300x174.png",300,174,true],"medium_large":["https:\/\/praxas.com\/wp-content\/uploads\/easylog-data-logger-EL-WiFi-T-Straight-768x444.png",768,444,true],"large":["https:\/\/praxas.com\/wp-content\/uploads\/easylog-data-logger-EL-WiFi-T-Straight.png",800,463,false],"1536x1536":["https:\/\/praxas.com\/wp-content\/uploads\/easylog-data-logger-EL-WiFi-T-Straight.png",800,463,false],"2048x2048":["https:\/\/praxas.com\/wp-content\/uploads\/easylog-data-logger-EL-WiFi-T-Straight.png",800,463,false],"crunchify-admin-post-featured-image":["https:\/\/praxas.com\/wp-content\/uploads\/easylog-data-logger-EL-WiFi-T-Straight-120x69.png",120,69,true],"commercegurus-pdp-large":["https:\/\/praxas.com\/wp-content\/uploads\/easylog-data-logger-EL-WiFi-T-Straight.png",800,463,false],"commercegurus-plp-mobile":["https:\/\/praxas.com\/wp-content\/uploads\/easylog-data-logger-EL-WiFi-T-Straight-441x255.png",441,255,true],"cgkit_image_swatch":["https:\/\/praxas.com\/wp-content\/uploads\/easylog-data-logger-EL-WiFi-T-Straight-100x100.png",100,100,true],"woocommerce_thumbnail":["https:\/\/praxas.com\/wp-content\/uploads\/easylog-data-logger-EL-WiFi-T-Straight-300x174.png",300,174,true],"woocommerce_single":["https:\/\/praxas.com\/wp-content\/uploads\/easylog-data-logger-EL-WiFi-T-Straight.png",800,463,false],"woocommerce_gallery_thumbnail":["https:\/\/praxas.com\/wp-content\/uploads\/easylog-data-logger-EL-WiFi-T-Straight-150x87.png",150,87,true]},"uagb_author_info":{"display_name":"AndyS","author_link":"https:\/\/praxas.com\/de\/author\/"},"uagb_comment_info":0,"uagb_excerpt":"WiFi Temperatur-Datenlogger","_links":{"self":[{"href":"https:\/\/praxas.com\/de\/wp-json\/wp\/v2\/product\/27405","targetHints":{"allow":["GET"]}}],"collection":[{"href":"https:\/\/praxas.com\/de\/wp-json\/wp\/v2\/product"}],"about":[{"href":"https:\/\/praxas.com\/de\/wp-json\/wp\/v2\/types\/product"}],"wp:featuredmedia":[{"embeddable":true,"href":"https:\/\/praxas.com\/de\/wp-json\/wp\/v2\/media\/27406"}],"wp:attachment":[{"href":"https:\/\/praxas.com\/de\/wp-json\/wp\/v2\/media?parent=27405"}],"wp:term":[{"taxonomy":"product_brand","embeddable":true,"href":"https:\/\/praxas.com\/de\/wp-json\/wp\/v2\/product_brand?post=27405"},{"taxonomy":"product_cat","embeddable":true,"href":"https:\/\/praxas.com\/de\/wp-json\/wp\/v2\/product_cat?post=27405"},{"taxonomy":"product_tag","embeddable":true,"href":"https:\/\/praxas.com\/de\/wp-json\/wp\/v2\/product_tag?post=27405"}],"curies":[{"name":"wp","href":"https:\/\/api.w.org\/{rel}","templated":true}]}}