{"id":27410,"date":"2023-06-29T13:37:00","date_gmt":"2023-06-29T11:37:00","guid":{"rendered":"https:\/\/staging.praxas.com\/product\/unkategorisiert\/el-wifi-tpx\/"},"modified":"2025-11-10T14:10:07","modified_gmt":"2025-11-10T13:10:07","slug":"el-wifi-tpx","status":"publish","type":"product","link":"https:\/\/praxas.com\/de\/product\/datenlogger\/temperatur-datenlogger\/el-wifi-tpx\/","title":{"rendered":"EL-WiFi-TPX+"},"content":{"rendered":"<p>Der EL-WiFi-TPX+ \u00fcberwacht die Umgebung aus der Ferne \u00fcber einen Messbereich von -40 bis +125\u00b0C (-40 bis +257\u00b0F) und ist mit einer Alarmleuchte und einem Signalton ausgestattet, damit Sie keine Temperaturverletzung \u00fcbersehen. Die Daten werden in regelm\u00e4\u00dfigen Abst\u00e4nden \u00fcber ein Standard-WiFi-Netzwerk auf die <a href=\"https:\/\/praxas.com\/de\/easylog-cloud-de\/\"><strong>EasyLog Cloud<\/strong><\/a>.<\/p>\n<p>EasyLog Cloud erm\u00f6glicht den Zugriff auf jeden Datenlogger und die gesammelten Daten von jedem internetf\u00e4higen Ger\u00e4t aus. \u00c4ndern Sie die Einstellungen des Datenloggers aus der Ferne, erhalten Sie E-Mail-Benachrichtigungen bei Alarmbedingungen, verkn\u00fcpfen Sie Sensoren von mehreren Standorten mit einem Konto und weisen Sie mehreren Benutzern Berechtigungen zu.<\/p>\n<p>Das Ger\u00e4t speichert Daten intern, wenn es die WiFi-Verbindung verliert, und l\u00e4dt sie automatisch in die Cloud hoch, sobald es wieder verbunden ist.<\/p>\n<p>Verwenden Sie die <a href=\"https:\/\/praxas.com\/de\/easylog-cloud-de\/\"><strong>EasyLog Cloud<\/strong><\/a> Apps f\u00fcr Android und Apple, um Ihr Ger\u00e4t einfach einzurichten und jederzeit und \u00fcberall auf Ihre Daten zuzugreifen.<\/p>\n<p>Ein hochpr\u00e4ziser Thermistor-Temperaturf\u00fchler (der separat entnommen und kalibriert werden kann) und eine Wandhalterung sind im Lieferumfang des Produkts enthalten.<\/p>\n<p>Dieses Produkt entspricht der Norm BS EN 12830:2018 (Temperaturaufzeichnungsger\u00e4te f\u00fcr den Transport, die Lagerung und den Vertrieb temperaturempfindlicher Waren).<\/p>\n","protected":false},"excerpt":{"rendered":"<p>Hochpr\u00e4ziser Temperatur-Datenlogger mit WiFi-Verbindung, Alarm-Warnleuchte und Hupe<\/p>\n","protected":false},"featured_media":27411,"template":"","meta":{"_acf_changed":false,"content-type":"","_uag_custom_page_level_css":""},"product_brand":[],"product_cat":[1010],"product_tag":[1023,1003,2432,1013,987,1021,3959,988,990,985],"class_list":{"0":"post-27410","1":"product","2":"type-product","3":"status-publish","4":"has-post-thumbnail","6":"product_cat-temperatur-datenlogger","7":"product_tag-alarm-de","8":"product_tag-anzeige","9":"product_tag-easylog","10":"product_tag-easylog-cloud-de","11":"product_tag-externe-sonde-de","12":"product_tag-hochprazise","13":"product_tag-intelligente-sonden","14":"product_tag-iot-de","15":"product_tag-thermistor-de","16":"product_tag-wifi-de","18":"first","19":"instock","20":"taxable","21":"shipping-taxable","22":"purchasable","23":"product-type-simple"},"bundled_by":[],"bundle_stock_status":"instock","bundle_stock_quantity":10,"bundle_virtual":false,"bundle_layout":"","bundle_add_to_cart_form_location":"","bundle_editable_in_cart":false,"bundle_sold_individually_context":"","bundle_item_grouping":"","bundle_min_size":"","bundle_max_size":"","bundle_price":[],"bundled_items":[],"bundle_sell_ids":[],"acf":[],"spectra_custom_meta":{"_download_limit":["-1","-1"],"_download_expiry":["-1","-1"],"_downloadable":["no","no"],"_stock_status":["instock","instock","instock","instock","instock"],"_sold_individually":["no","no"],"_tax_class":["",""],"_tax_status":["taxable","taxable"],"_virtual":["no","no"],"_weight":["0"],"_width":["0"],"_height":["0"],"_length":["0","0"],"total_sales":["25","25"],"_product_datasheet":["field_650ad7d6ea3a0"],"connectivity":["WiFi","WiFi"],"_connectivity":["field_64dce263bb57c","field_64dce263bb57c"],"brand":["EasyLog","EasyLog"],"_brand":["field_64ddf62ed2593","field_64ddf62ed2593"],"_brand_image":["field_650c5e7c84cae"],"_specifications_table":["field_65044e1db92a8"],"_display_data_alarm":["field_667d647bcb066"],"_resources":["field_650849c6945ee"],"_accessories":["field_650849e6945f0","field_650849e6945f0"],"_faqs":["field_650859523d8d5"],"_calibration_suitable_ids_gb":["field_654b4c4acb54a"],"_calibration_suitable_ids_us":["field_654b4c56cb54b"],"_show_in_calibration_suitable":["field_654cfb691d345"],"_usd_price_4":["field_651570dcac479"],"_usd_price_9":["field_6515713eb4807"],"_usd_price_24":["field_65157141b4809"],"_usd_price_49":["field_65157140b4808"],"_usd_price_99":["field_6515715bb480a"],"_gbp_price_4":["field_6515716e83bfa"],"_gbp_price_9":["field_6515724783bfb"],"_gbp_price_24":["field_6515724b83bfc"],"_gbp_price_49":["field_6515725983bfd"],"_gbp_price_99":["field_6515725d83bfe"],"_usdhk_price_4":["field_6515726f83bff"],"_usdhk_price_9":["field_6515727c83c00"],"_usdhk_price_24":["field_6515728083c01"],"_usdhk_price_49":["field_6515728983c02"],"_usdhk_price_99":["field_6515728e83c03"],"stock_options":["In stock"],"_stock_options":["field_6544b605dc7f9"],"_top_nav_excluded":[""],"_cms_nav_minihome":[""],"wcml_sync_hash":["a:1:{s:15:\"postmeta_fields\";s:32:\"5d3a2902a8e270cc1f0732fa726fcb2a\";}"],"attr_label_translations":["a:0:{}"],"_product_image_gallery":["27412,27413,27414"],"_thumbnail_id":["27411"],"_stock":["10.000000"],"_last_translation_edit_mode":["translation-editor"],"calibration":[""],"_calibration":["field_66a0ddd599972"],"_shipping":["field_66852535c98a5"],"_refrigerant_cabinet":["field_66852557c98a6"],"_main_specifications":["field_66855b25b1245"],"_edit_lock":["1721822133:8383"],"classic-editor-remember":["classic-editor"],"rank_math_seo_score":["82"],"_edit_last":["8383"],"commercekit_gallery_layout":[""],"commercekit_disable_sticky_atc":["0"],"commercekit_wc_video_gallery":["a:0:{}"],"_rank_math_gtin_code":[""],"_wcml_average_rating":[null],"_wcml_review_count":[null],"_wcml_rating_count":[null],"_wc_average_rating":[0],"_wc_review_count":["0"],"_product_version":["9.1.2"],"display_data_alarm":[""],"calibration_suitable_ids_gb":[""],"calibration_suitable_ids_us":[""],"show_in_calibration_suitable":[""],"other_features":[""],"shipping":[""],"refrigerant_cabinet":[""],"main_specifications":[""],"shoptimizer_layout_pdp_short_description_position":["default"],"product_datasheet":["10432"],"brand_image":["10467"],"_wpml_media_duplicate":["1"],"_wpml_media_featured":["1"],"_product_attributes":["a:2:{s:16:\"pa_product-brand\";a:6:{s:4:\"name\";s:16:\"pa_product-brand\";s:5:\"value\";s:0:\"\";s:8:\"position\";i:0;s:10:\"is_visible\";i:1;s:12:\"is_variation\";i:0;s:11:\"is_taxonomy\";i:1;}s:19:\"pa_product-features\";a:6:{s:4:\"name\";s:19:\"pa_product-features\";s:5:\"value\";s:0:\"\";s:8:\"position\";i:1;s:10:\"is_visible\";i:1;s:12:\"is_variation\";i:0;s:11:\"is_taxonomy\";i:1;}}"],"_crosssell_ids":["a:0:{}"],"_backorders":["no","no"],"_manage_stock":["no","no"],"min_temp":["-40"],"_min_temp":["field_67ea5eb4e0a77"],"_max_temp":["field_67ea5f81e0a79"],"_wpml_word_count":["245"],"max_temp":["125"],"rank_math_primary_product_cat":["87","87"],"_global_unique_id":["5056744400113"],"faqs":["[accordion]\n[accordion_header]Meine Ger\u00e4te kommunizieren nicht mit der EasyLog Cloud?[\/accordion_header]\n[accordion_section]\n\nDie Gr\u00fcnde, warum Ihr Ger\u00e4t nicht mit der Cloud kommunizieren kann, k\u00f6nnen sein:\n\nDas Signal zwischen dem Ger\u00e4t und dem Router ist schwach\nDer Akku Ihres Ger\u00e4ts ist fast leer.\nDie SSID oder das Passwort des Routers hat sich m\u00f6glicherweise ge\u00e4ndert\nDer Router wurde getrennt oder ausgeschaltet\nEin Hindernis wie eine Metall- oder Betonwand blockiert das Signal.\nDiese Gr\u00fcnde sollten bei der Ersteinrichtung Ihres Ger\u00e4ts ber\u00fccksichtigt werden, damit Sie bei der Kommunikation mit der Cloud den gr\u00f6\u00dften Erfolg haben.\n\n[\/accordion_section]\n[\/accordion]\n\n<span class=\"ui-provider ee bhc bhd bhe bhf bhg bhh bhi bhj bhk bhl bhm bhn bho bhp bhq bhr bhs bht bhu bhv bhw bhx bhy bhz bia bib bic bid bie bif big bih bii bij\" dir=\"ltr\">[accordion]\n[accordion_header]Wie funktioniert das PraxasCloud-Abonnement?[\/accordion_header]\n[accordion_section]Bitte besuchen Sie die Anmeldeseite, auf der Sie die Schieberegler bewegen k\u00f6nnen, um die verschiedenen Funktionen auszuw\u00e4hlen, die Sie ben\u00f6tigen. Sie k\u00f6nnen sich per Karte f\u00fcr eine automatische monatliche Abrechnung anmelden, oder Unternehmen k\u00f6nnen sich f\u00fcr l\u00e4ngerfristige Abonnements an ihr lokales Vertriebsb\u00fcro wenden. https:\/\/www.praxascloud.com\/accounttype.aspx\n [\/accordion_section]\n[\/accordion]<\/span>\n\n<a class=\"button button-orange\" href=\"\/support\/el-wifi-data-loggers\/\">Mehr Unterst\u00fctzung<\/a>"],"_other_features":["field_686fa2aa98dce"],"rank_math_title":["EL-WIFI-TPX+ | Temperatur-Datenlogger mit Alarm und Signalgeber"],"rank_math_description":["Das EasyLog EL-WiFi-TPX+ \u00fcberwacht die Umgebung \u00fcber einen Messbereich von -40 bis +125\u00b0C aus der Ferne und ist mit einer Alarmleuchte und einem Signalton ausgestattet."],"rank_math_focus_keyword":["EL-WiFi-TPX+"],"specifications_table":["<table class=\"specifications\">\n<tbody>\n<tr class=\"even-row\">\n<td class=\"left-td\">Messbereich<\/td>\n<td>\n<div class=\"product-specification__value col-m-6\">-40 bis 125\u00b0C (-40 bis 257\u00b0F)<\/div><\/td>\n<\/tr>\n<tr class=\"odd-row\">\n<td class=\"left-td\">Aufl\u00f6sung der Messung<\/td>\n<td>\n<div class=\"product-specification__value col-m-6\">0.01\u00b0C (0.02\u00b0F)<\/div><\/td>\n<\/tr>\n<tr class=\"even-row\">\n<td class=\"left-td\">Display-Aufl\u00f6sung<\/td>\n<td>\n<div class=\"product-specification__value col-m-6\">0.01<\/div><\/td>\n<\/tr>\n<tr class=\"odd-row\">\n<td class=\"left-td\">Messgenauigkeit<\/td>\n<td>\n<div class=\"product-specification__value col-m-6\">\u00b10,2\u00b0C\/\u00b10,4\u00b0F (-15 bis +80\u00b0C\/5 bis 176\u00b0F)\n\u00b10,5\u00b0C\/\u00b10,9\u00b0F (-40 bis 125\u00b0C\/-40 bis 257\u00b0F)<\/div><\/td>\n<\/tr>\n<tr class=\"even-row\">\n<td class=\"left-td\">Betriebstemperaturbereich<\/td>\n<td>\n<div class=\"product-specification__value col-m-6\">-20 bis +60\u00b0C (-4 bis +140\u00b0F)<\/div><\/td>\n<\/tr>\n<tr class=\"odd-row\">\n<td class=\"left-td\">Lesungen<\/td>\n<td>\n<div class=\"product-specification__value col-m-6\">Unbegrenzt<\/div><\/td>\n<\/tr>\n<tr class=\"even-row\">\n<td class=\"left-td\">Logging-Rate<\/td>\n<td>\n<div class=\"product-specification__value col-m-6\">Vom Benutzer w\u00e4hlbar zwischen 10 Sekunden und 12 Stunden<\/div><\/td>\n<\/tr>\n<tr class=\"odd-row\">\n<td class=\"left-td\">Lebensdauer der Batterie<\/td>\n<td>\n<div class=\"product-specification__value col-m-6\">>6 Monate<\/div><\/td>\n<\/tr>\n<tr class=\"even-row\">\n<td class=\"left-td\">USB-Versorgungsspannung<\/td>\n<td>5 Vdc<\/td>\n<\/tr>\n<tr class=\"odd-row\">\n<td class=\"left-td\">\n<div class=\"product-specification__value col-m-6\">IP Bewertung<\/div><\/td>\n<td>Logger IP42\nSonde IP67<\/td>\n<\/tr>\n<tr class=\"even-row\">\n<td class=\"left-td\">\n<div class=\"product-specification__value col-m-6\">Abmessungen<\/div><\/td>\n<td>82 x 70 x 36 mm<\/td>\n<\/tr>\n<\/tbody>\n<\/table>"],"resources":["<ul class=\"resources-list\">\n \t<li><img src=\"https:\/\/praxas.com\/wp-content\/uploads\/document-icon.png\" alt=\"Dokument-Symbol\"><a href=\"https:\/\/praxas.com\/wp-content\/uploads\/datasheet_el-wifi-tpxplus_iss5_08-02-2023.pdf\" target=\"_blank\" rel=\"noopener\">EL-WiFi-TPX+ Datenblatt<\/a><\/li>\n \t<li><img src=\"https:\/\/praxas.com\/wp-content\/uploads\/document-icon.png\" alt=\"Dokument-Symbol\"><a href=\"https:\/\/praxas.com\/wp-content\/uploads\/help-guide-3-network-requirements-and-settings-12-09-2022_issue-6.pdf\" target=\"_blank\" rel=\"noopener\">Netzwerkanforderungen und -einstellungen<\/a><\/li>\n \t<li><img src=\"https:\/\/praxas.com\/wp-content\/uploads\/document-icon.png\" alt=\"Dokument-Symbol\"><a href=\"https:\/\/praxas.com\/wp-content\/uploads\/el-wifi-qsg.pdf\" target=\"_blank\" rel=\"noopener\">EL-WiFi Schnellstartanleitung<\/a><\/li>\n \t<li><img src=\"https:\/\/praxas.com\/wp-content\/uploads\/document-icon.png\" alt=\"Dokument-Symbol\"><a href=\"https:\/\/praxas.com\/wp-content\/uploads\/conformity_certificate_wifi_range_with_coo-issu8.pdf\" target=\"_blank\" rel=\"noopener\">EL-WiFi-TPX+ Konformit\u00e4tserkl\u00e4rung<\/a><\/li>\n \t<li><img src=\"https:\/\/praxas.com\/wp-content\/uploads\/document-icon.png\" alt=\"Dokument-Symbol\"><a href=\"https:\/\/praxas.com\/wp-content\/uploads\/bs-en-12830-record-of-compliance-issue-1.pdf\" target=\"_blank\" rel=\"noopener\">BS EN 12830:2018 Nachweis der Einhaltung<\/a><\/li>\n<\/ul>\n\u00a0"],"accessories":["[products skus=\"EL-P-TPX+,EL-WiFi Wall Bracket,Fridge Install Kit-TP,EL-PROBE-EXTENDER-1.5M,EL-PROBE-EXTENDER-3M,EL-PROBE-EXTENDER-5M,EL-PROBE-EXTENDER-10M\"]","[products skus=\"EL-P-TPX+,EL-WiFi Wall Bracket,Fridge Install Kit-TP,EL-PROBE-EXTENDER-1.5M,EL-PROBE-EXTENDER-3M,EL-PROBE-EXTENDER-5M,EL-PROBE-EXTENDER-10M\"]"],"usd_price_4":["0.00"],"usd_price_9":["0.00"],"usd_price_24":["0.00"],"usd_price_49":["0.00"],"usd_price_99":["0.00"],"gbp_price_4":["0.00"],"gbp_price_9":["0.00"],"gbp_price_24":["161.99"],"gbp_price_49":["0.00"],"gbp_price_99":["143.99"],"usdhk_price_4":["0.00"],"usdhk_price_9":["0.00"],"usdhk_price_24":["215.99"],"usdhk_price_49":["0.00"],"usdhk_price_99":["191.99"],"_uag_page_assets":["a:9:{s:3:\"css\";s:0:\"\";s:2:\"js\";s:0:\"\";s:18:\"current_block_list\";a:0:{}s:8:\"uag_flag\";b:0;s:11:\"uag_version\";s:10:\"1775212209\";s:6:\"gfonts\";a:0:{}s:10:\"gfonts_url\";s:0:\"\";s:12:\"gfonts_files\";a:0:{}s:14:\"uag_faq_layout\";b:0;}"],"_regular_price":["219.75","219.75"],"_price":["219.75","219.75"],"_sku":["21117","21117"],"_max_variation_price":[""],"_max_variation_regular_price":[""],"_max_variation_sale_price":[""],"_min_variation_price":[""],"_min_variation_regular_price":[""],"_min_variation_sale_price":[""],"_sale_price":[""],"_wc_pb_base_regular_price":[""],"_wc_pb_base_sale_price":[""],"_wc_pb_base_price":[""],"_wc_sw_max_price":[""],"_wc_sw_max_regular_price":[""],"_wc_rating_count":[""]},"uagb_featured_image_src":{"full":["https:\/\/praxas.com\/wp-content\/uploads\/EL-WiFi-TPX_Front-Glow.png",800,463,false],"thumbnail":["https:\/\/praxas.com\/wp-content\/uploads\/EL-WiFi-TPX_Front-Glow-150x150.png",150,150,true],"medium":["https:\/\/praxas.com\/wp-content\/uploads\/EL-WiFi-TPX_Front-Glow-300x174.png",300,174,true],"medium_large":["https:\/\/praxas.com\/wp-content\/uploads\/EL-WiFi-TPX_Front-Glow-768x444.png",768,444,true],"large":["https:\/\/praxas.com\/wp-content\/uploads\/EL-WiFi-TPX_Front-Glow.png",800,463,false],"1536x1536":["https:\/\/praxas.com\/wp-content\/uploads\/EL-WiFi-TPX_Front-Glow.png",800,463,false],"2048x2048":["https:\/\/praxas.com\/wp-content\/uploads\/EL-WiFi-TPX_Front-Glow.png",800,463,false],"crunchify-admin-post-featured-image":["https:\/\/praxas.com\/wp-content\/uploads\/EL-WiFi-TPX_Front-Glow-120x69.png",120,69,true],"commercegurus-pdp-large":["https:\/\/praxas.com\/wp-content\/uploads\/EL-WiFi-TPX_Front-Glow.png",800,463,false],"commercegurus-plp-mobile":["https:\/\/praxas.com\/wp-content\/uploads\/EL-WiFi-TPX_Front-Glow-441x255.png",441,255,true],"cgkit_image_swatch":["https:\/\/praxas.com\/wp-content\/uploads\/EL-WiFi-TPX_Front-Glow-100x100.png",100,100,true],"woocommerce_thumbnail":["https:\/\/praxas.com\/wp-content\/uploads\/EL-WiFi-TPX_Front-Glow-300x174.png",300,174,true],"woocommerce_single":["https:\/\/praxas.com\/wp-content\/uploads\/EL-WiFi-TPX_Front-Glow.png",800,463,false],"woocommerce_gallery_thumbnail":["https:\/\/praxas.com\/wp-content\/uploads\/EL-WiFi-TPX_Front-Glow-150x87.png",150,87,true]},"uagb_author_info":{"display_name":"AndyS","author_link":"https:\/\/praxas.com\/de\/author\/"},"uagb_comment_info":0,"uagb_excerpt":"Hochpr\u00e4ziser Temperatur-Datenlogger mit WiFi-Verbindung, Alarm-Warnleuchte und Hupe","_links":{"self":[{"href":"https:\/\/praxas.com\/de\/wp-json\/wp\/v2\/product\/27410","targetHints":{"allow":["GET"]}}],"collection":[{"href":"https:\/\/praxas.com\/de\/wp-json\/wp\/v2\/product"}],"about":[{"href":"https:\/\/praxas.com\/de\/wp-json\/wp\/v2\/types\/product"}],"wp:featuredmedia":[{"embeddable":true,"href":"https:\/\/praxas.com\/de\/wp-json\/wp\/v2\/media\/27411"}],"wp:attachment":[{"href":"https:\/\/praxas.com\/de\/wp-json\/wp\/v2\/media?parent=27410"}],"wp:term":[{"taxonomy":"product_brand","embeddable":true,"href":"https:\/\/praxas.com\/de\/wp-json\/wp\/v2\/product_brand?post=27410"},{"taxonomy":"product_cat","embeddable":true,"href":"https:\/\/praxas.com\/de\/wp-json\/wp\/v2\/product_cat?post=27410"},{"taxonomy":"product_tag","embeddable":true,"href":"https:\/\/praxas.com\/de\/wp-json\/wp\/v2\/product_tag?post=27410"}],"curies":[{"name":"wp","href":"https:\/\/api.w.org\/{rel}","templated":true}]}}