{"id":27453,"date":"2023-06-29T11:13:00","date_gmt":"2023-06-29T09:13:00","guid":{"rendered":"https:\/\/staging.praxas.com\/product\/unkategorisiert\/sgd-43-a\/"},"modified":"2025-10-09T10:04:56","modified_gmt":"2025-10-09T08:04:56","slug":"sgd-43-a","status":"publish","type":"product","link":"https:\/\/praxas.com\/de\/product\/uncategorized-de\/sgd-43-a\/","title":{"rendered":"SGD 43-A"},"content":{"rendered":"<p>Das SGD 43-A ist ein kapazitives 4,3-Zoll-Touch-Display, das f\u00fcr die Verwendung mit PanelPilotACE Design Studio entwickelt wurde, einem kostenlosen Softwarepaket im Drag-and-Drop-Stil f\u00fcr die schnelle Entwicklung von fortschrittlichen Benutzeroberfl\u00e4chen und Panelmetern. Dieses handels\u00fcbliche Display verf\u00fcgt \u00fcber eine F\u00fclle von Hardware-Schnittstellen, darunter vier bipolare 16-Bit-Analogeing\u00e4nge (bis maximal \u00b140 V Gleichstrom), acht digitale Ein-\/Ausgangsstifte, zwei Alarmausg\u00e4nge, vier 8-Bit-PWM-Ausg\u00e4nge, PID-Steuerung, Mehrkanal-Datenprotokollierung und Trendgrafiken, serielle RS232 und verf\u00fcgbares Zubeh\u00f6r f\u00fcr <strong><br \/>\n  <a href=\"https:\/\/praxas.com\/es\/product\/uncategorized-es\/s43-rs485\/\">RS485-Kommunikation<\/a><br \/>\n<\/strong> und <strong><br \/>\n  <a href=\"https:\/\/praxas.com\/es\/product\/uncategorized-es\/s43-tp\/\">Vier-Kanal-Thermistor-Temperaturmessung<\/a><br \/>\n<\/strong>.<\/p>\n<p><strong>Entwicklungskit<\/strong><br \/>\nDas Entwicklungskit, <a href=\"https:\/\/praxas.com\/es\/product\/uncategorized-es\/sgd-43-a-dk\/\"><br \/>\n  <strong>SGD 43-A-DK+<\/strong><br \/>\n<\/a>ist die beste Wahl, wenn Sie mit der Entwicklung auf der PanelPilotACE-Plattform beginnen m\u00f6chten. Es enth\u00e4lt alles, was Sie f\u00fcr den Anfang brauchen: ein SGD 43-A, ein Entwicklungsboard und ein USB-Kabel. Die Platine bietet Schalter, Drehkn\u00f6pfe, LEDs und Schraubklemmenanschl\u00fcsse f\u00fcr alle Ein- und Ausgangsfunktionen des SGD 43-A.<\/p>\n<p><strong>PanelPilotACE Universit\u00e4t<\/strong><br \/>\nDie <strong><br \/>\n  <a href=\"https:\/\/praxas.com\/de\/panelpilotace-universitaet\/\">PanelPilotACE Universit\u00e4t<\/a><br \/>\n<\/strong> verf\u00fcgt \u00fcber eine Vielzahl von Ressourcen, um Ihre Programmiererfahrung so schnell und effizient wie m\u00f6glich zu gestalten. Von Anleitungen und h\u00e4ufig gestellten Fragen bis hin zu einer st\u00e4ndig wachsenden Anzahl von vorkonfigurierten ACE-Vorlagen und einer Symbol- und Grafikbibliothek &#8211; besuchen Sie die Universit\u00e4t und machen Sie Ihr PanelPilotACE-Projekt noch schneller.<\/p>\n","protected":false},"excerpt":{"rendered":"<p>4,3&#8243; mit analogen, digitalen, PWM- und seriellen Schnittstellen<\/p>\n","protected":false},"featured_media":27454,"template":"","meta":{"_acf_changed":false,"content-type":"","_uag_custom_page_level_css":""},"product_brand":[],"product_cat":[2644],"product_tag":[1003,1126],"class_list":{"0":"post-27453","1":"product","2":"type-product","3":"status-publish","4":"has-post-thumbnail","6":"product_cat-uncategorized-de","7":"product_tag-anzeige","8":"product_tag-hmi-de","10":"first","11":"instock","12":"taxable","13":"shipping-taxable","14":"purchasable","15":"product-type-simple"},"bundled_by":[],"bundle_stock_status":"instock","bundle_stock_quantity":5,"bundle_virtual":false,"bundle_layout":"","bundle_add_to_cart_form_location":"","bundle_editable_in_cart":false,"bundle_sold_individually_context":"","bundle_item_grouping":"","bundle_min_size":"","bundle_max_size":"","bundle_price":[],"bundled_items":[],"bundle_sell_ids":[],"acf":[],"spectra_custom_meta":{"_download_limit":["-1","-1"],"_download_expiry":["-1","-1"],"_downloadable":["no","no"],"_sku":["SGD 43-A","SGD 43-A"],"_stock_status":["instock","instock","instock"],"_sold_individually":["no","no"],"_tax_class":["",""],"_tax_status":["taxable","taxable"],"_virtual":["no","no"],"_weight":["0.243"],"_width":["0"],"_height":["0"],"_length":["0","0"],"total_sales":["20","20"],"_product_datasheet":["field_650ad7d6ea3a0"],"_connectivity":["field_64dce263bb57c","field_64dce263bb57c"],"brand":["PanelPilot","PanelPilot"],"_brand":["field_64ddf62ed2593","field_64ddf62ed2593"],"_brand_image":["field_650c5e7c84cae"],"_specifications_table":["field_65044e1db92a8"],"_resources":["field_650849c6945ee"],"_accessories":["field_650849e6945f0","field_650849e6945f0"],"_faqs":["field_650859523d8d5"],"_calibration_suitable_ids_gb":["field_654b4c4acb54a"],"_calibration_suitable_ids_us":["field_654b4c56cb54b"],"_show_in_calibration_suitable":["field_654cfb691d345"],"_usd_price_4":["field_651570dcac479"],"_usd_price_9":["field_6515713eb4807"],"_usd_price_24":["field_65157141b4809"],"_usd_price_49":["field_65157140b4808"],"_usd_price_99":["field_6515715bb480a"],"_gbp_price_4":["field_6515716e83bfa"],"_gbp_price_9":["field_6515724783bfb"],"_gbp_price_24":["field_6515724b83bfc"],"_gbp_price_49":["field_6515725983bfd"],"_gbp_price_99":["field_6515725d83bfe"],"_usdhk_price_4":["field_6515726f83bff"],"_usdhk_price_9":["field_6515727c83c00"],"_usdhk_price_24":["field_6515728083c01"],"_usdhk_price_49":["field_6515728983c02"],"_usdhk_price_99":["field_6515728e83c03"],"stock_options":["In stock"],"_stock_options":["field_6544b605dc7f9"],"_top_nav_excluded":[""],"_cms_nav_minihome":[""],"wcml_sync_hash":["a:1:{s:15:\"postmeta_fields\";s:32:\"476079e349539a8fde9b03b1c0b2fdd6\";}"],"attr_label_translations":["a:0:{}"],"_product_image_gallery":["27455,27456,27457,27458"],"_thumbnail_id":["27454"],"_crosssell_ids":["a:0:{}"],"_stock":["5.000000"],"_last_translation_edit_mode":["translation-editor"],"connectivity":["",""],"_display_data_alarm":["field_667d647bcb066"],"_calibration":["field_66a0ddd599972"],"_shipping":["field_66852535c98a5"],"_refrigerant_cabinet":["field_66852557c98a6"],"_main_specifications":["field_66855b25b1245"],"_edit_lock":["1721897995:8383"],"classic-editor-remember":["classic-editor"],"rank_math_seo_score":["80"],"_edit_last":["8383"],"commercekit_gallery_layout":[""],"commercekit_disable_sticky_atc":["0"],"commercekit_wc_video_gallery":["a:0:{}"],"_rank_math_gtin_code":[""],"_wcml_average_rating":[null],"_wcml_review_count":[null],"_wcml_rating_count":[null],"_wc_average_rating":[0],"_wc_review_count":["0"],"_product_version":["9.1.2"],"display_data_alarm":[""],"calibration":[""],"faqs":[""],"calibration_suitable_ids_gb":[""],"calibration_suitable_ids_us":[""],"show_in_calibration_suitable":[""],"other_features":[""],"shipping":[""],"refrigerant_cabinet":[""],"main_specifications":[""],"shoptimizer_layout_pdp_short_description_position":["default"],"product_datasheet":["10366"],"brand_image":["10474"],"_wpml_media_duplicate":["1"],"_wpml_media_featured":["1"],"rank_math_primary_product_cat":["108","108"],"usd_price_4":["0.00"],"usd_price_9":["0.00"],"usd_price_24":["0.00"],"usd_price_49":["0.00"],"usd_price_99":["0.00"],"gbp_price_4":["0.00"],"gbp_price_99":["0.00"],"usdhk_price_4":["0.00"],"usdhk_price_99":["0.00"],"_wpml_word_count":["277"],"_other_features":[""],"_backorders":["no","no"],"_manage_stock":["no","no"],"min_temp":[""],"max_temp":[""],"_min_temp":[""],"_max_temp":[""],"_other_features_arctiko":[""],"rank_math_title":["Panel Pilot SGD 43-A | 4,3\" kapazitiver Touchscreen | Praxas"],"rank_math_description":["Suchen Sie nach einer fortschrittlichen L\u00f6sung f\u00fcr die Benutzeroberfl\u00e4che? Das SGD 43-A ist ein kapazitives 4,3-Zoll-Touch-Display, das mit dem PanelPilotACE Design Studio von Lascar kompatibel ist."],"rank_math_focus_keyword":["SGD 43-A"],"specifications_table":["<table class=\"specifications\">\n<tbody>\n<tr class=\"even-row\">\n<td class=\"left-td\">Display<\/td>\n<td>4,3\" TFT mit 262k Farben<\/td>\n<\/tr>\n<tr class=\"odd-row\">\n<td class=\"left-td\">Touchscreen<\/td>\n<td>Kapazitiver Touchscreen<\/td>\n<\/tr>\n<tr class=\"even-row\">\n<td class=\"left-td\">Aufl\u00f6sung<\/td>\n<td>480 x 272px<\/td>\n<\/tr>\n<tr class=\"odd-row\">\n<td class=\"left-td\">Prozessor<\/td>\n<td>Freescale i.MX283 (454MHz, 32bit, ARM 9)<\/td>\n<\/tr>\n<tr class=\"even-row\">\n<td class=\"left-td\">Analoge Eing\u00e4nge<\/td>\n<td>Vier 16-Bit bis \u00b140V d.c.<\/td>\n<\/tr>\n<tr class=\"odd-row\">\n<td class=\"left-td\">Versorgung<\/td>\n<td>5 bis 30V Gleichstrom (300mA typisch bei 5V Gleichstrom)<\/td>\n<\/tr>\n<tr class=\"even-row\">\n<td class=\"left-td\">\u00c4u\u00dfere Abmessungen<\/td>\n<td>119,3 (4,7) x 79,8 (3,1) x 20,0 (0,8) mm (in)<\/td>\n<\/tr>\n<\/tbody>\n<\/table>"],"resources":["<ul class=\"resources-list\">\n \t<li><img src=\"https:\/\/praxas.com\/wp-content\/uploads\/document-icon.png\" alt=\"Dokument-Symbol\"><span class=\"mldTitle\">SGD 43-A Datenblatt<\/span><\/li>\n \t<li><a href=\"https:\/\/praxas.com\/wp-content\/uploads\/panelpilot-panel-instrument-sgd-43-a_iss9_07-19.pdf\" target=\"_blank\" rel=\"noopener\">Englisch<\/a><\/li>\n \t<li><a href=\"https:\/\/praxas.com\/wp-content\/uploads\/panelpilot-panel-instrument-sgd-43-a_t-chinese.pdf\" target=\"_blank\" rel=\"noopener\">Chinesisch (traditionell)<\/a><\/li>\n \t<li><a href=\"https:\/\/praxas.com\/wp-content\/uploads\/panelpilot-panel-instrument-sgd-43-a_s-chinese-v2.pdf\" target=\"_blank\" rel=\"noopener\">Chinesisch (vereinfacht)<\/a><\/li>\n \t<li><a href=\"https:\/\/praxas.com\/wp-content\/uploads\/panelpilot-panel-instrument-sgd-43-a_french.pdf\" target=\"_blank\" rel=\"noopener\">Franz\u00f6sisch<\/a><\/li>\n \t<li><a href=\"https:\/\/praxas.com\/wp-content\/uploads\/panelpilot-panel-instrument-sgd-43-a_german.pdf\" target=\"_blank\" rel=\"noopener\">Deutsch<\/a><\/li>\n \t<li><a href=\"https:\/\/praxas.com\/wp-content\/uploads\/panelpilot-panel-instrument-sgd-43-a_italian.pdf\" target=\"_blank\" rel=\"noopener\">Italienisch<\/a><\/li>\n \t<li><a href=\"https:\/\/praxas.com\/wp-content\/uploads\/panelpilot-panel-instrument-sgd-43-a_japanese.pdf\" target=\"_blank\" rel=\"noopener\">Japanisch<\/a><\/li>\n \t<li><a href=\"https:\/\/praxas.com\/wp-content\/uploads\/panelpilot-panel-instrument-sgd-43-a_spanish.pdf\" target=\"_blank\" rel=\"noopener\">Spanisch<\/a><\/li>\n \t<li><img src=\"https:\/\/praxas.com\/wp-content\/uploads\/software-icon.png\" alt=\"Software-Symbol\"><a href=\"https:\/\/praxas.com\/software\/panelpilot-software\/panelpilotace-design-studio\/\" target=\"_blank\" rel=\"noopener\">PanelPilotACE Software herunterladen<\/a><\/li>\n \t<li><img src=\"https:\/\/praxas.com\/wp-content\/uploads\/document-icon.png\" alt=\"Dokument-Symbol\"><a href=\"https:\/\/praxas.com\/wp-content\/uploads\/sgd-70-a-quickstart-guide-postcard-04_2018.pdf\" target=\"_blank\" rel=\"noopener\">SGD 43-A Schnellstartanleitung<\/a><\/li>\n \t<li><img src=\"https:\/\/praxas.com\/wp-content\/uploads\/document-icon.png\" alt=\"Dokument-Symbol\"><a href=\"https:\/\/praxas.com\/wp-content\/uploads\/declaration-of-conformity_ppace_iss6_01-17.pdf\" target=\"_blank\" rel=\"noopener\">Konformit\u00e4tserkl\u00e4rung<\/a><\/li>\n<\/ul>\n<a class=\"button button-secondary\" href=\"https:\/\/praxas.com\/support\/\">Mehr Unterst\u00fctzung<\/a>"],"accessories":["[products skus=\"SGD 43-A DK+,S43-TP,S43-RS485\"]"],"gbp_price_9":["181.34"],"gbp_price_24":["175.49"],"gbp_price_49":["165.74"],"usdhk_price_9":["246.71"],"usdhk_price_24":["239"],"usdhk_price_49":["231.29"],"_uag_page_assets":["a:9:{s:3:\"css\";s:0:\"\";s:2:\"js\";s:0:\"\";s:18:\"current_block_list\";a:0:{}s:8:\"uag_flag\";b:0;s:11:\"uag_version\";s:10:\"1775212209\";s:6:\"gfonts\";a:0:{}s:10:\"gfonts_url\";s:0:\"\";s:12:\"gfonts_files\";a:0:{}s:14:\"uag_faq_layout\";b:0;}"],"_regular_price":["247.75","247.75"],"_price":["247.75","247.75"],"_max_variation_price":[""],"_max_variation_regular_price":[""],"_max_variation_sale_price":[""],"_min_variation_price":[""],"_min_variation_regular_price":[""],"_min_variation_sale_price":[""],"_sale_price":[""],"_wc_pb_base_regular_price":[""],"_wc_pb_base_sale_price":[""],"_wc_pb_base_price":[""],"_wc_sw_max_price":[""],"_wc_sw_max_regular_price":[""],"_wc_rating_count":[""]},"uagb_featured_image_src":{"full":["https:\/\/praxas.com\/wp-content\/uploads\/front-on-2.png",800,463,false],"thumbnail":["https:\/\/praxas.com\/wp-content\/uploads\/front-on-2-150x150.png",150,150,true],"medium":["https:\/\/praxas.com\/wp-content\/uploads\/front-on-2-300x174.png",300,174,true],"medium_large":["https:\/\/praxas.com\/wp-content\/uploads\/front-on-2-768x444.png",768,444,true],"large":["https:\/\/praxas.com\/wp-content\/uploads\/front-on-2.png",800,463,false],"1536x1536":["https:\/\/praxas.com\/wp-content\/uploads\/front-on-2.png",800,463,false],"2048x2048":["https:\/\/praxas.com\/wp-content\/uploads\/front-on-2.png",800,463,false],"crunchify-admin-post-featured-image":["https:\/\/praxas.com\/wp-content\/uploads\/front-on-2-120x69.png",120,69,true],"commercegurus-pdp-large":["https:\/\/praxas.com\/wp-content\/uploads\/front-on-2.png",800,463,false],"commercegurus-plp-mobile":["https:\/\/praxas.com\/wp-content\/uploads\/front-on-2-441x255.png",441,255,true],"cgkit_image_swatch":["https:\/\/praxas.com\/wp-content\/uploads\/front-on-2-100x100.png",100,100,true],"woocommerce_thumbnail":["https:\/\/praxas.com\/wp-content\/uploads\/front-on-2-300x174.png",300,174,true],"woocommerce_single":["https:\/\/praxas.com\/wp-content\/uploads\/front-on-2.png",800,463,false],"woocommerce_gallery_thumbnail":["https:\/\/praxas.com\/wp-content\/uploads\/front-on-2-150x87.png",150,87,true]},"uagb_author_info":{"display_name":"AndyS","author_link":"https:\/\/praxas.com\/de\/author\/"},"uagb_comment_info":0,"uagb_excerpt":"4,3\" mit analogen, digitalen, PWM- und seriellen Schnittstellen","_links":{"self":[{"href":"https:\/\/praxas.com\/de\/wp-json\/wp\/v2\/product\/27453","targetHints":{"allow":["GET"]}}],"collection":[{"href":"https:\/\/praxas.com\/de\/wp-json\/wp\/v2\/product"}],"about":[{"href":"https:\/\/praxas.com\/de\/wp-json\/wp\/v2\/types\/product"}],"wp:featuredmedia":[{"embeddable":true,"href":"https:\/\/praxas.com\/de\/wp-json\/wp\/v2\/media\/27454"}],"wp:attachment":[{"href":"https:\/\/praxas.com\/de\/wp-json\/wp\/v2\/media?parent=27453"}],"wp:term":[{"taxonomy":"product_brand","embeddable":true,"href":"https:\/\/praxas.com\/de\/wp-json\/wp\/v2\/product_brand?post=27453"},{"taxonomy":"product_cat","embeddable":true,"href":"https:\/\/praxas.com\/de\/wp-json\/wp\/v2\/product_cat?post=27453"},{"taxonomy":"product_tag","embeddable":true,"href":"https:\/\/praxas.com\/de\/wp-json\/wp\/v2\/product_tag?post=27453"}],"curies":[{"name":"wp","href":"https:\/\/api.w.org\/{rel}","templated":true}]}}