{"id":27467,"date":"2023-08-01T07:49:00","date_gmt":"2023-08-01T05:49:00","guid":{"rendered":"https:\/\/staging.praxas.com\/product\/unkategorisiert\/s70-can\/"},"modified":"2025-10-09T10:05:37","modified_gmt":"2025-10-09T08:05:37","slug":"s70-can","status":"publish","type":"product","link":"https:\/\/praxas.com\/de\/product\/uncategorized-de\/s70-can\/","title":{"rendered":"S70-CAN"},"content":{"rendered":"<p>Die S70-CAN ist eine Zusatzplatine, die die CAN-Bus-Kommunikation f\u00fcr das <strong><br \/>\n  <a href=\"https:\/\/praxas.com\/es\/product\/uncategorized-es\/sgd-70-a\/\">SGD 70-A<\/a><br \/>\n<\/strong>. Das S70-CAN wird auf der R\u00fcckseite des SGD 70-A montiert und bietet eine 3-Draht-CAN-Bus-Schnittstelle. Er kann \u00fcber die Pins CAN Hi, CAN Lo und GND angeschlossen werden.<\/p>\n","protected":false},"excerpt":{"rendered":"<p>CAN-Bus-Zusatzkarte f\u00fcr SGD 70-A<\/p>\n","protected":false},"featured_media":27468,"template":"","meta":{"_acf_changed":false,"content-type":"","_uag_custom_page_level_css":""},"product_brand":[],"product_cat":[2644],"product_tag":[],"class_list":{"0":"post-27467","1":"product","2":"type-product","3":"status-publish","4":"has-post-thumbnail","6":"product_cat-uncategorized-de","8":"first","9":"instock","10":"taxable","11":"shipping-taxable","12":"purchasable","13":"product-type-simple"},"bundled_by":[],"bundle_stock_status":"instock","bundle_stock_quantity":99,"bundle_virtual":false,"bundle_layout":"","bundle_add_to_cart_form_location":"","bundle_editable_in_cart":false,"bundle_sold_individually_context":"","bundle_item_grouping":"","bundle_min_size":"","bundle_max_size":"","bundle_price":[],"bundled_items":[],"bundle_sell_ids":[],"acf":[],"spectra_custom_meta":{"_download_limit":["-1","-1"],"_download_expiry":["-1","-1"],"_downloadable":["no","no"],"_sku":["S70-CAN","S70-CAN"],"_stock_status":["instock","instock","instock","instock","instock"],"_sold_individually":["no","no"],"_tax_class":["",""],"_tax_status":["taxable","taxable"],"_virtual":["no","no"],"_weight":["0"],"_width":["0"],"_height":["0"],"_length":["0","0"],"total_sales":["1","1"],"_product_datasheet":["field_650ad7d6ea3a0"],"_connectivity":["field_64dce263bb57c","field_64dce263bb57c"],"brand":["PanelPilot","PanelPilot"],"_brand":["field_64ddf62ed2593","field_64ddf62ed2593"],"_brand_image":["field_650c5e7c84cae"],"_specifications_table":["field_65044e1db92a8"],"_resources":["field_650849c6945ee"],"_accessories":["field_650849e6945f0","field_650849e6945f0"],"_faqs":["field_650859523d8d5"],"_calibration_suitable_ids_gb":["field_654b4c4acb54a"],"_calibration_suitable_ids_us":["field_654b4c56cb54b"],"_show_in_calibration_suitable":["field_654cfb691d345"],"_usd_price_4":["field_651570dcac479"],"_usd_price_9":["field_6515713eb4807"],"_usd_price_24":["field_65157141b4809"],"_usd_price_49":["field_65157140b4808"],"_usd_price_99":["field_6515715bb480a"],"_gbp_price_4":["field_6515716e83bfa"],"_gbp_price_9":["field_6515724783bfb"],"_gbp_price_24":["field_6515724b83bfc"],"_gbp_price_49":["field_6515725983bfd"],"_gbp_price_99":["field_6515725d83bfe"],"_usdhk_price_4":["field_6515726f83bff"],"_usdhk_price_9":["field_6515727c83c00"],"_usdhk_price_24":["field_6515728083c01"],"_usdhk_price_49":["field_6515728983c02"],"_usdhk_price_99":["field_6515728e83c03"],"stock_options":["In stock"],"_stock_options":["field_6544b605dc7f9"],"_top_nav_excluded":[""],"_cms_nav_minihome":[""],"wcml_sync_hash":["a:1:{s:15:\"postmeta_fields\";s:32:\"3da16f3b6fbdeff2edd12e2d0bf4af04\";}"],"attr_label_translations":["a:0:{}"],"_product_image_gallery":["27469,27470"],"_thumbnail_id":["27468"],"_crosssell_ids":["a:0:{}"],"_stock":["99.000000"],"_last_translation_edit_mode":["translation-editor"],"connectivity":["",""],"_display_data_alarm":["field_667d647bcb066"],"_calibration":["field_66a0ddd599972"],"_shipping":["field_66852535c98a5"],"_refrigerant_cabinet":["field_66852557c98a6"],"_main_specifications":["field_66855b25b1245"],"_edit_lock":["1721906667:8383"],"classic-editor-remember":["classic-editor"],"rank_math_seo_score":["73"],"_edit_last":["8383"],"commercekit_gallery_layout":[""],"commercekit_disable_sticky_atc":["0"],"commercekit_wc_video_gallery":["a:0:{}"],"_rank_math_gtin_code":[""],"_wcml_average_rating":[null],"_wcml_review_count":[null],"_wcml_rating_count":[null],"_wc_average_rating":[0],"_wc_review_count":["0"],"_product_version":["9.1.2"],"display_data_alarm":[""],"calibration":[""],"accessories":[""],"calibration_suitable_ids_gb":[""],"calibration_suitable_ids_us":[""],"show_in_calibration_suitable":[""],"other_features":[""],"shipping":[""],"refrigerant_cabinet":[""],"main_specifications":[""],"shoptimizer_layout_pdp_short_description_position":["default"],"product_datasheet":["10342"],"brand_image":["10474"],"_wpml_media_duplicate":["1"],"_wpml_media_featured":["1"],"_backorders":["no","no"],"_manage_stock":["no","no"],"_wpml_word_count":["49"],"rank_math_primary_product_cat":["108","108"],"faqs":["<span class=\"ui-provider bge bgf bgd bgg bgh bgi bgj bgk bgl bgm bgn bgo bgp bgq bgr bgs bgt bgu bgv bgw bgx bgy bgz bha bhb bhc bhd bhe bhf bhg bhh bhi bhj bhk bhl\" dir=\"ltr\">[accordion]\n[accordion_header]Welche Protokolle in Bezug auf den CAN-Bus unterst\u00fctzt die S70-CAN Karte?[\/accordion_header]\n[accordion_section]Das J1939-Protokoll.[\/accordion_section]\n[\/accordion]<\/span>\n\n<span class=\"ui-provider bge bgf bgd bgg bgh bgi bgj bgk bgl bgm bgn bgo bgp bgq bgr bgs bgt bgu bgv bgw bgx bgy bgz bha bhb bhc bhd bhe bhf bhg bhh bhi bhj bhk bhl\" dir=\"ltr\">[accordion]\n[accordion_header]Wie viele CAN-Kan\u00e4le bietet die CAN-Buskarte S70-CAN?[\/accordion_header]\n[accordion_section]Ein Kanal.[\/accordion_section]\n[\/accordion]<\/span>\n\n<a class=\"button button-secondary\" href=\"\/support\/panelpilotace\/\">Mehr Unterst\u00fctzung<\/a>"],"_other_features":["field_686fa2aa98dce"],"min_temp":[""],"max_temp":[""],"_min_temp":["field_67ea5eb4e0a77"],"_max_temp":["field_67ea5f81e0a79"],"usd_price_4":["0.00"],"usd_price_9":["0.00"],"usd_price_24":["0.00"],"usd_price_49":["0.00"],"usd_price_99":["0.00"],"gbp_price_49":["0.00"],"gbp_price_99":["0.00"],"usdhk_price_49":["0.00"],"usdhk_price_99":["0.00"],"_other_features_arctiko":[""],"rank_math_title":["S70-CAN | CAN-Bus-Zusatzkarte f\u00fcr SGD 70-A | PanelPilot"],"rank_math_description":["Sorgen Sie f\u00fcr eine rechtzeitige Ger\u00e4teverwaltung mit dem SGD 43-A-RTC, einem am Bedienfeld montierten Laufzeitz\u00e4hler mit Touchscreen, anpassbaren Warnmeldungen und PIN-Sicherheit. Bereit f\u00fcr ein Upgrade?"],"rank_math_focus_keyword":["S70-CAN"],"specifications_table":["<table class=\"specifications\">\n<tbody>\n<tr class=\"even-row\">\n<td class=\"left-td\">Kan\u00e4le<\/td>\n<td>1<\/td>\n<\/tr>\n<tr class=\"odd-row\">\n<td class=\"left-td\">Maximale Bitrate<\/td>\n<td>1 Mbps<\/td>\n<\/tr>\n<tr class=\"even-row\">\n<td class=\"left-td\">Betriebsspannung<\/td>\n<td>5V vom PanelPilotACE-Display<\/td>\n<\/tr>\n<tr class=\"odd-row\">\n<td class=\"left-td\">Betriebstemperatur<\/td>\n<td>0-40\u00b0C<\/td>\n<\/tr>\n<tr class=\"even-row\">\n<td class=\"left-td\">Unterst\u00fctzte Protokolle<\/td>\n<td>J1939<\/td>\n<\/tr>\n<\/tbody>\n<\/table>"],"resources":["<ul class=\"resources-list\">\n \t<li><img src=\"https:\/\/praxas.com\/wp-content\/uploads\/document-icon.png\" alt=\"Dokument-Symbol\"><a href=\"https:\/\/praxas.com\/wp-content\/uploads\/s70-can_datasheet_iss1_03-19-1.pdf\" target=\"_blank\" rel=\"noopener\">S70-CAN Datenblatt<\/a><\/li>\n \t<li><img src=\"https:\/\/praxas.com\/wp-content\/uploads\/document-icon.png\" alt=\"Dokument-Symbol\"><a href=\"https:\/\/praxas.com\/wp-content\/uploads\/ppadesignstudio_can-bus-element-user-guide_iss1_04-19.pdf\" target=\"_blank\" rel=\"noopener\">PanelPilotACE CAN-Bus Benutzerhandbuch<\/a><\/li>\n<\/ul>"],"gbp_price_4":["31.2"],"gbp_price_9":["30.23"],"gbp_price_24":["29.25"],"usdhk_price_4":["42.24"],"usdhk_price_9":["40.92"],"usdhk_price_24":["39.6"],"_uag_page_assets":["a:9:{s:3:\"css\";s:0:\"\";s:2:\"js\";s:0:\"\";s:18:\"current_block_list\";a:0:{}s:8:\"uag_flag\";b:0;s:11:\"uag_version\";s:10:\"1775212209\";s:6:\"gfonts\";a:0:{}s:10:\"gfonts_url\";s:0:\"\";s:12:\"gfonts_files\";a:0:{}s:14:\"uag_faq_layout\";b:0;}"],"_regular_price":["43.15","43.15"],"_price":["43.15","43.15"],"hubwoo_ecomm_pro_id":["25272609656"],"_max_variation_price":[""],"_max_variation_regular_price":[""],"_max_variation_sale_price":[""],"_min_variation_price":[""],"_min_variation_regular_price":[""],"_min_variation_sale_price":[""],"_sale_price":[""],"_wc_pb_base_regular_price":[""],"_wc_pb_base_sale_price":[""],"_wc_pb_base_price":[""],"_wc_sw_max_price":[""],"_wc_sw_max_regular_price":[""],"_wc_rating_count":[""]},"uagb_featured_image_src":{"full":["https:\/\/praxas.com\/wp-content\/uploads\/S70-CAN-1.png",800,463,false],"thumbnail":["https:\/\/praxas.com\/wp-content\/uploads\/S70-CAN-1-150x150.png",150,150,true],"medium":["https:\/\/praxas.com\/wp-content\/uploads\/S70-CAN-1-300x174.png",300,174,true],"medium_large":["https:\/\/praxas.com\/wp-content\/uploads\/S70-CAN-1-768x444.png",768,444,true],"large":["https:\/\/praxas.com\/wp-content\/uploads\/S70-CAN-1.png",800,463,false],"1536x1536":["https:\/\/praxas.com\/wp-content\/uploads\/S70-CAN-1.png",800,463,false],"2048x2048":["https:\/\/praxas.com\/wp-content\/uploads\/S70-CAN-1.png",800,463,false],"crunchify-admin-post-featured-image":["https:\/\/praxas.com\/wp-content\/uploads\/S70-CAN-1-120x69.png",120,69,true],"commercegurus-pdp-large":["https:\/\/praxas.com\/wp-content\/uploads\/S70-CAN-1.png",800,463,false],"commercegurus-plp-mobile":["https:\/\/praxas.com\/wp-content\/uploads\/S70-CAN-1-441x255.png",441,255,true],"cgkit_image_swatch":["https:\/\/praxas.com\/wp-content\/uploads\/S70-CAN-1-100x100.png",100,100,true],"woocommerce_thumbnail":["https:\/\/praxas.com\/wp-content\/uploads\/S70-CAN-1-300x174.png",300,174,true],"woocommerce_single":["https:\/\/praxas.com\/wp-content\/uploads\/S70-CAN-1.png",800,463,false],"woocommerce_gallery_thumbnail":["https:\/\/praxas.com\/wp-content\/uploads\/S70-CAN-1-150x87.png",150,87,true]},"uagb_author_info":{"display_name":"AndyS","author_link":"https:\/\/praxas.com\/de\/author\/"},"uagb_comment_info":0,"uagb_excerpt":"CAN-Bus-Zusatzkarte f\u00fcr SGD 70-A","_links":{"self":[{"href":"https:\/\/praxas.com\/de\/wp-json\/wp\/v2\/product\/27467","targetHints":{"allow":["GET"]}}],"collection":[{"href":"https:\/\/praxas.com\/de\/wp-json\/wp\/v2\/product"}],"about":[{"href":"https:\/\/praxas.com\/de\/wp-json\/wp\/v2\/types\/product"}],"wp:featuredmedia":[{"embeddable":true,"href":"https:\/\/praxas.com\/de\/wp-json\/wp\/v2\/media\/27468"}],"wp:attachment":[{"href":"https:\/\/praxas.com\/de\/wp-json\/wp\/v2\/media?parent=27467"}],"wp:term":[{"taxonomy":"product_brand","embeddable":true,"href":"https:\/\/praxas.com\/de\/wp-json\/wp\/v2\/product_brand?post=27467"},{"taxonomy":"product_cat","embeddable":true,"href":"https:\/\/praxas.com\/de\/wp-json\/wp\/v2\/product_cat?post=27467"},{"taxonomy":"product_tag","embeddable":true,"href":"https:\/\/praxas.com\/de\/wp-json\/wp\/v2\/product_tag?post=27467"}],"curies":[{"name":"wp","href":"https:\/\/api.w.org\/{rel}","templated":true}]}}