{"id":27478,"date":"2023-06-26T18:24:00","date_gmt":"2023-06-26T16:24:00","guid":{"rendered":"https:\/\/staging.praxas.com\/product\/unkategorisiert\/sgd-70-a\/"},"modified":"2025-10-09T10:04:31","modified_gmt":"2025-10-09T08:04:31","slug":"sgd-70-a","status":"publish","type":"product","link":"https:\/\/praxas.com\/de\/product\/uncategorized-de\/sgd-70-a\/","title":{"rendered":"SGD 70-A"},"content":{"rendered":"<p>Das SGD 70-A ist ein kapazitives 7-Zoll-Touch-Display, das f\u00fcr die Verwendung mit PanelPilotACE Design Studio konzipiert wurde, einem kostenlosen Softwarepaket im Drag-and-Drop-Stil f\u00fcr die schnelle Entwicklung von fortschrittlichen Benutzeroberfl\u00e4chen und Panelmetern. Dieses handels\u00fcbliche Display verf\u00fcgt \u00fcber eine F\u00fclle von Hardwareschnittstellen, darunter vier bipolare 16-Bit-Analogeing\u00e4nge (bis maximal \u00b140 V Gleichspannung), acht digitale Ein-\/Ausg\u00e4nge, zwei Alarmausg\u00e4nge, vier 8-Bit-PWM-Ausg\u00e4nge, PID-Steuerung, Ethernet-FTP f\u00fcr protokollierte Daten, Mehrkanal-Datenprotokollierung und Trendgrafiken, serielle RS232 und RS485 sowie ein zus\u00e4tzliches Add-on-Board zur Messung <a href=\"https:\/\/praxas.com\/de\/product\/uncategorized-de\/s70-tp\/\"><br \/>\n  <strong>Temperatur<\/strong><br \/>\n<\/a>.<\/p>\n<p><strong>Entwicklungskit<\/strong><br \/>\nDas Entwicklungskit, <a href=\"https:\/\/praxas.com\/es\/product\/uncategorized-es\/sgd-70-a-dk\/\"><br \/>\n  <strong>SGD 70-A-DK+<\/strong><br \/>\n<\/a>ist die beste Wahl, wenn Sie mit der Entwicklung auf der PanelPilotACE-Plattform beginnen m\u00f6chten. Es enth\u00e4lt alles, was Sie f\u00fcr den Anfang brauchen: ein SGD 70-A, ein Entwicklungsboard und ein USB-Kabel. Die Platine bietet Schalter, Drehkn\u00f6pfe, LEDs und Schraubklemmenanschl\u00fcsse f\u00fcr alle Ein- und Ausgangsfunktionen des SGD 70-A.<\/p>\n<p><strong>PanelPilotACE Universit\u00e4t<\/strong><br \/>\nDie <a href=\"https:\/\/praxas.com\/de\/panelpilotace-universitaet\/\"><br \/>\n  <strong>PanelPilotACE Universit\u00e4t<\/strong><br \/>\n<\/a> verf\u00fcgt \u00fcber eine Vielzahl von Ressourcen, um Ihre Programmiererfahrung so schnell und effizient wie m\u00f6glich zu gestalten. Von Anleitungen und h\u00e4ufig gestellten Fragen bis hin zu einer st\u00e4ndig wachsenden Anzahl von vorkonfigurierten ACE-Vorlagen und einer Symbol- und Grafikbibliothek &#8211; besuchen Sie die Universit\u00e4t und machen Sie Ihr PanelPilotACE-Projekt noch schneller.<\/p>\n","protected":false},"excerpt":{"rendered":"<p>7&#8243; mit analogen, digitalen, PWM- und seriellen Schnittstellen<\/p>\n","protected":false},"featured_media":27479,"template":"","meta":{"_acf_changed":false,"content-type":"","_uag_custom_page_level_css":""},"product_brand":[],"product_cat":[2644],"product_tag":[1003,1126],"class_list":{"0":"post-27478","1":"product","2":"type-product","3":"status-publish","4":"has-post-thumbnail","6":"product_cat-uncategorized-de","7":"product_tag-anzeige","8":"product_tag-hmi-de","10":"first","11":"instock","12":"taxable","13":"shipping-taxable","14":"purchasable","15":"product-type-simple"},"bundled_by":[],"bundle_stock_status":"instock","bundle_stock_quantity":3,"bundle_virtual":false,"bundle_layout":"","bundle_add_to_cart_form_location":"","bundle_editable_in_cart":false,"bundle_sold_individually_context":"","bundle_item_grouping":"","bundle_min_size":"","bundle_max_size":"","bundle_price":[],"bundled_items":[],"bundle_sell_ids":[],"acf":[],"spectra_custom_meta":{"_download_limit":["-1","-1"],"_download_expiry":["-1","-1"],"_downloadable":["no","no"],"_stock_status":["instock","instock","instock"],"_sold_individually":["no","no"],"_tax_class":["",""],"_tax_status":["taxable","taxable"],"_virtual":["no","no"],"_weight":["0.482"],"_width":["0"],"_height":["0"],"_length":["0","0"],"total_sales":["11","11"],"_product_datasheet":["field_650ad7d6ea3a0"],"_connectivity":["field_64dce263bb57c","field_64dce263bb57c"],"brand":["PanelPilot","PanelPilot"],"_brand":["field_64ddf62ed2593","field_64ddf62ed2593"],"_brand_image":["field_650c5e7c84cae"],"_specifications_table":["field_65044e1db92a8"],"_resources":["field_650849c6945ee"],"_accessories":["field_650849e6945f0","field_650849e6945f0"],"_faqs":["field_650859523d8d5"],"_calibration_suitable_ids_gb":["field_654b4c4acb54a"],"_calibration_suitable_ids_us":["field_654b4c56cb54b"],"_show_in_calibration_suitable":["field_654cfb691d345"],"_usd_price_4":["field_651570dcac479"],"_usd_price_9":["field_6515713eb4807"],"_usd_price_24":["field_65157141b4809"],"_usd_price_49":["field_65157140b4808"],"_usd_price_99":["field_6515715bb480a"],"_gbp_price_4":["field_6515716e83bfa"],"_gbp_price_9":["field_6515724783bfb"],"_gbp_price_24":["field_6515724b83bfc"],"_gbp_price_49":["field_6515725983bfd"],"_gbp_price_99":["field_6515725d83bfe"],"_usdhk_price_4":["field_6515726f83bff"],"_usdhk_price_9":["field_6515727c83c00"],"_usdhk_price_24":["field_6515728083c01"],"_usdhk_price_49":["field_6515728983c02"],"_usdhk_price_99":["field_6515728e83c03"],"stock_options":["In stock"],"_stock_options":["field_6544b605dc7f9"],"_top_nav_excluded":[""],"_cms_nav_minihome":[""],"wcml_sync_hash":["a:1:{s:15:\"postmeta_fields\";s:32:\"f37969bc2304fe72a2bd9a83c21255f4\";}"],"attr_label_translations":["a:0:{}"],"_product_image_gallery":["27480,27481,27482"],"_thumbnail_id":["27479"],"_crosssell_ids":["a:0:{}"],"_stock":["3.000000"],"_last_translation_edit_mode":["translation-editor"],"_sku":["SGD 70-A","SGD 70-A"],"connectivity":["",""],"_display_data_alarm":["field_667d647bcb066"],"_calibration":["field_66a0ddd599972"],"_shipping":["field_66852535c98a5"],"_refrigerant_cabinet":["field_66852557c98a6"],"_main_specifications":["field_66855b25b1245"],"_edit_lock":["1721899760:8383"],"classic-editor-remember":["classic-editor"],"rank_math_seo_score":["87"],"_edit_last":["8383"],"commercekit_gallery_layout":[""],"commercekit_disable_sticky_atc":["0"],"commercekit_wc_video_gallery":["a:0:{}"],"_rank_math_gtin_code":[""],"_wcml_average_rating":[null],"_wcml_review_count":[null],"_wcml_rating_count":[null],"_wc_average_rating":[0],"_wc_review_count":["0"],"_product_version":["9.1.2"],"display_data_alarm":[""],"calibration":[""],"calibration_suitable_ids_gb":[""],"calibration_suitable_ids_us":[""],"show_in_calibration_suitable":[""],"other_features":[""],"shipping":[""],"refrigerant_cabinet":[""],"main_specifications":[""],"shoptimizer_layout_pdp_short_description_position":["default"],"product_datasheet":["10318"],"brand_image":["10474"],"_wpml_media_duplicate":["1"],"_wpml_media_featured":["1"],"rank_math_primary_product_cat":["108","108"],"faqs":["[accordion]\n[accordion_header]Ich sehe, dass es f\u00fcr das SGD 43-A eine Zusatzplatine f\u00fcr RS485 gibt, aber nicht f\u00fcr das SGD 70-A. Warum gibt es keine Platine f\u00fcr das 70?[\/accordion_header]\n[accordion_section]Das liegt daran, dass der 70-A die Hardware bereits eingebaut hat und daher keine Zusatzplatine ben\u00f6tigt wird.[\/accordion_section]\n[\/accordion]\n\n[accordion]\n[accordion_header]Meine Uhr ist auf die falsche Zeit eingestellt. Wie stelle ich die Uhr ein?[\/accordion_header]\n[accordion_section]\u00d6ffnen Sie das Panel Pilot ACE Design Studio und schlie\u00dfen Sie Ihr Ger\u00e4t an. Wenn Ihr Ger\u00e4t korrekt verbunden ist, sollten Sie es in der Dropdown-Liste Ger\u00e4t oben rechts im Studio ausw\u00e4hlen k\u00f6nnen. Klicken Sie auf die Schaltfl\u00e4che rechts neben der Ger\u00e4teauswahl, die wie drei wei\u00dfe horizontale Linien aussieht. W\u00e4hlen Sie aus dem erscheinenden Dropdown-Men\u00fc \"Ger\u00e4tekonfiguration\". Aktivieren Sie dann das Kontrollk\u00e4stchen \"Echtzeituhr einstellen\" und stellen Sie sicher, dass die richtige Zeit ausgew\u00e4hlt ist (+1 bezieht sich auf GMT+1). Klicken Sie auf die Schaltfl\u00e4che Konfigurieren und die Anwendung wird aktualisiert.  [\/accordion_section]\n[\/accordion]\n\n<a class=\"button button-orange\" href=\"\/support\/panelpilotace\/\" target=\"_blank\" rel=\"noopener\">Mehr Unterst\u00fctzung<\/a>"],"usd_price_4":["0.00"],"usd_price_9":["0.00"],"usd_price_24":["0.00"],"usd_price_49":["0.00"],"usd_price_99":["0.00"],"gbp_price_4":["0.00"],"gbp_price_99":["0.00"],"usdhk_price_4":["0.00"],"usdhk_price_99":["0.00"],"_wpml_word_count":["278"],"_other_features":[""],"_backorders":["no","no"],"_manage_stock":["no","no"],"min_temp":[""],"max_temp":[""],"_min_temp":[""],"_max_temp":[""],"_other_features_arctiko":[""],"rank_math_title":["PanelPilot SGD 70-A | 7-Zoll-Touchscreen-Display | HMIs"],"rank_math_description":["Ben\u00f6tigen Sie ein vielseitiges Touchscreen-Display? Das SGD 70-A von Lascar ist ein kapazitives 7-Zoll-Display mit zwei Alarmausg\u00e4ngen, PID-Steuerung und Mehrkanal-Datenprotokollierung."],"rank_math_focus_keyword":["SGD 70-A"],"specifications_table":["<table class=\"specifications\">\n<tbody>\n<tr class=\"even-row\">\n<td class=\"left-td\">Display<\/td>\n<td>7\" TFT mit 16.7M Farben<\/td>\n<\/tr>\n<tr class=\"odd-row\">\n<td class=\"left-td\">Touchscreen<\/td>\n<td>Kapazitiver Touchscreen<\/td>\n<\/tr>\n<tr class=\"even-row\">\n<td class=\"left-td\">Aufl\u00f6sung<\/td>\n<td>1024 x 600 Pixel<\/td>\n<\/tr>\n<tr class=\"odd-row\">\n<td class=\"left-td\">Prozessor<\/td>\n<td>Freescale i.MX 6SoloX (ARM Cortex A9 & M4)<\/td>\n<\/tr>\n<tr class=\"even-row\">\n<td class=\"left-td\">Analoge Eing\u00e4nge<\/td>\n<td>Vier 16-Bit bis \u00b140V d.c.<\/td>\n<\/tr>\n<tr class=\"odd-row\">\n<td class=\"left-td\">Versorgung<\/td>\n<td>5 bis 30V Gleichstrom (1A typisch bei 5V Gleichstrom)<\/td>\n<\/tr>\n<tr class=\"even-row\">\n<td class=\"left-td\">\u00c4u\u00dfere Abmessungen<\/td>\n<td>186 mm (7,3\") x 122 mm (4,3\") x 21 mm (0,8\")<\/td>\n<\/tr>\n<\/tbody>\n<\/table>"],"resources":["<ul class=\"resources-list\">\n \t<li><img src=\"https:\/\/praxas.com\/wp-content\/uploads\/document-icon.png\" alt=\"Dokument-Symbol\"><a href=\"https:\/\/praxas.com\/wp-content\/uploads\/panelpilot-panel-instrument-sgd-70-a_iss7_10-18.pdf\" target=\"_blank\" rel=\"noopener\">SGD 70-A Datenblatt<\/a><\/li>\n \t<li><img src=\"https:\/\/praxas.com\/wp-content\/uploads\/software-icon.png\" alt=\"Software-Symbol\"><a href=\"https:\/\/praxas.com\/software\/panelpilot-software\/panelpilotace-design-studio\/\" target=\"_blank\" rel=\"noopener\">PanelPilotACE Software herunterladen<\/a><\/li>\n \t<li><img src=\"https:\/\/praxas.com\/wp-content\/uploads\/document-icon.png\" alt=\"Dokument-Symbol\"><a href=\"https:\/\/praxas.com\/wp-content\/uploads\/sgd-70-a-quickstart-guide-postcard-04_2018.pdf\" target=\"_blank\" rel=\"noopener\">SGD 70-A Schnellstartanleitung<\/a><\/li>\n \t<li><img src=\"https:\/\/praxas.com\/wp-content\/uploads\/document-icon.png\" alt=\"Dokument-Symbol\"><a href=\"https:\/\/praxas.com\/wp-content\/uploads\/declaration-of-conformity_ppace_iss6_01-17.pdf\" target=\"_blank\" rel=\"noopener\">Konformit\u00e4tserkl\u00e4rung<\/a><\/li>\n<\/ul>\n<a class=\"button button-secondary\" href=\"\/support\/\">Mehr Unterst\u00fctzung<\/a>"],"accessories":["[products skus=\"SGD 70-A DK+,S70-CAN,S70-TP\"]"],"gbp_price_9":["306.89"],"gbp_price_24":["296.99"],"gbp_price_49":["280.49"],"usdhk_price_9":["416.63"],"usdhk_price_24":["403.61"],"usdhk_price_49":["390.59"],"_uag_page_assets":["a:9:{s:3:\"css\";s:0:\"\";s:2:\"js\";s:0:\"\";s:18:\"current_block_list\";a:0:{}s:8:\"uag_flag\";b:0;s:11:\"uag_version\";s:10:\"1775212209\";s:6:\"gfonts\";a:0:{}s:10:\"gfonts_url\";s:0:\"\";s:12:\"gfonts_files\";a:0:{}s:14:\"uag_faq_layout\";b:0;}"],"_regular_price":["421.15","421.15"],"_price":["421.15","421.15"],"_max_variation_price":[""],"_max_variation_regular_price":[""],"_max_variation_sale_price":[""],"_min_variation_price":[""],"_min_variation_regular_price":[""],"_min_variation_sale_price":[""],"_sale_price":[""],"_wc_pb_base_regular_price":[""],"_wc_pb_base_sale_price":[""],"_wc_pb_base_price":[""],"_wc_sw_max_price":[""],"_wc_sw_max_regular_price":[""],"_wc_rating_count":[""]},"uagb_featured_image_src":{"full":["https:\/\/praxas.com\/wp-content\/uploads\/PanelPilotAce-Display-Solutions-SGD-70-A-Front-Logo.png",800,463,false],"thumbnail":["https:\/\/praxas.com\/wp-content\/uploads\/PanelPilotAce-Display-Solutions-SGD-70-A-Front-Logo-150x150.png",150,150,true],"medium":["https:\/\/praxas.com\/wp-content\/uploads\/PanelPilotAce-Display-Solutions-SGD-70-A-Front-Logo-300x174.png",300,174,true],"medium_large":["https:\/\/praxas.com\/wp-content\/uploads\/PanelPilotAce-Display-Solutions-SGD-70-A-Front-Logo-768x444.png",768,444,true],"large":["https:\/\/praxas.com\/wp-content\/uploads\/PanelPilotAce-Display-Solutions-SGD-70-A-Front-Logo.png",800,463,false],"1536x1536":["https:\/\/praxas.com\/wp-content\/uploads\/PanelPilotAce-Display-Solutions-SGD-70-A-Front-Logo.png",800,463,false],"2048x2048":["https:\/\/praxas.com\/wp-content\/uploads\/PanelPilotAce-Display-Solutions-SGD-70-A-Front-Logo.png",800,463,false],"crunchify-admin-post-featured-image":["https:\/\/praxas.com\/wp-content\/uploads\/PanelPilotAce-Display-Solutions-SGD-70-A-Front-Logo-120x69.png",120,69,true],"commercegurus-pdp-large":["https:\/\/praxas.com\/wp-content\/uploads\/PanelPilotAce-Display-Solutions-SGD-70-A-Front-Logo.png",800,463,false],"commercegurus-plp-mobile":["https:\/\/praxas.com\/wp-content\/uploads\/PanelPilotAce-Display-Solutions-SGD-70-A-Front-Logo-441x255.png",441,255,true],"cgkit_image_swatch":["https:\/\/praxas.com\/wp-content\/uploads\/PanelPilotAce-Display-Solutions-SGD-70-A-Front-Logo-100x100.png",100,100,true],"woocommerce_thumbnail":["https:\/\/praxas.com\/wp-content\/uploads\/PanelPilotAce-Display-Solutions-SGD-70-A-Front-Logo-300x174.png",300,174,true],"woocommerce_single":["https:\/\/praxas.com\/wp-content\/uploads\/PanelPilotAce-Display-Solutions-SGD-70-A-Front-Logo.png",800,463,false],"woocommerce_gallery_thumbnail":["https:\/\/praxas.com\/wp-content\/uploads\/PanelPilotAce-Display-Solutions-SGD-70-A-Front-Logo-150x87.png",150,87,true]},"uagb_author_info":{"display_name":"AndyS","author_link":"https:\/\/praxas.com\/de\/author\/"},"uagb_comment_info":0,"uagb_excerpt":"7\" mit analogen, digitalen, PWM- und seriellen Schnittstellen","_links":{"self":[{"href":"https:\/\/praxas.com\/de\/wp-json\/wp\/v2\/product\/27478","targetHints":{"allow":["GET"]}}],"collection":[{"href":"https:\/\/praxas.com\/de\/wp-json\/wp\/v2\/product"}],"about":[{"href":"https:\/\/praxas.com\/de\/wp-json\/wp\/v2\/types\/product"}],"wp:featuredmedia":[{"embeddable":true,"href":"https:\/\/praxas.com\/de\/wp-json\/wp\/v2\/media\/27479"}],"wp:attachment":[{"href":"https:\/\/praxas.com\/de\/wp-json\/wp\/v2\/media?parent=27478"}],"wp:term":[{"taxonomy":"product_brand","embeddable":true,"href":"https:\/\/praxas.com\/de\/wp-json\/wp\/v2\/product_brand?post=27478"},{"taxonomy":"product_cat","embeddable":true,"href":"https:\/\/praxas.com\/de\/wp-json\/wp\/v2\/product_cat?post=27478"},{"taxonomy":"product_tag","embeddable":true,"href":"https:\/\/praxas.com\/de\/wp-json\/wp\/v2\/product_tag?post=27478"}],"curies":[{"name":"wp","href":"https:\/\/api.w.org\/{rel}","templated":true}]}}