{"id":27487,"date":"2023-06-26T17:34:00","date_gmt":"2023-06-26T15:34:00","guid":{"rendered":"https:\/\/staging.praxas.com\/product\/unkategorisiert\/el-usb-1-lcd\/"},"modified":"2025-10-08T18:09:02","modified_gmt":"2025-10-08T16:09:02","slug":"el-usb-1-lcd","status":"publish","type":"product","link":"https:\/\/praxas.com\/de\/product\/datenlogger\/temperatur-datenlogger\/el-usb-1-lcd\/","title":{"rendered":"EL-USB-1-LCD"},"content":{"rendered":"<p>Dieser Standalone-Datenlogger misst mehr als 16.000 Messwerte in einem Bereich von -35 bis +80\u00b0C (-31 bis +176\u00b0F). Mit einem Tastendruck k\u00f6nnen Sie auf dem integrierten Display zwischen den aktuellen, minimalen und maximalen Temperaturprotokollen w\u00e4hrend der Sitzung wechseln.<\/p>\n<p>Sie k\u00f6nnen den Logger ganz einfach einrichten und die heruntergeladenen Daten anzeigen, indem Sie das Ger\u00e4t an den USB-Anschluss eines PCs anschlie\u00dfen und die kostenlose EasyLog-Software verwenden. Die Daten k\u00f6nnen dann grafisch dargestellt, gedruckt und f\u00fcr eine detaillierte Analyse in andere Anwendungen exportiert werden. Geliefert mit \u00bd AA-Batterie und Wandmontageclip.<\/p>\n<p><strong>BITTE BEACHTEN SIE: <\/strong>Sie k\u00f6nnen bis zu ZWEI ERSATZBATTERIEN f\u00fcr jeden bestellten Datenlogger hinzuf\u00fcgen.<\/p>\n<p><strong>DID YOU KNOW?<\/strong><br \/>\nDas <a href=\"https:\/\/praxas.com\/de\/product\/datenlogger\/temperatur-datenlogger\/el-sie-1\/\"><br \/>\n  <strong>EL-SIE-1<\/strong><br \/>\n<\/a> und <a href=\"\/product\/data-loggers\/temperature-data-loggers\/easylog-el-sie-1plus\/\"><br \/>\n  <strong>EL-SIE-1+<\/strong><br \/>\n<\/a> sind ebenfalls zum Kauf erh\u00e4ltlich. Sie sind unsere neuesten, bahnbrechenden USB-Datenlogger und stellen eine leistungsf\u00e4higere Alternative zu diesem Ger\u00e4t dar. Sie k\u00f6nnen bis zu einer Million Temperaturmesswerte speichern und verf\u00fcgen \u00fcber ein kristallklares Display f\u00fcr die \u00dcberwachung auf einen Blick.<\/p>\n","protected":false},"excerpt":{"rendered":"<p><!--USB Temperature Data Logger with Display--><br \/>\nUSB-Temperatur-Datenlogger mit Display (-35 bis +80\u00b0C)<\/p>\n","protected":false},"featured_media":27488,"template":"","meta":{"_acf_changed":false,"content-type":"","_uag_custom_page_level_css":""},"product_brand":[],"product_cat":[1010],"product_tag":[1003,2432,992,1016],"class_list":{"0":"post-27487","1":"product","2":"type-product","3":"status-publish","4":"has-post-thumbnail","6":"product_cat-temperatur-datenlogger","7":"product_tag-anzeige","8":"product_tag-easylog","9":"product_tag-interner-sensor","10":"product_tag-usb-de","12":"first","13":"instock","14":"taxable","15":"shipping-taxable","16":"purchasable","17":"product-type-simple"},"bundled_by":[],"bundle_stock_status":"instock","bundle_stock_quantity":12,"bundle_virtual":false,"bundle_layout":"","bundle_add_to_cart_form_location":"","bundle_editable_in_cart":false,"bundle_sold_individually_context":"","bundle_item_grouping":"","bundle_min_size":"","bundle_max_size":"","bundle_price":[],"bundled_items":[],"bundle_sell_ids":[],"acf":[],"spectra_custom_meta":{"_download_limit":["-1","-1"],"_download_expiry":["-1","-1"],"_downloadable":["no","no"],"_sku":["EL-USB-1-LCD","EL-USB-1-LCD"],"_stock_status":["instock","instock","instock"],"_sold_individually":["no","no"],"_tax_class":["",""],"_tax_status":["taxable","taxable"],"_virtual":["no","no"],"_weight":["0.084","0.084"],"_width":["0"],"_height":["0"],"_length":["0","0"],"total_sales":["53","53"],"_product_datasheet":["field_650ad7d6ea3a0"],"_connectivity":["field_64dce263bb57c","field_64dce263bb57c"],"brand":["EasyLog","EasyLog"],"_brand":["field_64ddf62ed2593","field_64ddf62ed2593"],"_brand_image":["field_650c5e7c84cae"],"_specifications_table":["field_65044e1db92a8"],"_resources":["field_650849c6945ee"],"_accessories":["field_650849e6945f0","field_650849e6945f0"],"_faqs":["field_650859523d8d5"],"_calibration_suitable_ids_gb":["field_654b4c4acb54a"],"_calibration_suitable_ids_us":["field_654b4c56cb54b"],"_show_in_calibration_suitable":["field_654cfb691d345"],"_usd_price_4":["field_651570dcac479"],"_usd_price_9":["field_6515713eb4807"],"_usd_price_24":["field_65157141b4809"],"_usd_price_49":["field_65157140b4808"],"_usd_price_99":["field_6515715bb480a"],"_gbp_price_4":["field_6515716e83bfa"],"_gbp_price_9":["field_6515724783bfb"],"_gbp_price_24":["field_6515724b83bfc"],"_gbp_price_49":["field_6515725983bfd"],"_gbp_price_99":["field_6515725d83bfe"],"_usdhk_price_4":["field_6515726f83bff"],"_usdhk_price_9":["field_6515727c83c00"],"_usdhk_price_24":["field_6515728083c01"],"_usdhk_price_49":["field_6515728983c02"],"_usdhk_price_99":["field_6515728e83c03"],"stock_options":["In stock"],"_stock_options":["field_6544b605dc7f9"],"_top_nav_excluded":[""],"_cms_nav_minihome":[""],"wcml_sync_hash":["a:1:{s:15:\"postmeta_fields\";s:32:\"785c79d69bd44131358410f599d80339\";}"],"attr_label_translations":["a:0:{}"],"_product_image_gallery":["27489,27490,27491,27492"],"_thumbnail_id":["27488"],"_crosssell_ids":["a:0:{}"],"_stock":["12.000000"],"_last_translation_edit_mode":["translation-editor"],"calibration":[""],"connectivity":["USB","USB"],"_display_data_alarm":["field_667d647bcb066"],"_other_features":["field_668524f8c98a4"],"_shipping":["field_66852535c98a5"],"_refrigerant_cabinet":["field_66852557c98a6"],"_main_specifications":["field_66855b25b1245"],"_edit_lock":["1721815948:8383"],"classic-editor-remember":["classic-editor"],"rank_math_seo_score":["84"],"_edit_last":["8383"],"commercekit_gallery_layout":[""],"commercekit_disable_sticky_atc":["0"],"commercekit_wc_video_gallery":["a:0:{}"],"_rank_math_gtin_code":[""],"_wcml_average_rating":[null],"_wcml_review_count":[null],"_wcml_rating_count":[null],"_wc_average_rating":[0],"_wc_review_count":["0"],"_product_version":["9.1.2"],"display_data_alarm":[""],"calibration_suitable_ids_gb":[""],"calibration_suitable_ids_us":[""],"show_in_calibration_suitable":[""],"other_features":[""],"shipping":[""],"refrigerant_cabinet":[""],"main_specifications":[""],"shoptimizer_layout_pdp_short_description_position":["default"],"product_datasheet":["10326"],"brand_image":["10467"],"_wpml_media_duplicate":["1"],"_wpml_media_featured":["1"],"_product_attributes":["a:2:{s:16:\"pa_product-brand\";a:6:{s:4:\"name\";s:16:\"pa_product-brand\";s:5:\"value\";s:0:\"\";s:8:\"position\";i:0;s:10:\"is_visible\";i:1;s:12:\"is_variation\";i:0;s:11:\"is_taxonomy\";i:1;}s:19:\"pa_product-features\";a:6:{s:4:\"name\";s:19:\"pa_product-features\";s:5:\"value\";s:0:\"\";s:8:\"position\";i:1;s:10:\"is_visible\";i:1;s:12:\"is_variation\";i:0;s:11:\"is_taxonomy\";i:1;}}"],"_backorders":["no","no"],"_manage_stock":["no","no"],"_calibration":["field_66a0ddd599972"],"min_temp":["-35"],"max_temp":["80"],"_min_temp":["field_67ea5eb4e0a77"],"_max_temp":["field_67ea5f81e0a79"],"_wpml_word_count":["203"],"rank_math_primary_product_cat":["87","87"],"_global_unique_id":["5056744400878"],"rank_math_title":["EL-USB-1-LCD | Temperatur USB Display Datenlogger | Praxas"],"rank_math_description":["Entdecken Sie den EasyLog EL-USB-1-LCD USB-Datenlogger von Lascar Electronics. Er kann mehr als 16.000 Messwerte in einem Bereich von -35 bis +80\u00b0C messen."],"rank_math_focus_keyword":["EL-USB-1-LCD"],"specifications_table":["<table class=\"specifications\">\n<tbody>\n<tr class=\"even-row\">\n<td class=\"left-td\">Messbereich<\/td>\n<td>-35 bis +80\u00b0C (-31 bis + 176\u00b0F)<\/td>\n<\/tr>\n<tr class=\"odd-row\">\n<td class=\"left-td\">Genauigkeit (Gesamtfehler)<\/td>\n<td>\u00b1 0,5\u00b0C typisch<\/td>\n<\/tr>\n<tr class=\"even-row\">\n<td class=\"left-td\">Lesungen<\/td>\n<td>16,378<\/td>\n<\/tr>\n<tr class=\"odd-row\">\n<td class=\"left-td\">Logging-Rate<\/td>\n<td>Vom Benutzer w\u00e4hlbar zwischen 10 Sekunden und 12 Stunden<\/td>\n<\/tr>\n<tr class=\"even-row\">\n<td class=\"left-td\">Lebensdauer der Batterie<\/td>\n<td>2 Jahre (bei 25\u00b0C und einer Aufzeichnungsrate von 1 Minute, LCD eingeschaltet)<\/td>\n<\/tr>\n<\/tbody>\n<\/table>"],"resources":["<ul class=\"resources-list\">\n \t<li><img src=\"https:\/\/praxas.com\/wp-content\/uploads\/document-icon.png\" alt=\"Dokument-Symbol\"><a href=\"https:\/\/praxas.com\/wp-content\/uploads\/easylog-data-logger-el-usb-1-lcd_iss11_02-21.pdf\" target=\"_blank\" rel=\"noopener\">EL-USB-1-LCD Datenblatt<\/a><\/li>\n \t<li><img src=\"https:\/\/praxas.com\/wp-content\/uploads\/software-icon.png\" alt=\"Software-Symbol\"><a href=\"https:\/\/praxas.com\/software\/easylog-software\/easylog-usb\/\" target=\"_blank\" rel=\"noopener\">EasyLog USB Software<\/a><\/li>\n \t<li><img src=\"https:\/\/praxas.com\/wp-content\/uploads\/document-icon.png\" alt=\"Dokument-Symbol\">\n<a href=\"https:\/\/praxas.com\/wp-content\/uploads\/easylog-usb_quick-start-guide_iss12_singlepage-05_2018.pdf\" target=\"_blank\" rel=\"noopener\">EL-USB-1-LCD Schnellstartanleitung<\/a><\/li>\n \t<li><img src=\"https:\/\/praxas.com\/wp-content\/uploads\/document-icon.png\" alt=\"Dokument-Symbol\"><a href=\"https:\/\/praxas.com\/wp-content\/uploads\/el-usb-range-includes-el-gfx-range-troubleshooting.pdf\" target=\"_blank\" rel=\"noopener\">EL-USB Reichweite Fehlersuche<\/a><\/li>\n \t<li><img src=\"https:\/\/praxas.com\/wp-content\/uploads\/video-icon-orange.png\" alt=\"Video-Symbol\"><a href=\"https:\/\/www.youtube.com\/playlist?list=PL_yZedoZ_7MqFFU3keWRD0tO46uMTbvcL\" target=\"_blank\" rel=\"noopener\">Tutorial-Videos<\/a><\/li>\n \t<li><img src=\"https:\/\/praxas.com\/wp-content\/uploads\/document-icon.png\" alt=\"Dokument-Symbol\"><a href=\"https:\/\/praxas.com\/wp-content\/uploads\/Declaration-of-Conformity_EasyLog_iss1-Indonesia.pdf\" target=\"_blank\" rel=\"noopener\">EL-USB-1-LCD Konformit\u00e4tserkl\u00e4rung<\/a><\/li>\n \t<li><img src=\"https:\/\/praxas.com\/wp-content\/uploads\/document-icon.png\" alt=\"Dokument-Symbol\"><a href=\"https:\/\/praxas.com\/wp-content\/uploads\/declaration-of-conformity_easylog_useonaircraft_iss2.pdf\" target=\"_blank\" rel=\"noopener\">Erkl\u00e4rung zur Verwendung in Flugzeugen<\/a><\/li>\n<\/ul>\n\u00a0"],"accessories":["[products skus=\"BAT 3V6 1\/2AA\"]","[products skus=\"BAT 3V6 1\/2AA\"]"],"faqs":["[accordion]\n[accordion_header]Warum funktionieren meine Batterien nicht?[\/accordion_header]\n[accordion_section]Wenn Lithium-Metall-Batterien, einschlie\u00dflich der in den Datenloggern der EasyLog-Reihe verwendeten, l\u00e4ngere Zeit unbenutzt bleiben, bilden sie auf nat\u00fcrliche Weise eine nicht leitende innere Schicht - eine Passivierungsschicht -, die ihre Selbstentladung verhindert und ihre Haltbarkeit effektiv verl\u00e4ngert. Bei der erstmaligen Installation im Datenlogger kann es zu einem kurzzeitigen Abfall der Batteriespannung (der transienten Mindestspannung) kommen, wenn die interne Schicht abgebaut wird, was zu einem Reset des Datenloggers f\u00fchrt. Wenn Sie die Batterien in den Datenlogger einlegen und ihn f\u00fcr etwa 30 Sekunden an einen PC anschlie\u00dfen, wird diese Schicht entfernt. Nehmen Sie danach die Batterien heraus und setzen Sie sie wieder ein, um den Datenlogger zur\u00fcckzusetzen. Die allgemeine Akkulaufzeit wird nicht beeintr\u00e4chtigt.[\/accordion_section]\n[\/accordion]\n\n<a class=\"button button-secondary\" href=\"\/support\/\">Mehr Unterst\u00fctzung<\/a>"],"usd_price_4":["0.00"],"usd_price_9":["0.00"],"usd_price_24":["0.00"],"usd_price_49":["0.00"],"usd_price_99":["0.00"],"gbp_price_4":["0.00"],"gbp_price_9":["0.00"],"gbp_price_24":["51.29"],"gbp_price_49":["0.00"],"gbp_price_99":["45.59"],"usdhk_price_4":["0.00"],"usdhk_price_9":["0.00"],"usdhk_price_24":["67.49"],"usdhk_price_49":["0.00"],"usdhk_price_99":["59.99"],"_uag_page_assets":["a:9:{s:3:\"css\";s:0:\"\";s:2:\"js\";s:0:\"\";s:18:\"current_block_list\";a:0:{}s:8:\"uag_flag\";b:0;s:11:\"uag_version\";s:10:\"1775742760\";s:6:\"gfonts\";a:0:{}s:10:\"gfonts_url\";s:0:\"\";s:12:\"gfonts_files\";a:0:{}s:14:\"uag_faq_layout\";b:0;}"],"_regular_price":["71.45","71.45"],"_price":["71.45","71.45"],"_max_variation_price":[""],"_max_variation_regular_price":[""],"_max_variation_sale_price":[""],"_min_variation_price":[""],"_min_variation_regular_price":[""],"_min_variation_sale_price":[""],"_sale_price":[""],"_wc_pb_base_regular_price":[""],"_wc_pb_base_sale_price":[""],"_wc_pb_base_price":[""],"_wc_sw_max_price":[""],"_wc_sw_max_regular_price":[""],"_wc_rating_count":[""]},"uagb_featured_image_src":{"full":["https:\/\/praxas.com\/wp-content\/uploads\/easylog-data-logger-EL-USB-1-LCD-Horizontal-Lid-On.png",800,463,false],"thumbnail":["https:\/\/praxas.com\/wp-content\/uploads\/easylog-data-logger-EL-USB-1-LCD-Horizontal-Lid-On-150x150.png",150,150,true],"medium":["https:\/\/praxas.com\/wp-content\/uploads\/easylog-data-logger-EL-USB-1-LCD-Horizontal-Lid-On-300x174.png",300,174,true],"medium_large":["https:\/\/praxas.com\/wp-content\/uploads\/easylog-data-logger-EL-USB-1-LCD-Horizontal-Lid-On-768x444.png",768,444,true],"large":["https:\/\/praxas.com\/wp-content\/uploads\/easylog-data-logger-EL-USB-1-LCD-Horizontal-Lid-On.png",800,463,false],"1536x1536":["https:\/\/praxas.com\/wp-content\/uploads\/easylog-data-logger-EL-USB-1-LCD-Horizontal-Lid-On.png",800,463,false],"2048x2048":["https:\/\/praxas.com\/wp-content\/uploads\/easylog-data-logger-EL-USB-1-LCD-Horizontal-Lid-On.png",800,463,false],"crunchify-admin-post-featured-image":["https:\/\/praxas.com\/wp-content\/uploads\/easylog-data-logger-EL-USB-1-LCD-Horizontal-Lid-On-120x69.png",120,69,true],"commercegurus-pdp-large":["https:\/\/praxas.com\/wp-content\/uploads\/easylog-data-logger-EL-USB-1-LCD-Horizontal-Lid-On.png",800,463,false],"commercegurus-plp-mobile":["https:\/\/praxas.com\/wp-content\/uploads\/easylog-data-logger-EL-USB-1-LCD-Horizontal-Lid-On-441x255.png",441,255,true],"cgkit_image_swatch":["https:\/\/praxas.com\/wp-content\/uploads\/easylog-data-logger-EL-USB-1-LCD-Horizontal-Lid-On-100x100.png",100,100,true],"woocommerce_thumbnail":["https:\/\/praxas.com\/wp-content\/uploads\/easylog-data-logger-EL-USB-1-LCD-Horizontal-Lid-On-300x174.png",300,174,true],"woocommerce_single":["https:\/\/praxas.com\/wp-content\/uploads\/easylog-data-logger-EL-USB-1-LCD-Horizontal-Lid-On.png",800,463,false],"woocommerce_gallery_thumbnail":["https:\/\/praxas.com\/wp-content\/uploads\/easylog-data-logger-EL-USB-1-LCD-Horizontal-Lid-On-150x87.png",150,87,true]},"uagb_author_info":{"display_name":"AndyS","author_link":"https:\/\/praxas.com\/de\/author\/"},"uagb_comment_info":0,"uagb_excerpt":"USB-Temperatur-Datenlogger mit Display (-35 bis +80\u00b0C)","_links":{"self":[{"href":"https:\/\/praxas.com\/de\/wp-json\/wp\/v2\/product\/27487","targetHints":{"allow":["GET"]}}],"collection":[{"href":"https:\/\/praxas.com\/de\/wp-json\/wp\/v2\/product"}],"about":[{"href":"https:\/\/praxas.com\/de\/wp-json\/wp\/v2\/types\/product"}],"wp:featuredmedia":[{"embeddable":true,"href":"https:\/\/praxas.com\/de\/wp-json\/wp\/v2\/media\/27488"}],"wp:attachment":[{"href":"https:\/\/praxas.com\/de\/wp-json\/wp\/v2\/media?parent=27487"}],"wp:term":[{"taxonomy":"product_brand","embeddable":true,"href":"https:\/\/praxas.com\/de\/wp-json\/wp\/v2\/product_brand?post=27487"},{"taxonomy":"product_cat","embeddable":true,"href":"https:\/\/praxas.com\/de\/wp-json\/wp\/v2\/product_cat?post=27487"},{"taxonomy":"product_tag","embeddable":true,"href":"https:\/\/praxas.com\/de\/wp-json\/wp\/v2\/product_tag?post=27487"}],"curies":[{"name":"wp","href":"https:\/\/api.w.org\/{rel}","templated":true}]}}