{"id":27516,"date":"2023-06-13T17:28:00","date_gmt":"2023-06-13T15:28:00","guid":{"rendered":"https:\/\/staging.praxas.com\/product\/unkategorisiert\/el-wem-2\/"},"modified":"2025-10-14T17:41:31","modified_gmt":"2025-10-14T15:41:31","slug":"el-wem-2","status":"publish","type":"product","link":"https:\/\/praxas.com\/de\/product\/datenlogger\/luftqualitat\/el-wem-2\/","title":{"rendered":"EL-WEM+"},"content":{"rendered":"<p>Der EL-WEM+<sub>CO2-<\/sub> und Raumluftqualit\u00e4tsmonitor von EasyLog ist das ideale Ger\u00e4t, um eine angemessene Luftqualit\u00e4t am Arbeitsplatz und zu Hause sicherzustellen.<\/p>\n<p>Durch die Messung und Aufzeichnung von<sub>CO2-Werten<\/sub>, Temperatur, Luftfeuchtigkeit, VOCs, Druck, PM1, PM2.5 und PM10 \u00fcberwacht das EL-WEM+ kontinuierlich die Luftqualit\u00e4t und stuft sie in f\u00fcnf Stufen von ausgezeichnet bis unzureichend ein. Wenn der IAQ-Wert auf die beiden niedrigsten Werte sinkt, leuchtet der Statusring des Ger\u00e4ts rot, ein akustischer Alarm wird aktiviert und eine E-Mail- oder SMS-Benachrichtigung kann so eingerichtet werden, dass sie an die von Ihnen ausgew\u00e4hlten Kontakte gesendet wird, um Sie sofort \u00fcber die Ver\u00e4nderung zu informieren.<\/p>\n<p>Das EL-WEM+ ist perfekt f\u00fcr Zuhause und am Arbeitsplatz geeignet und verf\u00fcgt \u00fcber einen Nicht st\u00f6ren-Modus, mit dem Sie Tageszeiten festlegen k\u00f6nnen, zu denen das Klingeln und der Signalton ausgeschaltet sind.<\/p>\n<p><strong>EL-WEM+ Messparameter:<\/strong><\/p>\n<ul>\n<li><sub>CO2<\/sub><\/li>\n<li>Temperatur<\/li>\n<li>Luftfeuchtigkeit<\/li>\n<li>VOC&#8217;s<\/li>\n<li>PM1, PM2.5, und PM10<\/li>\n<li>Druck<\/li>\n<\/ul>\n<p>Das EL-WEM+ bietet konstante Echtzeitmessungen und l\u00e4dt gleichzeitig automatisch Messungen in die <strong><br \/>\n  <a href=\"https:\/\/praxas.com\/en\/easylog-cloud\/\">EasyLog Cloud,<\/a><br \/>\n<\/strong> f\u00fcr einen einfachen Zugriff auf Ihre aktuellen und historischen Daten. Laden Sie die EasyLog Cloud App herunter, mit der Sie Ihre kompletten Messdaten von jedem internetf\u00e4higen Ger\u00e4t aus betrachten, analysieren und herunterladen k\u00f6nnen.  Sie k\u00f6nnen sogar einen Nachtmodus konfigurieren, der auch den Signalton stummschaltet und die LEDs einschaltet.<\/p>\n","protected":false},"excerpt":{"rendered":"<p><span class=\"product-detail__short-desc\">WiFi <\/span><span class=\"product-detail__short-desc\">CO2- und Raumluftqualit\u00e4tsmonitor<\/span><\/p>\n","protected":false},"featured_media":27498,"template":"","meta":{"_acf_changed":false,"content-type":"","_uag_custom_page_level_css":""},"product_brand":[],"product_cat":[1130,1068,1133,1002,1131],"product_tag":[1023,2432,1013,988,985],"class_list":{"0":"post-27516","1":"product","2":"type-product","3":"status-publish","4":"has-post-thumbnail","6":"product_cat-luftqualitat","7":"product_cat-druck","8":"product_cat-kohlendioxyd","9":"product_cat-temperatur-luftfeuchtigkeit-de","10":"product_cat-vocs-de","11":"product_tag-alarm-de","12":"product_tag-easylog","13":"product_tag-easylog-cloud-de","14":"product_tag-iot-de","15":"product_tag-wifi-de","17":"first","18":"instock","19":"taxable","20":"shipping-taxable","21":"purchasable","22":"product-type-simple"},"bundled_by":[],"bundle_stock_status":"instock","bundle_stock_quantity":12,"bundle_virtual":false,"bundle_layout":"","bundle_add_to_cart_form_location":"","bundle_editable_in_cart":false,"bundle_sold_individually_context":"","bundle_item_grouping":"","bundle_min_size":"","bundle_max_size":"","bundle_price":[],"bundled_items":[],"bundle_sell_ids":[],"acf":[],"spectra_custom_meta":{"_wcml_average_rating":[null],"_wcml_review_count":[null],"_wcml_rating_count":[null],"_download_limit":["-1","-1"],"_download_expiry":["-1","-1"],"_downloadable":["no","no"],"_sku":["EL-WEM+","EL-WEM+"],"_stock_status":["instock","instock","instock","instock","instock"],"_sold_individually":["no","no"],"_tax_class":["",""],"_tax_status":["taxable","taxable"],"_virtual":["no","no"],"_weight":["1.400000","1.400000"],"_length":["field_64dde24193a2b","field_64dde24193a2b"],"total_sales":["26","26"],"product_datasheet":["10295"],"_product_datasheet":["field_650ad7d6ea3a0"],"connectivity":["WiFi","WiFi"],"_connectivity":["field_64dce263bb57c","field_64dce263bb57c"],"brand":["EasyLog","EasyLog"],"_brand":["field_64ddf62ed2593","field_64ddf62ed2593"],"brand_image":["10467"],"_brand_image":["field_650c5e7c84cae"],"_specifications_table":["field_65044e1db92a8"],"_display_data_alarm":["field_667d647bcb066"],"_resources":["field_650849c6945ee"],"_accessories":["field_650849e6945f0","field_650849e6945f0"],"_faqs":["field_650859523d8d5"],"_calibration_suitable_ids_gb":["field_654b4c4acb54a"],"_calibration_suitable_ids_us":["field_654b4c56cb54b"],"_show_in_calibration_suitable":["field_654cfb691d345"],"_usd_price_4":["field_651570dcac479"],"_usd_price_9":["field_6515713eb4807"],"_usd_price_24":["field_65157141b4809"],"_usd_price_49":["field_65157140b4808"],"_usd_price_99":["field_6515715bb480a"],"_gbp_price_4":["field_6515716e83bfa"],"_gbp_price_9":["field_6515724783bfb"],"_gbp_price_24":["field_6515724b83bfc"],"_gbp_price_49":["field_6515725983bfd"],"_gbp_price_99":["field_6515725d83bfe"],"_usdhk_price_4":["field_6515726f83bff"],"_usdhk_price_9":["field_6515727c83c00"],"_usdhk_price_24":["field_6515728083c01"],"_usdhk_price_49":["field_6515728983c02"],"_usdhk_price_99":["field_6515728e83c03"],"stock_options":["In stock"],"_stock_options":["field_6544b605dc7f9"],"_top_nav_excluded":[""],"_cms_nav_minihome":[""],"wcml_sync_hash":["a:1:{s:15:\"postmeta_fields\";s:32:\"31adeec97ab8c02d43331f1fc77e1bb1\";}"],"attr_label_translations":["a:0:{}"],"_product_attributes":["a:2:{s:16:\"pa_product-brand\";a:6:{s:4:\"name\";s:16:\"pa_product-brand\";s:5:\"value\";s:0:\"\";s:8:\"position\";i:0;s:10:\"is_visible\";i:1;s:12:\"is_variation\";i:0;s:11:\"is_taxonomy\";i:1;}s:19:\"pa_product-features\";a:6:{s:4:\"name\";s:19:\"pa_product-features\";s:5:\"value\";s:0:\"\";s:8:\"position\";i:1;s:10:\"is_visible\";i:1;s:12:\"is_variation\";i:0;s:11:\"is_taxonomy\";i:1;}}"],"_thumbnail_id":["27498"],"_product_image_gallery":["27501,27500,27499"],"_crosssell_ids":["a:0:{}"],"_stock":["12.000000"],"_last_translation_edit_mode":["translation-editor"],"_backorders":["no","no"],"_manage_stock":["no","no"],"_calibration":["field_66a0ddd599972"],"_shipping":["field_66852535c98a5"],"_refrigerant_cabinet":["field_66852557c98a6"],"_main_specifications":["field_66855b25b1245"],"min_temp":["-20"],"max_temp":["60"],"_min_temp":["field_67ea5eb4e0a77"],"_max_temp":["field_67ea5f81e0a79"],"_wpml_word_count":["265"],"rank_math_primary_product_cat":["86","86"],"_global_unique_id":["5056744401103"],"faqs":["[accordion]\n[accordion_header]Warum sehe ich keine Daten von meinem EL-WEM, nachdem ich es zum ersten Mal eingeschaltet habe?[\/accordion_header]\n[accordion_section]Die Luftqualit\u00e4tssensoren im EL-WEM sind sehr empfindlich und ben\u00f6tigen etwa 5 Minuten, um sich selbst zu kalibrieren, wenn das Ger\u00e4t eingeschaltet wird. Nach dieser Zeitspanne beginnt das EL-WEM automatisch mit der Aufzeichnung Ihrer Messwerte.[\/accordion_section]\n[\/accordion]\n\n<a class=\"button button-orange\" href=\"\/support\/el-wem-air-quality-monitors\/\">Mehr Unterst\u00fctzung<\/a>"],"_other_features":["field_686fa2aa98dce"],"rank_math_title":["EL-WEM+ | WiFi CO2- und Raumluftqualit\u00e4tsmonitor | Praxas"],"rank_math_description":["Lascar Electronics EasyLog EL-WEM+ Hochpr\u00e4zises \u00dcberwachungsger\u00e4t f\u00fcr die Luftqualit\u00e4t in Innenr\u00e4umen zur Messung von Temperatur, Luftfeuchtigkeit, VOCs, PM1, PM2.5, PM10, CO2 und Druck."],"rank_math_focus_keyword":["EL-WEM+"],"specifications_table":["<table class=\"specifications\">\n<tbody>\n<tr class=\"even-row\">\n<td class=\"left-td\">\n<div class=\"col-xxs-4 product-specification__label-container\">\n<div class=\"product-specification__label\">Messbereich (<sub>CO2<\/sub>)<\/div>\n<\/div><\/td>\n<td>\n<div class=\"product-specification__value col-m-6\">\n<div class=\"product-specification__row\">\n<div class=\"row no-gutter equal-height\">\n<div class=\"col-xxs-8 product-specification__value-container\">\n<div class=\"product-specification__value\">0 bis 40.000 ppm<\/div>\n<\/div>\n<\/div>\n<\/div>\n<\/div><\/td>\n<\/tr>\n<tr class=\"odd-row\">\n<td class=\"left-td\">\n<div class=\"col-xxs-4 product-specification__label-container\">\n<div class=\"product-specification__label\">Genauigkeit (<sub>CO2<\/sub>)<\/div>\n<\/div><\/td>\n<td>\n<div class=\"product-specification__row\">\n<div class=\"row no-gutter equal-height\">\n<div class=\"col-xxs-8 product-specification__value-container\">\n<div class=\"product-specification__value\">\u00b13%<\/div>\n<\/div>\n<\/div>\n<\/div><\/td>\n<\/tr>\n<tr class=\"even-row\">\n<td class=\"left-td\">\n<div class=\"col-xxs-4 product-specification__label-container\">\n<div class=\"product-specification__label\">Messbereich (T)<\/div>\n<\/div><\/td>\n<td>\n<div class=\"product-specification__row\">\n<div class=\"row no-gutter equal-height\">\n<div class=\"col-xxs-8 product-specification__value-container\">\n<div class=\"product-specification__value\">-20 bis +60\u00b0C<\/div>\n<\/div>\n<\/div>\n<\/div><\/td>\n<\/tr>\n<tr class=\"odd-row\">\n<td class=\"left-td\">\n<div class=\"col-xxs-4 product-specification__label-container\">\n<div class=\"product-specification__label\">Genauigkeit (T)<\/div>\n<\/div><\/td>\n<td>\n<div class=\"product-specification__row\">\n<div class=\"row no-gutter equal-height\">\n<div class=\"col-xxs-8 product-specification__value-container\">\n<div class=\"product-specification__value\">\u00b10,6\u00b0C bei 15\u00b0C<\/div>\n<\/div>\n<\/div>\n<\/div><\/td>\n<\/tr>\n<tr class=\"even-row\">\n<td class=\"left-td\">\n<div class=\"col-xxs-4 product-specification__label-container\">\n<div class=\"product-specification__label\">Messbereich (RH)<\/div>\n<\/div><\/td>\n<td>\n<div class=\"product-specification__row\">\n<div class=\"row no-gutter equal-height\">\n<div class=\"col-xxs-8 product-specification__value-container\">\n<div class=\"product-specification__value\">0 bis 95%RH<\/div>\n<\/div>\n<\/div>\n<\/div><\/td>\n<\/tr>\n<tr class=\"odd-row\">\n<td class=\"left-td\">\n<div class=\"col-xxs-4 product-specification__label-container\">\n<div class=\"product-specification__label\">Genauigkeit (RH)<\/div>\n<\/div><\/td>\n<td>\n<div class=\"product-specification__row\">\n<div class=\"row no-gutter equal-height\">\n<div class=\"col-xxs-8 product-specification__value-container\">\n<div class=\"product-specification__value\">\u00b13%<\/div>\n<\/div>\n<\/div>\n<\/div><\/td>\n<\/tr>\n<tr class=\"even-row\">\n<td class=\"left-td\">\n<div class=\"col-xxs-4 product-specification__label-container\">\n<div class=\"product-specification__label\">Biogene VOC-Genauigkeit<\/div>\n<\/div><\/td>\n<td>\n<div class=\"product-specification__row\">\n<div class=\"row no-gutter equal-height\">\n<div class=\"col-xxs-8 product-specification__value-container\">\n<div class=\"product-specification__value\">\u00b15%<\/div>\n<\/div>\n<\/div>\n<\/div><\/td>\n<\/tr>\n<tr class=\"odd-row\">\n<td class=\"left-td\">\n<div class=\"col-xxs-4 product-specification__label-container\">\n<div class=\"product-specification__label\">Gemessene Partikelgr\u00f6\u00dfe<\/div>\n<\/div><\/td>\n<td>\n<div class=\"product-specification__row\">\n<div class=\"row no-gutter equal-height\">\n<div class=\"col-xxs-8 product-specification__value-container\">\n<div class=\"product-specification__value\">PM10, PM2.5, PM1<\/div>\n<\/div>\n<\/div>\n<\/div><\/td>\n<\/tr>\n<tr class=\"even-row\">\n<td class=\"left-td\">\n<div class=\"col-xxs-4 product-specification__label-container\">\n<div class=\"product-specification__label\">Genauigkeit (PM)<\/div>\n<\/div><\/td>\n<td>\n<div class=\"product-specification__row\">\n<div class=\"row no-gutter equal-height\">\n<div class=\"col-xxs-8 product-specification__value-container\">\n<div class=\"product-specification__value\">0 bis 1000\u00b5g\/m3<\/div>\n<\/div>\n<\/div>\n<\/div><\/td>\n<\/tr>\n<tr class=\"odd-row\">\n<td class=\"left-td\">\n<div class=\"col-xxs-4 product-specification__label-container\">\n<div class=\"product-specification__label\">Messbereich (mbar)<\/div>\n<\/div><\/td>\n<td>\n<div class=\"product-specification__row\">\n<div class=\"row no-gutter equal-height\">\n<div class=\"col-xxs-8 product-specification__value-container\">\n<div class=\"product-specification__value\">300 bis 1100mbar<\/div>\n<\/div>\n<\/div>\n<\/div><\/td>\n<\/tr>\n<tr class=\"even-row\">\n<td class=\"left-td\">\n<div class=\"col-xxs-4 product-specification__label-container\">\n<div class=\"product-specification__label\">Genauigkeit (mbar)<\/div>\n<\/div><\/td>\n<td>\n<div class=\"product-specification__row\">\n<div class=\"row no-gutter equal-height\">\n<div class=\"col-xxs-8 product-specification__value-container\">\n<div class=\"product-specification__value\">\u00b10,6mbar<\/div>\n<\/div>\n<\/div>\n<\/div><\/td>\n<\/tr>\n<tr class=\"odd-row\">\n<td class=\"left-td\">\n<div class=\"col-xxs-4 product-specification__label-container\">\n<div class=\"product-specification__label\">Abmessungen (H\u00f6he x Durchmesser)<\/div>\n<\/div><\/td>\n<td>170.5 x 77mm<\/td>\n<\/tr>\n<\/tbody>\n<\/table>"],"resources":["<ul class=\"resources-list\">\n \t<li><img src=\"https:\/\/praxas.com\/wp-content\/uploads\/document-icon.png\" alt=\"Dokument-Symbol\"><a href=\"https:\/\/praxas.com\/wp-content\/uploads\/el-wemplusdatasheet-issue-6-07_2023.pdf\"><span class=\"mldTitle\">EL-WEM+ Datenblatt<\/span><\/a><\/li>\n \t<li><img src=\"https:\/\/praxas.com\/wp-content\/uploads\/software-icon.png\" alt=\"Software-Symbol\"><a href=\"https:\/\/praxas.com\/en\/easylog-cloud\/\" target=\"_blank\" rel=\"noopener\">EasyLog Wolke<\/a><\/li>\n \t<li><img src=\"https:\/\/praxas.com\/wp-content\/uploads\/document-icon.png\" alt=\"Dokument-Symbol\"><a href=\"https:\/\/praxas.com\/wp-content\/uploads\/el-wem-qsg-03_2022-issue_3-repro-no-tick-marks.pdf\" target=\"_blank\" rel=\"noopener\">EL-WEM+ Schnellstartanleitung<\/a><\/li>\n \t<li><img src=\"https:\/\/praxas.com\/wp-content\/uploads\/document-icon.png\" alt=\"Dokument-Symbol\">\n<a href=\"https:\/\/praxas.com\/wp-content\/uploads\/help-guide-3-network-requirements-and-settings-12-09-2022_issue-6.pdf\" target=\"_blank\" rel=\"noopener\">Netzwerkanforderungen und -einstellungen<\/a><\/li>\n \t<li><img src=\"https:\/\/praxas.com\/wp-content\/uploads\/document-icon.png\" alt=\"Dokument-Symbol\"><a href=\"https:\/\/praxas.com\/wp-content\/uploads\/declaration-of-conformity_el-wem_iss2-08_2022.pdf\" target=\"_blank\" rel=\"noopener\">Konformit\u00e4tserkl\u00e4rung EL-WEM+<\/a><\/li>\n<\/ul>"],"usd_price_4":["0.00"],"usd_price_9":["0.00"],"usd_price_24":["0.00"],"usd_price_49":["0.00"],"usd_price_99":["0.00"],"gbp_price_4":["0.00"],"gbp_price_9":["0.00"],"gbp_price_24":["197.99"],"gbp_price_49":["0.00"],"gbp_price_99":["175.99"],"usdhk_price_4":["0.00"],"usdhk_price_9":["0.00"],"usdhk_price_24":["269.99"],"usdhk_price_49":["0.00"],"usdhk_price_99":["239.99"],"_uag_page_assets":["a:9:{s:3:\"css\";s:0:\"\";s:2:\"js\";s:0:\"\";s:18:\"current_block_list\";a:0:{}s:8:\"uag_flag\";b:0;s:11:\"uag_version\";s:10:\"1775212209\";s:6:\"gfonts\";a:0:{}s:10:\"gfonts_url\";s:0:\"\";s:12:\"gfonts_files\";a:0:{}s:14:\"uag_faq_layout\";b:0;}"],"_regular_price":["284.9","284.9"],"_price":["284.9","284.9"],"_max_variation_price":[""],"_max_variation_regular_price":[""],"_max_variation_sale_price":[""],"_min_variation_price":[""],"_min_variation_regular_price":[""],"_min_variation_sale_price":[""],"_sale_price":[""],"_wc_pb_base_regular_price":[""],"_wc_pb_base_sale_price":[""],"_wc_pb_base_price":[""],"_wc_sw_max_price":[""],"_wc_sw_max_regular_price":[""],"_wc_rating_count":[""],"_wc_review_count":[""],"_wc_average_rating":[0]},"uagb_featured_image_src":{"full":["https:\/\/praxas.com\/wp-content\/uploads\/EL-WEM-3-800x463-1.png",800,463,false],"thumbnail":["https:\/\/praxas.com\/wp-content\/uploads\/EL-WEM-3-800x463-1-150x150.png",150,150,true],"medium":["https:\/\/praxas.com\/wp-content\/uploads\/EL-WEM-3-800x463-1-300x174.png",300,174,true],"medium_large":["https:\/\/praxas.com\/wp-content\/uploads\/EL-WEM-3-800x463-1-768x444.png",768,444,true],"large":["https:\/\/praxas.com\/wp-content\/uploads\/EL-WEM-3-800x463-1.png",800,463,false],"1536x1536":["https:\/\/praxas.com\/wp-content\/uploads\/EL-WEM-3-800x463-1.png",800,463,false],"2048x2048":["https:\/\/praxas.com\/wp-content\/uploads\/EL-WEM-3-800x463-1.png",800,463,false],"crunchify-admin-post-featured-image":["https:\/\/praxas.com\/wp-content\/uploads\/EL-WEM-3-800x463-1-120x69.png",120,69,true],"commercegurus-pdp-large":["https:\/\/praxas.com\/wp-content\/uploads\/EL-WEM-3-800x463-1.png",800,463,false],"commercegurus-plp-mobile":["https:\/\/praxas.com\/wp-content\/uploads\/EL-WEM-3-800x463-1-441x255.png",441,255,true],"cgkit_image_swatch":["https:\/\/praxas.com\/wp-content\/uploads\/EL-WEM-3-800x463-1-100x100.png",100,100,true],"woocommerce_thumbnail":["https:\/\/praxas.com\/wp-content\/uploads\/EL-WEM-3-800x463-1-300x174.png",300,174,true],"woocommerce_single":["https:\/\/praxas.com\/wp-content\/uploads\/EL-WEM-3-800x463-1.png",800,463,false],"woocommerce_gallery_thumbnail":["https:\/\/praxas.com\/wp-content\/uploads\/EL-WEM-3-800x463-1-150x87.png",150,87,true]},"uagb_author_info":{"display_name":"AndyS","author_link":"https:\/\/praxas.com\/de\/author\/"},"uagb_comment_info":0,"uagb_excerpt":"WiFi CO2- und Raumluftqualit\u00e4tsmonitor","_links":{"self":[{"href":"https:\/\/praxas.com\/de\/wp-json\/wp\/v2\/product\/27516","targetHints":{"allow":["GET"]}}],"collection":[{"href":"https:\/\/praxas.com\/de\/wp-json\/wp\/v2\/product"}],"about":[{"href":"https:\/\/praxas.com\/de\/wp-json\/wp\/v2\/types\/product"}],"wp:featuredmedia":[{"embeddable":true,"href":"https:\/\/praxas.com\/de\/wp-json\/wp\/v2\/media\/27498"}],"wp:attachment":[{"href":"https:\/\/praxas.com\/de\/wp-json\/wp\/v2\/media?parent=27516"}],"wp:term":[{"taxonomy":"product_brand","embeddable":true,"href":"https:\/\/praxas.com\/de\/wp-json\/wp\/v2\/product_brand?post=27516"},{"taxonomy":"product_cat","embeddable":true,"href":"https:\/\/praxas.com\/de\/wp-json\/wp\/v2\/product_cat?post=27516"},{"taxonomy":"product_tag","embeddable":true,"href":"https:\/\/praxas.com\/de\/wp-json\/wp\/v2\/product_tag?post=27516"}],"curies":[{"name":"wp","href":"https:\/\/api.w.org\/{rel}","templated":true}]}}