{"id":27520,"date":"2023-06-21T17:51:00","date_gmt":"2023-06-21T15:51:00","guid":{"rendered":"https:\/\/staging.praxas.com\/product\/unkategorisiert\/el-iot-1\/"},"modified":"2025-10-14T17:34:57","modified_gmt":"2025-10-14T15:34:57","slug":"el-iot-1","status":"publish","type":"product","link":"https:\/\/praxas.com\/de\/product\/datenlogger\/temperatur-datenlogger\/el-iot-1\/","title":{"rendered":"EL-IOT-1"},"content":{"rendered":"<p>Der EL-IOT-1 ist ein drahtloser, mit der Cloud verbundener Temperatur-Datenlogger. Er verf\u00fcgt \u00fcber einen internen Sensor mit einem Messbereich von -20\u00b0C bis 60\u00b0C. Praktische Statusanzeigen auf der Vorderseite des Ger\u00e4ts informieren Sie auf einen Blick \u00fcber Alarme, den Akkustand und die St\u00e4rke der WiFi-Verbindung.<\/p>\n<p>Das Ger\u00e4t ist einfach einzurichten, und sobald es konfiguriert ist, kann das EL-IOT-1 \u00fcberall in Reichweite Ihres WiFi-Netzwerks platziert werden, um Ihre Daten kontinuierlich zu \u00fcberwachen und in der<strong> <a href=\"https:\/\/praxas.com\/en\/easylog-cloud\/\">EasyLog Cloud<\/a><\/strong>. Sie k\u00f6nnen dann die Cloud nutzen, um von jedem internetf\u00e4higen Ger\u00e4t aus auf Ihre Daten zuzugreifen, sie zu analysieren und weiterzugeben.<\/p>\n<p>Legen Sie Alarme f\u00fcr hohe und niedrige Temperaturen fest, bei denen ein Alarm ausgel\u00f6st wird, wenn Ihre Temperaturschwelle \u00fcberschritten wird. Zu den Alarmoptionen geh\u00f6ren E-Mail-Benachrichtigungen (die an eine oder mehrere E-Mail-Adressen gesendet werden k\u00f6nnen), akustische Alarme und Lichtblitzalarme.<\/p>\n<p>Dieses Produkt entspricht der Norm BS EN 12830:2018 (Temperaturaufzeichnungsger\u00e4te f\u00fcr den Transport, die Lagerung und den Vertrieb temperaturempfindlicher Waren).<\/p>\n<p>\u00dcbersetzungen des EL-IOT-1 Datenblatts finden Sie auf der Registerkarte Ressourcen.<\/p>\n","protected":false},"excerpt":{"rendered":"<p>WiFi Cloud-verbundener Datenlogger f\u00fcr die Umgebungstemperatur<\/p>\n","protected":false},"featured_media":27521,"template":"","meta":{"_acf_changed":false,"content-type":"","_uag_custom_page_level_css":""},"product_brand":[],"product_cat":[1010],"product_tag":[2432,1013,992,988,985],"class_list":{"0":"post-27520","1":"product","2":"type-product","3":"status-publish","4":"has-post-thumbnail","6":"product_cat-temperatur-datenlogger","7":"product_tag-easylog","8":"product_tag-easylog-cloud-de","9":"product_tag-interner-sensor","10":"product_tag-iot-de","11":"product_tag-wifi-de","13":"first","14":"instock","15":"taxable","16":"shipping-taxable","17":"purchasable","18":"product-type-simple"},"bundled_by":[],"bundle_stock_status":"instock","bundle_stock_quantity":10,"bundle_virtual":false,"bundle_layout":"","bundle_add_to_cart_form_location":"","bundle_editable_in_cart":false,"bundle_sold_individually_context":"","bundle_item_grouping":"","bundle_min_size":"","bundle_max_size":"","bundle_price":[],"bundled_items":[],"bundle_sell_ids":[],"acf":[],"spectra_custom_meta":{"_download_limit":["-1","-1"],"_download_expiry":["-1","-1"],"_downloadable":["no","no"],"_sku":["EL-IOT-1","EL-IOT-1"],"_stock_status":["instock","instock","instock","instock"],"_sold_individually":["no","no"],"_tax_class":["",""],"_tax_status":["taxable","taxable"],"_virtual":["no","no"],"_weight":["0.490000","0.490000"],"total_sales":["17","17"],"_product_datasheet":["field_650ad7d6ea3a0"],"connectivity":["WiFi","WiFi"],"_connectivity":["field_64dce263bb57c","field_64dce263bb57c"],"brand":["EasyLog","EasyLog"],"_brand":["field_64ddf62ed2593","field_64ddf62ed2593"],"_brand_image":["field_650c5e7c84cae"],"_specifications_table":["field_65044e1db92a8"],"_display_data_alarm":["field_667d647bcb066"],"_resources":["field_650849c6945ee"],"_accessories":["field_650849e6945f0","field_650849e6945f0"],"_faqs":["field_650859523d8d5"],"_calibration_suitable_ids_gb":["field_654b4c4acb54a"],"_calibration_suitable_ids_us":["field_654b4c56cb54b"],"_show_in_calibration_suitable":["field_654cfb691d345"],"_usd_price_4":["field_651570dcac479"],"_usd_price_9":["field_6515713eb4807"],"_usd_price_24":["field_65157141b4809"],"_usd_price_49":["field_65157140b4808"],"_usd_price_99":["field_6515715bb480a"],"_gbp_price_4":["field_6515716e83bfa"],"_gbp_price_9":["field_6515724783bfb"],"_gbp_price_24":["field_6515724b83bfc"],"_gbp_price_49":["field_6515725983bfd"],"_gbp_price_99":["field_6515725d83bfe"],"_usdhk_price_4":["field_6515726f83bff"],"_usdhk_price_9":["field_6515727c83c00"],"_usdhk_price_24":["field_6515728083c01"],"_usdhk_price_49":["field_6515728983c02"],"_usdhk_price_99":["field_6515728e83c03"],"stock_options":["Available in 3 to 5 days"],"_stock_options":["field_6544b605dc7f9"],"_top_nav_excluded":[""],"_cms_nav_minihome":[""],"wcml_sync_hash":["a:1:{s:15:\"postmeta_fields\";s:32:\"92e17181cc949ca1b5a7ec5b61afb774\";}"],"attr_label_translations":["a:0:{}"],"_product_image_gallery":["27522,27523,27524"],"_thumbnail_id":["27521"],"_crosssell_ids":["a:0:{}"],"_stock":["10.000000"],"_last_translation_edit_mode":["translation-editor"],"calibration":["&nbsp;\r\n\r\n&nbsp;\r\n\r\n&nbsp;"],"_calibration":["field_66a0ddd599972"],"_shipping":["field_66852535c98a5"],"_refrigerant_cabinet":["field_66852557c98a6"],"_main_specifications":["field_66855b25b1245"],"_edit_lock":["1722244630:8383"],"classic-editor-remember":["classic-editor"],"rank_math_seo_score":["84"],"_edit_last":["8383"],"commercekit_gallery_layout":[""],"commercekit_disable_sticky_atc":["0"],"commercekit_wc_video_gallery":["a:0:{}"],"_rank_math_gtin_code":[""],"_wcml_average_rating":[null],"_wcml_review_count":[null],"_wcml_rating_count":[null],"_wc_average_rating":[0],"_wc_review_count":["0"],"_product_version":["9.1.2"],"display_data_alarm":[""],"calibration_suitable_ids_gb":[""],"calibration_suitable_ids_us":[""],"other_features":[""],"shipping":[""],"refrigerant_cabinet":[""],"main_specifications":[""],"shoptimizer_layout_pdp_short_description_position":["default"],"product_datasheet":["10285"],"brand_image":["10467"],"_wpml_media_duplicate":["1"],"_wpml_media_featured":["1"],"_product_attributes":["a:2:{s:16:\"pa_product-brand\";a:6:{s:4:\"name\";s:16:\"pa_product-brand\";s:5:\"value\";s:0:\"\";s:8:\"position\";i:0;s:10:\"is_visible\";i:1;s:12:\"is_variation\";i:0;s:11:\"is_taxonomy\";i:1;}s:19:\"pa_product-features\";a:6:{s:4:\"name\";s:19:\"pa_product-features\";s:5:\"value\";s:0:\"\";s:8:\"position\";i:1;s:10:\"is_visible\";i:1;s:12:\"is_variation\";i:0;s:11:\"is_taxonomy\";i:1;}}"],"_backorders":["no","no"],"_manage_stock":["no","no"],"min_temp":["-20"],"max_temp":["60"],"_min_temp":["field_67ea5eb4e0a77"],"_max_temp":["field_67ea5f81e0a79"],"_wpml_word_count":["226"],"rank_math_primary_product_cat":["87","87"],"_global_unique_id":["5056744400519"],"faqs":["[accordion]\n[accordion_header]Wie kann ich die magnetische Wandhalterung EL-IOT kaufen?[\/accordion_header]\n[accordion_section]Bitte sehen Sie sich das auf der EL-IOT Webseite verlinkte Zubeh\u00f6r an oder suchen Sie alternativ nach 'EL-IOT WALL BRACKET' auf www.lascarelectronics.com.[\/accordion_section]\n[\/accordion]\n\n<a class=\"button button-orange\" href=\"\/support\/el-wifi-data-loggers\/\" target=\"_blank\" rel=\"noopener\">Mehr Unterst\u00fctzung  <\/a>"],"_other_features":["field_686fa2aa98dce"],"rank_math_title":["EL-IOT-1 | Umgebungstemperatur Cloud-verbundener Datenlogger"],"rank_math_description":["Der EasyLog EL-IOT-1 ist ein drahtloser, mit der Cloud verbundener Temperaturdatenlogger von Lascar. Er verf\u00fcgt \u00fcber einen internen Sensor mit einem Messbereich von -20\u00b0C bis 60\u00b0C."],"rank_math_focus_keyword":["EL-IOT-1"],"specifications_table":["<table class=\"specifications\">\n<tbody>\n<tr class=\"even-row\">\n<td class=\"left-td\">Temperatur Messbereich<\/td>\n<td>\n<div class=\"product-specification__value col-m-6\">-20\u00b0C bis +60\u00b0C (-4\u00b0F bis +140\u00b0F)<\/div><\/td>\n<\/tr>\n<tr class=\"odd-row\">\n<td class=\"left-td\">Aufl\u00f6sung<\/td>\n<td>\n<div class=\"product-specification__value col-m-6\">0.1\u00b0C<\/div><\/td>\n<\/tr>\n<tr class=\"even-row\">\n<td class=\"left-td\">Genauigkeit<\/td>\n<td>\n<div class=\"product-specification__value col-m-6\">\u00b10.5\u00b0C (\u00b10.9\u00b0F)<\/div><\/td>\n<\/tr>\n<tr class=\"odd-row\">\n<td class=\"left-td\">Zeitraum der Protokollierung<\/td>\n<td>\n<div class=\"product-specification__value col-m-6\">10 Sekunden bis 12 Stunden (vom Benutzer w\u00e4hlbar)<\/div><\/td>\n<\/tr>\n<tr class=\"even-row\">\n<td class=\"left-td\">\u00dcbertragungsintervall<\/td>\n<td>\n<div class=\"product-specification__value col-m-6\">1 Minute bis 24 Stunden (vom Benutzer w\u00e4hlbar)<\/div><\/td>\n<\/tr>\n<tr class=\"odd-row\">\n<td class=\"left-td\">Interner Speicher<\/td>\n<td>\n<div class=\"product-specification__value col-m-6\">300.000 Lesungen<\/div><\/td>\n<\/tr>\n<tr class=\"even-row\">\n<td class=\"left-td\">Lebensdauer der Batterie<\/td>\n<td>\n<div class=\"product-specification__value col-m-6\">>1 Jahr typisch<\/div><\/td>\n<\/tr>\n<tr class=\"odd-row\">\n<td class=\"left-td\">Batterie Typ<\/td>\n<td>\n<div class=\"product-specification__value col-m-6\">4 x AA 1,5V Batterien (oder \u00fcber Netzadapter)<\/div><\/td>\n<\/tr>\n<tr class=\"even-row\">\n<td class=\"left-td\">Abmessungen<\/td>\n<td>\n<div class=\"product-specification__value col-m-6\">94 x 83 x 31mm<\/div><\/td>\n<\/tr>\n<tr class=\"odd-row\">\n<td class=\"left-td\">Betriebstemperaturbereich<\/td>\n<td>\n<div class=\"product-specification__value col-m-6\">-18\u00b0C bis +55\u00b0C (0\u00b0F bis +131\u00b0F) (Batterien)\n-20\u00b0C bis 60\u00b0C (-4\u00b0F bis +140\u00b0F) (Netzteil)<\/div><\/td>\n<\/tr>\n<tr class=\"even-row\">\n<td class=\"left-td\">Umwelt-Rating<\/td>\n<td>\n<div class=\"product-specification__value col-m-6\">IP54 (spritzwassergesch\u00fctzt)<\/div><\/td>\n<\/tr>\n<\/tbody>\n<\/table>"],"resources":["<ul class=\"resources-list\">\n \t<li><img src=\"https:\/\/praxas.com\/wp-content\/uploads\/document-icon.png\" alt=\"Dokument-Symbol\">EL-IOT-1 Datenblatt<\/li>\n \t<li><a href=\"https:\/\/praxas.com\/wp-content\/uploads\/el-iot_datasheet-issue-6-02_2022.pdf\" target=\"_blank\" rel=\"noopener\">Englisch<\/a><\/li>\n \t<li><a href=\"https:\/\/praxas.com\/wp-content\/uploads\/el-iot_datasheet-issue-2-03_2022-french.pdf\" target=\"_blank\" rel=\"noopener\">Franz\u00f6sisch<\/a><\/li>\n \t<li><a href=\"https:\/\/praxas.com\/wp-content\/uploads\/el-iot_datasheet-issue-2-03_2022-german.pdf\" target=\"_blank\" rel=\"noopener\">Deutsch<\/a><\/li>\n \t<li><a href=\"https:\/\/praxas.com\/wp-content\/uploads\/el-iot_datasheet-issue-2-03_2022-italian.pdf\" target=\"_blank\" rel=\"noopener\">Italienisch<\/a><\/li>\n \t<li><a href=\"https:\/\/praxas.com\/wp-content\/uploads\/el-iot_datasheet-issue-2-03_2022-spanish.pdf\" target=\"_blank\" rel=\"noopener\">Spanisch<\/a><\/li>\n \t<li><img src=\"https:\/\/praxas.com\/wp-content\/uploads\/document-icon.png\" alt=\"Dokument-Symbol\"><a href=\"https:\/\/praxas.com\/wp-content\/uploads\/el-iot_qsg_issue-4_05-21-rr.pdf\" target=\"_blank\" rel=\"noopener\">EL-IOT-1 Schnellstartanleitung<\/a><\/li>\n \t<li><img src=\"https:\/\/praxas.com\/wp-content\/uploads\/document-icon.png\" alt=\"Dokument-Symbol\"><a href=\"https:\/\/praxas.com\/wp-content\/uploads\/help-guide-3-network-requirements-and-settings-12-09-2022_issue-6.pdf\" target=\"_blank\" rel=\"noopener\">Netzwerkanforderungen und -einstellungen<\/a><\/li>\n \t<li><img src=\"https:\/\/praxas.com\/wp-content\/uploads\/document-icon.png\" alt=\"Dokument-Symbol\"><a href=\"https:\/\/praxas.com\/wp-content\/uploads\/bs-en-12830-record-of-compliance-issue-1.pdf\" target=\"_blank\" rel=\"noopener\">BS EN 12830:2018 Nachweis der Einhaltung<\/a><\/li>\n \t<li><img src=\"https:\/\/praxas.com\/wp-content\/uploads\/document-icon.png\" alt=\"Dokument-Symbol\"><a href=\"https:\/\/praxas.com\/wp-content\/uploads\/declaration-of-conformity_el-iot_iss2-11_2021.pdf\" target=\"_blank\" rel=\"noopener\">EL-IOT Konformit\u00e4tserkl\u00e4rung<\/a><\/li>\n<\/ul>\n<a class=\"button button-secondary\" href=\"https:\/\/praxas.com\/support\/\">Mehr Unterst\u00fctzung<\/a>"],"accessories":["[products skus=\"PSU EL-IOT,EL-IOT WALL BRACKET\"]","[products skus=\"PSU EL-IOT,EL-IOT WALL BRACKET\"]"],"show_in_calibration_suitable":["1"],"usd_price_4":["0.00"],"usd_price_9":["0.00"],"usd_price_24":["0.00"],"usd_price_49":["0.00"],"usd_price_99":["0.00"],"gbp_price_4":["0.00"],"gbp_price_9":["0.00"],"gbp_price_24":["53.99"],"gbp_price_49":["0.00"],"gbp_price_99":["47.99"],"usdhk_price_4":["0.00"],"usdhk_price_9":["0.00"],"usdhk_price_24":["71.99"],"usdhk_price_49":["0.00"],"usdhk_price_99":["63.99"],"_uag_page_assets":["a:9:{s:3:\"css\";s:0:\"\";s:2:\"js\";s:0:\"\";s:18:\"current_block_list\";a:0:{}s:8:\"uag_flag\";b:0;s:11:\"uag_version\";s:10:\"1775212209\";s:6:\"gfonts\";a:0:{}s:10:\"gfonts_url\";s:0:\"\";s:12:\"gfonts_files\";a:0:{}s:14:\"uag_faq_layout\";b:0;}"],"_regular_price":["86.7","86.7"],"_price":["86.7","86.7"],"_max_variation_price":[""],"_max_variation_regular_price":[""],"_max_variation_sale_price":[""],"_min_variation_price":[""],"_min_variation_regular_price":[""],"_min_variation_sale_price":[""],"_sale_price":[""],"_wc_pb_base_regular_price":[""],"_wc_pb_base_sale_price":[""],"_wc_pb_base_price":[""],"_wc_sw_max_price":[""],"_wc_sw_max_regular_price":[""],"_wc_rating_count":[""]},"uagb_featured_image_src":{"full":["https:\/\/praxas.com\/wp-content\/uploads\/EL-IOT-3DModel_FrontLEDsOff-V2-No-Probes.png",800,463,false],"thumbnail":["https:\/\/praxas.com\/wp-content\/uploads\/EL-IOT-3DModel_FrontLEDsOff-V2-No-Probes-150x150.png",150,150,true],"medium":["https:\/\/praxas.com\/wp-content\/uploads\/EL-IOT-3DModel_FrontLEDsOff-V2-No-Probes-300x174.png",300,174,true],"medium_large":["https:\/\/praxas.com\/wp-content\/uploads\/EL-IOT-3DModel_FrontLEDsOff-V2-No-Probes-768x444.png",768,444,true],"large":["https:\/\/praxas.com\/wp-content\/uploads\/EL-IOT-3DModel_FrontLEDsOff-V2-No-Probes.png",800,463,false],"1536x1536":["https:\/\/praxas.com\/wp-content\/uploads\/EL-IOT-3DModel_FrontLEDsOff-V2-No-Probes.png",800,463,false],"2048x2048":["https:\/\/praxas.com\/wp-content\/uploads\/EL-IOT-3DModel_FrontLEDsOff-V2-No-Probes.png",800,463,false],"crunchify-admin-post-featured-image":["https:\/\/praxas.com\/wp-content\/uploads\/EL-IOT-3DModel_FrontLEDsOff-V2-No-Probes-120x69.png",120,69,true],"commercegurus-pdp-large":["https:\/\/praxas.com\/wp-content\/uploads\/EL-IOT-3DModel_FrontLEDsOff-V2-No-Probes.png",800,463,false],"commercegurus-plp-mobile":["https:\/\/praxas.com\/wp-content\/uploads\/EL-IOT-3DModel_FrontLEDsOff-V2-No-Probes-441x255.png",441,255,true],"cgkit_image_swatch":["https:\/\/praxas.com\/wp-content\/uploads\/EL-IOT-3DModel_FrontLEDsOff-V2-No-Probes-100x100.png",100,100,true],"woocommerce_thumbnail":["https:\/\/praxas.com\/wp-content\/uploads\/EL-IOT-3DModel_FrontLEDsOff-V2-No-Probes-300x174.png",300,174,true],"woocommerce_single":["https:\/\/praxas.com\/wp-content\/uploads\/EL-IOT-3DModel_FrontLEDsOff-V2-No-Probes.png",800,463,false],"woocommerce_gallery_thumbnail":["https:\/\/praxas.com\/wp-content\/uploads\/EL-IOT-3DModel_FrontLEDsOff-V2-No-Probes-150x87.png",150,87,true]},"uagb_author_info":{"display_name":"AndyS","author_link":"https:\/\/praxas.com\/de\/author\/"},"uagb_comment_info":0,"uagb_excerpt":"WiFi Cloud-verbundener Datenlogger f\u00fcr die Umgebungstemperatur","_links":{"self":[{"href":"https:\/\/praxas.com\/de\/wp-json\/wp\/v2\/product\/27520","targetHints":{"allow":["GET"]}}],"collection":[{"href":"https:\/\/praxas.com\/de\/wp-json\/wp\/v2\/product"}],"about":[{"href":"https:\/\/praxas.com\/de\/wp-json\/wp\/v2\/types\/product"}],"wp:featuredmedia":[{"embeddable":true,"href":"https:\/\/praxas.com\/de\/wp-json\/wp\/v2\/media\/27521"}],"wp:attachment":[{"href":"https:\/\/praxas.com\/de\/wp-json\/wp\/v2\/media?parent=27520"}],"wp:term":[{"taxonomy":"product_brand","embeddable":true,"href":"https:\/\/praxas.com\/de\/wp-json\/wp\/v2\/product_brand?post=27520"},{"taxonomy":"product_cat","embeddable":true,"href":"https:\/\/praxas.com\/de\/wp-json\/wp\/v2\/product_cat?post=27520"},{"taxonomy":"product_tag","embeddable":true,"href":"https:\/\/praxas.com\/de\/wp-json\/wp\/v2\/product_tag?post=27520"}],"curies":[{"name":"wp","href":"https:\/\/api.w.org\/{rel}","templated":true}]}}