{"id":27532,"date":"2023-08-08T16:17:00","date_gmt":"2023-08-08T14:17:00","guid":{"rendered":"https:\/\/staging.praxas.com\/product\/unkategorisiert\/el-iot-co2\/"},"modified":"2025-10-14T16:18:41","modified_gmt":"2025-10-14T14:18:41","slug":"el-iot-co2","status":"publish","type":"product","link":"https:\/\/praxas.com\/de\/product\/datenlogger\/luftqualitat\/el-iot-co2\/","title":{"rendered":"EL-IOT-CO2"},"content":{"rendered":"<p>Unser kabelloser<sub>CO2-<\/sub> und Luftqualit\u00e4ts-Datenlogger ist das perfekte Ger\u00e4t zur \u00dcberwachung und Aufzeichnung der Luftqualit\u00e4t und der Kohlendioxidwerte zu Hause, am Arbeitsplatz, in Schulen und in einer ganzen Reihe anderer Anwendungen, einschlie\u00dflich Gartenbau.<\/p>\n<p>Der EL-IOT-CO2 misst Kohlendioxid, Temperatur und Luftfeuchtigkeit und zeichnet diese Parameter kontinuierlich auf. Auf dem hellen und \u00fcbersichtlichen Display werden die aktuellen, minimalen und maximalen Messwerte angezeigt, so dass Sie die Luftqualit\u00e4t auf einen Blick erkennen k\u00f6nnen.<\/p>\n<p>Legen Sie f\u00fcr jeden Parameter eigene H\u00f6chst- und Tiefstwerte f\u00fcr Alarme fest. Bei Erreichen der Grenzwerte k\u00f6nnen Sie sofort per E-Mail und\/oder SMS \u00fcber kritische Ver\u00e4nderungen benachrichtigt werden.<\/p>\n<p>Das EL-IOT-CO2 wird \u00fcber ein USB-Netzteil mit Strom versorgt und kann auch AA-Batterien zur kurzfristigen Sicherung verwenden, falls die Stromversorgung unterbrochen wird.<\/p>\n<p><strong>EL-IOT-CO2 Messparameter:<\/strong><\/p>\n<ul>\n<li>Kohlendioxid (<sub>CO2<\/sub>)<\/li>\n<li>Temperatur<\/li>\n<li>Luftfeuchtigkeit<\/li>\n<\/ul>\n<p>Der EL-IOT-CO2 bietet konstante Echtzeitmessungen und l\u00e4dt die Messwerte automatisch in die <strong><br \/>\n  <a href=\"https:\/\/praxas.com\/en\/easylog-cloud\/\">EasyLog Cloud<\/a><br \/>\n<\/strong>hochl\u00e4dt, um einen einfachen Zugriff auf Ihre aktuellen und historischen Daten zu erm\u00f6glichen. Laden Sie die EasyLog Cloud App herunter, mit der Sie Ihre kompletten Messdaten von jedem internetf\u00e4higen Ger\u00e4t aus betrachten, analysieren und herunterladen k\u00f6nnen. <\/p>\n","protected":false},"excerpt":{"rendered":"<p>Drahtloser<sub>CO2-<\/sub> und Luftqualit\u00e4ts-Datenlogger<\/p>\n","protected":false},"featured_media":27533,"template":"","meta":{"_acf_changed":false,"content-type":"","_uag_custom_page_level_css":""},"product_brand":[],"product_cat":[1130,1133],"product_tag":[2432,1013,992,988,985],"class_list":{"0":"post-27532","1":"product","2":"type-product","3":"status-publish","4":"has-post-thumbnail","6":"product_cat-luftqualitat","7":"product_cat-kohlendioxyd","8":"product_tag-easylog","9":"product_tag-easylog-cloud-de","10":"product_tag-interner-sensor","11":"product_tag-iot-de","12":"product_tag-wifi-de","14":"first","15":"instock","16":"taxable","17":"shipping-taxable","18":"purchasable","19":"product-type-simple"},"bundled_by":[],"bundle_stock_status":"instock","bundle_stock_quantity":196,"bundle_virtual":false,"bundle_layout":"","bundle_add_to_cart_form_location":"","bundle_editable_in_cart":false,"bundle_sold_individually_context":"","bundle_item_grouping":"","bundle_min_size":"","bundle_max_size":"","bundle_price":[],"bundled_items":[],"bundle_sell_ids":[],"acf":[],"spectra_custom_meta":{"_download_limit":["-1","-1"],"_download_expiry":["-1","-1"],"_downloadable":["no","no"],"_sku":["EL-IOT-CO2","EL-IOT-CO2"],"_stock_status":["instock","instock","instock","instock"],"_sold_individually":["no","no"],"_tax_class":["",""],"_tax_status":["taxable","taxable"],"_virtual":["no","no"],"_weight":["0.560000","0.560000"],"_length":["field_64dde24193a2b","field_64dde24193a2b"],"total_sales":["127","127"],"_product_datasheet":["field_650ad7d6ea3a0"],"connectivity":["WiFi","WiFi"],"_connectivity":["field_64dce263bb57c","field_64dce263bb57c"],"brand":["EasyLog","EasyLog"],"_brand":["field_64ddf62ed2593","field_64ddf62ed2593"],"_brand_image":["field_650c5e7c84cae"],"_specifications_table":["field_65044e1db92a8"],"_display_data_alarm":["field_667d647bcb066"],"_resources":["field_650849c6945ee"],"_accessories":["field_650849e6945f0","field_650849e6945f0"],"_faqs":["field_650859523d8d5"],"_calibration_suitable_ids_gb":["field_654b4c4acb54a"],"_calibration_suitable_ids_us":["field_654b4c56cb54b"],"_show_in_calibration_suitable":["field_654cfb691d345"],"_usd_price_4":["field_651570dcac479"],"_usd_price_9":["field_6515713eb4807"],"_usd_price_24":["field_65157141b4809"],"_usd_price_49":["field_65157140b4808"],"_usd_price_99":["field_6515715bb480a"],"_gbp_price_4":["field_6515716e83bfa"],"_gbp_price_9":["field_6515724783bfb"],"_gbp_price_24":["field_6515724b83bfc"],"_gbp_price_49":["field_6515725983bfd"],"_gbp_price_99":["field_6515725d83bfe"],"_usdhk_price_4":["field_6515726f83bff"],"_usdhk_price_9":["field_6515727c83c00"],"_usdhk_price_24":["field_6515728083c01"],"_usdhk_price_49":["field_6515728983c02"],"_usdhk_price_99":["field_6515728e83c03"],"stock_options":["In stock"],"_stock_options":["field_6544b605dc7f9"],"_top_nav_excluded":[""],"_cms_nav_minihome":[""],"wcml_sync_hash":["a:1:{s:15:\"postmeta_fields\";s:32:\"7d9ca5dbeb96fab13ef94b6119772b1d\";}"],"attr_label_translations":["a:0:{}"],"_product_image_gallery":["27534,27535"],"_thumbnail_id":["27533"],"_crosssell_ids":["a:0:{}"],"_stock":["196.000000"],"_last_translation_edit_mode":["translation-editor"],"_calibration":["field_66a0ddd599972"],"_shipping":["field_66852535c98a5"],"_refrigerant_cabinet":["field_66852557c98a6"],"_main_specifications":["field_66855b25b1245"],"_edit_lock":["1722245115:8383"],"classic-editor-remember":["classic-editor"],"rank_math_seo_score":["91"],"_edit_last":["8383"],"commercekit_gallery_layout":[""],"commercekit_disable_sticky_atc":["0"],"commercekit_wc_video_gallery":["a:0:{}"],"_rank_math_gtin_code":[""],"_wcml_average_rating":[null],"_wcml_review_count":[null],"_wcml_rating_count":[null],"_wc_average_rating":[0],"_wc_review_count":["0"],"_product_version":["9.1.2"],"display_data_alarm":[""],"calibration":[""],"calibration_suitable_ids_gb":[""],"calibration_suitable_ids_us":[""],"show_in_calibration_suitable":[""],"other_features":[""],"shipping":[""],"refrigerant_cabinet":[""],"main_specifications":[""],"shoptimizer_layout_pdp_short_description_position":["default"],"product_datasheet":["10287"],"brand_image":["10467"],"_wpml_media_duplicate":["1"],"_wpml_media_featured":["1"],"_product_attributes":["a:2:{s:16:\"pa_product-brand\";a:6:{s:4:\"name\";s:16:\"pa_product-brand\";s:5:\"value\";s:0:\"\";s:8:\"position\";i:0;s:10:\"is_visible\";i:1;s:12:\"is_variation\";i:0;s:11:\"is_taxonomy\";i:1;}s:19:\"pa_product-features\";a:6:{s:4:\"name\";s:19:\"pa_product-features\";s:5:\"value\";s:0:\"\";s:8:\"position\";i:1;s:10:\"is_visible\";i:1;s:12:\"is_variation\";i:0;s:11:\"is_taxonomy\";i:1;}}"],"rank_math_primary_product_cat":["86","86"],"_wpml_word_count":["251"],"_global_unique_id":["5056744400526"],"_backorders":["no","no"],"_manage_stock":["no","no"],"_other_features":["field_686fa2aa98dce"],"min_temp":[""],"max_temp":[""],"_min_temp":["field_67ea5eb4e0a77"],"_max_temp":["field_67ea5f81e0a79"],"faqs":["<span class=\"ui-provider bob boc bod boe bof bog boh boi boj bok bol bom bon boo bop boq bor bos bot bou bov bow box boy boz bpa bpb bpc bpd bpe bpf bpg bph bpi bpj\" dir=\"ltr\">[accordion]\n[accordion_header]Wann wird mein EL-IOT-Firmware-Update beginnen?[\/accordion_header]\n[accordion_section]Sobald Sie das neue EL-IOT-Firmware-Update ausgew\u00e4hlt haben, beginnt die Aktualisierung bei der n\u00e4chsten Cloud-Synchronisierung.[\/accordion_section]\n[\/accordion]<\/span>\n\n<span class=\"ui-provider bob boc bod boe bof bog boh boi boj bok bol bom bon boo bop boq bor bos bot bou bov bow box boy boz bpa bpb bpc bpd bpe bpf bpg bph bpi bpj\" dir=\"ltr\">[accordion]\n[accordion_header]Wie kann ich eine \u00dcbertragung von meinem Ger\u00e4t erzwingen?[\/accordion_header]\n[accordion_section]Sie m\u00fcssen die Haupttaste des Ger\u00e4ts 1-8 Sekunden lang gedr\u00fcckt halten. Dadurch wird ein Alarm best\u00e4tigt, ein Audit-Ereignis im Datensatz erstellt und die Datensynchronisierung mit der Cloud erzwungen.  [\/accordion_section]\n[\/accordion]<\/span>"],"rank_math_title":["EL-IOT-CO2 | Luftqualit\u00e4ts-Datenlogger und -Rekorder | Praxas"],"rank_math_description":["Der drahtlose CO2- und Luftqualit\u00e4ts-Datenlogger EL-IOT-CO2 ist das perfekte Ger\u00e4t zur \u00dcberwachung und Aufzeichnung der Luftqualit\u00e4t und der CO2-Werte zu Hause oder am Arbeitsplatz."],"rank_math_focus_keyword":["EL-IOT-CO2"],"specifications_table":["<table class=\"specifications\">\n<tbody>\n<tr class=\"even-row\">\n<td class=\"left-td\">Messbereich (<sub>CO2<\/sub><span style=\"font-family: inherit; font-size: inherit;\">)<\/span><\/td>\n<td>0 bis 40.000ppm<\/td>\n<\/tr>\n<tr class=\"odd-row\">\n<td class=\"left-td\">Genauigkeit 400 bis 2.000 ppm<\/td>\n<td>\u00b1(50 ppm +5% vom Messwert)<\/td>\n<\/tr>\n<tr class=\"even-row\">\n<td class=\"left-td\">Aufl\u00f6sung (<sub>CO2<\/sub>)<\/td>\n<td>1ppm<\/td>\n<\/tr>\n<tr class=\"odd-row\">\n<td class=\"left-td\">Auto-Kalibrierung (<sub>CO2<\/sub>)<\/td>\n<td>Ja<\/td>\n<\/tr>\n<tr class=\"even-row\">\n<td class=\"left-td\">Temperatur-Messbereich<\/td>\n<td>-20 bis +60\u00b0C (-4 bis 140\u00b0F)<\/td>\n<\/tr>\n<tr class=\"odd-row\">\n<td class=\"left-td\">Genauigkeit (T)<\/td>\n<td>\u00b10,3\u00b0C (\u00b10,54\u00b0F) typisch<\/td>\n<\/tr>\n<tr class=\"even-row\">\n<td class=\"left-td\">Aufl\u00f6sung (T)<\/td>\n<td>0.1\u00b0<\/td>\n<\/tr>\n<tr class=\"odd-row\">\n<td class=\"left-td\">Einheiten (T)<\/td>\n<td>\u00b0C oder \u00b0F<\/td>\n<\/tr>\n<tr class=\"even-row\">\n<td class=\"left-td\">Messbereich Relative Luftfeuchtigkeit<\/td>\n<td>0 bis 100%RH<\/td>\n<\/tr>\n<tr class=\"odd-row\">\n<td class=\"left-td\">Genauigkeit (RH)<\/td>\n<td>\u00b12% typisch<\/td>\n<\/tr>\n<tr class=\"even-row\">\n<td class=\"left-td\">Aufl\u00f6sung (RH)<\/td>\n<td>0.1%<\/td>\n<\/tr>\n<tr class=\"odd-row\">\n<td class=\"left-td\">Taupunkt-Genauigkeit<\/td>\n<td>1,5\u00b0C typisch (40 bis 100%RH)<\/td>\n<\/tr>\n<tr class=\"even-row\">\n<td class=\"left-td\">Datenaufzeichnungsrate<\/td>\n<td>10 Sekunden bis 12 Stunden (vom Benutzer w\u00e4hlbar)<\/td>\n<\/tr>\n<tr class=\"odd-row\">\n<td class=\"left-td\">\u00dcbertragungsintervall<\/td>\n<td>1 Minute bis 24 Stunden (vom Benutzer w\u00e4hlbar)<\/td>\n<\/tr>\n<tr class=\"even-row\">\n<td class=\"left-td\">Abmessungen<\/td>\n<td>97 x 87 x 33mm<\/td>\n<\/tr>\n<tr class=\"odd-row\">\n<td class=\"left-td\">Betriebstemperatur Batteriebetrieb<\/td>\n<td>-18 bis +55\u00b0C (0 bis +131\u00b0F)<\/td>\n<\/tr>\n<tr class=\"even-row\">\n<td class=\"left-td\">Betriebstemperatur USB Power<\/td>\n<td>-20 bis +60\u00b0C (-4 bis +140\u00b0F)<\/td>\n<\/tr>\n<\/tbody>\n<\/table>"],"resources":["<ul class=\"resources-list\">\n \t<li><img src=\"https:\/\/praxas.com\/wp-content\/uploads\/document-icon.png\" alt=\"Dokument-Symbol\"><a href=\"https:\/\/praxas.com\/wp-content\/uploads\/el-iot-co2-datasheet-issue-7-10_2022.pdf\" target=\"_blank\" rel=\"noopener\">EL-IOT-CO2 Datenblatt<\/a><\/li>\n \t<li><img src=\"https:\/\/praxas.com\/wp-content\/uploads\/document-icon.png\" alt=\"Dokument-Symbol\"><a href=\"https:\/\/praxas.com\/wp-content\/uploads\/el-iot-co2-qsg_12_2022.pdf\" target=\"_blank\" rel=\"noopener\">EL-IOT-CO2 Schnellstartanleitung<\/a><\/li>\n \t<li><img src=\"https:\/\/praxas.com\/wp-content\/uploads\/document-icon.png\" alt=\"Dokument-Symbol\"><a href=\"https:\/\/praxas.com\/wp-content\/uploads\/el-iot-co2-distie-handout.pdf\" target=\"_blank\" rel=\"noopener\">EL-IOT-CO2 Informationsblatt<\/a><\/li>\n \t<li><img src=\"https:\/\/praxas.com\/wp-content\/uploads\/document-icon.png\" alt=\"Dokument-Symbol\"><a href=\"https:\/\/praxas.com\/wp-content\/uploads\/help-guide-3-network-requirements-and-settings-12-09-2022_issue-6.pdf\" target=\"_blank\" rel=\"noopener\">Netzwerkanforderungen und -einstellungen<\/a><\/li>\n \t<li><img src=\"https:\/\/praxas.com\/wp-content\/uploads\/document-icon.png\" alt=\"Dokument-Symbol\"><a href=\"https:\/\/praxas.com\/wp-content\/uploads\/declaration-of-conformity_indoor-air-quality_iss1-07_2022.pdf\" target=\"_blank\" rel=\"noopener\">Konformit\u00e4tserkl\u00e4rung EL-IOT-CO2<\/a><\/li>\n<\/ul>"],"accessories":["[products skus=\"EL-IOT WALL BRACKET,BAT 1V5 AA PK4\"]","[products skus=\"EL-IOT WALL BRACKET,BAT 1V5 AA PK4\"]"],"usd_price_4":["0.00"],"usd_price_9":["0.00"],"usd_price_24":["0.00"],"usd_price_49":["0.00"],"usd_price_99":["0.00"],"gbp_price_4":["0.00"],"gbp_price_9":["0.00"],"gbp_price_24":["134.99"],"gbp_price_49":["0.00"],"gbp_price_99":["0.00"],"usdhk_price_4":["0.00"],"usdhk_price_9":["0.00"],"usdhk_price_24":["0.00"],"usdhk_price_49":["0.00"],"usdhk_price_99":["0.00"],"_uag_page_assets":["a:9:{s:3:\"css\";s:0:\"\";s:2:\"js\";s:0:\"\";s:18:\"current_block_list\";a:0:{}s:8:\"uag_flag\";b:0;s:11:\"uag_version\";s:10:\"1775212209\";s:6:\"gfonts\";a:0:{}s:10:\"gfonts_url\";s:0:\"\";s:12:\"gfonts_files\";a:0:{}s:14:\"uag_faq_layout\";b:0;}"],"_regular_price":["195.1","195.1"],"_price":["195.1","195.1"],"_max_variation_price":[""],"_max_variation_regular_price":[""],"_max_variation_sale_price":[""],"_min_variation_price":[""],"_min_variation_regular_price":[""],"_min_variation_sale_price":[""],"_sale_price":[""],"_wc_pb_base_regular_price":[""],"_wc_pb_base_sale_price":[""],"_wc_pb_base_price":[""],"_wc_sw_max_price":[""],"_wc_sw_max_regular_price":[""],"_wc_rating_count":[""]},"uagb_featured_image_src":{"full":["https:\/\/praxas.com\/wp-content\/uploads\/EL-IOT-CO2-Front.png",800,463,false],"thumbnail":["https:\/\/praxas.com\/wp-content\/uploads\/EL-IOT-CO2-Front-150x150.png",150,150,true],"medium":["https:\/\/praxas.com\/wp-content\/uploads\/EL-IOT-CO2-Front-300x174.png",300,174,true],"medium_large":["https:\/\/praxas.com\/wp-content\/uploads\/EL-IOT-CO2-Front-768x444.png",768,444,true],"large":["https:\/\/praxas.com\/wp-content\/uploads\/EL-IOT-CO2-Front.png",800,463,false],"1536x1536":["https:\/\/praxas.com\/wp-content\/uploads\/EL-IOT-CO2-Front.png",800,463,false],"2048x2048":["https:\/\/praxas.com\/wp-content\/uploads\/EL-IOT-CO2-Front.png",800,463,false],"crunchify-admin-post-featured-image":["https:\/\/praxas.com\/wp-content\/uploads\/EL-IOT-CO2-Front-120x69.png",120,69,true],"commercegurus-pdp-large":["https:\/\/praxas.com\/wp-content\/uploads\/EL-IOT-CO2-Front.png",800,463,false],"commercegurus-plp-mobile":["https:\/\/praxas.com\/wp-content\/uploads\/EL-IOT-CO2-Front-441x255.png",441,255,true],"cgkit_image_swatch":["https:\/\/praxas.com\/wp-content\/uploads\/EL-IOT-CO2-Front-100x100.png",100,100,true],"woocommerce_thumbnail":["https:\/\/praxas.com\/wp-content\/uploads\/EL-IOT-CO2-Front-300x174.png",300,174,true],"woocommerce_single":["https:\/\/praxas.com\/wp-content\/uploads\/EL-IOT-CO2-Front.png",800,463,false],"woocommerce_gallery_thumbnail":["https:\/\/praxas.com\/wp-content\/uploads\/EL-IOT-CO2-Front-150x87.png",150,87,true]},"uagb_author_info":{"display_name":"AndyS","author_link":"https:\/\/praxas.com\/de\/author\/"},"uagb_comment_info":0,"uagb_excerpt":"DrahtloserCO2- und Luftqualit\u00e4ts-Datenlogger","_links":{"self":[{"href":"https:\/\/praxas.com\/de\/wp-json\/wp\/v2\/product\/27532","targetHints":{"allow":["GET"]}}],"collection":[{"href":"https:\/\/praxas.com\/de\/wp-json\/wp\/v2\/product"}],"about":[{"href":"https:\/\/praxas.com\/de\/wp-json\/wp\/v2\/types\/product"}],"wp:featuredmedia":[{"embeddable":true,"href":"https:\/\/praxas.com\/de\/wp-json\/wp\/v2\/media\/27533"}],"wp:attachment":[{"href":"https:\/\/praxas.com\/de\/wp-json\/wp\/v2\/media?parent=27532"}],"wp:term":[{"taxonomy":"product_brand","embeddable":true,"href":"https:\/\/praxas.com\/de\/wp-json\/wp\/v2\/product_brand?post=27532"},{"taxonomy":"product_cat","embeddable":true,"href":"https:\/\/praxas.com\/de\/wp-json\/wp\/v2\/product_cat?post=27532"},{"taxonomy":"product_tag","embeddable":true,"href":"https:\/\/praxas.com\/de\/wp-json\/wp\/v2\/product_tag?post=27532"}],"curies":[{"name":"wp","href":"https:\/\/api.w.org\/{rel}","templated":true}]}}