{"id":27591,"date":"2024-06-12T16:06:24","date_gmt":"2024-06-12T14:06:24","guid":{"rendered":"https:\/\/staging.praxas.com\/product\/unkategorisiert\/lti-hid-auslesestation\/"},"modified":"2025-10-08T18:14:55","modified_gmt":"2025-10-08T16:14:55","slug":"lti-hid-auslesestation","status":"publish","type":"product","link":"https:\/\/praxas.com\/de\/product\/datenlogger\/zubehor\/lti-hid-auslesestation\/","title":{"rendered":"LTI-HID Auslesestation"},"content":{"rendered":"<p>Das Auslesen von Messdaten ist mit der LogTag LTI-HID Interface USB-Auslesestation m\u00fchelos m\u00f6glich. Mit diesem Ger\u00e4t k\u00f6nnen Sie schnell und zuverl\u00e4ssig Daten von Ihrem LogTag Recorder auf Ihren PC \u00fcbertragen. Ausgestattet mit der neuesten Technologie, liest sie alle Daten innerhalb von Sekunden in die LogTag Analyser Software ein und ist damit die schnellste Auslesestation auf dem Markt.<\/p>\n<p>Mit dem Kauf der Lesestation k\u00f6nnen Sie die LogTag Analyser Software kostenlos nutzen. Mit diesem Programm k\u00f6nnen Sie Daten von LogTag Temperatur- und Luftfeuchtigkeitsloggern konfigurieren, herunterladen und anzeigen. Die Daten k\u00f6nnen auch leicht in andere Formate exportiert werden, z. B. in Excel.<\/p>\n<p><strong>Vorteile der LogTag LTI-HID Interface USB Lesestation:<\/strong><\/p>\n<ul>\n<li>Der Schnellste auf dem Markt<\/li>\n<li>Kostenlose LogTag Analyser Software<\/li>\n<li>Einfach zu benutzen<\/li>\n<li>\u00dcbertr\u00e4gt zuverl\u00e4ssig Daten auf Ihren PC<\/li>\n<li>Einfacher Datenexport<\/li>\n<\/ul>\n","protected":false},"excerpt":{"rendered":"<ul>\n<li>Kostenlose LogTag Analyzer Software<\/li>\n<li>USB-Kabel<\/li>\n<li>Schnell und zuverl\u00e4ssig<\/li>\n<li>Widerstandsf\u00e4hig gegen Feuchtigkeit und Schmutz<\/li>\n<\/ul>\n","protected":false},"featured_media":27592,"template":"","meta":{"_acf_changed":false,"content-type":"","_uag_custom_page_level_css":""},"product_brand":[],"product_cat":[979],"product_tag":[2513],"class_list":{"0":"post-27591","1":"product","2":"type-product","3":"status-publish","4":"has-post-thumbnail","6":"product_cat-zubehor","7":"product_tag-logtag-de","9":"first","10":"instock","11":"taxable","12":"shipping-taxable","13":"purchasable","14":"product-type-simple"},"bundled_by":[],"bundle_stock_status":"instock","bundle_stock_quantity":null,"bundle_virtual":false,"bundle_layout":"","bundle_add_to_cart_form_location":"","bundle_editable_in_cart":false,"bundle_sold_individually_context":"","bundle_item_grouping":"","bundle_min_size":"","bundle_max_size":"","bundle_price":[],"bundled_items":[],"bundle_sell_ids":[],"acf":[],"spectra_custom_meta":{"_backorders":["no"],"_download_limit":["-1"],"_download_expiry":["-1"],"_downloadable":["no"],"_manage_stock":["no"],"_sku":["LTI-HID"],"_stock_status":["instock"],"_sold_individually":["no"],"_tax_class":[""],"_tax_status":["taxable"],"_virtual":["no"],"_width":["0"],"_height":["0"],"_length":["0"],"total_sales":["25"],"product_datasheet":[""],"_product_datasheet":["field_650ad7d6ea3a0"],"_connectivity":["field_64dce263bb57c"],"brand":["LogTag"],"_brand":["field_64ddf62ed2593"],"brand_image":[""],"_brand_image":["field_650c5e7c84cae"],"_specifications_table":["field_65044e1db92a8"],"_resources":["field_650849c6945ee"],"_accessories":["field_650849e6945f0"],"_faqs":["field_650859523d8d5"],"_calibration_suitable_ids_gb":["field_654b4c4acb54a"],"_calibration_suitable_ids_us":["field_654b4c56cb54b"],"_show_in_calibration_suitable":["field_654cfb691d345"],"_usd_price_4":["field_651570dcac479"],"_usd_price_9":["field_6515713eb4807"],"_usd_price_24":["field_65157141b4809"],"_usd_price_49":["field_65157140b4808"],"_usd_price_99":["field_6515715bb480a"],"_gbp_price_4":["field_6515716e83bfa"],"_gbp_price_9":["field_6515724783bfb"],"_gbp_price_24":["field_6515724b83bfc"],"_gbp_price_49":["field_6515725983bfd"],"_gbp_price_99":["field_6515725d83bfe"],"_usdhk_price_4":["field_6515726f83bff"],"_usdhk_price_9":["field_6515727c83c00"],"_usdhk_price_24":["field_6515728083c01"],"_usdhk_price_49":["field_6515728983c02"],"_usdhk_price_99":["field_6515728e83c03"],"stock_options":["In stock"],"_stock_options":["field_6544b605dc7f9"],"_top_nav_excluded":[""],"_cms_nav_minihome":[""],"wcml_sync_hash":["a:1:{s:15:\"postmeta_fields\";s:32:\"a87ab8f2572d857fc4600700964db5e9\";}"],"attr_label_translations":["a:0:{}"],"_product_attributes":["a:1:{s:16:\"pa_product-brand\";a:6:{s:4:\"name\";s:16:\"pa_product-brand\";s:5:\"value\";s:0:\"\";s:8:\"position\";i:0;s:10:\"is_visible\";i:1;s:12:\"is_variation\";i:0;s:11:\"is_taxonomy\";i:1;}}"],"_product_image_gallery":["27593"],"_thumbnail_id":["27592"],"_crosssell_ids":["a:0:{}"],"_last_translation_edit_mode":["translation-editor"],"connectivity":["USB"],"_display_data_alarm":["field_667d647bcb066"],"_other_features":["field_668524f8c98a4"],"_shipping":["field_66852535c98a5"],"_refrigerant_cabinet":["field_66852557c98a6"],"_main_specifications":["field_66855b25b1245"],"_calibration":["field_66a0ddd599972"],"_edit_lock":["1724255374:8383"],"classic-editor-remember":["classic-editor"],"rank_math_seo_score":["97"],"rank_math_contentai_score":["a:5:{s:8:\"keywords\";s:5:\"74.51\";s:9:\"wordCount\";s:1:\"0\";s:9:\"linkCount\";s:1:\"0\";s:12:\"headingCount\";s:1:\"0\";s:10:\"mediaCount\";s:1:\"0\";}"],"_edit_last":["8383"],"commercekit_gallery_layout":[""],"commercekit_disable_sticky_atc":["0"],"commercekit_wc_video_gallery":["a:0:{}"],"_rank_math_gtin_code":[""],"_wcml_average_rating":[null],"_wcml_review_count":[null],"_wcml_rating_count":[null],"_stock":[null],"_wc_average_rating":[0],"_wc_review_count":["0"],"_product_version":["9.1.4"],"usd_price_4":[""],"usd_price_9":[""],"usd_price_24":[""],"usd_price_49":[""],"usd_price_99":[""],"gbp_price_4":[""],"gbp_price_9":[""],"gbp_price_24":[""],"gbp_price_49":[""],"gbp_price_99":[""],"usdhk_price_4":[""],"usdhk_price_9":[""],"usdhk_price_24":[""],"usdhk_price_49":[""],"usdhk_price_99":[""],"display_data_alarm":[""],"calibration":[""],"accessories":[""],"faqs":[""],"calibration_suitable_ids_gb":[""],"calibration_suitable_ids_us":[""],"show_in_calibration_suitable":[""],"other_features":[""],"shipping":[""],"refrigerant_cabinet":[""],"main_specifications":[""],"shoptimizer_layout_pdp_short_description_position":["default"],"rank_math_analytic_object_id":["700"],"_wpml_media_duplicate":["1"],"_wpml_media_featured":["1"],"_regular_price":["45.50"],"_price":["45.50"],"hubwoo_ecomm_pro_id":["23113643129"],"_weight":["0.074"],"rank_math_primary_product_cat":["147"],"min_temp":[""],"max_temp":[""],"_min_temp":["field_67ea5eb4e0a77"],"_max_temp":["field_67ea5f81e0a79"],"_wpml_word_count":["182"],"_global_unique_id":["850040258196"],"rank_math_title":["LogTag LTI-HID Auslesestation %sep% %sitename%"],"rank_math_description":["Lesen Sie mit dem LTI-HID schnell und zuverl\u00e4ssig Messdaten aus Ihrem LogTag Rekorder aus. Erfahren Sie mehr mit Praxas."],"rank_math_focus_keyword":["LTI-HID"],"specifications_table":["<table class=\"specifications\">\n<tbody>\n<tr>\n<td class=\"left-td\">Betriebstemperaturbereich<\/td>\n<td>-20\u00b0C bis +60\u00b0C<\/td>\n<\/tr>\n<tr>\n<td class=\"left-td\">Temperaturbereich bei Lagerung<\/td>\n<td>-40\u00b0C bis +70\u00b0C<\/td>\n<\/tr>\n<tr>\n<td class=\"left-td\">USB-Standard<\/td>\n<td>2.0<\/td>\n<\/tr>\n<tr>\n<td class=\"left-td\">Umgebungsbedingungen<\/td>\n<td>IP50 (nur f\u00fcr den Innenbereich geeignet)<\/td>\n<\/tr>\n<tr>\n<td class=\"left-td\">Anzeigen<\/td>\n<td>Gr\u00fcne LED 'Aktivit\u00e4t', rote LED 'Besetzt\/Fehler'.<\/td>\n<\/tr>\n<tr>\n<td class=\"left-td\">Software-F\u00e4higkeit<\/td>\n<td>LTA 2.9r2, LTA 3.0r8, LTX 1.1r1, LogTag Online<\/td>\n<\/tr>\n<tr>\n<td class=\"left-td\">Stromquelle<\/td>\n<td>Stromversorgung vom Computer<\/td>\n<\/tr>\n<tr>\n<td class=\"left-td\">Anschluss<\/td>\n<td>USB Micro<\/td>\n<\/tr>\n<tr>\n<td class=\"left-td\">Gr\u00f6\u00dfe<\/td>\n<td>45mm(H) x 85mm(B) x 71mm(T), ohne Kabel<\/td>\n<\/tr>\n<tr>\n<td class=\"left-td\">Gewicht<\/td>\n<td>74g, ohne Kabel<\/td>\n<\/tr>\n<tr>\n<td class=\"left-td\">Material Geh\u00e4use<\/td>\n<td>Polycarbonat, ABS<\/td>\n<\/tr>\n<tr>\n<td class=\"left-td\">Zubeh\u00f6r<\/td>\n<td>1.0m USB-Kabel<\/td>\n<\/tr>\n<\/tbody>\n<\/table>"],"resources":["<img src=\"https:\/\/praxas.com\/wp-content\/uploads\/document-icon.png\" alt=\"Dokument-Symbol\"><a href=\"https:\/\/praxas.com\/wp-content\/uploads\/LogTag_LTI-HID_Brochure.pdf\">LogTag LTI-HID Brosch\u00fcre<\/a>\n\n<a href=\"https:\/\/praxas.com\/wp-content\/uploads\/LTI-HID-Quick-Start-Guide.pdf\"><img src=\"https:\/\/praxas.com\/wp-content\/uploads\/document-icon.png\" alt=\"Dokument-Symbol\">LogTag LTI-HID Schnellstart-Anleitung<\/a>\n\n\u00a0"],"_uag_page_assets":["a:9:{s:3:\"css\";s:0:\"\";s:2:\"js\";s:0:\"\";s:18:\"current_block_list\";a:0:{}s:8:\"uag_flag\";b:0;s:11:\"uag_version\";s:10:\"1775212209\";s:6:\"gfonts\";a:0:{}s:10:\"gfonts_url\";s:0:\"\";s:12:\"gfonts_files\";a:0:{}s:14:\"uag_faq_layout\";b:0;}"],"_max_variation_price":[""],"_max_variation_regular_price":[""],"_max_variation_sale_price":[""],"_min_variation_price":[""],"_min_variation_regular_price":[""],"_min_variation_sale_price":[""],"_sale_price":[""],"_wc_pb_base_regular_price":[""],"_wc_pb_base_sale_price":[""],"_wc_pb_base_price":[""],"_wc_sw_max_price":[""],"_wc_sw_max_regular_price":[""],"_wc_rating_count":[""]},"uagb_featured_image_src":{"full":["https:\/\/praxas.com\/wp-content\/uploads\/logtag-logtag-lti-hid-interface-usb-reading-statio-800px.jpg",800,463,false],"thumbnail":["https:\/\/praxas.com\/wp-content\/uploads\/logtag-logtag-lti-hid-interface-usb-reading-statio-800px-150x150.jpg",150,150,true],"medium":["https:\/\/praxas.com\/wp-content\/uploads\/logtag-logtag-lti-hid-interface-usb-reading-statio-800px-300x174.jpg",300,174,true],"medium_large":["https:\/\/praxas.com\/wp-content\/uploads\/logtag-logtag-lti-hid-interface-usb-reading-statio-800px-768x444.jpg",768,444,true],"large":["https:\/\/praxas.com\/wp-content\/uploads\/logtag-logtag-lti-hid-interface-usb-reading-statio-800px.jpg",800,463,false],"1536x1536":["https:\/\/praxas.com\/wp-content\/uploads\/logtag-logtag-lti-hid-interface-usb-reading-statio-800px.jpg",800,463,false],"2048x2048":["https:\/\/praxas.com\/wp-content\/uploads\/logtag-logtag-lti-hid-interface-usb-reading-statio-800px.jpg",800,463,false],"crunchify-admin-post-featured-image":["https:\/\/praxas.com\/wp-content\/uploads\/logtag-logtag-lti-hid-interface-usb-reading-statio-800px-120x69.jpg",120,69,true],"commercegurus-pdp-large":["https:\/\/praxas.com\/wp-content\/uploads\/logtag-logtag-lti-hid-interface-usb-reading-statio-800px.jpg",800,463,false],"commercegurus-plp-mobile":["https:\/\/praxas.com\/wp-content\/uploads\/logtag-logtag-lti-hid-interface-usb-reading-statio-800px-441x255.jpg",441,255,true],"cgkit_image_swatch":["https:\/\/praxas.com\/wp-content\/uploads\/logtag-logtag-lti-hid-interface-usb-reading-statio-800px-100x100.jpg",100,100,true],"woocommerce_thumbnail":["https:\/\/praxas.com\/wp-content\/uploads\/logtag-logtag-lti-hid-interface-usb-reading-statio-800px-350x203.jpg",350,203,true],"woocommerce_single":["https:\/\/praxas.com\/wp-content\/uploads\/logtag-logtag-lti-hid-interface-usb-reading-statio-800px.jpg",800,463,false],"woocommerce_gallery_thumbnail":["https:\/\/praxas.com\/wp-content\/uploads\/logtag-logtag-lti-hid-interface-usb-reading-statio-800px-150x87.jpg",150,87,true]},"uagb_author_info":{"display_name":"Beth Foord","author_link":"https:\/\/praxas.com\/de\/author\/"},"uagb_comment_info":0,"uagb_excerpt":"Kostenlose LogTag Analyzer Software USB-Kabel Schnell und zuverl\u00e4ssig Widerstandsf\u00e4hig gegen Feuchtigkeit und Schmutz","_links":{"self":[{"href":"https:\/\/praxas.com\/de\/wp-json\/wp\/v2\/product\/27591","targetHints":{"allow":["GET"]}}],"collection":[{"href":"https:\/\/praxas.com\/de\/wp-json\/wp\/v2\/product"}],"about":[{"href":"https:\/\/praxas.com\/de\/wp-json\/wp\/v2\/types\/product"}],"wp:featuredmedia":[{"embeddable":true,"href":"https:\/\/praxas.com\/de\/wp-json\/wp\/v2\/media\/27592"}],"wp:attachment":[{"href":"https:\/\/praxas.com\/de\/wp-json\/wp\/v2\/media?parent=27591"}],"wp:term":[{"taxonomy":"product_brand","embeddable":true,"href":"https:\/\/praxas.com\/de\/wp-json\/wp\/v2\/product_brand?post=27591"},{"taxonomy":"product_cat","embeddable":true,"href":"https:\/\/praxas.com\/de\/wp-json\/wp\/v2\/product_cat?post=27591"},{"taxonomy":"product_tag","embeddable":true,"href":"https:\/\/praxas.com\/de\/wp-json\/wp\/v2\/product_tag?post=27591"}],"curies":[{"name":"wp","href":"https:\/\/api.w.org\/{rel}","templated":true}]}}