{"id":27601,"date":"2024-06-12T13:28:29","date_gmt":"2024-06-12T11:28:29","guid":{"rendered":"https:\/\/staging.praxas.com\/product\/unkategorisiert\/tlx-palettenumhuellung\/"},"modified":"2025-10-09T10:24:12","modified_gmt":"2025-10-09T08:24:12","slug":"tlx-palettenumhuellung","status":"publish","type":"product","link":"https:\/\/praxas.com\/de\/product\/schutz-der-fracht\/tlx-palettenumhuellung\/","title":{"rendered":"TLX PALETTENUMH\u00dcLLUNG"},"content":{"rendered":"<p>TLX Wrap ist eine leistungsstarke, d\u00fcnne, reflektierende Isolierung, die gegen die Auswirkungen von extremer K\u00e4lte und Hitze entwickelt wurde.<\/p>\n<p>Sie besteht aus 11 Schichten leichten Materials, das durch Konvektionshemmer, emissionsarme Schichten und eine hochwertige Isolierung hervorragenden Schutz vor hei\u00dfen und kalten Temperaturen bietet. Dieses Produkt ist perfekt f\u00fcr alle, die nach einer L\u00f6sung suchen, um verderbliche Waren vor Temperaturschwankungen w\u00e4hrend des Transports zu sch\u00fctzen. Es kann effektiv bei Temperaturen von -20\u00b0C bis +40\u00b0C eingesetzt werden.<\/p>\n<p><strong>Praxas TLX Wraps bieten einen hervorragenden Schutz gegen:<\/strong><\/p>\n<ul>\n<li>Temperaturschwankungen<\/li>\n<li>Direktes Sonnenlicht<\/li>\n<li>Besch\u00e4digung durch Regen und Insekten<\/li>\n<li>Verlust oder Diebstahl<\/li>\n<li>Unn\u00f6tige Kosten aufgrund von Produktverlust, Besch\u00e4digung oder Zur\u00fcckweisung<\/li>\n<\/ul>\n<p dir=\"auto\" data-pm-slice=\"1 1 []\"><iframe loading=\"lazy\" src=\"https:\/\/www.youtube.com\/embed\/RfgwaG89b14\" width=\"560\" height=\"314\" allowfullscreen=\"allowfullscreen\" data-mce-fragment=\"1\"><\/iframe><\/p>\n","protected":false},"excerpt":{"rendered":"<ul>\n<li>1.2m x 10m<\/li>\n<li>Sch\u00fctzt vor Sonneneinstrahlung<\/li>\n<li>Geeignet f\u00fcr alle Wetterbedingungen<\/li>\n<li>Leichtgewicht<\/li>\n<li>Leicht anwendbar<\/li>\n<\/ul>\n","protected":false},"featured_media":27602,"template":"","meta":{"_acf_changed":false,"content-type":"","_uag_custom_page_level_css":""},"product_brand":[],"product_cat":[2532,1165],"product_tag":[],"class_list":{"0":"post-27601","1":"product","2":"type-product","3":"status-publish","4":"has-post-thumbnail","6":"product_cat-schutz-der-fracht","7":"product_cat-frachtabdeckungen","9":"first","10":"instock","11":"taxable","12":"shipping-taxable","13":"purchasable","14":"product-type-simple"},"bundled_by":[],"bundle_stock_status":"instock","bundle_stock_quantity":null,"bundle_virtual":false,"bundle_layout":"","bundle_add_to_cart_form_location":"","bundle_editable_in_cart":false,"bundle_sold_individually_context":"","bundle_item_grouping":"","bundle_min_size":"","bundle_max_size":"","bundle_price":[],"bundled_items":[],"bundle_sell_ids":[],"acf":[],"spectra_custom_meta":{"_wcml_average_rating":[null],"_wcml_review_count":[null],"_wcml_rating_count":[null],"_backorders":["no"],"_download_limit":["-1"],"_download_expiry":["-1"],"_downloadable":["no"],"_manage_stock":["no"],"_sku":["W0111SS1200TR"],"_stock_status":["instock"],"_sold_individually":["no"],"_tax_class":[""],"_tax_status":["taxable"],"_virtual":["no"],"_weight":["6.54"],"_width":["1000"],"_height":["3"],"_length":["120"],"total_sales":["0"],"_regular_price":["143.85"],"_price":["143.85"],"product_datasheet":[""],"_product_datasheet":["field_650ad7d6ea3a0"],"connectivity":[""],"_connectivity":["field_64dce263bb57c"],"brand":["Praxas"],"_brand":["field_64ddf62ed2593"],"brand_image":[""],"_brand_image":["field_650c5e7c84cae"],"_specifications_table":["field_65044e1db92a8"],"_display_data_alarm":["field_667d647bcb066"],"_resources":["field_650849c6945ee"],"_accessories":["field_650849e6945f0"],"_faqs":["field_650859523d8d5"],"_calibration_suitable_ids_gb":["field_654b4c4acb54a"],"_calibration_suitable_ids_us":["field_654b4c56cb54b"],"_show_in_calibration_suitable":["field_654cfb691d345"],"_other_features":["field_668524f8c98a4"],"_shipping":["field_66852535c98a5"],"_refrigerant_cabinet":["field_66852557c98a6"],"_main_specifications":["field_66855b25b1245"],"_usd_price_4":["field_651570dcac479"],"_usd_price_9":["field_6515713eb4807"],"_usd_price_24":["field_65157141b4809"],"_usd_price_49":["field_65157140b4808"],"_usd_price_99":["field_6515715bb480a"],"_gbp_price_4":["field_6515716e83bfa"],"_gbp_price_9":["field_6515724783bfb"],"_gbp_price_24":["field_6515724b83bfc"],"_gbp_price_49":["field_6515725983bfd"],"_gbp_price_99":["field_6515725d83bfe"],"_usdhk_price_4":["field_6515726f83bff"],"_usdhk_price_9":["field_6515727c83c00"],"_usdhk_price_24":["field_6515728083c01"],"_usdhk_price_49":["field_6515728983c02"],"_usdhk_price_99":["field_6515728e83c03"],"stock_options":["In stock"],"_stock_options":["field_6544b605dc7f9"],"_top_nav_excluded":[""],"_cms_nav_minihome":[""],"wcml_sync_hash":["a:1:{s:15:\"postmeta_fields\";s:32:\"71b79ba9e588985278fd6680ef1f9ab1\";}"],"attr_label_translations":["a:0:{}"],"_product_attributes":["a:1:{s:16:\"pa_product-brand\";a:6:{s:4:\"name\";s:16:\"pa_product-brand\";s:5:\"value\";s:0:\"\";s:8:\"position\";i:0;s:10:\"is_visible\";i:1;s:12:\"is_variation\";i:0;s:11:\"is_taxonomy\";i:1;}}"],"_product_image_gallery":["27603,27604,27605,27606,27602"],"_thumbnail_id":["27602"],"_crosssell_ids":["a:0:{}"],"_last_translation_edit_mode":["translation-editor"],"_calibration":["field_66a0ddd599972"],"hubwoo_ecomm_pro_id":["23315142280"],"rank_math_primary_product_cat":["2529"],"_wpml_word_count":["166"],"rank_math_description":["Kaufen Sie die Praxas TLX Palettenverpackung f\u00fcr einen hervorragenden Schutz von verderblichen Waren w\u00e4hrend des Transports. Er besteht aus 11 Schichten leichten Isoliermaterials und sch\u00fctzt vor extremen Temperaturen, direkter Sonneneinstrahlung und Feuchtigkeit.  "],"rank_math_focus_keyword":["Palettenumh\u00fcllung"],"specifications_table":["<table class=\"specifications\">\n<tbody>\n<tr class=\"even-row\">\n<td class=\"left-td\">L\u00e4nge<\/td>\n<td>1000mm<\/td>\n<\/tr>\n<tr class=\"odd-row\">\n<td class=\"left-td\">Breite<\/td>\n<td>120mm<\/td>\n<\/tr>\n<tr class=\"even-row\">\n<td class=\"left-td\">H\u00f6he<\/td>\n<td>3mm<\/td>\n<\/tr>\n<tr class=\"odd-row\">\n<td class=\"left-td\">Gewicht<\/td>\n<td>6540g<\/td>\n<\/tr>\n<tr class=\"even-row\">\n<td class=\"left-td\">Produkt-Code<\/td>\n<td>24408<\/td>\n<\/tr>\n<tr class=\"odd-row\">\n<td class=\"left-td\">Material<\/td>\n<td>11 Schichten Isoliermaterial<\/td>\n<\/tr>\n<tr class=\"even-row\">\n<td class=\"left-td\">Gewicht (lose\/verpackt)<\/td>\n<td>545g\/m2<\/td>\n<\/tr>\n<tr class=\"odd-row\">\n<td class=\"left-td\">Verkaufseinheit<\/td>\n<td>St\u00fcck<\/td>\n<\/tr>\n<tr class=\"even-row\">\n<td class=\"left-td\">Menge Box<\/td>\n<td>1<\/td>\n<\/tr>\n<\/tbody>\n<\/table>"],"_uag_page_assets":["a:9:{s:3:\"css\";s:0:\"\";s:2:\"js\";s:0:\"\";s:18:\"current_block_list\";a:0:{}s:8:\"uag_flag\";b:0;s:11:\"uag_version\";s:10:\"1775212209\";s:6:\"gfonts\";a:0:{}s:10:\"gfonts_url\";s:0:\"\";s:12:\"gfonts_files\";a:0:{}s:14:\"uag_faq_layout\";b:0;}"],"_max_variation_price":[""],"_max_variation_regular_price":[""],"_max_variation_sale_price":[""],"_min_variation_price":[""],"_min_variation_regular_price":[""],"_min_variation_sale_price":[""],"_sale_price":[""],"_wc_pb_base_regular_price":[""],"_wc_pb_base_sale_price":[""],"_wc_pb_base_price":[""],"_wc_sw_max_price":[""],"_wc_sw_max_regular_price":[""],"_wc_rating_count":[""],"_wc_review_count":[""],"_wc_average_rating":[0]},"uagb_featured_image_src":{"full":["https:\/\/praxas.com\/wp-content\/uploads\/praxas-tlx2-cargo-cover-praxas-tlx-pallet-wrap-12m-800.jpg",800,463,false],"thumbnail":["https:\/\/praxas.com\/wp-content\/uploads\/praxas-tlx2-cargo-cover-praxas-tlx-pallet-wrap-12m-800-150x150.jpg",150,150,true],"medium":["https:\/\/praxas.com\/wp-content\/uploads\/praxas-tlx2-cargo-cover-praxas-tlx-pallet-wrap-12m-800-300x174.jpg",300,174,true],"medium_large":["https:\/\/praxas.com\/wp-content\/uploads\/praxas-tlx2-cargo-cover-praxas-tlx-pallet-wrap-12m-800-768x444.jpg",768,444,true],"large":["https:\/\/praxas.com\/wp-content\/uploads\/praxas-tlx2-cargo-cover-praxas-tlx-pallet-wrap-12m-800.jpg",800,463,false],"1536x1536":["https:\/\/praxas.com\/wp-content\/uploads\/praxas-tlx2-cargo-cover-praxas-tlx-pallet-wrap-12m-800.jpg",800,463,false],"2048x2048":["https:\/\/praxas.com\/wp-content\/uploads\/praxas-tlx2-cargo-cover-praxas-tlx-pallet-wrap-12m-800.jpg",800,463,false],"crunchify-admin-post-featured-image":["https:\/\/praxas.com\/wp-content\/uploads\/praxas-tlx2-cargo-cover-praxas-tlx-pallet-wrap-12m-800-120x69.jpg",120,69,true],"commercegurus-pdp-large":["https:\/\/praxas.com\/wp-content\/uploads\/praxas-tlx2-cargo-cover-praxas-tlx-pallet-wrap-12m-800.jpg",800,463,false],"commercegurus-plp-mobile":["https:\/\/praxas.com\/wp-content\/uploads\/praxas-tlx2-cargo-cover-praxas-tlx-pallet-wrap-12m-800-441x255.jpg",441,255,true],"cgkit_image_swatch":["https:\/\/praxas.com\/wp-content\/uploads\/praxas-tlx2-cargo-cover-praxas-tlx-pallet-wrap-12m-800-100x100.jpg",100,100,true],"woocommerce_thumbnail":["https:\/\/praxas.com\/wp-content\/uploads\/praxas-tlx2-cargo-cover-praxas-tlx-pallet-wrap-12m-800-350x203.jpg",350,203,true],"woocommerce_single":["https:\/\/praxas.com\/wp-content\/uploads\/praxas-tlx2-cargo-cover-praxas-tlx-pallet-wrap-12m-800.jpg",800,463,false],"woocommerce_gallery_thumbnail":["https:\/\/praxas.com\/wp-content\/uploads\/praxas-tlx2-cargo-cover-praxas-tlx-pallet-wrap-12m-800-150x87.jpg",150,87,true]},"uagb_author_info":{"display_name":"Beth Foord","author_link":"https:\/\/praxas.com\/de\/author\/"},"uagb_comment_info":0,"uagb_excerpt":"1.2m x 10m Sch\u00fctzt vor Sonneneinstrahlung Geeignet f\u00fcr alle Wetterbedingungen Leichtgewicht Leicht anwendbar","_links":{"self":[{"href":"https:\/\/praxas.com\/de\/wp-json\/wp\/v2\/product\/27601","targetHints":{"allow":["GET"]}}],"collection":[{"href":"https:\/\/praxas.com\/de\/wp-json\/wp\/v2\/product"}],"about":[{"href":"https:\/\/praxas.com\/de\/wp-json\/wp\/v2\/types\/product"}],"wp:featuredmedia":[{"embeddable":true,"href":"https:\/\/praxas.com\/de\/wp-json\/wp\/v2\/media\/27602"}],"wp:attachment":[{"href":"https:\/\/praxas.com\/de\/wp-json\/wp\/v2\/media?parent=27601"}],"wp:term":[{"taxonomy":"product_brand","embeddable":true,"href":"https:\/\/praxas.com\/de\/wp-json\/wp\/v2\/product_brand?post=27601"},{"taxonomy":"product_cat","embeddable":true,"href":"https:\/\/praxas.com\/de\/wp-json\/wp\/v2\/product_cat?post=27601"},{"taxonomy":"product_tag","embeddable":true,"href":"https:\/\/praxas.com\/de\/wp-json\/wp\/v2\/product_tag?post=27601"}],"curies":[{"name":"wp","href":"https:\/\/api.w.org\/{rel}","templated":true}]}}