{"id":27607,"date":"2024-06-12T13:07:46","date_gmt":"2024-06-12T11:07:46","guid":{"rendered":"https:\/\/staging.praxas.com\/product\/unkategorisiert\/container-isolierpaket\/"},"modified":"2026-02-23T12:04:28","modified_gmt":"2026-02-23T11:04:28","slug":"container-isolierpaket","status":"publish","type":"product","link":"https:\/\/praxas.com\/de\/product\/schutz-der-fracht\/container-isolierpaket\/","title":{"rendered":"CONTAINER-ISOLIERPAKET"},"content":{"rendered":"<p>Stellen Sie mit dem Praxas Container Pack sicher, dass Ihre Waren ohne Feuchtigkeitssch\u00e4den an ihrem Bestimmungsort ankommen. Diese zuverl\u00e4ssige L\u00f6sung kombiniert die Isolierung von Containern, um ein ideales Klima f\u00fcr Schiffscontainer zu schaffen und Sch\u00e4den w\u00e4hrend des Seetransports wirksam zu verhindern.<\/p>\n<p><strong>Eine Anleitung zur Verwendung des Container Packs und dessen Inhalt finden Sie auf der Registerkarte Ressourcen.<\/strong><\/p>\n<p><strong> <\/strong><\/p>\n<p><strong>Zu den Vorteilen des Praxas Container Packs geh\u00f6ren:<\/strong><\/p>\n<ul>\n<li>Vorbeugung von Feuchtigkeitssch\u00e4den<\/li>\n<li>Keine unn\u00f6tige Zeitinvestition<\/li>\n<li>Taupunkt wird nicht erreicht*<\/li>\n<li>Keine Bearbeitungskosten<\/li>\n<\/ul>\n<p><strong>Was kann <\/strong><strong>das Praxas Container Pack f\u00fcr Sie tun?<\/strong><\/p>\n<ul>\n<li>Sie w\u00e4hlen den optimalen Schutz f\u00fcr Ihre Waren vor Temperaturschwankungen, Feuchtigkeit, Schmutz und Insekten<\/li>\n<li>Sie beugen Sch\u00e4den vor, so dass Sie keine unn\u00f6tigen Kosten tragen m\u00fcssen<\/li>\n<li>Sie tragen zu einem nachhaltigeren Unternehmen bei, indem Sie den Abfall in der Logistikkette reduzieren.<\/li>\n<li>Sie halten Ihre Kunden bei Laune, was sich positiv auf die Zukunft Ihres Unternehmens auswirken kann.<\/li>\n<\/ul>\n<p>*Der Transport von Waren in einer isolierten Umgebung verhindert, dass die Beh\u00e4lter den Taupunkt erreichen. Dadurch werden Feuchtigkeitssch\u00e4den wie feuchte Verpackungen, Verklumpungen, lose Etiketten und besch\u00e4digte Waren vermieden. Der Praxas Container Pack sorgt daf\u00fcr, dass Ihre Waren ohne Feuchtigkeitssch\u00e4den ankommen, indem er eine stabile Temperatur aufrechterh\u00e4lt.<\/p>\n<p><iframe loading=\"lazy\" src=\"https:\/\/www.youtube.com\/embed\/xE8MYYNCx_w?si=LE_nOMvKhdgxtbef\" width=\"560\" height=\"314\" allowfullscreen=\"allowfullscreen\" data-mce-fragment=\"1\"><\/iframe><\/p>\n<p>Video-Anleitung zur Installation.<\/p>\n<p><iframe loading=\"lazy\" title=\"YouTube-Video-Player\" src=\"https:\/\/www.youtube.com\/embed\/VEzfQb2x2n0?si=JmWdEyeivAUaZue-\" width=\"560\" height=\"315\" frameborder=\"0\" allowfullscreen=\"allowfullscreen\"><\/iframe><\/p>\n<p>Eine Schritt-f\u00fcr-Schritt-Anleitung zur Verwendung des Praxas Container Packs.<\/p>\n<p><strong><iframe loading=\"lazy\" src=\"https:\/\/www.youtube.com\/embed\/tWf86VSM9D4\" width=\"560\" height=\"314\" allowfullscreen=\"allowfullscreen\" data-mce-fragment=\"1\"><\/iframe><\/strong><\/p>\n","protected":false},"excerpt":{"rendered":"<ul>\n<li>Container Liner<\/li>\n<li>Maximaler Isolationsgrad<\/li>\n<li>Geeignet f\u00fcr Trockenbeh\u00e4lter<\/li>\n<li>Sch\u00fctzt Ihre Waren vor Feuchtigkeit, Geruch und Schmutz<\/li>\n<li>Schnelle und einfache Installation<\/li>\n<li>Schnelles Montagesystem mit Stangen und Magneten<\/li>\n<\/ul>\n<p>Die Versandkosten f\u00fcr dieses Produkt variieren, bitte fordern Sie f\u00fcr den Kauf ein Angebot an.<\/p>\n","protected":false},"featured_media":27608,"template":"","meta":{"_acf_changed":false,"content-type":"","_uag_custom_page_level_css":""},"product_brand":[],"product_cat":[2532,1166],"product_tag":[],"class_list":{"0":"post-27607","1":"product","2":"type-product","3":"status-publish","4":"has-post-thumbnail","6":"product_cat-schutz-der-fracht","7":"product_cat-container-isolierung","9":"first","10":"instock","11":"taxable","12":"shipping-taxable","13":"product-type-simple"},"bundled_by":[],"bundle_stock_status":"instock","bundle_stock_quantity":null,"bundle_virtual":false,"bundle_layout":"","bundle_add_to_cart_form_location":"","bundle_editable_in_cart":false,"bundle_sold_individually_context":"","bundle_item_grouping":"","bundle_min_size":"","bundle_max_size":"","bundle_price":[],"bundled_items":[],"bundle_sell_ids":[],"acf":[],"spectra_custom_meta":{"_product_attributes":["a:2:{s:16:\"pa_product-brand\";a:6:{s:4:\"name\";s:16:\"pa_product-brand\";s:5:\"value\";s:0:\"\";s:8:\"position\";i:0;s:10:\"is_visible\";i:1;s:12:\"is_variation\";i:0;s:11:\"is_taxonomy\";i:1;}s:16:\"pa_make-a-choice\";a:6:{s:4:\"name\";s:16:\"pa_make-a-choice\";s:5:\"value\";s:0:\"\";s:8:\"position\";i:1;s:10:\"is_visible\";i:1;s:12:\"is_variation\";i:1;s:11:\"is_taxonomy\";i:1;}}"],"attr_label_translations":["a:1:{s:2:\"de\";a:1:{s:13:\"make-a-choice\";s:21:\"Treffen Sie eine Wahl\";}}"],"_wcml_average_rating":[null],"_wcml_review_count":[null],"_wcml_rating_count":[null],"_backorders":["no"],"_download_limit":["-1"],"_download_expiry":["-1"],"_downloadable":["no"],"_manage_stock":["no"],"_sku":["CONTAINER INSULATION PACK"],"_stock_status":["instock"],"_sold_individually":["no"],"_tax_class":[""],"_tax_status":["taxable"],"_virtual":["no"],"total_sales":["29"],"product_datasheet":[""],"_product_datasheet":["field_650ad7d6ea3a0"],"connectivity":[""],"_connectivity":["field_64dce263bb57c"],"brand":["Praxas"],"_brand":["field_64ddf62ed2593"],"brand_image":[""],"_brand_image":["field_650c5e7c84cae"],"_specifications_table":["field_65044e1db92a8"],"_display_data_alarm":["field_667d647bcb066"],"_resources":["field_650849c6945ee"],"_accessories":["field_650849e6945f0"],"_faqs":["field_650859523d8d5"],"_calibration_suitable_ids_gb":["field_654b4c4acb54a"],"_calibration_suitable_ids_us":["field_654b4c56cb54b"],"_show_in_calibration_suitable":["field_654cfb691d345"],"_shipping":["field_66852535c98a5"],"_refrigerant_cabinet":["field_66852557c98a6"],"_main_specifications":["field_66855b25b1245"],"_usd_price_4":["field_651570dcac479"],"_usd_price_9":["field_6515713eb4807"],"_usd_price_24":["field_65157141b4809"],"_usd_price_49":["field_65157140b4808"],"_usd_price_99":["field_6515715bb480a"],"_gbp_price_4":["field_6515716e83bfa"],"_gbp_price_9":["field_6515724783bfb"],"_gbp_price_24":["field_6515724b83bfc"],"_gbp_price_49":["field_6515725983bfd"],"_gbp_price_99":["field_6515725d83bfe"],"_usdhk_price_4":["field_6515726f83bff"],"_usdhk_price_9":["field_6515727c83c00"],"_usdhk_price_24":["field_6515728083c01"],"_usdhk_price_49":["field_6515728983c02"],"_usdhk_price_99":["field_6515728e83c03"],"stock_options":["In stock"],"_stock_options":["field_6544b605dc7f9"],"_top_nav_excluded":[""],"_cms_nav_minihome":[""],"wcml_sync_hash":["a:1:{s:15:\"postmeta_fields\";s:32:\"7f3edbd7c8b375c5420b6c52527af634\";}"],"_product_image_gallery":["27609,27610,27611"],"_thumbnail_id":["27608"],"_crosssell_ids":["a:0:{}"],"_last_translation_edit_mode":["translation-editor"],"_calibration":["field_66a0ddd599972"],"min_temp":[""],"max_temp":[""],"_min_temp":["field_67ea5eb4e0a77"],"_max_temp":["field_67ea5f81e0a79"],"_wpml_word_count":["327"],"rank_math_primary_product_cat":["2529"],"hubwoo_ecomm_invalid_pro":["yes"],"_other_features":["field_686fa2aa98dce"],"_price":["","",""],"rank_math_title":["Container-Isolierpack %sep% %sitename%"],"rank_math_description":["Containerisolierung, geeignet f\u00fcr trockene Container. Sch\u00fctzt Ihre Waren vor Feuchtigkeit, Geruch und Schmutz. Schnelle und einfache Installation."],"rank_math_focus_keyword":["Container Isolierung"],"specifications_table":["<table class=\"specifications\">\n<tbody>\n<tr class=\"even-row\">\n<td class=\"left-td\">L\u00e4nge<\/td>\n<td>47mm<\/td>\n<\/tr>\n<tr class=\"odd-row\">\n<td class=\"left-td\">Breite<\/td>\n<td>118mm<\/td>\n<\/tr>\n<tr class=\"even-row\">\n<td class=\"left-td\">H\u00f6he<\/td>\n<td>18mm<\/td>\n<\/tr>\n<tr class=\"odd-row\">\n<td class=\"left-td\">Gewicht<\/td>\n<td>25000g<\/td>\n<\/tr>\n<tr class=\"even-row\">\n<td class=\"left-td\">Produkt-Code<\/td>\n<td>28000A<\/td>\n<\/tr>\n<tr class=\"odd-row\">\n<td class=\"left-td\">Menge pro Palette<\/td>\n<td>30<\/td>\n<\/tr>\n<tr class=\"even-row\">\n<td class=\"left-td\">H\u00f6he Liner mm<\/td>\n<td>20' & 40':2450<\/td>\n<\/tr>\n<tr class=\"odd-row\">\n<td class=\"left-td\">Breite Liner mm<\/td>\n<td>2450<\/td>\n<\/tr>\n<tr class=\"even-row\">\n<td class=\"left-td\">L\u00e4nge Liner mm<\/td>\n<td>20':6100, 40'& 40'HC:12150<\/td>\n<\/tr>\n<\/tbody>\n<\/table>"],"resources":["<a href=\"https:\/\/downloads.praxas.com\/EasyLog+CC+Installer.exe\"><img src=\"https:\/\/praxas.com\/wp-content\/uploads\/document-icon.png\" alt=\"Dokument-Symbol\"><\/a><a href=\"https:\/\/praxas.com\/wp-content\/uploads\/container-pack-manual__2022.pdf\">Container Pack Anleitung<\/a>\n\n<a href=\"https:\/\/downloads.praxas.com\/EasyLog+CC+Installer.exe\"><img src=\"https:\/\/praxas.com\/wp-content\/uploads\/document-icon.png\" alt=\"Dokument-Symbol\">Software PCP herunterladen<\/a>"],"_uag_page_assets":["a:9:{s:3:\"css\";s:0:\"\";s:2:\"js\";s:0:\"\";s:18:\"current_block_list\";a:0:{}s:8:\"uag_flag\";b:0;s:11:\"uag_version\";s:10:\"1775212209\";s:6:\"gfonts\";a:0:{}s:10:\"gfonts_url\";s:0:\"\";s:12:\"gfonts_files\";a:0:{}s:14:\"uag_faq_layout\";b:0;}"],"_max_variation_price":[""],"_max_variation_regular_price":[""],"_max_variation_sale_price":[""],"_min_variation_price":[""],"_min_variation_regular_price":[""],"_min_variation_sale_price":[""],"_regular_price":[""],"_sale_price":[""],"_wc_pb_base_regular_price":[""],"_wc_pb_base_sale_price":[""],"_wc_pb_base_price":[""],"_wc_sw_max_price":[""],"_wc_sw_max_regular_price":[""],"_wc_rating_count":[""],"_wc_review_count":[""],"_wc_average_rating":[0]},"uagb_featured_image_src":{"full":["https:\/\/praxas.com\/wp-content\/uploads\/container-liners-praxas-container-liner-plus-insul-800px.jpg",800,463,false],"thumbnail":["https:\/\/praxas.com\/wp-content\/uploads\/container-liners-praxas-container-liner-plus-insul-800px-150x150.jpg",150,150,true],"medium":["https:\/\/praxas.com\/wp-content\/uploads\/container-liners-praxas-container-liner-plus-insul-800px-300x174.jpg",300,174,true],"medium_large":["https:\/\/praxas.com\/wp-content\/uploads\/container-liners-praxas-container-liner-plus-insul-800px-768x444.jpg",768,444,true],"large":["https:\/\/praxas.com\/wp-content\/uploads\/container-liners-praxas-container-liner-plus-insul-800px.jpg",800,463,false],"1536x1536":["https:\/\/praxas.com\/wp-content\/uploads\/container-liners-praxas-container-liner-plus-insul-800px.jpg",800,463,false],"2048x2048":["https:\/\/praxas.com\/wp-content\/uploads\/container-liners-praxas-container-liner-plus-insul-800px.jpg",800,463,false],"crunchify-admin-post-featured-image":["https:\/\/praxas.com\/wp-content\/uploads\/container-liners-praxas-container-liner-plus-insul-800px-120x69.jpg",120,69,true],"commercegurus-pdp-large":["https:\/\/praxas.com\/wp-content\/uploads\/container-liners-praxas-container-liner-plus-insul-800px.jpg",800,463,false],"commercegurus-plp-mobile":["https:\/\/praxas.com\/wp-content\/uploads\/container-liners-praxas-container-liner-plus-insul-800px-441x255.jpg",441,255,true],"cgkit_image_swatch":["https:\/\/praxas.com\/wp-content\/uploads\/container-liners-praxas-container-liner-plus-insul-800px-100x100.jpg",100,100,true],"woocommerce_thumbnail":["https:\/\/praxas.com\/wp-content\/uploads\/container-liners-praxas-container-liner-plus-insul-800px-350x203.jpg",350,203,true],"woocommerce_single":["https:\/\/praxas.com\/wp-content\/uploads\/container-liners-praxas-container-liner-plus-insul-800px.jpg",800,463,false],"woocommerce_gallery_thumbnail":["https:\/\/praxas.com\/wp-content\/uploads\/container-liners-praxas-container-liner-plus-insul-800px-150x87.jpg",150,87,true]},"uagb_author_info":{"display_name":"Beth Foord","author_link":"https:\/\/praxas.com\/de\/author\/"},"uagb_comment_info":0,"uagb_excerpt":"Container Liner Maximaler Isolationsgrad Geeignet f\u00fcr Trockenbeh\u00e4lter Sch\u00fctzt Ihre Waren vor Feuchtigkeit, Geruch und Schmutz Schnelle und einfache Installation Schnelles Montagesystem mit Stangen und Magneten Die Versandkosten f\u00fcr dieses Produkt variieren, bitte fordern Sie f\u00fcr den Kauf ein Angebot an.","_links":{"self":[{"href":"https:\/\/praxas.com\/de\/wp-json\/wp\/v2\/product\/27607","targetHints":{"allow":["GET"]}}],"collection":[{"href":"https:\/\/praxas.com\/de\/wp-json\/wp\/v2\/product"}],"about":[{"href":"https:\/\/praxas.com\/de\/wp-json\/wp\/v2\/types\/product"}],"wp:featuredmedia":[{"embeddable":true,"href":"https:\/\/praxas.com\/de\/wp-json\/wp\/v2\/media\/27608"}],"wp:attachment":[{"href":"https:\/\/praxas.com\/de\/wp-json\/wp\/v2\/media?parent=27607"}],"wp:term":[{"taxonomy":"product_brand","embeddable":true,"href":"https:\/\/praxas.com\/de\/wp-json\/wp\/v2\/product_brand?post=27607"},{"taxonomy":"product_cat","embeddable":true,"href":"https:\/\/praxas.com\/de\/wp-json\/wp\/v2\/product_cat?post=27607"},{"taxonomy":"product_tag","embeddable":true,"href":"https:\/\/praxas.com\/de\/wp-json\/wp\/v2\/product_tag?post=27607"}],"curies":[{"name":"wp","href":"https:\/\/api.w.org\/{rel}","templated":true}]}}