{"id":27627,"date":"2024-06-12T11:18:02","date_gmt":"2024-06-12T09:18:02","guid":{"rendered":"https:\/\/staging.praxas.com\/product\/unkategorisiert\/uhado-16-temperatur-und-luftfeuchtigkeitsschreiber\/"},"modified":"2025-10-08T18:13:44","modified_gmt":"2025-10-08T16:13:44","slug":"uhado-16-temperatur-und-luftfeuchtigkeitsschreiber","status":"publish","type":"product","link":"https:\/\/praxas.com\/de\/product\/datenlogger\/temperatur-luftfeuchtigkeit-de\/uhado-16-temperatur-und-luftfeuchtigkeitsschreiber\/","title":{"rendered":"UHADO-16 Temperatur- und Luftfeuchtigkeitsschreiber"},"content":{"rendered":"<p>Der LogTag UHADO-16 Temperatur- und Feuchtigkeitsrekorder \u00fcberwacht die Temperatur- und Luftfeuchtigkeitswerte w\u00e4hrend des Transports und der Lagerung. Er kann bis zu 16.000 Temperatur- und Feuchtigkeitsmessungen aufzeichnen.<\/p>\n<p>Mit einem Luftfeuchtigkeitsbereich von 0% bis 100% RH und einem Temperaturbereich von -30\u00b0C bis +70\u00b0C k\u00f6nnen Sie die Bedingungen der Fracht genau \u00fcberwachen, um Sch\u00e4den oder Verderb w\u00e4hrend des Transports zu verhindern. Der Datenlogger verf\u00fcgt \u00fcber einen LCD-Bildschirm und kann direkt an einen Computer angeschlossen werden.<\/p>\n<p><strong>Vorteile des LogTag UHADO-16:<\/strong><\/p>\n<ul>\n<li>16.000 Messpunkte<\/li>\n<li>Gleichzeitige Aufzeichnung und Anzeige von Temperatur- und Luftfeuchtigkeitswerten auf dem Bildschirm<\/li>\n<li>Einstellbare Alarmeinstellungen und LED-Anzeigen<\/li>\n<li>Temperaturbereich von -30 ~ +70 \u00b0C<\/li>\n<li>Generiert automatische PDF-Berichte ohne spezielle Software<\/li>\n<li>Keine manuellen Messungen<\/li>\n<\/ul>\n<p><strong>Temperatur und Luftfeuchtigkeit<\/strong><\/p>\n<p>Der LogTag UHADO-16 Temperatur- und Feuchtigkeitsrekorder \u00fcberwacht die Temperatur- und Luftfeuchtigkeitswerte w\u00e4hrend des Transports, sowohl \u00fcber kurze als auch \u00fcber lange Strecken, sowie w\u00e4hrend der Lagerung. Die Qualit\u00e4t von Produkten, wie z. B. Lebensmitteln, h\u00e4ngt stark von der Umgebungstemperatur und der Luftfeuchtigkeit ab. Wenn Sie den LogTag UHADO-16 in Ihrer Fracht platzieren, sind Sie \u00fcber diese Bedingungen informiert und k\u00f6nnen so die Produktqualit\u00e4t und -sicherheit gew\u00e4hrleisten.<\/p>\n<p><strong>Einfacher Zugang zu den Daten<\/strong><\/p>\n<p>Der LogTag UHADO-16 Temperatur- und Luftfeuchtigkeitsrekorder vereinfacht die Datenverwaltung, ohne dass Sie spezielle Software ben\u00f6tigen. Schlie\u00dfen Sie den Datenlogger \u00fcber ein Standard-Micro-USB-Kabel an Ihren PC an, um automatisch PDF-Berichte zu erstellen.<\/p>\n<p>Dieser Datenlogger ist mit den LogTag LTI-USB, LTI-HID und LTI-WiFi Interface Cradles kompatibel und erm\u00f6glicht die direkte Datenverarbeitung mit den Cloud-Programmen LogTag Analyser und LogTag Online.<\/p>\n<p>Hinweis: F\u00fcr die Konfiguration und Berichterstattung ist eine Schnittstelle erforderlich.<\/p>\n<p><strong> <\/strong><\/p>\n<p>Die Verwendung des LogTag UHADO-16 Temperatur- und Luftfeuchtigkeitsrekorders erm\u00f6glicht eine kontinuierliche \u00dcberwachung der Frachttemperatur, um Transportsch\u00e4den zu vermeiden.<\/p>\n","protected":false},"excerpt":{"rendered":"<ul>\n<li>Temperatur- und Luftfeuchtigkeitsschreiber<\/li>\n<li>0 bis 100% RH &amp; -30\u00b0C bis +70\u00b0C<\/li>\n<li>Alarm-Anzeige<\/li>\n<li>16.000 Messpunkte<\/li>\n<li>Erzeugt automatisch PDF<\/li>\n<\/ul>\n","protected":false},"featured_media":27628,"template":"","meta":{"_acf_changed":false,"content-type":"","_uag_custom_page_level_css":""},"product_brand":[],"product_cat":[1002],"product_tag":[2513],"class_list":{"0":"post-27627","1":"product","2":"type-product","3":"status-publish","4":"has-post-thumbnail","6":"product_cat-temperatur-luftfeuchtigkeit-de","7":"product_tag-logtag-de","9":"first","10":"instock","11":"taxable","12":"shipping-taxable","13":"purchasable","14":"product-type-simple"},"bundled_by":[],"bundle_stock_status":"instock","bundle_stock_quantity":null,"bundle_virtual":false,"bundle_layout":"","bundle_add_to_cart_form_location":"","bundle_editable_in_cart":false,"bundle_sold_individually_context":"","bundle_item_grouping":"","bundle_min_size":"","bundle_max_size":"","bundle_price":[],"bundled_items":[],"bundle_sell_ids":[],"acf":[],"spectra_custom_meta":{"_backorders":["no"],"_download_limit":["-1"],"_download_expiry":["-1"],"_downloadable":["no"],"_manage_stock":["no"],"_sku":["UHADO-16"],"_stock_status":["instock"],"_sold_individually":["no"],"_tax_class":[""],"_tax_status":["taxable"],"_virtual":["no"],"_weight":["0"],"_width":["0"],"_height":["0"],"_length":["0"],"total_sales":["12"],"product_datasheet":[""],"_product_datasheet":["field_650ad7d6ea3a0"],"_connectivity":["field_64dce263bb57c"],"brand":["LogTag"],"_brand":["field_64ddf62ed2593"],"brand_image":[""],"_brand_image":["field_650c5e7c84cae"],"_specifications_table":["field_65044e1db92a8"],"_resources":["field_650849c6945ee"],"_accessories":["field_650849e6945f0"],"_faqs":["field_650859523d8d5"],"_calibration_suitable_ids_gb":["field_654b4c4acb54a"],"_calibration_suitable_ids_us":["field_654b4c56cb54b"],"_show_in_calibration_suitable":["field_654cfb691d345"],"_usd_price_4":["field_651570dcac479"],"_usd_price_9":["field_6515713eb4807"],"_usd_price_24":["field_65157141b4809"],"_usd_price_49":["field_65157140b4808"],"_usd_price_99":["field_6515715bb480a"],"_gbp_price_4":["field_6515716e83bfa"],"_gbp_price_9":["field_6515724783bfb"],"_gbp_price_24":["field_6515724b83bfc"],"_gbp_price_49":["field_6515725983bfd"],"_gbp_price_99":["field_6515725d83bfe"],"_usdhk_price_4":["field_6515726f83bff"],"_usdhk_price_9":["field_6515727c83c00"],"_usdhk_price_24":["field_6515728083c01"],"_usdhk_price_49":["field_6515728983c02"],"_usdhk_price_99":["field_6515728e83c03"],"stock_options":["In stock"],"_stock_options":["field_6544b605dc7f9"],"_top_nav_excluded":[""],"_cms_nav_minihome":[""],"wcml_sync_hash":["a:1:{s:15:\"postmeta_fields\";s:32:\"fbab84e5a7d587dfab9445f7df133eda\";}"],"attr_label_translations":["a:0:{}"],"_product_attributes":["a:1:{s:16:\"pa_product-brand\";a:6:{s:4:\"name\";s:16:\"pa_product-brand\";s:5:\"value\";s:0:\"\";s:8:\"position\";i:0;s:10:\"is_visible\";i:1;s:12:\"is_variation\";i:0;s:11:\"is_taxonomy\";i:1;}}"],"_product_image_gallery":[""],"_thumbnail_id":["27628"],"_crosssell_ids":["a:0:{}"],"_last_translation_edit_mode":["translation-editor"],"_display_data_alarm":["field_667d647bcb066"],"_other_features":["field_668524f8c98a4"],"_shipping":["field_66852535c98a5"],"_refrigerant_cabinet":["field_66852557c98a6"],"_main_specifications":["field_66855b25b1245"],"_calibration":["field_66a0ddd599972"],"connectivity":["Interface Cradle"],"_edit_lock":["1724254913:8383"],"classic-editor-remember":["classic-editor"],"rank_math_seo_score":["90"],"rank_math_contentai_score":["a:5:{s:8:\"keywords\";s:5:\"74.51\";s:9:\"wordCount\";s:1:\"0\";s:9:\"linkCount\";s:1:\"0\";s:12:\"headingCount\";s:1:\"0\";s:10:\"mediaCount\";s:1:\"0\";}"],"_edit_last":["8383"],"commercekit_gallery_layout":[""],"commercekit_disable_sticky_atc":["0"],"commercekit_wc_video_gallery":["a:0:{}"],"_rank_math_gtin_code":[""],"_wcml_average_rating":[null],"_wcml_review_count":[null],"_wcml_rating_count":[null],"_stock":[null],"_wc_average_rating":[0],"_wc_review_count":["0"],"_product_version":["9.1.4"],"usd_price_4":[""],"usd_price_9":[""],"usd_price_24":[""],"usd_price_49":[""],"usd_price_99":[""],"gbp_price_4":[""],"gbp_price_9":[""],"gbp_price_24":[""],"gbp_price_49":[""],"gbp_price_99":[""],"usdhk_price_4":[""],"usdhk_price_9":[""],"usdhk_price_24":[""],"usdhk_price_49":[""],"usdhk_price_99":[""],"display_data_alarm":[""],"calibration":[""],"faqs":[""],"calibration_suitable_ids_gb":[""],"calibration_suitable_ids_us":[""],"show_in_calibration_suitable":[""],"other_features":[""],"shipping":[""],"refrigerant_cabinet":[""],"main_specifications":[""],"shoptimizer_layout_pdp_short_description_position":["default"],"rank_math_analytic_object_id":["690"],"_wpml_media_duplicate":["1"],"_wpml_media_featured":["1"],"_regular_price":["121.10"],"_price":["121.10"],"min_temp":["-30"],"max_temp":["70"],"_min_temp":["field_67ea5eb4e0a77"],"_max_temp":["field_67ea5f81e0a79"],"_wpml_word_count":["408"],"rank_math_primary_product_cat":["97"],"_global_unique_id":["850040258127"],"rank_math_description":["Temperatur- und Luftfeuchtigkeitsschreiber 0 bis 100% RH -30\u00b0C bis +70\u00b0C Alarmanzeige 16.000 Messpunkte Erzeugt automatische PDF-LED-Anzeigen"],"rank_math_focus_keyword":["UHADO-16"],"specifications_table":["<table class=\"specifications\">\n<tbody>\n<tr>\n<td class=\"left-td\">Temperatur-Messbereich<\/td>\n<td>-30\u00b0C bis +70\u00b0C (-22\u00b0F bis +158\u00b0F)<\/td>\n<\/tr>\n<tr>\n<td class=\"left-td\">Temperaturbereich bei Lagerung<\/td>\n<td>+10\u00b0C bis +50\u00b0C (+50\u00b0F bis +122\u00b0F)<\/td>\n<\/tr>\n<tr>\n<td class=\"left-td\">Messbereich Luftfeuchtigkeit<\/td>\n<td>0% RH bis 100% RH (nicht kondensierend), mit Einschr\u00e4nkungen<\/td>\n<\/tr>\n<tr>\n<td class=\"left-td\">Luftfeuchtigkeit Betriebsbereich<\/td>\n<td>0% RH bis 100% RH (nicht kondensierend), mit Einschr\u00e4nkungen<\/td>\n<\/tr>\n<tr>\n<td class=\"left-td\">Luftfeuchtigkeit Lagerbereich<\/td>\n<td>20% RH bis 60% RH<\/td>\n<\/tr>\n<tr>\n<td class=\"left-td\">Nenngenauigkeit der Temperaturanzeige<\/td>\n<td>Besser als \u00b10.45\u00b0C (\u00b10.8\u00b0F) f\u00fcr +0\u00b0C bis +50\u00b0C (+32\u00b0F bis +122\u00b0F), typischerweise \u00b10.3\u00b0C (0.6\u00b0F)\nBesser als \u00b10.8\u00b0C (\u00b11.4\u00b0F) f\u00fcr +50\u00b0C bis +70\u00b0C (+122\u00b0F bis +158\u00b0F), typischerweise \u00b10.5\u00b0C (0.9\u00b0F)\nBesser als \u00b10,95\u00b0C (\u00b11,7\u00b0F) f\u00fcr -40\u00b0C bis +0\u00b0C (-40\u00b0F bis +32\u00b0F), typischerweise \u00b10,6\u00b0C (1,1\u00b0F)\nDie tats\u00e4chliche Leistung ist in der Regel viel besser als die Nennwerte\nDie Genauigkeitsangaben k\u00f6nnen durch Nachkalibrierung verbessert werden<\/td>\n<\/tr>\n<tr>\n<td class=\"left-td\">Nenngenauigkeit der Luftfeuchtigkeit<\/td>\n<td>Besser als \u00b13%RH f\u00fcr 20%RH bis 80%RH, typischerweise \u00b12%RH\nBesser als \u00b15%RH f\u00fcr 0%RH bis 20%RH, typischerweise \u00b14%RH\nBesser als \u00b15%RH f\u00fcr 80%RH bis 100%RH, typischerweise \u00b14%RH\nDie tats\u00e4chliche Leistung ist typischerweise viel besser als die Nennwerte\nDie Genauigkeitsangaben k\u00f6nnen durch Nachkalibrierung verbessert werden<\/td>\n<\/tr>\n<tr>\n<td class=\"left-td\">Aufl\u00f6sung Luftfeuchtigkeit<\/td>\n<td>Besser als 0,1% RH<\/td>\n<\/tr>\n<tr>\n<td class=\"left-td\">Aufl\u00f6sung der Temperatur<\/td>\n<td>Besser als 0,1\u00b0C oder 0,1\u00b0F<\/td>\n<\/tr>\n<tr>\n<td class=\"left-td\">Aufnahmekapazit\u00e4t<\/td>\n<td>16.128 Paare von Luftfeuchtigkeits- und Temperaturmesswerten. 112 Tage bei 10-min\u00fctiger Aufzeichnung, 168 Tage bei 15-min\u00fctiger Aufzeichnung\nStatistikspeicher f\u00fcr die Anzeige der maximalen und minimalen Temperatur- und Luftfeuchtigkeitswerte auf dem LCD\nSpeicher f\u00fcr Tagesstatistiken (f\u00fcr die Anzeige auf dem LCD): bis zu 30 Tage Max\/Min\/Dauer und Alarmausl\u00f6sestatistiken <\/td>\n<\/tr>\n<tr>\n<td class=\"left-td\">Abtastintervall<\/td>\n<td>Konfigurierbar von 30 Sekunden bis zu mehreren Stunden<\/td>\n<\/tr>\n<tr>\n<td class=\"left-td\">Startoptionen f\u00fcr die Protokollierung<\/td>\n<td>Start per Knopfdruck oder bestimmtes Datum und Uhrzeit<\/td>\n<\/tr>\n<tr>\n<td class=\"left-td\">Aufnahme-Anzeige<\/td>\n<td>Statusanzeige \"REC\"<\/td>\n<\/tr>\n<tr>\n<td class=\"left-td\">Alarme<\/td>\n<td>4 Temperatur- und 2 Luftfeuchtigkeitsalarme<\/td>\n<\/tr>\n<tr>\n<td class=\"left-td\">Download-Zeit<\/td>\n<td>Normalerweise weniger als 10 Sekunden bei vollem Speicher, je nach verwendetem Computer oder Ausleseger\u00e4t<\/td>\n<\/tr>\n<tr>\n<td class=\"left-td\">Umgebungsbedingungen<\/td>\n<td>IP61 (wenn vertikal aufgeh\u00e4ngt oder montiert)<\/td>\n<\/tr>\n<tr>\n<td class=\"left-td\">Stromquelle<\/td>\n<td>CR2032 3V LiMnO2 Batterie (austauschbar)<\/td>\n<\/tr>\n<tr>\n<td class=\"left-td\">Lebensdauer der Batterie<\/td>\n<td>1 Jahr Lagerung, 1 Jahr normale Nutzung (basierend auf 15 Minuten Aufzeichnung, monatlicher Download der Daten)<\/td>\n<\/tr>\n<tr>\n<td class=\"left-td\">Echtzeituhr<\/td>\n<td>Eingebaute Echtzeituhr\nTypische Genauigkeit \u00b125ppm @ 25\u00b0C (entspricht 2,5 Sekunden\/Tag)<\/td>\n<\/tr>\n<tr>\n<td class=\"left-td\">Anschluss Schnittstelle<\/td>\n<td>Schnittstelle Cradle oder USB 2.0 \/ Micro USB-Stecker (Kabel nicht im Lieferumfang enthalten)<\/td>\n<\/tr>\n<tr>\n<td class=\"left-td\">Software<\/td>\n<td>LogTag\u00ae Analyzer & LogTag\u00ae Online<\/td>\n<\/tr>\n<tr>\n<td class=\"left-td\">Mehrsprachige Unterst\u00fctzung<\/td>\n<td>Mehrsprachige Unterst\u00fctzung f\u00fcr Englisch, Spanisch, Franz\u00f6sisch, Russisch und Deutsch<\/td>\n<\/tr>\n<tr>\n<td class=\"left-td\">Gr\u00f6\u00dfe<\/td>\n<td>93mm(H) x 54,5mm(B) x 8,6mm(T) einschlie\u00dflich USB-Schutzkappe<\/td>\n<\/tr>\n<tr>\n<td class=\"left-td\">Gewicht<\/td>\n<td>41g<\/td>\n<\/tr>\n<tr>\n<td class=\"left-td\">Material Geh\u00e4use<\/td>\n<td>Polycarbonat<\/td>\n<\/tr>\n<\/tbody>\n<\/table>"],"resources":["<ul class=\"resources-list\">\n \t<li><a href=\"https:\/\/praxas.com\/wp-content\/uploads\/LogTag_UHADO-16_Brochure.pdf\"><img src=\"https:\/\/praxas.com\/wp-content\/uploads\/document-icon.png\" alt=\"Dokument-Symbol\">LogTag UHADO-16 Brosch\u00fcre<\/a><\/li>\n \t<li><img src=\"https:\/\/praxas.com\/wp-content\/uploads\/document-icon.png\" alt=\"Dokument-Symbol\"><a href=\"https:\/\/praxas.com\/wp-content\/uploads\/UHADO_16_Quickstart_Guide.pdf\">LogTag UHADO-16 Schnellstartanleitung<\/a><\/li>\n \t<li><a href=\"https:\/\/praxas.com\/wp-content\/uploads\/UHADO-16_Product_User_Guide.pdf\"><img src=\"https:\/\/praxas.com\/wp-content\/uploads\/document-icon.png\" alt=\"Dokument-Symbol\">LogTag UHADO-16 Handbuch<\/a><\/li>\n<\/ul>"],"accessories":["[products skus=\"LTI-HID,WMB-1\"]"],"_uag_page_assets":["a:9:{s:3:\"css\";s:0:\"\";s:2:\"js\";s:0:\"\";s:18:\"current_block_list\";a:0:{}s:8:\"uag_flag\";b:0;s:11:\"uag_version\";s:10:\"1775212209\";s:6:\"gfonts\";a:0:{}s:10:\"gfonts_url\";s:0:\"\";s:12:\"gfonts_files\";a:0:{}s:14:\"uag_faq_layout\";b:0;}"],"hubwoo_ecomm_pro_id":["25380314706"],"_max_variation_price":[""],"_max_variation_regular_price":[""],"_max_variation_sale_price":[""],"_min_variation_price":[""],"_min_variation_regular_price":[""],"_min_variation_sale_price":[""],"_sale_price":[""],"_wc_pb_base_regular_price":[""],"_wc_pb_base_sale_price":[""],"_wc_pb_base_price":[""],"_wc_sw_max_price":[""],"_wc_sw_max_regular_price":[""],"_wc_rating_count":[""]},"uagb_featured_image_src":{"full":["https:\/\/praxas.com\/wp-content\/uploads\/logtag-logtag-uhado-16-temperature-and-humidity-re-800px.jpg",800,463,false],"thumbnail":["https:\/\/praxas.com\/wp-content\/uploads\/logtag-logtag-uhado-16-temperature-and-humidity-re-800px-150x150.jpg",150,150,true],"medium":["https:\/\/praxas.com\/wp-content\/uploads\/logtag-logtag-uhado-16-temperature-and-humidity-re-800px-300x174.jpg",300,174,true],"medium_large":["https:\/\/praxas.com\/wp-content\/uploads\/logtag-logtag-uhado-16-temperature-and-humidity-re-800px-768x444.jpg",768,444,true],"large":["https:\/\/praxas.com\/wp-content\/uploads\/logtag-logtag-uhado-16-temperature-and-humidity-re-800px.jpg",800,463,false],"1536x1536":["https:\/\/praxas.com\/wp-content\/uploads\/logtag-logtag-uhado-16-temperature-and-humidity-re-800px.jpg",800,463,false],"2048x2048":["https:\/\/praxas.com\/wp-content\/uploads\/logtag-logtag-uhado-16-temperature-and-humidity-re-800px.jpg",800,463,false],"crunchify-admin-post-featured-image":["https:\/\/praxas.com\/wp-content\/uploads\/logtag-logtag-uhado-16-temperature-and-humidity-re-800px-120x69.jpg",120,69,true],"commercegurus-pdp-large":["https:\/\/praxas.com\/wp-content\/uploads\/logtag-logtag-uhado-16-temperature-and-humidity-re-800px.jpg",800,463,false],"commercegurus-plp-mobile":["https:\/\/praxas.com\/wp-content\/uploads\/logtag-logtag-uhado-16-temperature-and-humidity-re-800px-441x255.jpg",441,255,true],"cgkit_image_swatch":["https:\/\/praxas.com\/wp-content\/uploads\/logtag-logtag-uhado-16-temperature-and-humidity-re-800px-100x100.jpg",100,100,true],"woocommerce_thumbnail":["https:\/\/praxas.com\/wp-content\/uploads\/logtag-logtag-uhado-16-temperature-and-humidity-re-800px-350x203.jpg",350,203,true],"woocommerce_single":["https:\/\/praxas.com\/wp-content\/uploads\/logtag-logtag-uhado-16-temperature-and-humidity-re-800px.jpg",800,463,false],"woocommerce_gallery_thumbnail":["https:\/\/praxas.com\/wp-content\/uploads\/logtag-logtag-uhado-16-temperature-and-humidity-re-800px-150x87.jpg",150,87,true]},"uagb_author_info":{"display_name":"Beth Foord","author_link":"https:\/\/praxas.com\/de\/author\/"},"uagb_comment_info":0,"uagb_excerpt":"Temperatur- und Luftfeuchtigkeitsschreiber 0 bis 100% RH &amp; -30\u00b0C bis +70\u00b0C Alarm-Anzeige 16.000 Messpunkte Erzeugt automatisch PDF","_links":{"self":[{"href":"https:\/\/praxas.com\/de\/wp-json\/wp\/v2\/product\/27627","targetHints":{"allow":["GET"]}}],"collection":[{"href":"https:\/\/praxas.com\/de\/wp-json\/wp\/v2\/product"}],"about":[{"href":"https:\/\/praxas.com\/de\/wp-json\/wp\/v2\/types\/product"}],"wp:featuredmedia":[{"embeddable":true,"href":"https:\/\/praxas.com\/de\/wp-json\/wp\/v2\/media\/27628"}],"wp:attachment":[{"href":"https:\/\/praxas.com\/de\/wp-json\/wp\/v2\/media?parent=27627"}],"wp:term":[{"taxonomy":"product_brand","embeddable":true,"href":"https:\/\/praxas.com\/de\/wp-json\/wp\/v2\/product_brand?post=27627"},{"taxonomy":"product_cat","embeddable":true,"href":"https:\/\/praxas.com\/de\/wp-json\/wp\/v2\/product_cat?post=27627"},{"taxonomy":"product_tag","embeddable":true,"href":"https:\/\/praxas.com\/de\/wp-json\/wp\/v2\/product_tag?post=27627"}],"curies":[{"name":"wp","href":"https:\/\/api.w.org\/{rel}","templated":true}]}}