{"id":27646,"date":"2024-06-11T17:05:41","date_gmt":"2024-06-11T15:05:41","guid":{"rendered":"https:\/\/staging.praxas.com\/product\/unkategorisiert\/glykol-temperaturpuffer-flasche\/"},"modified":"2025-10-08T17:56:21","modified_gmt":"2025-10-08T15:56:21","slug":"glykol-temperaturpuffer-flasche","status":"publish","type":"product","link":"https:\/\/praxas.com\/de\/product\/datenlogger\/zubehor\/glykol-temperaturpuffer-flasche\/","title":{"rendered":"Glykol Temperaturpuffer Flasche"},"content":{"rendered":"<p data-start=\"149\" data-end=\"383\">Die LogTag\u00ae Glykolpufferflasche hilft bei der \u00dcberwachung der tats\u00e4chlichen Temperatur von Impfstoffen w\u00e4hrend der Lagerung und des Transports. Sie kopiert, wie ein echtes Impfstofffl\u00e4schchen auf Temperatur\u00e4nderungen reagiert, so dass Sie genauere und zuverl\u00e4ssigere Messwerte erhalten. <\/p>\n<p data-start=\"385\" data-end=\"494\">Verwenden Sie es zusammen mit LogTag\u00ae Temperaturloggern und -sonden, um sicherzustellen, dass Impfstoffe innerhalb sicherer Temperaturgrenzen bleiben.<\/p>\n<p data-start=\"496\" data-end=\"560\"><strong data-start=\"496\" data-end=\"512\">Bitte beachten Sie:<\/strong> Glykol und externe Sonde sind <strong data-start=\"543\" data-end=\"559\">nicht im Lieferumfang enthalten<\/strong>.<\/p>\n<p data-start=\"562\" data-end=\"579\"><strong data-start=\"562\" data-end=\"579\">Wichtige Merkmale:<\/strong><\/p>\n<ul data-start=\"580\" data-end=\"793\">\n<li data-start=\"580\" data-end=\"617\">\n<p data-start=\"582\" data-end=\"617\">Temperaturbereich: -10\u00b0C bis +60\u00b0C<\/p>\n<\/li>\n<li data-start=\"618\" data-end=\"663\">\n<p data-start=\"620\" data-end=\"663\">Hilft bei der Einhaltung der CDC-Richtlinien f\u00fcr die Lagerung von Impfstoffen<\/p>\n<\/li>\n<li data-start=\"664\" data-end=\"723\">\n<p data-start=\"666\" data-end=\"723\">Reduziert Fehlalarme durch schnelle Lufttemperatur\u00e4nderungen<\/p>\n<\/li>\n<\/ul>\n<p data-start=\"666\" data-end=\"723\"><strong>Funktioniert mit LogTag\u00ae TRED30, UTRED, TREX-8, TREL und UTREL Loggern<\/strong><\/p>\n","protected":false},"excerpt":{"rendered":"<ul>\n<li>\u00dcberwachung der K\u00fchlung des Impfstoffs<\/li>\n<li>-10\u00b0C bis +60\u00b0C<\/li>\n<li>Temperatur Nachahmung<\/li>\n<\/ul>\n","protected":false},"featured_media":27647,"template":"","meta":{"_acf_changed":false,"content-type":"","_uag_custom_page_level_css":""},"product_brand":[],"product_cat":[979,1121],"product_tag":[2513],"class_list":{"0":"post-27646","1":"product","2":"type-product","3":"status-publish","4":"has-post-thumbnail","6":"product_cat-zubehor","7":"product_cat-sonstiges","8":"product_tag-logtag-de","10":"first","11":"instock","12":"taxable","13":"shipping-taxable","14":"purchasable","15":"product-type-variable"},"bundled_by":[],"bundle_stock_status":"instock","bundle_stock_quantity":null,"bundle_virtual":false,"bundle_layout":"","bundle_add_to_cart_form_location":"","bundle_editable_in_cart":false,"bundle_sold_individually_context":"","bundle_item_grouping":"","bundle_min_size":"","bundle_max_size":"","bundle_price":[],"bundled_items":[],"bundle_sell_ids":[],"acf":[],"spectra_custom_meta":{"_product_attributes":["a:2:{s:16:\"pa_product-brand\";a:6:{s:4:\"name\";s:16:\"pa_product-brand\";s:5:\"value\";s:0:\"\";s:8:\"position\";i:0;s:10:\"is_visible\";i:1;s:12:\"is_variation\";i:0;s:11:\"is_taxonomy\";i:1;}s:16:\"pa_make-a-choice\";a:6:{s:4:\"name\";s:16:\"pa_make-a-choice\";s:5:\"value\";s:0:\"\";s:8:\"position\";i:1;s:10:\"is_visible\";i:1;s:12:\"is_variation\";i:1;s:11:\"is_taxonomy\";i:1;}}"],"attr_label_translations":["a:1:{s:2:\"de\";a:1:{s:13:\"make-a-choice\";s:21:\"Treffen Sie eine Wahl\";}}"],"_backorders":["no"],"_download_limit":["-1"],"_download_expiry":["-1"],"_downloadable":["no"],"_manage_stock":["no"],"_stock_status":["instock"],"_sold_individually":["no"],"_tax_class":[""],"_tax_status":["taxable"],"_virtual":["no"],"total_sales":["55"],"product_datasheet":[""],"_product_datasheet":["field_650ad7d6ea3a0"],"_connectivity":["field_64dce263bb57c"],"brand":["LogTag"],"_brand":["field_64ddf62ed2593"],"brand_image":[""],"_brand_image":["field_650c5e7c84cae"],"_specifications_table":["field_65044e1db92a8"],"_resources":["field_650849c6945ee"],"_accessories":["field_650849e6945f0"],"_faqs":["field_650859523d8d5"],"_calibration_suitable_ids_gb":["field_654b4c4acb54a"],"_calibration_suitable_ids_us":["field_654b4c56cb54b"],"_show_in_calibration_suitable":["field_654cfb691d345"],"_usd_price_4":["field_651570dcac479"],"_usd_price_9":["field_6515713eb4807"],"_usd_price_24":["field_65157141b4809"],"_usd_price_49":["field_65157140b4808"],"_usd_price_99":["field_6515715bb480a"],"_gbp_price_4":["field_6515716e83bfa"],"_gbp_price_9":["field_6515724783bfb"],"_gbp_price_24":["field_6515724b83bfc"],"_gbp_price_49":["field_6515725983bfd"],"_gbp_price_99":["field_6515725d83bfe"],"_usdhk_price_4":["field_6515726f83bff"],"_usdhk_price_9":["field_6515727c83c00"],"_usdhk_price_24":["field_6515728083c01"],"_usdhk_price_49":["field_6515728983c02"],"_usdhk_price_99":["field_6515728e83c03"],"stock_options":["In stock"],"_stock_options":["field_6544b605dc7f9"],"_top_nav_excluded":[""],"_cms_nav_minihome":[""],"wcml_sync_hash":["a:1:{s:15:\"postmeta_fields\";s:32:\"09c6bb185896df9f56b833a2e5d9fe93\";}"],"_product_image_gallery":["27648,27649"],"_thumbnail_id":["27647"],"_crosssell_ids":["a:0:{}"],"_last_translation_edit_mode":["translation-editor"],"_sku":["Buffer Bottle"],"connectivity":[""],"_display_data_alarm":["field_667d647bcb066"],"_calibration":["field_66a0ddd599972"],"_other_features":["field_668524f8c98a4"],"_shipping":["field_66852535c98a5"],"_refrigerant_cabinet":["field_66852557c98a6"],"_main_specifications":["field_66855b25b1245"],"_edit_lock":["1724251605:8383"],"classic-editor-remember":["classic-editor"],"rank_math_seo_score":["84"],"rank_math_contentai_score":["a:5:{s:8:\"keywords\";s:5:\"74.51\";s:9:\"wordCount\";s:1:\"0\";s:9:\"linkCount\";s:1:\"0\";s:12:\"headingCount\";s:1:\"0\";s:10:\"mediaCount\";s:1:\"0\";}"],"_edit_last":["8383"],"commercekit_gallery_layout":[""],"commercekit_disable_sticky_atc":["0"],"commercekit_wc_video_gallery":["a:0:{}"],"_rank_math_gtin_code":[""],"_wcml_average_rating":[null],"_wcml_review_count":[null],"_wcml_rating_count":[null],"_stock":[null],"_wc_average_rating":[0],"_wc_review_count":["0"],"_product_version":["9.1.4"],"usd_price_4":[""],"usd_price_9":[""],"usd_price_24":[""],"usd_price_49":[""],"usd_price_99":[""],"gbp_price_4":[""],"gbp_price_9":[""],"gbp_price_24":[""],"gbp_price_49":[""],"gbp_price_99":[""],"usdhk_price_4":[""],"usdhk_price_9":[""],"usdhk_price_24":[""],"usdhk_price_49":[""],"usdhk_price_99":[""],"display_data_alarm":[""],"calibration":[""],"accessories":[""],"faqs":[""],"calibration_suitable_ids_gb":[""],"calibration_suitable_ids_us":[""],"show_in_calibration_suitable":[""],"other_features":[""],"shipping":[""],"refrigerant_cabinet":[""],"main_specifications":[""],"shoptimizer_layout_pdp_short_description_position":["default"],"rank_math_analytic_object_id":["660"],"_wpml_media_duplicate":["1"],"_wpml_media_featured":["1"],"_min_temp":["field_67ea5eb4e0a77"],"_max_temp":["field_67ea5f81e0a79"],"_wpml_word_count":["158"],"rank_math_primary_product_cat":["147"],"min_temp":["-10"],"max_temp":["60"],"_price":["5.60"],"rank_math_title":["Glykol-Puffer-Flasche: Impfstoff\u00fcberwachung %sep% %sitename%"],"rank_math_description":["M\u00fcssen Sie die Temperaturen Ihrer Impfstoffe \u00fcberwachen? Diese LogTag Glykol-Pufferflasche ist die beste Wahl. Entdecken Sie jetzt mehr!  "],"rank_math_focus_keyword":["Puffer"],"specifications_table":["<table class=\"specifications\">\n<tbody>\n<tr>\n<td class=\"left-td\">Baus\u00e4tze f\u00fcr Puffer<\/td>\n<td>Standard-Temperaturlogger: Puffer-Montagesatz (3,2mm Kappen & 3,2mm Fl\u00e4schchendichtung & 35ml Flaschen) - f\u00fcr ST100K-15\/30\nStandard-Temperaturlogger: Puffer-Montage-Kit (3.2mm Kappen & 3.2mm Fl\u00e4schchendichtung & 70ml Flaschen) - f\u00fcr ST100K-15\/30\nNiedertemperatur-Logger: Puffer-Montage-Kit (5.0mm Kappen & 5.0mm Fl\u00e4schchendichtung & 35ml Flaschen) - f\u00fcr ST10M-15\nNiedertemperatur-Logger: Puffer-Montage-Kit (5.0mm Kappen & 5.0mm Fl\u00e4schchendichtung & 70ml Flaschen) - f\u00fcr ST10M-15<\/td>\n<\/tr>\n<tr>\n<td class=\"left-td\">Kompatible Logger (f\u00fcr Sondentyp)<\/td>\n<td>ST100K-15\/30 Sonde: TRED30-16R, UTRED\/UTRED30 oder TREX-8 (Standard-Temperaturlogger)\nST10M-15 Sonde: TREL\/TREL30 und UTREL\/UTREL30 Logger (Niedertemperatur-Logger)<\/td>\n<\/tr>\n<tr>\n<td class=\"left-td\">Kompatible Sonden (f\u00fcr Cap\/Vial-Typ)<\/td>\n<td>3,2mm Kappe\/Fl\u00e4schchen: ST100K-15\/ST100K-30 (Standard-Temperaturlogger)\n5,0mm Kappe\/Fl\u00e4schchen: ST10M-15 (Niedertemperatur-Logger)<\/td>\n<\/tr>\n<tr>\n<td class=\"left-td\">Temperaturbereich bei Lagerung<\/td>\n<td>-20\u00b0C bis +60\u00b0C (nicht fl\u00fcssigkeitsgef\u00fcllt; sandgef\u00fcllt bis -90\u00b0C)<\/td>\n<\/tr>\n<tr>\n<td class=\"left-td\">Material Geh\u00e4use<\/td>\n<td>HDPE-Fl\u00e4schchen \/ PP-Kappe<\/td>\n<\/tr>\n<tr>\n<td class=\"left-td\">Kappe\/Fl\u00e4schchengr\u00f6\u00dfe<\/td>\n<td>\u00f83,2mm - ST100K-kompatibel (Standard-Temperaturlogger)\n\u00f85,0mm - ST10M-kompatibel (Niedertemperatur-Logger)<\/td>\n<\/tr>\n<tr>\n<td class=\"left-td\">Volumen<\/td>\n<td>35ml\/70ml Optionen verf\u00fcgbar<\/td>\n<\/tr>\n<tr>\n<td class=\"left-td\">Gr\u00f6\u00dfe<\/td>\n<td>Klein: 35mL - 79mm(H) x 30mm(B) x 30mm(T)\nGro\u00df: 70mL - 79mm(H) x 38mm(B) x 38mm(T)<\/td>\n<\/tr>\n<tr>\n<td class=\"left-td\">Gewicht<\/td>\n<td>Gro\u00df: 14g; Klein: 11g - ohne Fl\u00fcssigkeit oder Sensor<\/td>\n<\/tr>\n<tr>\n<td class=\"left-td\">Konformit\u00e4t<\/td>\n<td>RoHs<\/td>\n<\/tr>\n<\/tbody>\n<\/table>"],"resources":["<a href=\"https:\/\/praxas.com\/wp-content\/uploads\/LogTag_HAXO-8_Brochure.pdf\"><img src=\"https:\/\/praxas.com\/wp-content\/uploads\/document-icon.png\" alt=\"Dokument-Symbol\"><\/a><a href=\"https:\/\/praxas.com\/wp-content\/uploads\/Glycol_Buffer_Instructions.pdf\">LogTag Buffer Bottle Schnellstartanleitung<\/a>"],"_uag_page_assets":["a:9:{s:3:\"css\";s:0:\"\";s:2:\"js\";s:0:\"\";s:18:\"current_block_list\";a:0:{}s:8:\"uag_flag\";b:0;s:11:\"uag_version\";s:10:\"1775212209\";s:6:\"gfonts\";a:0:{}s:10:\"gfonts_url\";s:0:\"\";s:12:\"gfonts_files\";a:0:{}s:14:\"uag_faq_layout\";b:0;}"],"hubwoo_ecomm_invalid_pro":["yes"],"_max_variation_price":[""],"_max_variation_regular_price":[""],"_max_variation_sale_price":[""],"_min_variation_price":[""],"_min_variation_regular_price":[""],"_min_variation_sale_price":[""],"_regular_price":[""],"_sale_price":[""],"_wc_pb_base_regular_price":[""],"_wc_pb_base_sale_price":[""],"_wc_pb_base_price":[""],"_wc_sw_max_price":[""],"_wc_sw_max_regular_price":[""],"_wc_rating_count":[""]},"uagb_featured_image_src":{"full":["https:\/\/praxas.com\/wp-content\/uploads\/logtag-logtag-glycol-temperature-buffer-vaccine-co-800px.jpg",800,463,false],"thumbnail":["https:\/\/praxas.com\/wp-content\/uploads\/logtag-logtag-glycol-temperature-buffer-vaccine-co-800px-150x150.jpg",150,150,true],"medium":["https:\/\/praxas.com\/wp-content\/uploads\/logtag-logtag-glycol-temperature-buffer-vaccine-co-800px-300x174.jpg",300,174,true],"medium_large":["https:\/\/praxas.com\/wp-content\/uploads\/logtag-logtag-glycol-temperature-buffer-vaccine-co-800px-768x444.jpg",768,444,true],"large":["https:\/\/praxas.com\/wp-content\/uploads\/logtag-logtag-glycol-temperature-buffer-vaccine-co-800px.jpg",800,463,false],"1536x1536":["https:\/\/praxas.com\/wp-content\/uploads\/logtag-logtag-glycol-temperature-buffer-vaccine-co-800px.jpg",800,463,false],"2048x2048":["https:\/\/praxas.com\/wp-content\/uploads\/logtag-logtag-glycol-temperature-buffer-vaccine-co-800px.jpg",800,463,false],"crunchify-admin-post-featured-image":["https:\/\/praxas.com\/wp-content\/uploads\/logtag-logtag-glycol-temperature-buffer-vaccine-co-800px-120x69.jpg",120,69,true],"commercegurus-pdp-large":["https:\/\/praxas.com\/wp-content\/uploads\/logtag-logtag-glycol-temperature-buffer-vaccine-co-800px.jpg",800,463,false],"commercegurus-plp-mobile":["https:\/\/praxas.com\/wp-content\/uploads\/logtag-logtag-glycol-temperature-buffer-vaccine-co-800px-441x255.jpg",441,255,true],"cgkit_image_swatch":["https:\/\/praxas.com\/wp-content\/uploads\/logtag-logtag-glycol-temperature-buffer-vaccine-co-800px-100x100.jpg",100,100,true],"woocommerce_thumbnail":["https:\/\/praxas.com\/wp-content\/uploads\/logtag-logtag-glycol-temperature-buffer-vaccine-co-800px-350x203.jpg",350,203,true],"woocommerce_single":["https:\/\/praxas.com\/wp-content\/uploads\/logtag-logtag-glycol-temperature-buffer-vaccine-co-800px.jpg",800,463,false],"woocommerce_gallery_thumbnail":["https:\/\/praxas.com\/wp-content\/uploads\/logtag-logtag-glycol-temperature-buffer-vaccine-co-800px-150x87.jpg",150,87,true]},"uagb_author_info":{"display_name":"Beth Foord","author_link":"https:\/\/praxas.com\/de\/author\/"},"uagb_comment_info":0,"uagb_excerpt":"\u00dcberwachung der K\u00fchlung des Impfstoffs -10\u00b0C bis +60\u00b0C Temperatur Nachahmung","_links":{"self":[{"href":"https:\/\/praxas.com\/de\/wp-json\/wp\/v2\/product\/27646","targetHints":{"allow":["GET"]}}],"collection":[{"href":"https:\/\/praxas.com\/de\/wp-json\/wp\/v2\/product"}],"about":[{"href":"https:\/\/praxas.com\/de\/wp-json\/wp\/v2\/types\/product"}],"wp:featuredmedia":[{"embeddable":true,"href":"https:\/\/praxas.com\/de\/wp-json\/wp\/v2\/media\/27647"}],"wp:attachment":[{"href":"https:\/\/praxas.com\/de\/wp-json\/wp\/v2\/media?parent=27646"}],"wp:term":[{"taxonomy":"product_brand","embeddable":true,"href":"https:\/\/praxas.com\/de\/wp-json\/wp\/v2\/product_brand?post=27646"},{"taxonomy":"product_cat","embeddable":true,"href":"https:\/\/praxas.com\/de\/wp-json\/wp\/v2\/product_cat?post=27646"},{"taxonomy":"product_tag","embeddable":true,"href":"https:\/\/praxas.com\/de\/wp-json\/wp\/v2\/product_tag?post=27646"}],"curies":[{"name":"wp","href":"https:\/\/api.w.org\/{rel}","templated":true}]}}