{"id":27657,"date":"2024-06-11T16:45:26","date_gmt":"2024-06-11T14:45:26","guid":{"rendered":"https:\/\/staging.praxas.com\/product\/unkategorisiert\/trid30-7f-temperaturlogger\/"},"modified":"2025-10-08T18:14:21","modified_gmt":"2025-10-08T16:14:21","slug":"trid30-7f-temperaturlogger","status":"publish","type":"product","link":"https:\/\/praxas.com\/de\/product\/datenlogger\/temperatur-datenlogger\/trid30-7f-temperaturlogger\/","title":{"rendered":"TRID30-7F Temperatur-Logger"},"content":{"rendered":"<p><strong>Bitte beachten Sie: <\/strong>Der LogTag TRID30-7F Temperaturlogger hat eine <strong>fest<\/strong> eingebaute Batterie.<\/p>\n<p>Der LogTag TRID30-7F Temperaturlogger ist f\u00fcr die \u00dcberwachung von Temperaturen w\u00e4hrend des Transports und der Lagerung in Lagerh\u00e4usern, K\u00fchlschr\u00e4nken oder Gefrierschr\u00e4nken konzipiert. Sie hat einen Messbereich von -30\u00b0C bis +60\u00b0C und verf\u00fcgt \u00fcber ein LCD-Display, auf dem Sie die aktuelle Temperatur, den Aufzeichnungsstatus und den Batteriestand ohne Computer ablesen k\u00f6nnen.<\/p>\n<p>Dieser Temperaturlogger kann bis zu 7650 Temperaturmesswerte speichern und statistische Temperatur- und Zeitmesswerte f\u00fcr bis zu 30 Tage auf dem Display anzeigen. Das Ger\u00e4t verf\u00fcgt \u00fcber eine Echtzeituhr, die f\u00fcr jede Temperaturmessung einen Datums- und Zeitstempel liefert, was es ideal f\u00fcr den Transport von temperaturempfindlichen Produkten macht.<\/p>\n<p>Die Details der Ausschl\u00e4ge k\u00f6nnen Sie direkt auf dem Display des Loggers \u00fcberpr\u00fcfen oder die Daten f\u00fcr eine detailliertere Analyse herunterladen. Die aufgezeichneten Daten k\u00f6nnen \u00fcber eine standardm\u00e4\u00dfige LogTag-Schnittstelle in die <strong>kostenlose<\/strong> Software LogTag Analyser heruntergeladen werden, die Funktionen zur Anzeige von Daten in Diagramm-, Tabellen- oder Statistikformaten bietet und anspruchsvolle Datenverwaltungssysteme unterst\u00fctzt.<\/p>\n<p>LogTag Temperaturlogger sind bekannt f\u00fcr ihre marktf\u00fchrende Downloadzeit und Genauigkeit. Sie vereinen klare Technologie, innovatives Design und Gro\u00dfserienproduktion, um kosteneffiziente und leistungsstarke Temperaturaufzeichnungsl\u00f6sungen anzubieten.<\/p>\n<p><strong>Zu den Vorteilen des LogTag TRID30-7F Temperaturloggers geh\u00f6ren:<\/strong><\/p>\n<ul>\n<li>Ein LCD-Display<\/li>\n<li>Temperaturbereich von -30\u00b0C ~ +60 \u00b0C<\/li>\n<li>Misst bis zu 30 Tage<\/li>\n<li>Alarmanzeige signalisiert, wenn die Messwerte au\u00dferhalb der festgelegten Grenzen liegen<\/li>\n<li>Keine manuellen Messungen mehr<\/li>\n<li>Kompakte Gr\u00f6\u00dfe f\u00fcr einfachen Transport und Lagerung<\/li>\n<\/ul>\n","protected":false},"excerpt":{"rendered":"<ul>\n<li>Anpassungsoptionen<\/li>\n<li>-30\u00b0C bis +60\u00b0C<\/li>\n<li>Misst bis zu 30 Tage<\/li>\n<li>Alarm-Anzeigen<\/li>\n<li>Keine manuellen Messungen mehr<\/li>\n<\/ul>\n","protected":false},"featured_media":27658,"template":"","meta":{"_acf_changed":false,"content-type":"","_uag_custom_page_level_css":""},"product_brand":[],"product_cat":[1010],"product_tag":[2513,2262],"class_list":{"0":"post-27657","1":"product","2":"type-product","3":"status-publish","4":"has-post-thumbnail","6":"product_cat-temperatur-datenlogger","7":"product_tag-logtag-de","8":"product_tag-temperatur","10":"first","11":"instock","12":"taxable","13":"shipping-taxable","14":"purchasable","15":"product-type-simple"},"bundled_by":[],"bundle_stock_status":"instock","bundle_stock_quantity":null,"bundle_virtual":false,"bundle_layout":"","bundle_add_to_cart_form_location":"","bundle_editable_in_cart":false,"bundle_sold_individually_context":"","bundle_item_grouping":"","bundle_min_size":"","bundle_max_size":"","bundle_price":[],"bundled_items":[],"bundle_sell_ids":[],"acf":[],"spectra_custom_meta":{"_product_attributes":["a:2:{s:16:\"pa_product-brand\";a:6:{s:4:\"name\";s:16:\"pa_product-brand\";s:5:\"value\";s:0:\"\";s:8:\"position\";i:0;s:10:\"is_visible\";i:1;s:12:\"is_variation\";i:0;s:11:\"is_taxonomy\";i:1;}s:16:\"pa_make-a-choice\";a:6:{s:4:\"name\";s:16:\"pa_make-a-choice\";s:5:\"value\";s:0:\"\";s:8:\"position\";i:1;s:10:\"is_visible\";i:1;s:12:\"is_variation\";i:0;s:11:\"is_taxonomy\";i:1;}}"],"attr_label_translations":["a:1:{s:2:\"de\";a:1:{s:13:\"make-a-choice\";s:21:\"Treffen Sie eine Wahl\";}}"],"_backorders":["no"],"_download_limit":["-1"],"_download_expiry":["-1"],"_downloadable":["no"],"_manage_stock":["no"],"_stock_status":["instock"],"_sold_individually":["no"],"_tax_class":[""],"_tax_status":["taxable"],"_virtual":["no"],"total_sales":["7"],"product_datasheet":[""],"_product_datasheet":["field_650ad7d6ea3a0"],"_connectivity":["field_64dce263bb57c"],"brand":["LogTag"],"_brand":["field_64ddf62ed2593"],"brand_image":[""],"_brand_image":["field_650c5e7c84cae"],"_specifications_table":["field_65044e1db92a8"],"_resources":["field_650849c6945ee"],"_accessories":["field_650849e6945f0"],"_faqs":["field_650859523d8d5"],"_calibration_suitable_ids_gb":["field_654b4c4acb54a"],"_calibration_suitable_ids_us":["field_654b4c56cb54b"],"_show_in_calibration_suitable":["field_654cfb691d345"],"_usd_price_4":["field_651570dcac479"],"_usd_price_9":["field_6515713eb4807"],"_usd_price_24":["field_65157141b4809"],"_usd_price_49":["field_65157140b4808"],"_usd_price_99":["field_6515715bb480a"],"_gbp_price_4":["field_6515716e83bfa"],"_gbp_price_9":["field_6515724783bfb"],"_gbp_price_24":["field_6515724b83bfc"],"_gbp_price_49":["field_6515725983bfd"],"_gbp_price_99":["field_6515725d83bfe"],"_usdhk_price_4":["field_6515726f83bff"],"_usdhk_price_9":["field_6515727c83c00"],"_usdhk_price_24":["field_6515728083c01"],"_usdhk_price_49":["field_6515728983c02"],"_usdhk_price_99":["field_6515728e83c03"],"stock_options":["In stock"],"_stock_options":["field_6544b605dc7f9"],"_top_nav_excluded":[""],"_cms_nav_minihome":[""],"wcml_sync_hash":["a:1:{s:15:\"postmeta_fields\";s:32:\"d2c51f0f043ef9d19bb008b1ac8fbc9e\";}"],"_product_image_gallery":["27659,27660"],"_thumbnail_id":["27658"],"_crosssell_ids":["a:0:{}"],"_last_translation_edit_mode":["translation-editor"],"_display_data_alarm":["field_667d647bcb066"],"_other_features":["field_668524f8c98a4"],"_shipping":["field_66852535c98a5"],"_refrigerant_cabinet":["field_66852557c98a6"],"_main_specifications":["field_66855b25b1245"],"connectivity":["Interface Cradle"],"_calibration":["field_66a0ddd599972"],"_edit_lock":["1724250764:8383"],"classic-editor-remember":["classic-editor"],"rank_math_seo_score":["29"],"rank_math_contentai_score":["a:5:{s:8:\"keywords\";s:5:\"74.51\";s:9:\"wordCount\";s:1:\"0\";s:9:\"linkCount\";s:1:\"0\";s:12:\"headingCount\";s:1:\"0\";s:10:\"mediaCount\";s:1:\"0\";}"],"_edit_last":["8383"],"commercekit_gallery_layout":[""],"commercekit_disable_sticky_atc":["0"],"commercekit_wc_video_gallery":["a:0:{}"],"_rank_math_gtin_code":[""],"_wcml_average_rating":[null],"_wcml_review_count":[null],"_wcml_rating_count":[null],"_stock":[null],"_wc_average_rating":[0],"_wc_review_count":["0"],"_product_version":["9.1.4"],"usd_price_4":[""],"usd_price_9":[""],"usd_price_24":[""],"usd_price_49":[""],"usd_price_99":[""],"gbp_price_4":[""],"gbp_price_9":[""],"gbp_price_24":[""],"gbp_price_49":[""],"gbp_price_99":[""],"usdhk_price_4":[""],"usdhk_price_9":[""],"usdhk_price_24":[""],"usdhk_price_49":[""],"usdhk_price_99":[""],"display_data_alarm":[""],"calibration":[""],"faqs":[""],"calibration_suitable_ids_gb":[""],"calibration_suitable_ids_us":[""],"show_in_calibration_suitable":[""],"other_features":[""],"shipping":[""],"refrigerant_cabinet":[""],"main_specifications":[""],"shoptimizer_layout_pdp_short_description_position":["default"],"rank_math_analytic_object_id":["650"],"_wpml_media_duplicate":["1"],"_wpml_media_featured":["1"],"_regular_price":["60.90"],"_price":["60.90","60.90","60.90"],"min_temp":["-30"],"max_temp":["60"],"_min_temp":["field_67ea5eb4e0a77"],"_max_temp":["field_67ea5f81e0a79"],"hubwoo_ecomm_pro_id":["21534847884"],"_wpml_word_count":["343"],"rank_math_primary_product_cat":["87"],"_global_unique_id":["850040258080"],"rank_math_description":["Kaufen Sie den LogTag TRID30-7F Temperaturlogger f\u00fcr eine zuverl\u00e4ssige Temperatur\u00fcberwachung w\u00e4hrend Transport und Lagerung. Ausgestattet mit einem Messbereich von -30\u00b0C bis +60\u00b0C, LCD-Display und 30-Tage-Messfunktion."],"rank_math_focus_keyword":["Temperatur Logger"],"specifications_table":["<table class=\"specifications\">\n<tbody>\n<tr>\n<td class=\"left-td\">Temperatur-Messbereich<\/td>\n<td>-30\u00b0C bis +60\u00b0C (-22\u00b0F bis +140\u00b0F)<\/td>\n<\/tr>\n<tr>\n<td class=\"left-td\">Temperaturbereich bei Lagerung<\/td>\n<td>-10\u00b0C bis +40\u00b0C (14\u00b0F bis +104\u00b0F)<\/td>\n<\/tr>\n<tr>\n<td class=\"left-td\">Sensor-Reaktionszeit<\/td>\n<td>Typischerweise weniger als 5 Minuten (T90) in bewegter Luft (1m\/s) in EN12830:1999<\/td>\n<\/tr>\n<tr>\n<td class=\"left-td\">Aufnahmekapazit\u00e4t<\/td>\n<td>7.650 Temperaturmesswerte. 53 Tage bei 10-min\u00fctiger Aufzeichnung, 80 Tage bei 15-min\u00fctiger Aufzeichnung\nSpeicher f\u00fcr zusammenfassende Tagesstatistiken (zur Anzeige auf dem LCD): bis zu 30 Tage Max\/Min\/Dauer und Alarmausl\u00f6ser-Statistiken <\/td>\n<\/tr>\n<tr>\n<td class=\"left-td\">Intervall der Probenahme<\/td>\n<td>Konfigurierbar von 30 Sekunden bis st\u00fcndlich<\/td>\n<\/tr>\n<tr>\n<td class=\"left-td\">Startoptionen f\u00fcr die Protokollierung<\/td>\n<td>Start per Knopfdruck oder mit Datum und Uhrzeit.\nOptionale Startverz\u00f6gerung von bis zu 18 Stunden <\/td>\n<\/tr>\n<tr>\n<td class=\"left-td\">Aufnahme-Anzeige<\/td>\n<td>Statusanzeige \"REC\"<\/td>\n<\/tr>\n<tr>\n<td class=\"left-td\">Download-Zeit<\/td>\n<td>Normalerweise weniger als 5 Sekunden f\u00fcr den vollen Speicher (7.650 Messwerte), je nach verwendetem Computer oder Ausleseger\u00e4t<\/td>\n<\/tr>\n<tr>\n<td class=\"left-td\">Umgebungsbedingungen<\/td>\n<td>IP65 (entspricht ungef\u00e4hr NEMA 4) bei vertikaler Montage oder Aufh\u00e4ngung<\/td>\n<\/tr>\n<tr>\n<td class=\"left-td\">Stromquelle<\/td>\n<td>TRID30-7F (Feste Batterie): CR2450 3V LiMnO2<\/td>\n<\/tr>\n<tr>\n<td class=\"left-td\">Lebensdauer der Batterie<\/td>\n<td>TRID30-7F (feste Batterie): 1 Jahr Lagerung, gefolgt von 2 Jahren Betrieb bei normaler Nutzung (6 Minuten Aufzeichnung, \u00dcberpr\u00fcfung der Statistiken auf dem Display h\u00f6chstens einmal t\u00e4glich f\u00fcr jeweils 30 Sekunden, monatlicher Download der Daten)<\/td>\n<\/tr>\n<tr>\n<td class=\"left-td\">Echtzeituhr<\/td>\n<td>Eingebaute Echtzeituhr\nNenngenauigkeit \u00b125ppm bei 25\u00b0C (entspricht 2,5 Sekunden\/Tag)\nDer Nenntemperaturkoeffizient betr\u00e4gt -0,034 \u00b10,006ppm\/\u00b0C (d.h. typischerweise +\/- 0,00294 Sekunden\/Tag\/\u00b0C)<\/td>\n<\/tr>\n<tr>\n<td class=\"left-td\">Anschluss Interface<\/td>\n<td>Schnittstelle Cradle<\/td>\n<\/tr>\n<tr>\n<td class=\"left-td\">Software<\/td>\n<td>LogTag\u00ae-Analysator<\/td>\n<\/tr>\n<tr>\n<td class=\"left-td\">Gr\u00f6\u00dfe<\/td>\n<td>93mm(H) x 54,5mm(B) x 8,6mm(T)<\/td>\n<\/tr>\n<tr>\n<td class=\"left-td\">Gewicht<\/td>\n<td>TRID30-7R: 41g\nTRID30-7F: 43g<\/td>\n<\/tr>\n<tr>\n<td class=\"left-td\">Material Geh\u00e4use<\/td>\n<td>Polycarbonat<\/td>\n<\/tr>\n<\/tbody>\n<\/table>"],"resources":["<a href=\"https:\/\/praxas.com\/wp-content\/uploads\/LogTag_TRID30-7_Brochure.pdf\"><img src=\"https:\/\/praxas.com\/wp-content\/uploads\/document-icon.png\" alt=\"Dokument-Symbol\">LogTag TRID30-7F Brosch\u00fcre<\/a>\n\n<img src=\"https:\/\/praxas.com\/wp-content\/uploads\/document-icon.png\" alt=\"Dokument-Symbol\"><a href=\"https:\/\/praxas.com\/wp-content\/uploads\/LogTag_TRID_Quickstart_Guide.pdf\">LogTag TRID30-7F Schnellstartanleitung<\/a>\n\n<img src=\"https:\/\/praxas.com\/wp-content\/uploads\/document-icon.png\" alt=\"Dokument-Symbol\"><a href=\"https:\/\/praxas.com\/wp-content\/uploads\/TRID30-7_Product_User_Guide.pdf\">LogTag TRID30-7F Benutzerhandbuch<\/a>"],"accessories":["[products skus=\"LTI-HID,PROTECTIVE ENCLOSURE,WMB-1\"]"],"_uag_page_assets":["a:9:{s:3:\"css\";s:0:\"\";s:2:\"js\";s:0:\"\";s:18:\"current_block_list\";a:0:{}s:8:\"uag_flag\";b:0;s:11:\"uag_version\";s:10:\"1775212209\";s:6:\"gfonts\";a:0:{}s:10:\"gfonts_url\";s:0:\"\";s:12:\"gfonts_files\";a:0:{}s:14:\"uag_faq_layout\";b:0;}"],"_max_variation_price":[""],"_max_variation_regular_price":[""],"_max_variation_sale_price":[""],"_min_variation_price":[""],"_min_variation_regular_price":[""],"_min_variation_sale_price":[""],"_sale_price":[""],"_wc_pb_base_regular_price":[""],"_wc_pb_base_sale_price":[""],"_wc_pb_base_price":[""],"_wc_sw_max_price":[""],"_wc_sw_max_regular_price":[""],"_wc_rating_count":[""]},"uagb_featured_image_src":{"full":["https:\/\/praxas.com\/wp-content\/uploads\/logtag-logtag-trid30-7f-temperature-logger-with-lc-800px.jpg",800,463,false],"thumbnail":["https:\/\/praxas.com\/wp-content\/uploads\/logtag-logtag-trid30-7f-temperature-logger-with-lc-800px-150x150.jpg",150,150,true],"medium":["https:\/\/praxas.com\/wp-content\/uploads\/logtag-logtag-trid30-7f-temperature-logger-with-lc-800px-300x174.jpg",300,174,true],"medium_large":["https:\/\/praxas.com\/wp-content\/uploads\/logtag-logtag-trid30-7f-temperature-logger-with-lc-800px-768x444.jpg",768,444,true],"large":["https:\/\/praxas.com\/wp-content\/uploads\/logtag-logtag-trid30-7f-temperature-logger-with-lc-800px.jpg",800,463,false],"1536x1536":["https:\/\/praxas.com\/wp-content\/uploads\/logtag-logtag-trid30-7f-temperature-logger-with-lc-800px.jpg",800,463,false],"2048x2048":["https:\/\/praxas.com\/wp-content\/uploads\/logtag-logtag-trid30-7f-temperature-logger-with-lc-800px.jpg",800,463,false],"crunchify-admin-post-featured-image":["https:\/\/praxas.com\/wp-content\/uploads\/logtag-logtag-trid30-7f-temperature-logger-with-lc-800px-120x69.jpg",120,69,true],"commercegurus-pdp-large":["https:\/\/praxas.com\/wp-content\/uploads\/logtag-logtag-trid30-7f-temperature-logger-with-lc-800px.jpg",800,463,false],"commercegurus-plp-mobile":["https:\/\/praxas.com\/wp-content\/uploads\/logtag-logtag-trid30-7f-temperature-logger-with-lc-800px-441x255.jpg",441,255,true],"cgkit_image_swatch":["https:\/\/praxas.com\/wp-content\/uploads\/logtag-logtag-trid30-7f-temperature-logger-with-lc-800px-100x100.jpg",100,100,true],"woocommerce_thumbnail":["https:\/\/praxas.com\/wp-content\/uploads\/logtag-logtag-trid30-7f-temperature-logger-with-lc-800px-350x203.jpg",350,203,true],"woocommerce_single":["https:\/\/praxas.com\/wp-content\/uploads\/logtag-logtag-trid30-7f-temperature-logger-with-lc-800px.jpg",800,463,false],"woocommerce_gallery_thumbnail":["https:\/\/praxas.com\/wp-content\/uploads\/logtag-logtag-trid30-7f-temperature-logger-with-lc-800px-150x87.jpg",150,87,true]},"uagb_author_info":{"display_name":"Beth Foord","author_link":"https:\/\/praxas.com\/de\/author\/"},"uagb_comment_info":0,"uagb_excerpt":"Anpassungsoptionen -30\u00b0C bis +60\u00b0C Misst bis zu 30 Tage Alarm-Anzeigen Keine manuellen Messungen mehr","_links":{"self":[{"href":"https:\/\/praxas.com\/de\/wp-json\/wp\/v2\/product\/27657","targetHints":{"allow":["GET"]}}],"collection":[{"href":"https:\/\/praxas.com\/de\/wp-json\/wp\/v2\/product"}],"about":[{"href":"https:\/\/praxas.com\/de\/wp-json\/wp\/v2\/types\/product"}],"wp:featuredmedia":[{"embeddable":true,"href":"https:\/\/praxas.com\/de\/wp-json\/wp\/v2\/media\/27658"}],"wp:attachment":[{"href":"https:\/\/praxas.com\/de\/wp-json\/wp\/v2\/media?parent=27657"}],"wp:term":[{"taxonomy":"product_brand","embeddable":true,"href":"https:\/\/praxas.com\/de\/wp-json\/wp\/v2\/product_brand?post=27657"},{"taxonomy":"product_cat","embeddable":true,"href":"https:\/\/praxas.com\/de\/wp-json\/wp\/v2\/product_cat?post=27657"},{"taxonomy":"product_tag","embeddable":true,"href":"https:\/\/praxas.com\/de\/wp-json\/wp\/v2\/product_tag?post=27657"}],"curies":[{"name":"wp","href":"https:\/\/api.w.org\/{rel}","templated":true}]}}