{"id":27670,"date":"2024-06-11T13:52:20","date_gmt":"2024-06-11T11:52:20","guid":{"rendered":"https:\/\/staging.praxas.com\/product\/unkategorisiert\/tred30-16r-temperaturlogger\/"},"modified":"2025-10-09T10:23:49","modified_gmt":"2025-10-09T08:23:49","slug":"tred30-16r-temperaturlogger","status":"publish","type":"product","link":"https:\/\/praxas.com\/de\/product\/datenlogger\/temperatur-datenlogger\/tred30-16r-temperaturlogger\/","title":{"rendered":"TRED30-16R Temperaturlogger"},"content":{"rendered":"<p>Der LogTag TRED30-16R Temperaturlogger mit externem Sensor ist f\u00fcr die pr\u00e4zise Temperatur\u00fcberwachung w\u00e4hrend des Transports und der Lagerung konzipiert. Es bietet Platz f\u00fcr bis zu 15.900 Messungen und arbeitet mit einem externen Sensor in einem weiten Bereich von -40\u00b0C bis +99\u00b0C.<\/p>\n<p>Der Logger ist mit einem eingebauten Alarm ausgestattet, der Sie \u00fcber Temperaturabweichungen au\u00dferhalb der voreingestellten Grenzen informiert.<\/p>\n<p>Eine genaue Temperaturmessung w\u00e4hrend des Transports mindert das Risiko von Besch\u00e4digungen, Gewichtsverlust oder Verderb. Das Ger\u00e4t verf\u00fcgt \u00fcber eine Echtzeituhr, die jeden Messwert mit einem Datums-\/Zeitstempel versieht und ist damit ideal f\u00fcr den Transport temperaturempfindlicher Waren.<\/p>\n<p>Die Temperaturlogger von LogTag zeichnen sich durch schnelle Downloadzeiten und \u00fcberragende Genauigkeit aus. Sie werden durch fortschrittliche Technologie und eine effiziente Produktion unterst\u00fctzt, die Kosteneffizienz und hohe Leistung gew\u00e4hrleisten.<\/p>\n<p><strong>Zu den Vorteilen des LogTag TRED30-16R Temperaturloggers geh\u00f6ren:<\/strong><\/p>\n<ul>\n<li>Akustischer Alarm<\/li>\n<li>LCD-Bildschirm<\/li>\n<li>Kapazit\u00e4t bis zu 15.900 Messungen<\/li>\n<li>Auswechselbarer externer Sensor<\/li>\n<li>Keine manuellen Messungen mehr<\/li>\n<\/ul>\n<p><strong>LCD-Anzeige<\/strong><\/p>\n<p>Eine n\u00fctzliche Funktion dieses Datenloggers ist das Display. Diese Anzeige zeigt an, wenn die Temperatur zu hoch oder zu niedrig ist. Au\u00dferdem werden die Temperatur und die Uhrzeit des jeweiligen Moments, der Aufnahmestatus und der Batteriestand angezeigt.<\/p>\n<p><strong>Einfacher Zugang zu Daten<\/strong><\/p>\n<p>Wenn Sie den TRED30-16R Temperaturlogger mit externem Sensor kaufen, erhalten Sie <strong>kostenlosen<\/strong> Zugang zur LogTag Analyser Software. Diese Plattform erm\u00f6glicht die Konfiguration, das Herunterladen und die Anzeige von Temperaturdaten. Der Export von Daten in Formate wie Excel ist mit dieser Software nahtlos m\u00f6glich.<\/p>\n<p>&nbsp;<\/p>\n<p>Wenn Sie den TRED30-16R Temperaturlogger mit einem externen Sensor verwenden, sind Sie immer \u00fcber die Temperatur in Ihrer Ladung informiert und verhindern Transport- und Lagersch\u00e4den.<\/p>\n","protected":false},"excerpt":{"rendered":"<ul>\n<li>Einhaltung der Vorschriften f\u00fcr die Lagerung von Impfstoffen<\/li>\n<li>-40 bis + 99\u00b0C<\/li>\n<li>Externe Temperatur und Anzeige<\/li>\n<li>\u00dcber 15.000 Lesungen<\/li>\n<li>Eingebauter akustischer Alarm<\/li>\n<\/ul>\n","protected":false},"featured_media":49614,"template":"","meta":{"_acf_changed":false,"content-type":"","_uag_custom_page_level_css":""},"product_brand":[],"product_cat":[1010],"product_tag":[2513,2262],"class_list":{"0":"post-27670","1":"product","2":"type-product","3":"status-publish","4":"has-post-thumbnail","6":"product_cat-temperatur-datenlogger","7":"product_tag-logtag-de","8":"product_tag-temperatur","10":"first","11":"instock","12":"taxable","13":"shipping-taxable","14":"purchasable","15":"product-type-variable"},"bundled_by":[],"bundle_stock_status":"instock","bundle_stock_quantity":null,"bundle_virtual":false,"bundle_layout":"","bundle_add_to_cart_form_location":"","bundle_editable_in_cart":false,"bundle_sold_individually_context":"","bundle_item_grouping":"","bundle_min_size":"","bundle_max_size":"","bundle_price":[],"bundled_items":[],"bundle_sell_ids":[],"acf":[],"spectra_custom_meta":{"_backorders":["no"],"_download_limit":["-1"],"_download_expiry":["-1"],"_downloadable":["no"],"_manage_stock":["no"],"_sku":["UTRED30-16"],"_stock_status":["instock"],"_sold_individually":["no"],"_tax_class":[""],"_tax_status":["taxable"],"_virtual":["no"],"_weight":["0"],"_width":["0"],"_height":["0"],"_length":["0"],"total_sales":["2"],"product_datasheet":[""],"_product_datasheet":["field_650ad7d6ea3a0"],"_connectivity":["field_64dce263bb57c"],"brand":["LogTag"],"_brand":["field_64ddf62ed2593"],"brand_image":[""],"_brand_image":["field_650c5e7c84cae"],"_specifications_table":["field_65044e1db92a8"],"_resources":["field_650849c6945ee"],"_accessories":["field_650849e6945f0"],"_faqs":["field_650859523d8d5"],"_calibration_suitable_ids_gb":["field_654b4c4acb54a"],"_calibration_suitable_ids_us":["field_654b4c56cb54b"],"_show_in_calibration_suitable":["field_654cfb691d345"],"_usd_price_4":["field_651570dcac479"],"_usd_price_9":["field_6515713eb4807"],"_usd_price_24":["field_65157141b4809"],"_usd_price_49":["field_65157140b4808"],"_usd_price_99":["field_6515715bb480a"],"_gbp_price_4":["field_6515716e83bfa"],"_gbp_price_9":["field_6515724783bfb"],"_gbp_price_24":["field_6515724b83bfc"],"_gbp_price_49":["field_6515725983bfd"],"_gbp_price_99":["field_6515725d83bfe"],"_usdhk_price_4":["field_6515726f83bff"],"_usdhk_price_9":["field_6515727c83c00"],"_usdhk_price_24":["field_6515728083c01"],"_usdhk_price_49":["field_6515728983c02"],"_usdhk_price_99":["field_6515728e83c03"],"stock_options":["In stock"],"_stock_options":["field_6544b605dc7f9"],"_top_nav_excluded":[""],"_cms_nav_minihome":[""],"wcml_sync_hash":["a:1:{s:15:\"postmeta_fields\";s:32:\"29fc894a8f33843463d924baabae2bf9\";}"],"attr_label_translations":["a:0:{}"],"_product_attributes":["a:2:{s:16:\"pa_product-brand\";a:6:{s:4:\"name\";s:16:\"pa_product-brand\";s:5:\"value\";s:0:\"\";s:8:\"position\";i:0;s:10:\"is_visible\";i:1;s:12:\"is_variation\";i:0;s:11:\"is_taxonomy\";i:1;}s:22:\"pa_logtag-probe-choice\";a:6:{s:4:\"name\";s:22:\"pa_logtag-probe-choice\";s:5:\"value\";s:0:\"\";s:8:\"position\";i:1;s:10:\"is_visible\";i:1;s:12:\"is_variation\";i:1;s:11:\"is_taxonomy\";i:1;}}"],"_product_image_gallery":["27673,27674,49620"],"_crosssell_ids":["a:0:{}"],"_last_translation_edit_mode":["translation-editor"],"_display_data_alarm":["field_667d647bcb066"],"_other_features":["field_668524f8c98a4"],"_shipping":["field_66852535c98a5"],"_refrigerant_cabinet":["field_66852557c98a6"],"_main_specifications":["field_66855b25b1245"],"connectivity":["Interface Cradle"],"_calibration":["field_66a0ddd599972"],"_edit_lock":["1724249185:8383"],"classic-editor-remember":["classic-editor"],"rank_math_seo_score":["85"],"rank_math_contentai_score":["a:5:{s:8:\"keywords\";s:5:\"74.51\";s:9:\"wordCount\";s:1:\"0\";s:9:\"linkCount\";s:1:\"0\";s:12:\"headingCount\";s:1:\"0\";s:10:\"mediaCount\";s:1:\"0\";}"],"_edit_last":["8383"],"commercekit_gallery_layout":[""],"commercekit_disable_sticky_atc":["0"],"commercekit_wc_video_gallery":["a:0:{}"],"_rank_math_gtin_code":[""],"_wcml_average_rating":[null],"_wcml_review_count":[null],"_wcml_rating_count":[null],"_stock":[null],"_wc_average_rating":[0],"_wc_review_count":["0"],"_product_version":["9.1.4"],"usd_price_4":[""],"usd_price_9":[""],"usd_price_24":[""],"usd_price_49":[""],"usd_price_99":[""],"gbp_price_4":[""],"gbp_price_9":[""],"gbp_price_24":[""],"gbp_price_49":[""],"gbp_price_99":[""],"usdhk_price_4":[""],"usdhk_price_9":[""],"usdhk_price_24":[""],"usdhk_price_49":[""],"usdhk_price_99":[""],"display_data_alarm":[""],"calibration":[""],"faqs":[""],"calibration_suitable_ids_gb":[""],"calibration_suitable_ids_us":[""],"show_in_calibration_suitable":[""],"other_features":[""],"shipping":[""],"refrigerant_cabinet":[""],"main_specifications":[""],"shoptimizer_layout_pdp_short_description_position":["default"],"rank_math_analytic_object_id":["640"],"_wpml_media_duplicate":["1"],"_wpml_media_featured":["1"],"_price":["75.60","103.60","108.50","109.20","110.60","112","113.40"],"min_temp":["-40"],"_min_temp":["field_67ea5eb4e0a77"],"_max_temp":["field_67ea5f81e0a79"],"_wpml_word_count":["371"],"rank_math_primary_product_cat":["87"],"max_temp":["99"],"_thumbnail_id":["49614"],"_global_unique_id":["850040258219"],"rank_math_description":["\u00dcberwachen Sie Temperaturen von -40 bis + 99\u00b0C mit einer externen Sonde. Ausgestattet mit einem LCD-Display, akustischem Alarm und 15.000 Messwerten.  "],"rank_math_focus_keyword":["TRED30-16R"],"specifications_table":["<table class=\"specifications\">\n<tbody>\n<tr>\n<td class=\"left-td\">Externer Sensor Messbereich<\/td>\n<td>-40\u00b0C bis +99\u00b0C (-40\u00b0F bis +210\u00b0F)<\/td>\n<\/tr>\n<tr>\n<td class=\"left-td\">Betriebstemperaturbereich<\/td>\n<td>-30\u00b0C bis +60\u00b0C (-22\u00b0F bis +140\u00b0F)<\/td>\n<\/tr>\n<tr>\n<td class=\"left-td\">Temperaturbereich bei Lagerung<\/td>\n<td>-10\u00b0C bis +40\u00b0C (14\u00b0F bis +104\u00b0F)<\/td>\n<\/tr>\n<tr>\n<td class=\"left-td\">Sensor-Reaktionszeit<\/td>\n<td>Typischerweise weniger als 2 Minuten (T90) in bewegter Luft (1m\/s) f\u00fcr die Typen ST100T, ST100H und ST100S<\/td>\n<\/tr>\n<tr>\n<td class=\"left-td\">Aufnahmekapazit\u00e4t<\/td>\n<td>15.905 Temperaturmesswerte. 66 Tage @ 6min Protokollierung.\nTagesstatistikspeicher (zur Anzeige auf dem LCD): bis zu 30 Tage Max\/Min\/Dauer und Alarmausl\u00f6ser-Statistiken <\/td>\n<\/tr>\n<tr>\n<td class=\"left-td\">Intervall der Probenahme<\/td>\n<td>Konfigurierbar von 30 Sekunden bis st\u00fcndlich<\/td>\n<\/tr>\n<tr>\n<td class=\"left-td\">Startoptionen f\u00fcr die Protokollierung<\/td>\n<td>Start per Knopfdruck oder mit Datum und Uhrzeit.\nOptionale Startverz\u00f6gerung von bis zu 18 Stunden <\/td>\n<\/tr>\n<tr>\n<td class=\"left-td\">Aufnahme-Anzeige<\/td>\n<td>Statusanzeige \"RECORDING\"<\/td>\n<\/tr>\n<tr>\n<td class=\"left-td\">Download-Zeit<\/td>\n<td>Normalerweise weniger als 10 Sekunden f\u00fcr den vollen Speicher (15.905 Messwerte), je nach verwendetem Computer oder Ausleseger\u00e4t<\/td>\n<\/tr>\n<tr>\n<td class=\"left-td\">Umgebungsbedingungen<\/td>\n<td>IP61 (wenn vertikal montiert oder aufgeh\u00e4ngt)<\/td>\n<\/tr>\n<tr>\n<td class=\"left-td\">Stromquelle<\/td>\n<td>3V CR2032 (LiMnO2) Knopfzellenbatterie, vom Benutzer austauschbar<\/td>\n<\/tr>\n<tr>\n<td class=\"left-td\">Lebensdauer der Batterie<\/td>\n<td>Typischerweise 1 Jahr Betrieb.\nHINWEIS: Die typische Batterielebensdauer geht von einer 6-min\u00fctigen Aufzeichnung aus, wobei die Tagesstatistiken h\u00f6chstens einmal t\u00e4glich f\u00fcr jeweils 30 Sekunden auf dem Display angezeigt werden.\nLaden Sie die Daten monatlich herunter.\nHINWEIS: Die st\u00e4ndige Aktivierung des akustischen Alarms verringert die Lebensdauer der Batterie. Wenn ein Alarm ausgel\u00f6st wird, sollten Sie den Alarm so schnell wie m\u00f6glich l\u00f6schen und zur\u00fccksetzen. <\/td>\n<\/tr>\n<tr>\n<td class=\"left-td\">Echtzeituhr<\/td>\n<td>Eingebaute Echtzeituhr.\nNenngenauigkeit \u00b125ppm bei 25\u00b0C (entspricht 2,5 Sekunden\/Tag).\nDer Nenntemperaturkoeffizient betr\u00e4gt -0,034 \u00b10,006ppm\/\u00b0C (d.h. typischerweise +\/- 0,00294 Sekunden\/Tag\/\u00b0C)<\/td>\n<\/tr>\n<tr>\n<td class=\"left-td\">Standard-Fernbedienungssensor Kabell\u00e4nge<\/td>\n<td>Standard: 1,5m (4'11\u2033).\nVerl\u00e4ngert: 3m (9'10\u2033) (empfohlenes Maximum)<\/td>\n<\/tr>\n<tr>\n<td class=\"left-td\">Fernbedienungssensor Kabeltyp<\/td>\n<td>PTFE (FDA-konform f\u00fcr Lebensmittelkontakt), koaxial<\/td>\n<\/tr>\n<tr>\n<td class=\"left-td\">Gr\u00f6\u00dfe<\/td>\n<td>93mm(H) x 54,5mm(B) x 8,6mm(T)<\/td>\n<\/tr>\n<tr>\n<td class=\"left-td\">Gewicht<\/td>\n<td>41g<\/td>\n<\/tr>\n<tr>\n<td class=\"left-td\">Material Geh\u00e4use<\/td>\n<td>Polycarbonat<\/td>\n<\/tr>\n<\/tbody>\n<\/table>"],"resources":["<ul class=\"resources-list\">\n \t<li style=\"list-style-type: none;\">\n<ul class=\"resources-list\">\n \t<li><img src=\"https:\/\/praxas.com\/wp-content\/uploads\/document-icon.png\" alt=\"Dokument-Symbol\"><a href=\"https:\/\/praxas.com\/wp-content\/uploads\/LogTag_TRED30-16R_Brochure.pdf\">LogTag TRED30-16R Brosch\u00fcre<\/a><\/li>\n \t<li><img src=\"https:\/\/praxas.com\/wp-content\/uploads\/document-icon.png\" alt=\"Dokument-Symbol\"><a href=\"https:\/\/praxas.com\/wp-content\/uploads\/TRED30-16R-Quick-Start-Guide-1.pdf\">LogTag TRED30-16R Schnellstartanleitung<\/a><\/li>\n \t<li><img src=\"https:\/\/praxas.com\/wp-content\/uploads\/document-icon.png\" alt=\"Dokument-Symbol\"><a href=\"https:\/\/praxas.com\/wp-content\/uploads\/TRED30-16R_Product_User_Guide-1.pdf\">LogTag TRED30-16R Benutzerhandbuch<\/a><\/li>\n<\/ul>\n<\/li>\n<\/ul>\n\u00a0"],"accessories":["[products skus=\"LTI-HID,Buffer Bottle,WMB-1\"]"],"_uag_page_assets":["a:9:{s:3:\"css\";s:0:\"\";s:2:\"js\";s:0:\"\";s:18:\"current_block_list\";a:0:{}s:8:\"uag_flag\";b:0;s:11:\"uag_version\";s:10:\"1775212209\";s:6:\"gfonts\";a:0:{}s:10:\"gfonts_url\";s:0:\"\";s:12:\"gfonts_files\";a:0:{}s:14:\"uag_faq_layout\";b:0;}"],"hubwoo_ecomm_invalid_pro":["yes"],"_max_variation_price":[""],"_max_variation_regular_price":[""],"_max_variation_sale_price":[""],"_min_variation_price":[""],"_min_variation_regular_price":[""],"_min_variation_sale_price":[""],"_regular_price":[""],"_sale_price":[""],"_wc_pb_base_regular_price":[""],"_wc_pb_base_sale_price":[""],"_wc_pb_base_price":[""],"_wc_sw_max_price":[""],"_wc_sw_max_regular_price":[""],"_wc_rating_count":[""]},"uagb_featured_image_src":{"full":["https:\/\/praxas.com\/wp-content\/uploads\/TRED30-16R-Front-WEB.jpg",1200,680,false],"thumbnail":["https:\/\/praxas.com\/wp-content\/uploads\/TRED30-16R-Front-WEB-150x150.jpg",150,150,true],"medium":["https:\/\/praxas.com\/wp-content\/uploads\/TRED30-16R-Front-WEB-300x170.jpg",300,170,true],"medium_large":["https:\/\/praxas.com\/wp-content\/uploads\/TRED30-16R-Front-WEB-768x435.jpg",768,435,true],"large":["https:\/\/praxas.com\/wp-content\/uploads\/TRED30-16R-Front-WEB-1024x580.jpg",1024,580,true],"1536x1536":["https:\/\/praxas.com\/wp-content\/uploads\/TRED30-16R-Front-WEB.jpg",1200,680,false],"2048x2048":["https:\/\/praxas.com\/wp-content\/uploads\/TRED30-16R-Front-WEB.jpg",1200,680,false],"crunchify-admin-post-featured-image":["https:\/\/praxas.com\/wp-content\/uploads\/TRED30-16R-Front-WEB-120x68.jpg",120,68,true],"commercegurus-pdp-large":["https:\/\/praxas.com\/wp-content\/uploads\/TRED30-16R-Front-WEB-990x561.jpg",990,561,true],"commercegurus-plp-mobile":["https:\/\/praxas.com\/wp-content\/uploads\/TRED30-16R-Front-WEB-441x250.jpg",441,250,true],"cgkit_image_swatch":["https:\/\/praxas.com\/wp-content\/uploads\/TRED30-16R-Front-WEB-100x100.jpg",100,100,true],"woocommerce_thumbnail":["https:\/\/praxas.com\/wp-content\/uploads\/TRED30-16R-Front-WEB-350x198.jpg",350,198,true],"woocommerce_single":["https:\/\/praxas.com\/wp-content\/uploads\/TRED30-16R-Front-WEB-800x453.jpg",800,453,true],"woocommerce_gallery_thumbnail":["https:\/\/praxas.com\/wp-content\/uploads\/TRED30-16R-Front-WEB-150x85.jpg",150,85,true]},"uagb_author_info":{"display_name":"Beth Foord","author_link":"https:\/\/praxas.com\/de\/author\/"},"uagb_comment_info":0,"uagb_excerpt":"Einhaltung der Vorschriften f\u00fcr die Lagerung von Impfstoffen -40 bis + 99\u00b0C Externe Temperatur und Anzeige \u00dcber 15.000 Lesungen Eingebauter akustischer Alarm","_links":{"self":[{"href":"https:\/\/praxas.com\/de\/wp-json\/wp\/v2\/product\/27670","targetHints":{"allow":["GET"]}}],"collection":[{"href":"https:\/\/praxas.com\/de\/wp-json\/wp\/v2\/product"}],"about":[{"href":"https:\/\/praxas.com\/de\/wp-json\/wp\/v2\/types\/product"}],"wp:featuredmedia":[{"embeddable":true,"href":"https:\/\/praxas.com\/de\/wp-json\/wp\/v2\/media\/49614"}],"wp:attachment":[{"href":"https:\/\/praxas.com\/de\/wp-json\/wp\/v2\/media?parent=27670"}],"wp:term":[{"taxonomy":"product_brand","embeddable":true,"href":"https:\/\/praxas.com\/de\/wp-json\/wp\/v2\/product_brand?post=27670"},{"taxonomy":"product_cat","embeddable":true,"href":"https:\/\/praxas.com\/de\/wp-json\/wp\/v2\/product_cat?post=27670"},{"taxonomy":"product_tag","embeddable":true,"href":"https:\/\/praxas.com\/de\/wp-json\/wp\/v2\/product_tag?post=27670"}],"curies":[{"name":"wp","href":"https:\/\/api.w.org\/{rel}","templated":true}]}}