{"id":27691,"date":"2024-06-10T17:37:32","date_gmt":"2024-06-10T15:37:32","guid":{"rendered":"https:\/\/staging.praxas.com\/product\/unkategorisiert\/tril-8-trockeneis-temperaturlogger\/"},"modified":"2025-10-08T18:15:15","modified_gmt":"2025-10-08T16:15:15","slug":"tril-8-trockeneis-temperaturlogger","status":"publish","type":"product","link":"https:\/\/praxas.com\/de\/product\/datenlogger\/temperatur-datenlogger\/tril-8-trockeneis-temperaturlogger\/","title":{"rendered":"TRIL-8 Trockeneis-Temperaturlogger"},"content":{"rendered":"<p>Der LogTag TRIL-8 Trockeneis-Temperaturlogger erm\u00f6glicht Ihnen die Messung und \u00dcberwachung der Temperatur w\u00e4hrend des Transports und der Lagerung. Dieser Temperaturschreiber ist speziell f\u00fcr niedrige Temperaturen ausgelegt.<\/p>\n<p>Dank seiner kompakten Gr\u00f6\u00dfe l\u00e4sst sich der Temperaturschreiber leicht aufh\u00e4ngen. Der LogTag TRIL-8 Trockeneis-Temperaturlogger misst und speichert bis zu 8.000 Temperaturmesswerte in einem Bereich von -80\u00b0C bis +40\u00b0C (-112\u00b0F bis +104\u00b0F). Damit ist der Temperaturlogger ideal f\u00fcr die \u00dcberwachung von Transporten, die bei niedrigen Temperaturen gehalten werden m\u00fcssen, wie z.B. Ladungen, die K\u00fchlmittel mit Trockeneis enthalten.<\/p>\n<p>Die genaue Messung der Temperatur w\u00e4hrend des Transports kann Sch\u00e4den und Gewichtsverluste w\u00e4hrend des Transports verhindern. Mit eingebauten Funktionen wie einer Echtzeituhr, die f\u00fcr jede Temperaturmessung einen Datums- und Zeitstempel liefert, ist dieser Temperaturlogger perfekt f\u00fcr den Transport von temperaturempfindlichen Produkten geeignet.<\/p>\n<p>Die Temperaturlogger von LogTag sind bekannt f\u00fcr ihre schnellen Downloadzeiten und ihre marktf\u00fchrende Genauigkeit.<\/p>\n<p><strong>Zu den Vorteilen des LogTag TRIL-8 Trockeneis-Temperaturloggers geh\u00f6ren:<\/strong><\/p>\n<ul>\n<li>8.000 Messpunkte<\/li>\n<li>Temperaturbereich von -80 bis +40 \u00b0C<\/li>\n<li>Individuell anpassbare Alarmeinstellungen und LED-Anzeigen<\/li>\n<li>Robustes und langlebiges Polycarbonat-Geh\u00e4use<\/li>\n<li>Keine manuellen Messungen<\/li>\n<\/ul>\n<p><strong>Warum <\/strong><strong>einen externen Sensor verwenden?<\/strong><\/p>\n<p>Obwohl LogTag Produkte hervorragend sind, erreichen interne Sensordatenlogger m\u00f6glicherweise nicht alle Bereiche. F\u00fcr Lebensmittel und Fl\u00fcssigkeiten ist ein externer Sensor ideal. Legen Sie es zur genauen Temperaturmessung in Lebensmittel oder Fl\u00fcssigkeiten, um die Produktqualit\u00e4t und -sicherheit zu gew\u00e4hrleisten.<\/p>\n<p><strong>Waren l\u00e4nger aufbewahren<\/strong><\/p>\n<p>Dieser Trockeneis- und Tieftemperaturlogger \u00fcberwacht die Temperaturen w\u00e4hrend des Transports \u00fcber kurze und lange Strecken und ist f\u00fcr seine hohe Leistung, Qualit\u00e4t und Genauigkeit bekannt. Die Qualit\u00e4t von Produkten wie Medikamenten und Impfstoffen h\u00e4ngt von der Umgebungstemperatur ab. Die Verwendung des LogTag TRIL-8 in der Fracht stellt sicher, dass Sie diese Informationen \u00fcberwachen und die Produktsicherheit gew\u00e4hrleisten k\u00f6nnen.<\/p>\n<p><strong>Einfacher Zugang zu Daten<\/strong><\/p>\n<p>Wenn Sie den Trockeneis- &amp; Tieftemperaturlogger kaufen, k\u00f6nnen Sie die LogTag Analyser Software kostenlos nutzen. Dieses Programm ist eine Plattform zum Konfigurieren, Herunterladen und Anzeigen der Daten des LogTag TRIL-8. Die Daten k\u00f6nnen leicht in andere Dateien exportiert werden, z. B. in Excel.<\/p>\n","protected":false},"excerpt":{"rendered":"<ul>\n<li>Trockeneis-Temperaturlogger<\/li>\n<li>-80 bis +40 \u00b0C<\/li>\n<li>Anpassbare Alarme<\/li>\n<li>8000 Messpunkte<\/li>\n<li>Multi-trip Temperatur-Logger<\/li>\n<\/ul>\n","protected":false},"featured_media":27692,"template":"","meta":{"_acf_changed":false,"content-type":"","_uag_custom_page_level_css":""},"product_brand":[],"product_cat":[1010],"product_tag":[2513],"class_list":{"0":"post-27691","1":"product","2":"type-product","3":"status-publish","4":"has-post-thumbnail","6":"product_cat-temperatur-datenlogger","7":"product_tag-logtag-de","9":"first","10":"instock","11":"taxable","12":"shipping-taxable","13":"purchasable","14":"product-type-simple"},"bundled_by":[],"bundle_stock_status":"instock","bundle_stock_quantity":null,"bundle_virtual":false,"bundle_layout":"","bundle_add_to_cart_form_location":"","bundle_editable_in_cart":false,"bundle_sold_individually_context":"","bundle_item_grouping":"","bundle_min_size":"","bundle_max_size":"","bundle_price":[],"bundled_items":[],"bundle_sell_ids":[],"acf":[],"spectra_custom_meta":{"_product_attributes":["a:1:{s:16:\"pa_product-brand\";a:6:{s:4:\"name\";s:16:\"pa_product-brand\";s:5:\"value\";s:0:\"\";s:8:\"position\";i:0;s:10:\"is_visible\";i:1;s:12:\"is_variation\";i:0;s:11:\"is_taxonomy\";i:1;}}"],"attr_label_translations":["a:1:{s:2:\"de\";a:1:{s:13:\"make-a-choice\";s:21:\"Treffen Sie eine Wahl\";}}"],"_backorders":["no"],"_download_limit":["-1"],"_download_expiry":["-1"],"_downloadable":["no"],"_manage_stock":["no"],"_stock_status":["instock"],"_sold_individually":["no"],"_tax_class":[""],"_tax_status":["taxable"],"_virtual":["no"],"total_sales":["10"],"product_datasheet":[""],"_product_datasheet":["field_650ad7d6ea3a0"],"_connectivity":["field_64dce263bb57c"],"brand":["LogTag"],"_brand":["field_64ddf62ed2593"],"brand_image":[""],"_brand_image":["field_650c5e7c84cae"],"_specifications_table":["field_65044e1db92a8"],"_resources":["field_650849c6945ee"],"_accessories":["field_650849e6945f0"],"_faqs":["field_650859523d8d5"],"_calibration_suitable_ids_gb":["field_654b4c4acb54a"],"_calibration_suitable_ids_us":["field_654b4c56cb54b"],"_show_in_calibration_suitable":["field_654cfb691d345"],"_usd_price_4":["field_651570dcac479"],"_usd_price_9":["field_6515713eb4807"],"_usd_price_24":["field_65157141b4809"],"_usd_price_49":["field_65157140b4808"],"_usd_price_99":["field_6515715bb480a"],"_gbp_price_4":["field_6515716e83bfa"],"_gbp_price_9":["field_6515724783bfb"],"_gbp_price_24":["field_6515724b83bfc"],"_gbp_price_49":["field_6515725983bfd"],"_gbp_price_99":["field_6515725d83bfe"],"_usdhk_price_4":["field_6515726f83bff"],"_usdhk_price_9":["field_6515727c83c00"],"_usdhk_price_24":["field_6515728083c01"],"_usdhk_price_49":["field_6515728983c02"],"_usdhk_price_99":["field_6515728e83c03"],"stock_options":["In stock"],"_stock_options":["field_6544b605dc7f9"],"_top_nav_excluded":[""],"_cms_nav_minihome":[""],"wcml_sync_hash":["a:1:{s:15:\"postmeta_fields\";s:32:\"0b13677d3a8c87057617c0e56f5259e3\";}"],"_product_image_gallery":["27693,27694,27695"],"_thumbnail_id":["27692"],"_crosssell_ids":["a:0:{}"],"_last_translation_edit_mode":["translation-editor"],"_display_data_alarm":["field_667d647bcb066"],"_other_features":["field_668524f8c98a4"],"_shipping":["field_66852535c98a5"],"_refrigerant_cabinet":["field_66852557c98a6"],"_main_specifications":["field_66855b25b1245"],"_calibration":["field_66a0ddd599972"],"connectivity":["Interface Cradle"],"_edit_lock":["1724247488:8383"],"classic-editor-remember":["classic-editor"],"rank_math_seo_score":["90"],"rank_math_contentai_score":["a:5:{s:8:\"keywords\";s:5:\"74.51\";s:9:\"wordCount\";s:1:\"0\";s:9:\"linkCount\";s:1:\"0\";s:12:\"headingCount\";s:1:\"0\";s:10:\"mediaCount\";s:1:\"0\";}"],"_edit_last":["8383"],"commercekit_gallery_layout":[""],"commercekit_disable_sticky_atc":["0"],"commercekit_wc_video_gallery":["a:0:{}"],"_rank_math_gtin_code":[""],"_wcml_average_rating":[null],"_wcml_review_count":[null],"_wcml_rating_count":[null],"_stock":[null],"_wc_average_rating":[0],"_wc_review_count":["0"],"_product_version":["9.1.4"],"usd_price_4":[""],"usd_price_9":[""],"usd_price_24":[""],"usd_price_49":[""],"usd_price_99":[""],"gbp_price_4":[""],"gbp_price_9":[""],"gbp_price_24":[""],"gbp_price_49":[""],"gbp_price_99":[""],"usdhk_price_4":[""],"usdhk_price_9":[""],"usdhk_price_24":[""],"usdhk_price_49":[""],"usdhk_price_99":[""],"display_data_alarm":[""],"calibration":[""],"faqs":[""],"calibration_suitable_ids_gb":[""],"calibration_suitable_ids_us":[""],"show_in_calibration_suitable":[""],"other_features":[""],"shipping":[""],"refrigerant_cabinet":[""],"main_specifications":[""],"shoptimizer_layout_pdp_short_description_position":["default"],"rank_math_analytic_object_id":["630"],"_wpml_media_duplicate":["1"],"_wpml_media_featured":["1"],"_regular_price":["104.30"],"_price":["104.30","104.30","104.30"],"min_temp":["-80"],"max_temp":["40"],"_min_temp":["field_67ea5eb4e0a77"],"_max_temp":["field_67ea5f81e0a79"],"hubwoo_ecomm_pro_id":["21446153770"],"_wpml_word_count":["468"],"rank_math_primary_product_cat":["87"],"_global_unique_id":["850040258097"],"_sku":["TRIL-8"],"rank_math_description":["\u00dcberwachen Sie Temperaturen von -80\u00b0C bis 40\u00b0C mit dem TRIL-8 Trockeneis-Temperaturlogger. Aufzeichnung von bis zu 8.000 Messwerten, mit individuell einstellbaren Alarmen. "],"rank_math_focus_keyword":["Trockeneis"],"specifications_table":["<table class=\"specifications\">\n<tbody>\n<tr>\n<td class=\"left-td\">Sensor Messbereich<\/td>\n<td>-80\u00b0C bis +40\u00b0C (-112\u00b0F bis +104\u00b0F)<\/td>\n<\/tr>\n<tr>\n<td class=\"left-td\">Temperaturbereich bei Lagerung<\/td>\n<td>-20\u00b0C bis +40\u00b0C (-4\u00b0F bis +104\u00b0F)<\/td>\n<\/tr>\n<tr>\n<td class=\"left-td\">Nenngenauigkeit der Temperaturanzeige<\/td>\n<td>Besser als \u00b11\u00b0C (\u00b11.8\u00b0F) f\u00fcr -30\u00b0C bis +20\u00b0C (-22\u00b0F bis +68\u00b0F)\nBesser als \u00b11.2\u00b0C (\u00b12.1\u00b0F) f\u00fcr -45\u00b0C bis -30\u00b0C (-49\u00b0F bis -22\u00b0F) und +20\u00b0C bis +40\u00b0C (+68\u00b0F bis +104\u00b0F)\nBesser als \u00b11.7\u00b0C (\u00b13.1\u00b0F) f\u00fcr -80\u00b0C bis -45\u00b0C (-112\u00b0F bis -49\u00b0F)\nDie tats\u00e4chliche Leistung ist in der Regel viel besser als die Nennwerte\nDie Genauigkeitsangaben k\u00f6nnen durch Nachkalibrierung verbessert werden<\/td>\n<\/tr>\n<tr>\n<td class=\"left-td\">Aufl\u00f6sung der Nenntemperaturanzeige<\/td>\n<td>Weniger als 0.1\u00b0C (0.2\u00b0F) f\u00fcr -80\u00b0C bis 0\u00b0C (-112\u00b0F bis +32\u00b0F)\nWeniger als 0.2\u00b0C (0.4\u00b0F) f\u00fcr 0\u00b0C bis +20\u00b0C (+32\u00b0F bis +68\u00b0F)\nWeniger als 0.5\u00b0C (0.9\u00b0F) f\u00fcr +20\u00b0C bis +40\u00b0C (+68\u00b0F bis +104\u00b0F)\nLogTag Analyzer\u00ae zeigt derzeit eine Dezimalstelle von \u00b0C oder \u00b0F an. Die native Aufl\u00f6sung ist die, die im LogTag\u00ae gespeichert ist. <\/td>\n<\/tr>\n<tr>\n<td class=\"left-td\">Sensor-Reaktionszeit<\/td>\n<td>Normalerweise weniger als 5 Minuten (T90) in bewegter Luft (1m\/s)<\/td>\n<\/tr>\n<tr>\n<td class=\"left-td\">Aufnahmekapazit\u00e4t<\/td>\n<td>8031 Temperaturmesswerte.\n53 Tage @ 10min Aufzeichnung, 80 Tage @ 15min Aufzeichnung <\/td>\n<\/tr>\n<tr>\n<td class=\"left-td\">Abtastintervall<\/td>\n<td>Konfigurierbar von 1 Minute bis zu mehreren Stunden<\/td>\n<\/tr>\n<tr>\n<td class=\"left-td\">Startoptionen f\u00fcr die Protokollierung<\/td>\n<td>Start per Knopfdruck oder bestimmtes Datum und Uhrzeit<\/td>\n<\/tr>\n<tr>\n<td class=\"left-td\">Aufnahme-Anzeige<\/td>\n<td>Blinkende 'OK'-Anzeige \/ blinkende 'ALERT'-Anzeige<\/td>\n<\/tr>\n<tr>\n<td class=\"left-td\">Download-Zeit<\/td>\n<td>Normalerweise weniger als 5 Sekunden f\u00fcr einen vollen Speicher (8031 Messwerte), abh\u00e4ngig vom verwendeten Computer oder Ausleseger\u00e4t<\/td>\n<\/tr>\n<tr>\n<td class=\"left-td\">Umgebungsbedingungen<\/td>\n<td>IP65 (entspricht ungef\u00e4hr NEMA 4)<\/td>\n<\/tr>\n<tr>\n<td class=\"left-td\">Stromquelle<\/td>\n<td>3,6 V Lithium-Batterie (feststehend) mit niedriger Temperatur<\/td>\n<\/tr>\n<tr>\n<td class=\"left-td\">Lebensdauer der Batterie<\/td>\n<td>Mindestens 12 Monate Lagerzeit vor dem Start (wenn es sich im Ruhezustand befindet)\nDie Version f\u00fcr den einmaligen Gebrauch ist f\u00fcr eine typische Reise von 2 Wochen Dauer bei Trockeneistemperaturen ausgelegt\nDie Version f\u00fcr den mehrfachen Gebrauch ist f\u00fcr eine Gesamtdauer von 1000 Stunden bei -80\u00b0C \u00fcber mehrere Reisen ausgelegt.<\/td>\n<\/tr>\n<tr>\n<td class=\"left-td\">Echtzeituhr<\/td>\n<td>Eingebaute Echtzeituhr\nNenngenauigkeit \u00b125ppm bei 25\u00b0C (entspricht 2,5 Sekunden\/Tag)\nDer Nenntemperaturkoeffizient betr\u00e4gt -0,034 \u00b10,006ppm\/\u00b0C (d.h. typischerweise +\/- 0,00294 Sekunden\/Tag\/\u00b0C)<\/td>\n<\/tr>\n<tr>\n<td class=\"left-td\">Gr\u00f6\u00dfe<\/td>\n<td>86mm(H) x 54,5mm(B) x 8,6mm(T)<\/td>\n<\/tr>\n<tr>\n<td class=\"left-td\">Gewicht<\/td>\n<td>33g<\/td>\n<\/tr>\n<tr>\n<td class=\"left-td\">Material Geh\u00e4use<\/td>\n<td>Polycarbonat<\/td>\n<\/tr>\n<\/tbody>\n<\/table>"],"resources":["<ul class=\"resources-list\">\n \t<li><a href=\"https:\/\/praxas.com\/wp-content\/uploads\/LogTag_TRIL-8_Brochure.pdf\"><img src=\"https:\/\/praxas.com\/wp-content\/uploads\/document-icon.png\" alt=\"Dokument-Symbol\">LogTag TRIL-8 Brosch\u00fcre<\/a><\/li>\n \t<li><img src=\"https:\/\/praxas.com\/wp-content\/uploads\/document-icon.png\" alt=\"Dokument-Symbol\"><a href=\"https:\/\/praxas.com\/wp-content\/uploads\/General_LogTag_Quick_Start_Guide.pdf\">LogTag TRIL-8 Schnellstartanleitung<\/a><\/li>\n<\/ul>"],"accessories":["[products skus=\"LTI-HID,PROTECTIVE ENCLOSURE,WMB-1\"]"],"_uag_page_assets":["a:9:{s:3:\"css\";s:0:\"\";s:2:\"js\";s:0:\"\";s:18:\"current_block_list\";a:0:{}s:8:\"uag_flag\";b:0;s:11:\"uag_version\";s:10:\"1777052440\";s:6:\"gfonts\";a:0:{}s:10:\"gfonts_url\";s:0:\"\";s:12:\"gfonts_files\";a:0:{}s:14:\"uag_faq_layout\";b:0;}"],"_max_variation_price":[""],"_max_variation_regular_price":[""],"_max_variation_sale_price":[""],"_min_variation_price":[""],"_min_variation_regular_price":[""],"_min_variation_sale_price":[""],"_sale_price":[""],"_wc_pb_base_regular_price":[""],"_wc_pb_base_sale_price":[""],"_wc_pb_base_price":[""],"_wc_sw_max_price":[""],"_wc_sw_max_regular_price":[""],"_wc_rating_count":[""]},"uagb_featured_image_src":{"full":["https:\/\/praxas.com\/wp-content\/uploads\/logtag-logtag-tril-8-dry-ice-temperature-logger-800px.jpg",800,463,false],"thumbnail":["https:\/\/praxas.com\/wp-content\/uploads\/logtag-logtag-tril-8-dry-ice-temperature-logger-800px-150x150.jpg",150,150,true],"medium":["https:\/\/praxas.com\/wp-content\/uploads\/logtag-logtag-tril-8-dry-ice-temperature-logger-800px-300x174.jpg",300,174,true],"medium_large":["https:\/\/praxas.com\/wp-content\/uploads\/logtag-logtag-tril-8-dry-ice-temperature-logger-800px-768x444.jpg",768,444,true],"large":["https:\/\/praxas.com\/wp-content\/uploads\/logtag-logtag-tril-8-dry-ice-temperature-logger-800px.jpg",800,463,false],"1536x1536":["https:\/\/praxas.com\/wp-content\/uploads\/logtag-logtag-tril-8-dry-ice-temperature-logger-800px.jpg",800,463,false],"2048x2048":["https:\/\/praxas.com\/wp-content\/uploads\/logtag-logtag-tril-8-dry-ice-temperature-logger-800px.jpg",800,463,false],"crunchify-admin-post-featured-image":["https:\/\/praxas.com\/wp-content\/uploads\/logtag-logtag-tril-8-dry-ice-temperature-logger-800px-120x69.jpg",120,69,true],"commercegurus-pdp-large":["https:\/\/praxas.com\/wp-content\/uploads\/logtag-logtag-tril-8-dry-ice-temperature-logger-800px.jpg",800,463,false],"commercegurus-plp-mobile":["https:\/\/praxas.com\/wp-content\/uploads\/logtag-logtag-tril-8-dry-ice-temperature-logger-800px-441x255.jpg",441,255,true],"cgkit_image_swatch":["https:\/\/praxas.com\/wp-content\/uploads\/logtag-logtag-tril-8-dry-ice-temperature-logger-800px-100x100.jpg",100,100,true],"woocommerce_thumbnail":["https:\/\/praxas.com\/wp-content\/uploads\/logtag-logtag-tril-8-dry-ice-temperature-logger-800px-350x203.jpg",350,203,true],"woocommerce_single":["https:\/\/praxas.com\/wp-content\/uploads\/logtag-logtag-tril-8-dry-ice-temperature-logger-800px.jpg",800,463,false],"woocommerce_gallery_thumbnail":["https:\/\/praxas.com\/wp-content\/uploads\/logtag-logtag-tril-8-dry-ice-temperature-logger-800px-150x87.jpg",150,87,true]},"uagb_author_info":{"display_name":"Beth Foord","author_link":"https:\/\/praxas.com\/de\/author\/"},"uagb_comment_info":0,"uagb_excerpt":"Trockeneis-Temperaturlogger -80 bis +40 \u00b0C Anpassbare Alarme 8000 Messpunkte Multi-trip Temperatur-Logger","_links":{"self":[{"href":"https:\/\/praxas.com\/de\/wp-json\/wp\/v2\/product\/27691","targetHints":{"allow":["GET"]}}],"collection":[{"href":"https:\/\/praxas.com\/de\/wp-json\/wp\/v2\/product"}],"about":[{"href":"https:\/\/praxas.com\/de\/wp-json\/wp\/v2\/types\/product"}],"wp:featuredmedia":[{"embeddable":true,"href":"https:\/\/praxas.com\/de\/wp-json\/wp\/v2\/media\/27692"}],"wp:attachment":[{"href":"https:\/\/praxas.com\/de\/wp-json\/wp\/v2\/media?parent=27691"}],"wp:term":[{"taxonomy":"product_brand","embeddable":true,"href":"https:\/\/praxas.com\/de\/wp-json\/wp\/v2\/product_brand?post=27691"},{"taxonomy":"product_cat","embeddable":true,"href":"https:\/\/praxas.com\/de\/wp-json\/wp\/v2\/product_cat?post=27691"},{"taxonomy":"product_tag","embeddable":true,"href":"https:\/\/praxas.com\/de\/wp-json\/wp\/v2\/product_tag?post=27691"}],"curies":[{"name":"wp","href":"https:\/\/api.w.org\/{rel}","templated":true}]}}