{"id":27711,"date":"2024-06-10T16:57:35","date_gmt":"2024-06-10T14:57:35","guid":{"rendered":"https:\/\/staging.praxas.com\/product\/unkategorisiert\/utred-30-wifi\/"},"modified":"2025-10-09T10:22:36","modified_gmt":"2025-10-09T08:22:36","slug":"utred-30-wifi","status":"publish","type":"product","link":"https:\/\/praxas.com\/de\/product\/datenlogger\/temperatur-datenlogger\/utred-30-wifi\/","title":{"rendered":"UTRED 30-WIFI"},"content":{"rendered":"<p>Der Logtag UTRED 30-WiFi ist ein Echtzeit-Datenlogger speziell f\u00fcr die \u00dcberwachung der Temperatur w\u00e4hrend Transport und Lagerung. Verbinden Sie den Datenlogger mit der LogTag Online Cloud und laden Sie die Daten in Echtzeit in die Cloud hoch. Indem Sie die Daten in die Cloud senden, k\u00f6nnen Sie jederzeit und \u00fcberall auf die Daten zugreifen.<\/p>\n<p>Der Datenlogger hat einen Messbereich von -40\u00b0C bis +99\u00b0C und misst und speichert bis zu 16.000 Temperaturmesswerte. Indem Sie die Temperatur w\u00e4hrend des Transports genau messen, k\u00f6nnen Sie Sch\u00e4den, Gewichtsverluste oder Verluste w\u00e4hrend des Transports und der Lagerung verhindern. Mit eingebauten Funktionen wie einer Echtzeituhr, die f\u00fcr jede Temperaturmessung einen Datums- und Zeitstempel liefert, eignet sich dieser Temperaturlogger perfekt f\u00fcr den Transport von temperaturempfindlichen Produkten wie Impfstoffen.<\/p>\n<p>Die Temperaturlogger von Logtag sind daf\u00fcr bekannt, die beste Downloadzeit und Genauigkeit auf dem Markt zu haben. Durch die Kombination von \u00fcbersichtlicher Technologie, innovativem Design und Gro\u00dfserienproduktion ist LogTag der kosteng\u00fcnstigste und leistungsst\u00e4rkste Rekorder auf dem Markt.<\/p>\n<p>Der LogTag UTRED30-WiFi entspricht den Richtlinien zur Lagerung und Handhabung von Impfstoffen von WHO, CDC, FDA, VFC, NIH, PHAC, AAP und anderen.<\/p>\n<p><strong>Zu den Vorteilen des LogTag UTRED 30-WiFi-Datenloggers geh\u00f6ren:<\/strong><\/p>\n<ul>\n<li>Misst und speichert bis zu 16.000 Zeit-\/Temperaturmesswerte*.<\/li>\n<li>Auswechselbare externe Sonde mit hochwertigem vergoldetem Anschluss<\/li>\n<li>Temperaturbereich von -40\u00b0C bis +99\u00b0C, mit externem Sensor<\/li>\n<li>Verbindung zur Cloud<\/li>\n<li>LCD-Anzeige<\/li>\n<li>Keine manuellen Messungen mehr<\/li>\n<\/ul>\n<p>*Rund 67 Tage bei 6 Minuten Aufzeichnung<\/p>\n<p><strong>LCD-Anzeige<\/strong><\/p>\n<p>Dieser Datenlogger verf\u00fcgt \u00fcber ein praktisches Display, das hohe oder niedrige Temperaturen anzeigt, die aktuelle Temperatur und Uhrzeit angibt, den Status aufzeichnet und den Batteriestand anzeigt.<\/p>\n<p><strong>Waren l\u00e4nger aufbewahren<\/strong><\/p>\n<p>Dieser WiFi-Temperaturlogger \u00fcberwacht die Temperaturen w\u00e4hrend des Transports und der Lagerung \u00fcber kurze und lange Strecken und ist f\u00fcr seine hohe Leistung, Qualit\u00e4t und Genauigkeit bekannt. Die Qualit\u00e4t von Produkten, einschlie\u00dflich Impfstoffen, h\u00e4ngt von der Einhaltung der richtigen Umgebungstemperatur ab. Durch den Einsatz des LogTag UTRED30-WiFi in Ihrer Fracht bleiben Sie informiert und gew\u00e4hrleisten die Qualit\u00e4t und Sicherheit Ihrer Produkte.<\/p>\n<p><strong>Einfacher Zugang zu Daten<\/strong><\/p>\n<p>Wenn Sie die Daten in die LogTag Online-Cloud hochladen, k\u00f6nnen Sie die Daten jederzeit und \u00fcberall herunterladen und ansehen.<\/p>\n","protected":false},"excerpt":{"rendered":"<ul>\n<li>30 Tage WiFi Logger mit Display<\/li>\n<li>-40\u00b0C bis +99\u00b0C<\/li>\n<li>Messen und speichern Sie \u00fcber 16.000 Messwerte<\/li>\n<li>Auswechselbare externe Sonde<\/li>\n<li>Echtzeit-Daten werden automatisch auf LogTag Online hochgeladen<\/li>\n<\/ul>\n","protected":false},"featured_media":27712,"template":"","meta":{"_acf_changed":false,"content-type":"","_uag_custom_page_level_css":""},"product_brand":[],"product_cat":[1010],"product_tag":[2513,2262,985],"class_list":{"0":"post-27711","1":"product","2":"type-product","3":"status-publish","4":"has-post-thumbnail","6":"product_cat-temperatur-datenlogger","7":"product_tag-logtag-de","8":"product_tag-temperatur","9":"product_tag-wifi-de","11":"first","12":"instock","13":"taxable","14":"shipping-taxable","15":"purchasable","16":"product-type-variable"},"bundled_by":[],"bundle_stock_status":"instock","bundle_stock_quantity":null,"bundle_virtual":false,"bundle_layout":"","bundle_add_to_cart_form_location":"","bundle_editable_in_cart":false,"bundle_sold_individually_context":"","bundle_item_grouping":"","bundle_min_size":"","bundle_max_size":"","bundle_price":[],"bundled_items":[],"bundle_sell_ids":[],"acf":[],"spectra_custom_meta":{"_backorders":["no"],"_download_limit":["-1"],"_download_expiry":["-1"],"_downloadable":["no"],"_manage_stock":["no"],"_stock_status":["instock"],"_sold_individually":["no"],"_tax_class":[""],"_tax_status":["taxable"],"_virtual":["no"],"_weight":["0"],"_width":["0"],"_height":["0"],"_length":["0"],"total_sales":["3"],"product_datasheet":[""],"_product_datasheet":["field_650ad7d6ea3a0"],"connectivity":["WiFi"],"_connectivity":["field_64dce263bb57c"],"brand":["LogTag"],"_brand":["field_64ddf62ed2593"],"brand_image":[""],"_brand_image":["field_650c5e7c84cae"],"_specifications_table":["field_65044e1db92a8"],"_resources":["field_650849c6945ee"],"_accessories":["field_650849e6945f0"],"_faqs":["field_650859523d8d5"],"_calibration_suitable_ids_gb":["field_654b4c4acb54a"],"_calibration_suitable_ids_us":["field_654b4c56cb54b"],"_show_in_calibration_suitable":["field_654cfb691d345"],"_usd_price_4":["field_651570dcac479"],"_usd_price_9":["field_6515713eb4807"],"_usd_price_24":["field_65157141b4809"],"_usd_price_49":["field_65157140b4808"],"_usd_price_99":["field_6515715bb480a"],"_gbp_price_4":["field_6515716e83bfa"],"_gbp_price_9":["field_6515724783bfb"],"_gbp_price_24":["field_6515724b83bfc"],"_gbp_price_49":["field_6515725983bfd"],"_gbp_price_99":["field_6515725d83bfe"],"_usdhk_price_4":["field_6515726f83bff"],"_usdhk_price_9":["field_6515727c83c00"],"_usdhk_price_24":["field_6515728083c01"],"_usdhk_price_49":["field_6515728983c02"],"_usdhk_price_99":["field_6515728e83c03"],"stock_options":["In stock"],"_stock_options":["field_6544b605dc7f9"],"_top_nav_excluded":[""],"_cms_nav_minihome":[""],"wcml_sync_hash":["a:1:{s:15:\"postmeta_fields\";s:32:\"c31e63e296404c5c798560b89f865f0e\";}"],"attr_label_translations":["a:0:{}"],"_product_attributes":["a:2:{s:16:\"pa_product-brand\";a:6:{s:4:\"name\";s:16:\"pa_product-brand\";s:5:\"value\";s:0:\"\";s:8:\"position\";i:0;s:10:\"is_visible\";i:1;s:12:\"is_variation\";i:0;s:11:\"is_taxonomy\";i:1;}s:22:\"pa_logtag-probe-choice\";a:6:{s:4:\"name\";s:22:\"pa_logtag-probe-choice\";s:5:\"value\";s:0:\"\";s:8:\"position\";i:1;s:10:\"is_visible\";i:1;s:12:\"is_variation\";i:1;s:11:\"is_taxonomy\";i:1;}}"],"_product_image_gallery":["27713,27714,27715,27716"],"_thumbnail_id":["27712"],"_crosssell_ids":["a:0:{}"],"_last_translation_edit_mode":["translation-editor"],"_display_data_alarm":["field_667d647bcb066"],"_other_features":["field_668524f8c98a4"],"_shipping":["field_66852535c98a5"],"_refrigerant_cabinet":["field_66852557c98a6"],"_main_specifications":["field_66855b25b1245"],"_edit_lock":["1724242195:8383"],"classic-editor-remember":["classic-editor"],"rank_math_seo_score":["90"],"_edit_last":["8383"],"commercekit_gallery_layout":[""],"commercekit_disable_sticky_atc":["0"],"commercekit_wc_video_gallery":["a:0:{}"],"_rank_math_gtin_code":[""],"_stock":[null],"_wc_average_rating":[0],"_wc_review_count":["0"],"_product_version":["9.1.4"],"usd_price_4":[""],"usd_price_9":[""],"usd_price_24":[""],"usd_price_49":[""],"usd_price_99":[""],"gbp_price_4":[""],"gbp_price_9":[""],"gbp_price_24":[""],"gbp_price_49":[""],"gbp_price_99":[""],"usdhk_price_4":[""],"usdhk_price_9":[""],"usdhk_price_24":[""],"usdhk_price_49":[""],"usdhk_price_99":[""],"display_data_alarm":[""],"calibration":[""],"faqs":[""],"calibration_suitable_ids_gb":[""],"calibration_suitable_ids_us":[""],"show_in_calibration_suitable":[""],"other_features":[""],"shipping":[""],"refrigerant_cabinet":[""],"main_specifications":[""],"shoptimizer_layout_pdp_short_description_position":["default"],"_wpml_media_duplicate":["1"],"_wpml_media_featured":["1"],"_sku":["UTRED30wifi"],"_calibration":["field_66a0ddd599972"],"rank_math_contentai_score":["a:5:{s:8:\"keywords\";s:5:\"74.51\";s:9:\"wordCount\";s:1:\"0\";s:9:\"linkCount\";s:1:\"0\";s:12:\"headingCount\";s:1:\"0\";s:10:\"mediaCount\";s:1:\"0\";}"],"rank_math_analytic_object_id":["620"],"_wcml_average_rating":[null],"_wcml_review_count":[null],"_wcml_rating_count":[null],"_price":["229.60","257.60","262.5","263.20","264.60","266","267.40"],"_wpml_word_count":["467"],"min_temp":["-40"],"max_temp":["99"],"_min_temp":["field_67ea5eb4e0a77"],"_max_temp":["field_67ea5f81e0a79"],"rank_math_primary_product_cat":["87"],"_global_unique_id":["850040258035"],"rank_math_description":["30-Tage-WiFi-Logger mit Display -40\u00b0C bis +99\u00b0C Messen und speichern Sie \u00fcber 16.000 Messwerte Austauschbare externe Sonde Zweite Batterieunterst\u00fctzung \u00fcber Knopfzelle."],"rank_math_focus_keyword":["UTRED"],"specifications_table":["<table class=\"specification\">\n<tbody>\n<tr>\n<td class=\"left-td\">Externer Sensor Messbereich<\/td>\n<td>-40\u00b0C bis +99\u00b0C (-40\u00b0F bis +210\u00b0F)<\/td>\n<\/tr>\n<tr>\n<td class=\"left-td\">Temperaturbereich bei Lagerung<\/td>\n<td>-10 \u00b0C bis +40 \u00b0C (32 \u00b0F bis +104 \u00b0F)<\/td>\n<\/tr>\n<tr>\n<td class=\"left-td\">Aufl\u00f6sung der Nenntemperatur<\/td>\n<td>Besser als 0,1\u00b0C (0,2\u00b0F) f\u00fcr -30\u00b0C bis +60\u00b0C (-22\u00b0F bis +140\u00b0F)\nBesser als 0,2\u00b0C (0,4\u00b0F) f\u00fcr -40\u00b0C bis -30\u00b0C (-40\u00b0F bis -22\u00b0F)\nBesser als 0,5\u00b0C (0,9\u00b0F) f\u00fcr +60\u00b0C bis +99\u00b0C (+140\u00b0F bis +210\u00b0F)<\/td>\n<\/tr>\n<tr>\n<td class=\"left-td\">Konnektivit\u00e4t der Sonde<\/td>\n<td>Bis zu 2<\/td>\n<\/tr>\n<tr>\n<td class=\"left-td\">Kompatibilit\u00e4t der Sonde<\/td>\n<td>Alle externen ST100-Pr\u00e4zisions-Thermistorf\u00fchler k\u00f6nnen austauschbar an das UTRED30-WiFi angeschlossen werden. Bitte sehen Sie sich die Seite f\u00fcr externe Sonden auf der LogTag North America Website an. <\/td>\n<\/tr>\n<tr>\n<td class=\"left-td\">Aufnahmekapazit\u00e4t<\/td>\n<td>32.000 Gesamtprotokollspeicher. Bietet 16.000 Temperaturmesswerte pro Kanal\nTagesstatistikspeicher (zur Anzeige auf dem LCD): bis zu 30 Tage Min\/Max\/Dauer und Alarmausl\u00f6ser-Statistiken <\/td>\n<\/tr>\n<tr>\n<td class=\"left-td\">Abtastintervall<\/td>\n<td>Konfigurierbar von 30 Sekunden bis 18 Stunden<\/td>\n<\/tr>\n<tr>\n<td class=\"left-td\">Startoptionen f\u00fcr die Protokollierung<\/td>\n<td>Start per Knopfdruck (mit konfigurierbarer Startverz\u00f6gerung von 1 Minute bis 72 Stunden) oder bestimmtes Datum und Uhrzeit<\/td>\n<\/tr>\n<tr>\n<td class=\"left-td\">Download-Zeit<\/td>\n<td>Normalerweise mit vollem Speicher (32.130 Messwerte) in weniger als 10 Sekunden<\/td>\n<\/tr>\n<tr>\n<td class=\"left-td\">Umgebungsbedingungen<\/td>\n<td>IP51 (wenn vertikal montiert oder aufgeh\u00e4ngt)<\/td>\n<\/tr>\n<tr>\n<td class=\"left-td\">Kalibrierung<\/td>\n<td>Werkskalibriert mit einem NIST-\u00e4quivalenten Referenzger\u00e4t. Kalibrierungszertifikat auf Anfrage erh\u00e4ltlich <\/td>\n<\/tr>\n<tr>\n<td class=\"left-td\">Stromquelle<\/td>\n<td>5V \u00fcber Micro-USB-Buchse oder 2 x 1,5V AAA-Alkalibatterien,\nCR2032 3V LiMnO2 (nur Backup-Logging-Funktion)<\/td>\n<\/tr>\n<tr>\n<td class=\"left-td\">Lebensdauer der Batterie<\/td>\n<td>Das Ger\u00e4t sollte normalerweise \u00fcber USB mit Strom versorgt werden.\nAAA-Batterien bieten eine Notstromversorgung f\u00fcr bis zu 2 Monate <\/td>\n<\/tr>\n<tr>\n<td class=\"left-td\">Anschluss Schnittstelle<\/td>\n<td>USB 2.0 \/ Micro USB-Stecker<\/td>\n<\/tr>\n<tr>\n<td class=\"left-td\">WiFi<\/td>\n<td>802.11 b\/g\/n<\/td>\n<\/tr>\n<tr>\n<td class=\"left-td\">WiFi-Authentifizierungsmethoden<\/td>\n<td>Offen, WPA2\/PSK (mit oder ohne PMF), EAP-PEAP, EAP-TTLS<\/td>\n<\/tr>\n<tr>\n<td class=\"left-td\">Bluetooth\u00ae.<\/td>\n<td>Bluetooth\u00ae V4.2 BR\/EDR und Bluetooth LE\u00ae<\/td>\n<\/tr>\n<tr>\n<td class=\"left-td\">Gr\u00f6\u00dfe<\/td>\n<td>141mm(H) x 72mm(B) x 18mm(T)<\/td>\n<\/tr>\n<tr>\n<td class=\"left-td\">Gewicht<\/td>\n<td>158g mit AAA-Batterien, (134g - ohne Sonde und AAA-Batterien)<\/td>\n<\/tr>\n<tr>\n<td class=\"left-td\">Material Geh\u00e4use<\/td>\n<td>Polycarbonat<\/td>\n<\/tr>\n<\/tbody>\n<\/table>"],"resources":["<ul class=\"resources-list\">\n \t<li><img src=\"https:\/\/praxas.com\/wp-content\/uploads\/document-icon.png\" alt=\"Dokument-Symbol\"><a href=\"https:\/\/praxas.com\/wp-content\/uploads\/LogTag_UTRED30-WiFi_Dual-Channel-Brochure.pdf\">LogTag UTRED30-WiFi Brosch\u00fcre<\/a><\/li>\n \t<li><img src=\"https:\/\/praxas.com\/wp-content\/uploads\/document-icon.png\" alt=\"Dokument-Symbol\"><a href=\"https:\/\/praxas.com\/wp-content\/uploads\/Quick-Start-Guide_UTRED30-WiFi.pdf\">LogTag UTRED30-WiFi Schnellstartanleitung<\/a><\/li>\n \t<li><img src=\"https:\/\/praxas.com\/wp-content\/uploads\/document-icon.png\" alt=\"Dokument-Symbol\"><a href=\"https:\/\/praxas.com\/wp-content\/uploads\/UTRED30-WiFi_Product_User_Guide.pdf\">LogTag UTRED30-WiFi Benutzerhandbuch<\/a><\/li>\n \t<li><img src=\"https:\/\/praxas.com\/wp-content\/uploads\/document-icon.png\" alt=\"Dokument-Symbol\"><a href=\"https:\/\/praxas.com\/wp-content\/uploads\/Bluetooth_Connection_Guide.pdf\">LogTag UTRED30-WiFi BlueTooth-Anschlussanleitung<\/a><\/li>\n<\/ul>"],"accessories":["[products skus=\"WMB-1,Buffer Bottle\"]"],"_uag_page_assets":["a:9:{s:3:\"css\";s:0:\"\";s:2:\"js\";s:0:\"\";s:18:\"current_block_list\";a:0:{}s:8:\"uag_flag\";b:0;s:11:\"uag_version\";s:10:\"1775212209\";s:6:\"gfonts\";a:0:{}s:10:\"gfonts_url\";s:0:\"\";s:12:\"gfonts_files\";a:0:{}s:14:\"uag_faq_layout\";b:0;}"],"hubwoo_ecomm_invalid_pro":["yes"],"_max_variation_price":[""],"_max_variation_regular_price":[""],"_max_variation_sale_price":[""],"_min_variation_price":[""],"_min_variation_regular_price":[""],"_min_variation_sale_price":[""],"_regular_price":[""],"_sale_price":[""],"_wc_pb_base_regular_price":[""],"_wc_pb_base_sale_price":[""],"_wc_pb_base_price":[""],"_wc_sw_max_price":[""],"_wc_sw_max_regular_price":[""],"_wc_rating_count":[""]},"uagb_featured_image_src":{"full":["https:\/\/praxas.com\/wp-content\/uploads\/logtag-logtag-utred-30-wifi-30-day-wifi-logger-wit-800px.jpg",800,463,false],"thumbnail":["https:\/\/praxas.com\/wp-content\/uploads\/logtag-logtag-utred-30-wifi-30-day-wifi-logger-wit-800px-150x150.jpg",150,150,true],"medium":["https:\/\/praxas.com\/wp-content\/uploads\/logtag-logtag-utred-30-wifi-30-day-wifi-logger-wit-800px-300x174.jpg",300,174,true],"medium_large":["https:\/\/praxas.com\/wp-content\/uploads\/logtag-logtag-utred-30-wifi-30-day-wifi-logger-wit-800px-768x444.jpg",768,444,true],"large":["https:\/\/praxas.com\/wp-content\/uploads\/logtag-logtag-utred-30-wifi-30-day-wifi-logger-wit-800px.jpg",800,463,false],"1536x1536":["https:\/\/praxas.com\/wp-content\/uploads\/logtag-logtag-utred-30-wifi-30-day-wifi-logger-wit-800px.jpg",800,463,false],"2048x2048":["https:\/\/praxas.com\/wp-content\/uploads\/logtag-logtag-utred-30-wifi-30-day-wifi-logger-wit-800px.jpg",800,463,false],"crunchify-admin-post-featured-image":["https:\/\/praxas.com\/wp-content\/uploads\/logtag-logtag-utred-30-wifi-30-day-wifi-logger-wit-800px-120x69.jpg",120,69,true],"commercegurus-pdp-large":["https:\/\/praxas.com\/wp-content\/uploads\/logtag-logtag-utred-30-wifi-30-day-wifi-logger-wit-800px.jpg",800,463,false],"commercegurus-plp-mobile":["https:\/\/praxas.com\/wp-content\/uploads\/logtag-logtag-utred-30-wifi-30-day-wifi-logger-wit-800px-441x255.jpg",441,255,true],"cgkit_image_swatch":["https:\/\/praxas.com\/wp-content\/uploads\/logtag-logtag-utred-30-wifi-30-day-wifi-logger-wit-800px-100x100.jpg",100,100,true],"woocommerce_thumbnail":["https:\/\/praxas.com\/wp-content\/uploads\/logtag-logtag-utred-30-wifi-30-day-wifi-logger-wit-800px-350x203.jpg",350,203,true],"woocommerce_single":["https:\/\/praxas.com\/wp-content\/uploads\/logtag-logtag-utred-30-wifi-30-day-wifi-logger-wit-800px.jpg",800,463,false],"woocommerce_gallery_thumbnail":["https:\/\/praxas.com\/wp-content\/uploads\/logtag-logtag-utred-30-wifi-30-day-wifi-logger-wit-800px-150x87.jpg",150,87,true]},"uagb_author_info":{"display_name":"Beth Foord","author_link":"https:\/\/praxas.com\/de\/author\/"},"uagb_comment_info":0,"uagb_excerpt":"30 Tage WiFi Logger mit Display -40\u00b0C bis +99\u00b0C Messen und speichern Sie \u00fcber 16.000 Messwerte Auswechselbare externe Sonde Echtzeit-Daten werden automatisch auf LogTag Online hochgeladen","_links":{"self":[{"href":"https:\/\/praxas.com\/de\/wp-json\/wp\/v2\/product\/27711","targetHints":{"allow":["GET"]}}],"collection":[{"href":"https:\/\/praxas.com\/de\/wp-json\/wp\/v2\/product"}],"about":[{"href":"https:\/\/praxas.com\/de\/wp-json\/wp\/v2\/types\/product"}],"wp:featuredmedia":[{"embeddable":true,"href":"https:\/\/praxas.com\/de\/wp-json\/wp\/v2\/media\/27712"}],"wp:attachment":[{"href":"https:\/\/praxas.com\/de\/wp-json\/wp\/v2\/media?parent=27711"}],"wp:term":[{"taxonomy":"product_brand","embeddable":true,"href":"https:\/\/praxas.com\/de\/wp-json\/wp\/v2\/product_brand?post=27711"},{"taxonomy":"product_cat","embeddable":true,"href":"https:\/\/praxas.com\/de\/wp-json\/wp\/v2\/product_cat?post=27711"},{"taxonomy":"product_tag","embeddable":true,"href":"https:\/\/praxas.com\/de\/wp-json\/wp\/v2\/product_tag?post=27711"}],"curies":[{"name":"wp","href":"https:\/\/api.w.org\/{rel}","templated":true}]}}