{"id":27717,"date":"2024-06-10T16:38:55","date_gmt":"2024-06-10T14:38:55","guid":{"rendered":"https:\/\/staging.praxas.com\/product\/unkategorisiert\/utred30-16r\/"},"modified":"2025-10-09T10:22:14","modified_gmt":"2025-10-09T08:22:14","slug":"utred30-16r","status":"publish","type":"product","link":"https:\/\/praxas.com\/de\/product\/datenlogger\/temperatur-datenlogger\/utred30-16r\/","title":{"rendered":"UTRED30-16R"},"content":{"rendered":"<p>Der LogTag UTRED30-16R Temperaturlogger CDC\/VFC ist f\u00fcr die \u00dcberwachung der Temperatur von Impfstoffen w\u00e4hrend des Transports und der Lagerung konzipiert. Mit einem Messbereich von -40\u00b0C bis +99\u00b0C zeichnet es bis zu 16.129 Messungen mit einem externen Sensor auf.<\/p>\n<p>Eine genaue Temperatur\u00fcberwachung w\u00e4hrend des Transports verhindert Sch\u00e4den und Verluste. Eingebaute Funktionen wie eine Echtzeituhr mit Datums-\/Zeitstempeln und eine austauschbare Batterie machen ihn ideal f\u00fcr den Transport von temperaturempfindlichen Produkten wie Impfstoffen.<\/p>\n<p>Die Temperaturlogger von LogTag sind bekannt f\u00fcr ihre schnellen Downloadzeiten und ihre Genauigkeit. Mit innovativem Design und Gro\u00dfserienproduktion bietet LogTag die kosteng\u00fcnstigsten und leistungsst\u00e4rksten Rekorder auf dem Markt.<\/p>\n<p><strong>Zu den Vorteilen des LogTag UTRED 30-16R Datenloggers geh\u00f6ren:<\/strong><\/p>\n<ul>\n<li>Misst und speichert bis zu 16.129 Zeit- und Temperaturmesswerte<\/li>\n<li>Minimale\/maximale Temperaturwerte k\u00f6nnen jederzeit zur\u00fcckgesetzt werden<\/li>\n<li>Akustischer Alarm und rote LED signalisieren, wenn der Alarm ausgel\u00f6st wird<\/li>\n<li>Temperaturbereich von -40\u00b0C bis +99\u00b0C, mit externem Sensor<\/li>\n<li>Lesen Sie die Daten direkt vom Bildschirm ab<\/li>\n<li>Keine Software zum Herunterladen der Daten erforderlich<\/li>\n<li>Keine manuellen Messungen mehr<\/li>\n<\/ul>\n<p><strong>Anzeige<\/strong><\/p>\n<p>Dieser Datenlogger verf\u00fcgt \u00fcber ein praktisches Display, das anzeigt, wenn die Temperatur zu hoch oder zu niedrig ist. Sie zeigt auch die aktuelle Temperatur, die Uhrzeit, den Aufnahmestatus und den Batteriestand an, so dass Sie alle wichtigen Daten schnell auf einen Blick sehen k\u00f6nnen.<\/p>\n<p><strong>Warum einen externen Sensor verwenden?<\/strong><\/p>\n<p>Die Produkte von LogTag sind erstklassig, aber in manchen Situationen ist ein externer Sensor erforderlich, z.B. bei der Messung der Temperatur von Fl\u00fcssigkeiten. Wenn Sie den externen Sensor in die Fl\u00fcssigkeit (z.B. einen Impfstoff) legen, k\u00f6nnen Sie die Temperatur genau \u00fcberwachen. Dies gew\u00e4hrleistet die Qualit\u00e4t und Sicherheit der Produkte.<\/p>\n<p><strong>Waren l\u00e4nger aufbewahren<\/strong><\/p>\n<p>Dieser Temperaturlogger \u00fcberwacht die Temperatur bei Transport und Lagerung \u00fcber kurze und lange Strecken und ist f\u00fcr seine hohe Leistung, Qualit\u00e4t und Genauigkeit bekannt. Die Qualit\u00e4t von Produkten wie Impfstoffen h\u00e4ngt von der richtigen Umgebungstemperatur ab. Indem Sie den LogTag UTRED30-16R in der Fracht platzieren, k\u00f6nnen Sie die Qualit\u00e4t und Sicherheit der Produkte gew\u00e4hrleisten.<\/p>\n<p><strong>Einfacher Zugang zu Daten<\/strong><\/p>\n<p>Mit dem Kauf des Temperaturloggers erhalten Sie kostenlosen Zugriff auf die LogTag Analyser Software. Mit dieser Plattform k\u00f6nnen Sie die Daten des LogTag UTRED30-16R Temperaturschreibers konfigurieren, herunterladen und anzeigen. Sie k\u00f6nnen die Daten einfach in Dateien wie Excel exportieren. Au\u00dferdem k\u00f6nnen Sie die Daten als PDF herunterladen, ohne dass Sie eine Software ben\u00f6tigen.<\/p>\n","protected":false},"excerpt":{"rendered":"<ul>\n<li>Temperatur-Logger CDC\/VFC<\/li>\n<li>-40\u00b0C bis +99\u00b0C<\/li>\n<li>Gro\u00dfer, leicht ablesbarer Bildschirm<\/li>\n<li>Akustischer Alarm &amp; LEDs<\/li>\n<li>Konnektivit\u00e4t der Sonde<\/li>\n<li>Messen und speichern Sie \u00fcber 16.000 Messwerte<\/li>\n<\/ul>\n","protected":false},"featured_media":27718,"template":"","meta":{"_acf_changed":false,"content-type":"","_uag_custom_page_level_css":""},"product_brand":[],"product_cat":[1010],"product_tag":[2513,2262],"class_list":{"0":"post-27717","1":"product","2":"type-product","3":"status-publish","4":"has-post-thumbnail","6":"product_cat-temperatur-datenlogger","7":"product_tag-logtag-de","8":"product_tag-temperatur","10":"first","11":"instock","12":"taxable","13":"shipping-taxable","14":"purchasable","15":"product-type-variable"},"bundled_by":[],"bundle_stock_status":"instock","bundle_stock_quantity":null,"bundle_virtual":false,"bundle_layout":"","bundle_add_to_cart_form_location":"","bundle_editable_in_cart":false,"bundle_sold_individually_context":"","bundle_item_grouping":"","bundle_min_size":"","bundle_max_size":"","bundle_price":[],"bundled_items":[],"bundle_sell_ids":[],"acf":[],"spectra_custom_meta":{"_backorders":["no"],"_download_limit":["-1"],"_download_expiry":["-1"],"_downloadable":["no"],"_manage_stock":["no"],"_stock_status":["instock"],"_sold_individually":["no"],"_tax_class":[""],"_tax_status":["taxable"],"_virtual":["no"],"_weight":["0"],"_width":["0"],"_height":["0"],"_length":["0"],"total_sales":["0"],"product_datasheet":[""],"_product_datasheet":["field_650ad7d6ea3a0"],"connectivity":["USB"],"_connectivity":["field_64dce263bb57c"],"brand":["LogTag"],"_brand":["field_64ddf62ed2593"],"brand_image":[""],"_brand_image":["field_650c5e7c84cae"],"_specifications_table":["field_65044e1db92a8"],"_display_data_alarm":["field_667d647bcb066"],"_resources":["field_650849c6945ee"],"_accessories":["field_650849e6945f0"],"_faqs":["field_650859523d8d5"],"_calibration_suitable_ids_gb":["field_654b4c4acb54a"],"_calibration_suitable_ids_us":["field_654b4c56cb54b"],"_show_in_calibration_suitable":["field_654cfb691d345"],"_other_features":["field_668524f8c98a4"],"_shipping":["field_66852535c98a5"],"_refrigerant_cabinet":["field_66852557c98a6"],"_main_specifications":["field_66855b25b1245"],"_usd_price_4":["field_651570dcac479"],"_usd_price_9":["field_6515713eb4807"],"_usd_price_24":["field_65157141b4809"],"_usd_price_49":["field_65157140b4808"],"_usd_price_99":["field_6515715bb480a"],"_gbp_price_4":["field_6515716e83bfa"],"_gbp_price_9":["field_6515724783bfb"],"_gbp_price_24":["field_6515724b83bfc"],"_gbp_price_49":["field_6515725983bfd"],"_gbp_price_99":["field_6515725d83bfe"],"_usdhk_price_4":["field_6515726f83bff"],"_usdhk_price_9":["field_6515727c83c00"],"_usdhk_price_24":["field_6515728083c01"],"_usdhk_price_49":["field_6515728983c02"],"_usdhk_price_99":["field_6515728e83c03"],"stock_options":["In stock"],"_stock_options":["field_6544b605dc7f9"],"_top_nav_excluded":[""],"_cms_nav_minihome":[""],"wcml_sync_hash":["a:1:{s:15:\"postmeta_fields\";s:32:\"d5088cc8c80eaad39d954d5ac8909a21\";}"],"attr_label_translations":["a:0:{}"],"_product_attributes":["a:2:{s:16:\"pa_product-brand\";a:6:{s:4:\"name\";s:16:\"pa_product-brand\";s:5:\"value\";s:0:\"\";s:8:\"position\";i:0;s:10:\"is_visible\";i:1;s:12:\"is_variation\";i:0;s:11:\"is_taxonomy\";i:1;}s:22:\"pa_logtag-probe-choice\";a:6:{s:4:\"name\";s:22:\"pa_logtag-probe-choice\";s:5:\"value\";s:0:\"\";s:8:\"position\";i:1;s:10:\"is_visible\";i:1;s:12:\"is_variation\";i:1;s:11:\"is_taxonomy\";i:1;}}"],"_product_image_gallery":["27719"],"_thumbnail_id":["27718"],"_crosssell_ids":["a:0:{}"],"_last_translation_edit_mode":["translation-editor"],"_calibration":["field_66a0ddd599972"],"_edit_lock":["1724241576:8383"],"classic-editor-remember":["classic-editor"],"rank_math_seo_score":["81"],"rank_math_contentai_score":["a:5:{s:8:\"keywords\";s:5:\"74.51\";s:9:\"wordCount\";s:1:\"0\";s:9:\"linkCount\";s:1:\"0\";s:12:\"headingCount\";s:1:\"0\";s:10:\"mediaCount\";s:1:\"0\";}"],"_edit_last":["8383"],"commercekit_gallery_layout":[""],"commercekit_disable_sticky_atc":["0"],"commercekit_wc_video_gallery":["a:0:{}"],"_rank_math_gtin_code":[""],"_stock":[null],"_wc_average_rating":[0],"_wc_review_count":["0"],"_product_version":["9.1.4"],"usd_price_4":[""],"usd_price_9":[""],"usd_price_24":[""],"usd_price_49":[""],"usd_price_99":[""],"gbp_price_4":[""],"gbp_price_9":[""],"gbp_price_24":[""],"gbp_price_49":[""],"gbp_price_99":[""],"usdhk_price_4":[""],"usdhk_price_9":[""],"usdhk_price_24":[""],"usdhk_price_49":[""],"usdhk_price_99":[""],"display_data_alarm":[""],"calibration":[""],"faqs":[""],"calibration_suitable_ids_gb":[""],"calibration_suitable_ids_us":[""],"show_in_calibration_suitable":[""],"other_features":[""],"shipping":[""],"refrigerant_cabinet":[""],"main_specifications":[""],"shoptimizer_layout_pdp_short_description_position":["default"],"rank_math_analytic_object_id":["615"],"_wpml_media_duplicate":["1"],"_wpml_media_featured":["1"],"_wcml_average_rating":[null],"_wcml_review_count":[null],"_wcml_rating_count":[null],"_price":["121.10","149.10","154","154.70","156.10","157.5","157.50","158.90"],"min_temp":["-40"],"max_temp":["99"],"_min_temp":["field_67ea5eb4e0a77"],"_max_temp":["field_67ea5f81e0a79"],"_wpml_word_count":["508"],"rank_math_primary_product_cat":["87"],"_sku":["UTRED30-16R"],"_global_unique_id":["850040258028"],"rank_math_description":["Temperaturlogger CDC\/VFC 40\u00b0C bis +99\u00b0C Gro\u00dfes, leicht ablesbares Display Akustische Alarm-LEDs Anzeige des Alarmstatus f\u00fcr bis zu 30 Tage Messen und Speichern von \u00fcber 16.000 Messwerten"],"rank_math_focus_keyword":["UTRED30"],"specifications_table":["<table class=\"specifications\">\n<tbody>\n<tr>\n<td class=\"left-td\">Externer Sensor Messbereich<\/td>\n<td>-40\u00b0C bis +99\u00b0C (-40\u00b0F bis +210\u00b0F)<\/td>\n<\/tr>\n<tr>\n<td class=\"left-td\">Temperaturbereich bei Lagerung<\/td>\n<td>-10\u00b0C bis +40\u00b0C (32\u00b0F bis +104\u00b0F)<\/td>\n<\/tr>\n<tr>\n<td class=\"left-td\">Nenntemperatur Aufl\u00f6sung<\/td>\n<td>Besser als 0,1\u00b0C (0,2\u00b0F) f\u00fcr -30\u00b0C bis +60\u00b0C (-22\u00b0F bis +140\u00b0F)\nBesser als 0,2\u00b0C (0,4\u00b0F) f\u00fcr -40\u00b0C bis -30\u00b0C (-40\u00b0F bis -22\u00b0F)\nBesser als 0,5\u00b0C (0,9\u00b0F) f\u00fcr +60\u00b0C bis +99\u00b0C (+140\u00b0F bis +210\u00b0F)\nLogTag Analyzer zeigt derzeit eine Dezimalstelle von \u00b0C oder \u00b0F an. Die native Aufl\u00f6sung ist die, die im LogTag\u00ae gespeichert ist. <\/td>\n<\/tr>\n<tr>\n<td class=\"left-td\">Konnektivit\u00e4t der Sonde<\/td>\n<td>Bis zu 2<\/td>\n<\/tr>\n<tr>\n<td class=\"left-td\">Kompatibilit\u00e4t der Sonde<\/td>\n<td>Alle externen ST100-Pr\u00e4zisions-Thermistorf\u00fchler k\u00f6nnen austauschbar an das UTRED30-16 angeschlossen werden\n. Kompatible externe F\u00fchler finden Sie im Abschnitt Zubeh\u00f6r. F\u00fcr jeden Kanal k\u00f6nnen unterschiedliche F\u00fchlermodelle verwendet werden. Nicht kompatibel mit ST10-Sensoren  <\/td>\n<\/tr>\n<tr>\n<td class=\"left-td\">Sensor-Reaktionszeit<\/td>\n<td>Typischerweise weniger als 2 Minuten (T90) in bewegter Luft (1m\/s) f\u00fcr den Typ ST100S<\/td>\n<\/tr>\n<tr>\n<td class=\"left-td\">Aufnahmekapazit\u00e4t<\/td>\n<td>32.000 Gesamtprotokollspeicher. Bietet 16.000 Temperaturmesswerte pro Kanal\nTagesstatistikspeicher (zur Anzeige auf dem LCD): bis zu 30 Tage Min\/Max\/Dauer und Alarmausl\u00f6ser-Statistiken <\/td>\n<\/tr>\n<tr>\n<td class=\"left-td\">Abtastintervall<\/td>\n<td>Konfigurierbar von 30 Sekunden bis 18 Stunden (typischerweise 5 Minuten Protokollierung)<\/td>\n<\/tr>\n<tr>\n<td class=\"left-td\">Alarme<\/td>\n<td>Bis zu 6 individuell konfigurierbare Alarme f\u00fcr jeden Kanal\nM\u00f6glichkeit, Alarme separat f\u00fcr Kanal 1 und Kanal 2 einzustellen<\/td>\n<\/tr>\n<tr>\n<td class=\"left-td\">Startoptionen f\u00fcr die Protokollierung<\/td>\n<td>Start auf Knopfdruck oder zu einem bestimmten Datum und einer bestimmten Uhrzeit. Optionale Startverz\u00f6gerung <\/td>\n<\/tr>\n<tr>\n<td class=\"left-td\">Download-Zeit<\/td>\n<td>Normalerweise mit vollem Speicher (32.000 Messwerte) in weniger als 20 Sekunden<\/td>\n<\/tr>\n<tr>\n<td class=\"left-td\">Umgebungsbedingungen<\/td>\n<td>IP61 (bei vertikaler Montage oder Aufh\u00e4ngung mit aufgesetzter USB-Staubschutzkappe)<\/td>\n<\/tr>\n<tr>\n<td class=\"left-td\">Stromquelle<\/td>\n<td>5V \u00fcber Micro-USB-Buchse oder 2 x 1,5V AAA-Batterien.\nCR2032 LiMnO2-Knopfzelle (nur Backup-Logging-Funktion) <\/td>\n<\/tr>\n<tr>\n<td class=\"left-td\">Lebensdauer der Batterie<\/td>\n<td>AAA-Batterie bis zu 12 Monate - wenn das Ger\u00e4t ohne Stromanschluss betrieben wird<\/td>\n<\/tr>\n<tr>\n<td class=\"left-td\">Echtzeituhr<\/td>\n<td>Eingebaute Echtzeituhr\nTypische Genauigkeit \u00b125ppm bei 25\u00b0C (entspricht 2,5 Sekunden\/Tag)\nDer Nenntemperaturkoeffizient betr\u00e4gt -0,034 \u00b10,006ppm\/\u00b0C (d.h. typischerweise +\/- 0,00294 Sekunden\/Tag\/\u00b0C)<\/td>\n<\/tr>\n<tr>\n<td class=\"left-td\">Anschluss Schnittstelle<\/td>\n<td>USB 2.0 \/ Micro USB-Buchse<\/td>\n<\/tr>\n<tr>\n<td class=\"left-td\">Standard-Fernbedienungskabel-L\u00e4ngen<\/td>\n<td>Standard: 1,5m (4'11\")\nVerl\u00e4ngert: 3m (9'10\") (empfohlenes Maximum)<\/td>\n<\/tr>\n<tr>\n<td class=\"left-td\">Fernf\u00fchler Kabeltyp<\/td>\n<td>PTFE (FDA-zertifiziert f\u00fcr den Kontakt mit Lebensmitteln), koaxial<\/td>\n<\/tr>\n<tr>\n<td class=\"left-td\">Gr\u00f6\u00dfe<\/td>\n<td>141mm(H) x 72mm(B) x 18mm(T)<\/td>\n<\/tr>\n<tr>\n<td class=\"left-td\">Gewicht<\/td>\n<td>156g mit AAA-Batterien, (132g - ohne Sonde und AAA-Batterien)<\/td>\n<\/tr>\n<tr>\n<td class=\"left-td\">Material Geh\u00e4use<\/td>\n<td>Polycarbonat<\/td>\n<\/tr>\n<\/tbody>\n<\/table>"],"resources":["<img src=\"https:\/\/praxas.com\/wp-content\/uploads\/document-icon.png\" alt=\"Dokument-Symbol\"><a href=\"https:\/\/praxas.com\/wp-content\/uploads\/LogTag_UTRED30-16_Brochure.pdf\">LogTag UTRED30-16R Brosch\u00fcre<\/a>\n\n<img src=\"https:\/\/praxas.com\/wp-content\/uploads\/document-icon.png\" alt=\"Dokument-Symbol\"><a href=\"https:\/\/praxas.com\/wp-content\/uploads\/User-Guide-UTRED30-16.pdf\">LogTag UTRED30-16R Schnellstartanleitung<\/a>\n\n<img src=\"https:\/\/praxas.com\/wp-content\/uploads\/document-icon.png\" alt=\"Dokument-Symbol\"><a href=\"https:\/\/praxas.com\/wp-content\/uploads\/UTRED30-16_Product_User_Guide.pdf\">LogTag UTRED30-16R Benutzerhandbuch<\/a>\n\n\u00a0"],"accessories":["[products skus=\"Buffer Bottle,WBM-02\"]"],"_uag_page_assets":["a:9:{s:3:\"css\";s:0:\"\";s:2:\"js\";s:0:\"\";s:18:\"current_block_list\";a:0:{}s:8:\"uag_flag\";b:0;s:11:\"uag_version\";s:10:\"1775212209\";s:6:\"gfonts\";a:0:{}s:10:\"gfonts_url\";s:0:\"\";s:12:\"gfonts_files\";a:0:{}s:14:\"uag_faq_layout\";b:0;}"],"hubwoo_ecomm_invalid_pro":["yes"],"_max_variation_price":[""],"_max_variation_regular_price":[""],"_max_variation_sale_price":[""],"_min_variation_price":[""],"_min_variation_regular_price":[""],"_min_variation_sale_price":[""],"_regular_price":[""],"_sale_price":[""],"_wc_pb_base_regular_price":[""],"_wc_pb_base_sale_price":[""],"_wc_pb_base_price":[""],"_wc_sw_max_price":[""],"_wc_sw_max_regular_price":[""],"_wc_rating_count":[""]},"uagb_featured_image_src":{"full":["https:\/\/praxas.com\/wp-content\/uploads\/logtag-logtag-utred30-16r-temperature-logger-cdc-v-800px.jpg",800,463,false],"thumbnail":["https:\/\/praxas.com\/wp-content\/uploads\/logtag-logtag-utred30-16r-temperature-logger-cdc-v-800px-150x150.jpg",150,150,true],"medium":["https:\/\/praxas.com\/wp-content\/uploads\/logtag-logtag-utred30-16r-temperature-logger-cdc-v-800px-300x174.jpg",300,174,true],"medium_large":["https:\/\/praxas.com\/wp-content\/uploads\/logtag-logtag-utred30-16r-temperature-logger-cdc-v-800px-768x444.jpg",768,444,true],"large":["https:\/\/praxas.com\/wp-content\/uploads\/logtag-logtag-utred30-16r-temperature-logger-cdc-v-800px.jpg",800,463,false],"1536x1536":["https:\/\/praxas.com\/wp-content\/uploads\/logtag-logtag-utred30-16r-temperature-logger-cdc-v-800px.jpg",800,463,false],"2048x2048":["https:\/\/praxas.com\/wp-content\/uploads\/logtag-logtag-utred30-16r-temperature-logger-cdc-v-800px.jpg",800,463,false],"crunchify-admin-post-featured-image":["https:\/\/praxas.com\/wp-content\/uploads\/logtag-logtag-utred30-16r-temperature-logger-cdc-v-800px-120x69.jpg",120,69,true],"commercegurus-pdp-large":["https:\/\/praxas.com\/wp-content\/uploads\/logtag-logtag-utred30-16r-temperature-logger-cdc-v-800px.jpg",800,463,false],"commercegurus-plp-mobile":["https:\/\/praxas.com\/wp-content\/uploads\/logtag-logtag-utred30-16r-temperature-logger-cdc-v-800px-441x255.jpg",441,255,true],"cgkit_image_swatch":["https:\/\/praxas.com\/wp-content\/uploads\/logtag-logtag-utred30-16r-temperature-logger-cdc-v-800px-100x100.jpg",100,100,true],"woocommerce_thumbnail":["https:\/\/praxas.com\/wp-content\/uploads\/logtag-logtag-utred30-16r-temperature-logger-cdc-v-800px-350x203.jpg",350,203,true],"woocommerce_single":["https:\/\/praxas.com\/wp-content\/uploads\/logtag-logtag-utred30-16r-temperature-logger-cdc-v-800px.jpg",800,463,false],"woocommerce_gallery_thumbnail":["https:\/\/praxas.com\/wp-content\/uploads\/logtag-logtag-utred30-16r-temperature-logger-cdc-v-800px-150x87.jpg",150,87,true]},"uagb_author_info":{"display_name":"Beth Foord","author_link":"https:\/\/praxas.com\/de\/author\/"},"uagb_comment_info":0,"uagb_excerpt":"Temperatur-Logger CDC\/VFC -40\u00b0C bis +99\u00b0C Gro\u00dfer, leicht ablesbarer Bildschirm Akustischer Alarm &amp; LEDs Konnektivit\u00e4t der Sonde Messen und speichern Sie \u00fcber 16.000 Messwerte","_links":{"self":[{"href":"https:\/\/praxas.com\/de\/wp-json\/wp\/v2\/product\/27717","targetHints":{"allow":["GET"]}}],"collection":[{"href":"https:\/\/praxas.com\/de\/wp-json\/wp\/v2\/product"}],"about":[{"href":"https:\/\/praxas.com\/de\/wp-json\/wp\/v2\/types\/product"}],"wp:featuredmedia":[{"embeddable":true,"href":"https:\/\/praxas.com\/de\/wp-json\/wp\/v2\/media\/27718"}],"wp:attachment":[{"href":"https:\/\/praxas.com\/de\/wp-json\/wp\/v2\/media?parent=27717"}],"wp:term":[{"taxonomy":"product_brand","embeddable":true,"href":"https:\/\/praxas.com\/de\/wp-json\/wp\/v2\/product_brand?post=27717"},{"taxonomy":"product_cat","embeddable":true,"href":"https:\/\/praxas.com\/de\/wp-json\/wp\/v2\/product_cat?post=27717"},{"taxonomy":"product_tag","embeddable":true,"href":"https:\/\/praxas.com\/de\/wp-json\/wp\/v2\/product_tag?post=27717"}],"curies":[{"name":"wp","href":"https:\/\/api.w.org\/{rel}","templated":true}]}}