{"id":27722,"date":"2024-06-10T16:17:25","date_gmt":"2024-06-10T14:17:25","guid":{"rendered":"https:\/\/staging.praxas.com\/product\/unkategorisiert\/trex-8-temperaturlogger\/"},"modified":"2025-10-08T18:15:06","modified_gmt":"2025-10-08T16:15:06","slug":"trex-8-temperaturlogger","status":"publish","type":"product","link":"https:\/\/praxas.com\/de\/product\/datenlogger\/temperatur-datenlogger\/trex-8-temperaturlogger\/","title":{"rendered":"TREX-8 Temperatur-Logger"},"content":{"rendered":"<p>Der LogTag TREX-8 Temperaturlogger mit externem Sensor erm\u00f6glicht die Temperaturmessung und -\u00fcberwachung w\u00e4hrend Transport und Lagerung. Er hat eine kompakte Gr\u00f6\u00dfe und verf\u00fcgt \u00fcber einen zus\u00e4tzlichen Anschluss, um einen externen Sensor an den Logger anzuschlie\u00dfen.<\/p>\n<p>Der LogTag TREX-8 Temperaturlogger misst und protokolliert bis zu 8.000 Werte in einem Bereich von -40\u00b0C bis +99\u00b0C (-40\u00b0F bis +210\u00b0F). Das macht den Temperaturlogger ideal f\u00fcr extreme Temperaturmessungen w\u00e4hrend des Transports.<\/p>\n<p>Die genaue Messung der Temperatur w\u00e4hrend des Transports hilft, Besch\u00e4digungen oder Gewichtsverlust zu vermeiden. Ausgestattet mit integrierten Funktionen wie einer Echtzeituhr, die f\u00fcr jede Temperaturmessung einen Datums-\/Zeitstempel liefert, ist dieser Temperaturlogger ideal f\u00fcr den Transport von temperaturempfindlichen Produkten.<\/p>\n<p>Die Temperaturlogger von LogTag sind daf\u00fcr bekannt, die beste Downloadzeit und Genauigkeit auf dem Markt zu haben. Mit einer Batterielebensdauer von bis zu 3 Jahren k\u00f6nnen Sie sich auf genaue Daten verlassen.<\/p>\n<p><strong>Zu den Vorteilen des LogTag TREX-8 Temperaturloggers geh\u00f6ren:<\/strong><\/p>\n<ul>\n<li>8.000 Messpunkte<\/li>\n<li>Temperaturbereich von -40 ~ +99 \u00b0C<\/li>\n<li>Anschluss f\u00fcr externen Sensor<\/li>\n<li>Batterielebensdauer von 2 bis 3 Jahren bei 25-min\u00fctigen Intervallen<\/li>\n<li>Einstellbare Alarmeinstellungen und LED-Anzeigen<\/li>\n<li>Robustes und langlebiges Polycarbonat-Geh\u00e4use<\/li>\n<li>Keine manuellen Messungen<\/li>\n<\/ul>\n<p><strong>Warum einen externen Sensor verwenden?<\/strong><\/p>\n<p>LogTag Produkte sind die besten auf dem Markt, aber leider gibt es Orte, an denen ein Temperaturlogger die Temperatur nicht messen kann. Wenn Sie die Temperatur von Fl\u00fcssigkeiten messen, empfehlen wir einen externen Sensor. Tauchen Sie den Sensor in die Fl\u00fcssigkeit und messen Sie die Temperatur.<\/p>\n<p><strong>Waren l\u00e4nger aufbewahren<\/strong><\/p>\n<p>Dieser Temperaturlogger \u00fcberwacht die Transporttemperatur \u00fcber kurze und lange Strecken und ist f\u00fcr seine hohe Leistung, Qualit\u00e4t und Genauigkeit bekannt. Die Qualit\u00e4t von Produkten, wie Wein, Obst und Blumen, h\u00e4ngt von der Umgebungstemperatur ab. Die Verwendung des LogTag TREX-8 sorgt f\u00fcr Aufmerksamkeit und gew\u00e4hrleistet Produktqualit\u00e4t und -sicherheit.<\/p>\n<p><strong>Einfacher Zugang zu Daten<\/strong><\/p>\n<p>Wenn Sie den Temperaturlogger kaufen, k\u00f6nnen Sie die LogTag Analyser Software kostenlos nutzen. Dieses Programm ist eine Plattform zum Konfigurieren, Herunterladen und Anzeigen der Daten des LogTag TREX-8 Temperaturloggers. Die Daten k\u00f6nnen leicht in andere Dateien exportiert werden, z. B. in Excel.<\/p>\n","protected":false},"excerpt":{"rendered":"<ul>\n<li>8.000 Messpunkte<\/li>\n<li>-40\u00b0C bis +99\u00b0C<\/li>\n<li>Anschluss eines externen Sensors<\/li>\n<li>Einstellbare Alarmeinstellungen<\/li>\n<\/ul>\n","protected":false},"featured_media":27723,"template":"","meta":{"_acf_changed":false,"content-type":"","_uag_custom_page_level_css":""},"product_brand":[],"product_cat":[1010],"product_tag":[2513],"class_list":{"0":"post-27722","1":"product","2":"type-product","3":"status-publish","4":"has-post-thumbnail","6":"product_cat-temperatur-datenlogger","7":"product_tag-logtag-de","9":"first","10":"instock","11":"taxable","12":"shipping-taxable","13":"purchasable","14":"product-type-variable"},"bundled_by":[],"bundle_stock_status":"instock","bundle_stock_quantity":null,"bundle_virtual":false,"bundle_layout":"","bundle_add_to_cart_form_location":"","bundle_editable_in_cart":false,"bundle_sold_individually_context":"","bundle_item_grouping":"","bundle_min_size":"","bundle_max_size":"","bundle_price":[],"bundled_items":[],"bundle_sell_ids":[],"acf":[],"spectra_custom_meta":{"_product_attributes":["a:2:{s:16:\"pa_product-brand\";a:6:{s:4:\"name\";s:16:\"pa_product-brand\";s:5:\"value\";s:0:\"\";s:8:\"position\";i:0;s:10:\"is_visible\";i:1;s:12:\"is_variation\";i:0;s:11:\"is_taxonomy\";i:1;}s:22:\"pa_logtag-probe-choice\";a:6:{s:4:\"name\";s:22:\"pa_logtag-probe-choice\";s:5:\"value\";s:0:\"\";s:8:\"position\";i:1;s:10:\"is_visible\";i:1;s:12:\"is_variation\";i:1;s:11:\"is_taxonomy\";i:1;}}"],"attr_label_translations":["a:1:{s:2:\"de\";a:1:{s:13:\"make-a-choice\";s:21:\"Treffen Sie eine Wahl\";}}"],"_backorders":["no"],"_download_limit":["-1"],"_download_expiry":["-1"],"_downloadable":["no"],"_manage_stock":["no"],"_stock_status":["instock"],"_sold_individually":["no"],"_tax_class":[""],"_tax_status":["taxable"],"_virtual":["no"],"total_sales":["23"],"product_datasheet":[""],"_product_datasheet":["field_650ad7d6ea3a0"],"_connectivity":["field_64dce263bb57c"],"brand":["LogTag"],"_brand":["field_64ddf62ed2593"],"brand_image":[""],"_brand_image":["field_650c5e7c84cae"],"_specifications_table":["field_65044e1db92a8"],"_resources":["field_650849c6945ee"],"_accessories":["field_650849e6945f0"],"_faqs":["field_650859523d8d5"],"_calibration_suitable_ids_gb":["field_654b4c4acb54a"],"_calibration_suitable_ids_us":["field_654b4c56cb54b"],"_show_in_calibration_suitable":["field_654cfb691d345"],"_usd_price_4":["field_651570dcac479"],"_usd_price_9":["field_6515713eb4807"],"_usd_price_24":["field_65157141b4809"],"_usd_price_49":["field_65157140b4808"],"_usd_price_99":["field_6515715bb480a"],"_gbp_price_4":["field_6515716e83bfa"],"_gbp_price_9":["field_6515724783bfb"],"_gbp_price_24":["field_6515724b83bfc"],"_gbp_price_49":["field_6515725983bfd"],"_gbp_price_99":["field_6515725d83bfe"],"_usdhk_price_4":["field_6515726f83bff"],"_usdhk_price_9":["field_6515727c83c00"],"_usdhk_price_24":["field_6515728083c01"],"_usdhk_price_49":["field_6515728983c02"],"_usdhk_price_99":["field_6515728e83c03"],"stock_options":["In stock"],"_stock_options":["field_6544b605dc7f9"],"_top_nav_excluded":[""],"_cms_nav_minihome":[""],"wcml_sync_hash":["a:1:{s:15:\"postmeta_fields\";s:32:\"4fc5768fece7ea411e50d6289ee8cfc4\";}"],"_product_image_gallery":["27724,27725,27726,27727"],"_thumbnail_id":["27723"],"_crosssell_ids":["a:0:{}"],"_last_translation_edit_mode":["translation-editor"],"_display_data_alarm":["field_667d647bcb066"],"_other_features":["field_668524f8c98a4"],"_shipping":["field_66852535c98a5"],"_refrigerant_cabinet":["field_66852557c98a6"],"_main_specifications":["field_66855b25b1245"],"connectivity":["Interface Cradle"],"_calibration":["field_66a0ddd599972"],"_edit_lock":["1724240651:8383"],"classic-editor-remember":["classic-editor"],"_edit_last":["8383"],"commercekit_gallery_layout":[""],"commercekit_disable_sticky_atc":["0"],"commercekit_wc_video_gallery":["a:0:{}"],"_rank_math_gtin_code":[""],"_wcml_average_rating":[null],"_wcml_review_count":[null],"_wcml_rating_count":[null],"_stock":[null],"_wc_average_rating":[0],"_wc_review_count":["0"],"_product_version":["9.1.4"],"usd_price_4":[""],"usd_price_9":[""],"usd_price_24":[""],"usd_price_49":[""],"usd_price_99":[""],"gbp_price_4":[""],"gbp_price_9":[""],"gbp_price_24":[""],"gbp_price_49":[""],"gbp_price_99":[""],"usdhk_price_4":[""],"usdhk_price_9":[""],"usdhk_price_24":[""],"usdhk_price_49":[""],"usdhk_price_99":[""],"display_data_alarm":[""],"calibration":[""],"faqs":[""],"calibration_suitable_ids_gb":[""],"calibration_suitable_ids_us":[""],"show_in_calibration_suitable":[""],"other_features":[""],"shipping":[""],"refrigerant_cabinet":[""],"main_specifications":[""],"shoptimizer_layout_pdp_short_description_position":["default"],"rank_math_analytic_object_id":["610"],"_wpml_media_duplicate":["1"],"_wpml_media_featured":["1"],"_price":["38.50","38.50","38.50","66.50","71.40","72.10","73.50","74.9","74.90","76.30"],"min_temp":["-40"],"max_temp":["99"],"_min_temp":["field_67ea5eb4e0a77"],"_max_temp":["field_67ea5f81e0a79"],"hubwoo_ecomm_pro_id":["21496517986"],"_wpml_word_count":["441"],"rank_math_primary_product_cat":["87"],"_sku":["TREX-8"],"rank_math_description":["Mit dem LogTag TREX-8 Temperaturlogger mit externem Sensor k\u00f6nnen Sie die Temperatur w\u00e4hrend des Transports und der Lagerung messen und \u00fcberwachen.  "],"rank_math_focus_keyword":["Temperatur Logger"],"specifications_table":["<table class=\"specifications\">\n<tbody>\n<tr>\n<td class=\"left-td\">Externer Sensor Messbereich<\/td>\n<td>-40\u00b0C bis +99\u00b0C (-40\u00b0F bis +210\u00b0F)<\/td>\n<\/tr>\n<tr>\n<td class=\"left-td\">Temperaturbereich bei Lagerung<\/td>\n<td>-10\u00b0C bis +55\u00b0C (14\u00b0F bis +131\u00b0F)<\/td>\n<\/tr>\n<tr>\n<td class=\"left-td\">Aufl\u00f6sung der Nenntemperaturanzeige<\/td>\n<td>Weniger als 0.1\u00b0C (0.2\u00b0F) f\u00fcr Messungen von -40\u00b0C bis +40\u00b0C (-40\u00b0F bis +104\u00b0F)\nWeniger als 0.2\u00b0C (0.4\u00b0F) f\u00fcr Messungen von +40\u00b0C bis +80\u00b0C (+104\u00b0F bis +176\u00b0F)\nWeniger als 0.6\u00b0C (0.5\u00b0F) f\u00fcr Messungen von +80\u00b0C bis +99\u00b0C (+176\u00b0F bis +210\u00b0F)\nLogTag Analyzer\u00ae zeigt derzeit eine Dezimalstelle von \u00b0C oder \u00b0F an. Die native Aufl\u00f6sung ist die, die im LogTag\u00ae gespeichert ist. <\/td>\n<\/tr>\n<tr>\n<td class=\"left-td\">Sensor-Reaktionszeit<\/td>\n<td>Typischerweise weniger als 2 Minuten (T90) in bewegter Luft (1m\/s) f\u00fcr die Typen ST100T, ST100H und ST100S<\/td>\n<\/tr>\n<tr>\n<td class=\"left-td\">Aufnahmekapazit\u00e4t<\/td>\n<td>8031 Temperaturmesswerte.\n53 Tage @ 10min Aufzeichnung, 80 Tage @ 15min Aufzeichnung <\/td>\n<\/tr>\n<tr>\n<td class=\"left-td\">Abtastintervall<\/td>\n<td>Konfigurierbar von 30 Sekunden bis 18 Stunden<\/td>\n<\/tr>\n<tr>\n<td class=\"left-td\">Startoptionen f\u00fcr die Protokollierung<\/td>\n<td>Start auf Knopfdruck oder zu einem bestimmten Datum und einer bestimmten Uhrzeit. Optionale Startverz\u00f6gerung von bis zu 72 Stunden <\/td>\n<\/tr>\n<tr>\n<td class=\"left-td\">Aufnahme-Anzeige<\/td>\n<td>Blinkende 'OK'-Anzeige \/ blinkende 'ALERT'-Anzeige<\/td>\n<\/tr>\n<tr>\n<td class=\"left-td\">Download-Zeit<\/td>\n<td>Normalerweise weniger als 5 Sekunden f\u00fcr einen vollen Speicher (8031 Messwerte), abh\u00e4ngig vom verwendeten Computer oder Ausleseger\u00e4t<\/td>\n<\/tr>\n<tr>\n<td class=\"left-td\">Umwelt<\/td>\n<td>IP61<\/td>\n<\/tr>\n<tr>\n<td class=\"left-td\">Stromquelle<\/td>\n<td>CR2450 3V LiMnO2 Batterie (fest)<\/td>\n<\/tr>\n<tr>\n<td class=\"left-td\">Lebensdauer der Batterie<\/td>\n<td>1 Jahr Lagerung, gefolgt von 2 - 3 Jahren normaler Nutzung (basierend auf 15-min\u00fctiger Aufzeichnung, monatlicher Download der Daten)<\/td>\n<\/tr>\n<tr>\n<td class=\"left-td\">Echtzeituhr<\/td>\n<td>Eingebaute Echtzeituhr\nNenngenauigkeit \u00b125ppm bei 25\u00b0C (entspricht 2,5 Sekunden\/Tag)\nDer Nenntemperaturkoeffizient betr\u00e4gt -0,034 \u00b10,006ppm\/\u00b0C (d.h. typischerweise +\/- 0,00294 Sekunden\/Tag\/\u00b0C)<\/td>\n<\/tr>\n<tr>\n<td class=\"left-td\">Standard-Fernbedienungssensor Kabell\u00e4nge<\/td>\n<td>Standard: 1,5m (4'11\u2033)\nVerl\u00e4ngert: 3m (9'10\u2033) (empfohlenes Maximum)<\/td>\n<\/tr>\n<tr>\n<td class=\"left-td\">Fernbedienungssensor Kabeltyp<\/td>\n<td>PTFE (FDA-konform f\u00fcr Lebensmittelkontakt), koaxial<\/td>\n<\/tr>\n<tr>\n<td class=\"left-td\">Gr\u00f6\u00dfe<\/td>\n<td>86mm(H) x 54,5mm(B) x 8,6mm(T)<\/td>\n<\/tr>\n<tr>\n<td class=\"left-td\">Gewicht<\/td>\n<td>36g (ohne externe Sonde)<\/td>\n<\/tr>\n<tr>\n<td class=\"left-td\">Material Geh\u00e4use<\/td>\n<td>Polycarbonat<\/td>\n<\/tr>\n<\/tbody>\n<\/table>"],"resources":["<ul class=\"resources-list\">\n \t<li><a href=\"https:\/\/praxas.com\/wp-content\/uploads\/LogTag_TREX-8_Brochure.pdf\"><img src=\"https:\/\/praxas.com\/wp-content\/uploads\/document-icon.png\" alt=\"Dokument-Symbol\">LogTag TREX-8 Brosch\u00fcre<\/a><\/li>\n \t<li><img src=\"https:\/\/praxas.com\/wp-content\/uploads\/document-icon.png\" alt=\"Dokument-Symbol\"><a href=\"https:\/\/praxas.com\/wp-content\/uploads\/General_LogTag_Quick_Start_Guide.pdf\">LogTag TREX-8 Schnellstartanleitung<\/a><\/li>\n<\/ul>\n\u00a0"],"accessories":["[products skus=\"LTI-HID,WMB-1,Buffer Bottle\"]"],"_uag_page_assets":["a:9:{s:3:\"css\";s:0:\"\";s:2:\"js\";s:0:\"\";s:18:\"current_block_list\";a:0:{}s:8:\"uag_flag\";b:0;s:11:\"uag_version\";s:10:\"1776254989\";s:6:\"gfonts\";a:0:{}s:10:\"gfonts_url\";s:0:\"\";s:12:\"gfonts_files\";a:0:{}s:14:\"uag_faq_layout\";b:0;}"],"_max_variation_price":[""],"_max_variation_regular_price":[""],"_max_variation_sale_price":[""],"_min_variation_price":[""],"_min_variation_regular_price":[""],"_min_variation_sale_price":[""],"_regular_price":[""],"_sale_price":[""],"_wc_pb_base_regular_price":[""],"_wc_pb_base_sale_price":[""],"_wc_pb_base_price":[""],"_wc_sw_max_price":[""],"_wc_sw_max_regular_price":[""],"_wc_rating_count":[""]},"uagb_featured_image_src":{"full":["https:\/\/praxas.com\/wp-content\/uploads\/logtag-trex-8-temperature-logger.jpg",800,463,false],"thumbnail":["https:\/\/praxas.com\/wp-content\/uploads\/logtag-trex-8-temperature-logger-150x150.jpg",150,150,true],"medium":["https:\/\/praxas.com\/wp-content\/uploads\/logtag-trex-8-temperature-logger-300x174.jpg",300,174,true],"medium_large":["https:\/\/praxas.com\/wp-content\/uploads\/logtag-trex-8-temperature-logger-768x444.jpg",768,444,true],"large":["https:\/\/praxas.com\/wp-content\/uploads\/logtag-trex-8-temperature-logger.jpg",800,463,false],"1536x1536":["https:\/\/praxas.com\/wp-content\/uploads\/logtag-trex-8-temperature-logger.jpg",800,463,false],"2048x2048":["https:\/\/praxas.com\/wp-content\/uploads\/logtag-trex-8-temperature-logger.jpg",800,463,false],"crunchify-admin-post-featured-image":["https:\/\/praxas.com\/wp-content\/uploads\/logtag-trex-8-temperature-logger-120x69.jpg",120,69,true],"commercegurus-pdp-large":["https:\/\/praxas.com\/wp-content\/uploads\/logtag-trex-8-temperature-logger.jpg",800,463,false],"commercegurus-plp-mobile":["https:\/\/praxas.com\/wp-content\/uploads\/logtag-trex-8-temperature-logger-441x255.jpg",441,255,true],"cgkit_image_swatch":["https:\/\/praxas.com\/wp-content\/uploads\/logtag-trex-8-temperature-logger-100x100.jpg",100,100,true],"woocommerce_thumbnail":["https:\/\/praxas.com\/wp-content\/uploads\/logtag-trex-8-temperature-logger-350x203.jpg",350,203,true],"woocommerce_single":["https:\/\/praxas.com\/wp-content\/uploads\/logtag-trex-8-temperature-logger.jpg",800,463,false],"woocommerce_gallery_thumbnail":["https:\/\/praxas.com\/wp-content\/uploads\/logtag-trex-8-temperature-logger-150x87.jpg",150,87,true]},"uagb_author_info":{"display_name":"Beth Foord","author_link":"https:\/\/praxas.com\/de\/author\/"},"uagb_comment_info":0,"uagb_excerpt":"8.000 Messpunkte -40\u00b0C bis +99\u00b0C Anschluss eines externen Sensors Einstellbare Alarmeinstellungen","_links":{"self":[{"href":"https:\/\/praxas.com\/de\/wp-json\/wp\/v2\/product\/27722","targetHints":{"allow":["GET"]}}],"collection":[{"href":"https:\/\/praxas.com\/de\/wp-json\/wp\/v2\/product"}],"about":[{"href":"https:\/\/praxas.com\/de\/wp-json\/wp\/v2\/types\/product"}],"wp:featuredmedia":[{"embeddable":true,"href":"https:\/\/praxas.com\/de\/wp-json\/wp\/v2\/media\/27723"}],"wp:attachment":[{"href":"https:\/\/praxas.com\/de\/wp-json\/wp\/v2\/media?parent=27722"}],"wp:term":[{"taxonomy":"product_brand","embeddable":true,"href":"https:\/\/praxas.com\/de\/wp-json\/wp\/v2\/product_brand?post=27722"},{"taxonomy":"product_cat","embeddable":true,"href":"https:\/\/praxas.com\/de\/wp-json\/wp\/v2\/product_cat?post=27722"},{"taxonomy":"product_tag","embeddable":true,"href":"https:\/\/praxas.com\/de\/wp-json\/wp\/v2\/product_tag?post=27722"}],"curies":[{"name":"wp","href":"https:\/\/api.w.org\/{rel}","templated":true}]}}