{"id":27751,"date":"2024-06-10T13:59:50","date_gmt":"2024-06-10T11:59:50","guid":{"rendered":"https:\/\/staging.praxas.com\/product\/unkategorisiert\/usric-8\/"},"modified":"2025-10-08T18:12:11","modified_gmt":"2025-10-08T16:12:11","slug":"usric-8","status":"publish","type":"product","link":"https:\/\/praxas.com\/de\/product\/datenlogger\/temperatur-datenlogger\/usric-8\/","title":{"rendered":"USRIC-8 USB PDF Temperatur-Logger"},"content":{"rendered":"<h3 data-start=\"204\" data-end=\"266\"><strong data-start=\"208\" data-end=\"266\">LogTag USRIC-8 &#8211; Einweg-USB-PDF-Temperaturlogger<\/strong><\/h3>\n<p data-start=\"268\" data-end=\"549\">Der LogTag USRIC-8 ist ein USB-Temperaturlogger f\u00fcr den einmaligen Gebrauch, der f\u00fcr eine zuverl\u00e4ssige \u00dcberwachung w\u00e4hrend des Transports oder der Lagerung entwickelt wurde. Er verf\u00fcgt \u00fcber einen integrierten USB-Anschluss &#8211; eine separate Schnittstelle oder Software ist nicht erforderlich &#8211; und erstellt automatisch einen detaillierten PDF-Bericht, wenn er an einen beliebigen Computer angeschlossen wird. <\/p>\n<p data-start=\"551\" data-end=\"828\">Mit einem weiten Messbereich von -30 \u00b0C bis +60 \u00b0C und einer Kapazit\u00e4t von bis zu 8.000 Messwerten ist es f\u00fcr Langzeittransporte geeignet. Visuelle Statusanzeigen geben sofortiges Feedback: ein gr\u00fcnes OK zeigt an, dass der Betrieb innerhalb der Grenzwerte liegt, w\u00e4hrend ein rotes ALERT eine Temperatur\u00fcberschreitung signalisiert. <\/p>\n<p data-start=\"830\" data-end=\"955\">Die Daten k\u00f6nnen auch \u00fcber LogTag Xpress auf LogTag Online hochgeladen werden, ohne dass ein Konto oder eine zus\u00e4tzliche Softwareinstallation erforderlich ist.<\/p>\n<p data-start=\"957\" data-end=\"974\"><strong data-start=\"957\" data-end=\"974\">Wichtige Merkmale:<\/strong><\/p>\n<ul data-start=\"976\" data-end=\"1324\">\n<li data-start=\"976\" data-end=\"1015\">\n<p data-start=\"978\" data-end=\"1015\">Temperaturbereich: -30 \u00b0C bis +60 \u00b0C<\/p>\n<\/li>\n<li data-start=\"1016\" data-end=\"1047\">\n<p data-start=\"1018\" data-end=\"1047\">Bis zu 8.000 gespeicherte Messwerte<\/p>\n<\/li>\n<li data-start=\"1048\" data-end=\"1099\">\n<p data-start=\"1050\" data-end=\"1099\">Integrierter USB &#8211; keine Ladestation oder Software erforderlich<\/p>\n<\/li>\n<li data-start=\"1100\" data-end=\"1145\">\n<p data-start=\"1102\" data-end=\"1145\">Automatisch generierter PDF-Bericht bei Verbindung<\/p>\n<\/li>\n<li data-start=\"1146\" data-end=\"1185\">\n<p data-start=\"1148\" data-end=\"1185\">Optische Warnanzeige (OK \/ ALERT)<\/p>\n<\/li>\n<li data-start=\"1186\" data-end=\"1229\">\n<p data-start=\"1188\" data-end=\"1229\">6-monatige Betriebsdauer nach Aktivierung<\/p>\n<\/li>\n<li data-start=\"1230\" data-end=\"1273\">\n<p data-start=\"1232\" data-end=\"1273\">2 Jahre Haltbarkeit (im Winterschlafmodus)<\/p>\n<\/li>\n<li data-start=\"1274\" data-end=\"1324\">\n<p data-start=\"1276\" data-end=\"1324\">Optionale detaillierte Analyse \u00fcber LogTag Analyzer<\/p>\n<\/li>\n<\/ul>\n","protected":false},"excerpt":{"rendered":"<ul>\n<li data-start=\"1358\" data-end=\"1397\">-30 \u00b0C bis +60 \u00b0C<\/li>\n<li data-start=\"1398\" data-end=\"1447\">Zum einmaligen Gebrauch<\/li>\n<li data-start=\"1398\" data-end=\"1447\">8.000 Lesepl\u00e4tze<\/li>\n<li data-start=\"1448\" data-end=\"1495\">Integrierter USB-Anschluss &#8211; keine Software oder Docking-Station erforderlich<\/li>\n<li data-start=\"1496\" data-end=\"1525\">Auto-generierter PDF-Bericht<\/li>\n<li data-start=\"1526\" data-end=\"1563\">Rote\/gr\u00fcne optische Warnanzeigen<\/li>\n<\/ul>\n","protected":false},"featured_media":49914,"template":"","meta":{"_acf_changed":false,"content-type":"","_uag_custom_page_level_css":""},"product_brand":[],"product_cat":[1010],"product_tag":[2513,2262,1016],"class_list":{"0":"post-27751","1":"product","2":"type-product","3":"status-publish","4":"has-post-thumbnail","6":"product_cat-temperatur-datenlogger","7":"product_tag-logtag-de","8":"product_tag-temperatur","9":"product_tag-usb-de","11":"first","12":"instock","13":"taxable","14":"shipping-taxable","15":"purchasable","16":"product-type-simple"},"bundled_by":[],"bundle_stock_status":"instock","bundle_stock_quantity":null,"bundle_virtual":false,"bundle_layout":"","bundle_add_to_cart_form_location":"","bundle_editable_in_cart":false,"bundle_sold_individually_context":"","bundle_item_grouping":"","bundle_min_size":"","bundle_max_size":"","bundle_price":[],"bundled_items":[],"bundle_sell_ids":[],"acf":[],"spectra_custom_meta":{"_product_attributes":["a:1:{s:16:\"pa_product-brand\";a:6:{s:4:\"name\";s:16:\"pa_product-brand\";s:5:\"value\";s:0:\"\";s:8:\"position\";i:0;s:10:\"is_visible\";i:1;s:12:\"is_variation\";i:0;s:11:\"is_taxonomy\";i:1;}}"],"attr_label_translations":["a:1:{s:2:\"de\";a:1:{s:13:\"make-a-choice\";s:21:\"Treffen Sie eine Wahl\";}}"],"_backorders":["no"],"_download_limit":["-1"],"_download_expiry":["-1"],"_downloadable":["no"],"_manage_stock":["no"],"_sku":["USRIC-8"],"_stock_status":["instock"],"_sold_individually":["no"],"_tax_class":[""],"_tax_status":["taxable"],"_virtual":["no"],"total_sales":["52"],"product_datasheet":[""],"_product_datasheet":["field_650ad7d6ea3a0"],"connectivity":["USB"],"_connectivity":["field_64dce263bb57c"],"brand":["LogTag"],"_brand":["field_64ddf62ed2593"],"brand_image":[""],"_brand_image":["field_650c5e7c84cae"],"_specifications_table":["field_65044e1db92a8"],"_display_data_alarm":["field_667d647bcb066"],"_resources":["field_650849c6945ee"],"_accessories":["field_650849e6945f0"],"_faqs":["field_650859523d8d5"],"_calibration_suitable_ids_gb":["field_654b4c4acb54a"],"_calibration_suitable_ids_us":["field_654b4c56cb54b"],"_show_in_calibration_suitable":["field_654cfb691d345"],"_other_features":["field_668524f8c98a4"],"_shipping":["field_66852535c98a5"],"_refrigerant_cabinet":["field_66852557c98a6"],"_main_specifications":["field_66855b25b1245"],"_usd_price_4":["field_651570dcac479"],"_usd_price_9":["field_6515713eb4807"],"_usd_price_24":["field_65157141b4809"],"_usd_price_49":["field_65157140b4808"],"_usd_price_99":["field_6515715bb480a"],"_gbp_price_4":["field_6515716e83bfa"],"_gbp_price_9":["field_6515724783bfb"],"_gbp_price_24":["field_6515724b83bfc"],"_gbp_price_49":["field_6515725983bfd"],"_gbp_price_99":["field_6515725d83bfe"],"_usdhk_price_4":["field_6515726f83bff"],"_usdhk_price_9":["field_6515727c83c00"],"_usdhk_price_24":["field_6515728083c01"],"_usdhk_price_49":["field_6515728983c02"],"_usdhk_price_99":["field_6515728e83c03"],"stock_options":["In stock"],"_stock_options":["field_6544b605dc7f9"],"_top_nav_excluded":[""],"_cms_nav_minihome":[""],"wcml_sync_hash":["a:1:{s:15:\"postmeta_fields\";s:32:\"e30b7c163bac1556d54035b1cfc02870\";}"],"_product_image_gallery":["49908"],"_thumbnail_id":["49914"],"_crosssell_ids":["a:0:{}"],"_last_translation_edit_mode":["translation-editor"],"_calibration":["field_66a0ddd599972"],"_edit_lock":["1724239255:8383"],"classic-editor-remember":["classic-editor"],"rank_math_seo_score":["97"],"rank_math_contentai_score":["a:5:{s:8:\"keywords\";s:5:\"74.51\";s:9:\"wordCount\";s:1:\"0\";s:9:\"linkCount\";s:1:\"0\";s:12:\"headingCount\";s:1:\"0\";s:10:\"mediaCount\";s:1:\"0\";}"],"_edit_last":["8383"],"commercekit_gallery_layout":[""],"commercekit_disable_sticky_atc":["0"],"commercekit_wc_video_gallery":["a:0:{}"],"_rank_math_gtin_code":[""],"_wcml_average_rating":[null],"_wcml_review_count":[null],"_wcml_rating_count":[null],"_stock":[null],"_wc_average_rating":[0],"_wc_review_count":["0"],"_product_version":["9.1.4"],"usd_price_4":[""],"usd_price_9":[""],"usd_price_24":[""],"usd_price_49":[""],"usd_price_99":[""],"gbp_price_4":[""],"gbp_price_9":[""],"gbp_price_24":[""],"gbp_price_49":[""],"gbp_price_99":[""],"usdhk_price_4":[""],"usdhk_price_9":[""],"usdhk_price_24":[""],"usdhk_price_49":[""],"usdhk_price_99":[""],"display_data_alarm":[""],"calibration":[""],"faqs":[""],"calibration_suitable_ids_gb":[""],"calibration_suitable_ids_us":[""],"show_in_calibration_suitable":[""],"other_features":[""],"shipping":[""],"refrigerant_cabinet":[""],"main_specifications":[""],"shoptimizer_layout_pdp_short_description_position":["default"],"rank_math_analytic_object_id":["600"],"_wpml_media_duplicate":["1"],"_wpml_media_featured":["1"],"_regular_price":["23.80"],"_price":["23.80","23.80","23.80"],"min_temp":["-30"],"max_temp":["60"],"_min_temp":["field_67ea5eb4e0a77"],"_max_temp":["field_67ea5f81e0a79"],"_wpml_word_count":["271"],"rank_math_primary_product_cat":["87"],"_global_unique_id":["850040258400"],"rank_math_description":["\u00dcberwachen Sie von -25\u00b0C bis +60\u00b0C mit dem USRIC-8 Temperaturlogger. Es zeichnet bis zu 15 Tage auf, verf\u00fcgt \u00fcber einen USB-Anschluss und erstellt automatisch PDF-Berichte."],"rank_math_focus_keyword":["USRIC-8"],"specifications_table":["<table class=\"specifications\">\n<tbody>\n<tr>\n<td class=\"left-td\">Temperatur-Messbereich<\/td>\n<td>-30\u00b0C bis +60\u00b0C (-22\u00b0F bis +140\u00b0F)<\/td>\n<\/tr>\n<tr>\n<td class=\"left-td\">Temperaturbereich bei Lagerung<\/td>\n<td>0\u00b0C bis +40\u00b0C (32\u00b0F bis +104\u00b0F)<\/td>\n<\/tr>\n<tr>\n<td class=\"left-td\">Aufl\u00f6sung der Nenntemperaturanzeige<\/td>\n<td>Weniger als 0,1\u00b0C\/F\nLogTag Analyzer\u00ae zeigt derzeit eine Dezimalstelle von \u00b0C oder \u00b0F an. Die native Aufl\u00f6sung ist die, die im LogTag\u00ae gespeichert ist. <\/td>\n<\/tr>\n<tr>\n<td class=\"left-td\">Sensor-Reaktionszeit<\/td>\n<td>Normalerweise weniger als 5 Minuten (T90) in bewegter Luft (1m\/s)<\/td>\n<\/tr>\n<tr>\n<td class=\"left-td\">Aufnahmekapazit\u00e4t<\/td>\n<td>8.001 Temperaturmesswerte. 27 Tage @ 5min Aufzeichnung, 80 Tage @ 15min Aufzeichnung <\/td>\n<\/tr>\n<tr>\n<td class=\"left-td\">Abtastintervall<\/td>\n<td>Konfigurierbar von 1 Minute bis 18 Stunden<\/td>\n<\/tr>\n<tr>\n<td class=\"left-td\">Startoptionen f\u00fcr die Protokollierung<\/td>\n<td>Start per Knopfdruck oder bestimmtes Datum und Uhrzeit<\/td>\n<\/tr>\n<tr>\n<td class=\"left-td\">Aufnahme-Anzeige<\/td>\n<td>Blinkende 'OK'-Anzeige \/ blinkende 'ALERT'-Anzeige<\/td>\n<\/tr>\n<tr>\n<td class=\"left-td\">Download-Zeit<\/td>\n<td>In der Regel weniger als 20 Sekunden vom Zeitpunkt des Einf\u00fcgens bis zur Verf\u00fcgbarkeit des PDF-Berichts\nIn der Regel weniger als 10 Sekunden vom Zeitpunkt des Einf\u00fcgens bis zur Verf\u00fcgbarkeit der LTD-Datei in LogTag\u00ae Analyzer (falls konfiguriert)<\/td>\n<\/tr>\n<tr>\n<td class=\"left-td\">Umgebungsbedingungen<\/td>\n<td>IEC 60529: IP64 mit aufgesetzter USB-Kappe<\/td>\n<\/tr>\n<tr>\n<td class=\"left-td\">Stromquelle<\/td>\n<td>CR2032 3V LiMnO2 Batterie (fest)<\/td>\n<\/tr>\n<tr>\n<td class=\"left-td\">Lebensdauer der Batterie<\/td>\n<td>2 Jahre Lagerung, gefolgt von 6 Monaten normaler Nutzung<\/td>\n<\/tr>\n<tr>\n<td class=\"left-td\">Echtzeituhr<\/td>\n<td>Eingebaute Echtzeituhr\nNenngenauigkeit \u00b125ppm bei 25\u00b0C (entspricht 2,5 Sekunden\/Tag)\nDer Nenntemperaturkoeffizient betr\u00e4gt -0,034 \u00b10,006ppm\/\u00b0C (d.h. typischerweise +\/- 0,00294 Sekunden\/Tag\/\u00b0C)<\/td>\n<\/tr>\n<tr>\n<td class=\"left-td\">Anschluss Schnittstelle<\/td>\n<td>USB 2.0, A-Stecker<\/td>\n<\/tr>\n<tr>\n<td class=\"left-td\">Software<\/td>\n<td>PDF Reader, LogTag\u00ae Analyzer 2.5 oder h\u00f6her, LogTag Xpress, LogTag Online<\/td>\n<\/tr>\n<tr>\n<td class=\"left-td\">Mehrsprachige Unterst\u00fctzung<\/td>\n<td>Mehrsprachige Unterst\u00fctzung f\u00fcr Englisch, Spanisch, Franz\u00f6sisch, Russisch und Deutsch<\/td>\n<\/tr>\n<tr>\n<td class=\"left-td\">Gr\u00f6\u00dfe<\/td>\n<td>93mm(H) x 54,5mm(B) x 8,6mm(T) einschlie\u00dflich USB-Schutzkappe<\/td>\n<\/tr>\n<tr>\n<td class=\"left-td\">Gewicht<\/td>\n<td>31g<\/td>\n<\/tr>\n<tr>\n<td class=\"left-td\">Material Geh\u00e4use<\/td>\n<td>Polycarbonat<\/td>\n<\/tr>\n<\/tbody>\n<\/table>"],"resources":["<ul class=\"resources-list\">\n \t<li><a href=\"https:\/\/praxas.com\/wp-content\/uploads\/LogTag_USRIC-8_Brochure.pdf\"><img src=\"https:\/\/praxas.com\/wp-content\/uploads\/document-icon.png\" alt=\"Dokument-Symbol\">LogTag USRIC-8 Brosch\u00fcre<\/a><\/li>\n \t<li><img src=\"https:\/\/praxas.com\/wp-content\/uploads\/document-icon.png\" alt=\"Dokument-Symbol\"><a href=\"https:\/\/praxas.com\/wp-content\/uploads\/USB-Quick-Start-Guide.pdf\">LogTag USRIC-8 Schnellstartanleitung<\/a><\/li>\n \t<li><img src=\"https:\/\/praxas.com\/wp-content\/uploads\/document-icon.png\" alt=\"Dokument-Symbol\"><a href=\"https:\/\/praxas.com\/wp-content\/uploads\/LogTag_USRIC-8_User_Guide.pdf\">Log Tag USRIC-8 Benutzerhandbuch<\/a><\/li>\n<\/ul>"],"accessories":["[products skus=\"PROTECTIVE ENCLOSURE,WMB-1\"]"],"_uag_page_assets":["a:9:{s:3:\"css\";s:0:\"\";s:2:\"js\";s:0:\"\";s:18:\"current_block_list\";a:0:{}s:8:\"uag_flag\";b:0;s:11:\"uag_version\";s:10:\"1775742760\";s:6:\"gfonts\";a:0:{}s:10:\"gfonts_url\";s:0:\"\";s:12:\"gfonts_files\";a:0:{}s:14:\"uag_faq_layout\";b:0;}"],"hubwoo_ecomm_pro_id":["2696636047"],"_max_variation_price":[""],"_max_variation_regular_price":[""],"_max_variation_sale_price":[""],"_min_variation_price":[""],"_min_variation_regular_price":[""],"_min_variation_sale_price":[""],"_sale_price":[""],"_wc_pb_base_regular_price":[""],"_wc_pb_base_sale_price":[""],"_wc_pb_base_price":[""],"_wc_sw_max_price":[""],"_wc_sw_max_regular_price":[""],"_wc_rating_count":[""]},"uagb_featured_image_src":{"full":["https:\/\/praxas.com\/wp-content\/uploads\/USRIC-8-FrontWithCap.jpg",1200,680,false],"thumbnail":["https:\/\/praxas.com\/wp-content\/uploads\/USRIC-8-FrontWithCap-150x150.jpg",150,150,true],"medium":["https:\/\/praxas.com\/wp-content\/uploads\/USRIC-8-FrontWithCap-300x170.jpg",300,170,true],"medium_large":["https:\/\/praxas.com\/wp-content\/uploads\/USRIC-8-FrontWithCap-768x435.jpg",768,435,true],"large":["https:\/\/praxas.com\/wp-content\/uploads\/USRIC-8-FrontWithCap-1024x580.jpg",1024,580,true],"1536x1536":["https:\/\/praxas.com\/wp-content\/uploads\/USRIC-8-FrontWithCap.jpg",1200,680,false],"2048x2048":["https:\/\/praxas.com\/wp-content\/uploads\/USRIC-8-FrontWithCap.jpg",1200,680,false],"crunchify-admin-post-featured-image":["https:\/\/praxas.com\/wp-content\/uploads\/USRIC-8-FrontWithCap-120x68.jpg",120,68,true],"commercegurus-pdp-large":["https:\/\/praxas.com\/wp-content\/uploads\/USRIC-8-FrontWithCap-990x561.jpg",990,561,true],"commercegurus-plp-mobile":["https:\/\/praxas.com\/wp-content\/uploads\/USRIC-8-FrontWithCap-441x250.jpg",441,250,true],"cgkit_image_swatch":["https:\/\/praxas.com\/wp-content\/uploads\/USRIC-8-FrontWithCap-100x100.jpg",100,100,true],"woocommerce_thumbnail":["https:\/\/praxas.com\/wp-content\/uploads\/USRIC-8-FrontWithCap-350x198.jpg",350,198,true],"woocommerce_single":["https:\/\/praxas.com\/wp-content\/uploads\/USRIC-8-FrontWithCap-800x453.jpg",800,453,true],"woocommerce_gallery_thumbnail":["https:\/\/praxas.com\/wp-content\/uploads\/USRIC-8-FrontWithCap-150x85.jpg",150,85,true]},"uagb_author_info":{"display_name":"Beth Foord","author_link":"https:\/\/praxas.com\/de\/author\/"},"uagb_comment_info":0,"uagb_excerpt":"-30 \u00b0C bis +60 \u00b0C Zum einmaligen Gebrauch 8.000 Lesepl\u00e4tze Integrierter USB-Anschluss - keine Software oder Docking-Station erforderlich Auto-generierter PDF-Bericht Rote\/gr\u00fcne optische Warnanzeigen","_links":{"self":[{"href":"https:\/\/praxas.com\/de\/wp-json\/wp\/v2\/product\/27751","targetHints":{"allow":["GET"]}}],"collection":[{"href":"https:\/\/praxas.com\/de\/wp-json\/wp\/v2\/product"}],"about":[{"href":"https:\/\/praxas.com\/de\/wp-json\/wp\/v2\/types\/product"}],"wp:featuredmedia":[{"embeddable":true,"href":"https:\/\/praxas.com\/de\/wp-json\/wp\/v2\/media\/49914"}],"wp:attachment":[{"href":"https:\/\/praxas.com\/de\/wp-json\/wp\/v2\/media?parent=27751"}],"wp:term":[{"taxonomy":"product_brand","embeddable":true,"href":"https:\/\/praxas.com\/de\/wp-json\/wp\/v2\/product_brand?post=27751"},{"taxonomy":"product_cat","embeddable":true,"href":"https:\/\/praxas.com\/de\/wp-json\/wp\/v2\/product_cat?post=27751"},{"taxonomy":"product_tag","embeddable":true,"href":"https:\/\/praxas.com\/de\/wp-json\/wp\/v2\/product_tag?post=27751"}],"curies":[{"name":"wp","href":"https:\/\/api.w.org\/{rel}","templated":true}]}}