{"id":27760,"date":"2024-06-10T13:21:12","date_gmt":"2024-06-10T11:21:12","guid":{"rendered":"https:\/\/staging.praxas.com\/product\/unkategorisiert\/utrix-16-temperaturlogger\/"},"modified":"2025-11-28T11:54:47","modified_gmt":"2025-11-28T10:54:47","slug":"utrix-16-temperaturlogger","status":"publish","type":"product","link":"https:\/\/praxas.com\/de\/product\/datenlogger\/temperatur-datenlogger\/utrix-16-temperaturlogger\/","title":{"rendered":"UTRIX-16 Temperatur-Logger"},"content":{"rendered":"<p>Der LogTag UTRIX-16 Temperaturlogger mit USB-Anschluss ist speziell f\u00fcr die \u00dcberwachung der Temperatur bei Transport und Lagerung gedacht. Der Datenlogger hat einen Messbereich von -30\u00b0C bis +70\u00b0C und ist mit einem USB-Anschluss ausgestattet. Schlie\u00dfen Sie den USB-Stecker an den Computer an, und schon k\u00f6nnen Sie einen ausf\u00fchrlichen PDF-Bericht erstellen.<\/p>\n<p>Eine genaue Temperaturmessung w\u00e4hrend des Transports verhindert Sch\u00e4den, Gewichtsverlust oder Verderb. Ausgestattet mit einer Echtzeituhr, die f\u00fcr jede Temperaturmessung einen Datums- und Zeitstempel liefert, ist dieser Temperaturlogger ideal f\u00fcr den Transport von temperaturempfindlichen Produkten.<\/p>\n<p>Die Temperaturlogger von LogTag sind daf\u00fcr bekannt, die beste Downloadzeit und Genauigkeit auf dem Markt zu haben. Durch die Kombination von klarer Technologie, innovativem Design und Gro\u00dfserienproduktion ist LogTag der kosteng\u00fcnstigste und leistungsst\u00e4rkste Rekorder auf dem heutigen Markt.<\/p>\n<p><strong>Zu den Vorteilen des LogTag UTRIX-16 Temperaturloggers geh\u00f6ren:<\/strong><\/p>\n<ul>\n<li>Eingebauter USB-Anschluss<\/li>\n<li>Temperaturbereich von -30\u00b0C bis +70\u00b0C<\/li>\n<li>Erzeugt automatisch einen PDF-Bericht und eine Excel-Datendatei<\/li>\n<li>Bis zu 16.129 Aufzeichnungen &#8211; bietet mehr als 3 Monate Aufzeichnung in 10-min\u00fctigen Abst\u00e4nden.<\/li>\n<li>Alarmanzeige signalisiert, wenn die Messwerte au\u00dferhalb der festgelegten Grenzen liegen<\/li>\n<li>Keine manuellen Messungen mehr<\/li>\n<li>Kompakte Gr\u00f6\u00dfe f\u00fcr einfachen Transport und Lagerung<\/li>\n<\/ul>\n<p><strong>USB-Anschluss \/ Einfacher Zugriff auf Daten<\/strong><\/p>\n<p>Dieser Temperaturschreiber ist mit einem USB-Anschluss ausgestattet und bietet den gro\u00dfen Vorteil, dass er automatisch einen PDF-Bericht erstellt. Schlie\u00dfen Sie den Datenlogger einfach an Ihren Computer an, um direkt auf die Daten zuzugreifen.<\/p>\n<p>Wenn Sie den Temperaturlogger kaufen, erhalten Sie kostenlosen Zugang zur LogTag Analyzer Software. Diese Software erm\u00f6glicht die Konfiguration, das Herunterladen und die Anzeige von Daten aus dem LogTag UTRIX-16 Temperaturlogger, mit bequemen Exportoptionen in Excel und andere Formate.<\/p>\n<p><strong>ALERT-Anzeige<\/strong><\/p>\n<p>Der Temperaturschreiber ist mit einer LED-Anzeige ausgestattet. Immer wenn die Messwerte au\u00dferhalb der Grenzwerte liegen, wird die Anzeige rot. Wenn alles in Ordnung ist, leuchtet die Anzeige gr\u00fcn. Sie k\u00f6nnen den Status der Ladung auf einen Blick sehen.<\/p>\n<p><strong>Waren l\u00e4nger aufbewahren<\/strong><\/p>\n<p>Dieser Temperaturlogger \u00fcberwacht Transport- und Lagertemperaturen \u00fcber kurze und lange Strecken und ist f\u00fcr seine hohe Leistung, Qualit\u00e4t und Genauigkeit bekannt. Die Unversehrtheit von Produkten, wie z.B. Lebensmitteln oder Kunst, h\u00e4ngt von der Aufrechterhaltung der richtigen Umgebungstemperatur ab. Indem Sie den LogTag UTRIX-16 in Ihrer Fracht einsetzen, stellen Sie sicher, dass Sie die Temperaturbedingungen kennen, die f\u00fcr die Aufrechterhaltung der Produktqualit\u00e4t und -sicherheit entscheidend sind.<\/p>\n","protected":false},"excerpt":{"rendered":"<ul>\n<li>-25\u00b0C bis +70\u00b0C<\/li>\n<li>USB-Anschluss mit vergoldeten Kontakten<\/li>\n<li>\u00dcber 16.000 Lesungen<\/li>\n<li>Automatische PDF-Berichterstellung<\/li>\n<li>Mehrzweck-USB &amp; PDF<\/li>\n<\/ul>\n","protected":false},"featured_media":27761,"template":"","meta":{"_acf_changed":false,"content-type":"","_uag_custom_page_level_css":""},"product_brand":[],"product_cat":[1010],"product_tag":[2513,2262,1016],"class_list":{"0":"post-27760","1":"product","2":"type-product","3":"status-publish","4":"has-post-thumbnail","6":"product_cat-temperatur-datenlogger","7":"product_tag-logtag-de","8":"product_tag-temperatur","9":"product_tag-usb-de","11":"first","12":"instock","13":"sale","14":"taxable","15":"shipping-taxable","16":"purchasable","17":"product-type-simple"},"bundled_by":[],"bundle_stock_status":"instock","bundle_stock_quantity":null,"bundle_virtual":false,"bundle_layout":"","bundle_add_to_cart_form_location":"","bundle_editable_in_cart":false,"bundle_sold_individually_context":"","bundle_item_grouping":"","bundle_min_size":"","bundle_max_size":"","bundle_price":[],"bundled_items":[],"bundle_sell_ids":[],"acf":[],"spectra_custom_meta":{"_backorders":["no"],"_download_limit":["-1"],"_download_expiry":["-1"],"_downloadable":["no"],"_manage_stock":["no"],"_sku":["UTRIX-16"],"_stock_status":["instock"],"_sold_individually":["no"],"_tax_class":[""],"_tax_status":["taxable"],"_virtual":["no"],"_width":["90"],"_height":["90"],"_length":["62"],"product_datasheet":[""],"_product_datasheet":["field_650ad7d6ea3a0"],"connectivity":["USB"],"_connectivity":["field_64dce263bb57c"],"brand":["LogTag"],"_brand":["field_64ddf62ed2593"],"brand_image":[""],"_brand_image":["field_650c5e7c84cae"],"_specifications_table":["field_65044e1db92a8"],"_resources":["field_650849c6945ee"],"_accessories":["field_650849e6945f0"],"_faqs":["field_650859523d8d5"],"_calibration_suitable_ids_gb":["field_654b4c4acb54a"],"_calibration_suitable_ids_us":["field_654b4c56cb54b"],"_show_in_calibration_suitable":["field_654cfb691d345"],"_usd_price_4":["field_651570dcac479"],"_usd_price_9":["field_6515713eb4807"],"_usd_price_24":["field_65157141b4809"],"_usd_price_49":["field_65157140b4808"],"_usd_price_99":["field_6515715bb480a"],"_gbp_price_4":["field_6515716e83bfa"],"_gbp_price_9":["field_6515724783bfb"],"_gbp_price_24":["field_6515724b83bfc"],"_gbp_price_49":["field_6515725983bfd"],"_gbp_price_99":["field_6515725d83bfe"],"_usdhk_price_4":["field_6515726f83bff"],"_usdhk_price_9":["field_6515727c83c00"],"_usdhk_price_24":["field_6515728083c01"],"_usdhk_price_49":["field_6515728983c02"],"_usdhk_price_99":["field_6515728e83c03"],"stock_options":["In stock"],"_stock_options":["field_6544b605dc7f9"],"_top_nav_excluded":[""],"_cms_nav_minihome":[""],"wcml_sync_hash":["a:1:{s:15:\"postmeta_fields\";s:32:\"157ff7fbd0dc6e06ad1fba5c90697cbb\";}"],"attr_label_translations":["a:0:{}"],"_product_attributes":["a:1:{s:16:\"pa_product-brand\";a:6:{s:4:\"name\";s:16:\"pa_product-brand\";s:5:\"value\";s:0:\"\";s:8:\"position\";i:0;s:10:\"is_visible\";i:1;s:12:\"is_variation\";i:0;s:11:\"is_taxonomy\";i:1;}}"],"_product_image_gallery":["27762,27763,27764"],"_thumbnail_id":["27761"],"_crosssell_ids":["a:0:{}"],"_last_translation_edit_mode":["translation-editor"],"_display_data_alarm":["field_667d647bcb066"],"_shipping":["field_66852535c98a5"],"_refrigerant_cabinet":["field_66852557c98a6"],"_main_specifications":["field_66855b25b1245"],"_calibration":["field_66a0ddd599972"],"_edit_lock":["1724237528:8383"],"classic-editor-remember":["classic-editor"],"rank_math_seo_score":["26"],"rank_math_contentai_score":["a:5:{s:8:\"keywords\";s:5:\"74.51\";s:9:\"wordCount\";s:1:\"0\";s:9:\"linkCount\";s:1:\"0\";s:12:\"headingCount\";s:1:\"0\";s:10:\"mediaCount\";s:1:\"0\";}"],"_edit_last":["8383"],"commercekit_gallery_layout":[""],"commercekit_disable_sticky_atc":["0"],"commercekit_wc_video_gallery":["a:0:{}"],"_rank_math_gtin_code":[""],"_wcml_average_rating":[null],"_wcml_review_count":[null],"_wcml_rating_count":[null],"_stock":[null],"_wc_average_rating":[0],"_wc_review_count":["0"],"_product_version":["9.1.4"],"usd_price_4":[""],"usd_price_9":[""],"usd_price_24":[""],"usd_price_49":[""],"usd_price_99":[""],"gbp_price_4":[""],"gbp_price_9":[""],"gbp_price_24":[""],"gbp_price_49":[""],"gbp_price_99":[""],"usdhk_price_4":[""],"usdhk_price_9":[""],"usdhk_price_24":[""],"usdhk_price_49":[""],"usdhk_price_99":[""],"display_data_alarm":[""],"calibration":[""],"faqs":[""],"calibration_suitable_ids_gb":[""],"calibration_suitable_ids_us":[""],"show_in_calibration_suitable":[""],"other_features":[""],"shipping":[""],"refrigerant_cabinet":[""],"main_specifications":[""],"shoptimizer_layout_pdp_short_description_position":["default"],"rank_math_analytic_object_id":["564"],"_wpml_media_duplicate":["1"],"_wpml_media_featured":["1"],"_weight":["0.36"],"_regular_price":["34.30"],"min_temp":["-30"],"max_temp":["70"],"_min_temp":["field_67ea5eb4e0a77"],"_max_temp":["field_67ea5f81e0a79"],"_wpml_word_count":["514"],"rank_math_primary_product_cat":["87"],"_global_unique_id":["850040258141"],"total_sales":["126"],"_other_features":["field_686fa2aa98dce"],"_sale_price":["27.44"],"_price":["27.44"],"rank_math_description":["Der vielseitige Temperaturlogger UTRIX-16 misst von -25\u00b0C bis +70\u00b0C, verf\u00fcgt \u00fcber einen robusten Metall-USB-Anschluss und erzeugt verschl\u00fcsselte LTD-Dateien und automatische PDF-Berichte.  "],"rank_math_focus_keyword":["UTRIX-16"],"specifications_table":["<table class=\"specifications\">\n<tbody>\n<tr>\n<td class=\"left-td\">Temperatur-Messbereich<\/td>\n<td>-30\u00b0C bis +70\u00b0C (-22\u00b0F bis +158\u00b0F)<\/td>\n<\/tr>\n<tr>\n<td class=\"left-td\">Temperaturbereich bei Lagerung<\/td>\n<td>0\u00b0C bis +40\u00b0C (32\u00b0F bis +104\u00b0F)<\/td>\n<\/tr>\n<tr>\n<td class=\"left-td\">Aufl\u00f6sung der Nenntemperaturanzeige<\/td>\n<td>Weniger als 0,1\u00b0C\/F\nLogTag Analyzer\u00ae zeigt derzeit eine Dezimalstelle von \u00b0C oder \u00b0F an. Die native Aufl\u00f6sung ist die, die im LogTag\u00ae gespeichert ist. <\/td>\n<\/tr>\n<tr>\n<td class=\"left-td\">Sensor-Reaktionszeit<\/td>\n<td>Typischerweise weniger als 7 Minuten (T90) in bewegter Luft (1m\/s) in EN12830:1999<\/td>\n<\/tr>\n<tr>\n<td class=\"left-td\">Aufnahmekapazit\u00e4t<\/td>\n<td>16.129 Temperaturmesswerte. 56 Tage @ 5min Aufzeichnung, 168 Tage @ 15min Aufzeichnung <\/td>\n<\/tr>\n<tr>\n<td class=\"left-td\">Abtastintervall<\/td>\n<td>Konfigurierbar von 30 Sekunden bis 18 Stunden<\/td>\n<\/tr>\n<tr>\n<td class=\"left-td\">Startoptionen f\u00fcr die Protokollierung<\/td>\n<td>Start per Knopfdruck (mit konfigurierbarer Startverz\u00f6gerung von 1 Minute bis 72 Stunden) oder bestimmtes Datum und Uhrzeit<\/td>\n<\/tr>\n<tr>\n<td class=\"left-td\">Aufnahme-Anzeige<\/td>\n<td>Blinkende 'OK'-Anzeige \/ blinkende 'ALERT'-Anzeige<\/td>\n<\/tr>\n<tr>\n<td class=\"left-td\">Alarme<\/td>\n<td>1 konfigurierbarer oberer und 1 konfigurierbarer unterer Alarm<\/td>\n<\/tr>\n<tr>\n<td class=\"left-td\">Download-Zeit<\/td>\n<td>Typischerweise bei vollem Speicher (16.129 Messwerte) in weniger als 30 Sekunden vom Zeitpunkt der Eingabe bis zur Verf\u00fcgbarkeit des PDF-Berichts\nTypischerweise weniger als 10 Sekunden vom Zeitpunkt der Eingabe bis zur Verf\u00fcgbarkeit der LTD-Datei in LogTag\u00ae Analyzer (falls konfiguriert)<\/td>\n<\/tr>\n<tr>\n<td class=\"left-td\">Umgebungsbedingungen<\/td>\n<td>IEC 60529: IP64 mit aufgesetzter USB-Kappe<\/td>\n<\/tr>\n<tr>\n<td class=\"left-td\">Stromquelle<\/td>\n<td>CR2450 3V LiMnO2 Batterie (fest)<\/td>\n<\/tr>\n<tr>\n<td class=\"left-td\">Lebensdauer der Batterie<\/td>\n<td>1 Jahr Lagerung, gefolgt von 2 - 3 Jahren normaler Nutzung (basierend auf 15-min\u00fctiger Aufzeichnung, monatlicher Download der Daten)<\/td>\n<\/tr>\n<tr>\n<td class=\"left-td\">Echtzeituhr<\/td>\n<td>Eingebaute Echtzeituhr\nNenngenauigkeit \u00b125ppm bei 25\u00b0C (entspricht 2,5 Sekunden\/Tag)\nDer Nenntemperaturkoeffizient betr\u00e4gt -0,034 \u00b10,006ppm\/\u00b0C (d.h. typischerweise +\/- 0,00294 Sekunden\/Tag\/\u00b0C)<\/td>\n<\/tr>\n<tr>\n<td class=\"left-td\">Anschluss Schnittstelle<\/td>\n<td>USB 2.0, A-Stecker<\/td>\n<\/tr>\n<tr>\n<td class=\"left-td\">Software<\/td>\n<td>PDF Reader, LogTag\u00ae Analyzer 2.5 oder h\u00f6her<\/td>\n<\/tr>\n<tr>\n<td class=\"left-td\">Mehrsprachige Unterst\u00fctzung<\/td>\n<td>Mehrsprachige Unterst\u00fctzung f\u00fcr Englisch, Spanisch, Franz\u00f6sisch, Russisch und Deutsch<\/td>\n<\/tr>\n<tr>\n<td class=\"left-td\">Gr\u00f6\u00dfe<\/td>\n<td>93mm(H) x 54,5mm(B) x 8,6mm(T) einschlie\u00dflich USB-Schutzkappe<\/td>\n<\/tr>\n<tr>\n<td class=\"left-td\">Gewicht<\/td>\n<td>36g<\/td>\n<\/tr>\n<tr>\n<td class=\"left-td\">Material Geh\u00e4use<\/td>\n<td>Polycarbonat<\/td>\n<\/tr>\n<\/tbody>\n<\/table>"],"resources":["<ul class=\"resources-list\">\n \t<li><a href=\"https:\/\/praxas.com\/wp-content\/uploads\/LogTag_UTRIX-16_Brochure.pdf\"><img src=\"https:\/\/praxas.com\/wp-content\/uploads\/document-icon.png\" alt=\"Dokument-Symbol\">LogTag UTRIX-16 Brosch\u00fcre<\/a><\/li>\n \t<li><img src=\"https:\/\/praxas.com\/wp-content\/uploads\/document-icon.png\" alt=\"Dokument-Symbol\"><a href=\"https:\/\/praxas.com\/wp-content\/uploads\/UTRIX-16_QSG.pdf\">LogTag UTRIX-16 Schnellstartanleitung<\/a><\/li>\n<\/ul>\n<ul class=\"resources-list\">\n \t<li><img src=\"https:\/\/praxas.com\/wp-content\/uploads\/document-icon.png\" alt=\"Dokument-Symbol\"><a href=\"https:\/\/praxas.com\/wp-content\/uploads\/UTRIX-16_User_Guide.pdf\">LogTag UTRIX-16 Benutzerhandbuch<\/a><\/li>\n<\/ul>"],"accessories":["[products skus=\"PROTECTIVE ENCLOSURE,WMB-1\"]"],"_uag_page_assets":["a:9:{s:3:\"css\";s:0:\"\";s:2:\"js\";s:0:\"\";s:18:\"current_block_list\";a:0:{}s:8:\"uag_flag\";b:0;s:11:\"uag_version\";s:10:\"1775658900\";s:6:\"gfonts\";a:0:{}s:10:\"gfonts_url\";s:0:\"\";s:12:\"gfonts_files\";a:0:{}s:14:\"uag_faq_layout\";b:0;}"],"hubwoo_ecomm_pro_id":["2696734261"],"_max_variation_price":[""],"_max_variation_regular_price":[""],"_max_variation_sale_price":[""],"_min_variation_price":[""],"_min_variation_regular_price":[""],"_min_variation_sale_price":[""],"_wc_pb_base_regular_price":[""],"_wc_pb_base_sale_price":[""],"_wc_pb_base_price":[""],"_wc_sw_max_price":[""],"_wc_sw_max_regular_price":[""],"_wc_rating_count":[""]},"uagb_featured_image_src":{"full":["https:\/\/praxas.com\/wp-content\/uploads\/logtag-front-facing-2-1200-x-630.jpg",1200,630,false],"thumbnail":["https:\/\/praxas.com\/wp-content\/uploads\/logtag-front-facing-2-1200-x-630-150x150.jpg",150,150,true],"medium":["https:\/\/praxas.com\/wp-content\/uploads\/logtag-front-facing-2-1200-x-630-300x158.jpg",300,158,true],"medium_large":["https:\/\/praxas.com\/wp-content\/uploads\/logtag-front-facing-2-1200-x-630-768x403.jpg",768,403,true],"large":["https:\/\/praxas.com\/wp-content\/uploads\/logtag-front-facing-2-1200-x-630-1024x538.jpg",1024,538,true],"1536x1536":["https:\/\/praxas.com\/wp-content\/uploads\/logtag-front-facing-2-1200-x-630.jpg",1200,630,false],"2048x2048":["https:\/\/praxas.com\/wp-content\/uploads\/logtag-front-facing-2-1200-x-630.jpg",1200,630,false],"crunchify-admin-post-featured-image":["https:\/\/praxas.com\/wp-content\/uploads\/logtag-front-facing-2-1200-x-630-120x63.jpg",120,63,true],"commercegurus-pdp-large":["https:\/\/praxas.com\/wp-content\/uploads\/logtag-front-facing-2-1200-x-630-990x520.jpg",990,520,true],"commercegurus-plp-mobile":["https:\/\/praxas.com\/wp-content\/uploads\/logtag-front-facing-2-1200-x-630-441x232.jpg",441,232,true],"cgkit_image_swatch":["https:\/\/praxas.com\/wp-content\/uploads\/logtag-front-facing-2-1200-x-630-100x100.jpg",100,100,true],"woocommerce_thumbnail":["https:\/\/praxas.com\/wp-content\/uploads\/logtag-front-facing-2-1200-x-630-350x184.jpg",350,184,true],"woocommerce_single":["https:\/\/praxas.com\/wp-content\/uploads\/logtag-front-facing-2-1200-x-630-800x420.jpg",800,420,true],"woocommerce_gallery_thumbnail":["https:\/\/praxas.com\/wp-content\/uploads\/logtag-front-facing-2-1200-x-630-150x79.jpg",150,79,true]},"uagb_author_info":{"display_name":"Beth Foord","author_link":"https:\/\/praxas.com\/de\/author\/"},"uagb_comment_info":0,"uagb_excerpt":"-25\u00b0C bis +70\u00b0C USB-Anschluss mit vergoldeten Kontakten \u00dcber 16.000 Lesungen Automatische PDF-Berichterstellung Mehrzweck-USB &amp; PDF","_links":{"self":[{"href":"https:\/\/praxas.com\/de\/wp-json\/wp\/v2\/product\/27760","targetHints":{"allow":["GET"]}}],"collection":[{"href":"https:\/\/praxas.com\/de\/wp-json\/wp\/v2\/product"}],"about":[{"href":"https:\/\/praxas.com\/de\/wp-json\/wp\/v2\/types\/product"}],"wp:featuredmedia":[{"embeddable":true,"href":"https:\/\/praxas.com\/de\/wp-json\/wp\/v2\/media\/27761"}],"wp:attachment":[{"href":"https:\/\/praxas.com\/de\/wp-json\/wp\/v2\/media?parent=27760"}],"wp:term":[{"taxonomy":"product_brand","embeddable":true,"href":"https:\/\/praxas.com\/de\/wp-json\/wp\/v2\/product_brand?post=27760"},{"taxonomy":"product_cat","embeddable":true,"href":"https:\/\/praxas.com\/de\/wp-json\/wp\/v2\/product_cat?post=27760"},{"taxonomy":"product_tag","embeddable":true,"href":"https:\/\/praxas.com\/de\/wp-json\/wp\/v2\/product_tag?post=27760"}],"curies":[{"name":"wp","href":"https:\/\/api.w.org\/{rel}","templated":true}]}}