{"id":28039,"date":"2024-07-04T13:28:26","date_gmt":"2024-07-04T11:28:26","guid":{"rendered":"https:\/\/staging.praxas.com\/product\/unkategorisiert\/grosser-biomedizinischer-gefrierschrank-lf-300\/"},"modified":"2026-01-19T16:21:19","modified_gmt":"2026-01-19T15:21:19","slug":"grosser-biomedizinischer-gefrierschrank-lf-300","status":"publish","type":"product","link":"https:\/\/praxas.com\/de\/product\/kuhlung_produkte\/biomedizinische-gefriergerate\/grosser-biomedizinischer-gefrierschrank-lf-300\/","title":{"rendered":"Gro\u00dfer biomedizinischer Gefrierschrank LF 300"},"content":{"rendered":"<p>Lagern und sichern Sie Ihre Proben mit der herausragenden Zuverl\u00e4ssigkeit und Leistung der K\u00fchlung des LF 300. ARCTIKO hat die hochwertige K\u00fchlleistung der Luftumw\u00e4lzung mit den vielen Funktionen und der Benutzerfreundlichkeit des ARCTIKO Controllers G214 kombiniert. Die Ergebnisse erf\u00fcllen die strengeren Anforderungen an einen geringeren Stromverbrauch, eine pr\u00e4zisere Gleichm\u00e4\u00dfigkeit der K\u00fchlung, den Bedarf an Temperatur- und Alarm\u00fcberwachung, Dokumentation und Validierung und machen den LF 300 biomedizinischen Tiefk\u00fchlschrank zur idealen Wahl f\u00fcr die biomedizinische Lagerung.<\/p>\n","protected":false},"excerpt":{"rendered":"<ul>\n<li>-10 \u00b0C \/ -30 \u00b0C<\/li>\n<li>Stehgefrierschrank &#8211; 346 L<\/li>\n<li>Forcierte Luftk\u00fchlung<\/li>\n<li>Verstellbare Regale<\/li>\n<li>ATEX \/ Funkenfreie Komponenten<\/li>\n<li>Luftstromkontrolle<\/li>\n<\/ul>\n","protected":false},"featured_media":28040,"template":"","meta":{"_acf_changed":false,"content-type":"","_uag_custom_page_level_css":""},"product_brand":[],"product_cat":[1098,1181,1091],"product_tag":[2524,2640],"class_list":{"0":"post-28039","1":"product","2":"type-product","3":"status-publish","4":"has-post-thumbnail","6":"product_cat-biomedizinische-gefriergerate","7":"product_cat-30c-biomedizinische-gefrierschranke","8":"product_cat-kuhlung_produkte","9":"product_tag-arktiko","10":"product_tag-gefrierschrank","11":"product_shipping_class-schwer","13":"first","14":"instock","15":"taxable","16":"shipping-taxable","17":"purchasable","18":"product-type-simple"},"bundled_by":[],"bundle_stock_status":"instock","bundle_stock_quantity":null,"bundle_virtual":false,"bundle_layout":"","bundle_add_to_cart_form_location":"","bundle_editable_in_cart":false,"bundle_sold_individually_context":"","bundle_item_grouping":"","bundle_min_size":"","bundle_max_size":"","bundle_price":[],"bundled_items":[],"bundle_sell_ids":[],"acf":[],"spectra_custom_meta":{"_wcml_average_rating":[null],"_wcml_review_count":[null],"_wcml_rating_count":[null],"_backorders":["no"],"_download_limit":["0"],"_download_expiry":["0"],"_downloadable":["no"],"_manage_stock":["no"],"_sku":["DAI 0225 \/ 1400002"],"_stock_status":["instock"],"_sold_individually":["no"],"_tax_class":[""],"_tax_status":["taxable"],"_virtual":["no"],"_weight":["143"],"_width":["67"],"_height":["220"],"_length":["83"],"total_sales":["0"],"product_datasheet":[""],"_product_datasheet":["field_650ad7d6ea3a0"],"connectivity":[""],"_connectivity":["field_64dce263bb57c"],"brand":["Arctiko"],"_brand":["field_64ddf62ed2593"],"brand_image":[""],"_brand_image":["field_650c5e7c84cae"],"_specifications_table":["field_65044e1db92a8"],"_display_data_alarm":["field_667d647bcb066"],"_resources":["field_650849c6945ee"],"_accessories":["field_650849e6945f0"],"_faqs":["field_650859523d8d5"],"_calibration_suitable_ids_gb":["field_654b4c4acb54a"],"_calibration_suitable_ids_us":["field_654b4c56cb54b"],"_show_in_calibration_suitable":["field_654cfb691d345"],"_shipping":["field_66852535c98a5"],"_refrigerant_cabinet":["field_66852557c98a6"],"_main_specifications":["field_66855b25b1245"],"_usd_price_4":["field_651570dcac479"],"_usd_price_9":["field_6515713eb4807"],"_usd_price_24":["field_65157141b4809"],"_usd_price_49":["field_65157140b4808"],"_usd_price_99":["field_6515715bb480a"],"_gbp_price_4":["field_6515716e83bfa"],"_gbp_price_9":["field_6515724783bfb"],"_gbp_price_24":["field_6515724b83bfc"],"_gbp_price_49":["field_6515725983bfd"],"_gbp_price_99":["field_6515725d83bfe"],"_usdhk_price_4":["field_6515726f83bff"],"_usdhk_price_9":["field_6515727c83c00"],"_usdhk_price_24":["field_6515728083c01"],"_usdhk_price_49":["field_6515728983c02"],"_usdhk_price_99":["field_6515728e83c03"],"stock_options":["In stock"],"_stock_options":["field_6544b605dc7f9"],"_top_nav_excluded":[""],"_cms_nav_minihome":[""],"wcml_sync_hash":["a:1:{s:15:\"postmeta_fields\";s:32:\"4f7bd6ec163159c0134c0b4e5b4a6377\";}"],"attr_label_translations":["a:0:{}"],"_product_attributes":["a:4:{s:16:\"pa_product-brand\";a:6:{s:4:\"name\";s:16:\"pa_product-brand\";s:5:\"value\";s:0:\"\";s:8:\"position\";i:0;s:10:\"is_visible\";i:1;s:12:\"is_variation\";i:0;s:11:\"is_taxonomy\";i:1;}s:19:\"pa_product-features\";a:6:{s:4:\"name\";s:19:\"pa_product-features\";s:5:\"value\";s:0:\"\";s:8:\"position\";i:1;s:10:\"is_visible\";i:1;s:12:\"is_variation\";i:0;s:11:\"is_taxonomy\";i:1;}s:11:\"pa_capacity\";a:6:{s:4:\"name\";s:11:\"pa_capacity\";s:5:\"value\";s:0:\"\";s:8:\"position\";i:2;s:10:\"is_visible\";i:1;s:12:\"is_variation\";i:0;s:11:\"is_taxonomy\";i:1;}s:14:\"pa_temperature\";a:6:{s:4:\"name\";s:14:\"pa_temperature\";s:5:\"value\";s:0:\"\";s:8:\"position\";i:3;s:10:\"is_visible\";i:1;s:12:\"is_variation\";i:0;s:11:\"is_taxonomy\";i:1;}}"],"_product_image_gallery":[""],"_thumbnail_id":["28040"],"_crosssell_ids":["a:0:{}"],"_last_translation_edit_mode":["translation-editor"],"_calibration":["field_66a0ddd599972"],"min_temp":["-30"],"max_temp":["-10"],"_min_temp":["field_67ea5eb4e0a77"],"_max_temp":["field_67ea5f81e0a79"],"_wpml_word_count":["133"],"hubwoo_ecomm_pro_id":["21447235629"],"rank_math_primary_product_cat":["415"],"_other_features_arctiko":["field_668524f8c98a4"],"shipping":["<table class=\"specifications\">\n<tbody>\n<tr>\n<td class=\"left-td\">Versandgewicht (KG)<\/td>\n<td>143<\/td>\n<\/tr>\n<tr>\n<td class=\"left-td\">Versand Abmessungen BxTxH (cm)<\/td>\n<td>83 x 67 x 220<\/td>\n<\/tr>\n<tr>\n<td class=\"left-td\">Versandvolumen (M\u00b3)<\/td>\n<td>1.22<\/td>\n<\/tr>\n<\/tbody>\n<\/table>"],"_regular_price":["5045"],"_price":["5045"],"_other_features":["field_686fa2aa98dce"],"rank_math_title":["%title% %sep% %sitename%"],"rank_math_description":["LF 300 Biomedical Freezer 346 L Fassungsverm\u00f6gen mit einem Temperaturbereich von -10 bis -30\u00b0C f\u00fcr eine zuverl\u00e4ssige Probenlagerung mit Luftk\u00fchlung"],"rank_math_focus_keyword":["Biomedizinischer Gefrierschrank"],"display_data_alarm":["<table class=\"specifications\">\n<tbody>\n<tr>\n<td class=\"left-td\">Alarmanzeige als Text - keine Codes<\/td>\n<td>Ja<\/td>\n<\/tr>\n<tr>\n<td class=\"left-td\">Visueller \/ Akustischer Alarm<\/td>\n<td>Ja \/ Ja<\/td>\n<\/tr>\n<tr>\n<td class=\"left-td\">Alarm bei Stromausfall<\/td>\n<td>Ja<\/td>\n<\/tr>\n<tr>\n<td class=\"left-td\">Einstellbarer Alarm f\u00fcr hohe\/niedrige Temperatur<\/td>\n<td>Ja \/ Ja<\/td>\n<\/tr>\n<tr>\n<td class=\"left-td\">Alarm bei offener T\u00fcr<\/td>\n<td>Ja<\/td>\n<\/tr>\n<tr>\n<td class=\"left-td\">Alarm bei Ausfall der Sonde<\/td>\n<td>Ja<\/td>\n<\/tr>\n<tr>\n<td class=\"left-td\">Alarm bei schwacher Batterie<\/td>\n<td>Ja<\/td>\n<\/tr>\n<tr>\n<td class=\"left-td\">Alarm bei Ausfall des Kompressors<\/td>\n<td>Nein<\/td>\n<\/tr>\n<tr>\n<td class=\"left-td\">Spannungsfreier Kontakt f\u00fcr Fernalarm (z.B. GSM Alarmmodul)<\/td>\n<td>Ja<\/td>\n<\/tr>\n<tr>\n<td class=\"left-td\">Elektronischer Datenlogger<\/td>\n<td>Ja<\/td>\n<\/tr>\n<tr>\n<td class=\"left-td\">RS 485 Anschluss<\/td>\n<td>Ja<\/td>\n<\/tr>\n<tr>\n<td class=\"left-td\">USB-Anschluss f\u00fcr Software-Update und Daten-Download<\/td>\n<td>Ja<\/td>\n<\/tr>\n<tr>\n<td class=\"left-td\">Temperatur-Diagrammschreiber<\/td>\n<td>Optional<\/td>\n<\/tr>\n<tr>\n<td class=\"left-td\">Display-Typ<\/td>\n<td>4,3\" mit Touch-Tasten<\/td>\n<\/tr>\n<tr>\n<td class=\"left-td\">Anzahl der optionalen Referenzsonden<\/td>\n<td>2<\/td>\n<\/tr>\n<tr>\n<td class=\"left-td\">Passwortschutz f\u00fcr das Ein- und Ausschalten des Ger\u00e4ts<\/td>\n<td>Ja<\/td>\n<\/tr>\n<tr>\n<td class=\"left-td\">Temperaturdiagramm auf dem Display<\/td>\n<td>Ja<\/td>\n<\/tr>\n<\/tbody>\n<\/table>"],"resources":["<ul class=\"resources-list\">\n \t<li><img src=\"https:\/\/praxas.com\/wp-content\/uploads\/document-icon.png\" alt=\"Dokument-Symbol\"><a href=\"\/wp-content\/uploads\/lf-300_datasheet_28-9-2022_v1.pdf\" target=\"_blank\" rel=\"noopener\">Produktdatenblatt LF 300<\/a><\/li>\n \t<li><img src=\"https:\/\/praxas.com\/wp-content\/uploads\/document-icon.png\" alt=\"Dokument-Symbol\"><a href=\"\/wp-content\/uploads\/5080021-12-gb-operating-instructions-laboratory-pharmaceutical-unit.pdf\" target=\"_blank\" rel=\"noopener\">Gebrauchsanweisung Labor & Pharmazeutische Einheit<\/a><\/li>\n \t<li><img src=\"https:\/\/praxas.com\/wp-content\/uploads\/document-icon.png\" alt=\"Dokument-Symbol\"><a href=\"\/wp-content\/uploads\/5086065-04-wiring-diagram-lf-100_300_-st.pdf\" target=\"_blank\" rel=\"noopener\">Stromlaufplan LF 100 300<\/a><\/li>\n \t<li><img src=\"https:\/\/praxas.com\/wp-content\/uploads\/document-icon.png\" alt=\"Dokument-Symbol\"><a href=\"\/wp-content\/uploads\/5088003-04-dimension-drawing-lr-300-300st-lf-300-300st.pdf\" target=\"_blank\" rel=\"noopener\">Ma\u00dfzeichnung LF 300<\/a><\/li>\n \t<li><img src=\"https:\/\/praxas.com\/wp-content\/uploads\/document-icon.png\" alt=\"Dokument-Symbol\"><a href=\"\/wp-content\/uploads\/5082536-03-safety-datasheet-r290.pdf\" target=\"_blank\" rel=\"noopener\">Sicherheitsdatenblatt R290<\/a><\/li>\n \t<li><img src=\"https:\/\/praxas.com\/wp-content\/uploads\/document-icon.png\" alt=\"Dokument-Symbol\"><a href=\"\/wp-content\/uploads\/5082010-11-ce-certifikat-lf-100_300_500_700_1400-st.pdf\" target=\"_blank\" rel=\"noopener\">CE-Zertifikat LF 100\/300\/500\/700\/1400<\/a><\/li>\n \t<li><img src=\"https:\/\/praxas.com\/wp-content\/uploads\/document-icon.png\" alt=\"Dokument-Symbol\"><a href=\"\/wp-content\/uploads\/5082172-01-ce-certifikat-lf-100-atex_300-atex-1400-atex.pdf\" target=\"_blank\" rel=\"noopener\">CE-Zertifikat LF 100 ATEX 300 ATEX\/500 ATEX\/700 ATEX\/1400 ATEX<\/a><\/li>\n \t<li><img src=\"https:\/\/praxas.com\/wp-content\/uploads\/document-icon.png\" alt=\"Dokument-Symbol\"><a href=\"\/wp-content\/uploads\/2022-certifikat-iso-9001-arctiko-as.pdf\" target=\"_blank\" rel=\"noopener\">ISO 9001<\/a><\/li>\n \t<li><img src=\"https:\/\/praxas.com\/wp-content\/uploads\/document-icon.png\" alt=\"Dokument-Symbol\"><a href=\"\/wp-content\/uploads\/5082233-01-ukca-certificate-lf-300.pdf\" target=\"_blank\" rel=\"noopener\">UKCA-Zertifikat LF 300<\/a><\/li>\n \t<li><img src=\"https:\/\/praxas.com\/wp-content\/uploads\/document-icon.png\" alt=\"Dokument-Symbol\"><a href=\"\/wp-content\/uploads\/5082240-01-ukca-certificate-lf-300-atex.pdf\" target=\"_blank\" rel=\"noopener\">UKCA-Zertifikat LF 300 ATEX<\/a><\/li>\n<\/ul>"],"other_features":["<table class=\"specifications\">\n<tbody>\n<tr>\n<td class=\"left-td\">Automatische Abtauung<\/td>\n<td>Ja<\/td>\n<\/tr>\n<tr>\n<td class=\"left-td\">Frostschutzmittel Funktion<\/td>\n<td>Nein<\/td>\n<\/tr>\n<tr>\n<td class=\"left-td\">Vakuumentlastungs\u00f6ffnung<\/td>\n<td>Nein<\/td>\n<\/tr>\n<tr>\n<td class=\"left-td\">Zugangs\u00f6ffnung f\u00fcr externe Sonde etc. (Innendurchmesser mm)<\/td>\n<td>Optional<\/td>\n<\/tr>\n<tr>\n<td class=\"left-td\">Licht<\/td>\n<td>Nein<\/td>\n<\/tr>\n<tr>\n<td class=\"left-td\">Schloss mit Schl\u00fcssel<\/td>\n<td>Ja<\/td>\n<\/tr>\n<tr>\n<td class=\"left-td\">Rollen (Total Pcs) \/ Rollen mit Bremse (Pcs)<\/td>\n<td>4 \/ 2<\/td>\n<\/tr>\n<tr>\n<td class=\"left-td\">Feste F\u00fc\u00dfe (St.) \/ Nivellierf\u00fc\u00dfe (St.)<\/td>\n<td>Nein<\/td>\n<\/tr>\n<tr>\n<td class=\"left-td\">Unterdeckel oder Innent\u00fcren (St\u00fcck)<\/td>\n<td>Nein<\/td>\n<\/tr>\n<tr>\n<td class=\"left-td\">Umkehrbare T\u00fcren (Stck.)<\/td>\n<td>Ja<\/td>\n<\/tr>\n<tr>\n<td class=\"left-td\">Feste Einlegeb\u00f6den (St.) \/ Verstellbare Einlegeb\u00f6den (St.)<\/td>\n<td>0 \/ 3<\/td>\n<\/tr>\n<tr>\n<td class=\"left-td\">Max. Nein. Anzahl der Einlegeb\u00f6den (Stck.) \/ Empfohlene Max. Nein. Einlegeb\u00f6den (Stck.)<\/td>\n<td>23 \/ 11<\/td>\n<\/tr>\n<tr>\n<td class=\"left-td\">Maximale Last pro Regal (kg)<\/td>\n<td>30<\/td>\n<\/tr>\n<tr>\n<td class=\"left-td\">Verstellbare Schubladen (Stck.)<\/td>\n<td>Optional<\/td>\n<\/tr>\n<tr>\n<td class=\"left-td\">Max. Nein. Verstellbare Schubladen (Stck.)<\/td>\n<td>8<\/td>\n<\/tr>\n<tr>\n<td class=\"left-td\">Max. Last pro verstellbare Schublade (kg)<\/td>\n<td>30<\/td>\n<\/tr>\n<tr>\n<td class=\"left-td\">Max. Nein. Von Blutbeuteln - Nach Standard Nr. Von Adj. Schubladen (Stck.)<\/td>\n<td>Nein<\/td>\n<\/tr>\n<tr>\n<td class=\"left-td\">Max. Nein. Von Blutbeuteln - Von Max. Nein. Von Adj. Schubladen (Stck.)<\/td>\n<td>Nein<\/td>\n<\/tr>\n<tr>\n<td class=\"left-td\">Korb (Stck.)<\/td>\n<td>Nr.<\/td>\n<\/tr>\n<tr>\n<td class=\"left-td\">Max. Nein. Von K\u00f6rben (St\u00fcck)<\/td>\n<td>Nein<\/td>\n<\/tr>\n<tr>\n<td class=\"left-td\">Max. Last pro Korb (kg)<\/td>\n<td>Nein<\/td>\n<\/tr>\n<tr>\n<td class=\"left-td\">Gesamtkapazit\u00e4t von 50 Mm Boxen 9x9 Didviders (St\u00fcck)<\/td>\n<td>Nein<\/td>\n<\/tr>\n<tr>\n<td class=\"left-td\">Gesamtkapazit\u00e4t der 75 Mm Boxen 9x9 Didviders (Stck.)<\/td>\n<td>Nein<\/td>\n<\/tr>\n<tr>\n<td class=\"left-td\">Gesamtkapazit\u00e4t der 96 Mm Boxen 9x9 Didviders (Stck.)<\/td>\n<td>Nr.<\/td>\n<\/tr>\n<\/tbody>\n<\/table>"],"refrigerant_cabinet":["<table class=\"specifications\">\n<tbody>\n<tr>\n<td class=\"left-td\">Anzahl der Kompressoren<\/td>\n<td>1<\/td>\n<\/tr>\n<tr>\n<td class=\"left-td\">K\u00e4ltemittel<\/td>\n<td>R290<\/td>\n<\/tr>\n<tr>\n<td class=\"left-td\">Material des Innengeh\u00e4uses<\/td>\n<td>Rostfreier Stahl<\/td>\n<\/tr>\n<tr>\n<td class=\"left-td\">\u00c4u\u00dferes Material des Geh\u00e4uses<\/td>\n<td>Lackierter Stahl<\/td>\n<\/tr>\n<tr>\n<td class=\"left-td\">Farbe (\u00c4u\u00dferes Kabinett)<\/td>\n<td>Wei\u00df<\/td>\n<\/tr>\n<tr>\n<td class=\"left-td\">Schaumstoff-Mittel<\/td>\n<td>Polyurethan<\/td>\n<\/tr>\n<tr>\n<td class=\"left-td\">VIP Vakuumisolierte Paneele<\/td>\n<td>Nein<\/td>\n<\/tr>\n<\/tbody>\n<\/table>"],"main_specifications":["<table class=\"specifications\">\n<tbody>\n<tr>\n<td class=\"left-td\">Artikel Code<\/td>\n<td>DAI 0225 \/ 1400002<\/td>\n<\/tr>\n<tr>\n<td class=\"left-td\">Temperaturbereich (\u00b0C)<\/td>\n<td>-10 \/ -30 \u00b0C<\/td>\n<\/tr>\n<tr>\n<td class=\"left-td\">Max. Umgebungstemperatur (\u00b0C)<\/td>\n<td>+25 \u00b0C<\/td>\n<\/tr>\n<tr>\n<td class=\"left-td\">Kapazit\u00e4t (L)<\/td>\n<td>346<\/td>\n<\/tr>\n<tr>\n<td class=\"left-td\">\u00c4u\u00dfere Abmessungen BxTxH (mm)<\/td>\n<td>520 X 700 X 1997<\/td>\n<\/tr>\n<tr>\n<td class=\"left-td\">Innenma\u00dfe BxTxH (mm)<\/td>\n<td>400 X 575 X 1505<\/td>\n<\/tr>\n<tr>\n<td class=\"left-td\">Gewicht (KG)<\/td>\n<td>103<\/td>\n<\/tr>\n<tr>\n<td class=\"left-td\">Isolierung (mm)<\/td>\n<td>60<\/td>\n<\/tr>\n<tr>\n<td class=\"left-td\">Technologie der K\u00fchlung<\/td>\n<td>Gezwungene Luft<\/td>\n<\/tr>\n<tr>\n<td class=\"left-td\">Controller Modell \/ F\u00fchler Typ<\/td>\n<td>Arctiko G 214\u00ae \/ Pt1000<\/td>\n<\/tr>\n<tr>\n<td class=\"left-td\">Stromversorgung (V)<\/td>\n<td>230<\/td>\n<\/tr>\n<tr>\n<td class=\"left-td\">Frequenz (Hz)<\/td>\n<td>50\/60<\/td>\n<\/tr>\n<tr>\n<td class=\"left-td\">Stromverbrauch (KWHH\/24H)<\/td>\n<td>8.4<\/td>\n<\/tr>\n<tr>\n<td class=\"left-td\">AMP (A)<\/td>\n<td>3.7<\/td>\n<\/tr>\n<tr>\n<td class=\"left-td\">Leistung (Watt)<\/td>\n<td>562<\/td>\n<\/tr>\n<tr>\n<td class=\"left-td\">Pferdest\u00e4rken (HP)<\/td>\n<td>1\/2<\/td>\n<\/tr>\n<\/tbody>\n<\/table>"],"other_features_arctiko":["<table class=\"specifications\">\n<tbody>\n<tr>\n<td class=\"left-td\">Automatische Abtauung<\/td>\n<td>Ja<\/td>\n<\/tr>\n<tr>\n<td class=\"left-td\">Frostschutzmittel Funktion<\/td>\n<td>Nein<\/td>\n<\/tr>\n<tr>\n<td class=\"left-td\">Vakuumentlastungs\u00f6ffnung<\/td>\n<td>Nein<\/td>\n<\/tr>\n<tr>\n<td class=\"left-td\">Zugangs\u00f6ffnung f\u00fcr externe Sonde etc. (Innendurchmesser mm)<\/td>\n<td>Optional<\/td>\n<\/tr>\n<tr>\n<td class=\"left-td\">Licht<\/td>\n<td>Nein<\/td>\n<\/tr>\n<tr>\n<td class=\"left-td\">Schloss mit Schl\u00fcssel<\/td>\n<td>Ja<\/td>\n<\/tr>\n<tr>\n<td class=\"left-td\">Rollen (Total Pcs) \/ Rollen mit Bremse (Pcs)<\/td>\n<td>4 \/ 2<\/td>\n<\/tr>\n<tr>\n<td class=\"left-td\">Feste F\u00fc\u00dfe (St.) \/ Nivellierf\u00fc\u00dfe (St.)<\/td>\n<td>Nein<\/td>\n<\/tr>\n<tr>\n<td class=\"left-td\">Unterdeckel oder Innent\u00fcren (St\u00fcck)<\/td>\n<td>Nein<\/td>\n<\/tr>\n<tr>\n<td class=\"left-td\">Umkehrbare T\u00fcren (Stck.)<\/td>\n<td>Ja<\/td>\n<\/tr>\n<tr>\n<td class=\"left-td\">Feste Einlegeb\u00f6den (St.) \/ Verstellbare Einlegeb\u00f6den (St.)<\/td>\n<td>0 \/ 3<\/td>\n<\/tr>\n<tr>\n<td class=\"left-td\">Max. Nein. Anzahl der Einlegeb\u00f6den (Stck.) \/ Empfohlene Max. Nein. Einlegeb\u00f6den (Stck.)<\/td>\n<td>23 \/ 11<\/td>\n<\/tr>\n<tr>\n<td class=\"left-td\">Maximale Last pro Regal (kg)<\/td>\n<td>30<\/td>\n<\/tr>\n<tr>\n<td class=\"left-td\">Verstellbare Schubladen (Stck.)<\/td>\n<td>Optional<\/td>\n<\/tr>\n<tr>\n<td class=\"left-td\">Max. Nein. Verstellbare Schubladen (Stck.)<\/td>\n<td>8<\/td>\n<\/tr>\n<tr>\n<td class=\"left-td\">Max. Last pro verstellbare Schublade (kg)<\/td>\n<td>30<\/td>\n<\/tr>\n<tr>\n<td class=\"left-td\">Max. Nein. Von Blutbeuteln - Nach Standard Nr. Von Adj. Schubladen (Stck.)<\/td>\n<td>Nein<\/td>\n<\/tr>\n<tr>\n<td class=\"left-td\">Max. Nein. Von Blutbeuteln - Von Max. Nein. Von Adj. Schubladen (Stck.)<\/td>\n<td>Nein<\/td>\n<\/tr>\n<tr>\n<td class=\"left-td\">Korb (Stck.)<\/td>\n<td>Nr.<\/td>\n<\/tr>\n<tr>\n<td class=\"left-td\">Max. Nein. Von K\u00f6rben (St\u00fcck)<\/td>\n<td>Nein<\/td>\n<\/tr>\n<tr>\n<td class=\"left-td\">Max. Last pro Korb (kg)<\/td>\n<td>Nein<\/td>\n<\/tr>\n<tr>\n<td class=\"left-td\">Gesamtkapazit\u00e4t von 50 Mm Boxen 9x9 Didviders (St\u00fcck)<\/td>\n<td>Nein<\/td>\n<\/tr>\n<tr>\n<td class=\"left-td\">Gesamtkapazit\u00e4t der 75 Mm Boxen 9x9 Didviders (Stck.)<\/td>\n<td>Nein<\/td>\n<\/tr>\n<tr>\n<td class=\"left-td\">Gesamtkapazit\u00e4t der 96 Mm Boxen 9x9 Didviders (Stck.)<\/td>\n<td>Nr.<\/td>\n<\/tr>\n<\/tbody>\n<\/table>"],"_uag_page_assets":["a:9:{s:3:\"css\";s:0:\"\";s:2:\"js\";s:0:\"\";s:18:\"current_block_list\";a:0:{}s:8:\"uag_flag\";b:0;s:11:\"uag_version\";s:10:\"1776763693\";s:6:\"gfonts\";a:0:{}s:10:\"gfonts_url\";s:0:\"\";s:12:\"gfonts_files\";a:0:{}s:14:\"uag_faq_layout\";b:0;}"],"_max_variation_price":[""],"_max_variation_regular_price":[""],"_max_variation_sale_price":[""],"_min_variation_price":[""],"_min_variation_regular_price":[""],"_min_variation_sale_price":[""],"_sale_price":[""],"_wc_pb_base_regular_price":[""],"_wc_pb_base_sale_price":[""],"_wc_pb_base_price":[""],"_wc_sw_max_price":[""],"_wc_sw_max_regular_price":[""],"_wc_rating_count":[""],"_wc_review_count":[""],"_wc_average_rating":[0]},"uagb_featured_image_src":{"full":["https:\/\/praxas.com\/wp-content\/uploads\/LR_LF-300-800x463-1.jpg",800,463,false],"thumbnail":["https:\/\/praxas.com\/wp-content\/uploads\/LR_LF-300-800x463-1-150x150.jpg",150,150,true],"medium":["https:\/\/praxas.com\/wp-content\/uploads\/LR_LF-300-800x463-1-300x174.jpg",300,174,true],"medium_large":["https:\/\/praxas.com\/wp-content\/uploads\/LR_LF-300-800x463-1-768x444.jpg",768,444,true],"large":["https:\/\/praxas.com\/wp-content\/uploads\/LR_LF-300-800x463-1.jpg",800,463,false],"1536x1536":["https:\/\/praxas.com\/wp-content\/uploads\/LR_LF-300-800x463-1.jpg",800,463,false],"2048x2048":["https:\/\/praxas.com\/wp-content\/uploads\/LR_LF-300-800x463-1.jpg",800,463,false],"crunchify-admin-post-featured-image":["https:\/\/praxas.com\/wp-content\/uploads\/LR_LF-300-800x463-1-120x69.jpg",120,69,true],"commercegurus-pdp-large":["https:\/\/praxas.com\/wp-content\/uploads\/LR_LF-300-800x463-1.jpg",800,463,false],"commercegurus-plp-mobile":["https:\/\/praxas.com\/wp-content\/uploads\/LR_LF-300-800x463-1-441x255.jpg",441,255,true],"cgkit_image_swatch":["https:\/\/praxas.com\/wp-content\/uploads\/LR_LF-300-800x463-1-100x100.jpg",100,100,true],"woocommerce_thumbnail":["https:\/\/praxas.com\/wp-content\/uploads\/LR_LF-300-800x463-1-350x203.jpg",350,203,true],"woocommerce_single":["https:\/\/praxas.com\/wp-content\/uploads\/LR_LF-300-800x463-1.jpg",800,463,false],"woocommerce_gallery_thumbnail":["https:\/\/praxas.com\/wp-content\/uploads\/LR_LF-300-800x463-1-150x87.jpg",150,87,true]},"uagb_author_info":{"display_name":"Alex James","author_link":"https:\/\/praxas.com\/de\/author\/"},"uagb_comment_info":0,"uagb_excerpt":"-10 \u00b0C \/ -30 \u00b0C Stehgefrierschrank - 346 L Forcierte Luftk\u00fchlung Verstellbare Regale ATEX \/ Funkenfreie Komponenten Luftstromkontrolle","_links":{"self":[{"href":"https:\/\/praxas.com\/de\/wp-json\/wp\/v2\/product\/28039","targetHints":{"allow":["GET"]}}],"collection":[{"href":"https:\/\/praxas.com\/de\/wp-json\/wp\/v2\/product"}],"about":[{"href":"https:\/\/praxas.com\/de\/wp-json\/wp\/v2\/types\/product"}],"wp:featuredmedia":[{"embeddable":true,"href":"https:\/\/praxas.com\/de\/wp-json\/wp\/v2\/media\/28040"}],"wp:attachment":[{"href":"https:\/\/praxas.com\/de\/wp-json\/wp\/v2\/media?parent=28039"}],"wp:term":[{"taxonomy":"product_brand","embeddable":true,"href":"https:\/\/praxas.com\/de\/wp-json\/wp\/v2\/product_brand?post=28039"},{"taxonomy":"product_cat","embeddable":true,"href":"https:\/\/praxas.com\/de\/wp-json\/wp\/v2\/product_cat?post=28039"},{"taxonomy":"product_tag","embeddable":true,"href":"https:\/\/praxas.com\/de\/wp-json\/wp\/v2\/product_tag?post=28039"}],"curies":[{"name":"wp","href":"https:\/\/api.w.org\/{rel}","templated":true}]}}