{"id":28100,"date":"2024-06-12T17:16:52","date_gmt":"2024-06-12T15:16:52","guid":{"rendered":"https:\/\/staging.praxas.com\/product\/unkategorisiert\/wandhalterung\/"},"modified":"2025-10-08T18:13:54","modified_gmt":"2025-10-08T16:13:54","slug":"wandhalterung","status":"publish","type":"product","link":"https:\/\/praxas.com\/de\/product\/datenlogger\/zubehor\/wandhalterung\/","title":{"rendered":"Halterung f\u00fcr Wandmontage"},"content":{"rendered":"<p>Mit der LogTag Wandhalterung k\u00f6nnen Sie Ihren LogTag Rekorder sicher und ordentlich aufh\u00e4ngen. Er kann an jeder vertikalen Oberfl\u00e4che, wie z.B. einer Wand oder einer T\u00fcr, mit dem mitgelieferten Klebeband oder optionalen Schraubenl\u00f6chern befestigt werden. Die Wandhalterung eignet sich f\u00fcr alle aktuellen LogTag Rekorder, einschlie\u00dflich der Modelle mit externen Sensoren, und erm\u00f6glicht ein einfaches Einsetzen und Entfernen, ohne dass der Sensor abgenommen werden muss. Wenn Sie die Wandhalterung verwenden, um Ihren LogTag Rekorder sicher aufzuh\u00e4ngen, verringern Sie das Risiko von Besch\u00e4digungen und Fehlmessungen.<\/p>\n","protected":false},"excerpt":{"rendered":"<ul>\n<li>Geeignet f\u00fcr alle LogTag Rekorder<\/li>\n<li>Einfache Montage<\/li>\n<li>Benutzerfreundlich<\/li>\n<li>Optionale Schraubenl\u00f6cher<\/li>\n<\/ul>\n","protected":false},"featured_media":28101,"template":"","meta":{"_acf_changed":false,"content-type":"","_uag_custom_page_level_css":""},"product_brand":[],"product_cat":[979],"product_tag":[2513],"class_list":{"0":"post-28100","1":"product","2":"type-product","3":"status-publish","4":"has-post-thumbnail","6":"product_cat-zubehor","7":"product_tag-logtag-de","9":"first","10":"instock","11":"taxable","12":"shipping-taxable","13":"purchasable","14":"product-type-simple"},"bundled_by":[],"bundle_stock_status":"instock","bundle_stock_quantity":null,"bundle_virtual":false,"bundle_layout":"","bundle_add_to_cart_form_location":"","bundle_editable_in_cart":false,"bundle_sold_individually_context":"","bundle_item_grouping":"","bundle_min_size":"","bundle_max_size":"","bundle_price":[],"bundled_items":[],"bundle_sell_ids":[],"acf":[],"spectra_custom_meta":{"_wcml_average_rating":[null],"_wcml_review_count":[null],"_wcml_rating_count":[null],"_backorders":["no"],"_download_limit":["-1"],"_download_expiry":["-1"],"_downloadable":["no"],"_manage_stock":["no"],"_sku":["WMB-1"],"_stock_status":["instock"],"_sold_individually":["no"],"_tax_class":[""],"_tax_status":["taxable"],"_virtual":["no"],"_weight":["0"],"_width":["0"],"_height":["0"],"_length":["0"],"product_datasheet":[""],"_product_datasheet":["field_650ad7d6ea3a0"],"_connectivity":["field_64dce263bb57c"],"brand":["LogTag"],"_brand":["field_64ddf62ed2593"],"brand_image":[""],"_brand_image":["field_650c5e7c84cae"],"_specifications_table":["field_65044e1db92a8"],"_resources":["field_650849c6945ee"],"_accessories":["field_650849e6945f0"],"_faqs":["field_650859523d8d5"],"_calibration_suitable_ids_gb":["field_654b4c4acb54a"],"_calibration_suitable_ids_us":["field_654b4c56cb54b"],"_show_in_calibration_suitable":["field_654cfb691d345"],"_usd_price_4":["field_651570dcac479"],"_usd_price_9":["field_6515713eb4807"],"_usd_price_24":["field_65157141b4809"],"_usd_price_49":["field_65157140b4808"],"_usd_price_99":["field_6515715bb480a"],"_gbp_price_4":["field_6515716e83bfa"],"_gbp_price_9":["field_6515724783bfb"],"_gbp_price_24":["field_6515724b83bfc"],"_gbp_price_49":["field_6515725983bfd"],"_gbp_price_99":["field_6515725d83bfe"],"_usdhk_price_4":["field_6515726f83bff"],"_usdhk_price_9":["field_6515727c83c00"],"_usdhk_price_24":["field_6515728083c01"],"_usdhk_price_49":["field_6515728983c02"],"_usdhk_price_99":["field_6515728e83c03"],"stock_options":["In stock"],"_stock_options":["field_6544b605dc7f9"],"_top_nav_excluded":[""],"_cms_nav_minihome":[""],"wcml_sync_hash":["a:1:{s:15:\"postmeta_fields\";s:32:\"70e035c014336f490309362ebcd59fa3\";}"],"attr_label_translations":["a:0:{}"],"_product_attributes":["a:1:{s:16:\"pa_product-brand\";a:6:{s:4:\"name\";s:16:\"pa_product-brand\";s:5:\"value\";s:0:\"\";s:8:\"position\";i:0;s:10:\"is_visible\";i:1;s:12:\"is_variation\";i:0;s:11:\"is_taxonomy\";i:1;}}"],"_product_image_gallery":["28102"],"_thumbnail_id":["28101"],"_crosssell_ids":["a:0:{}"],"_last_translation_edit_mode":["translation-editor"],"specifications_table":["<table class=\"specifications\">\n<tbody>\n<tr class=\"odd-row\">\n<td class=\"left-td\">Gewicht<\/td>\n<td>10g<\/td>\n<\/tr>\n<tr class=\"even-row\">\n<td class=\"left-td\">Produkt-Code<\/td>\n<td>3023<\/td>\n<\/tr>\n<tr class=\"odd-row\">\n<td class=\"left-td\">Verkaufseinheit<\/td>\n<td>St\u00fccke<\/td>\n<\/tr>\n<tr class=\"even-row\">\n<td class=\"left-td\">Thema<\/td>\n<td>Temperatur, Luftfeuchtigkeit<\/td>\n<\/tr>\n<\/tbody>\n<\/table>"],"connectivity":[""],"_display_data_alarm":["field_667d647bcb066"],"_calibration":["field_66a0ddd599972"],"_other_features":["field_668524f8c98a4"],"_shipping":["field_66852535c98a5"],"_refrigerant_cabinet":["field_66852557c98a6"],"_main_specifications":["field_66855b25b1245"],"_regular_price":["3.50"],"_price":["3.50"],"hubwoo_ecomm_pro_id":["23118069661"],"_wpml_word_count":["131"],"min_temp":[""],"max_temp":[""],"_min_temp":["field_67ea5eb4e0a77"],"_max_temp":["field_67ea5f81e0a79"],"rank_math_primary_product_cat":["147"],"total_sales":["26"],"rank_math_description":["Wandhalterung f\u00fcr LogTag Datenlogger\n"],"rank_math_focus_keyword":["Wandhalterung"],"resources":["<a href=\"https:\/\/praxas.com\/wp-content\/uploads\/LogTag_Wall_Mount_Brochure.pdf\"><img src=\"https:\/\/praxas.com\/wp-content\/uploads\/document-icon.png\" alt=\"Dokument-Symbol\">LogTag Wandhalterung Brosch\u00fcre<\/a>"],"_uag_page_assets":["a:9:{s:3:\"css\";s:0:\"\";s:2:\"js\";s:0:\"\";s:18:\"current_block_list\";a:0:{}s:8:\"uag_flag\";b:0;s:11:\"uag_version\";s:10:\"1775742760\";s:6:\"gfonts\";a:0:{}s:10:\"gfonts_url\";s:0:\"\";s:12:\"gfonts_files\";a:0:{}s:14:\"uag_faq_layout\";b:0;}"],"_max_variation_price":[""],"_max_variation_regular_price":[""],"_max_variation_sale_price":[""],"_min_variation_price":[""],"_min_variation_regular_price":[""],"_min_variation_sale_price":[""],"_sale_price":[""],"_wc_pb_base_regular_price":[""],"_wc_pb_base_sale_price":[""],"_wc_pb_base_price":[""],"_wc_sw_max_price":[""],"_wc_sw_max_regular_price":[""],"_wc_rating_count":[""],"_wc_review_count":[""],"_wc_average_rating":[0]},"uagb_featured_image_src":{"full":["https:\/\/praxas.com\/wp-content\/uploads\/logtag-logtag-wall-mount-bracket-800px.jpg",800,463,false],"thumbnail":["https:\/\/praxas.com\/wp-content\/uploads\/logtag-logtag-wall-mount-bracket-800px-150x150.jpg",150,150,true],"medium":["https:\/\/praxas.com\/wp-content\/uploads\/logtag-logtag-wall-mount-bracket-800px-300x174.jpg",300,174,true],"medium_large":["https:\/\/praxas.com\/wp-content\/uploads\/logtag-logtag-wall-mount-bracket-800px-768x444.jpg",768,444,true],"large":["https:\/\/praxas.com\/wp-content\/uploads\/logtag-logtag-wall-mount-bracket-800px.jpg",800,463,false],"1536x1536":["https:\/\/praxas.com\/wp-content\/uploads\/logtag-logtag-wall-mount-bracket-800px.jpg",800,463,false],"2048x2048":["https:\/\/praxas.com\/wp-content\/uploads\/logtag-logtag-wall-mount-bracket-800px.jpg",800,463,false],"crunchify-admin-post-featured-image":["https:\/\/praxas.com\/wp-content\/uploads\/logtag-logtag-wall-mount-bracket-800px-120x69.jpg",120,69,true],"commercegurus-pdp-large":["https:\/\/praxas.com\/wp-content\/uploads\/logtag-logtag-wall-mount-bracket-800px.jpg",800,463,false],"commercegurus-plp-mobile":["https:\/\/praxas.com\/wp-content\/uploads\/logtag-logtag-wall-mount-bracket-800px-441x255.jpg",441,255,true],"cgkit_image_swatch":["https:\/\/praxas.com\/wp-content\/uploads\/logtag-logtag-wall-mount-bracket-800px-100x100.jpg",100,100,true],"woocommerce_thumbnail":["https:\/\/praxas.com\/wp-content\/uploads\/logtag-logtag-wall-mount-bracket-800px-350x203.jpg",350,203,true],"woocommerce_single":["https:\/\/praxas.com\/wp-content\/uploads\/logtag-logtag-wall-mount-bracket-800px.jpg",800,463,false],"woocommerce_gallery_thumbnail":["https:\/\/praxas.com\/wp-content\/uploads\/logtag-logtag-wall-mount-bracket-800px-150x87.jpg",150,87,true]},"uagb_author_info":{"display_name":"Beth Foord","author_link":"https:\/\/praxas.com\/de\/author\/"},"uagb_comment_info":0,"uagb_excerpt":"Geeignet f\u00fcr alle LogTag Rekorder Einfache Montage Benutzerfreundlich Optionale Schraubenl\u00f6cher","_links":{"self":[{"href":"https:\/\/praxas.com\/de\/wp-json\/wp\/v2\/product\/28100","targetHints":{"allow":["GET"]}}],"collection":[{"href":"https:\/\/praxas.com\/de\/wp-json\/wp\/v2\/product"}],"about":[{"href":"https:\/\/praxas.com\/de\/wp-json\/wp\/v2\/types\/product"}],"wp:featuredmedia":[{"embeddable":true,"href":"https:\/\/praxas.com\/de\/wp-json\/wp\/v2\/media\/28101"}],"wp:attachment":[{"href":"https:\/\/praxas.com\/de\/wp-json\/wp\/v2\/media?parent=28100"}],"wp:term":[{"taxonomy":"product_brand","embeddable":true,"href":"https:\/\/praxas.com\/de\/wp-json\/wp\/v2\/product_brand?post=28100"},{"taxonomy":"product_cat","embeddable":true,"href":"https:\/\/praxas.com\/de\/wp-json\/wp\/v2\/product_cat?post=28100"},{"taxonomy":"product_tag","embeddable":true,"href":"https:\/\/praxas.com\/de\/wp-json\/wp\/v2\/product_tag?post=28100"}],"curies":[{"name":"wp","href":"https:\/\/api.w.org\/{rel}","templated":true}]}}