{"id":28108,"date":"2024-06-12T15:20:00","date_gmt":"2024-06-12T13:20:00","guid":{"rendered":"https:\/\/staging.praxas.com\/product\/unkategorisiert\/palettenabdeckung-tlx2-2\/"},"modified":"2025-10-09T10:08:13","modified_gmt":"2025-10-09T08:08:13","slug":"palettenabdeckung-tlx2-2","status":"publish","type":"product","link":"https:\/\/praxas.com\/de\/product\/schutz-der-fracht\/palettenabdeckung-tlx2-2\/","title":{"rendered":"PALETTENABDECKUNG TLX2"},"content":{"rendered":"<div class=\"description body-font-size hidden-xs\">\n<p>Sch\u00fctzen Sie Ihre Sendungen mit der Praxas TLX2 Palettenabdeckung (100&#215;120) und erh\u00f6hen Sie die Sicherheit vor Temperaturschwankungen, Staub, Sonnenlicht, Regen, Kondensation, Diebstahl und Verlust. Dieser vollst\u00e4ndig recycelbare Bezug ist atmungsaktiv und wasserdicht. Es reguliert den Feuchtigkeitsgehalt im Inneren, indem es Luft und Wasserdampf durchl\u00e4sst, um Kondensation zu verhindern und Atmungsaktivit\u00e4t zu gew\u00e4hrleisten. Der TLX2 dient auch als robuste Abschreckung gegen Diebstahl und Manipulation und ist damit ideal f\u00fcr den Schutz von verderblichen Waren und pharmazeutischen Sendungen.<\/p>\n<p>Diese Abdeckung ist mit UK-Paletten kompatibel.<\/p>\n<p><strong>Zu den Vorteilen des Praxas TLX2 (100&#215;120) geh\u00f6ren:<\/strong><\/p>\n<ul>\n<li>Verhinderung von Temperaturschwankungen<\/li>\n<li>Schutz vor Witterungseinfl\u00fcssen<\/li>\n<li>Verringern Sie das Risiko des Verlusts von Waren<\/li>\n<li>Sch\u00fctzt vor Kondensation<\/li>\n<li>Geringeres Risiko von Diebstahl oder Verlust<\/li>\n<li>Kosteng\u00fcnstig<\/li>\n<\/ul>\n<p>&nbsp;<\/p>\n<p><em>Rabatt bei einem Einkauf von 20 St\u00fcck oder mehr. Siehe Dropdown-Men\u00fc f\u00fcr weitere Details.<\/em><\/p>\n<p>&nbsp;<\/p>\n<\/div>\n<div class=\"description body-font-size hidden-xs\">\n<p><iframe loading=\"lazy\" src=\"https:\/\/www.youtube.com\/embed\/I-FySLLLdqw\" width=\"560\" height=\"314\" allowfullscreen=\"allowfullscreen\" data-mce-fragment=\"1\"><\/iframe><\/p>\n<\/div>\n","protected":false},"excerpt":{"rendered":"<ul>\n<li>Kompatibel mit UK-Paletten<\/li>\n<li>100x120x150\/160<\/li>\n<li class=\"properties-praxas\">Recycelbares Material<\/li>\n<li class=\"properties-praxas\">Sch\u00fctzt vor Strahlung<\/li>\n<li class=\"properties-praxas\">Geeignet f\u00fcr alle Wetterbedingungen<\/li>\n<li class=\"properties-praxas\">Benutzerfreundlich<\/li>\n<li>Rabatt bei Gro\u00dfbestellungen verf\u00fcgbar<\/li>\n<\/ul>\n","protected":false},"featured_media":28109,"template":"","meta":{"_acf_changed":false,"content-type":"","_uag_custom_page_level_css":""},"product_brand":[],"product_cat":[2532,1165],"product_tag":[],"class_list":{"0":"post-28108","1":"product","2":"type-product","3":"status-publish","4":"has-post-thumbnail","6":"product_cat-schutz-der-fracht","7":"product_cat-frachtabdeckungen","9":"first","10":"instock","11":"taxable","12":"shipping-taxable","13":"purchasable","14":"product-type-variable"},"bundled_by":[],"bundle_stock_status":"instock","bundle_stock_quantity":null,"bundle_virtual":false,"bundle_layout":"","bundle_add_to_cart_form_location":"","bundle_editable_in_cart":false,"bundle_sold_individually_context":"","bundle_item_grouping":"","bundle_min_size":"","bundle_max_size":"","bundle_price":[],"bundled_items":[],"bundle_sell_ids":[],"acf":[],"spectra_custom_meta":{"_product_attributes":["a:2:{s:16:\"pa_product-brand\";a:6:{s:4:\"name\";s:16:\"pa_product-brand\";s:5:\"value\";s:0:\"\";s:8:\"position\";i:0;s:10:\"is_visible\";i:1;s:12:\"is_variation\";i:0;s:11:\"is_taxonomy\";i:1;}s:16:\"pa_make-a-choice\";a:6:{s:4:\"name\";s:16:\"pa_make-a-choice\";s:5:\"value\";s:0:\"\";s:8:\"position\";i:1;s:10:\"is_visible\";i:1;s:12:\"is_variation\";i:1;s:11:\"is_taxonomy\";i:1;}}"],"attr_label_translations":["a:1:{s:2:\"de\";a:1:{s:13:\"make-a-choice\";s:21:\"Treffen Sie eine Wahl\";}}"],"_wcml_average_rating":[null],"_wcml_review_count":[null],"_wcml_rating_count":[null],"_backorders":["no"],"_download_limit":["-1"],"_download_expiry":["-1"],"_downloadable":["no"],"_manage_stock":["no"],"_sku":["PALLET COVER TLX2"],"_stock_status":["instock"],"_sold_individually":["no"],"_tax_class":[""],"_tax_status":["taxable"],"_virtual":["no"],"_price":["183.75","4068.75","693.00","6000.00"],"product_datasheet":[""],"_product_datasheet":["field_650ad7d6ea3a0"],"connectivity":[""],"_connectivity":["field_64dce263bb57c"],"brand":["Praxas"],"_brand":["field_64ddf62ed2593"],"brand_image":[""],"_brand_image":["field_650c5e7c84cae"],"_specifications_table":["field_65044e1db92a8"],"_display_data_alarm":["field_667d647bcb066"],"_resources":["field_650849c6945ee"],"_accessories":["field_650849e6945f0"],"_faqs":["field_650859523d8d5"],"_calibration_suitable_ids_gb":["field_654b4c4acb54a"],"_calibration_suitable_ids_us":["field_654b4c56cb54b"],"_show_in_calibration_suitable":["field_654cfb691d345"],"_other_features":["field_668524f8c98a4"],"_shipping":["field_66852535c98a5"],"_refrigerant_cabinet":["field_66852557c98a6"],"_main_specifications":["field_66855b25b1245"],"_usd_price_4":["field_651570dcac479"],"_usd_price_9":["field_6515713eb4807"],"_usd_price_24":["field_65157141b4809"],"_usd_price_49":["field_65157140b4808"],"_usd_price_99":["field_6515715bb480a"],"_gbp_price_4":["field_6515716e83bfa"],"_gbp_price_9":["field_6515724783bfb"],"_gbp_price_24":["field_6515724b83bfc"],"_gbp_price_49":["field_6515725983bfd"],"_gbp_price_99":["field_6515725d83bfe"],"_usdhk_price_4":["field_6515726f83bff"],"_usdhk_price_9":["field_6515727c83c00"],"_usdhk_price_24":["field_6515728083c01"],"_usdhk_price_49":["field_6515728983c02"],"_usdhk_price_99":["field_6515728e83c03"],"stock_options":["In stock"],"_stock_options":["field_6544b605dc7f9"],"_top_nav_excluded":[""],"_cms_nav_minihome":[""],"wcml_sync_hash":["a:1:{s:15:\"postmeta_fields\";s:32:\"2614f83049e917e6b07c58f521927d05\";}"],"_product_image_gallery":[""],"_thumbnail_id":["28109"],"_crosssell_ids":["a:0:{}"],"_edit_lock":["1720775840:8383"],"classic-editor-remember":["classic-editor"],"_last_translation_edit_mode":["translation-editor"],"total_sales":["1"],"_calibration":["field_66a0ddd599972"],"min_temp":[""],"max_temp":[""],"_min_temp":["field_67ea5eb4e0a77"],"_max_temp":["field_67ea5f81e0a79"],"_wpml_word_count":["210"],"hubwoo_ecomm_invalid_pro":["yes"],"rank_math_primary_product_cat":["2529"],"rank_math_description":["Sch\u00fctzen Sie Ihre Sendung mit dieser Palettenabdeckung von Praxas. Bietet Ihnen zus\u00e4tzlichen Schutz vor Temperaturschwankungen, Staub und vielem mehr.  "],"rank_math_focus_keyword":["PALETTENABDECKUNG TLX2"],"specifications_table":["<table class=\"specifications\">\n<tbody>\n<tr class=\"even-row\">\n<td class=\"left-td\">L\u00e4nge<\/td>\n<td>50mm<\/td>\n<\/tr>\n<tr class=\"odd-row\">\n<td class=\"left-td\">Breite<\/td>\n<td>50mm<\/td>\n<\/tr>\n<tr class=\"even-row\">\n<td class=\"left-td\">H\u00f6he<\/td>\n<td>50mm<\/td>\n<\/tr>\n<tr class=\"odd-row\">\n<td class=\"left-td\">Gewicht<\/td>\n<td>20000g<\/td>\n<\/tr>\n<tr class=\"even-row\">\n<td class=\"left-td\">Produkt-Code<\/td>\n<td>24407<\/td>\n<\/tr>\n<tr class=\"odd-row\">\n<td class=\"left-td\">Material<\/td>\n<td>Recycelbarer Stoff<\/td>\n<\/tr>\n<\/tbody>\n<\/table>"],"resources":["<ul>\n \t<li><a href=\"https:\/\/praxas.com\/wp-content\/uploads\/tlx2-brochure-en-dubbelzijdig.pdf\"><img src=\"https:\/\/praxas.com\/wp-content\/uploads\/document-icon.png\" alt=\"Dokument-Symbol\">Praxas TLX2 Brosch\u00fcre<\/a><\/li>\n<\/ul>"],"_uag_page_assets":["a:9:{s:3:\"css\";s:0:\"\";s:2:\"js\";s:0:\"\";s:18:\"current_block_list\";a:0:{}s:8:\"uag_flag\";b:0;s:11:\"uag_version\";s:10:\"1775171553\";s:6:\"gfonts\";a:0:{}s:10:\"gfonts_url\";s:0:\"\";s:12:\"gfonts_files\";a:0:{}s:14:\"uag_faq_layout\";b:0;}"],"_max_variation_price":[""],"_max_variation_regular_price":[""],"_max_variation_sale_price":[""],"_min_variation_price":[""],"_min_variation_regular_price":[""],"_min_variation_sale_price":[""],"_regular_price":[""],"_sale_price":[""],"_wc_pb_base_regular_price":[""],"_wc_pb_base_sale_price":[""],"_wc_pb_base_price":[""],"_wc_sw_max_price":[""],"_wc_sw_max_regular_price":[""],"_wc_rating_count":[""],"_wc_review_count":[""],"_wc_average_rating":[0]},"uagb_featured_image_src":{"full":["https:\/\/praxas.com\/wp-content\/uploads\/praxas-tlx2-cargo-cover-praxas-pallet-cover-tlx2-1-800px.jpg",800,463,false],"thumbnail":["https:\/\/praxas.com\/wp-content\/uploads\/praxas-tlx2-cargo-cover-praxas-pallet-cover-tlx2-1-800px-150x150.jpg",150,150,true],"medium":["https:\/\/praxas.com\/wp-content\/uploads\/praxas-tlx2-cargo-cover-praxas-pallet-cover-tlx2-1-800px-300x174.jpg",300,174,true],"medium_large":["https:\/\/praxas.com\/wp-content\/uploads\/praxas-tlx2-cargo-cover-praxas-pallet-cover-tlx2-1-800px-768x444.jpg",768,444,true],"large":["https:\/\/praxas.com\/wp-content\/uploads\/praxas-tlx2-cargo-cover-praxas-pallet-cover-tlx2-1-800px.jpg",800,463,false],"1536x1536":["https:\/\/praxas.com\/wp-content\/uploads\/praxas-tlx2-cargo-cover-praxas-pallet-cover-tlx2-1-800px.jpg",800,463,false],"2048x2048":["https:\/\/praxas.com\/wp-content\/uploads\/praxas-tlx2-cargo-cover-praxas-pallet-cover-tlx2-1-800px.jpg",800,463,false],"crunchify-admin-post-featured-image":["https:\/\/praxas.com\/wp-content\/uploads\/praxas-tlx2-cargo-cover-praxas-pallet-cover-tlx2-1-800px-120x69.jpg",120,69,true],"commercegurus-pdp-large":["https:\/\/praxas.com\/wp-content\/uploads\/praxas-tlx2-cargo-cover-praxas-pallet-cover-tlx2-1-800px.jpg",800,463,false],"commercegurus-plp-mobile":["https:\/\/praxas.com\/wp-content\/uploads\/praxas-tlx2-cargo-cover-praxas-pallet-cover-tlx2-1-800px-441x255.jpg",441,255,true],"cgkit_image_swatch":["https:\/\/praxas.com\/wp-content\/uploads\/praxas-tlx2-cargo-cover-praxas-pallet-cover-tlx2-1-800px-100x100.jpg",100,100,true],"woocommerce_thumbnail":["https:\/\/praxas.com\/wp-content\/uploads\/praxas-tlx2-cargo-cover-praxas-pallet-cover-tlx2-1-800px-350x203.jpg",350,203,true],"woocommerce_single":["https:\/\/praxas.com\/wp-content\/uploads\/praxas-tlx2-cargo-cover-praxas-pallet-cover-tlx2-1-800px.jpg",800,463,false],"woocommerce_gallery_thumbnail":["https:\/\/praxas.com\/wp-content\/uploads\/praxas-tlx2-cargo-cover-praxas-pallet-cover-tlx2-1-800px-150x87.jpg",150,87,true]},"uagb_author_info":{"display_name":"Beth Foord","author_link":"https:\/\/praxas.com\/de\/author\/"},"uagb_comment_info":0,"uagb_excerpt":"Kompatibel mit UK-Paletten 100x120x150\/160 Recycelbares Material Sch\u00fctzt vor Strahlung Geeignet f\u00fcr alle Wetterbedingungen Benutzerfreundlich Rabatt bei Gro\u00dfbestellungen verf\u00fcgbar","_links":{"self":[{"href":"https:\/\/praxas.com\/de\/wp-json\/wp\/v2\/product\/28108","targetHints":{"allow":["GET"]}}],"collection":[{"href":"https:\/\/praxas.com\/de\/wp-json\/wp\/v2\/product"}],"about":[{"href":"https:\/\/praxas.com\/de\/wp-json\/wp\/v2\/types\/product"}],"wp:featuredmedia":[{"embeddable":true,"href":"https:\/\/praxas.com\/de\/wp-json\/wp\/v2\/media\/28109"}],"wp:attachment":[{"href":"https:\/\/praxas.com\/de\/wp-json\/wp\/v2\/media?parent=28108"}],"wp:term":[{"taxonomy":"product_brand","embeddable":true,"href":"https:\/\/praxas.com\/de\/wp-json\/wp\/v2\/product_brand?post=28108"},{"taxonomy":"product_cat","embeddable":true,"href":"https:\/\/praxas.com\/de\/wp-json\/wp\/v2\/product_cat?post=28108"},{"taxonomy":"product_tag","embeddable":true,"href":"https:\/\/praxas.com\/de\/wp-json\/wp\/v2\/product_tag?post=28108"}],"curies":[{"name":"wp","href":"https:\/\/api.w.org\/{rel}","templated":true}]}}