{"id":28114,"date":"2024-06-12T14:10:01","date_gmt":"2024-06-12T12:10:01","guid":{"rendered":"https:\/\/staging.praxas.com\/product\/unkategorisiert\/palettenabdeckung-tlx-pmc\/"},"modified":"2025-10-08T18:11:32","modified_gmt":"2025-10-08T16:11:32","slug":"palettenabdeckung-tlx-pmc","status":"publish","type":"product","link":"https:\/\/praxas.com\/de\/product\/schutz-der-fracht\/palettenabdeckung-tlx-pmc\/","title":{"rendered":"PALETTENABDECKUNG TLX PMC"},"content":{"rendered":"<p>Eine Palettenabdeckung, auch bekannt als Schrumpfhaube oder Frachtabdeckung, bietet Ihrer Sendung zus\u00e4tzlichen Schutz vor Temperaturschwankungen, Staub, Sonnenlicht, Regen, Kondensation, Diebstahl und Verlust. Sch\u00fctzen Sie Ihre Sendungen mit dieser Praxas Palettenabdeckung richtig.<\/p>\n<p>Beim Transport sind die Sendungen oft Temperaturschwankungen und Sonnenlicht ausgesetzt, was sich negativ auf die Fracht auswirken kann. Die TLX PMC Palettenabdeckung, die aus speziellen, vollst\u00e4ndig recycelbaren Materialien hergestellt wird, bietet fortschrittlichen Schutz zu einem g\u00fcnstigen Preis.<\/p>\n<p>Mit einer bescheidenen Investition k\u00f6nnen Sie beim Transport erheblich sparen. Viele palettierte Sendungen werden oft zur\u00fcckgewiesen oder kommen besch\u00e4digt an, vor allem aufgrund von Temperaturschwankungen. Diese Praxas TLX PMC Palettenabdeckung ist recycelbar, atmungsaktiv und wasserdicht und erm\u00f6glicht eine ausgewogene Luftzirkulation und Feuchtigkeitsregulierung. Diese hochwertige Abdeckung sch\u00fctzt die Fracht effektiv vor Temperaturschwankungen und minimiert das Risiko von Sch\u00e4den und Wertverlust.<\/p>\n<p><strong>Zu den Vorteilen der Praxas TLX PMC Palettenabdeckung geh\u00f6ren:<\/strong><\/p>\n<ul>\n<li>Verhindern Sie Temperaturschwankungen<\/li>\n<li>Schutz gegen jedes Wetter<\/li>\n<li>Geringeres Risiko des Verlusts von Waren<\/li>\n<li>Sch\u00fctzt vor Kondensation<\/li>\n<li>Geringeres Risiko von Diebstahl und Verlust<\/li>\n<li>Spart Geld<\/li>\n<\/ul>\n<p>&nbsp;<\/p>\n<p><em>Rabatt bei einem Einkauf von 20 St\u00fcck oder mehr. Siehe Dropdown-Men\u00fc f\u00fcr weitere Details.<\/em><\/p>\n<p>&nbsp;<\/p>\n<p>Neben dieser Palettenabdeckung haben wir auch Palettenabdeckungen f\u00fcr Europaletten, die <a href=\"https:\/\/praxas.com\/product\/protection\/cargo-covers\/pallet-cover-tlx2\/\">Praxas TLX2 (80&#215;120)<\/a> und f\u00fcr Gro\u00dfbritannien, die <a href=\"https:\/\/praxas.com\/product\/protection\/cargo-covers\/pallet-cover-tlx2-2\/\">Praxas TLX2 (100&#215;120)<\/a>.<\/p>\n<p><iframe loading=\"lazy\" title=\"YouTube-Video-Player\" src=\"https:\/\/www.youtube.com\/embed\/ug9u07lZ0K8?si=9PllXdhZpW1tNf64\" width=\"560\" height=\"315\" frameborder=\"0\" allowfullscreen=\"allowfullscreen\"><\/iframe><\/p>\n","protected":false},"excerpt":{"rendered":"<ul>\n<li>244 x 322 x 150\/160<\/li>\n<li>Recycelbares Material<\/li>\n<li>Sch\u00fctzt vor Strahlung<\/li>\n<li>Geeignet f\u00fcr alle Wetterbedingungen<\/li>\n<li>Benutzerfreundlich<\/li>\n<li>Rabatt bei Gro\u00dfbestellungen verf\u00fcgbar<\/li>\n<\/ul>\n","protected":false},"featured_media":28115,"template":"","meta":{"_acf_changed":false,"content-type":"","_uag_custom_page_level_css":""},"product_brand":[],"product_cat":[2532,1165],"product_tag":[],"class_list":{"0":"post-28114","1":"product","2":"type-product","3":"status-publish","4":"has-post-thumbnail","6":"product_cat-schutz-der-fracht","7":"product_cat-frachtabdeckungen","9":"first","10":"instock","11":"taxable","12":"shipping-taxable","13":"purchasable","14":"product-type-variable"},"bundled_by":[],"bundle_stock_status":"instock","bundle_stock_quantity":null,"bundle_virtual":false,"bundle_layout":"","bundle_add_to_cart_form_location":"","bundle_editable_in_cart":false,"bundle_sold_individually_context":"","bundle_item_grouping":"","bundle_min_size":"","bundle_max_size":"","bundle_price":[],"bundled_items":[],"bundle_sell_ids":[],"acf":[],"spectra_custom_meta":{"_product_attributes":["a:2:{s:16:\"pa_product-brand\";a:6:{s:4:\"name\";s:16:\"pa_product-brand\";s:5:\"value\";s:0:\"\";s:8:\"position\";i:0;s:10:\"is_visible\";i:1;s:12:\"is_variation\";i:0;s:11:\"is_taxonomy\";i:1;}s:16:\"pa_make-a-choice\";a:6:{s:4:\"name\";s:16:\"pa_make-a-choice\";s:5:\"value\";s:0:\"\";s:8:\"position\";i:1;s:10:\"is_visible\";i:1;s:12:\"is_variation\";i:1;s:11:\"is_taxonomy\";i:1;}}"],"attr_label_translations":["a:1:{s:2:\"de\";a:1:{s:13:\"make-a-choice\";s:21:\"Treffen Sie eine Wahl\";}}"],"_wcml_average_rating":[null],"_wcml_review_count":[null],"_wcml_rating_count":[null],"_backorders":["no"],"_download_limit":["-1"],"_download_expiry":["-1"],"_downloadable":["no"],"_manage_stock":["no"],"_stock_status":["instock"],"_sold_individually":["no"],"_tax_class":[""],"_tax_status":["taxable"],"_virtual":["no"],"total_sales":["1"],"product_datasheet":[""],"_product_datasheet":["field_650ad7d6ea3a0"],"connectivity":[""],"_connectivity":["field_64dce263bb57c"],"brand":["Praxas"],"_brand":["field_64ddf62ed2593"],"brand_image":[""],"_brand_image":["field_650c5e7c84cae"],"_specifications_table":["field_65044e1db92a8"],"_display_data_alarm":["field_667d647bcb066"],"_resources":["field_650849c6945ee"],"_accessories":["field_650849e6945f0"],"_faqs":["field_650859523d8d5"],"_calibration_suitable_ids_gb":["field_654b4c4acb54a"],"_calibration_suitable_ids_us":["field_654b4c56cb54b"],"_show_in_calibration_suitable":["field_654cfb691d345"],"_other_features":["field_668524f8c98a4"],"_shipping":["field_66852535c98a5"],"_refrigerant_cabinet":["field_66852557c98a6"],"_main_specifications":["field_66855b25b1245"],"_usd_price_4":["field_651570dcac479"],"_usd_price_9":["field_6515713eb4807"],"_usd_price_24":["field_65157141b4809"],"_usd_price_49":["field_65157140b4808"],"_usd_price_99":["field_6515715bb480a"],"_gbp_price_4":["field_6515716e83bfa"],"_gbp_price_9":["field_6515724783bfb"],"_gbp_price_24":["field_6515724b83bfc"],"_gbp_price_49":["field_6515725983bfd"],"_gbp_price_99":["field_6515725d83bfe"],"_usdhk_price_4":["field_6515726f83bff"],"_usdhk_price_9":["field_6515727c83c00"],"_usdhk_price_24":["field_6515728083c01"],"_usdhk_price_49":["field_6515728983c02"],"_usdhk_price_99":["field_6515728e83c03"],"stock_options":["In stock"],"_stock_options":["field_6544b605dc7f9"],"_top_nav_excluded":[""],"_cms_nav_minihome":[""],"wcml_sync_hash":["a:1:{s:15:\"postmeta_fields\";s:32:\"99d1c4d6be6cac4863986f7917dbb89c\";}"],"_product_image_gallery":[""],"_thumbnail_id":["28115"],"_crosssell_ids":["a:0:{}"],"_last_translation_edit_mode":["translation-editor"],"_price":["640.5","2572.5","16065.00","32025.00"],"_calibration":["field_66a0ddd599972"],"_sku":["TLX PMC"],"min_temp":[""],"max_temp":[""],"_min_temp":["field_67ea5eb4e0a77"],"_max_temp":["field_67ea5f81e0a79"],"_wpml_word_count":["312"],"hubwoo_ecomm_invalid_pro":["yes"],"rank_math_primary_product_cat":["2529"],"rank_math_description":["Sch\u00fctzen Sie eine Sendung auf einer Palette mit dieser Palettenabdeckung f\u00fcr mehrere Paletten von Praxas. Zus\u00e4tzlicher Schutz f\u00fcr Ihre Sendungen."],"rank_math_focus_keyword":["Palettenabdeckung"],"specifications_table":["<table class=\"specifications\">\n<tbody>\n<tr class=\"even-row\">\n<td class=\"left-td\">L\u00e4nge<\/td>\n<td>50mm<\/td>\n<\/tr>\n<tr class=\"odd-row\">\n<td class=\"left-td\">Breite<\/td>\n<td>50mm<\/td>\n<\/tr>\n<tr class=\"even-row\">\n<td class=\"left-td\">H\u00f6he<\/td>\n<td>50mm<\/td>\n<\/tr>\n<tr class=\"odd-row\">\n<td class=\"left-td\">Gewicht<\/td>\n<td>5000g<\/td>\n<\/tr>\n<tr class=\"even-row\">\n<td class=\"left-td\">Produkt<\/td>\n<td>24650<\/td>\n<\/tr>\n<tr class=\"odd-row\">\n<td class=\"left-td\">Material<\/td>\n<td>Recycelbarer Stoff<\/td>\n<\/tr>\n<\/tbody>\n<\/table>"],"_uag_page_assets":["a:9:{s:3:\"css\";s:0:\"\";s:2:\"js\";s:0:\"\";s:18:\"current_block_list\";a:0:{}s:8:\"uag_flag\";b:0;s:11:\"uag_version\";s:10:\"1777052440\";s:6:\"gfonts\";a:0:{}s:10:\"gfonts_url\";s:0:\"\";s:12:\"gfonts_files\";a:0:{}s:14:\"uag_faq_layout\";b:0;}"],"_max_variation_price":[""],"_max_variation_regular_price":[""],"_max_variation_sale_price":[""],"_min_variation_price":[""],"_min_variation_regular_price":[""],"_min_variation_sale_price":[""],"_regular_price":[""],"_sale_price":[""],"_wc_pb_base_regular_price":[""],"_wc_pb_base_sale_price":[""],"_wc_pb_base_price":[""],"_wc_sw_max_price":[""],"_wc_sw_max_regular_price":[""],"_wc_rating_count":[""],"_wc_review_count":[""],"_wc_average_rating":[0]},"uagb_featured_image_src":{"full":["https:\/\/praxas.com\/wp-content\/uploads\/praxas-tlx2-cargo-cover-praxas-pallet-cover-tlx-pm-800px.jpg",800,463,false],"thumbnail":["https:\/\/praxas.com\/wp-content\/uploads\/praxas-tlx2-cargo-cover-praxas-pallet-cover-tlx-pm-800px-150x150.jpg",150,150,true],"medium":["https:\/\/praxas.com\/wp-content\/uploads\/praxas-tlx2-cargo-cover-praxas-pallet-cover-tlx-pm-800px-300x174.jpg",300,174,true],"medium_large":["https:\/\/praxas.com\/wp-content\/uploads\/praxas-tlx2-cargo-cover-praxas-pallet-cover-tlx-pm-800px-768x444.jpg",768,444,true],"large":["https:\/\/praxas.com\/wp-content\/uploads\/praxas-tlx2-cargo-cover-praxas-pallet-cover-tlx-pm-800px.jpg",800,463,false],"1536x1536":["https:\/\/praxas.com\/wp-content\/uploads\/praxas-tlx2-cargo-cover-praxas-pallet-cover-tlx-pm-800px.jpg",800,463,false],"2048x2048":["https:\/\/praxas.com\/wp-content\/uploads\/praxas-tlx2-cargo-cover-praxas-pallet-cover-tlx-pm-800px.jpg",800,463,false],"crunchify-admin-post-featured-image":["https:\/\/praxas.com\/wp-content\/uploads\/praxas-tlx2-cargo-cover-praxas-pallet-cover-tlx-pm-800px-120x69.jpg",120,69,true],"commercegurus-pdp-large":["https:\/\/praxas.com\/wp-content\/uploads\/praxas-tlx2-cargo-cover-praxas-pallet-cover-tlx-pm-800px.jpg",800,463,false],"commercegurus-plp-mobile":["https:\/\/praxas.com\/wp-content\/uploads\/praxas-tlx2-cargo-cover-praxas-pallet-cover-tlx-pm-800px-441x255.jpg",441,255,true],"cgkit_image_swatch":["https:\/\/praxas.com\/wp-content\/uploads\/praxas-tlx2-cargo-cover-praxas-pallet-cover-tlx-pm-800px-100x100.jpg",100,100,true],"woocommerce_thumbnail":["https:\/\/praxas.com\/wp-content\/uploads\/praxas-tlx2-cargo-cover-praxas-pallet-cover-tlx-pm-800px-350x203.jpg",350,203,true],"woocommerce_single":["https:\/\/praxas.com\/wp-content\/uploads\/praxas-tlx2-cargo-cover-praxas-pallet-cover-tlx-pm-800px.jpg",800,463,false],"woocommerce_gallery_thumbnail":["https:\/\/praxas.com\/wp-content\/uploads\/praxas-tlx2-cargo-cover-praxas-pallet-cover-tlx-pm-800px-150x87.jpg",150,87,true]},"uagb_author_info":{"display_name":"Beth Foord","author_link":"https:\/\/praxas.com\/de\/author\/"},"uagb_comment_info":0,"uagb_excerpt":"244 x 322 x 150\/160 Recycelbares Material Sch\u00fctzt vor Strahlung Geeignet f\u00fcr alle Wetterbedingungen Benutzerfreundlich Rabatt bei Gro\u00dfbestellungen verf\u00fcgbar","_links":{"self":[{"href":"https:\/\/praxas.com\/de\/wp-json\/wp\/v2\/product\/28114","targetHints":{"allow":["GET"]}}],"collection":[{"href":"https:\/\/praxas.com\/de\/wp-json\/wp\/v2\/product"}],"about":[{"href":"https:\/\/praxas.com\/de\/wp-json\/wp\/v2\/types\/product"}],"wp:featuredmedia":[{"embeddable":true,"href":"https:\/\/praxas.com\/de\/wp-json\/wp\/v2\/media\/28115"}],"wp:attachment":[{"href":"https:\/\/praxas.com\/de\/wp-json\/wp\/v2\/media?parent=28114"}],"wp:term":[{"taxonomy":"product_brand","embeddable":true,"href":"https:\/\/praxas.com\/de\/wp-json\/wp\/v2\/product_brand?post=28114"},{"taxonomy":"product_cat","embeddable":true,"href":"https:\/\/praxas.com\/de\/wp-json\/wp\/v2\/product_cat?post=28114"},{"taxonomy":"product_tag","embeddable":true,"href":"https:\/\/praxas.com\/de\/wp-json\/wp\/v2\/product_tag?post=28114"}],"curies":[{"name":"wp","href":"https:\/\/api.w.org\/{rel}","templated":true}]}}