{"id":28120,"date":"2024-06-12T13:04:00","date_gmt":"2024-06-12T11:04:00","guid":{"rendered":"https:\/\/staging.praxas.com\/product\/unkategorisiert\/trockenmittel-fuer-container\/"},"modified":"2025-10-09T09:41:13","modified_gmt":"2025-10-09T07:41:13","slug":"trockenmittel-fuer-container","status":"publish","type":"product","link":"https:\/\/praxas.com\/de\/product\/schutz-der-fracht\/trockenmittel-fuer-container\/","title":{"rendered":"TROCKENMITTEL F\u00dcR CONTAINER"},"content":{"rendered":"<p>Sorgen Sie f\u00fcr die Sicherheit Ihrer Ladung vor Feuchtigkeit und potenzieller Zur\u00fcckweisung von Containern mit dem Containertrockenmittel von Praxas. Dieses Trockenmittel wurde entwickelt, um Feuchtigkeit effektiv zu absorbieren und Ihre Produkte w\u00e4hrend des Transports unter allen schwierigen Umgebungsbedingungen zu sch\u00fctzen.<\/p>\n<p>Dieses aus umweltfreundlichem Kalziumchlorid hergestellte Trockenmittel bietet eine starke Absorption bei Temperaturen zwischen dem Gefrierpunkt und \u00fcber 80\u00b0C. Sein kompaktes Design ist ideal f\u00fcr Seecontainer und erm\u00f6glicht ein einfaches Be- und Entladen.<\/p>\n<p><strong>Zu den Vorteilen des Container-Trockenmittels geh\u00f6ren:<\/strong><\/p>\n<ul>\n<li>Verhindert Feuchtigkeitssch\u00e4den<\/li>\n<li>Sicher bei der Verwendung mit Lebensmitteln<\/li>\n<li>Starke Absorptionskapazit\u00e4t<\/li>\n<li>Funktioniert bei einer Reihe von Temperaturen<\/li>\n<li>Geringeres Risiko eines abgelehnten Containers<\/li>\n<li>Einfach zu benutzen<\/li>\n<li>Verhindert, dass es in den Beh\u00e4ltern regnet, was zu Schimmel, Korrosion oder anderen Produktsch\u00e4den f\u00fchren k\u00f6nnte<\/li>\n<\/ul>\n<p><strong>Zu den Vorteilen der Verwendung von Calciumchlorid geh\u00f6ren:<\/strong><\/p>\n<ul>\n<li>Hohe Absorptionsf\u00e4higkeit<\/li>\n<li>Breiter Temperaturbereich<\/li>\n<li>Sicher in der Anwendung<\/li>\n<li>Umweltfreundlich<\/li>\n<li>Kosteng\u00fcnstig<\/li>\n<\/ul>\n<p><a href=\"https:\/\/praxas.com\/de\/produkt-kategorie\/schutz-der-fracht\/luftbehandlung\/trocknungsmittel\/\">Klicken Sie hier<\/a> f\u00fcr die \u00dcbersicht \u00fcber unser umfangreiches Sortiment an Trockenmitteln.<\/p>\n","protected":false},"excerpt":{"rendered":"<ul>\n<li>Trockenmittel mit hoher Absorption<\/li>\n<li>Platzsparend<\/li>\n<li>Schnelle Absorptionsrate<\/li>\n<li>Einfach zu benutzen<\/li>\n<li>Kosteng\u00fcnstig<\/li>\n<li>Umweltfreundlich, keine giftigen Materialien<\/li>\n<li>Nicht entflammbar<\/li>\n<\/ul>\n","protected":false},"featured_media":28121,"template":"","meta":{"_acf_changed":false,"content-type":"","_uag_custom_page_level_css":""},"product_brand":[],"product_cat":[2532,1167],"product_tag":[2503],"class_list":{"0":"post-28120","1":"product","2":"type-product","3":"status-publish","4":"has-post-thumbnail","6":"product_cat-schutz-der-fracht","7":"product_cat-trocknungsmittel","8":"product_tag-container-trockenmittel","10":"first","11":"instock","12":"taxable","13":"shipping-taxable","14":"purchasable","15":"product-type-variable"},"bundled_by":[],"bundle_stock_status":"instock","bundle_stock_quantity":null,"bundle_virtual":false,"bundle_layout":"","bundle_add_to_cart_form_location":"","bundle_editable_in_cart":false,"bundle_sold_individually_context":"","bundle_item_grouping":"","bundle_min_size":"","bundle_max_size":"","bundle_price":[],"bundled_items":[],"bundle_sell_ids":[],"acf":[],"spectra_custom_meta":{"_product_attributes":["a:2:{s:16:\"pa_product-brand\";a:6:{s:4:\"name\";s:16:\"pa_product-brand\";s:5:\"value\";s:0:\"\";s:8:\"position\";i:0;s:10:\"is_visible\";i:1;s:12:\"is_variation\";i:0;s:11:\"is_taxonomy\";i:1;}s:16:\"pa_make-a-choice\";a:6:{s:4:\"name\";s:16:\"pa_make-a-choice\";s:5:\"value\";s:0:\"\";s:8:\"position\";i:1;s:10:\"is_visible\";i:1;s:12:\"is_variation\";i:1;s:11:\"is_taxonomy\";i:1;}}"],"attr_label_translations":["a:1:{s:2:\"de\";a:1:{s:13:\"make-a-choice\";s:21:\"Treffen Sie eine Wahl\";}}"],"_backorders":["no"],"_download_limit":["-1"],"_download_expiry":["-1"],"_downloadable":["no"],"_manage_stock":["no"],"_stock_status":["instock"],"_sold_individually":["no"],"_tax_class":[""],"_tax_status":["taxable"],"_virtual":["no"],"total_sales":["2"],"_price":["152.09","2433.11"],"product_datasheet":[""],"_product_datasheet":["field_650ad7d6ea3a0"],"connectivity":[""],"_connectivity":["field_64dce263bb57c"],"brand":["Praxas"],"_brand":["field_64ddf62ed2593"],"brand_image":[""],"_brand_image":["field_650c5e7c84cae"],"_specifications_table":["field_65044e1db92a8"],"_display_data_alarm":["field_667d647bcb066"],"_resources":["field_650849c6945ee"],"_accessories":["field_650849e6945f0"],"_faqs":["field_650859523d8d5"],"_calibration_suitable_ids_gb":["field_654b4c4acb54a"],"_calibration_suitable_ids_us":["field_654b4c56cb54b"],"_show_in_calibration_suitable":["field_654cfb691d345"],"_other_features":["field_668524f8c98a4"],"_shipping":["field_66852535c98a5"],"_refrigerant_cabinet":["field_66852557c98a6"],"_main_specifications":["field_66855b25b1245"],"_usd_price_4":["field_651570dcac479"],"_usd_price_9":["field_6515713eb4807"],"_usd_price_24":["field_65157141b4809"],"_usd_price_49":["field_65157140b4808"],"_usd_price_99":["field_6515715bb480a"],"_gbp_price_4":["field_6515716e83bfa"],"_gbp_price_9":["field_6515724783bfb"],"_gbp_price_24":["field_6515724b83bfc"],"_gbp_price_49":["field_6515725983bfd"],"_gbp_price_99":["field_6515725d83bfe"],"_usdhk_price_4":["field_6515726f83bff"],"_usdhk_price_9":["field_6515727c83c00"],"_usdhk_price_24":["field_6515728083c01"],"_usdhk_price_49":["field_6515728983c02"],"_usdhk_price_99":["field_6515728e83c03"],"stock_options":["In stock"],"_stock_options":["field_6544b605dc7f9"],"_top_nav_excluded":[""],"_cms_nav_minihome":[""],"wcml_sync_hash":["a:1:{s:15:\"postmeta_fields\";s:32:\"bc564e105d4c87677548b77ad4d3b169\";}"],"_product_image_gallery":[""],"_thumbnail_id":["28121"],"_crosssell_ids":["a:0:{}"],"_last_translation_edit_mode":["translation-editor"],"_edit_lock":["1721807514:8383"],"classic-editor-remember":["classic-editor"],"rank_math_seo_score":["12"],"_edit_last":["8383"],"commercekit_gallery_layout":[""],"commercekit_disable_sticky_atc":["0"],"commercekit_wc_video_gallery":["a:0:{}"],"_rank_math_gtin_code":[""],"_wcml_average_rating":[null],"_wcml_review_count":[null],"_wcml_rating_count":[null],"_stock":[null],"_wc_average_rating":[0],"_wc_review_count":["0"],"_product_version":["9.1.2"],"usd_price_4":[""],"usd_price_9":[""],"usd_price_24":[""],"usd_price_49":[""],"usd_price_99":[""],"gbp_price_4":[""],"gbp_price_9":[""],"gbp_price_24":[""],"gbp_price_49":[""],"gbp_price_99":[""],"usdhk_price_4":[""],"usdhk_price_9":[""],"usdhk_price_24":[""],"usdhk_price_49":[""],"usdhk_price_99":[""],"specifications_table":[""],"display_data_alarm":[""],"resources":[""],"calibration":[""],"accessories":[""],"faqs":[""],"calibration_suitable_ids_gb":[""],"calibration_suitable_ids_us":[""],"show_in_calibration_suitable":[""],"other_features":[""],"shipping":[""],"refrigerant_cabinet":[""],"main_specifications":[""],"shoptimizer_layout_pdp_short_description_position":["default"],"_wpml_media_duplicate":["1"],"_wpml_media_featured":["1"],"_calibration":["field_66a0ddd599972"],"min_temp":[""],"max_temp":[""],"_min_temp":["field_67ea5eb4e0a77"],"_max_temp":["field_67ea5f81e0a79"],"_wpml_word_count":["255"],"rank_math_primary_product_cat":["2529"],"hubwoo_ecomm_invalid_pro":["yes"],"_uag_page_assets":["a:9:{s:3:\"css\";s:0:\"\";s:2:\"js\";s:0:\"\";s:18:\"current_block_list\";a:0:{}s:8:\"uag_flag\";b:0;s:11:\"uag_version\";s:10:\"1775212209\";s:6:\"gfonts\";a:0:{}s:10:\"gfonts_url\";s:0:\"\";s:12:\"gfonts_files\";a:0:{}s:14:\"uag_faq_layout\";b:0;}"],"_max_variation_price":[""],"_max_variation_regular_price":[""],"_max_variation_sale_price":[""],"_min_variation_price":[""],"_min_variation_regular_price":[""],"_min_variation_sale_price":[""],"_regular_price":[""],"_sale_price":[""],"_wc_pb_base_regular_price":[""],"_wc_pb_base_sale_price":[""],"_wc_pb_base_price":[""],"_wc_sw_max_price":[""],"_wc_sw_max_regular_price":[""],"_wc_rating_count":[""]},"uagb_featured_image_src":{"full":["https:\/\/praxas.com\/wp-content\/uploads\/praxas-praxas-container-desiccant-moisture-protect-800px.jpg",800,463,false],"thumbnail":["https:\/\/praxas.com\/wp-content\/uploads\/praxas-praxas-container-desiccant-moisture-protect-800px-150x150.jpg",150,150,true],"medium":["https:\/\/praxas.com\/wp-content\/uploads\/praxas-praxas-container-desiccant-moisture-protect-800px-300x174.jpg",300,174,true],"medium_large":["https:\/\/praxas.com\/wp-content\/uploads\/praxas-praxas-container-desiccant-moisture-protect-800px-768x444.jpg",768,444,true],"large":["https:\/\/praxas.com\/wp-content\/uploads\/praxas-praxas-container-desiccant-moisture-protect-800px.jpg",800,463,false],"1536x1536":["https:\/\/praxas.com\/wp-content\/uploads\/praxas-praxas-container-desiccant-moisture-protect-800px.jpg",800,463,false],"2048x2048":["https:\/\/praxas.com\/wp-content\/uploads\/praxas-praxas-container-desiccant-moisture-protect-800px.jpg",800,463,false],"crunchify-admin-post-featured-image":["https:\/\/praxas.com\/wp-content\/uploads\/praxas-praxas-container-desiccant-moisture-protect-800px-120x69.jpg",120,69,true],"commercegurus-pdp-large":["https:\/\/praxas.com\/wp-content\/uploads\/praxas-praxas-container-desiccant-moisture-protect-800px.jpg",800,463,false],"commercegurus-plp-mobile":["https:\/\/praxas.com\/wp-content\/uploads\/praxas-praxas-container-desiccant-moisture-protect-800px-441x255.jpg",441,255,true],"cgkit_image_swatch":["https:\/\/praxas.com\/wp-content\/uploads\/praxas-praxas-container-desiccant-moisture-protect-800px-100x100.jpg",100,100,true],"woocommerce_thumbnail":["https:\/\/praxas.com\/wp-content\/uploads\/praxas-praxas-container-desiccant-moisture-protect-800px-350x203.jpg",350,203,true],"woocommerce_single":["https:\/\/praxas.com\/wp-content\/uploads\/praxas-praxas-container-desiccant-moisture-protect-800px.jpg",800,463,false],"woocommerce_gallery_thumbnail":["https:\/\/praxas.com\/wp-content\/uploads\/praxas-praxas-container-desiccant-moisture-protect-800px-150x87.jpg",150,87,true]},"uagb_author_info":{"display_name":"Andy Price","author_link":"https:\/\/praxas.com\/de\/author\/"},"uagb_comment_info":0,"uagb_excerpt":"Trockenmittel mit hoher Absorption Platzsparend Schnelle Absorptionsrate Einfach zu benutzen Kosteng\u00fcnstig Umweltfreundlich, keine giftigen Materialien Nicht entflammbar","_links":{"self":[{"href":"https:\/\/praxas.com\/de\/wp-json\/wp\/v2\/product\/28120","targetHints":{"allow":["GET"]}}],"collection":[{"href":"https:\/\/praxas.com\/de\/wp-json\/wp\/v2\/product"}],"about":[{"href":"https:\/\/praxas.com\/de\/wp-json\/wp\/v2\/types\/product"}],"wp:featuredmedia":[{"embeddable":true,"href":"https:\/\/praxas.com\/de\/wp-json\/wp\/v2\/media\/28121"}],"wp:attachment":[{"href":"https:\/\/praxas.com\/de\/wp-json\/wp\/v2\/media?parent=28120"}],"wp:term":[{"taxonomy":"product_brand","embeddable":true,"href":"https:\/\/praxas.com\/de\/wp-json\/wp\/v2\/product_brand?post=28120"},{"taxonomy":"product_cat","embeddable":true,"href":"https:\/\/praxas.com\/de\/wp-json\/wp\/v2\/product_cat?post=28120"},{"taxonomy":"product_tag","embeddable":true,"href":"https:\/\/praxas.com\/de\/wp-json\/wp\/v2\/product_tag?post=28120"}],"curies":[{"name":"wp","href":"https:\/\/api.w.org\/{rel}","templated":true}]}}