{"id":28126,"date":"2024-06-12T12:00:28","date_gmt":"2024-06-12T10:00:28","guid":{"rendered":"https:\/\/staging.praxas.com\/product\/unkategorisiert\/containerauskleidung-mit-boden\/"},"modified":"2025-10-08T18:11:51","modified_gmt":"2025-10-08T16:11:51","slug":"containerauskleidung-mit-boden","status":"publish","type":"product","link":"https:\/\/praxas.com\/de\/product\/schutz-der-fracht\/containerauskleidung-mit-boden\/","title":{"rendered":"CONTAINERAUSKLEIDUNG MIT BODEN"},"content":{"rendered":"<p>Der Praxas Container Liner &#8211; With Floor, auch bekannt als Containersack, verwandelt einen Standardcontainer in eine sichere und effiziente Transportl\u00f6sung. Diese Spezialverpackung bietet umfassenden Schutz auf allen sechs Seiten und ist ideal f\u00fcr den Transport von temperaturempfindlichen Waren wie Schokolade, Wein, Saatgut, Kosmetika und Chemikalien in einer stabilen und sicheren Umgebung. Dieser Liner ist auch f\u00fcr industrielle und biologische Produkte geeignet.<\/p>\n<p>Wenn Sie die Containerauskleidung im Inneren Ihres Containers anbringen, schaffen Sie eine zus\u00e4tzliche Schutzbarriere gegen Verschmutzung, Temperaturschwankungen, Feuchtigkeit, W\u00e4rmestrahlung und Hei\u00dfluftzirkulation. Das Futter ist au\u00dferdem vollst\u00e4ndig mit einem Klettverschluss verschlie\u00dfbar. Dieses System verhindert Feuchtigkeitssch\u00e4den w\u00e4hrend des Transports, verringert die Wahrscheinlichkeit zur\u00fcckgewiesener Containerladungen, minimiert die Handlingskosten und stellt die Kundenzufriedenheit sicher, indem es den Aufwand f\u00fcr die Reinigung der Container reduziert. Die einfache Installation mit der mitgelieferten Anleitung sorgt f\u00fcr eine schnelle Einrichtung, f\u00f6rdert eine effiziente Logistik und sch\u00fctzt Ihre Waren effektiv.<\/p>\n<p>Optimieren Sie Ihre Transportabl\u00e4ufe noch heute mit einer Containerauskleidung f\u00fcr verbesserten Schutz und optimierte Logistik.<\/p>\n<p><strong>Zu den Vorteilen der Praxas Containerauskleidung mit Boden geh\u00f6ren:<\/strong><\/p>\n<ul>\n<li>Maximale Isolierung<\/li>\n<li>Schutz vor Feuchtigkeit, Ger\u00fcchen und Schmutz<\/li>\n<li>Geeignet f\u00fcr trockene Beh\u00e4lter<\/li>\n<li>Hohe Produktivit\u00e4t<\/li>\n<li>Schnell und einfach zu installieren<\/li>\n<\/ul>\n<p><iframe loading=\"lazy\" src=\"https:\/\/www.youtube.com\/embed\/tWf86VSM9D4\" width=\"560\" height=\"314\" allowfullscreen=\"allowfullscreen\" data-mce-fragment=\"1\"><\/iframe><\/p>\n<p>Wenn Sie Sch\u00e4den an Ihren Waren ganz vermeiden wollen, k\u00f6nnen Sie sich auch f\u00fcr das <a href=\"https:\/\/praxas.com\/product\/protection\/container-insulation\/container-liner-plus-insulation-container\/\">Praxas Container Pack<\/a> entscheiden, eine Kombination aus Containerisolierung, <a href=\"https:\/\/praxas.com\/de\/produkt-kategorie\/schutz-der-fracht\/luftbehandlung\/trocknungsmittel\/\">Trockenmittel<\/a> und <a href=\"https:\/\/praxas.com\/de\/produkt-kategorie\/datenlogger\/\">Datenschreiber<\/a>.<\/p>\n<p><iframe loading=\"lazy\" src=\"https:\/\/www.youtube.com\/embed\/xE8MYYNCx_w?si=LE_nOMvKhdgxtbef\" width=\"560\" height=\"314\" allowfullscreen=\"allowfullscreen\" data-mce-fragment=\"1\"><\/iframe><\/p>\n<p>Video-Anleitung zur Installation.<\/p>\n","protected":false},"excerpt":{"rendered":"<ul>\n<li>Liner\/ Containersack mit Boden<\/li>\n<li>Maximale Isolierung<\/li>\n<li>Sch\u00fctzt vor N\u00e4sse<\/li>\n<li>Schnelle Montage und Installation<\/li>\n<li>Geeignet f\u00fcr Trockencontainer<\/li>\n<\/ul>\n","protected":false},"featured_media":28127,"template":"","meta":{"_acf_changed":false,"content-type":"","_uag_custom_page_level_css":""},"product_brand":[],"product_cat":[2532,1166],"product_tag":[],"class_list":{"0":"post-28126","1":"product","2":"type-product","3":"status-publish","4":"has-post-thumbnail","6":"product_cat-schutz-der-fracht","7":"product_cat-container-isolierung","9":"first","10":"instock","11":"taxable","12":"shipping-taxable","13":"purchasable","14":"product-type-variable"},"bundled_by":[],"bundle_stock_status":"instock","bundle_stock_quantity":null,"bundle_virtual":false,"bundle_layout":"","bundle_add_to_cart_form_location":"","bundle_editable_in_cart":false,"bundle_sold_individually_context":"","bundle_item_grouping":"","bundle_min_size":"","bundle_max_size":"","bundle_price":[],"bundled_items":[],"bundle_sell_ids":[],"acf":[],"spectra_custom_meta":{"_product_attributes":["a:2:{s:16:\"pa_product-brand\";a:6:{s:4:\"name\";s:16:\"pa_product-brand\";s:5:\"value\";s:0:\"\";s:8:\"position\";i:0;s:10:\"is_visible\";i:1;s:12:\"is_variation\";i:0;s:11:\"is_taxonomy\";i:1;}s:16:\"pa_make-a-choice\";a:6:{s:4:\"name\";s:16:\"pa_make-a-choice\";s:5:\"value\";s:0:\"\";s:8:\"position\";i:1;s:10:\"is_visible\";i:1;s:12:\"is_variation\";i:1;s:11:\"is_taxonomy\";i:1;}}"],"attr_label_translations":["a:1:{s:2:\"de\";a:1:{s:13:\"make-a-choice\";s:21:\"Treffen Sie eine Wahl\";}}"],"_backorders":["no"],"_download_limit":["-1"],"_download_expiry":["-1"],"_downloadable":["no"],"_manage_stock":["no"],"_stock_status":["instock"],"_sold_individually":["no"],"_tax_class":[""],"_tax_status":["taxable"],"_virtual":["no"],"total_sales":["1"],"_price":["346.66","541.22","498.7"],"product_datasheet":[""],"_product_datasheet":["field_650ad7d6ea3a0"],"connectivity":[""],"_connectivity":["field_64dce263bb57c"],"brand":["Praxas"],"_brand":["field_64ddf62ed2593"],"brand_image":[""],"_brand_image":["field_650c5e7c84cae"],"_specifications_table":["field_65044e1db92a8"],"_display_data_alarm":["field_667d647bcb066"],"_resources":["field_650849c6945ee"],"_accessories":["field_650849e6945f0"],"_faqs":["field_650859523d8d5"],"_calibration_suitable_ids_gb":["field_654b4c4acb54a"],"_calibration_suitable_ids_us":["field_654b4c56cb54b"],"_show_in_calibration_suitable":["field_654cfb691d345"],"_other_features":["field_668524f8c98a4"],"_shipping":["field_66852535c98a5"],"_refrigerant_cabinet":["field_66852557c98a6"],"_main_specifications":["field_66855b25b1245"],"_usd_price_4":["field_651570dcac479"],"_usd_price_9":["field_6515713eb4807"],"_usd_price_24":["field_65157141b4809"],"_usd_price_49":["field_65157140b4808"],"_usd_price_99":["field_6515715bb480a"],"_gbp_price_4":["field_6515716e83bfa"],"_gbp_price_9":["field_6515724783bfb"],"_gbp_price_24":["field_6515724b83bfc"],"_gbp_price_49":["field_6515725983bfd"],"_gbp_price_99":["field_6515725d83bfe"],"_usdhk_price_4":["field_6515726f83bff"],"_usdhk_price_9":["field_6515727c83c00"],"_usdhk_price_24":["field_6515728083c01"],"_usdhk_price_49":["field_6515728983c02"],"_usdhk_price_99":["field_6515728e83c03"],"stock_options":["In stock"],"_stock_options":["field_6544b605dc7f9"],"_top_nav_excluded":[""],"_cms_nav_minihome":[""],"wcml_sync_hash":["a:1:{s:15:\"postmeta_fields\";s:32:\"ce22cd7ca1fbef049632eafacfeba667\";}"],"_product_image_gallery":["28128,28129"],"_thumbnail_id":["28127"],"_crosssell_ids":["a:0:{}"],"_last_translation_edit_mode":["translation-editor"],"_edit_lock":["1721833498:8383"],"classic-editor-remember":["classic-editor"],"rank_math_schema_WooCommerceProduct":["a:2:{s:5:\"@type\";s:18:\"WooCommerceProduct\";s:8:\"metadata\";a:3:{s:5:\"title\";s:19:\"WooCommerce Product\";s:4:\"type\";s:8:\"template\";s:9:\"isPrimary\";b:1;}}"],"rank_math_schema_VideoObject":["a:12:{s:5:\"@type\";s:11:\"VideoObject\";s:8:\"metadata\";a:8:{s:5:\"title\";s:5:\"Video\";s:4:\"type\";s:8:\"template\";s:9:\"shortcode\";s:15:\"s-66a116366d7f3\";s:9:\"isPrimary\";b:1;s:23:\"reviewLocationShortcode\";s:24:\"[rank_math_rich_snippet]\";s:8:\"category\";s:12:\"%categories%\";s:4:\"tags\";s:6:\"%tags%\";s:15:\"isAutoGenerated\";b:1;}s:4:\"name\";s:35:\"Praxas Container Pack: How it works\";s:11:\"description\";s:160:\"The Praxas Container Pack creates the ideal climate to see containers to prevent damage to goods during sea transport.The Praxas Container Pack consists of a...\";s:10:\"uploadDate\";s:25:\"2019-03-28T06:13:52-07:00\";s:12:\"thumbnailUrl\";s:16:\"%post_thumbnail%\";s:8:\"embedUrl\";s:41:\"https:\/\/www.youtube.com\/embed\/tWf86VSM9D4\";s:10:\"contentUrl\";s:0:\"\";s:8:\"duration\";s:7:\"PT2M17S\";s:5:\"width\";s:4:\"1280\";s:6:\"height\";s:3:\"720\";s:16:\"isFamilyFriendly\";b:1;}","a:12:{s:5:\"@type\";s:11:\"VideoObject\";s:8:\"metadata\";a:8:{s:5:\"title\";s:5:\"Video\";s:4:\"type\";s:8:\"template\";s:9:\"shortcode\";s:15:\"s-66a116366d7f8\";s:9:\"isPrimary\";b:1;s:23:\"reviewLocationShortcode\";s:24:\"[rank_math_rich_snippet]\";s:8:\"category\";s:12:\"%categories%\";s:4:\"tags\";s:6:\"%tags%\";s:15:\"isAutoGenerated\";b:1;}s:4:\"name\";s:49:\"Praxas Container Liner without floor Instructions\";s:11:\"description\";s:63:\"Installation video of the Praxas container liner without floor.\";s:10:\"uploadDate\";s:25:\"2023-04-06T02:41:02-07:00\";s:12:\"thumbnailUrl\";s:16:\"%post_thumbnail%\";s:8:\"embedUrl\";s:41:\"https:\/\/www.youtube.com\/embed\/xE8MYYNCx_w\";s:10:\"contentUrl\";s:0:\"\";s:8:\"duration\";s:7:\"PT3M46S\";s:5:\"width\";s:4:\"1280\";s:6:\"height\";s:3:\"720\";s:16:\"isFamilyFriendly\";b:1;}"],"rank_math_seo_score":["23"],"_edit_last":["8383"],"commercekit_gallery_layout":[""],"commercekit_disable_sticky_atc":["0"],"commercekit_wc_video_gallery":["a:0:{}"],"_rank_math_gtin_code":[""],"_wcml_average_rating":[null],"_wcml_review_count":[null],"_wcml_rating_count":[null],"_stock":[null],"_wc_average_rating":[0],"_wc_review_count":["0"],"_product_version":["9.1.2"],"usd_price_4":[""],"usd_price_9":[""],"usd_price_24":[""],"usd_price_49":[""],"usd_price_99":[""],"gbp_price_4":[""],"gbp_price_9":[""],"gbp_price_24":[""],"gbp_price_49":[""],"gbp_price_99":[""],"usdhk_price_4":[""],"usdhk_price_9":[""],"usdhk_price_24":[""],"usdhk_price_49":[""],"usdhk_price_99":[""],"display_data_alarm":[""],"resources":[""],"calibration":[""],"accessories":[""],"faqs":[""],"calibration_suitable_ids_gb":[""],"calibration_suitable_ids_us":[""],"show_in_calibration_suitable":[""],"other_features":[""],"shipping":[""],"refrigerant_cabinet":[""],"main_specifications":[""],"shoptimizer_layout_pdp_short_description_position":["default"],"_wpml_media_duplicate":["1"],"_wpml_media_featured":["1"],"_calibration":["field_66a0ddd599972"],"min_temp":[""],"max_temp":[""],"_min_temp":["field_67ea5eb4e0a77"],"_max_temp":["field_67ea5f81e0a79"],"_wpml_word_count":["347"],"rank_math_primary_product_cat":["2529"],"hubwoo_ecomm_invalid_pro":["yes"],"rank_math_description":["Kaufen Sie die Praxas 130 Containerauskleidung mit Boden f\u00fcr den ultimativen Schutz Ihrer Waren w\u00e4hrend des Transports. Diese Auskleidung bietet maximale Isolierung, sch\u00fctzt vor Feuchtigkeit, Ger\u00fcchen und Schmutz und ist einfach zu installieren."],"rank_math_focus_keyword":["Container-Liner"],"specifications_table":["<table class=\"specifications\">\n<tbody>\n<tr class=\"even-row\">\n<td class=\"left-td\">L\u00e4nge<\/td>\n<td>50mm<\/td>\n<\/tr>\n<tr class=\"odd-row\">\n<td class=\"left-td\">Breite<\/td>\n<td>112mm<\/td>\n<\/tr>\n<tr class=\"even-row\">\n<td class=\"left-td\">H\u00f6he<\/td>\n<td>10mm<\/td>\n<\/tr>\n<tr class=\"odd-row\">\n<td class=\"left-td\">Gewicht<\/td>\n<td>25000g<\/td>\n<\/tr>\n<tr class=\"even-row\">\n<td class=\"left-td\">Produkt-Code<\/td>\n<td>27006<\/td>\n<\/tr>\n<tr class=\"odd-row\">\n<td class=\"left-td\">Menge pro Palette<\/td>\n<td>30<\/td>\n<\/tr>\n<tr class=\"even-row\">\n<td class=\"left-td\">H\u00f6he Liner mm<\/td>\n<td>2450<\/td>\n<\/tr>\n<tr class=\"odd-row\">\n<td class=\"left-td\">Breite Liner mm<\/td>\n<td>2450<\/td>\n<\/tr>\n<tr class=\"even-row\">\n<td class=\"left-td\">L\u00e4nge Liner mm<\/td>\n<td>6100<\/td>\n<\/tr>\n<\/tbody>\n<\/table>"],"_uag_page_assets":["a:9:{s:3:\"css\";s:0:\"\";s:2:\"js\";s:0:\"\";s:18:\"current_block_list\";a:0:{}s:8:\"uag_flag\";b:0;s:11:\"uag_version\";s:10:\"1775742760\";s:6:\"gfonts\";a:0:{}s:10:\"gfonts_url\";s:0:\"\";s:12:\"gfonts_files\";a:0:{}s:14:\"uag_faq_layout\";b:0;}"],"_max_variation_price":[""],"_max_variation_regular_price":[""],"_max_variation_sale_price":[""],"_min_variation_price":[""],"_min_variation_regular_price":[""],"_min_variation_sale_price":[""],"_regular_price":[""],"_sale_price":[""],"_wc_pb_base_regular_price":[""],"_wc_pb_base_sale_price":[""],"_wc_pb_base_price":[""],"_wc_sw_max_price":[""],"_wc_sw_max_regular_price":[""],"_wc_rating_count":[""]},"uagb_featured_image_src":{"full":["https:\/\/praxas.com\/wp-content\/uploads\/container-liners-praxas-container-liner-container-800px.jpg",800,463,false],"thumbnail":["https:\/\/praxas.com\/wp-content\/uploads\/container-liners-praxas-container-liner-container-800px-150x150.jpg",150,150,true],"medium":["https:\/\/praxas.com\/wp-content\/uploads\/container-liners-praxas-container-liner-container-800px-300x174.jpg",300,174,true],"medium_large":["https:\/\/praxas.com\/wp-content\/uploads\/container-liners-praxas-container-liner-container-800px-768x444.jpg",768,444,true],"large":["https:\/\/praxas.com\/wp-content\/uploads\/container-liners-praxas-container-liner-container-800px.jpg",800,463,false],"1536x1536":["https:\/\/praxas.com\/wp-content\/uploads\/container-liners-praxas-container-liner-container-800px.jpg",800,463,false],"2048x2048":["https:\/\/praxas.com\/wp-content\/uploads\/container-liners-praxas-container-liner-container-800px.jpg",800,463,false],"crunchify-admin-post-featured-image":["https:\/\/praxas.com\/wp-content\/uploads\/container-liners-praxas-container-liner-container-800px-120x69.jpg",120,69,true],"commercegurus-pdp-large":["https:\/\/praxas.com\/wp-content\/uploads\/container-liners-praxas-container-liner-container-800px.jpg",800,463,false],"commercegurus-plp-mobile":["https:\/\/praxas.com\/wp-content\/uploads\/container-liners-praxas-container-liner-container-800px-441x255.jpg",441,255,true],"cgkit_image_swatch":["https:\/\/praxas.com\/wp-content\/uploads\/container-liners-praxas-container-liner-container-800px-100x100.jpg",100,100,true],"woocommerce_thumbnail":["https:\/\/praxas.com\/wp-content\/uploads\/container-liners-praxas-container-liner-container-800px-350x203.jpg",350,203,true],"woocommerce_single":["https:\/\/praxas.com\/wp-content\/uploads\/container-liners-praxas-container-liner-container-800px.jpg",800,463,false],"woocommerce_gallery_thumbnail":["https:\/\/praxas.com\/wp-content\/uploads\/container-liners-praxas-container-liner-container-800px-150x87.jpg",150,87,true]},"uagb_author_info":{"display_name":"Beth Foord","author_link":"https:\/\/praxas.com\/de\/author\/"},"uagb_comment_info":0,"uagb_excerpt":"Liner\/ Containersack mit Boden Maximale Isolierung Sch\u00fctzt vor N\u00e4sse Schnelle Montage und Installation Geeignet f\u00fcr Trockencontainer","_links":{"self":[{"href":"https:\/\/praxas.com\/de\/wp-json\/wp\/v2\/product\/28126","targetHints":{"allow":["GET"]}}],"collection":[{"href":"https:\/\/praxas.com\/de\/wp-json\/wp\/v2\/product"}],"about":[{"href":"https:\/\/praxas.com\/de\/wp-json\/wp\/v2\/types\/product"}],"wp:featuredmedia":[{"embeddable":true,"href":"https:\/\/praxas.com\/de\/wp-json\/wp\/v2\/media\/28127"}],"wp:attachment":[{"href":"https:\/\/praxas.com\/de\/wp-json\/wp\/v2\/media?parent=28126"}],"wp:term":[{"taxonomy":"product_brand","embeddable":true,"href":"https:\/\/praxas.com\/de\/wp-json\/wp\/v2\/product_brand?post=28126"},{"taxonomy":"product_cat","embeddable":true,"href":"https:\/\/praxas.com\/de\/wp-json\/wp\/v2\/product_cat?post=28126"},{"taxonomy":"product_tag","embeddable":true,"href":"https:\/\/praxas.com\/de\/wp-json\/wp\/v2\/product_tag?post=28126"}],"curies":[{"name":"wp","href":"https:\/\/api.w.org\/{rel}","templated":true}]}}