{"id":28156,"date":"2024-06-11T15:42:26","date_gmt":"2024-06-11T13:42:26","guid":{"rendered":"https:\/\/staging.praxas.com\/product\/unkategorisiert\/trid30-7r-temperaturlogger\/"},"modified":"2025-10-08T18:14:05","modified_gmt":"2025-10-08T16:14:05","slug":"trid30-7r-temperaturlogger","status":"publish","type":"product","link":"https:\/\/praxas.com\/de\/product\/datenlogger\/temperatur-datenlogger\/trid30-7r-temperaturlogger\/","title":{"rendered":"TRID30-7R Temperatur-Logger"},"content":{"rendered":"<p><strong>Bitte beachten Sie:<\/strong> Der LogTag TRID30-7R Temperaturlogger hat eine <strong>austauschbare<\/strong> Batterie.<\/p>\n<p>Der LogTag TRID30-7R Temperaturlogger ist ein WHO-konformer Temperaturschreiber, der f\u00fcr die \u00dcberwachung der Lagerbedingungen in Impfstoffk\u00fchlschr\u00e4nken, Verkaufsr\u00e4umen und medizinischen Einrichtungen entwickelt wurde.<\/p>\n<p>Dieser Temperaturlogger misst und \u00fcberwacht die Temperaturen w\u00e4hrend des Transports und der Lagerung mit einem Bereich von -30\u00b0C bis +60\u00b0C und ist damit f\u00fcr extreme Temperaturumgebungen w\u00e4hrend des Transports geeignet.<\/p>\n<p>Die genaue Temperaturmessung hilft, Besch\u00e4digungen oder Gewichtsverlust w\u00e4hrend des Transports zu vermeiden. Er verf\u00fcgt \u00fcber eine Echtzeituhr, die f\u00fcr jeden Temperaturmesswert einen Datums- und Zeitstempel liefert. Damit ist er ideal f\u00fcr den Transport von temperaturempfindlichen Produkten und medizinischen Ger\u00e4ten.<\/p>\n<p>Die Temperaturlogger von LogTag sind bekannt f\u00fcr ihre branchenf\u00fchrende Downloadzeit und Genauigkeit. Mit einer Batterielebensdauer von bis zu 3 Jahren k\u00f6nnen Sie sich auf eine kontinuierliche und pr\u00e4zise Datenerfassung verlassen.<\/p>\n<p><strong>Zu den Vorteilen des LogTag TRID30-7R Temperaturloggers geh\u00f6ren:<\/strong><\/p>\n<ul>\n<li>Ein Temperaturbereich von -30\u00b0C bis +60\u00b0C<\/li>\n<li>Misst bis zu 30 Tage<\/li>\n<li>Alarmanzeige signalisiert, wenn die Messwerte au\u00dferhalb der festgelegten Grenzen liegen<\/li>\n<li>Keine manuellen Messungen mehr<\/li>\n<li>Kompakte Gr\u00f6\u00dfe f\u00fcr einfachen Transport und Lagerung<\/li>\n<li>WHO-konform<\/li>\n<\/ul>\n<p><strong>LCD-Anzeige<\/strong><\/p>\n<p>Eine n\u00fctzliche Funktion dieses Datenloggers ist das Display. Diese Anzeige zeigt an, wenn eine zu hohe oder zu niedrige Temperatur gemessen wurde. Sie zeigt auch die Temperatur und die Uhrzeit des jeweiligen Moments, den Aufnahmestatus und den Batteriestand an.<\/p>\n<p>Wenn Sie die vergangenen und aktuellen Temperaturen auf einen Blick sehen, k\u00f6nnen Sie Ma\u00dfnahmen ergreifen.<\/p>\n<p><strong>Waren l\u00e4nger aufbewahren<\/strong><\/p>\n<p>Dieser Temperaturlogger \u00fcberwacht die Temperatur w\u00e4hrend des Transports \u00fcber kurze und lange Strecken. Er ist bekannt f\u00fcr seine hohe Leistung, Qualit\u00e4t und Genauigkeit, die f\u00fcr die Gew\u00e4hrleistung der Produktintegrit\u00e4t entscheidend sind. Die Aufrechterhaltung angemessener Umgebungstemperaturen ist entscheidend f\u00fcr die Qualit\u00e4t und Sicherheit von Produkten wie Medikamenten und Impfstoffen.<\/p>\n<p><strong>Einfacher Zugang zu Daten<\/strong><\/p>\n<p>Mit dem Kauf des Temperaturloggers erhalten Sie <strong>kostenlosen<\/strong> Zugang zur LogTag Analyser Software. Diese Plattform erleichtert die Konfiguration, das Herunterladen und die Anzeige von Daten aus dem LogTag TRID30-7R Temperaturlogger. Die Daten k\u00f6nnen nahtlos in verschiedene Dateiformate, einschlie\u00dflich Excel, exportiert werden.<\/p>\n<p><strong> <\/strong><\/p>\n<p>Wenn Sie den LogTag TRID30-7R in der Fracht einsetzen, erhalten Sie ein Echtzeit-Temperaturbewusstsein, das Sie vor m\u00f6glichen Transportsch\u00e4den sch\u00fctzt.<\/p>\n","protected":false},"excerpt":{"rendered":"<ul>\n<li>Temperaturlogger mit Display<\/li>\n<li>-30\u00b0C bis +60\u00b0C<\/li>\n<li>Misst bis zu 30 Tage<\/li>\n<li>\u00c4u\u00dferst genau<\/li>\n<\/ul>\n","protected":false},"featured_media":28157,"template":"","meta":{"_acf_changed":false,"content-type":"","_uag_custom_page_level_css":""},"product_brand":[],"product_cat":[1010],"product_tag":[2513],"class_list":{"0":"post-28156","1":"product","2":"type-product","3":"status-publish","4":"has-post-thumbnail","6":"product_cat-temperatur-datenlogger","7":"product_tag-logtag-de","9":"first","10":"instock","11":"taxable","12":"shipping-taxable","13":"purchasable","14":"product-type-simple"},"bundled_by":[],"bundle_stock_status":"instock","bundle_stock_quantity":null,"bundle_virtual":false,"bundle_layout":"","bundle_add_to_cart_form_location":"","bundle_editable_in_cart":false,"bundle_sold_individually_context":"","bundle_item_grouping":"","bundle_min_size":"","bundle_max_size":"","bundle_price":[],"bundled_items":[],"bundle_sell_ids":[],"acf":[],"spectra_custom_meta":{"_product_attributes":["a:2:{s:16:\"pa_product-brand\";a:6:{s:4:\"name\";s:16:\"pa_product-brand\";s:5:\"value\";s:0:\"\";s:8:\"position\";i:0;s:10:\"is_visible\";i:1;s:12:\"is_variation\";i:0;s:11:\"is_taxonomy\";i:1;}s:16:\"pa_make-a-choice\";a:6:{s:4:\"name\";s:16:\"pa_make-a-choice\";s:5:\"value\";s:0:\"\";s:8:\"position\";i:1;s:10:\"is_visible\";i:1;s:12:\"is_variation\";i:0;s:11:\"is_taxonomy\";i:1;}}"],"attr_label_translations":["a:1:{s:2:\"de\";a:1:{s:13:\"make-a-choice\";s:21:\"Treffen Sie eine Wahl\";}}"],"_backorders":["no"],"_download_limit":["-1"],"_download_expiry":["-1"],"_downloadable":["no"],"_manage_stock":["no"],"_stock_status":["instock"],"_sold_individually":["no"],"_tax_class":[""],"_tax_status":["taxable"],"_virtual":["no"],"total_sales":["4"],"product_datasheet":[""],"_product_datasheet":["field_650ad7d6ea3a0"],"_connectivity":["field_64dce263bb57c"],"brand":["LogTag"],"_brand":["field_64ddf62ed2593"],"brand_image":[""],"_brand_image":["field_650c5e7c84cae"],"_specifications_table":["field_65044e1db92a8"],"_resources":["field_650849c6945ee"],"_accessories":["field_650849e6945f0"],"_faqs":["field_650859523d8d5"],"_calibration_suitable_ids_gb":["field_654b4c4acb54a"],"_calibration_suitable_ids_us":["field_654b4c56cb54b"],"_show_in_calibration_suitable":["field_654cfb691d345"],"_usd_price_4":["field_651570dcac479"],"_usd_price_9":["field_6515713eb4807"],"_usd_price_24":["field_65157141b4809"],"_usd_price_49":["field_65157140b4808"],"_usd_price_99":["field_6515715bb480a"],"_gbp_price_4":["field_6515716e83bfa"],"_gbp_price_9":["field_6515724783bfb"],"_gbp_price_24":["field_6515724b83bfc"],"_gbp_price_49":["field_6515725983bfd"],"_gbp_price_99":["field_6515725d83bfe"],"_usdhk_price_4":["field_6515726f83bff"],"_usdhk_price_9":["field_6515727c83c00"],"_usdhk_price_24":["field_6515728083c01"],"_usdhk_price_49":["field_6515728983c02"],"_usdhk_price_99":["field_6515728e83c03"],"stock_options":["In stock"],"_stock_options":["field_6544b605dc7f9"],"_top_nav_excluded":[""],"_cms_nav_minihome":[""],"wcml_sync_hash":["a:1:{s:15:\"postmeta_fields\";s:32:\"eaa54a03829d495cbd3ad2f0923d76b3\";}"],"_product_image_gallery":["28158,28159,28160"],"_thumbnail_id":["28157"],"_crosssell_ids":["a:0:{}"],"_last_translation_edit_mode":["translation-editor"],"_display_data_alarm":["field_667d647bcb066"],"_other_features":["field_668524f8c98a4"],"_shipping":["field_66852535c98a5"],"_refrigerant_cabinet":["field_66852557c98a6"],"_main_specifications":["field_66855b25b1245"],"connectivity":["Interface Cradle"],"_calibration":["field_66a0ddd599972"],"_edit_lock":["1724249910:8383"],"classic-editor-remember":["classic-editor"],"rank_math_seo_score":["29"],"rank_math_contentai_score":["a:5:{s:8:\"keywords\";s:5:\"74.51\";s:9:\"wordCount\";s:1:\"0\";s:9:\"linkCount\";s:1:\"0\";s:12:\"headingCount\";s:1:\"0\";s:10:\"mediaCount\";s:1:\"0\";}"],"_edit_last":["8383"],"commercekit_gallery_layout":[""],"commercekit_disable_sticky_atc":["0"],"commercekit_wc_video_gallery":["a:0:{}"],"_rank_math_gtin_code":[""],"_wcml_average_rating":[null],"_wcml_review_count":[null],"_wcml_rating_count":[null],"_stock":[null],"_wc_average_rating":[0],"_wc_review_count":["0"],"_product_version":["9.1.4"],"usd_price_4":[""],"usd_price_9":[""],"usd_price_24":[""],"usd_price_49":[""],"usd_price_99":[""],"gbp_price_4":[""],"gbp_price_9":[""],"gbp_price_24":[""],"gbp_price_49":[""],"gbp_price_99":[""],"usdhk_price_4":[""],"usdhk_price_9":[""],"usdhk_price_24":[""],"usdhk_price_49":[""],"usdhk_price_99":[""],"display_data_alarm":[""],"calibration":[""],"faqs":[""],"calibration_suitable_ids_gb":[""],"calibration_suitable_ids_us":[""],"show_in_calibration_suitable":[""],"other_features":[""],"shipping":[""],"refrigerant_cabinet":[""],"main_specifications":[""],"shoptimizer_layout_pdp_short_description_position":["default"],"rank_math_analytic_object_id":["645"],"_wpml_media_duplicate":["1"],"_wpml_media_featured":["1"],"_regular_price":["65.10"],"_price":["65.10","65.10","65.10"],"min_temp":["-30"],"max_temp":["60"],"_min_temp":["field_67ea5eb4e0a77"],"_max_temp":["field_67ea5f81e0a79"],"hubwoo_ecomm_pro_id":["21443211134"],"_wpml_word_count":["491"],"rank_math_primary_product_cat":["87"],"rank_math_description":["Temperaturlogger f\u00fcr eine genaue \u00dcberwachung. Es verf\u00fcgt \u00fcber einen Temperaturbereich von -30\u00b0C bis +60\u00b0C, eine LCD-Anzeige und ist WHO-konform. Perfekt f\u00fcr medizinische Einrichtungen. Erfahren Sie mehr bei Praxas."],"rank_math_focus_keyword":["Temperatur Logger"],"specifications_table":["<table class=\"specifications\">\n<tbody>\n<tr>\n<td class=\"left-td\">Produkt Modell<\/td>\n<td>TRID30-7R (Auswechselbare Batterie)<\/td>\n<\/tr>\n<tr>\n<td class=\"left-td\">Temperatur-Messbereich<\/td>\n<td>-30\u00b0C bis +60\u00b0C (-22\u00b0F bis +140\u00b0F)<\/td>\n<\/tr>\n<tr>\n<td class=\"left-td\">Temperaturbereich bei Lagerung<\/td>\n<td>-10\u00b0C bis +40\u00b0C (14\u00b0F bis +104\u00b0F)<\/td>\n<\/tr>\n<tr>\n<td class=\"left-td\">Sensor-Reaktionszeit<\/td>\n<td>Typischerweise weniger als 5 Minuten (T90) in bewegter Luft (1m\/s) in EN12830:1999<\/td>\n<\/tr>\n<tr>\n<td class=\"left-td\">Aufnahmekapazit\u00e4t<\/td>\n<td>7.650 Temperaturmesswerte. 53 Tage bei 10-min\u00fctiger Aufzeichnung, 80 Tage bei 15-min\u00fctiger Aufzeichnung\nSpeicher f\u00fcr zusammenfassende Tagesstatistiken (zur Anzeige auf dem LCD): bis zu 30 Tage Max\/Min\/Dauer und Alarmausl\u00f6ser-Statistiken <\/td>\n<\/tr>\n<tr>\n<td class=\"left-td\">Intervall der Probenahme<\/td>\n<td>Konfigurierbar von 30 Sekunden bis st\u00fcndlich<\/td>\n<\/tr>\n<tr>\n<td class=\"left-td\">Startoptionen f\u00fcr die Protokollierung<\/td>\n<td>Start per Knopfdruck oder mit Datum und Uhrzeit.\nOptionale Startverz\u00f6gerung von bis zu 18 Stunden <\/td>\n<\/tr>\n<tr>\n<td class=\"left-td\">Aufnahme-Anzeige<\/td>\n<td>Statusanzeige \"REC\"<\/td>\n<\/tr>\n<tr>\n<td class=\"left-td\">Download-Zeit<\/td>\n<td>Normalerweise weniger als 5 Sekunden f\u00fcr den vollen Speicher (7.650 Messwerte), je nach verwendetem Computer oder Ausleseger\u00e4t<\/td>\n<\/tr>\n<tr>\n<td class=\"left-td\">Umgebungsbedingungen<\/td>\n<td>IP65 (entspricht ungef\u00e4hr NEMA 4) bei vertikaler Montage oder Aufh\u00e4ngung<\/td>\n<\/tr>\n<tr>\n<td class=\"left-td\">Stromquelle<\/td>\n<td>TRID30-7R (austauschbare Batterie): CR2032 3V LiMnO2<\/td>\n<\/tr>\n<tr>\n<td class=\"left-td\">Lebensdauer der Batterie<\/td>\n<td>TRID30-7R (austauschbare Batterie): 1 Jahr Lagerung, gefolgt von 1 Jahr Betrieb bei normaler Nutzung (6 Minuten Aufzeichnung, \u00dcberpr\u00fcfung der Statistiken auf dem Display h\u00f6chstens einmal t\u00e4glich f\u00fcr jeweils 30 Sekunden, monatlicher Download der Daten)<\/td>\n<\/tr>\n<tr>\n<td class=\"left-td\">Echtzeituhr<\/td>\n<td>Eingebaute Echtzeituhr\nNenngenauigkeit \u00b125ppm bei 25\u00b0C (entspricht 2,5 Sekunden\/Tag)\nDer Nenntemperaturkoeffizient betr\u00e4gt -0,034 \u00b10,006ppm\/\u00b0C (d.h. typischerweise +\/- 0,00294 Sekunden\/Tag\/\u00b0C)<\/td>\n<\/tr>\n<tr>\n<td class=\"left-td\">Anschluss Interface<\/td>\n<td>Schnittstelle Cradle<\/td>\n<\/tr>\n<tr>\n<td class=\"left-td\">Software<\/td>\n<td>LogTag\u00ae-Analysator<\/td>\n<\/tr>\n<tr>\n<td class=\"left-td\">Gr\u00f6\u00dfe<\/td>\n<td>93mm(H) x 54,5mm(B) x 8,6mm(T)<\/td>\n<\/tr>\n<tr>\n<td class=\"left-td\">Gewicht<\/td>\n<td>TRID30-7R: 41g<\/td>\n<\/tr>\n<tr>\n<td class=\"left-td\">Material Geh\u00e4use<\/td>\n<td>Polycarbonat<\/td>\n<\/tr>\n<\/tbody>\n<\/table>"],"resources":["<ul class=\"resources-list\">\n \t<li style=\"list-style-type: none;\">\n<ul class=\"resources-list\">\n \t<li><a href=\"https:\/\/praxas.com\/wp-content\/uploads\/LogTag_TRID30-7_Brochure.pdf\"><img src=\"https:\/\/praxas.com\/wp-content\/uploads\/document-icon.png\" alt=\"Dokument-Symbol\">LogTag TRID30-7R Brosch\u00fcre<\/a><\/li>\n \t<li><img src=\"https:\/\/praxas.com\/wp-content\/uploads\/document-icon.png\" alt=\"Dokument-Symbol\"><a href=\"https:\/\/praxas.com\/wp-content\/uploads\/LogTag_TRID_Quickstart_Guide.pdf\">LogTag TRID30-7R Schnellstartanleitung<\/a><\/li>\n \t<li><img src=\"https:\/\/praxas.com\/wp-content\/uploads\/document-icon.png\" alt=\"Dokument-Symbol\"><a href=\"https:\/\/praxas.com\/wp-content\/uploads\/TRID30-7_Product_User_Guide.pdf\">LogTag TRID30-7R Benutzerhandbuch<\/a><\/li>\n \t<li><img src=\"https:\/\/praxas.com\/wp-content\/uploads\/document-icon.png\" alt=\"Dokument-Symbol\"><a href=\"https:\/\/praxas.com\/wp-content\/uploads\/TRID30-7R_TRED30-7R_Battery_replacement.pdf\">LogTag TRID30-7R Anleitung zum Austausch der Batterie<\/a><\/li>\n<\/ul>\n<\/li>\n<\/ul>"],"accessories":["[products skus=\"LTI-HID,PROTECTIVE ENCLOSURE,WMB-1\"]"],"_uag_page_assets":["a:9:{s:3:\"css\";s:0:\"\";s:2:\"js\";s:0:\"\";s:18:\"current_block_list\";a:0:{}s:8:\"uag_flag\";b:0;s:11:\"uag_version\";s:10:\"1775212209\";s:6:\"gfonts\";a:0:{}s:10:\"gfonts_url\";s:0:\"\";s:12:\"gfonts_files\";a:0:{}s:14:\"uag_faq_layout\";b:0;}"],"_max_variation_price":[""],"_max_variation_regular_price":[""],"_max_variation_sale_price":[""],"_min_variation_price":[""],"_min_variation_regular_price":[""],"_min_variation_sale_price":[""],"_sale_price":[""],"_wc_pb_base_regular_price":[""],"_wc_pb_base_sale_price":[""],"_wc_pb_base_price":[""],"_wc_sw_max_price":[""],"_wc_sw_max_regular_price":[""],"_wc_rating_count":[""]},"uagb_featured_image_src":{"full":["https:\/\/praxas.com\/wp-content\/uploads\/logtag-logtag-trid30-7r-temperature-logger-who-wit-800px.jpg",800,463,false],"thumbnail":["https:\/\/praxas.com\/wp-content\/uploads\/logtag-logtag-trid30-7r-temperature-logger-who-wit-800px-150x150.jpg",150,150,true],"medium":["https:\/\/praxas.com\/wp-content\/uploads\/logtag-logtag-trid30-7r-temperature-logger-who-wit-800px-300x174.jpg",300,174,true],"medium_large":["https:\/\/praxas.com\/wp-content\/uploads\/logtag-logtag-trid30-7r-temperature-logger-who-wit-800px-768x444.jpg",768,444,true],"large":["https:\/\/praxas.com\/wp-content\/uploads\/logtag-logtag-trid30-7r-temperature-logger-who-wit-800px.jpg",800,463,false],"1536x1536":["https:\/\/praxas.com\/wp-content\/uploads\/logtag-logtag-trid30-7r-temperature-logger-who-wit-800px.jpg",800,463,false],"2048x2048":["https:\/\/praxas.com\/wp-content\/uploads\/logtag-logtag-trid30-7r-temperature-logger-who-wit-800px.jpg",800,463,false],"crunchify-admin-post-featured-image":["https:\/\/praxas.com\/wp-content\/uploads\/logtag-logtag-trid30-7r-temperature-logger-who-wit-800px-120x69.jpg",120,69,true],"commercegurus-pdp-large":["https:\/\/praxas.com\/wp-content\/uploads\/logtag-logtag-trid30-7r-temperature-logger-who-wit-800px.jpg",800,463,false],"commercegurus-plp-mobile":["https:\/\/praxas.com\/wp-content\/uploads\/logtag-logtag-trid30-7r-temperature-logger-who-wit-800px-441x255.jpg",441,255,true],"cgkit_image_swatch":["https:\/\/praxas.com\/wp-content\/uploads\/logtag-logtag-trid30-7r-temperature-logger-who-wit-800px-100x100.jpg",100,100,true],"woocommerce_thumbnail":["https:\/\/praxas.com\/wp-content\/uploads\/logtag-logtag-trid30-7r-temperature-logger-who-wit-800px-350x203.jpg",350,203,true],"woocommerce_single":["https:\/\/praxas.com\/wp-content\/uploads\/logtag-logtag-trid30-7r-temperature-logger-who-wit-800px.jpg",800,463,false],"woocommerce_gallery_thumbnail":["https:\/\/praxas.com\/wp-content\/uploads\/logtag-logtag-trid30-7r-temperature-logger-who-wit-800px-150x87.jpg",150,87,true]},"uagb_author_info":{"display_name":"Beth Foord","author_link":"https:\/\/praxas.com\/de\/author\/"},"uagb_comment_info":0,"uagb_excerpt":"Temperaturlogger mit Display -30\u00b0C bis +60\u00b0C Misst bis zu 30 Tage \u00c4u\u00dferst genau","_links":{"self":[{"href":"https:\/\/praxas.com\/de\/wp-json\/wp\/v2\/product\/28156","targetHints":{"allow":["GET"]}}],"collection":[{"href":"https:\/\/praxas.com\/de\/wp-json\/wp\/v2\/product"}],"about":[{"href":"https:\/\/praxas.com\/de\/wp-json\/wp\/v2\/types\/product"}],"wp:featuredmedia":[{"embeddable":true,"href":"https:\/\/praxas.com\/de\/wp-json\/wp\/v2\/media\/28157"}],"wp:attachment":[{"href":"https:\/\/praxas.com\/de\/wp-json\/wp\/v2\/media?parent=28156"}],"wp:term":[{"taxonomy":"product_brand","embeddable":true,"href":"https:\/\/praxas.com\/de\/wp-json\/wp\/v2\/product_brand?post=28156"},{"taxonomy":"product_cat","embeddable":true,"href":"https:\/\/praxas.com\/de\/wp-json\/wp\/v2\/product_cat?post=28156"},{"taxonomy":"product_tag","embeddable":true,"href":"https:\/\/praxas.com\/de\/wp-json\/wp\/v2\/product_tag?post=28156"}],"curies":[{"name":"wp","href":"https:\/\/api.w.org\/{rel}","templated":true}]}}