{"id":41220,"date":"2024-08-16T10:21:05","date_gmt":"2024-08-16T08:21:05","guid":{"rendered":"https:\/\/praxas.com\/product\/unkategorisiert\/lascar-el-cc-2-000-temperatur-und-feuchtigkeitsmessgeraet\/"},"modified":"2025-12-11T10:25:59","modified_gmt":"2025-12-11T09:25:59","slug":"lascar-el-cc-2-000-temperatur-und-feuchtigkeitsmessgeraet","status":"publish","type":"product","link":"https:\/\/praxas.com\/de\/product\/datenlogger\/temperatur-luftfeuchtigkeit-de\/lascar-el-cc-2-000-temperatur-und-feuchtigkeitsmessgeraet\/","title":{"rendered":"EL-CC-2-000"},"content":{"rendered":"&#13;\n<p>Der EL-CC-2-000 Temperatur- und Luftfeuchtigkeitsmesser ist ein Einweg-Temperatur- und Luftfeuchtigkeitsmesser mit Alarm. Dieser Datenlogger misst und speichert sowohl Temperatur- als auch Luftfeuchtigkeitsdaten. <\/p>&#13;\n&#13;\n<p>Beim Transport von Lebensmitteln ist es wichtig, die Transport- und Lagerbedingungen zu \u00fcberwachen und zu kontrollieren.\nDurch die genaue Messung von Temperatur und Luftfeuchtigkeit w\u00e4hrend des Transports k\u00f6nnen Sie Besch\u00e4digungen, Gewichtsverluste oder Verluste w\u00e4hrend des Transports und der Lagerung verhindern.  <\/p>&#13;\n&#13;\n<p>Der Datenlogger ist mit Alarmen f\u00fcr hohe 24\u00b0C und niedrige 20\u00b0C voreingestellt.<\/p>&#13;\n&#13;\n<p><strong>Vorteile EL-CC-2-000 Temperatur- und Luftfeuchtigkeitsmesser<\/strong><\/p>&#13;\n\r\n<ul class=\"wp-block-list\">&#13;\n<li>Temperatur- und Luftfeuchtigkeitsmesser in 1<\/li>&#13;\n\r\n\r\n&#13;\n<li>Messbereich von -30 bis +70\u00b0C<\/li>&#13;\n\r\n\r\n&#13;\n<li>Misst auch 0 bis 100% relative Luftfeuchtigkeit.<\/li>&#13;\n\r\n\r\n&#13;\n<li>Keine Einrichtung erforderlich<\/li>&#13;\n\r\n\r\n&#13;\n<li>Lebenszeit von 12 Monaten<\/li>&#13;\n\r\n\r\n&#13;\n<li>Keine manuellen Messungen mehr<\/li>&#13;\n<\/ul>\r\n&#13;\n<p><br\/><strong>Einfacher Zugang zu Daten<\/strong><\/p>&#13;\n&#13;\n<p>Nach der Lagerung oder dem Transport ist es sehr einfach, auf die Daten zuzugreifen.\nRei\u00dfen Sie einfach das IP67-Kunststoffgeh\u00e4use auf, um den USB-Anschluss freizulegen, und stecken Sie es in Ihren PC.\nVerwenden Sie die kostenlose EasyLog CC-Software f\u00fcr Windows, um die Daten herunterzuladen und grafisch darzustellen.  <\/p>&#13;\n&#13;\n<p><strong>  Temperatur- und Luftfeuchtigkeitsmesser hilft, Waren l\u00e4nger aufzubewahren<\/strong><\/p>&#13;\n&#13;\n<p>Dieser Temperatur- und Luftfeuchtigkeitslogger wird zur \u00dcberwachung von Temperatur und Luftfeuchtigkeit bei Kurz- und Langstreckentransporten und bei der Lagerung eingesetzt und ist f\u00fcr seine hohe Leistung, Qualit\u00e4t und Genauigkeit bekannt. Die Qualit\u00e4t von Produkten wie z.B. Lebensmitteln h\u00e4ngt von der richtigen Umgebungstemperatur ab. Wenn Sie den EL-CC-2-000 in der Fracht platzieren, sind Sie \u00fcber diese Informationen informiert und k\u00f6nnen die Qualit\u00e4t und Sicherheit der Produkte gew\u00e4hrleisten.  <\/p>&#13;\n&#13;\n<p>Mit dem EL-CC-2-000 Temperatur- und Luftfeuchtigkeitsmesser haben Sie die Temperatur und Luftfeuchtigkeit Ihrer Ladung immer im Blick und vermeiden Transport- und Lagersch\u00e4den.<\/p>&#13;\n","protected":false},"excerpt":{"rendered":"<ul>\n<li>-30\u00b0C bis +70\u00b0C<\/li>\n<li>Keine Installation erforderlich<\/li>\n<li>Mindestlebensdauer der Batterie 12 Monate<\/li>\n<li>0 bis 100% relative Luftfeuchtigkeit<\/li>\n<\/ul>\n","protected":false},"featured_media":41620,"template":"","meta":{"_acf_changed":false,"content-type":"","_uag_custom_page_level_css":""},"product_brand":[],"product_cat":[1002,1074],"product_tag":[2262],"class_list":{"0":"post-41220","1":"product","2":"type-product","3":"status-publish","4":"has-post-thumbnail","6":"product_cat-temperatur-luftfeuchtigkeit-de","7":"product_cat-kuhlketten-logistik","8":"product_tag-temperatur","10":"first","11":"instock","12":"taxable","13":"shipping-taxable","14":"purchasable","15":"product-type-simple"},"bundled_by":[],"bundle_stock_status":"instock","bundle_stock_quantity":297,"bundle_virtual":false,"bundle_layout":"","bundle_add_to_cart_form_location":"","bundle_editable_in_cart":false,"bundle_sold_individually_context":"","bundle_item_grouping":"","bundle_min_size":"","bundle_max_size":"","bundle_price":[],"bundled_items":[],"bundle_sell_ids":[],"acf":[],"spectra_custom_meta":{"_wcml_average_rating":[null],"_wcml_review_count":[null],"_wcml_rating_count":[null],"_download_limit":["-1"],"_download_expiry":["-1"],"_downloadable":["no"],"_stock_status":["instock"],"_sold_individually":["no"],"_tax_class":[""],"_tax_status":["taxable"],"_virtual":["no"],"total_sales":["6"],"_product_datasheet":["field_650ad7d6ea3a0"],"connectivity":["USB"],"_connectivity":["field_64dce263bb57c"],"brand":["EasyLog"],"_brand":["field_64ddf62ed2593"],"brand_image":["23369"],"_brand_image":["field_650c5e7c84cae"],"_specifications_table":["field_65044e1db92a8"],"_display_data_alarm":["field_667d647bcb066"],"_resources":["field_650849c6945ee"],"_calibration":["field_66a0ddd599972"],"_accessories":["field_650849e6945f0"],"_faqs":["field_650859523d8d5"],"_calibration_suitable_ids_gb":["field_654b4c4acb54a"],"_calibration_suitable_ids_us":["field_654b4c56cb54b"],"_show_in_calibration_suitable":["field_654cfb691d345"],"_shipping":["field_66852535c98a5"],"_refrigerant_cabinet":["field_66852557c98a6"],"_main_specifications":["field_66855b25b1245"],"_usd_price_4":["field_651570dcac479"],"_usd_price_9":["field_6515713eb4807"],"_usd_price_24":["field_65157141b4809"],"_usd_price_49":["field_65157140b4808"],"_usd_price_99":["field_6515715bb480a"],"_gbp_price_4":["field_6515716e83bfa"],"_gbp_price_9":["field_6515724783bfb"],"_gbp_price_24":["field_6515724b83bfc"],"_gbp_price_49":["field_6515725983bfd"],"_gbp_price_99":["field_6515725d83bfe"],"_usdhk_price_4":["field_6515726f83bff"],"_usdhk_price_9":["field_6515727c83c00"],"_usdhk_price_24":["field_6515728083c01"],"_usdhk_price_49":["field_6515728983c02"],"_usdhk_price_99":["field_6515728e83c03"],"stock_options":["In stock"],"_stock_options":["field_6544b605dc7f9"],"_top_nav_excluded":[""],"_cms_nav_minihome":[""],"wcml_sync_hash":["a:1:{s:15:\"postmeta_fields\";s:32:\"bd4372ad9a8ce49c6fbfd524069ffd8f\";}"],"attr_label_translations":["a:0:{}"],"_thumbnail_id":["41620"],"_product_image_gallery":["41215"],"_crosssell_ids":["a:0:{}"],"_last_translation_edit_mode":["translation-editor"],"_stock":["297.000000"],"_sku":["EL-CC-2-000"],"_weight":["0.114"],"_width":["5.0"],"_height":["3.0"],"_length":["6.8"],"product_datasheet":[""],"shoptimizer_layout_pdp_short_description_position":["default"],"rank_math_primary_product_cat":["696"],"rank_math_analytic_object_id":["554"],"_wpml_media_duplicate":["1"],"_wpml_media_featured":["1"],"hubwoo_ecomm_pro_id":["30688555251"],"card_1_link_url":["a:1:{i:0;s:0:\"\";}"],"card_2_link_url":["a:1:{i:0;s:0:\"\";}"],"card_3_link_url":["a:1:{i:0;s:0:\"\";}"],"card_4_link_url":["a:1:{i:0;s:0:\"\";}"],"card_5_link_url":["a:1:{i:0;s:0:\"\";}"],"card_6_link_url":["a:1:{i:0;s:0:\"\";}"],"card_7_link_url":["a:1:{i:0;s:0:\"\";}"],"card_8_link_url":["a:1:{i:0;s:0:\"\";}"],"card_9_link_url":["a:1:{i:0;s:0:\"\";}"],"card_10_link_url":["a:1:{i:0;s:0:\"\";}"],"card_11_link_url":["a:1:{i:0;s:0:\"\";}"],"card_12_link_url":["a:1:{i:0;s:0:\"\";}"],"card_13_link_url":["a:1:{i:0;s:0:\"\";}"],"card_14_link_url":["a:1:{i:0;s:0:\"\";}"],"card_15_link_url":["a:1:{i:0;s:0:\"\";}"],"card_16_link_url":["a:1:{i:0;s:0:\"\";}"],"card_17_link_url":["a:1:{i:0;s:0:\"\";}"],"card_18_link_url":["a:1:{i:0;s:0:\"\";}"],"card_19_link_url":["a:1:{i:0;s:0:\"\";}"],"card_20_link_url":["a:1:{i:0;s:0:\"\";}"],"card_21_link_url":["a:1:{i:0;s:0:\"\";}"],"card_22_link_url":["a:1:{i:0;s:0:\"\";}"],"card_23_link_url":["a:1:{i:0;s:0:\"\";}"],"card_24_link_url":["a:1:{i:0;s:0:\"\";}"],"_backorders":["no"],"_manage_stock":["no"],"min_temp":["-30"],"max_temp":["70"],"_min_temp":["field_67ea5eb4e0a77"],"_max_temp":["field_67ea5f81e0a79"],"_wpml_word_count":["384"],"_other_features":["field_686fa2aa98dce"],"rank_math_title":["EL-CC-2-000 TEMP UND FEUCHTIGKEITSMESSGER\u00c4T | Praxas"],"rank_math_description":["\u00dcberwachen und kontrollieren Sie die Temperatur und Luftfeuchtigkeit einer Ladung mit dem EL-Cc-2-000 Temperatur-Feuchtigkeitsmesser.  "],"rank_math_focus_keyword":["EL-CC-2-000"],"specifications_table":["<table id=\"sheet0\" class=\"sheet0 gridlines\" border=\"0\" cellspacing=\"0\" cellpadding=\"0\"><colgroup> <col class=\"col0\"> <col class=\"col1\"> <col class=\"col2\"><\/colgroup>\n<tbody>\n<tr class=\"row0\">\n<td class=\"column0 style2 s style5\" rowspan=\"3\"><strong>Temperatur<\/strong><\/td><td class=\"column1 style3 s\"><strong>Messbereich<\/strong><\/td><td class=\"column2 style4 s\">-30 bis +70\u00b0C (-22 bis +158\u00b0F)<\/td>\n<\/tr>\n<tr class=\"row1\">\n<td class=\"column1 style6 s\"><strong>Interne Aufl\u00f6sung<\/strong><\/td><td class=\"column2 style7 s\">0,1\u00b0C (0,1\u00b0F)<\/td>\n<\/tr>\n<tr class=\"row2\">\n<td class=\"column1 style6 s\"><strong>Genauigkeit (Gesamtfehler)<\/strong><\/td><td class=\"column2 style7 s\">\u00b10,3\u00b0C maximal (\u00b10,7\u00b0F)<\/td>\n<\/tr>\n<tr class=\"row3\">\n<td class=\"column0 style5 s style5\" rowspan=\"3\"><strong>Relative Luftfeuchtigkeit<\/strong><\/td><td class=\"column1 style6 s\"><strong>Messbereich<\/strong><\/td><td class=\"column2 style7 s\">0 bis 100%RH<\/td>\n<\/tr>\n<tr class=\"row4\">\n<td class=\"column1 style6 s\"><strong>Interne Aufl\u00f6sung<\/strong><\/td><td class=\"column2 style7 s\">0,1%RV<\/td>\n<\/tr>\n<tr class=\"row5\">\n<td class=\"column1 style6 s\"><strong>Genauigkeit (Gesamtfehler)<\/strong><\/td><td class=\"column2 style7 s\">\u00b12%RV<\/td>\n<\/tr>\n<tr class=\"row6\">\n<td class=\"column0 style8 s style8\" colspan=\"2\"><strong>IP-Klassifizierung<\/strong><\/td><td class=\"column2 style7 s\">IP67 (in der Kunststoffhalterung oder EL-CC-BAG)<\/td>\n<\/tr>\n<tr class=\"row7\">\n<td class=\"column0 style8 s style8\" colspan=\"2\"><strong>Lebensdauer der Batterie<\/strong><\/td><td class=\"column2 style7 s\">12 Monate (Minimum)<\/td>\n<\/tr>\n<tr class=\"row8\">\n<td class=\"column0 style8 s style8\" colspan=\"2\"><strong>Messwerte<\/strong><\/td><td class=\"column2 style7 s\">32.637 Temperatur \/ 32.637 relative Luftfeuchtigkeit<\/td>\n<\/tr>\n<tr class=\"row9\">\n<td class=\"column0 style8 s style8\" colspan=\"2\"><strong>Intervall der Protokollierung<\/strong><\/td><td class=\"column2 style7 s\">10 Minuten (220 Tage)<\/td>\n<\/tr>\n<\/tbody>\n<\/table>"],"resources":[" \n<ul class=\"resources-list\">\n \t<li><img src=\"https:\/\/praxas.com\/wp-content\/uploads\/document-icon.png\" alt=\"Dokument-Symbol\"> <a href=\"https:\/\/praxas.com\/wp-content\/uploads\/praxas-easylog-cc-2-data-sheet-issue1.pdf\" target=\"_blank\" rel=\"noopener\">EL-CC-2-000 Datenblatt<\/a><\/li>\n \t<li><img src=\"https:\/\/praxas.com\/wp-content\/uploads\/document-icon.png\" alt=\"Dokument-Symbol\"> <a href=\"https:\/\/praxas.com\/wp-content\/uploads\/praxas-easylog-cc-2-quick-start-guide-issue1.pdf\" target=\"_blank\" rel=\"noopener\">EL-CC-2-000 Schnellstartanleitung<\/a><\/li>\n \t<li><img src=\"https:\/\/praxas.com\/wp-content\/uploads\/document-icon.png\" alt=\"Dokument-Symbol\"><a href=\"https:\/\/downloads.praxas.com\/EasyLog+CC+Installer.exe\">Software herunterladen<\/a><\/li>\n<\/ul>"],"_uag_css_file_name":["uag-css-41220.css"],"_regular_price":["29.50"],"_price":["29.50"],"_uag_page_assets":["a:9:{s:3:\"css\";s:263:\".uag-blocks-common-selector{z-index:var(--z-index-desktop) !important}@media (max-width: 976px){.uag-blocks-common-selector{z-index:var(--z-index-tablet) !important}}@media (max-width: 767px){.uag-blocks-common-selector{z-index:var(--z-index-mobile) !important}}\n\";s:2:\"js\";s:0:\"\";s:18:\"current_block_list\";a:3:{i:0;s:14:\"core\/paragraph\";i:1;s:9:\"core\/list\";i:2;s:14:\"core\/list-item\";}s:8:\"uag_flag\";b:0;s:11:\"uag_version\";s:10:\"1777052440\";s:6:\"gfonts\";a:0:{}s:10:\"gfonts_url\";s:0:\"\";s:12:\"gfonts_files\";a:0:{}s:14:\"uag_faq_layout\";b:0;}"],"_max_variation_price":[""],"_max_variation_regular_price":[""],"_max_variation_sale_price":[""],"_min_variation_price":[""],"_min_variation_regular_price":[""],"_min_variation_sale_price":[""],"_sale_price":[""],"_wc_pb_base_regular_price":[""],"_wc_pb_base_sale_price":[""],"_wc_pb_base_price":[""],"_wc_sw_max_price":[""],"_wc_sw_max_regular_price":[""],"_wc_rating_count":[""],"_wc_review_count":[""],"_wc_average_rating":[0]},"uagb_featured_image_src":{"full":["https:\/\/praxas.com\/wp-content\/uploads\/EL-CC-2-000-Straight.jpg",800,463,false],"thumbnail":["https:\/\/praxas.com\/wp-content\/uploads\/EL-CC-2-000-Straight-150x150.jpg",150,150,true],"medium":["https:\/\/praxas.com\/wp-content\/uploads\/EL-CC-2-000-Straight-300x174.jpg",300,174,true],"medium_large":["https:\/\/praxas.com\/wp-content\/uploads\/EL-CC-2-000-Straight-768x444.jpg",768,444,true],"large":["https:\/\/praxas.com\/wp-content\/uploads\/EL-CC-2-000-Straight.jpg",800,463,false],"1536x1536":["https:\/\/praxas.com\/wp-content\/uploads\/EL-CC-2-000-Straight.jpg",800,463,false],"2048x2048":["https:\/\/praxas.com\/wp-content\/uploads\/EL-CC-2-000-Straight.jpg",800,463,false],"crunchify-admin-post-featured-image":["https:\/\/praxas.com\/wp-content\/uploads\/EL-CC-2-000-Straight-120x69.jpg",120,69,true],"commercegurus-pdp-large":["https:\/\/praxas.com\/wp-content\/uploads\/EL-CC-2-000-Straight.jpg",800,463,false],"commercegurus-plp-mobile":["https:\/\/praxas.com\/wp-content\/uploads\/EL-CC-2-000-Straight-441x255.jpg",441,255,true],"cgkit_image_swatch":["https:\/\/praxas.com\/wp-content\/uploads\/EL-CC-2-000-Straight-100x100.jpg",100,100,true],"woocommerce_thumbnail":["https:\/\/praxas.com\/wp-content\/uploads\/EL-CC-2-000-Straight-350x203.jpg",350,203,true],"woocommerce_single":["https:\/\/praxas.com\/wp-content\/uploads\/EL-CC-2-000-Straight.jpg",800,463,false],"woocommerce_gallery_thumbnail":["https:\/\/praxas.com\/wp-content\/uploads\/EL-CC-2-000-Straight-150x87.jpg",150,87,true]},"uagb_author_info":{"display_name":"Claudia Arts Rutten","author_link":"https:\/\/praxas.com\/de\/author\/"},"uagb_comment_info":0,"uagb_excerpt":"-30\u00b0C bis +70\u00b0C Keine Installation erforderlich Mindestlebensdauer der Batterie 12 Monate 0 bis 100% relative Luftfeuchtigkeit","_links":{"self":[{"href":"https:\/\/praxas.com\/de\/wp-json\/wp\/v2\/product\/41220","targetHints":{"allow":["GET"]}}],"collection":[{"href":"https:\/\/praxas.com\/de\/wp-json\/wp\/v2\/product"}],"about":[{"href":"https:\/\/praxas.com\/de\/wp-json\/wp\/v2\/types\/product"}],"wp:featuredmedia":[{"embeddable":true,"href":"https:\/\/praxas.com\/de\/wp-json\/wp\/v2\/media\/41620"}],"wp:attachment":[{"href":"https:\/\/praxas.com\/de\/wp-json\/wp\/v2\/media?parent=41220"}],"wp:term":[{"taxonomy":"product_brand","embeddable":true,"href":"https:\/\/praxas.com\/de\/wp-json\/wp\/v2\/product_brand?post=41220"},{"taxonomy":"product_cat","embeddable":true,"href":"https:\/\/praxas.com\/de\/wp-json\/wp\/v2\/product_cat?post=41220"},{"taxonomy":"product_tag","embeddable":true,"href":"https:\/\/praxas.com\/de\/wp-json\/wp\/v2\/product_tag?post=41220"}],"curies":[{"name":"wp","href":"https:\/\/api.w.org\/{rel}","templated":true}]}}