{"id":42028,"date":"2024-09-11T11:19:14","date_gmt":"2024-09-11T09:19:14","guid":{"rendered":"https:\/\/praxas.com\/product\/unkategorisiert\/utrid-16\/"},"modified":"2025-10-09T10:21:44","modified_gmt":"2025-10-09T08:21:44","slug":"utrid-16","status":"publish","type":"product","link":"https:\/\/praxas.com\/de\/product\/datenlogger\/temperatur-datenlogger\/utrid-16\/","title":{"rendered":"UTRID-16R USB-PDF-Temperaturlogger"},"content":{"rendered":"<p>Das UTRID-16R verf\u00fcgt \u00fcber ein Display zur einfachen Anzeige aktueller und vergangener Temperaturmesswerte sowie von Alarminformationen.<\/p>\n<p>Der Bildschirm zeigt den Aufzeichnungsstatus, die aktuelle Temperatur, bis zu sechs benutzerkonfigurierbare Alarme und die Dauer von Temperaturausschl\u00e4gen an.<\/p>\n<p>Bei Anschluss an einen Computer \u00fcber den integrierten USB-Stecker wird automatisch ein detaillierter PDF-Bericht \u00fcber die aufgezeichneten Daten und Alarme erstellt, ohne dass zus\u00e4tzliches Zubeh\u00f6r oder spezielle Software erforderlich ist.<\/p>\n<p>F\u00fcr eine detailliertere Analyse erstellt das Ger\u00e4t au\u00dferdem eine verschl\u00fcsselte Datendatei, die mit der Software LogTag Analyzer und den Datenverwaltungsoptionen kompatibel ist.<\/p>\n","protected":false},"excerpt":{"rendered":"<ul>\n<li>-30\u00b0C bis 65\u00b0C<\/li>\n<li>Anzeige f\u00fcr Temperatur und Alarmstatus<\/li>\n<li>Automatische PDF-Erstellung<\/li>\n<li>Ideal f\u00fcr mehrstufige Vertriebskan\u00e4le<\/li>\n<\/ul>\n","protected":false},"featured_media":42032,"template":"","meta":{"_acf_changed":false,"content-type":"","_uag_custom_page_level_css":""},"product_brand":[],"product_cat":[1010,1075],"product_tag":[2513,2262,1016],"class_list":{"0":"post-42028","1":"product","2":"type-product","3":"status-publish","4":"has-post-thumbnail","6":"product_cat-temperatur-datenlogger","7":"product_cat-datenlogger","8":"product_tag-logtag-de","9":"product_tag-temperatur","10":"product_tag-usb-de","12":"first","13":"instock","14":"taxable","15":"shipping-taxable","16":"purchasable","17":"product-type-simple"},"bundled_by":[],"bundle_stock_status":"instock","bundle_stock_quantity":null,"bundle_virtual":false,"bundle_layout":"","bundle_add_to_cart_form_location":"","bundle_editable_in_cart":false,"bundle_sold_individually_context":"","bundle_item_grouping":"","bundle_min_size":"","bundle_max_size":"","bundle_price":[],"bundled_items":[],"bundle_sell_ids":[],"acf":[],"spectra_custom_meta":{"_wcml_average_rating":[null],"_wcml_review_count":[null],"_wcml_rating_count":[null],"_backorders":["no"],"_download_limit":["-1"],"_download_expiry":["-1"],"_downloadable":["no"],"_manage_stock":["no"],"_stock_status":["instock"],"_sold_individually":["no"],"_tax_class":[""],"_tax_status":["taxable"],"_virtual":["no"],"_weight":["0.039"],"_width":["5.45"],"_height":["9.3"],"_length":["0.86"],"total_sales":["10"],"product_datasheet":[""],"_product_datasheet":["field_650ad7d6ea3a0"],"connectivity":["USB"],"_connectivity":["field_64dce263bb57c"],"brand":["LogTag"],"_brand":["field_64ddf62ed2593"],"brand_image":[""],"_brand_image":["field_650c5e7c84cae"],"_specifications_table":["field_65044e1db92a8"],"_display_data_alarm":["field_667d647bcb066"],"_resources":["field_650849c6945ee"],"_calibration":["field_66a0ddd599972"],"_accessories":["field_650849e6945f0"],"_faqs":["field_650859523d8d5"],"_calibration_suitable_ids_gb":["field_654b4c4acb54a"],"_calibration_suitable_ids_us":["field_654b4c56cb54b"],"_show_in_calibration_suitable":["field_654cfb691d345"],"_other_features":["field_668524f8c98a4"],"_shipping":["field_66852535c98a5"],"_refrigerant_cabinet":["field_66852557c98a6"],"_main_specifications":["field_66855b25b1245"],"_usd_price_4":["field_651570dcac479"],"_usd_price_9":["field_6515713eb4807"],"_usd_price_24":["field_65157141b4809"],"_usd_price_49":["field_65157140b4808"],"_usd_price_99":["field_6515715bb480a"],"_gbp_price_4":["field_6515716e83bfa"],"_gbp_price_9":["field_6515724783bfb"],"_gbp_price_24":["field_6515724b83bfc"],"_gbp_price_49":["field_6515725983bfd"],"_gbp_price_99":["field_6515725d83bfe"],"_usdhk_price_4":["field_6515726f83bff"],"_usdhk_price_9":["field_6515727c83c00"],"_usdhk_price_24":["field_6515728083c01"],"_usdhk_price_49":["field_6515728983c02"],"_usdhk_price_99":["field_6515728e83c03"],"stock_options":["In stock"],"_stock_options":["field_6544b605dc7f9"],"_top_nav_excluded":[""],"_cms_nav_minihome":[""],"wcml_sync_hash":["a:1:{s:15:\"postmeta_fields\";s:32:\"41e0915edc8ee2fbdfc28c64d57c4e74\";}"],"attr_label_translations":["a:0:{}"],"_product_attributes":["a:1:{s:16:\"pa_product-brand\";a:6:{s:4:\"name\";s:16:\"pa_product-brand\";s:5:\"value\";s:0:\"\";s:8:\"position\";i:0;s:10:\"is_visible\";i:1;s:12:\"is_variation\";i:0;s:11:\"is_taxonomy\";i:1;}}"],"_thumbnail_id":["42032"],"_product_image_gallery":["42038,42044"],"_crosssell_ids":["a:0:{}"],"shoptimizer_layout_pdp_short_description_position":["default"],"rank_math_primary_product_cat":["87"],"rank_math_analytic_object_id":["727"],"_wpml_media_duplicate":["1"],"_wpml_media_featured":["1"],"_last_translation_edit_mode":["translation-editor"],"hubwoo_ecomm_pro_id":["30881685712"],"min_temp":["-30"],"max_temp":["65"],"_min_temp":["field_67ea5eb4e0a77"],"_max_temp":["field_67ea5f81e0a79"],"_wpml_word_count":["154"],"_regular_price":["41.30"],"_price":["41.30"],"_sku":["UTRID-16R"],"_global_unique_id":["850040258134"],"rank_math_focus_keyword":["UTRID-16"],"specifications_table":["<table class=\"specifications\">\n<tbody>\n<tr>\n<td>Sensor Messbereich<\/td>\n<td>-30\u00b0C bis +60\u00b0C (-22\u00b0F bis +140\u00b0F)<\/td>\n<\/tr>\n<tr>\n<td>Betriebstemperaturbereich<\/td>\n<td>-30\u00b0C bis +65\u00b0C (-22\u00b0F bis +149\u00b0F)<\/td>\n<\/tr>\n<tr>\n<td>Temperaturbereich bei Lagerung<\/td>\n<td>0\u00b0C bis +40\u00b0C (32\u00b0F bis +104\u00b0F)<\/td>\n<\/tr>\n<tr>\n<td>Temperatur-Genauigkeit<\/td>\n<td>\u00b10.5\u00b0C (\u00b10.9\u00b0F) von -20\u00b0C bis +40\u00b0C (-4\u00b0F bis +104\u00b0F),\n\u00b10.7\u00b0C (\u00b11.3\u00b0F) von -25\u00b0C bis -20\u00b0C (-13\u00b0F bis -4\u00b0F) & +40\u00b0C bis +60\u00b0C (+104\u00b0F bis +140\u00b0F)<\/td>\n<\/tr>\n<tr>\n<td>Aufl\u00f6sung Temperatur<\/td>\n<td>0,1\u00b0C\/F<\/td>\n<\/tr>\n<tr>\n<td>Sensor-Reaktionszeit<\/td>\n<td>Weniger als 7 Minuten in bewegter Luft (1m\/s)<\/td>\n<\/tr>\n<tr>\n<td>Aufzeichnungskapazit\u00e4t<\/td>\n<td>16.129 Messwerte (56 Tage @ 5min, 168 Tage @ 15min)<\/td>\n<\/tr>\n<tr>\n<td>Statistik Speicher<\/td>\n<td>Max\/Min und Alarmdauer<\/td>\n<\/tr>\n<tr>\n<td>Abtastintervall<\/td>\n<td>30 Sekunden bis 18 Stunden (konfigurierbar)<\/td>\n<\/tr>\n<tr>\n<td>Optionen f\u00fcr den Start der Aufzeichnung<\/td>\n<td>Druckknopf (1 Minute bis 72 Stunden Verz\u00f6gerung) oder Datum\/Uhrzeit einstellen<\/td>\n<\/tr>\n<tr>\n<td>Aufnahme-Anzeige<\/td>\n<td>Symbol \"REC\" auf dem Display<\/td>\n<\/tr>\n<tr>\n<td>Download-Zeit<\/td>\n<td>Weniger als 30 Sekunden f\u00fcr PDF, 10 Sekunden f\u00fcr LTD-Datei<\/td>\n<\/tr>\n<tr>\n<td>Umweltvertr\u00e4glichkeit<\/td>\n<td>IP64 mit USB-Kappe<\/td>\n<\/tr>\n<tr>\n<td>Stromquelle<\/td>\n<td>UTRID-16R: CR2032 Batterie (austauschbar)\nUTRID-16: CR2450-Knopfzelle<\/td>\n<\/tr>\n<tr>\n<td>Lebensdauer der Batterie<\/td>\n<td>UTRID-16R: 1 Jahr Lagerung, 1 Jahr normale Nutzung\nUTRID-16: 2 Jahre bei typischer Nutzung<\/td>\n<\/tr>\n<tr>\n<td>Echtzeituhr<\/td>\n<td>\u00b125ppm @ 25\u00b0C (2,5 sec\/Tag)<\/td>\n<\/tr>\n<tr>\n<td>Anschluss Schnittstelle<\/td>\n<td>USB 2.0, A-Stecker<\/td>\n<\/tr>\n<tr>\n<td>Software<\/td>\n<td>PDF Reader, LogTag Analyzer 2.8 oder h\u00f6her<\/td>\n<\/tr>\n<tr>\n<td>Sprachen<\/td>\n<td>Englisch, Spanisch, Franz\u00f6sisch, Russisch, Deutsch<\/td>\n<\/tr>\n<tr>\n<td>Gr\u00f6\u00dfe<\/td>\n<td>93mm(H) x 54,5mm(B) x 8,6mm(T)<\/td>\n<\/tr>\n<tr>\n<td>Gewicht<\/td>\n<td>39g<\/td>\n<\/tr>\n<tr>\n<td>Material Geh\u00e4use<\/td>\n<td>Polycarbonat<\/td>\n<\/tr>\n<\/tbody>\n<\/table>"],"resources":["<img src=\"https:\/\/praxas.com\/wp-content\/uploads\/document-icon.png\" alt=\"Dokument-Symbol\"><a href=\"https:\/\/praxas.com\/wp-content\/uploads\/LogTag_UTRID-16_Brochure.pdf\">LogTag UTRID-16 Brosch\u00fcre<\/a>\n\n<img src=\"https:\/\/praxas.com\/wp-content\/uploads\/document-icon.png\" alt=\"Dokument-Symbol\"><a href=\"https:\/\/praxas.com\/wp-content\/uploads\/LogTag_UTRID-16_User_Guide.pdf\">LogTag UTRID-16 Benutzerhandbuch<\/a>\n\n<img src=\"https:\/\/praxas.com\/wp-content\/uploads\/document-icon.png\" alt=\"Dokument-Symbol\"><a href=\"https:\/\/praxas.com\/wp-content\/uploads\/Quick-Start-Guide-UTRID-16.pdf\">LogTag UTRID-16 Schnellstart-Anleitung<\/a>"],"accessories":["[products skus=\"PROTECTIVE ENCLOSURE,WMB-1\"]"],"_uag_page_assets":["a:9:{s:3:\"css\";s:0:\"\";s:2:\"js\";s:0:\"\";s:18:\"current_block_list\";a:0:{}s:8:\"uag_flag\";b:0;s:11:\"uag_version\";s:10:\"1775212209\";s:6:\"gfonts\";a:0:{}s:10:\"gfonts_url\";s:0:\"\";s:12:\"gfonts_files\";a:0:{}s:14:\"uag_faq_layout\";b:0;}"],"_max_variation_price":[""],"_max_variation_regular_price":[""],"_max_variation_sale_price":[""],"_min_variation_price":[""],"_min_variation_regular_price":[""],"_min_variation_sale_price":[""],"_sale_price":[""],"_wc_pb_base_regular_price":[""],"_wc_pb_base_sale_price":[""],"_wc_pb_base_price":[""],"_wc_sw_max_price":[""],"_wc_sw_max_regular_price":[""],"_wc_rating_count":[""],"_wc_review_count":[""],"_wc_average_rating":[0]},"uagb_featured_image_src":{"full":["https:\/\/praxas.com\/wp-content\/uploads\/UTRED-16-5-510x665-2-1.jpg",800,463,false],"thumbnail":["https:\/\/praxas.com\/wp-content\/uploads\/UTRED-16-5-510x665-2-1-150x150.jpg",150,150,true],"medium":["https:\/\/praxas.com\/wp-content\/uploads\/UTRED-16-5-510x665-2-1-300x174.jpg",300,174,true],"medium_large":["https:\/\/praxas.com\/wp-content\/uploads\/UTRED-16-5-510x665-2-1-768x444.jpg",768,444,true],"large":["https:\/\/praxas.com\/wp-content\/uploads\/UTRED-16-5-510x665-2-1.jpg",800,463,false],"1536x1536":["https:\/\/praxas.com\/wp-content\/uploads\/UTRED-16-5-510x665-2-1.jpg",800,463,false],"2048x2048":["https:\/\/praxas.com\/wp-content\/uploads\/UTRED-16-5-510x665-2-1.jpg",800,463,false],"crunchify-admin-post-featured-image":["https:\/\/praxas.com\/wp-content\/uploads\/UTRED-16-5-510x665-2-1-120x69.jpg",120,69,true],"commercegurus-pdp-large":["https:\/\/praxas.com\/wp-content\/uploads\/UTRED-16-5-510x665-2-1.jpg",800,463,false],"commercegurus-plp-mobile":["https:\/\/praxas.com\/wp-content\/uploads\/UTRED-16-5-510x665-2-1-441x255.jpg",441,255,true],"cgkit_image_swatch":["https:\/\/praxas.com\/wp-content\/uploads\/UTRED-16-5-510x665-2-1-100x100.jpg",100,100,true],"woocommerce_thumbnail":["https:\/\/praxas.com\/wp-content\/uploads\/UTRED-16-5-510x665-2-1-350x203.jpg",350,203,true],"woocommerce_single":["https:\/\/praxas.com\/wp-content\/uploads\/UTRED-16-5-510x665-2-1.jpg",800,463,false],"woocommerce_gallery_thumbnail":["https:\/\/praxas.com\/wp-content\/uploads\/UTRED-16-5-510x665-2-1-150x87.jpg",150,87,true]},"uagb_author_info":{"display_name":"Alex James","author_link":"https:\/\/praxas.com\/de\/author\/"},"uagb_comment_info":0,"uagb_excerpt":"-30\u00b0C bis 65\u00b0C Anzeige f\u00fcr Temperatur und Alarmstatus Automatische PDF-Erstellung Ideal f\u00fcr mehrstufige Vertriebskan\u00e4le","_links":{"self":[{"href":"https:\/\/praxas.com\/de\/wp-json\/wp\/v2\/product\/42028","targetHints":{"allow":["GET"]}}],"collection":[{"href":"https:\/\/praxas.com\/de\/wp-json\/wp\/v2\/product"}],"about":[{"href":"https:\/\/praxas.com\/de\/wp-json\/wp\/v2\/types\/product"}],"wp:featuredmedia":[{"embeddable":true,"href":"https:\/\/praxas.com\/de\/wp-json\/wp\/v2\/media\/42032"}],"wp:attachment":[{"href":"https:\/\/praxas.com\/de\/wp-json\/wp\/v2\/media?parent=42028"}],"wp:term":[{"taxonomy":"product_brand","embeddable":true,"href":"https:\/\/praxas.com\/de\/wp-json\/wp\/v2\/product_brand?post=42028"},{"taxonomy":"product_cat","embeddable":true,"href":"https:\/\/praxas.com\/de\/wp-json\/wp\/v2\/product_cat?post=42028"},{"taxonomy":"product_tag","embeddable":true,"href":"https:\/\/praxas.com\/de\/wp-json\/wp\/v2\/product_tag?post=42028"}],"curies":[{"name":"wp","href":"https:\/\/api.w.org\/{rel}","templated":true}]}}