{"id":42523,"date":"2024-09-26T12:12:56","date_gmt":"2024-09-26T10:12:56","guid":{"rendered":"https:\/\/praxas.com\/product\/unkategorisiert\/el-iot-sp-tc\/"},"modified":"2025-11-06T17:24:18","modified_gmt":"2025-11-06T16:24:18","slug":"el-iot-sp-tc","status":"publish","type":"product","link":"https:\/\/praxas.com\/de\/product\/datenlogger\/temperatur-datenlogger\/el-iot-sp-tc\/","title":{"rendered":"EL-IOT-SP-TC"},"content":{"rendered":"<p>Der EL-IOT-SP-TC ist ein hochpr\u00e4ziser Thermoelement-Datenlogger, der f\u00fcr die nahtlose Integration in Ihr Wi-Fi-Netzwerk entwickelt wurde. Er \u00fcberwacht und speichert kontinuierlich Temperaturdaten und l\u00e4dt sie automatisch in die EasyLog Cloud hoch. So k\u00f6nnen Sie von jedem internetf\u00e4higen Ger\u00e4t aus auf Ihre Daten zugreifen, sie analysieren und weitergeben, egal wo auf der Welt Sie sich befinden.  <\/p>\n<p>Bei einer Unterbrechung der Wi-Fi-Verbindung protokolliert das Ger\u00e4t weiterhin Daten in seinem internen Speicher. Sobald die Verbindung wiederhergestellt ist, verbindet es sich automatisch wieder mit der Cloud und l\u00e4dt die gespeicherten Daten hoch, damit keine Informationen verloren gehen. <\/p>\n<p>Mit seinen fortschrittlichen Funktionen und seiner zuverl\u00e4ssigen Konnektivit\u00e4t vereinfacht das EL-IOT-SP-TC die Temperatur\u00fcberwachung und bietet Einblicke in Echtzeit, was es zu einem unverzichtbaren Werkzeug f\u00fcr pr\u00e4zises und effizientes Temperaturmanagement macht.<\/p>\n<p>&nbsp;<\/p>\n","protected":false},"excerpt":{"rendered":"<ul>\n<li>Smart Probe Temperaturlogger<\/li>\n<li>-200 bis +1.300\u00b0C (abh\u00e4ngig vom F\u00fchler)<\/li>\n<li>E-Mail\/SMS-Alarme, visuelle\/akustische Alarme<\/li>\n<li>Automatischer Daten-Upload zu EasyLog Cloud<\/li>\n<\/ul>\n","protected":false},"featured_media":42340,"template":"","meta":{"_acf_changed":false,"content-type":"","_uag_custom_page_level_css":""},"product_brand":[],"product_cat":[1010],"product_tag":[2432,2438,987,3959,985],"class_list":{"0":"post-42523","1":"product","2":"type-product","3":"status-publish","4":"has-post-thumbnail","6":"product_cat-temperatur-datenlogger","7":"product_tag-easylog","8":"product_tag-el-iot-de","9":"product_tag-externe-sonde-de","10":"product_tag-intelligente-sonden","11":"product_tag-wifi-de","13":"first","14":"instock","15":"taxable","16":"shipping-taxable","17":"purchasable","18":"product-type-simple"},"bundled_by":[],"bundle_stock_status":"instock","bundle_stock_quantity":null,"bundle_virtual":false,"bundle_layout":"","bundle_add_to_cart_form_location":"","bundle_editable_in_cart":false,"bundle_sold_individually_context":"","bundle_item_grouping":"","bundle_min_size":"","bundle_max_size":"","bundle_price":[],"bundled_items":[],"bundle_sell_ids":[],"acf":[],"spectra_custom_meta":{"_wcml_average_rating":[null],"_wcml_review_count":[null],"_wcml_rating_count":[null],"_backorders":["no"],"_download_limit":["0"],"_download_expiry":["0"],"_downloadable":["no"],"_manage_stock":["no"],"_sku":["EL-IOT-SP-TC"],"_stock_status":["instock"],"_sold_individually":["no"],"_tax_class":[""],"_tax_status":["taxable"],"_virtual":["no"],"_weight":["0.49"],"total_sales":["0"],"product_datasheet":["10248"],"_product_datasheet":["field_650ad7d6ea3a0"],"connectivity":["WiFi"],"_connectivity":["field_64dce263bb57c"],"brand":["EasyLog"],"_brand":["field_64ddf62ed2593"],"brand_image":["14912"],"_brand_image":["field_650c5e7c84cae"],"_specifications_table":["field_65044e1db92a8"],"_display_data_alarm":["field_667d647bcb066"],"_resources":["field_650849c6945ee"],"_calibration":["field_66a0ddd599972"],"_accessories":["field_650849e6945f0"],"_faqs":["field_650859523d8d5"],"_calibration_suitable_ids_gb":["field_654b4c4acb54a"],"_calibration_suitable_ids_us":["field_654b4c56cb54b"],"_show_in_calibration_suitable":["field_654cfb691d345"],"_shipping":["field_66852535c98a5"],"_refrigerant_cabinet":["field_66852557c98a6"],"_main_specifications":["field_66855b25b1245"],"_usd_price_4":["field_651570dcac479"],"_usd_price_9":["field_6515713eb4807"],"_usd_price_24":["field_65157141b4809"],"_usd_price_49":["field_65157140b4808"],"_usd_price_99":["field_6515715bb480a"],"_gbp_price_4":["field_6515716e83bfa"],"_gbp_price_9":["field_6515724783bfb"],"_gbp_price_24":["field_6515724b83bfc"],"_gbp_price_49":["field_6515725983bfd"],"_gbp_price_99":["field_6515725d83bfe"],"_usdhk_price_4":["field_6515726f83bff"],"_usdhk_price_9":["field_6515727c83c00"],"_usdhk_price_24":["field_6515728083c01"],"_usdhk_price_49":["field_6515728983c02"],"_usdhk_price_99":["field_6515728e83c03"],"stock_options":["In stock"],"_stock_options":["field_6544b605dc7f9"],"_top_nav_excluded":[""],"_cms_nav_minihome":[""],"wcml_sync_hash":["a:1:{s:15:\"postmeta_fields\";s:32:\"39c48bf9bf03cccc61cf3ec7c56517e7\";}"],"attr_label_translations":["a:0:{}"],"_product_attributes":["a:2:{s:16:\"pa_product-brand\";a:6:{s:4:\"name\";s:16:\"pa_product-brand\";s:5:\"value\";s:0:\"\";s:8:\"position\";i:0;s:10:\"is_visible\";i:1;s:12:\"is_variation\";i:0;s:11:\"is_taxonomy\";i:1;}s:19:\"pa_product-features\";a:6:{s:4:\"name\";s:19:\"pa_product-features\";s:5:\"value\";s:0:\"\";s:8:\"position\";i:1;s:10:\"is_visible\";i:1;s:12:\"is_variation\";i:0;s:11:\"is_taxonomy\";i:1;}}"],"_thumbnail_id":["42340"],"_product_image_gallery":["42346,42352,42358"],"_crosssell_ids":["a:0:{}"],"hubwoo_ecomm_pro_id":["30555381955"],"_last_translation_edit_mode":["translation-editor"],"_wpml_word_count":["200"],"_min_temp":["field_67ea5eb4e0a77"],"_max_temp":["field_67ea5f81e0a79"],"min_temp":["0"],"max_temp":["200"],"rank_math_primary_product_cat":["0"],"_other_features":["field_686fa2aa98dce"],"rank_math_description":["Erweitern Sie Ihre \u00dcberwachungsm\u00f6glichkeiten mit dem EL-IOT-SP-TC, einem fortschrittlichen Temperaturdatenlogger, der Weitbereichsmessungen, Cloud-Konnektivit\u00e4t und sofortige Alarmanpassung f\u00fcr zuverl\u00e4ssige Pr\u00e4zision in kritischen Umgebungen bietet."],"rank_math_focus_keyword":["el-iot-sp-tc, erweiterter Temperatur-Datenlogger"],"specifications_table":["<table class=\"specifications\">\n<tbody>\n<tr class=\"even-row\">\n<td class=\"left-td\">Temperaturmessbereich mit mitgelieferter K-Sonde<\/td>\n<td>\n<div class=\"product-specification__value col-m-6\">0\u00b0C bis +200\u00b0C (32\u00b0F bis +392\u00b0F)<\/div><\/td>\n<\/tr>\n<tr class=\"odd-row\">\n<td class=\"left-td\">Temperaturaufl\u00f6sung mit mitgeliefertem K-Typ F\u00fchler<\/td>\n<td>\n<div class=\"product-specification__value col-m-6\">0.1\u00b0C<\/div><\/td>\n<\/tr>\n<tr class=\"even-row\">\n<td class=\"left-td\">Temperaturgenauigkeit mit mitgeliefertem K-Typ F\u00fchler<\/td>\n<td>\n<div class=\"product-specification__value col-m-6\">\u00b11.0\u00b0C (\u00b11.8\u00b0F)<\/div><\/td>\n<\/tr>\n<tr class=\"odd-row\">\n<td class=\"left-td\">Zeitraum der Protokollierung<\/td>\n<td>\n<div class=\"product-specification__value col-m-6\">10 Sekunden bis 12 Stunden (vom Benutzer w\u00e4hlbar)<\/div><\/td>\n<\/tr>\n<tr class=\"even-row\">\n<td class=\"left-td\">\u00dcbertragungsintervall<\/td>\n<td>\n<div class=\"product-specification__value col-m-6\">1 Minute bis 24 Stunden (vom Benutzer w\u00e4hlbar)<\/div><\/td>\n<\/tr>\n<tr class=\"odd-row\">\n<td class=\"left-td\">Interner Speicher<\/td>\n<td>\n<div class=\"product-specification__value col-m-6\">300.000 Lesungen<\/div><\/td>\n<\/tr>\n<tr class=\"even-row\">\n<td class=\"left-td\">Lebensdauer der Batterie<\/td>\n<td>Typische Batterielebensdauer \u00fcber 1 Jahr<\/td>\n<\/tr>\n<tr class=\"odd-row\">\n<td class=\"left-td\">Batterie Typ<\/td>\n<td>\n<div class=\"product-specification__value col-m-6\">4 x AA 1,5V Batterien (oder \u00fcber Netzadapter)<\/div><\/td>\n<\/tr>\n<tr class=\"even-row\">\n<td class=\"left-td\">Abmessungen<\/td>\n<td>94 x 83 x 31mm<\/td>\n<\/tr>\n<tr class=\"odd-row\">\n<td class=\"left-td\">Sondenl\u00e4nge<\/td>\n<td>\n<div class=\"product-specification__value col-m-6\">100mm (4\")<\/div><\/td>\n<\/tr>\n<tr class=\"even-row\">\n<td class=\"left-td\">L\u00e4nge des Sondenkabels<\/td>\n<td>\n<div class=\"product-specification__value col-m-6\">1.5m (59\")<\/div><\/td>\n<\/tr>\n<tr class=\"odd-row\">\n<td class=\"left-td\">Betriebstemperaturbereich des Loggers<\/td>\n<td>\n<div class=\"product-specification__value col-m-6\">-18 bis +55\u00b0C (0 bis +131\u00b0F) (Akkus)\n-20 bis +60\u00b0C (-4 bis +140\u00b0F) (Netzteil)<\/div><\/td>\n<\/tr>\n<tr class=\"even-row\">\n<td class=\"left-td\">Umwelt-Rating<\/td>\n<td>\n<div class=\"product-specification__value col-m-6\">IP54 (Spritzwassergesch\u00fctzt)<\/div><\/td>\n<\/tr>\n<\/tbody>\n<\/table>"],"resources":["<ul class=\"resources-list\">\n \t<li><img src=\"https:\/\/praxas.com\/wp-content\/uploads\/document-icon.png\" alt=\"Dokument-Symbol\"><a href=\"https:\/\/praxas.com\/wp-content\/uploads\/EL-IOT-SP-TC_Datasheet_Issue-1_09-2024-2.pdf\" target=\"_blank\" rel=\"noopener\">EL-IOT-SP-TC Datenblatt<\/a><\/li>\n \t<li><img src=\"https:\/\/praxas.com\/wp-content\/uploads\/document-icon.png\" alt=\"Dokument-Symbol\"><a href=\"https:\/\/praxas.com\/wp-content\/uploads\/el-iot_qsg_issue-4_05-21-rr-1.pdf\" target=\"_blank\" rel=\"noopener\">EL-IOT-SP-TC Schnellstartanleitung<\/a><\/li>\n \t<li><img src=\"https:\/\/praxas.com\/wp-content\/uploads\/document-icon.png\" alt=\"Dokument-Symbol\"><a href=\"https:\/\/praxas.com\/wp-content\/uploads\/bs-en-12830-record-of-compliance-issue-1-4.pdf\" target=\"_blank\" rel=\"noopener\">BS EN 12830:2021 Nachweis der Konformit\u00e4t<\/a><\/li>\n \t<li><img src=\"https:\/\/praxas.com\/wp-content\/uploads\/document-icon.png\" alt=\"Dokument-Symbol\"><a href=\"https:\/\/praxas.com\/wp-content\/uploads\/Declaration-of-Conformity_Indoor-Air-Quality_iss5-04_2024.pdf\" target=\"_blank\" rel=\"noopener\">EL-IOT Konformit\u00e4tserkl\u00e4rung<\/a><\/li>\n<\/ul>\n<a class=\"button button-secondary\" href=\"http:\/\/praxas.com\/support\/\">Mehr Unterst\u00fctzung<\/a>"],"accessories":["[products skus=\"PSU EL-IOT,EL-IOT WALL BRACKET,EL-SP2-TC\"]"],"_uag_page_assets":["a:9:{s:3:\"css\";s:0:\"\";s:2:\"js\";s:0:\"\";s:18:\"current_block_list\";a:0:{}s:8:\"uag_flag\";b:0;s:11:\"uag_version\";s:10:\"1775212209\";s:6:\"gfonts\";a:0:{}s:10:\"gfonts_url\";s:0:\"\";s:12:\"gfonts_files\";a:0:{}s:14:\"uag_faq_layout\";b:0;}"],"_regular_price":["131.25"],"_price":["131.25"],"_max_variation_price":[""],"_max_variation_regular_price":[""],"_max_variation_sale_price":[""],"_min_variation_price":[""],"_min_variation_regular_price":[""],"_min_variation_sale_price":[""],"_sale_price":[""],"_wc_pb_base_regular_price":[""],"_wc_pb_base_sale_price":[""],"_wc_pb_base_price":[""],"_wc_sw_max_price":[""],"_wc_sw_max_regular_price":[""],"_wc_rating_count":[""],"_wc_review_count":[""],"_wc_average_rating":[0]},"uagb_featured_image_src":{"full":["https:\/\/praxas.com\/wp-content\/uploads\/EL-IOT_TC_Front-Facing-with-probe-1.png",800,463,false],"thumbnail":["https:\/\/praxas.com\/wp-content\/uploads\/EL-IOT_TC_Front-Facing-with-probe-1-150x150.png",150,150,true],"medium":["https:\/\/praxas.com\/wp-content\/uploads\/EL-IOT_TC_Front-Facing-with-probe-1-300x174.png",300,174,true],"medium_large":["https:\/\/praxas.com\/wp-content\/uploads\/EL-IOT_TC_Front-Facing-with-probe-1-768x444.png",768,444,true],"large":["https:\/\/praxas.com\/wp-content\/uploads\/EL-IOT_TC_Front-Facing-with-probe-1.png",800,463,false],"1536x1536":["https:\/\/praxas.com\/wp-content\/uploads\/EL-IOT_TC_Front-Facing-with-probe-1.png",800,463,false],"2048x2048":["https:\/\/praxas.com\/wp-content\/uploads\/EL-IOT_TC_Front-Facing-with-probe-1.png",800,463,false],"crunchify-admin-post-featured-image":["https:\/\/praxas.com\/wp-content\/uploads\/EL-IOT_TC_Front-Facing-with-probe-1-120x69.png",120,69,true],"commercegurus-pdp-large":["https:\/\/praxas.com\/wp-content\/uploads\/EL-IOT_TC_Front-Facing-with-probe-1.png",800,463,false],"commercegurus-plp-mobile":["https:\/\/praxas.com\/wp-content\/uploads\/EL-IOT_TC_Front-Facing-with-probe-1-441x255.png",441,255,true],"cgkit_image_swatch":["https:\/\/praxas.com\/wp-content\/uploads\/EL-IOT_TC_Front-Facing-with-probe-1-100x100.png",100,100,true],"woocommerce_thumbnail":["https:\/\/praxas.com\/wp-content\/uploads\/EL-IOT_TC_Front-Facing-with-probe-1-350x203.png",350,203,true],"woocommerce_single":["https:\/\/praxas.com\/wp-content\/uploads\/EL-IOT_TC_Front-Facing-with-probe-1.png",800,463,false],"woocommerce_gallery_thumbnail":["https:\/\/praxas.com\/wp-content\/uploads\/EL-IOT_TC_Front-Facing-with-probe-1-150x87.png",150,87,true]},"uagb_author_info":{"display_name":"Alex James","author_link":"https:\/\/praxas.com\/de\/author\/"},"uagb_comment_info":0,"uagb_excerpt":"Smart Probe Temperaturlogger -200 bis +1.300\u00b0C (abh\u00e4ngig vom F\u00fchler) E-Mail\/SMS-Alarme, visuelle\/akustische Alarme Automatischer Daten-Upload zu EasyLog Cloud","_links":{"self":[{"href":"https:\/\/praxas.com\/de\/wp-json\/wp\/v2\/product\/42523","targetHints":{"allow":["GET"]}}],"collection":[{"href":"https:\/\/praxas.com\/de\/wp-json\/wp\/v2\/product"}],"about":[{"href":"https:\/\/praxas.com\/de\/wp-json\/wp\/v2\/types\/product"}],"wp:featuredmedia":[{"embeddable":true,"href":"https:\/\/praxas.com\/de\/wp-json\/wp\/v2\/media\/42340"}],"wp:attachment":[{"href":"https:\/\/praxas.com\/de\/wp-json\/wp\/v2\/media?parent=42523"}],"wp:term":[{"taxonomy":"product_brand","embeddable":true,"href":"https:\/\/praxas.com\/de\/wp-json\/wp\/v2\/product_brand?post=42523"},{"taxonomy":"product_cat","embeddable":true,"href":"https:\/\/praxas.com\/de\/wp-json\/wp\/v2\/product_cat?post=42523"},{"taxonomy":"product_tag","embeddable":true,"href":"https:\/\/praxas.com\/de\/wp-json\/wp\/v2\/product_tag?post=42523"}],"curies":[{"name":"wp","href":"https:\/\/api.w.org\/{rel}","templated":true}]}}