{"id":42949,"date":"2024-11-15T16:29:05","date_gmt":"2024-11-15T15:29:05","guid":{"rendered":"https:\/\/praxas.com\/product\/uncategorized\/lt5geo\/"},"modified":"2026-01-20T12:15:51","modified_gmt":"2026-01-20T11:15:51","slug":"lt5geo","status":"publish","type":"product","link":"https:\/\/praxas.com\/de\/product\/datenlogger\/temperatur-luftfeuchtigkeit-de\/lt5geo\/","title":{"rendered":"LT5GEO"},"content":{"rendered":"<p style=\"text-align: center;\"><strong>*Bitte beachten Sie, dass dieses Ger\u00e4t ein USB-C-Kabel ben\u00f6tigt, das Sie <a href=\"https:\/\/praxas.com\/es\/product\/registradores-de-datos\/accesorios-es\/cable-usb-c-05m\/\">hier finden*.<\/a><\/strong><\/p>\n<p>&nbsp;<\/p>\n<p>Wir stellen Ihnen die LT5GEO Sendungs\u00fcberwachungsl\u00f6sung vor &#8211; ein umfassendes Echtzeit-Verfolgungsger\u00e4t, das sowohl f\u00fcr den einmaligen als auch f\u00fcr den mehrmaligen Gebrauch geeignet ist und daf\u00fcr sorgt, dass Ihre Sendungen sicher und in optimalem Zustand ankommen.<\/p>\n<p>Der LT5GEO benachrichtigt Sie sofort, wenn Abweichungen von den eingestellten Parametern auftreten. Die Benachrichtigungen werden per Telefonanruf, SMS, WhatsApp oder E-Mail verschickt, so dass die von Ihnen benannten Ansprechpartner sofort eingreifen k\u00f6nnen. Au\u00dferdem erhalten Sie Ankunftsbenachrichtigungen per SMS oder E-Mail, wenn die Waren ihr Ziel erreichen. <\/p>\n<p>Dieses leistungsstarke \u00dcberwachungsger\u00e4t nutzt die 4G\/5G-Mobilfunktechnologie (mit einem 2G-Fallback) f\u00fcr eine zuverl\u00e4ssige Standortverfolgung. Der Auto-Flugmodus erm\u00f6glicht eine sichere Datenaufzeichnung w\u00e4hrend des Fluges. Die \u00dcbertragungen werden w\u00e4hrend des Fluges unterbrochen und nach der Landung wieder aufgenommen, wobei die neuesten Daten automatisch auf <a href=\"https:\/\/praxas.com\/logtag-online\/\">LogTag\u00ae Online<\/a> hochgeladen werden. <\/p>\n<p>Der LT5GEO verfolgt sowohl den Standort als auch den Zustand Ihrer Sendung mit einer Reihe fortschrittlicher Sensoren, die <strong>Feuchtigkeit, Licht, St\u00f6\u00dfe und Temperatur<\/strong> \u00fcberwachen. Echtzeit-Updates sind \u00fcber LogTag\u00ae Online zug\u00e4nglich, das Sie \u00fcber jeden Webbrowser oder unterwegs mit der LogTag\u00ae Mobile App abrufen k\u00f6nnen. Verfolgen Sie ganz einfach den Zustand und den Standort Ihrer Sendung, ohne sich auf Aktualisierungen durch den Spediteur verlassen zu m\u00fcssen, und stellen Sie sicher, dass Ihre Waren vor Temperatur- und Umweltgefahren gesch\u00fctzt sind.  <\/p>\n<p>Der LT5GEO eignet sich f\u00fcr Einzel- oder Mehrfachanwendungen und ist mit einer einfachen Start-\/Stopptaste und einer konfigurierbaren Startverz\u00f6gerung f\u00fcr eine flexible Einrichtung leicht zu bedienen. Der Logger kann bis zu 16.320 Messwerte speichern, die \u00fcber LogTag\u00ae Online auf 1 Million Messwerte erweitert werden k\u00f6nnen. Er bietet eine umfassende Datenspeicherung und automatische Versandberichte, die weltweit zug\u00e4nglich sind. <\/p>\n<p>Der LT5GEO erf\u00fcllt strenge Industriestandards wie FCC, CE, DO-160H und FDA 21 CFR Part 11 und bietet eine unvergleichliche Zuverl\u00e4ssigkeit bei der \u00dcberwachung von Sendungen.<\/p>\n","protected":false},"excerpt":{"rendered":"<ul>\n<li>\u00dcberwacht Temperatur, Feuchtigkeit, Licht, St\u00f6\u00dfe und GPS<\/li>\n<li>Standortverfolgung in Echtzeit<\/li>\n<li>Sofortige Benachrichtigung per SMS, E-Mail, WhatsApp<\/li>\n<li>Automatischer Flugmodus f\u00fcr Lufttransit<\/li>\n<li>Hochladen von Daten auf LogTag\u00ae Online<\/li>\n<li>Einweg- und Mehrwegoptionen<\/li>\n<\/ul>\n","protected":false},"featured_media":42932,"template":"","meta":{"_acf_changed":false,"content-type":"","_uag_custom_page_level_css":""},"product_brand":[],"product_cat":[1002,1010,1075],"product_tag":[2513],"class_list":{"0":"post-42949","1":"product","2":"type-product","3":"status-publish","4":"has-post-thumbnail","6":"product_cat-temperatur-luftfeuchtigkeit-de","7":"product_cat-temperatur-datenlogger","8":"product_cat-datenlogger","9":"product_tag-logtag-de","11":"first","12":"instock","13":"taxable","14":"shipping-taxable","15":"purchasable","16":"product-type-variable"},"bundled_by":[],"bundle_stock_status":"instock","bundle_stock_quantity":null,"bundle_virtual":false,"bundle_layout":"","bundle_add_to_cart_form_location":"","bundle_editable_in_cart":false,"bundle_sold_individually_context":"","bundle_item_grouping":"","bundle_min_size":"","bundle_max_size":"","bundle_price":[],"bundled_items":[],"bundle_sell_ids":[],"acf":[],"spectra_custom_meta":{"hubwoo_ecomm_pro_id":["31461754105"],"_product_attributes":["a:2:{s:16:\"pa_make-a-choice\";a:6:{s:4:\"name\";s:16:\"pa_make-a-choice\";s:5:\"value\";s:0:\"\";s:8:\"position\";i:0;s:10:\"is_visible\";i:1;s:12:\"is_variation\";i:1;s:11:\"is_taxonomy\";i:1;}s:16:\"pa_product-brand\";a:6:{s:4:\"name\";s:16:\"pa_product-brand\";s:5:\"value\";s:0:\"\";s:8:\"position\";i:1;s:10:\"is_visible\";i:1;s:12:\"is_variation\";i:0;s:11:\"is_taxonomy\";i:1;}}"],"attr_label_translations":["a:1:{s:2:\"de\";a:1:{s:13:\"make-a-choice\";s:21:\"Treffen Sie eine Wahl\";}}"],"_wcml_average_rating":[null],"_wcml_review_count":[null],"_wcml_rating_count":[null],"_backorders":["no"],"_download_limit":["-1"],"_download_expiry":["-1"],"_downloadable":["no"],"_manage_stock":["no"],"_sku":["LT_5GEO"],"_stock_status":["instock"],"_sold_individually":["no"],"_tax_class":[""],"_tax_status":["taxable"],"_virtual":["no"],"_weight":["0.175"],"_width":["6.8"],"_height":["9"],"_length":["2.5"],"total_sales":["47"],"product_datasheet":[""],"_product_datasheet":["field_650ad7d6ea3a0"],"connectivity":["Cellular"],"_connectivity":["field_64dce263bb57c"],"brand":["LogTag"],"_brand":["field_64ddf62ed2593"],"brand_image":[""],"_brand_image":["field_650c5e7c84cae"],"_specifications_table":["field_65044e1db92a8"],"_display_data_alarm":["field_667d647bcb066"],"_resources":["field_650849c6945ee"],"_calibration":["field_66a0ddd599972"],"_accessories":["field_650849e6945f0"],"_faqs":["field_650859523d8d5"],"_calibration_suitable_ids_gb":["field_654b4c4acb54a"],"_calibration_suitable_ids_us":["field_654b4c56cb54b"],"_show_in_calibration_suitable":["field_654cfb691d345"],"_shipping":["field_66852535c98a5"],"_refrigerant_cabinet":["field_66852557c98a6"],"_main_specifications":["field_66855b25b1245"],"_usd_price_4":["field_651570dcac479"],"_usd_price_9":["field_6515713eb4807"],"_usd_price_24":["field_65157141b4809"],"_usd_price_49":["field_65157140b4808"],"_usd_price_99":["field_6515715bb480a"],"_gbp_price_4":["field_6515716e83bfa"],"_gbp_price_9":["field_6515724783bfb"],"_gbp_price_24":["field_6515724b83bfc"],"_gbp_price_49":["field_6515725983bfd"],"_gbp_price_99":["field_6515725d83bfe"],"_usdhk_price_4":["field_6515726f83bff"],"_usdhk_price_9":["field_6515727c83c00"],"_usdhk_price_24":["field_6515728083c01"],"_usdhk_price_49":["field_6515728983c02"],"_usdhk_price_99":["field_6515728e83c03"],"stock_options":["In stock"],"_stock_options":["field_6544b605dc7f9"],"_top_nav_excluded":[""],"_cms_nav_minihome":[""],"wcml_sync_hash":["a:1:{s:15:\"postmeta_fields\";s:32:\"27af67be6cf5b1b37bd289e06bb58970\";}"],"_thumbnail_id":["42932"],"_product_image_gallery":["42938,42944"],"_last_translation_edit_mode":["translation-editor"],"_wpml_word_count":["446"],"_price":["73.50","156.80","94.50","157.50","178.50"],"min_temp":["-30"],"max_temp":["70"],"_min_temp":["field_67ea5eb4e0a77"],"_max_temp":["field_67ea5f81e0a79"],"rank_math_primary_product_cat":["0"],"_other_features":["field_686fa2aa98dce"],"rank_math_title":["LT5GEO: Leistungsstarkes Echtzeit-Tracking %sep% %sitename%"],"rank_math_description":["Verfolgen Sie Sendungen in Echtzeit mit LT5GEO. \u00dcberwachen Sie Temperatur, Luftfeuchtigkeit, Licht und GPS und erhalten Sie sofortige Warnmeldungen f\u00fcr volle Sicherheit. "],"rank_math_focus_keyword":["LT5GEO"],"_crosssell_ids":["a:1:{i:0;i:7257;}"],"specifications_table":["<table class=\"specifications\">\n<tbody>\n<tr class=\"even-row\">\n<td class=\"left-td\">Produkt Modell<\/td>\n<td>LT5GEO<\/td>\n<\/tr>\n<tr class=\"odd-row\">\n<td class=\"left-td\">Konnektivit\u00e4t<\/td>\n<td>LTE Kat. M1\/EGPRS<\/td>\n<\/tr>\n<tr class=\"even-row\">\n<td class=\"left-td\">Sensor Messbereich<\/td>\n<td>-30 \u00b0C bis +70 \u00b0C (-22 \u00b0F bis +158 \u00b0F)<\/td>\n<\/tr>\n<tr class=\"odd-row\">\n<td class=\"left-td\">Betriebstemperaturbereich<\/td>\n<td>-30 \u00b0C bis +70 \u00b0C (-22 \u00b0F bis +158 \u00b0F)<\/td>\n<\/tr>\n<tr class=\"even-row\">\n<td class=\"left-td\">Temperaturbereich bei Lagerung<\/td>\n<td>0 \u00b0C bis +40 \u00b0C (+32 \u00b0F bis +104 \u00b0F)<\/td>\n<\/tr>\n<tr class=\"odd-row\">\n<td class=\"left-td\">Messbereich Luftfeuchtigkeit<\/td>\n<td>0 %RH bis 100 %RH (nicht kondensierend), mit Einschr\u00e4nkungen<\/td>\n<\/tr>\n<tr class=\"even-row\">\n<td class=\"left-td\">Luftfeuchtigkeitsbereich bei Betrieb<\/td>\n<td>0 %RH bis 100 %RH (nicht kondensierend), mit Einschr\u00e4nkungen<\/td>\n<\/tr>\n<tr class=\"odd-row\">\n<td class=\"left-td\">Luftfeuchtigkeitsbereich bei Lagerung<\/td>\n<td>5 bis 95 %RH nicht kondensierend<\/td>\n<\/tr>\n<tr class=\"even-row\">\n<td class=\"left-td\">Genauigkeit der Temperaturmessung<\/td>\n<td>\u00b10,45 \u00b0C (\u00b10,8 \u00b0F) f\u00fcr +0 \u00b0C bis +50 \u00b0C; \u00b10,8 \u00b0C (\u00b11,4 \u00b0F) f\u00fcr +50 \u00b0C bis +70 \u00b0C; \u00b10,95 \u00b0C (\u00b11,7 \u00b0F) f\u00fcr -40 \u00b0C bis +0 \u00b0C<\/td>\n<\/tr>\n<tr class=\"odd-row\">\n<td class=\"left-td\">Genauigkeit der Luftfeuchtigkeitsmessung<\/td>\n<td>\u00b13 %rF f\u00fcr 20 %rF bis 80 %rF; \u00b15 %rF f\u00fcr 0 %rF bis 20 %rF & 80 %rF bis 100 %rF<\/td>\n<\/tr>\n<tr class=\"even-row\">\n<td class=\"left-td\">Lichtsensor Bereich<\/td>\n<td>0 - 120.000 Lux<\/td>\n<\/tr>\n<tr class=\"odd-row\">\n<td class=\"left-td\">Schocksensor Bereich<\/td>\n<td>0-16g<\/td>\n<\/tr>\n<tr class=\"even-row\">\n<td class=\"left-td\">Aufl\u00f6sung des Schocksensors<\/td>\n<td>0,1g (1 <sup>m\/s2<\/sup>)<\/td>\n<\/tr>\n<tr class=\"odd-row\">\n<td class=\"left-td\">Schocksensor Abtastrate<\/td>\n<td>25Hz<\/td>\n<\/tr>\n<tr class=\"even-row\">\n<td class=\"left-td\">Kapazit\u00e4t der Datenaufzeichnung<\/td>\n<td>16.320 Messwerte (1 Million mit LogTag\u00ae Online)<\/td>\n<\/tr>\n<tr class=\"odd-row\">\n<td class=\"left-td\">\u00dcbertragungsintervall<\/td>\n<td>1-24 Stunden, einstellbar<\/td>\n<\/tr>\n<tr class=\"even-row\">\n<td class=\"left-td\">Probenahme-Intervall<\/td>\n<td>10 Minuten<\/td>\n<\/tr>\n<tr class=\"odd-row\">\n<td class=\"left-td\">Startoptionen f\u00fcr die Protokollierung<\/td>\n<td>Start per Knopfdruck, konfigurierbare Verz\u00f6gerung (1 Minute bis 72 Stunden)<\/td>\n<\/tr>\n<tr class=\"even-row\">\n<td class=\"left-td\">Umwelt Bewertung<\/td>\n<td>IP61<\/td>\n<\/tr>\n<tr class=\"odd-row\">\n<td class=\"left-td\">Software<\/td>\n<td>LogTag\u00ae Online, optionale LogTag\u00ae Mobile App<\/td>\n<\/tr>\n<tr class=\"even-row\">\n<td class=\"left-td\">Akku-Typ<\/td>\n<td>Nicht-Lithium Wiederaufladbare Nickel-Metall-Hydrid (NiMH)<\/td>\n<\/tr>\n<tr class=\"odd-row\">\n<td class=\"left-td\">Lebensdauer der Batterie<\/td>\n<td>90 Tage (30-min\u00fctige Aufzeichnung, 60-min\u00fctiger Upload)<\/td>\n<\/tr>\n<tr class=\"even-row\">\n<td class=\"left-td\">Anschluss Schnittstelle<\/td>\n<td>USB 2.0 \/ USB Typ-C<\/td>\n<\/tr>\n<tr class=\"odd-row\">\n<td class=\"left-td\">Abmessungen<\/td>\n<td>90mm (H) x 68mm (B) x 25mm (L)<\/td>\n<\/tr>\n<tr class=\"even-row\">\n<td class=\"left-td\">Gewicht<\/td>\n<td>175g<\/td>\n<\/tr>\n<tr class=\"odd-row\">\n<td class=\"left-td\">Material Geh\u00e4use<\/td>\n<td>Polycarbonat<\/td>\n<\/tr>\n<\/tbody>\n<\/table>"],"resources":["<ul class=\"resources-list\">\n \t<li><img src=\"https:\/\/praxas.com\/wp-content\/uploads\/document-icon.png\" alt=\"Dokument-Symbol\"><a href=\"https:\/\/praxas.com\/wp-content\/uploads\/LT5GEO-Brochure.pdf\">LogTag LT5GEO Brosch\u00fcre<\/a><\/li>\n \t<li><img src=\"https:\/\/praxas.com\/wp-content\/uploads\/document-icon.png\" alt=\"Dokument-Symbol\"><a href=\"https:\/\/praxas.com\/wp-content\/uploads\/LT5GEO-Sell-Sheet.pdf\">LogTag LT5GEO Verkaufsdatenblatt<\/a><\/li>\n \t<li><img src=\"https:\/\/praxas.com\/wp-content\/uploads\/document-icon.png\" alt=\"Dokument-Symbol\"><a href=\"https:\/\/praxas.com\/wp-content\/uploads\/LT5GEO-FAQ-Document.pdf\">LogTag LT5GEO FAQs<\/a><\/li>\n<\/ul>\n\u00a0\n\n\u00a0\n<div style=\"text-align: center;\">\n<div style=\"display: inline-block; margin: 10px;\"><iframe title=\"YouTube-Video-Player\" src=\"https:\/\/www.youtube.com\/embed\/i8Dj_F3I8ks\" width=\"448\" height=\"252\" frameborder=\"0\" allowfullscreen=\"allowfullscreen\"><\/iframe><\/div>\n<div style=\"display: inline-block; margin: 10px;\"><iframe title=\"YouTube-Video-Player\" src=\"https:\/\/www.youtube.com\/embed\/DVeD0GFj5bg\" width=\"448\" height=\"252\" frameborder=\"0\" allowfullscreen=\"allowfullscreen\"><\/iframe><\/div>\n<\/div>"],"accessories":["[products skus=\"CABLE USB C 0.5M\"]"],"_uag_page_assets":["a:9:{s:3:\"css\";s:0:\"\";s:2:\"js\";s:0:\"\";s:18:\"current_block_list\";a:0:{}s:8:\"uag_flag\";b:0;s:11:\"uag_version\";s:10:\"1775212209\";s:6:\"gfonts\";a:0:{}s:10:\"gfonts_url\";s:0:\"\";s:12:\"gfonts_files\";a:0:{}s:14:\"uag_faq_layout\";b:0;}"],"_max_variation_price":[""],"_max_variation_regular_price":[""],"_max_variation_sale_price":[""],"_min_variation_price":[""],"_min_variation_regular_price":[""],"_min_variation_sale_price":[""],"_regular_price":[""],"_sale_price":[""],"_wc_pb_base_regular_price":[""],"_wc_pb_base_sale_price":[""],"_wc_pb_base_price":[""],"_wc_sw_max_price":[""],"_wc_sw_max_regular_price":[""],"_wc_rating_count":[""],"_wc_review_count":[""],"_wc_average_rating":[0]},"uagb_featured_image_src":{"full":["https:\/\/praxas.com\/wp-content\/uploads\/LOGTAG.jpg",800,420,false],"thumbnail":["https:\/\/praxas.com\/wp-content\/uploads\/LOGTAG-150x150.jpg",150,150,true],"medium":["https:\/\/praxas.com\/wp-content\/uploads\/LOGTAG-300x158.jpg",300,158,true],"medium_large":["https:\/\/praxas.com\/wp-content\/uploads\/LOGTAG-768x403.jpg",768,403,true],"large":["https:\/\/praxas.com\/wp-content\/uploads\/LOGTAG.jpg",800,420,false],"1536x1536":["https:\/\/praxas.com\/wp-content\/uploads\/LOGTAG.jpg",800,420,false],"2048x2048":["https:\/\/praxas.com\/wp-content\/uploads\/LOGTAG.jpg",800,420,false],"crunchify-admin-post-featured-image":["https:\/\/praxas.com\/wp-content\/uploads\/LOGTAG-120x63.jpg",120,63,true],"commercegurus-pdp-large":["https:\/\/praxas.com\/wp-content\/uploads\/LOGTAG.jpg",800,420,false],"commercegurus-plp-mobile":["https:\/\/praxas.com\/wp-content\/uploads\/LOGTAG-441x232.jpg",441,232,true],"cgkit_image_swatch":["https:\/\/praxas.com\/wp-content\/uploads\/LOGTAG-100x100.jpg",100,100,true],"woocommerce_thumbnail":["https:\/\/praxas.com\/wp-content\/uploads\/LOGTAG-350x184.jpg",350,184,true],"woocommerce_single":["https:\/\/praxas.com\/wp-content\/uploads\/LOGTAG.jpg",800,420,false],"woocommerce_gallery_thumbnail":["https:\/\/praxas.com\/wp-content\/uploads\/LOGTAG-150x79.jpg",150,79,true]},"uagb_author_info":{"display_name":"Claudia Arts Rutten","author_link":"https:\/\/praxas.com\/de\/author\/"},"uagb_comment_info":0,"uagb_excerpt":"\u00dcberwacht Temperatur, Feuchtigkeit, Licht, St\u00f6\u00dfe und GPS Standortverfolgung in Echtzeit Sofortige Benachrichtigung per SMS, E-Mail, WhatsApp Automatischer Flugmodus f\u00fcr Lufttransit Hochladen von Daten auf LogTag\u00ae Online Einweg- und Mehrwegoptionen","_links":{"self":[{"href":"https:\/\/praxas.com\/de\/wp-json\/wp\/v2\/product\/42949","targetHints":{"allow":["GET"]}}],"collection":[{"href":"https:\/\/praxas.com\/de\/wp-json\/wp\/v2\/product"}],"about":[{"href":"https:\/\/praxas.com\/de\/wp-json\/wp\/v2\/types\/product"}],"wp:featuredmedia":[{"embeddable":true,"href":"https:\/\/praxas.com\/de\/wp-json\/wp\/v2\/media\/42932"}],"wp:attachment":[{"href":"https:\/\/praxas.com\/de\/wp-json\/wp\/v2\/media?parent=42949"}],"wp:term":[{"taxonomy":"product_brand","embeddable":true,"href":"https:\/\/praxas.com\/de\/wp-json\/wp\/v2\/product_brand?post=42949"},{"taxonomy":"product_cat","embeddable":true,"href":"https:\/\/praxas.com\/de\/wp-json\/wp\/v2\/product_cat?post=42949"},{"taxonomy":"product_tag","embeddable":true,"href":"https:\/\/praxas.com\/de\/wp-json\/wp\/v2\/product_tag?post=42949"}],"curies":[{"name":"wp","href":"https:\/\/api.w.org\/{rel}","templated":true}]}}