{"id":44426,"date":"2024-09-26T12:12:56","date_gmt":"2024-09-26T10:12:56","guid":{"rendered":"https:\/\/praxas.com\/product\/unkategorisiert\/el-iot-sp-th-2\/"},"modified":"2025-11-07T12:57:19","modified_gmt":"2025-11-07T11:57:19","slug":"el-iot-sp-th-2","status":"publish","type":"product","link":"https:\/\/praxas.com\/de\/product\/datenlogger\/temperatur-luftfeuchtigkeit-de\/el-iot-sp-th-2\/","title":{"rendered":"EL-IOT-SP-TH+"},"content":{"rendered":"<p>Der EL-IOT-SP-TH+ ist ein hochpr\u00e4ziser Temperatur- und Luftfeuchtigkeits-Datenlogger, ideal f\u00fcr die pr\u00e4zise \u00dcberwachung von Umgebungsbedingungen. Mit einem Temperaturbereich von -30\u00b0C bis +80\u00b0C und der M\u00f6glichkeit, die Luftfeuchtigkeit von 0 bis 100% zu messen, gew\u00e4hrleistet dieses Ger\u00e4t eine genaue und zuverl\u00e4ssige Datenerfassung. <\/p>\n<p>Der EL-IOT-SP-TH+ wurde f\u00fcr die nahtlose Integration in Ihr Wi-Fi-Netzwerk entwickelt. Er zeichnet kontinuierlich Daten auf und l\u00e4dt sie in die EasyLog Cloud hoch, so dass Sie von jedem internetf\u00e4higen Ger\u00e4t weltweit auf Ihre Daten zugreifen, sie analysieren und weitergeben k\u00f6nnen. Wenn die Wi-Fi-Verbindung unterbrochen wird, zeichnet das Ger\u00e4t weiterhin Daten in seinem internen Speicher auf und synchronisiert sich automatisch mit der Cloud, sobald die Verbindung wiederhergestellt ist, so dass keine Datenl\u00fccken entstehen. <\/p>\n<p>Die intelligente Sondentechnologie erm\u00f6glicht einen einfachen Sondentausch ohne Unterbrechung des Betriebs und vermeidet Ausfallzeiten f\u00fcr die Kalibrierung. Dank der Echtzeit-Datensynchronisierung und der anpassbaren Warnmeldungen f\u00fcr hohe und niedrige Werte werden Sie sofort \u00fcber kritische Temperatur- oder Feuchtigkeitsschwankungen benachrichtigt und behalten so stets die Kontrolle, egal wo Sie sich befinden. <\/p>\n<p>&nbsp;<\/p>\n","protected":false},"excerpt":{"rendered":"<ul>\n<li>Hochpr\u00e4ziser Temp &amp; RH Smart Logger<\/li>\n<li>-30 bis +80\u00b0C \/ 0-100% RH<\/li>\n<li>E-Mail\/SMS-Alarme<\/li>\n<li>Optische\/akustische Warnungen<\/li>\n<li>Automatischer Daten-Upload zu EasyLog Cloud<\/li>\n<\/ul>\n","protected":false},"featured_media":42388,"template":"","meta":{"_acf_changed":false,"content-type":"","_uag_custom_page_level_css":""},"product_brand":[],"product_cat":[1002],"product_tag":[2432,2438,3959],"class_list":{"0":"post-44426","1":"product","2":"type-product","3":"status-publish","4":"has-post-thumbnail","6":"product_cat-temperatur-luftfeuchtigkeit-de","7":"product_tag-easylog","8":"product_tag-el-iot-de","9":"product_tag-intelligente-sonden","11":"first","12":"instock","13":"taxable","14":"shipping-taxable","15":"purchasable","16":"product-type-simple"},"bundled_by":[],"bundle_stock_status":"instock","bundle_stock_quantity":null,"bundle_virtual":false,"bundle_layout":"","bundle_add_to_cart_form_location":"","bundle_editable_in_cart":false,"bundle_sold_individually_context":"","bundle_item_grouping":"","bundle_min_size":"","bundle_max_size":"","bundle_price":[],"bundled_items":[],"bundle_sell_ids":[],"acf":[],"spectra_custom_meta":{"hubwoo_ecomm_pro_id":["70233305326"],"_wcml_average_rating":[null],"_wcml_review_count":[null],"_wcml_rating_count":[null],"_backorders":["no"],"_download_limit":["0"],"_download_expiry":["0"],"_downloadable":["no"],"_manage_stock":["no"],"_sku":["EL-IOT-SP-TH+"],"_stock_status":["instock"],"_sold_individually":["no"],"_tax_class":[""],"_tax_status":["taxable"],"_virtual":["no"],"_weight":["0.49"],"total_sales":["4"],"product_datasheet":[""],"_product_datasheet":["field_650ad7d6ea3a0"],"connectivity":["WiFi"],"_connectivity":["field_64dce263bb57c"],"brand":["EasyLog"],"_brand":["field_64ddf62ed2593"],"brand_image":["10467"],"_brand_image":["field_650c5e7c84cae"],"_specifications_table":["field_65044e1db92a8"],"_display_data_alarm":["field_667d647bcb066"],"_resources":["field_650849c6945ee"],"_calibration":["field_66a0ddd599972"],"_accessories":["field_650849e6945f0"],"_faqs":["field_650859523d8d5"],"_calibration_suitable_ids_gb":["field_654b4c4acb54a"],"_calibration_suitable_ids_us":["field_654b4c56cb54b"],"_show_in_calibration_suitable":["field_654cfb691d345"],"_shipping":["field_66852535c98a5"],"_refrigerant_cabinet":["field_66852557c98a6"],"_main_specifications":["field_66855b25b1245"],"_usd_price_4":["field_651570dcac479"],"_usd_price_9":["field_6515713eb4807"],"_usd_price_24":["field_65157141b4809"],"_usd_price_49":["field_65157140b4808"],"_usd_price_99":["field_6515715bb480a"],"_gbp_price_4":["field_6515716e83bfa"],"_gbp_price_9":["field_6515724783bfb"],"_gbp_price_24":["field_6515724b83bfc"],"_gbp_price_49":["field_6515725983bfd"],"_gbp_price_99":["field_6515725d83bfe"],"_usdhk_price_4":["field_6515726f83bff"],"_usdhk_price_9":["field_6515727c83c00"],"_usdhk_price_24":["field_6515728083c01"],"_usdhk_price_49":["field_6515728983c02"],"_usdhk_price_99":["field_6515728e83c03"],"stock_options":["In stock"],"_stock_options":["field_6544b605dc7f9"],"_top_nav_excluded":[""],"_cms_nav_minihome":[""],"wcml_sync_hash":["a:1:{s:15:\"postmeta_fields\";s:32:\"7ceaad11bd0aca40ef05ba93c6245f29\";}"],"attr_label_translations":["a:0:{}"],"_product_attributes":["a:2:{s:16:\"pa_product-brand\";a:6:{s:4:\"name\";s:16:\"pa_product-brand\";s:5:\"value\";s:0:\"\";s:8:\"position\";i:0;s:10:\"is_visible\";i:1;s:12:\"is_variation\";i:0;s:11:\"is_taxonomy\";i:1;}s:19:\"pa_product-features\";a:6:{s:4:\"name\";s:19:\"pa_product-features\";s:5:\"value\";s:0:\"\";s:8:\"position\";i:1;s:10:\"is_visible\";i:1;s:12:\"is_variation\";i:0;s:11:\"is_taxonomy\";i:1;}}"],"_thumbnail_id":["42388"],"_product_image_gallery":["42346,42352,42358"],"_crosssell_ids":["a:0:{}"],"_last_translation_edit_mode":["translation-editor"],"_wpml_word_count":["255"],"min_temp":["-30"],"max_temp":["80"],"_min_temp":["field_67ea5eb4e0a77"],"_max_temp":["field_67ea5f81e0a79"],"rank_math_primary_product_cat":["97"],"_other_features":["field_686fa2aa98dce"],"rank_math_description":["Entdecken Sie das EL-IOT-SP-TH+, ein hochpr\u00e4zises Umgebungs\u00fcberwachungsger\u00e4t mit pr\u00e4zisen Temperatur- und Luftfeuchtigkeitsmesswerten. Nahtlose Datensynchronisation mit EasyLog Cloud f\u00fcr Echtzeitwarnungen und ununterbrochene \u00dcberwachung "],"rank_math_focus_keyword":["EL-IOT-SP-TH+"],"_upsell_ids":["a:4:{i:0;i:26961;i:1;i:27494;i:2;i:26576;i:3;i:26368;}"],"specifications_table":["<table class=\"specifications\">\n<tbody>\n<tr class=\"even-row\">\n<td class=\"left-td\">Temperatur Messbereich<\/td>\n<td>\n<div class=\"product-specification__value col-m-6\">-30\u00b0C bis +80\u00b0C (-22\u00b0F bis +176\u00b0F)<\/div><\/td>\n<\/tr>\n<tr class=\"odd-row\">\n<td class=\"left-td\">Aufl\u00f6sung<\/td>\n<td>\n<div class=\"product-specification__value col-m-6\">0.01\u00b0C<\/div><\/td>\n<\/tr>\n<tr class=\"even-row\">\n<td class=\"left-td\">Temperatur-Genauigkeit*<\/td>\n<td>\n<div class=\"product-specification__value col-m-6\">\u00b10,2\u00b0C (+5 bis +60\u00b0F) (\u00b10,4\u00b0C (+41 bis+140\u00b0F)) (typisch)\n\u00b10,8\u00b0C (-20 bis +80\u00b0F) (\u00b11,5\u00b0C (-4 bis +176\u00b0F)) (maximal)<\/div><\/td>\n<\/tr>\n<tr class=\"odd-row\">\n<td class=\"left-td\">Luftfeuchtigkeit Bereich<\/td>\n<td>\n<div class=\"product-specification__value col-m-6\">0 bis 100%RH<\/div><\/td>\n<\/tr>\n<tr class=\"even-row\">\n<td class=\"left-td\">Luftfeuchtigkeit Aufl\u00f6sung<\/td>\n<td>\n<div class=\"product-specification__value col-m-6\">0.1%<\/div><\/td>\n<\/tr>\n<tr class=\"odd-row\">\n<td class=\"left-td\">Genauigkeit der Luftfeuchtigkeit (bei 25\u00b0C)*<\/td>\n<td>\n<div class=\"product-specification__value col-m-6\">\u00b11,8%RH (20 bis 80) (typisch)\n\u00b14%RH (0 bis 100) (maximal)<\/div><\/td>\n<\/tr>\n<tr class=\"even-row\">\n<td class=\"left-td\">Zeitraum der Aufzeichnung<\/td>\n<td>10 Sekunden bis 12 Stunden (vom Benutzer w\u00e4hlbar)<\/td>\n<\/tr>\n<tr class=\"odd-row\">\n<td class=\"left-td\">\u00dcbertragungsintervall<\/td>\n<td>\n<div class=\"product-specification__value col-m-6\">1 Minute bis 24 Stunden (vom Benutzer w\u00e4hlbar)<\/div><\/td>\n<\/tr>\n<tr class=\"even-row\">\n<td class=\"left-td\">Lebensdauer der Batterie<\/td>\n<td>1> Jahr typisch<\/td>\n<\/tr>\n<tr class=\"odd-row\">\n<td class=\"left-td\">Batterie Typ<\/td>\n<td>\n<div class=\"product-specification__value col-m-6\">4 x AA 1,5V Batterien\n(oder \u00fcber Netzadapter)<\/div><\/td>\n<\/tr>\n<tr class=\"even-row\">\n<td class=\"left-td\">Abmessungen<\/td>\n<td>\n<div class=\"product-specification__value col-m-6\">94 x 83 x 31mm<\/div><\/td>\n<\/tr>\n<tr class=\"odd-row\">\n<td class=\"left-td\">L\u00e4nge des Sondenkabels<\/td>\n<td>\n<div class=\"product-specification__value col-m-6\">2m (79\")<\/div><\/td>\n<\/tr>\n<tr class=\"even-row\">\n<td class=\"left-td\">Betriebstemperaturbereich des Loggers<\/td>\n<td>\n<div class=\"product-specification__value col-m-6\">-18 bis +55\u00b0C (0 bis +131\u00b0F) (Akkus)\n-20 bis +60\u00b0C (-4 bis +140\u00b0F) (Netzteil)<\/div><\/td>\n<\/tr>\n<tr class=\"odd-row\">\n<td class=\"left-td\">Schutzklasse<\/td>\n<td>IP54 (Spritzwassergesch\u00fctzt)<\/td>\n<\/tr>\n<\/tbody>\n<\/table>\n*Beziehen Sie sich auf die Sensorgenauigkeit & Informationen im Datenblatt"],"resources":["<ul class=\"resources-list\">\n \t<li><img src=\"https:\/\/praxas.com\/wp-content\/uploads\/document-icon.png\" alt=\"Dokument-Symbol\"><a href=\"https:\/\/praxas.com\/wp-content\/uploads\/EL-IOT-TH_Datasheet_Issue-1_09-2024-4.pdf\" target=\"_blank\" rel=\"noopener\">EL-IOT-SP-TH+ Datenblatt<\/a><\/li>\n \t<li><img src=\"https:\/\/praxas.com\/wp-content\/uploads\/document-icon.png\" alt=\"Dokument-Symbol\"><a href=\"https:\/\/praxas.com\/wp-content\/uploads\/EL-IOT_QSG_Issue-5_04-23.pdf\" target=\"_blank\" rel=\"noopener\">EL-IOT-SP-TH+ Schnellstartanleitung<\/a><\/li>\n \t<li><img src=\"https:\/\/praxas.com\/wp-content\/uploads\/document-icon.png\" alt=\"Dokument-Symbol\"><a href=\"https:\/\/praxas.com\/wp-content\/uploads\/bs-en-12830-record-of-compliance-issue-1-4.pdf\" target=\"_blank\" rel=\"noopener\">BS EN 12830:2021 Nachweis der Konformit\u00e4t<\/a><\/li>\n \t<li><img src=\"https:\/\/praxas.com\/wp-content\/uploads\/document-icon.png\" alt=\"Dokument-Symbol\"><a href=\"https:\/\/praxas.com\/wp-content\/uploads\/Declaration-of-Conformity_Indoor-Air-Quality_iss5-04_2024.pdf\" target=\"_blank\" rel=\"noopener\">EL-IOT Konformit\u00e4tserkl\u00e4rung<\/a><\/li>\n<\/ul>\n<a class=\"button button-secondary\" href=\"http:\/\/praxas.com\/support\/\">Mehr Unterst\u00fctzung<\/a>"],"accessories":["[products skus=\"PSU EL-IOT,EL-IOT WALL BRACKET,EL-SP2-Th+\"]"],"_uag_page_assets":["a:9:{s:3:\"css\";s:0:\"\";s:2:\"js\";s:0:\"\";s:18:\"current_block_list\";a:0:{}s:8:\"uag_flag\";b:0;s:11:\"uag_version\";s:10:\"1775212209\";s:6:\"gfonts\";a:0:{}s:10:\"gfonts_url\";s:0:\"\";s:12:\"gfonts_files\";a:0:{}s:14:\"uag_faq_layout\";b:0;}"],"_regular_price":["143.7"],"_price":["143.7"],"_max_variation_price":[""],"_max_variation_regular_price":[""],"_max_variation_sale_price":[""],"_min_variation_price":[""],"_min_variation_regular_price":[""],"_min_variation_sale_price":[""],"_sale_price":[""],"_wc_pb_base_regular_price":[""],"_wc_pb_base_sale_price":[""],"_wc_pb_base_price":[""],"_wc_sw_max_price":[""],"_wc_sw_max_regular_price":[""],"_wc_rating_count":[""],"_wc_review_count":[""],"_wc_average_rating":[0]},"uagb_featured_image_src":{"full":["https:\/\/praxas.com\/wp-content\/uploads\/EL-IOT-TH_Front-Facing-with-Probe-1.png",800,463,false],"thumbnail":["https:\/\/praxas.com\/wp-content\/uploads\/EL-IOT-TH_Front-Facing-with-Probe-1-150x150.png",150,150,true],"medium":["https:\/\/praxas.com\/wp-content\/uploads\/EL-IOT-TH_Front-Facing-with-Probe-1-300x174.png",300,174,true],"medium_large":["https:\/\/praxas.com\/wp-content\/uploads\/EL-IOT-TH_Front-Facing-with-Probe-1-768x444.png",768,444,true],"large":["https:\/\/praxas.com\/wp-content\/uploads\/EL-IOT-TH_Front-Facing-with-Probe-1.png",800,463,false],"1536x1536":["https:\/\/praxas.com\/wp-content\/uploads\/EL-IOT-TH_Front-Facing-with-Probe-1.png",800,463,false],"2048x2048":["https:\/\/praxas.com\/wp-content\/uploads\/EL-IOT-TH_Front-Facing-with-Probe-1.png",800,463,false],"crunchify-admin-post-featured-image":["https:\/\/praxas.com\/wp-content\/uploads\/EL-IOT-TH_Front-Facing-with-Probe-1-120x69.png",120,69,true],"commercegurus-pdp-large":["https:\/\/praxas.com\/wp-content\/uploads\/EL-IOT-TH_Front-Facing-with-Probe-1.png",800,463,false],"commercegurus-plp-mobile":["https:\/\/praxas.com\/wp-content\/uploads\/EL-IOT-TH_Front-Facing-with-Probe-1-441x255.png",441,255,true],"cgkit_image_swatch":["https:\/\/praxas.com\/wp-content\/uploads\/EL-IOT-TH_Front-Facing-with-Probe-1-100x100.png",100,100,true],"woocommerce_thumbnail":["https:\/\/praxas.com\/wp-content\/uploads\/EL-IOT-TH_Front-Facing-with-Probe-1-350x203.png",350,203,true],"woocommerce_single":["https:\/\/praxas.com\/wp-content\/uploads\/EL-IOT-TH_Front-Facing-with-Probe-1.png",800,463,false],"woocommerce_gallery_thumbnail":["https:\/\/praxas.com\/wp-content\/uploads\/EL-IOT-TH_Front-Facing-with-Probe-1-150x87.png",150,87,true]},"uagb_author_info":{"display_name":"Alex James","author_link":"https:\/\/praxas.com\/de\/author\/"},"uagb_comment_info":0,"uagb_excerpt":"Hochpr\u00e4ziser Temp &amp; RH Smart Logger -30 bis +80\u00b0C \/ 0-100% RH E-Mail\/SMS-Alarme Optische\/akustische Warnungen Automatischer Daten-Upload zu EasyLog Cloud","_links":{"self":[{"href":"https:\/\/praxas.com\/de\/wp-json\/wp\/v2\/product\/44426","targetHints":{"allow":["GET"]}}],"collection":[{"href":"https:\/\/praxas.com\/de\/wp-json\/wp\/v2\/product"}],"about":[{"href":"https:\/\/praxas.com\/de\/wp-json\/wp\/v2\/types\/product"}],"wp:featuredmedia":[{"embeddable":true,"href":"https:\/\/praxas.com\/de\/wp-json\/wp\/v2\/media\/42388"}],"wp:attachment":[{"href":"https:\/\/praxas.com\/de\/wp-json\/wp\/v2\/media?parent=44426"}],"wp:term":[{"taxonomy":"product_brand","embeddable":true,"href":"https:\/\/praxas.com\/de\/wp-json\/wp\/v2\/product_brand?post=44426"},{"taxonomy":"product_cat","embeddable":true,"href":"https:\/\/praxas.com\/de\/wp-json\/wp\/v2\/product_cat?post=44426"},{"taxonomy":"product_tag","embeddable":true,"href":"https:\/\/praxas.com\/de\/wp-json\/wp\/v2\/product_tag?post=44426"}],"curies":[{"name":"wp","href":"https:\/\/api.w.org\/{rel}","templated":true}]}}