{"id":46983,"date":"2025-03-05T15:42:33","date_gmt":"2025-03-05T14:42:33","guid":{"rendered":"https:\/\/praxas.com\/product\/unkategorisiert\/einfrieren-pruefen\/"},"modified":"2025-10-09T09:40:22","modified_gmt":"2025-10-09T07:40:22","slug":"einfrieren-pruefen","status":"publish","type":"product","link":"https:\/\/praxas.com\/de\/product\/etiketten-mit-temperaturanzeige\/einfrieren-pruefen\/","title":{"rendered":"Absteigende Temperaturanzeige Einfrieren pr\u00fcfen"},"content":{"rendered":"<h2 data-start=\"95\" data-end=\"151\"><strong data-start=\"99\" data-end=\"149\">Freeze Check\u2122 Indikator f\u00fcr abnehmende Temperaturschwankungen<\/strong><\/h2>\n<p data-start=\"613\" data-end=\"1035\">Der Freeze Check ist in Schritten von 500 St\u00fcck erh\u00e4ltlich und verf\u00fcgt \u00fcber einen robusten, kompakten Indikator, der Ihnen auf einen Blick zeigt, ob die Produkte gefroren sind.<\/p>\n<p data-start=\"613\" data-end=\"1035\">Bestimmte Sendungen m\u00fcssen vor Minusgraden gesch\u00fctzt werden, um sch\u00e4dliche Auswirkungen zu vermeiden, die sie unsicher oder ungeeignet f\u00fcr die Verwendung machen k\u00f6nnten. Der patentierte Freeze Check von ATI sch\u00fctzt Sie vor diesen Risiken und den damit verbundenen Kosten, und zwar \u00fcberall in Ihrer Lieferkette. <\/p>\n<p data-start=\"613\" data-end=\"1035\">Freeze Check bietet deutliche Vorteile f\u00fcr eine Reihe von Anwendungen:<\/p>\n\n<ul>\n \t<li>Absteigender Indikator f\u00fcr Temperatur\u00fcberschreitung<\/li>\n \t<li>Verf\u00fcgbar mit 0 \u00b0C oder -5 \u00b0C Schwelle<\/li>\n \t<li data-start=\"613\" data-end=\"1035\">Kosteng\u00fcnstig<\/li>\n \t<li data-start=\"613\" data-end=\"1035\">Einfach in der Anwendung, mit einem Farbwechsel von klar zu wei\u00df<\/li>\n \t<li>Unumkehrbare Indikation &#8211; einmaliger Gebrauch<\/li>\n \t<li data-start=\"613\" data-end=\"1035\">Selbst-aktivierend<\/li>\n \t<li data-start=\"613\" data-end=\"1035\">Flexibel in der Form f\u00fcr einfache Anwendung<\/li>\n<\/ul>\n<!-- \/wp:post-content -->","protected":false},"excerpt":{"rendered":"<p>Irreversible Temperaturanzeige-Etiketten zur \u00dcberwachung von absteigenden Temperatur\u00fcberschreitungen.<\/p>\n<p>Erh\u00e4ltlich mit Ausl\u00f6sepunkten bei 0\u00b0C und -5\u00b0C.<\/p>\n","protected":false},"featured_media":46607,"template":"","meta":{"_acf_changed":false,"content-type":"","_uag_custom_page_level_css":""},"product_brand":[],"product_cat":[2661,2679],"product_tag":[],"class_list":{"0":"post-46983","1":"product","2":"type-product","3":"status-publish","4":"has-post-thumbnail","6":"product_cat-etiketten-mit-temperaturanzeige","7":"product_cat-absteigende-temperatur","9":"first","10":"instock","11":"taxable","12":"shipping-taxable","13":"product-type-simple"},"bundled_by":[],"bundle_stock_status":"instock","bundle_stock_quantity":null,"bundle_virtual":false,"bundle_layout":"","bundle_add_to_cart_form_location":"","bundle_editable_in_cart":false,"bundle_sold_individually_context":"","bundle_item_grouping":"","bundle_min_size":"","bundle_max_size":"","bundle_price":[],"bundled_items":[],"bundle_sell_ids":[],"acf":[],"spectra_custom_meta":{"hubwoo_ecomm_pro_id":["21114909790"],"attr_label_translations":["a:1:{s:2:\"de\";a:1:{s:20:\"response-temperature\";s:18:\"Antwort Temperatur\";}}"],"_backorders":["no"],"_download_limit":["-1"],"_download_expiry":["-1"],"_downloadable":["no"],"_manage_stock":["no"],"_sku":["Freeze Check"],"_stock_status":["instock"],"_sold_individually":["no"],"_tax_class":[""],"_tax_status":["taxable"],"_virtual":["no"],"total_sales":["0"],"_price":[""],"product_datasheet":[""],"_product_datasheet":["field_650ad7d6ea3a0"],"connectivity":[""],"_connectivity":["field_64dce263bb57c"],"brand":["ATI"],"_brand":["field_64ddf62ed2593"],"brand_image":[""],"_brand_image":["field_650c5e7c84cae"],"_specifications_table":["field_65044e1db92a8"],"_display_data_alarm":["field_667d647bcb066"],"_resources":["field_650849c6945ee"],"_calibration":["field_66a0ddd599972"],"_accessories":["field_650849e6945f0"],"_faqs":["field_650859523d8d5"],"_calibration_suitable_ids_gb":["field_654b4c4acb54a"],"_calibration_suitable_ids_us":["field_654b4c56cb54b"],"_show_in_calibration_suitable":["field_654cfb691d345"],"_other_features":["field_668524f8c98a4"],"_shipping":["field_66852535c98a5"],"_refrigerant_cabinet":["field_66852557c98a6"],"_main_specifications":["field_66855b25b1245"],"_usd_price_4":["field_651570dcac479"],"_usd_price_9":["field_6515713eb4807"],"_usd_price_24":["field_65157141b4809"],"_usd_price_49":["field_65157140b4808"],"_usd_price_99":["field_6515715bb480a"],"_gbp_price_4":["field_6515716e83bfa"],"_gbp_price_9":["field_6515724783bfb"],"_gbp_price_24":["field_6515724b83bfc"],"_gbp_price_49":["field_6515725983bfd"],"_gbp_price_99":["field_6515725d83bfe"],"_usdhk_price_4":["field_6515726f83bff"],"_usdhk_price_9":["field_6515727c83c00"],"_usdhk_price_24":["field_6515728083c01"],"_usdhk_price_49":["field_6515728983c02"],"_usdhk_price_99":["field_6515728e83c03"],"stock_options":["In stock"],"_stock_options":["field_6544b605dc7f9"],"_top_nav_excluded":[""],"_cms_nav_minihome":[""],"wcml_sync_hash":["a:1:{s:15:\"postmeta_fields\";s:32:\"8ca30bf428ee394c4ba85319be1e954e\";}"],"_thumbnail_id":["46607"],"_product_image_gallery":[""],"_crosssell_ids":["a:0:{}"],"_wpml_word_count":["196"],"_last_translation_edit_mode":["translation-editor"],"min_temp":[""],"max_temp":[""],"_min_temp":["field_67ea5eb4e0a77"],"_max_temp":["field_67ea5f81e0a79"],"_edit_lock":["1746629191:8383"],"classic-editor-remember":["classic-editor"],"rank_math_seo_score":["65"],"rank_math_contentai_score":["a:5:{s:8:\"keywords\";s:5:\"74.51\";s:9:\"wordCount\";s:1:\"0\";s:9:\"linkCount\";s:1:\"0\";s:12:\"headingCount\";s:1:\"0\";s:10:\"mediaCount\";s:1:\"0\";}"],"_edit_last":["8383"],"commercekit_gallery_layout":[""],"commercekit_disable_sticky_atc":["0"],"commercekit_wc_video_gallery":["a:0:{}"],"_wcrq_show_quote":["yes"],"_wcrq_show_quote_description":["yes"],"_wcrq_hubspot_portal_id":[""],"_wcrq_hubspot_form_id":[""],"_wcrq_hide_purchase_options":["no"],"_wcml_average_rating":[null],"_wcml_review_count":[null],"_wcml_rating_count":[null],"_stock":[null],"_wc_average_rating":[0],"_wc_review_count":["0"],"_product_version":["9.2.3"],"_wc_gla_visibility":["sync-and-show"],"_wc_gla_sync_status":["pending"],"usd_price_4":[""],"usd_price_9":[""],"usd_price_24":[""],"usd_price_49":[""],"usd_price_99":[""],"gbp_price_4":[""],"gbp_price_9":[""],"gbp_price_24":[""],"gbp_price_49":[""],"gbp_price_99":[""],"usdhk_price_4":[""],"usdhk_price_9":[""],"usdhk_price_24":[""],"usdhk_price_49":[""],"usdhk_price_99":[""],"display_data_alarm":[""],"calibration":[""],"accessories":[""],"faqs":[""],"calibration_suitable_ids_gb":[""],"calibration_suitable_ids_us":[""],"show_in_calibration_suitable":[""],"other_features":[""],"shipping":[""],"refrigerant_cabinet":[""],"main_specifications":[""],"shoptimizer_layout_pdp_short_description_position":["default"],"_wpml_media_duplicate":["1"],"_wpml_media_featured":["1"],"rank_math_analytic_object_id":["1174"],"_product_attributes":["a:2:{s:16:\"pa_product-brand\";a:6:{s:4:\"name\";s:16:\"pa_product-brand\";s:5:\"value\";s:0:\"\";s:8:\"position\";i:0;s:10:\"is_visible\";i:1;s:12:\"is_variation\";i:1;s:11:\"is_taxonomy\";i:1;}s:23:\"pa_response-temperature\";a:6:{s:4:\"name\";s:23:\"pa_response-temperature\";s:5:\"value\";s:0:\"\";s:8:\"position\";i:1;s:10:\"is_visible\";i:1;s:12:\"is_variation\";i:0;s:11:\"is_taxonomy\";i:1;}}"],"rank_math_primary_product_cat":["2656"],"rank_math_title":["Praxas %sep% Etiketten mit Temperaturanzeige"],"rank_math_description":["Irreversible Temperaturanzeige-Etiketten zur \u00dcberwachung von Temperaturunterschreitungen bei 0\u00b0C oder 5\u00b0C."],"rank_math_focus_keyword":["Etiketten mit Temperaturanzeige"],"specifications_table":["<table class=\"specifications\">\n<tbody>\n<tr class=\"even-row\">\n<td class=\"left-td\">Schwellenwert-Temperaturen<\/td>\n<td>0\u00b0C und -5\u00b0C<\/td>\n<\/tr>\n<tr class=\"odd-row\">\n<td class=\"left-td\">Anwendung<\/td>\n<td>Selbstklebende Etiketten<\/td>\n<\/tr>\n<tr class=\"even-row\">\n<td class=\"left-td\">Aktivierung<\/td>\n<td>Selbst-aktivierend<\/td>\n<\/tr>\n<tr class=\"odd-row\">\n<td class=\"left-td\">Genauigkeit<\/td>\n<td>\u00b10\u00b0C\/-1,5\u00b0C (genauere Genauigkeiten verf\u00fcgbar)<\/td>\n<\/tr>\n<tr class=\"even-row\">\n<td class=\"left-td\">Indikator Anzeige<\/td>\n<td>Irreversibler Wechsel - gr\u00fcnes H\u00e4kchen zu durchgehend wei\u00df<\/td>\n<\/tr>\n<tr class=\"odd-row\">\n<td class=\"left-td\">Lagerung<\/td>\n<td>K\u00fchlung (5\u00baC \u00b13\u00baC)<\/td>\n<\/tr>\n<\/tbody>\n<\/table>"],"resources":["<ul class=\"resources-list\">\n \t<li><img src=\"https:\/\/praxas.com\/wp-content\/uploads\/document-icon.png\" alt=\"Dokument-Symbol\"><a href=\"https:\/\/praxas.com\/wp-content\/uploads\/APDS3300-0009-FreezeCheck-Product-Data-Sheet-Rev-5.pdf\" target=\"_blank\" rel=\"noopener\">Datenblatt Freeze Check<\/a><\/li>\n<\/ul>"],"_uag_page_assets":["a:9:{s:3:\"css\";s:0:\"\";s:2:\"js\";s:0:\"\";s:18:\"current_block_list\";a:0:{}s:8:\"uag_flag\";b:0;s:11:\"uag_version\";s:10:\"1775212209\";s:6:\"gfonts\";a:0:{}s:10:\"gfonts_url\";s:0:\"\";s:12:\"gfonts_files\";a:0:{}s:14:\"uag_faq_layout\";b:0;}"],"_max_variation_price":[""],"_max_variation_regular_price":[""],"_max_variation_sale_price":[""],"_min_variation_price":[""],"_min_variation_regular_price":[""],"_min_variation_sale_price":[""],"_regular_price":[""],"_sale_price":[""],"_wc_pb_base_regular_price":[""],"_wc_pb_base_sale_price":[""],"_wc_pb_base_price":[""],"_wc_sw_max_price":[""],"_wc_sw_max_regular_price":[""],"_wc_rating_count":[""]},"uagb_featured_image_src":{"full":["https:\/\/praxas.com\/wp-content\/uploads\/ATI-Freezecheck.jpg",800,463,false],"thumbnail":["https:\/\/praxas.com\/wp-content\/uploads\/ATI-Freezecheck-150x150.jpg",150,150,true],"medium":["https:\/\/praxas.com\/wp-content\/uploads\/ATI-Freezecheck-300x174.jpg",300,174,true],"medium_large":["https:\/\/praxas.com\/wp-content\/uploads\/ATI-Freezecheck-768x444.jpg",768,444,true],"large":["https:\/\/praxas.com\/wp-content\/uploads\/ATI-Freezecheck.jpg",800,463,false],"1536x1536":["https:\/\/praxas.com\/wp-content\/uploads\/ATI-Freezecheck.jpg",800,463,false],"2048x2048":["https:\/\/praxas.com\/wp-content\/uploads\/ATI-Freezecheck.jpg",800,463,false],"crunchify-admin-post-featured-image":["https:\/\/praxas.com\/wp-content\/uploads\/ATI-Freezecheck-120x69.jpg",120,69,true],"commercegurus-pdp-large":["https:\/\/praxas.com\/wp-content\/uploads\/ATI-Freezecheck.jpg",800,463,false],"commercegurus-plp-mobile":["https:\/\/praxas.com\/wp-content\/uploads\/ATI-Freezecheck-441x255.jpg",441,255,true],"cgkit_image_swatch":["https:\/\/praxas.com\/wp-content\/uploads\/ATI-Freezecheck-100x100.jpg",100,100,true],"woocommerce_thumbnail":["https:\/\/praxas.com\/wp-content\/uploads\/ATI-Freezecheck-350x203.jpg",350,203,true],"woocommerce_single":["https:\/\/praxas.com\/wp-content\/uploads\/ATI-Freezecheck.jpg",800,463,false],"woocommerce_gallery_thumbnail":["https:\/\/praxas.com\/wp-content\/uploads\/ATI-Freezecheck-150x87.jpg",150,87,true]},"uagb_author_info":{"display_name":"Andy Price","author_link":"https:\/\/praxas.com\/de\/author\/"},"uagb_comment_info":0,"uagb_excerpt":"Irreversible Temperaturanzeige-Etiketten zur \u00dcberwachung von absteigenden Temperatur\u00fcberschreitungen. Erh\u00e4ltlich mit Ausl\u00f6sepunkten bei 0\u00b0C und -5\u00b0C.","_links":{"self":[{"href":"https:\/\/praxas.com\/de\/wp-json\/wp\/v2\/product\/46983","targetHints":{"allow":["GET"]}}],"collection":[{"href":"https:\/\/praxas.com\/de\/wp-json\/wp\/v2\/product"}],"about":[{"href":"https:\/\/praxas.com\/de\/wp-json\/wp\/v2\/types\/product"}],"wp:featuredmedia":[{"embeddable":true,"href":"https:\/\/praxas.com\/de\/wp-json\/wp\/v2\/media\/46607"}],"wp:attachment":[{"href":"https:\/\/praxas.com\/de\/wp-json\/wp\/v2\/media?parent=46983"}],"wp:term":[{"taxonomy":"product_brand","embeddable":true,"href":"https:\/\/praxas.com\/de\/wp-json\/wp\/v2\/product_brand?post=46983"},{"taxonomy":"product_cat","embeddable":true,"href":"https:\/\/praxas.com\/de\/wp-json\/wp\/v2\/product_cat?post=46983"},{"taxonomy":"product_tag","embeddable":true,"href":"https:\/\/praxas.com\/de\/wp-json\/wp\/v2\/product_tag?post=46983"}],"curies":[{"name":"wp","href":"https:\/\/api.w.org\/{rel}","templated":true}]}}