{"id":47621,"date":"2025-02-28T13:39:34","date_gmt":"2025-02-28T12:39:34","guid":{"rendered":"https:\/\/praxas.com\/product\/unkategorisiert\/gefrierschrank-uluf-p620-mv\/"},"modified":"2026-01-19T13:36:28","modified_gmt":"2026-01-19T12:36:28","slug":"gefrierschrank-uluf-p620-mv","status":"publish","type":"product","link":"https:\/\/praxas.com\/de\/product\/kuhlung_produkte\/gefrierschranke-mit-niedriger-temperatur\/gefrierschrank-uluf-p620-mv\/","title":{"rendered":"Gefrierschrank ULUF P620 MV"},"content":{"rendered":"<p>Der ULUF P620 MV ist ein leistungsstarker Ultratiefk\u00fchlschrank (ULT), der f\u00fcr au\u00dfergew\u00f6hnlichen Probenschutz und Effizienz entwickelt wurde. Dank der fortschrittlichen TRUE DUAL\u2122 Technologie werden Ihre Proben sicher bei -70\u00b0C gehalten, selbst im unwahrscheinlichen Fall eines Kompressorausfalls. <\/p>\n<p><strong>Das ULUF P620 MV:<\/strong><\/p>\n<ul>\n<li>Erreicht -80\u00b0C in weniger als 4 Stunden, dank eines leistungsstarken K\u00fchlsystems und einer robusten Isolierung aus Polyurethan und vakuumisolierten Paneelen, die auch bei h\u00e4ufigen T\u00fcr\u00f6ffnungen eine konstante Temperatur gew\u00e4hrleistet.<\/li>\n<li>Verwendet nat\u00fcrliche K\u00e4ltemittel mit niedrigem Ozonabbaupotenzial (ODP) und Treibhauspotenzial (GWP) und unterst\u00fctzt so die \u00f6kologische Nachhaltigkeit bei gleichzeitiger Reduzierung des Energieverbrauchs und der Betriebskosten.<\/li>\n<li>Arbeitet in einem Multispannungsbereich von 100 bis 240 Volt und bietet globale Kompatibilit\u00e4t und stabile Leistung, ohne dass zus\u00e4tzliche Adapter oder Transformatoren ben\u00f6tigt werden.<\/li>\n<li>Ausgestattet mit dem fortschrittlichen V700 Controller, der \u00fcber wichtige Alarme und einen ECO-Modus verf\u00fcgt, um die Energieeffizienz zu optimieren und gleichm\u00e4\u00dfige Temperaturen zu gew\u00e4hrleisten.<\/li>\n<li>Er verf\u00fcgt \u00fcber einen ergonomischen T\u00fcrgriff, ein integriertes Schloss und einen RFID-Smart-Lock-Kartenschl\u00fcssel f\u00fcr erh\u00f6hte Sicherheit sowie vier herausnehmbare Innent\u00fcren mit Magnetverschl\u00fcssen f\u00fcr einfache Wartung und Abtauung.<\/li>\n<li>Mit den modernen Integraline-Regalb\u00f6den, die gelocht und verstellbar sind und bis zu 50 kg tragen k\u00f6nnen, bieten sie flexible und langlebige Aufbewahrungsl\u00f6sungen.<\/li>\n<\/ul>\n<p>Durch die Kombination von Spitzentechnologie mit benutzerfreundlichen Funktionen und einem Fokus auf Umweltverantwortung ist der ULUF P620 MV die ideale Wahl f\u00fcr Labore, die eine zuverl\u00e4ssige Ultra-Tieftemperaturlagerung ben\u00f6tigen.<\/p>\n","protected":false},"excerpt":{"rendered":"<ul>\n<li>-40\u02daC \/ -86\u02daC<\/li>\n<li>Ultra-Niedrig-Temperatur &#8211; 614 L<\/li>\n<li class=\"fLight\">Hervorragende K\u00fchlleistung<\/li>\n<li>Platzsparend<\/li>\n<li>TRUE DUAL\u2122 K\u00fchlsystem<\/li>\n<li>FCKW-\/HFCKW-freie Formulierungen<\/li>\n<\/ul>\n","protected":false},"featured_media":46405,"template":"","meta":{"_acf_changed":false,"content-type":"","_uag_custom_page_level_css":""},"product_brand":[],"product_cat":[1089,1176],"product_tag":[2524,2640,2840],"class_list":{"0":"post-47621","1":"product","2":"type-product","3":"status-publish","4":"has-post-thumbnail","6":"product_cat-gefrierschranke-mit-niedriger-temperatur","7":"product_cat-86c-ultra-tiefkuhltruhen","8":"product_tag-arktiko","9":"product_tag-gefrierschrank","10":"product_tag-multi-voltage-de","11":"product_shipping_class-schwer","13":"first","14":"instock","15":"taxable","16":"shipping-taxable","17":"purchasable","18":"product-type-simple"},"bundled_by":[],"bundle_stock_status":"instock","bundle_stock_quantity":null,"bundle_virtual":false,"bundle_layout":"","bundle_add_to_cart_form_location":"","bundle_editable_in_cart":false,"bundle_sold_individually_context":"","bundle_item_grouping":"","bundle_min_size":"","bundle_max_size":"","bundle_price":[],"bundled_items":[],"bundle_sell_ids":[],"acf":[],"spectra_custom_meta":{"hubwoo_ecomm_pro_id":["21785143852"],"_wcml_average_rating":[null],"_wcml_review_count":[null],"_wcml_rating_count":[null],"_backorders":["no"],"_download_limit":["0"],"_download_expiry":["0"],"_downloadable":["no"],"_manage_stock":["no"],"_sku":["P620MV"],"_stock_status":["instock"],"_sold_individually":["no"],"_tax_class":[""],"_tax_status":["taxable"],"_virtual":["no"],"_weight":["387"],"_width":["115"],"_height":["225"],"_length":["127"],"total_sales":["0"],"product_datasheet":[""],"_product_datasheet":["field_650ad7d6ea3a0"],"connectivity":[""],"_connectivity":["field_64dce263bb57c"],"brand":["Arctiko"],"_brand":["field_64ddf62ed2593"],"brand_image":[""],"_brand_image":["field_650c5e7c84cae"],"_specifications_table":["field_65044e1db92a8"],"_display_data_alarm":["field_667d647bcb066"],"_resources":["field_650849c6945ee"],"_calibration":["field_66a0ddd599972"],"_accessories":["field_650849e6945f0"],"_faqs":["field_650859523d8d5"],"_calibration_suitable_ids_gb":["field_654b4c4acb54a"],"_calibration_suitable_ids_us":["field_654b4c56cb54b"],"_show_in_calibration_suitable":["field_654cfb691d345"],"_shipping":["field_66852535c98a5"],"_refrigerant_cabinet":["field_66852557c98a6"],"_main_specifications":["field_66855b25b1245"],"_usd_price_4":["field_651570dcac479"],"_usd_price_9":["field_6515713eb4807"],"_usd_price_24":["field_65157141b4809"],"_usd_price_49":["field_65157140b4808"],"_usd_price_99":["field_6515715bb480a"],"_gbp_price_4":["field_6515716e83bfa"],"_gbp_price_9":["field_6515724783bfb"],"_gbp_price_24":["field_6515724b83bfc"],"_gbp_price_49":["field_6515725983bfd"],"_gbp_price_99":["field_6515725d83bfe"],"_usdhk_price_4":["field_6515726f83bff"],"_usdhk_price_9":["field_6515727c83c00"],"_usdhk_price_24":["field_6515728083c01"],"_usdhk_price_49":["field_6515728983c02"],"_usdhk_price_99":["field_6515728e83c03"],"stock_options":["In stock"],"_stock_options":["field_6544b605dc7f9"],"min_temp":["-86"],"max_temp":["-40"],"_min_temp":["field_67ea5eb4e0a77"],"_max_temp":["field_67ea5f81e0a79"],"_top_nav_excluded":[""],"_cms_nav_minihome":[""],"wcml_sync_hash":["a:1:{s:15:\"postmeta_fields\";s:32:\"5d083f3dfd77685c44b6c8376c3b6ad8\";}"],"attr_label_translations":["a:0:{}"],"_product_attributes":["a:4:{s:16:\"pa_product-brand\";a:6:{s:4:\"name\";s:16:\"pa_product-brand\";s:5:\"value\";s:0:\"\";s:8:\"position\";i:0;s:10:\"is_visible\";i:1;s:12:\"is_variation\";i:0;s:11:\"is_taxonomy\";i:1;}s:19:\"pa_product-features\";a:6:{s:4:\"name\";s:19:\"pa_product-features\";s:5:\"value\";s:0:\"\";s:8:\"position\";i:1;s:10:\"is_visible\";i:1;s:12:\"is_variation\";i:0;s:11:\"is_taxonomy\";i:1;}s:11:\"pa_capacity\";a:6:{s:4:\"name\";s:11:\"pa_capacity\";s:5:\"value\";s:0:\"\";s:8:\"position\";i:2;s:10:\"is_visible\";i:1;s:12:\"is_variation\";i:0;s:11:\"is_taxonomy\";i:1;}s:14:\"pa_temperature\";a:6:{s:4:\"name\";s:14:\"pa_temperature\";s:5:\"value\";s:0:\"\";s:8:\"position\";i:3;s:10:\"is_visible\";i:1;s:12:\"is_variation\";i:0;s:11:\"is_taxonomy\";i:1;}}"],"_thumbnail_id":["46405"],"_product_image_gallery":["46405,46411,46417"],"_crosssell_ids":["a:0:{}"],"_wpml_word_count":["346"],"_last_translation_edit_mode":["translation-editor"],"rank_math_primary_product_cat":["417"],"_other_features_arctiko":["field_668524f8c98a4"],"shipping":["<table class=\"specifications\">\n<tbody>\n<tr>\n<td class=\"left-td\">Versandgewicht (kg)<\/td>\n<td>387<\/td>\n<\/tr>\n<tr>\n<td class=\"left-td\">Versandma\u00dfe BxTxH (cm)<\/td>\n<td>115 x 127 x 225<\/td>\n<\/tr>\n<tr>\n<td class=\"left-td\">Versandvolumen (m\u00b3)<\/td>\n<td>3,29<\/td>\n<\/tr>\n<\/tbody>\n<\/table>"],"_regular_price":["14045"],"_price":["14045"],"_other_features":["field_686fa2aa98dce"],"rank_math_description":["Der ULUF P620 MV ist ein leistungsstarker ULT-Tiefk\u00fchlschrank, der au\u00dfergew\u00f6hnlichen Probenschutz bietet | -40\u02daC \/ -86\u02daC | Ultra Low-Temperature - 614 L"],"rank_math_focus_keyword":["ULUF P620 MV"],"display_data_alarm":["<table class=\"specifications\">\n<tbody>\n<tr>\n<td class=\"left-td\">Alarm (angezeigt als Text, nicht als Codes)<\/td>\n<td>Ja<\/td>\n<\/tr>\n<tr>\n<td class=\"left-td\">Optischer \/ akustischer Alarm<\/td>\n<td>Ja \/ Ja<\/td>\n<\/tr>\n<tr>\n<td class=\"left-td\">Alarm bei Stromausfall<\/td>\n<td>Ja<\/td>\n<\/tr>\n<tr>\n<td class=\"left-td\">Einstellbarer Alarm f\u00fcr hohe\/niedrige Temperatur<\/td>\n<td>Ja \/ Ja<\/td>\n<\/tr>\n<tr>\n<td class=\"left-td\">Alarm bei offener T\u00fcr<\/td>\n<td>Ja<\/td>\n<\/tr>\n<tr>\n<td class=\"left-td\">Alarm bei Sondenausfall<\/td>\n<td>Ja<\/td>\n<\/tr>\n<tr>\n<td class=\"left-td\">Alarm f\u00fcr schwache Batterie<\/td>\n<td>Ja<\/td>\n<\/tr>\n<tr>\n<td class=\"left-td\">Alarm bei Kompressorausfall<\/td>\n<td>Ja<\/td>\n<\/tr>\n<tr>\n<td class=\"left-td\">Batteriepufferung f\u00fcr Alarme (ca. Std.)<\/td>\n<td>72<\/td>\n<\/tr>\n<tr>\n<td class=\"left-td\">Spannungsfreier Kontakt f\u00fcr Fernalarm (z.B. GSM-Alarmmodul)<\/td>\n<td>Ja<\/td>\n<\/tr>\n<tr>\n<td class=\"left-td\">Elektronischer Datenlogger<\/td>\n<td>Ja<\/td>\n<\/tr>\n<tr>\n<td class=\"left-td\">RS 485-Anschluss<\/td>\n<td>Optional<\/td>\n<\/tr>\n<tr>\n<td class=\"left-td\">USB-Anschluss f\u00fcr Software-Update und Daten-Download<\/td>\n<td>Ja<\/td>\n<\/tr>\n<tr>\n<td class=\"left-td\">Temperaturschreiber<\/td>\n<td>Optional<\/td>\n<\/tr>\n<tr>\n<td class=\"left-td\">Display-Typ<\/td>\n<td>7'' Touchscreen<\/td>\n<\/tr>\n<tr>\n<td class=\"left-td\">Anzahl der optionalen Referenzsonden<\/td>\n<td>0 (1 Referenzsonde als Standard enthalten)<\/td>\n<\/tr>\n<tr>\n<td class=\"left-td\">Passwortschutz zum Ein- und Ausschalten des Ger\u00e4ts<\/td>\n<td>Ja<\/td>\n<\/tr>\n<tr>\n<td class=\"left-td\">Temperaturdiagramm auf dem Display<\/td>\n<td>Ja<\/td>\n<\/tr>\n<\/tbody>\n<\/table>"],"other_features":["<table class=\"specifications\">\n<tbody>\n<tr>\n<td class=\"left-td\">Anschluss f\u00fcr Vakuumablass<\/td>\n<td>Ja<\/td>\n<\/tr>\n<tr>\n<td class=\"left-td\">Frostschutzfunktion<\/td>\n<td>Ja<\/td>\n<\/tr>\n<tr>\n<td class=\"left-td\">Zugangs\u00f6ffnung f\u00fcr externe Sonde usw. (Innendurchmesser mm)<\/td>\n<td>12<\/td>\n<\/tr>\n<tr>\n<td class=\"left-td\">Licht<\/td>\n<td>Ja<\/td>\n<\/tr>\n<tr>\n<td class=\"left-td\">Schloss mit Schl\u00fcssel<\/td>\n<td>Ja<\/td>\n<\/tr>\n<tr>\n<td class=\"left-td\">Rollen (insgesamt) \/ Rollen mit Bremse (St\u00fcck)<\/td>\n<td>4 \/ 2<\/td>\n<\/tr>\n<tr>\n<td class=\"left-td\">Unterdeckel \/ Innent\u00fcren (St\u00fcck)<\/td>\n<td>4<\/td>\n<\/tr>\n<tr>\n<td class=\"left-td\">Feste Einlegeb\u00f6den (St\u00fcck) \/ Verstellbare Einlegeb\u00f6den (St\u00fcck)<\/td>\n<td>1 \/ 2<\/td>\n<\/tr>\n<tr>\n<td class=\"left-td\">Max. Nein. der Einlegeb\u00f6den (St\u00fcck) \/ empfohlene max. Nein. der Regale (St\u00fcck)<\/td>\n<td>5 \/ 5<\/td>\n<\/tr>\n<tr>\n<td class=\"left-td\">Max. Last pro Regal (kg)<\/td>\n<td>50<\/td>\n<\/tr>\n<tr>\n<td class=\"left-td\">Gesamtkapazit\u00e4t von 50 mm Boxen 9x9 Trennbl\u00e4tter (St\u00fcck)<\/td>\n<td>440<\/td>\n<\/tr>\n<tr>\n<td class=\"left-td\">Gesamtkapazit\u00e4t von 75 mm Boxen 9x9 Trennbl\u00e4tter (St\u00fcck)<\/td>\n<td>280<\/td>\n<\/tr>\n<tr>\n<td class=\"left-td\">Gesamtkapazit\u00e4t von 96 mm Boxen 9x9 Trennbl\u00e4tter (St\u00fcck)<\/td>\n<td>200<\/td>\n<\/tr>\n<tr>\n<td class=\"left-td\">Max. Kapazit\u00e4t der Proben in Arctiko 10x10 Boxen (St\u00fcck)<\/td>\n<td>44.200<\/td>\n<\/tr>\n<\/tbody>\n<\/table>"],"refrigerant_cabinet":["<table class=\"specifications\">\n<tbody>\n<tr>\n<td class=\"left-td\">Anzahl der Kompressoren<\/td>\n<td>2<\/td>\n<\/tr>\n<tr>\n<td class=\"left-td\">K\u00e4ltemittel<\/td>\n<td>GG20<\/td>\n<\/tr>\n<tr>\n<td class=\"left-td\">Material Innengeh\u00e4use<\/td>\n<td>rostfreier Stahl<\/td>\n<\/tr>\n<tr>\n<td class=\"left-td\">Material des Au\u00dfengeh\u00e4uses<\/td>\n<td>lackierter Stahl<\/td>\n<\/tr>\n<tr>\n<td class=\"left-td\">Farbe (Au\u00dfengeh\u00e4use)<\/td>\n<td>wei\u00df<\/td>\n<\/tr>\n<tr>\n<td class=\"left-td\">Schaumstoff-Typ<\/td>\n<td>Polyurethan<\/td>\n<\/tr>\n<tr>\n<td class=\"left-td\">VIP vakuumisolierte Paneele<\/td>\n<td>Ja<\/td>\n<\/tr>\n<\/tbody>\n<\/table>"],"main_specifications":["<table class=\"specifications\">\n<tbody>\n<tr>\n<td class=\"left-td\">Artikel-Code<\/td>\n<td>1000049<\/td>\n<\/tr>\n<tr>\n<td class=\"left-td\">Temperaturbereich (\u02daC)<\/td>\n<td>-40 \/ -86<\/td>\n<\/tr>\n<tr>\n<td class=\"left-td\">Max. Umgebungstemperatur (\u02daC)<\/td>\n<td>32<\/td>\n<\/tr>\n<tr>\n<td class=\"left-td\">Kapazit\u00e4t (L)<\/td>\n<td>614<\/td>\n<\/tr>\n<tr>\n<td class=\"left-td\">\u00c4u\u00dfere Abmessungen BxTxH (mm)<\/td>\n<td>1035 x 859,5 x 1999<\/td>\n<\/tr>\n<tr>\n<td class=\"left-td\">Innenma\u00dfe BxTxH (mm)<\/td>\n<td>746 x 620 x 1320<\/td>\n<\/tr>\n<tr>\n<td class=\"left-td\">Gewicht (KG)<\/td>\n<td>247<\/td>\n<\/tr>\n<tr>\n<td class=\"left-td\">Isolierung (mm)<\/td>\n<td>120<\/td>\n<\/tr>\n<tr>\n<td class=\"left-td\">Technologie der K\u00fchlung<\/td>\n<td>duales System \/ statisch<\/td>\n<\/tr>\n<tr>\n<td class=\"left-td\">Controller-Modell \/ F\u00fchlertyp<\/td>\n<td>V700 \/ PT100<\/td>\n<\/tr>\n<tr>\n<td class=\"left-td\">Stromversorgung (V)<\/td>\n<td>100 bis 240<\/td>\n<\/tr>\n<tr>\n<td class=\"left-td\">Frequenz (Hz)<\/td>\n<td>50 \/ 60<\/td>\n<\/tr>\n<tr>\n<td class=\"left-td\">Stromverbrauch (kWh\/24h)<\/td>\n<td>8,4<\/td>\n<\/tr>\n<\/tbody>\n<\/table>"],"other_features_arctiko":["<table class=\"specifications\">\n<tbody>\n<tr>\n<td class=\"left-td\">Anschluss f\u00fcr Vakuumablass<\/td>\n<td>Ja<\/td>\n<\/tr>\n<tr>\n<td class=\"left-td\">Frostschutzfunktion<\/td>\n<td>Ja<\/td>\n<\/tr>\n<tr>\n<td class=\"left-td\">Zugangs\u00f6ffnung f\u00fcr externe Sonde usw. (Innendurchmesser mm)<\/td>\n<td>12<\/td>\n<\/tr>\n<tr>\n<td class=\"left-td\">Licht<\/td>\n<td>Ja<\/td>\n<\/tr>\n<tr>\n<td class=\"left-td\">Schloss mit Schl\u00fcssel<\/td>\n<td>Ja<\/td>\n<\/tr>\n<tr>\n<td class=\"left-td\">Rollen (insgesamt) \/ Rollen mit Bremse (St\u00fcck)<\/td>\n<td>4 \/ 2<\/td>\n<\/tr>\n<tr>\n<td class=\"left-td\">Unterdeckel \/ Innent\u00fcren (St\u00fcck)<\/td>\n<td>4<\/td>\n<\/tr>\n<tr>\n<td class=\"left-td\">Feste Einlegeb\u00f6den (St\u00fcck) \/ Verstellbare Einlegeb\u00f6den (St\u00fcck)<\/td>\n<td>1 \/ 2<\/td>\n<\/tr>\n<tr>\n<td class=\"left-td\">Max. Nein. der Einlegeb\u00f6den (St\u00fcck) \/ empfohlene max. Nein. der Regale (St\u00fcck)<\/td>\n<td>5 \/ 5<\/td>\n<\/tr>\n<tr>\n<td class=\"left-td\">Max. Last pro Regal (kg)<\/td>\n<td>50<\/td>\n<\/tr>\n<tr>\n<td class=\"left-td\">Gesamtkapazit\u00e4t von 50 mm Boxen 9x9 Trennbl\u00e4tter (St\u00fcck)<\/td>\n<td>440<\/td>\n<\/tr>\n<tr>\n<td class=\"left-td\">Gesamtkapazit\u00e4t von 75 mm Boxen 9x9 Trennbl\u00e4tter (St\u00fcck)<\/td>\n<td>280<\/td>\n<\/tr>\n<tr>\n<td class=\"left-td\">Gesamtkapazit\u00e4t von 96 mm Boxen 9x9 Trennbl\u00e4tter (St\u00fcck)<\/td>\n<td>200<\/td>\n<\/tr>\n<tr>\n<td class=\"left-td\">Max. Kapazit\u00e4t der Proben in Arctiko 10x10 Boxen (St\u00fcck)<\/td>\n<td>44.200<\/td>\n<\/tr>\n<\/tbody>\n<\/table>"],"_uag_page_assets":["a:9:{s:3:\"css\";s:0:\"\";s:2:\"js\";s:0:\"\";s:18:\"current_block_list\";a:0:{}s:8:\"uag_flag\";b:0;s:11:\"uag_version\";s:10:\"1776763693\";s:6:\"gfonts\";a:0:{}s:10:\"gfonts_url\";s:0:\"\";s:12:\"gfonts_files\";a:0:{}s:14:\"uag_faq_layout\";b:0;}"],"_max_variation_price":[""],"_max_variation_regular_price":[""],"_max_variation_sale_price":[""],"_min_variation_price":[""],"_min_variation_regular_price":[""],"_min_variation_sale_price":[""],"_sale_price":[""],"_wc_pb_base_regular_price":[""],"_wc_pb_base_sale_price":[""],"_wc_pb_base_price":[""],"_wc_sw_max_price":[""],"_wc_sw_max_regular_price":[""],"_wc_rating_count":[""],"_wc_review_count":[""],"_wc_average_rating":[0]},"uagb_featured_image_src":{"full":["https:\/\/praxas.com\/wp-content\/uploads\/ULUF-P620MV-Closed-Front.jpg",800,463,false],"thumbnail":["https:\/\/praxas.com\/wp-content\/uploads\/ULUF-P620MV-Closed-Front-150x150.jpg",150,150,true],"medium":["https:\/\/praxas.com\/wp-content\/uploads\/ULUF-P620MV-Closed-Front-300x174.jpg",300,174,true],"medium_large":["https:\/\/praxas.com\/wp-content\/uploads\/ULUF-P620MV-Closed-Front-768x444.jpg",768,444,true],"large":["https:\/\/praxas.com\/wp-content\/uploads\/ULUF-P620MV-Closed-Front.jpg",800,463,false],"1536x1536":["https:\/\/praxas.com\/wp-content\/uploads\/ULUF-P620MV-Closed-Front.jpg",800,463,false],"2048x2048":["https:\/\/praxas.com\/wp-content\/uploads\/ULUF-P620MV-Closed-Front.jpg",800,463,false],"crunchify-admin-post-featured-image":["https:\/\/praxas.com\/wp-content\/uploads\/ULUF-P620MV-Closed-Front-120x69.jpg",120,69,true],"commercegurus-pdp-large":["https:\/\/praxas.com\/wp-content\/uploads\/ULUF-P620MV-Closed-Front.jpg",800,463,false],"commercegurus-plp-mobile":["https:\/\/praxas.com\/wp-content\/uploads\/ULUF-P620MV-Closed-Front-441x255.jpg",441,255,true],"cgkit_image_swatch":["https:\/\/praxas.com\/wp-content\/uploads\/ULUF-P620MV-Closed-Front-100x100.jpg",100,100,true],"woocommerce_thumbnail":["https:\/\/praxas.com\/wp-content\/uploads\/ULUF-P620MV-Closed-Front-350x203.jpg",350,203,true],"woocommerce_single":["https:\/\/praxas.com\/wp-content\/uploads\/ULUF-P620MV-Closed-Front.jpg",800,463,false],"woocommerce_gallery_thumbnail":["https:\/\/praxas.com\/wp-content\/uploads\/ULUF-P620MV-Closed-Front-150x87.jpg",150,87,true]},"uagb_author_info":{"display_name":"Alex James","author_link":"https:\/\/praxas.com\/de\/author\/"},"uagb_comment_info":0,"uagb_excerpt":"-40\u02daC \/ -86\u02daC Ultra-Niedrig-Temperatur - 614 L Hervorragende K\u00fchlleistung Platzsparend TRUE DUAL\u2122 K\u00fchlsystem FCKW-\/HFCKW-freie Formulierungen","_links":{"self":[{"href":"https:\/\/praxas.com\/de\/wp-json\/wp\/v2\/product\/47621","targetHints":{"allow":["GET"]}}],"collection":[{"href":"https:\/\/praxas.com\/de\/wp-json\/wp\/v2\/product"}],"about":[{"href":"https:\/\/praxas.com\/de\/wp-json\/wp\/v2\/types\/product"}],"wp:featuredmedia":[{"embeddable":true,"href":"https:\/\/praxas.com\/de\/wp-json\/wp\/v2\/media\/46405"}],"wp:attachment":[{"href":"https:\/\/praxas.com\/de\/wp-json\/wp\/v2\/media?parent=47621"}],"wp:term":[{"taxonomy":"product_brand","embeddable":true,"href":"https:\/\/praxas.com\/de\/wp-json\/wp\/v2\/product_brand?post=47621"},{"taxonomy":"product_cat","embeddable":true,"href":"https:\/\/praxas.com\/de\/wp-json\/wp\/v2\/product_cat?post=47621"},{"taxonomy":"product_tag","embeddable":true,"href":"https:\/\/praxas.com\/de\/wp-json\/wp\/v2\/product_tag?post=47621"}],"curies":[{"name":"wp","href":"https:\/\/api.w.org\/{rel}","templated":true}]}}