{"id":47648,"date":"2025-02-28T13:39:33","date_gmt":"2025-02-28T12:39:33","guid":{"rendered":"https:\/\/praxas.com\/product\/unkategorisiert\/gefriertruhe-uluf-p90-mv\/"},"modified":"2026-01-19T13:10:35","modified_gmt":"2026-01-19T12:10:35","slug":"gefriertruhe-uluf-p90-mv","status":"publish","type":"product","link":"https:\/\/praxas.com\/de\/product\/kuhlung_produkte\/gefrierschranke-mit-niedriger-temperatur\/gefriertruhe-uluf-p90-mv\/","title":{"rendered":"Gefriertruhe ULUF P90 MV"},"content":{"rendered":"<p>Dieser Tischgefrierschrank ist so konzipiert, dass er einen einfachen Zugang zu den Proben und flexible Platzierungsm\u00f6glichkeiten an Ihrem Arbeitsplatz bietet. Ob unter einer Theke oder auf einer Arbeitsplatte, er ist ideal f\u00fcr Labore oder klinische Umgebungen mit begrenztem Platzangebot. Die innovative Einzelkompressortechnologie von ARCTIKO sorgt f\u00fcr eine ausgezeichnete Temperaturgleichm\u00e4\u00dfigkeit und eine hervorragende K\u00fchlleistung, so dass Sie sich auf Ihre Forschung konzentrieren k\u00f6nnen, ohne sich um Ihre Proben sorgen zu m\u00fcssen.  <\/p>\n<ul>\n<li>Hervorragende K\u00fchlleistung mit dem einzigartigen Einzelk\u00fchlsystem und nat\u00fcrlichem K\u00e4ltemittel mit extrem niedrigem Treibhauspotenzial (GWP)<\/li>\n<li>Kompaktes, platzsparendes Design macht diesen ULT zur idealen Aufbewahrungsl\u00f6sung f\u00fcr Labore mit begrenztem Platzangebot<\/li>\n<li>Die Single Compressor Technology mit ihrer einfachen Struktur sorgt f\u00fcr einfache Wartung, reduzierte W\u00e4rmeabgabe, geringen Energieverbrauch und Ger\u00e4uschreduzierung f\u00fcr eine angenehmere Arbeitsumgebung<\/li>\n<li>Direkte K\u00fchlung f\u00fcr optimierte Temperaturstabilit\u00e4t und Gleichm\u00e4\u00dfigkeit, auch bei h\u00e4ufigem \u00d6ffnen der T\u00fcr<\/li>\n<li>Der beheizte T\u00fcrrahmen verhindert, dass sich um die Dichtung herum Eis bildet und sorgt so f\u00fcr stabile und gleichm\u00e4\u00dfige Temperaturen im Inneren des Gefrierschranks.<\/li>\n<li>Niedriger Energieverbrauch durch ECO-Modus und hocheffiziente vakuum-isolierte Paneele<\/li>\n<li>Die Selbstdiagnosefunktion garantiert, dass Ihr Alarmsystem immer ordnungsgem\u00e4\u00df funktioniert.<\/li>\n<\/ul>\n","protected":false},"excerpt":{"rendered":"<ul class=\"small d-none d-sm-block ulnoindent\">\n<li>-25\u00b0C \/ -86\u00b0C<\/li>\n<li>Kompaktes ULT-Modell &#8211; 88 L<\/li>\n<li class=\"fLight\">Hervorragende K\u00fchlleistung<\/li>\n<li>Kompaktes, platzsparendes Design<\/li>\n<li>Einzelkompressor-Technologie<\/li>\n<li>Direkte K\u00fchlung<\/li>\n<li>Beheizter T\u00fcrrahmen<\/li>\n<li>Niedriger Energieverbrauch<\/li>\n<\/ul>\n","protected":false},"featured_media":27867,"template":"","meta":{"_acf_changed":false,"content-type":"","_uag_custom_page_level_css":""},"product_brand":[],"product_cat":[1089,1176],"product_tag":[2524,2640,2840],"class_list":{"0":"post-47648","1":"product","2":"type-product","3":"status-publish","4":"has-post-thumbnail","6":"product_cat-gefrierschranke-mit-niedriger-temperatur","7":"product_cat-86c-ultra-tiefkuhltruhen","8":"product_tag-arktiko","9":"product_tag-gefrierschrank","10":"product_tag-multi-voltage-de","11":"product_shipping_class-schwer","13":"first","14":"instock","15":"taxable","16":"shipping-taxable","17":"purchasable","18":"product-type-simple"},"bundled_by":[],"bundle_stock_status":"instock","bundle_stock_quantity":null,"bundle_virtual":false,"bundle_layout":"","bundle_add_to_cart_form_location":"","bundle_editable_in_cart":false,"bundle_sold_individually_context":"","bundle_item_grouping":"","bundle_min_size":"","bundle_max_size":"","bundle_price":[],"bundled_items":[],"bundle_sell_ids":[],"acf":[],"spectra_custom_meta":{"hubwoo_ecomm_pro_id":["21788246906"],"_wcml_average_rating":[null],"_wcml_review_count":[null],"_wcml_rating_count":[null],"_backorders":["no"],"_download_limit":["0"],"_download_expiry":["0"],"_downloadable":["no"],"_manage_stock":["no"],"_sku":["P90MV"],"_stock_status":["instock"],"_sold_individually":["no"],"_tax_class":[""],"_tax_status":["taxable"],"_virtual":["no"],"_weight":["137"],"_width":["103"],"_height":["103"],"_length":["83"],"total_sales":["0"],"product_datasheet":[""],"_product_datasheet":["field_650ad7d6ea3a0"],"connectivity":[""],"_connectivity":["field_64dce263bb57c"],"brand":["Arctiko"],"_brand":["field_64ddf62ed2593"],"brand_image":[""],"_brand_image":["field_650c5e7c84cae"],"_specifications_table":["field_65044e1db92a8"],"_display_data_alarm":["field_667d647bcb066"],"_resources":["field_650849c6945ee"],"_calibration":["field_66a0ddd599972"],"_accessories":["field_650849e6945f0"],"_faqs":["field_650859523d8d5"],"_calibration_suitable_ids_gb":["field_654b4c4acb54a"],"_calibration_suitable_ids_us":["field_654b4c56cb54b"],"_show_in_calibration_suitable":["field_654cfb691d345"],"_shipping":["field_66852535c98a5"],"_refrigerant_cabinet":["field_66852557c98a6"],"_main_specifications":["field_66855b25b1245"],"_usd_price_4":["field_651570dcac479"],"_usd_price_9":["field_6515713eb4807"],"_usd_price_24":["field_65157141b4809"],"_usd_price_49":["field_65157140b4808"],"_usd_price_99":["field_6515715bb480a"],"_gbp_price_4":["field_6515716e83bfa"],"_gbp_price_9":["field_6515724783bfb"],"_gbp_price_24":["field_6515724b83bfc"],"_gbp_price_49":["field_6515725983bfd"],"_gbp_price_99":["field_6515725d83bfe"],"_usdhk_price_4":["field_6515726f83bff"],"_usdhk_price_9":["field_6515727c83c00"],"_usdhk_price_24":["field_6515728083c01"],"_usdhk_price_49":["field_6515728983c02"],"_usdhk_price_99":["field_6515728e83c03"],"stock_options":["In stock"],"_stock_options":["field_6544b605dc7f9"],"min_temp":["-86"],"max_temp":["-25"],"_min_temp":["field_67ea5eb4e0a77"],"_max_temp":["field_67ea5f81e0a79"],"_top_nav_excluded":[""],"_cms_nav_minihome":[""],"wcml_sync_hash":["a:1:{s:15:\"postmeta_fields\";s:32:\"a64dc9186dc8e0be24043785f2308858\";}"],"attr_label_translations":["a:0:{}"],"_product_attributes":["a:4:{s:16:\"pa_product-brand\";a:6:{s:4:\"name\";s:16:\"pa_product-brand\";s:5:\"value\";s:0:\"\";s:8:\"position\";i:0;s:10:\"is_visible\";i:1;s:12:\"is_variation\";i:0;s:11:\"is_taxonomy\";i:1;}s:19:\"pa_product-features\";a:6:{s:4:\"name\";s:19:\"pa_product-features\";s:5:\"value\";s:0:\"\";s:8:\"position\";i:1;s:10:\"is_visible\";i:1;s:12:\"is_variation\";i:0;s:11:\"is_taxonomy\";i:1;}s:11:\"pa_capacity\";a:6:{s:4:\"name\";s:11:\"pa_capacity\";s:5:\"value\";s:0:\"\";s:8:\"position\";i:2;s:10:\"is_visible\";i:1;s:12:\"is_variation\";i:0;s:11:\"is_taxonomy\";i:1;}s:14:\"pa_temperature\";a:6:{s:4:\"name\";s:14:\"pa_temperature\";s:5:\"value\";s:0:\"\";s:8:\"position\";i:3;s:10:\"is_visible\";i:1;s:12:\"is_variation\";i:0;s:11:\"is_taxonomy\";i:1;}}"],"_thumbnail_id":["27867"],"_product_image_gallery":["27868,27869,27870,27871,27872,27873,27874,27875,27876,27877,27878,27879"],"_crosssell_ids":["a:0:{}"],"_wpml_word_count":["301"],"_last_translation_edit_mode":["translation-editor"],"rank_math_primary_product_cat":["417"],"_other_features_arctiko":["field_668524f8c98a4"],"shipping":["<table class=\"specifications\">\n<tbody>\n<tr>\n<td class=\"left-td\">Versandgewicht (KG)<\/td>\n<td>138<\/td>\n<\/tr>\n<tr>\n<td class=\"left-td\">Versand Abmessungen BxTxH (cm)<\/td>\n<td>83 x 103 x 103<\/td>\n<\/tr>\n<tr>\n<td class=\"left-td\">Versandvolumen (M\u00b3)<\/td>\n<td>0,88<\/td>\n<\/tr>\n<\/tbody>\n<\/table>"],"_regular_price":["8845"],"_price":["8845"],"_other_features":["field_686fa2aa98dce"],"rank_math_description":["ULUF P90 Ultra Low Temperature Freezer, entwickelt f\u00fcr au\u00dfergew\u00f6hnliche Leistung und Zuverl\u00e4ssigkeit. Sch\u00fctzen Sie wertvolle Proben mit pr\u00e4ziser Temperaturkontrolle."],"rank_math_focus_keyword":["Gefriertisch"],"display_data_alarm":["<table class=\"specifications\">\n<tbody>\n<tr>\n<td class=\"left-td\">Alarmanzeige als Text - keine Codes<\/td>\n<td>Ja<\/td>\n<\/tr>\n<tr>\n<td class=\"left-td\">Visueller \/ Akustischer Alarm<\/td>\n<td>Ja \/ Ja<\/td>\n<\/tr>\n<tr>\n<td class=\"left-td\">Alarm bei Stromausfall<\/td>\n<td>Ja<\/td>\n<\/tr>\n<tr>\n<td class=\"left-td\">Einstellbarer Alarm f\u00fcr hohe\/niedrige Temperatur<\/td>\n<td>Ja \/ Ja<\/td>\n<\/tr>\n<tr>\n<td class=\"left-td\">Alarm bei offener T\u00fcr<\/td>\n<td>Ja<\/td>\n<\/tr>\n<tr>\n<td class=\"left-td\">Alarm bei Ausfall der Sonde<\/td>\n<td>Ja<\/td>\n<\/tr>\n<tr>\n<td class=\"left-td\">Alarm bei schwacher Batterie<\/td>\n<td>Ja<\/td>\n<\/tr>\n<tr>\n<td class=\"left-td\">Alarm bei Ausfall des Kompressors<\/td>\n<td>Nein<\/td>\n<\/tr>\n<tr>\n<td class=\"left-td\">Batterie-Backup f\u00fcr Alarme (ca. Std.)<\/td>\n<td>72<\/td>\n<\/tr>\n<tr>\n<td class=\"left-td\">Spannungsfreier Kontakt f\u00fcr Fernalarm (z.B. GSM Alarmmodul)<\/td>\n<td>Ja<\/td>\n<\/tr>\n<tr>\n<td class=\"left-td\">Elektronischer Datenlogger<\/td>\n<td>Ja<\/td>\n<\/tr>\n<tr>\n<td class=\"left-td\">RS 485 Anschluss<\/td>\n<td>Optional<\/td>\n<\/tr>\n<tr>\n<td class=\"left-td\">USB-Anschluss f\u00fcr Software-Update und Daten-Download<\/td>\n<td>Ja<\/td>\n<\/tr>\n<tr>\n<td class=\"left-td\">Temperatur-Schreibger\u00e4t<\/td>\n<td>Optional (externe Montage)<\/td>\n<\/tr>\n<tr>\n<td class=\"left-td\">Display Typ<\/td>\n<td>5\" mit Touchscreen<\/td>\n<\/tr>\n<tr>\n<td class=\"left-td\">Anzahl der optionalen Referenzsonden<\/td>\n<td>2<\/td>\n<\/tr>\n<tr>\n<td class=\"left-td\">Passwortschutz zum Ein- und Ausschalten<\/td>\n<td>Optional<\/td>\n<\/tr>\n<tr>\n<td class=\"left-td\">Temperaturdiagramm auf dem Display<\/td>\n<td>Ja<\/td>\n<\/tr>\n<\/tbody>\n<\/table>"],"resources":["<ul class=\"resources-list\">\n \t<li style=\"list-style-type: none;\">\n<ul class=\"resources-list\">\n \t<li><img src=\"https:\/\/praxas.com\/wp-content\/uploads\/document-icon.png\" alt=\"Dokument-Symbol\"><a href=\"https:\/\/arctiko.com\/wp-content\/uploads\/Datasheet-ULUF-P90-12_08_2024.pdf\">Produktdatenblatt ULUF P90 MV<\/a><\/li>\n \t<li><img src=\"https:\/\/praxas.com\/wp-content\/uploads\/document-icon.png\" alt=\"Dokument-Symbol\"><a href=\"https:\/\/arctiko.com\/wp-content\/uploads\/5080071-03-GB-Operating-Instructions-ULUF-P10MV_P50MV_P90MV-Kopi.pdf\" target=\"_blank\" rel=\"noopener\">Betriebsanleitung Integraline ULUF P10 P50 P90<\/a><\/li>\n \t<li><img src=\"https:\/\/praxas.com\/wp-content\/uploads\/document-icon.png\" alt=\"Dokument-Symbol\"><a href=\"https:\/\/arctiko.com\/wp-content\/uploads\/5088204-02-Dimension-drawing-P90MV.pdf\">Ma\u00dfzeichnung<\/a><\/li>\n \t<li><img src=\"https:\/\/praxas.com\/wp-content\/uploads\/document-icon.png\" alt=\"Dokument-Symbol\"><a href=\"https:\/\/arctiko.com\/wp-content\/uploads\/5082532-03-Safety-Datasheet-Nature-R.pdf\" target=\"_blank\" rel=\"noopener\">Sicherheitsdatenblatt NatureR<\/a><\/li>\n \t<li><img src=\"https:\/\/praxas.com\/wp-content\/uploads\/document-icon.png\" alt=\"Dokument-Symbol\"><a href=\"https:\/\/arctiko.com\/wp-content\/uploads\/5082189-03-CE-certificate-ULUF-P10MV-P50MV-P65MV-P90MV.pdf\" target=\"_blank\" rel=\"noopener\">CE-Zertifikat Integraline<\/a><\/li>\n \t<li><img src=\"https:\/\/praxas.com\/wp-content\/uploads\/document-icon.png\" alt=\"Dokument-Symbol\"><a href=\"\/wp-content\/uploads\/2022-certifikat-iso-9001-arctiko-as.pdf\" target=\"_blank\" rel=\"noopener\">ISO 9001<\/a><\/li>\n<\/ul>\n<\/li>\n<\/ul>"],"other_features":["<table class=\"specifications\">\n<tbody>\n<tr>\n<td class=\"left-td\">Automatische Abtauung<\/td>\n<td>Nein<\/td>\n<\/tr>\n<tr>\n<td class=\"left-td\">Frostschutzmittel Funktion<\/td>\n<td>Nein<\/td>\n<\/tr>\n<tr>\n<td class=\"left-td\">Anschluss f\u00fcr Vakuumablass<\/td>\n<td>Ja<\/td>\n<\/tr>\n<tr>\n<td class=\"left-td\">Zugangs\u00f6ffnung f\u00fcr externe Sonde etc. (Innendurchmesser mm)<\/td>\n<td>20<\/td>\n<\/tr>\n<tr>\n<td class=\"left-td\">Licht<\/td>\n<td>Nein<\/td>\n<\/tr>\n<tr>\n<td class=\"left-td\">Schloss mit Schl\u00fcssel<\/td>\n<td>Ja<\/td>\n<\/tr>\n<tr>\n<td class=\"left-td\">Rollen (Total Pcs) \/ Rollen mit Bremse (Pcs)<\/td>\n<td>2 \/ 0<\/td>\n<\/tr>\n<tr>\n<td class=\"left-td\">Feste F\u00fc\u00dfe (St.) \/ Nivellierf\u00fc\u00dfe (St.)<\/td>\n<td>0 \/ 2<\/td>\n<\/tr>\n<tr>\n<td class=\"left-td\">Unterdeckel oder Innent\u00fcren (St\u00fcck)<\/td>\n<td>Nein<\/td>\n<\/tr>\n<tr>\n<td class=\"left-td\">Umkehrbare T\u00fcr(en)<\/td>\n<td>Nein<\/td>\n<\/tr>\n<tr>\n<td class=\"left-td\">Gesamtkapazit\u00e4t von 50 Mm Boxen 9x9 Trennbl\u00e4tter (Stck.)<\/td>\n<td>72<\/td>\n<\/tr>\n<tr>\n<td class=\"left-td\">Gesamtkapazit\u00e4t von 75 Mm Boxen 9x9 Trennbl\u00e4tter (Stck.)<\/td>\n<td>48<\/td>\n<\/tr>\n<tr>\n<td class=\"left-td\">Gesamtkapazit\u00e4t von 96 Mm Boxen 9x9 Trennbl\u00e4tter (Stck.)<\/td>\n<td>36<\/td>\n<\/tr>\n<\/tbody>\n<\/table>"],"refrigerant_cabinet":["<table class=\"specifications\">\n<tbody>\n<tr>\n<td class=\"left-td\">Anzahl der Kompressoren<\/td>\n<td>1<\/td>\n<\/tr>\n<tr>\n<td class=\"left-td\">K\u00e4ltemittel<\/td>\n<td>Natur R2<\/td>\n<\/tr>\n<tr>\n<td class=\"left-td\">Material des Innengeh\u00e4uses<\/td>\n<td>Rostfreier Stahl<\/td>\n<\/tr>\n<tr>\n<td class=\"left-td\">\u00c4u\u00dferes Material des Geh\u00e4uses<\/td>\n<td>Lackierter Stahl<\/td>\n<\/tr>\n<tr>\n<td class=\"left-td\">Farbe (\u00c4u\u00dferes Kabinett)<\/td>\n<td>Wei\u00df<\/td>\n<\/tr>\n<tr>\n<td class=\"left-td\">Schaumstoff-Mittel<\/td>\n<td>Polyurethan<\/td>\n<\/tr>\n<tr>\n<td class=\"left-td\">VIP Vakuumisolierte Paneele<\/td>\n<td>Ja<\/td>\n<\/tr>\n<\/tbody>\n<\/table>"],"main_specifications":["<table class=\"specifications\">\n<tbody>\n<tr>\n<td class=\"left-td\">Artikel Code<\/td>\n<td>1000003-01<\/td>\n<\/tr>\n<tr>\n<td class=\"left-td\">Temperaturbereich (\u00b0C)<\/td>\n<td>-25 \/ -86 \u00b0C<\/td>\n<\/tr>\n<tr>\n<td class=\"left-td\">Max. Umgebungstemperatur (\u00b0C)<\/td>\n<td>32 \u00b0C<\/td>\n<\/tr>\n<tr>\n<td class=\"left-td\">Kapazit\u00e4t (L)<\/td>\n<td>88<\/td>\n<\/tr>\n<tr>\n<td class=\"left-td\">\u00c4u\u00dfere Abmessungen BxTxH (mm)<\/td>\n<td>937 x 778 x 836<\/td>\n<\/tr>\n<tr>\n<td class=\"left-td\">Innenma\u00dfe BxTxH (mm)<\/td>\n<td>637 x 443 x 307<\/td>\n<\/tr>\n<tr>\n<td class=\"left-td\">Gewicht (KG)<\/td>\n<td>102<\/td>\n<\/tr>\n<tr>\n<td class=\"left-td\">Isolierung (mm)<\/td>\n<td>120<\/td>\n<\/tr>\n<tr>\n<td class=\"left-td\">Technologie der K\u00fchlung<\/td>\n<td>Einzelsystem \/ Statischer Wechselrichter \/ MV<\/td>\n<\/tr>\n<tr>\n<td class=\"left-td\">Controller Modell \/ F\u00fchler Typ<\/td>\n<td>V500\/ Pt 100<\/td>\n<\/tr>\n<tr>\n<td class=\"left-td\">Stromversorgung (V)<\/td>\n<td>110-230<\/td>\n<\/tr>\n<tr>\n<td class=\"left-td\">Frequenz (Hz)<\/td>\n<td>50 \/ 60<\/td>\n<\/tr>\n<tr>\n<td class=\"left-td\">Stromverbrauch (kWh\/24H)<\/td>\n<td>4,67<\/td>\n<\/tr>\n<tr>\n<td class=\"left-td\">AMP (A)<\/td>\n<td>3,0 (110V) \/1,5A (230V)<\/td>\n<\/tr>\n<tr>\n<td class=\"left-td\">Leistung (Watt)<\/td>\n<td>280<\/td>\n<\/tr>\n<tr>\n<td class=\"left-td\">Pferdest\u00e4rken (HP)<\/td>\n<td>1<\/td>\n<\/tr>\n<\/tbody>\n<\/table>"],"other_features_arctiko":["<table class=\"specifications\">\n<tbody>\n<tr>\n<td class=\"left-td\">Automatische Abtauung<\/td>\n<td>Nein<\/td>\n<\/tr>\n<tr>\n<td class=\"left-td\">Frostschutzmittel Funktion<\/td>\n<td>Nein<\/td>\n<\/tr>\n<tr>\n<td class=\"left-td\">Anschluss f\u00fcr Vakuumablass<\/td>\n<td>Ja<\/td>\n<\/tr>\n<tr>\n<td class=\"left-td\">Zugangs\u00f6ffnung f\u00fcr externe Sonde etc. (Innendurchmesser mm)<\/td>\n<td>20<\/td>\n<\/tr>\n<tr>\n<td class=\"left-td\">Licht<\/td>\n<td>Nein<\/td>\n<\/tr>\n<tr>\n<td class=\"left-td\">Schloss mit Schl\u00fcssel<\/td>\n<td>Ja<\/td>\n<\/tr>\n<tr>\n<td class=\"left-td\">Rollen (Total Pcs) \/ Rollen mit Bremse (Pcs)<\/td>\n<td>2 \/ 0<\/td>\n<\/tr>\n<tr>\n<td class=\"left-td\">Feste F\u00fc\u00dfe (St.) \/ Nivellierf\u00fc\u00dfe (St.)<\/td>\n<td>0 \/ 2<\/td>\n<\/tr>\n<tr>\n<td class=\"left-td\">Unterdeckel oder Innent\u00fcren (St\u00fcck)<\/td>\n<td>Nein<\/td>\n<\/tr>\n<tr>\n<td class=\"left-td\">Umkehrbare T\u00fcr(en)<\/td>\n<td>Nein<\/td>\n<\/tr>\n<tr>\n<td class=\"left-td\">Gesamtkapazit\u00e4t von 50 Mm Boxen 9x9 Trennbl\u00e4tter (Stck.)<\/td>\n<td>72<\/td>\n<\/tr>\n<tr>\n<td class=\"left-td\">Gesamtkapazit\u00e4t von 75 Mm Boxen 9x9 Trennbl\u00e4tter (Stck.)<\/td>\n<td>48<\/td>\n<\/tr>\n<tr>\n<td class=\"left-td\">Gesamtkapazit\u00e4t von 96 Mm Boxen 9x9 Trennbl\u00e4tter (Stck.)<\/td>\n<td>36<\/td>\n<\/tr>\n<\/tbody>\n<\/table>"],"_uag_page_assets":["a:9:{s:3:\"css\";s:0:\"\";s:2:\"js\";s:0:\"\";s:18:\"current_block_list\";a:0:{}s:8:\"uag_flag\";b:0;s:11:\"uag_version\";s:10:\"1777534559\";s:6:\"gfonts\";a:0:{}s:10:\"gfonts_url\";s:0:\"\";s:12:\"gfonts_files\";a:0:{}s:14:\"uag_faq_layout\";b:0;}"],"_max_variation_price":[""],"_max_variation_regular_price":[""],"_max_variation_sale_price":[""],"_min_variation_price":[""],"_min_variation_regular_price":[""],"_min_variation_sale_price":[""],"_sale_price":[""],"_wc_pb_base_regular_price":[""],"_wc_pb_base_sale_price":[""],"_wc_pb_base_price":[""],"_wc_sw_max_price":[""],"_wc_sw_max_regular_price":[""],"_wc_rating_count":[""],"_wc_review_count":[""],"_wc_average_rating":[0]},"uagb_featured_image_src":{"full":["https:\/\/praxas.com\/wp-content\/uploads\/ULUF-P90_Right-Facing-800-x-463px.jpg",800,463,false],"thumbnail":["https:\/\/praxas.com\/wp-content\/uploads\/ULUF-P90_Right-Facing-800-x-463px-150x150.jpg",150,150,true],"medium":["https:\/\/praxas.com\/wp-content\/uploads\/ULUF-P90_Right-Facing-800-x-463px-300x174.jpg",300,174,true],"medium_large":["https:\/\/praxas.com\/wp-content\/uploads\/ULUF-P90_Right-Facing-800-x-463px-768x444.jpg",768,444,true],"large":["https:\/\/praxas.com\/wp-content\/uploads\/ULUF-P90_Right-Facing-800-x-463px.jpg",800,463,false],"1536x1536":["https:\/\/praxas.com\/wp-content\/uploads\/ULUF-P90_Right-Facing-800-x-463px.jpg",800,463,false],"2048x2048":["https:\/\/praxas.com\/wp-content\/uploads\/ULUF-P90_Right-Facing-800-x-463px.jpg",800,463,false],"crunchify-admin-post-featured-image":["https:\/\/praxas.com\/wp-content\/uploads\/ULUF-P90_Right-Facing-800-x-463px-120x69.jpg",120,69,true],"commercegurus-pdp-large":["https:\/\/praxas.com\/wp-content\/uploads\/ULUF-P90_Right-Facing-800-x-463px.jpg",800,463,false],"commercegurus-plp-mobile":["https:\/\/praxas.com\/wp-content\/uploads\/ULUF-P90_Right-Facing-800-x-463px-441x255.jpg",441,255,true],"cgkit_image_swatch":["https:\/\/praxas.com\/wp-content\/uploads\/ULUF-P90_Right-Facing-800-x-463px-100x100.jpg",100,100,true],"woocommerce_thumbnail":["https:\/\/praxas.com\/wp-content\/uploads\/ULUF-P90_Right-Facing-800-x-463px-350x203.jpg",350,203,true],"woocommerce_single":["https:\/\/praxas.com\/wp-content\/uploads\/ULUF-P90_Right-Facing-800-x-463px.jpg",800,463,false],"woocommerce_gallery_thumbnail":["https:\/\/praxas.com\/wp-content\/uploads\/ULUF-P90_Right-Facing-800-x-463px-150x87.jpg",150,87,true]},"uagb_author_info":{"display_name":"Alex James","author_link":"https:\/\/praxas.com\/de\/author\/"},"uagb_comment_info":0,"uagb_excerpt":"-25\u00b0C \/ -86\u00b0C Kompaktes ULT-Modell - 88 L Hervorragende K\u00fchlleistung Kompaktes, platzsparendes Design Einzelkompressor-Technologie Direkte K\u00fchlung Beheizter T\u00fcrrahmen Niedriger Energieverbrauch","_links":{"self":[{"href":"https:\/\/praxas.com\/de\/wp-json\/wp\/v2\/product\/47648","targetHints":{"allow":["GET"]}}],"collection":[{"href":"https:\/\/praxas.com\/de\/wp-json\/wp\/v2\/product"}],"about":[{"href":"https:\/\/praxas.com\/de\/wp-json\/wp\/v2\/types\/product"}],"wp:featuredmedia":[{"embeddable":true,"href":"https:\/\/praxas.com\/de\/wp-json\/wp\/v2\/media\/27867"}],"wp:attachment":[{"href":"https:\/\/praxas.com\/de\/wp-json\/wp\/v2\/media?parent=47648"}],"wp:term":[{"taxonomy":"product_brand","embeddable":true,"href":"https:\/\/praxas.com\/de\/wp-json\/wp\/v2\/product_brand?post=47648"},{"taxonomy":"product_cat","embeddable":true,"href":"https:\/\/praxas.com\/de\/wp-json\/wp\/v2\/product_cat?post=47648"},{"taxonomy":"product_tag","embeddable":true,"href":"https:\/\/praxas.com\/de\/wp-json\/wp\/v2\/product_tag?post=47648"}],"curies":[{"name":"wp","href":"https:\/\/api.w.org\/{rel}","templated":true}]}}