{"id":47657,"date":"2025-02-28T13:39:33","date_gmt":"2025-02-28T12:39:33","guid":{"rendered":"https:\/\/praxas.com\/product\/unkategorisiert\/gefrierschrank-uluf-p510-mv\/"},"modified":"2026-01-19T13:34:37","modified_gmt":"2026-01-19T12:34:37","slug":"gefrierschrank-uluf-p510-mv","status":"publish","type":"product","link":"https:\/\/praxas.com\/de\/product\/kuhlung_produkte\/gefrierschranke-mit-niedriger-temperatur\/gefrierschrank-uluf-p510-mv\/","title":{"rendered":"Gefrierschrank ULUF P510 MV"},"content":{"rendered":"<p>Der ULUF P510 MV ist ein leistungsstarker Ultratiefk\u00fchlschrank (ULT), der f\u00fcr eine zuverl\u00e4ssige und effiziente Lagerung von Proben entwickelt wurde. Ausgestattet mit der fortschrittlichen TRUE DUAL\u2122 Technologie gew\u00e4hrleistet er einen kontinuierlichen Betrieb und h\u00e4lt -70\u00b0C, selbst wenn ein Kompressor ausf\u00e4llt, und bietet so konstanten Schutz f\u00fcr Ihre wertvollen Proben. <\/p>\n<p><strong>Das ULUF P510 MV:<\/strong><\/p>\n<ul>\n<li>Erreicht -80\u00b0C in weniger als 4 Stunden, mit einem robusten K\u00fchlsystem und einer schnellen Abk\u00fchlungsfunktion, die eine schnelle Erholung und konstante Temperaturen gew\u00e4hrleistet, selbst bei h\u00e4ufigem \u00d6ffnen der T\u00fcr.<\/li>\n<li>Verwendet nat\u00fcrliche K\u00e4ltemittel mit niedrigem Ozonabbaupotenzial (ODP) und Treibhauspotenzial (GWP) und bietet damit eine umweltfreundliche L\u00f6sung, die den Energieverbrauch und die Betriebskosten senkt.<\/li>\n<li>Arbeitet in einem Multispannungsbereich von 100 bis 240 Volt, bietet globale Kompatibilit\u00e4t und ist unempfindlich gegen Stromschwankungen, ohne dass zus\u00e4tzliche Adapter ben\u00f6tigt werden.<\/li>\n<li>Ausgestattet mit dem fortschrittlichen V700 Controller, der \u00fcber wichtige Alarme und einen ECO-Modus verf\u00fcgt, um die Energieeffizienz zu optimieren und gleichzeitig die Temperatur gleichm\u00e4\u00dfig zu halten.<\/li>\n<li>Mit einem ergonomischen T\u00fcrgriff mit integriertem Schloss und RFID Smart Lock Kartenschl\u00fcssel sowie vier herausnehmbaren Innent\u00fcren mit Magnetverschl\u00fcssen f\u00fcr einfache Wartung und Abtauung.<\/li>\n<li>Verf\u00fcgt \u00fcber moderne Integraline-Einlegeb\u00f6den, die gelocht und verstellbar sind und bis zu 50 kg tragen k\u00f6nnen. Sie bieten flexible und dauerhafte Aufbewahrungsm\u00f6glichkeiten.<\/li>\n<\/ul>\n<p>Der ULUF P510 MV kombiniert Spitzentechnologie mit benutzerfreundlichen Funktionen und Umweltfreundlichkeit. Damit ist er die ideale L\u00f6sung f\u00fcr Labore, die eine zuverl\u00e4ssige Ultra-Tieftemperatur-Lagerung ben\u00f6tigen.<\/p>\n","protected":false},"excerpt":{"rendered":"<ul>\n<li>-40\u02daC \/ -86\u02daC<\/li>\n<li>Ultra-Niedrig-Temperatur &#8211; 500 L<\/li>\n<li class=\"fLight\">Hervorragende K\u00fchlleistung<\/li>\n<li>Platzsparend<\/li>\n<li>TRUE DUAL\u2122 K\u00fchlsystem<\/li>\n<li>FCKW-\/HFCKW-freie Formulierungen<\/li>\n<\/ul>\n","protected":false},"featured_media":46387,"template":"","meta":{"_acf_changed":false,"content-type":"","_uag_custom_page_level_css":""},"product_brand":[],"product_cat":[1089,1176],"product_tag":[2524,2640,2840],"class_list":{"0":"post-47657","1":"product","2":"type-product","3":"status-publish","4":"has-post-thumbnail","6":"product_cat-gefrierschranke-mit-niedriger-temperatur","7":"product_cat-86c-ultra-tiefkuhltruhen","8":"product_tag-arktiko","9":"product_tag-gefrierschrank","10":"product_tag-multi-voltage-de","11":"product_shipping_class-schwer","13":"first","14":"instock","15":"taxable","16":"shipping-taxable","17":"purchasable","18":"product-type-simple"},"bundled_by":[],"bundle_stock_status":"instock","bundle_stock_quantity":null,"bundle_virtual":false,"bundle_layout":"","bundle_add_to_cart_form_location":"","bundle_editable_in_cart":false,"bundle_sold_individually_context":"","bundle_item_grouping":"","bundle_min_size":"","bundle_max_size":"","bundle_price":[],"bundled_items":[],"bundle_sell_ids":[],"acf":[],"spectra_custom_meta":{"hubwoo_ecomm_pro_id":["21813833479"],"_wcml_average_rating":[null],"_wcml_review_count":[null],"_wcml_rating_count":[null,null],"_backorders":["no"],"_download_limit":["0"],"_download_expiry":["0"],"_downloadable":["no"],"_manage_stock":["no"],"_sku":["P510MV"],"_stock_status":["instock"],"_sold_individually":["no"],"_tax_class":[""],"_tax_status":["taxable"],"_virtual":["no"],"_weight":["366"],"_width":["101"],"_height":["225"],"_length":["127"],"total_sales":["0"],"product_datasheet":[""],"_product_datasheet":["field_650ad7d6ea3a0"],"connectivity":[""],"_connectivity":["field_64dce263bb57c"],"brand":["Arctiko"],"_brand":["field_64ddf62ed2593"],"brand_image":[""],"_brand_image":["field_650c5e7c84cae"],"_specifications_table":["field_65044e1db92a8"],"_display_data_alarm":["field_667d647bcb066"],"_resources":["field_650849c6945ee"],"_calibration":["field_66a0ddd599972"],"_accessories":["field_650849e6945f0"],"_faqs":["field_650859523d8d5"],"_calibration_suitable_ids_gb":["field_654b4c4acb54a"],"_calibration_suitable_ids_us":["field_654b4c56cb54b"],"_show_in_calibration_suitable":["field_654cfb691d345"],"_shipping":["field_66852535c98a5"],"_refrigerant_cabinet":["field_66852557c98a6"],"_main_specifications":["field_66855b25b1245"],"_usd_price_4":["field_651570dcac479"],"_usd_price_9":["field_6515713eb4807"],"_usd_price_24":["field_65157141b4809"],"_usd_price_49":["field_65157140b4808"],"_usd_price_99":["field_6515715bb480a"],"_gbp_price_4":["field_6515716e83bfa"],"_gbp_price_9":["field_6515724783bfb"],"_gbp_price_24":["field_6515724b83bfc"],"_gbp_price_49":["field_6515725983bfd"],"_gbp_price_99":["field_6515725d83bfe"],"_usdhk_price_4":["field_6515726f83bff"],"_usdhk_price_9":["field_6515727c83c00"],"_usdhk_price_24":["field_6515728083c01"],"_usdhk_price_49":["field_6515728983c02"],"_usdhk_price_99":["field_6515728e83c03"],"stock_options":["In stock"],"_stock_options":["field_6544b605dc7f9"],"min_temp":["-86"],"max_temp":["-40"],"_min_temp":["field_67ea5eb4e0a77"],"_max_temp":["field_67ea5f81e0a79"],"_top_nav_excluded":[""],"_cms_nav_minihome":[""],"wcml_sync_hash":["a:1:{s:15:\"postmeta_fields\";s:32:\"a2a55171489b3b52c9675ec69610efde\";}"],"attr_label_translations":["a:0:{}"],"_product_attributes":["a:4:{s:16:\"pa_product-brand\";a:6:{s:4:\"name\";s:16:\"pa_product-brand\";s:5:\"value\";s:0:\"\";s:8:\"position\";i:0;s:10:\"is_visible\";i:1;s:12:\"is_variation\";i:0;s:11:\"is_taxonomy\";i:1;}s:19:\"pa_product-features\";a:6:{s:4:\"name\";s:19:\"pa_product-features\";s:5:\"value\";s:0:\"\";s:8:\"position\";i:1;s:10:\"is_visible\";i:1;s:12:\"is_variation\";i:0;s:11:\"is_taxonomy\";i:1;}s:11:\"pa_capacity\";a:6:{s:4:\"name\";s:11:\"pa_capacity\";s:5:\"value\";s:0:\"\";s:8:\"position\";i:2;s:10:\"is_visible\";i:1;s:12:\"is_variation\";i:0;s:11:\"is_taxonomy\";i:1;}s:14:\"pa_temperature\";a:6:{s:4:\"name\";s:14:\"pa_temperature\";s:5:\"value\";s:0:\"\";s:8:\"position\";i:3;s:10:\"is_visible\";i:1;s:12:\"is_variation\";i:0;s:11:\"is_taxonomy\";i:1;}}"],"_thumbnail_id":["46387"],"_product_image_gallery":["46393,46399,46387"],"_crosssell_ids":["a:0:{}"],"_wpml_word_count":["344"],"_last_translation_edit_mode":["translation-editor"],"rank_math_primary_product_cat":["417"],"_other_features_arctiko":["field_668524f8c98a4"],"shipping":["<table class=\"specifications\">\n<tbody>\n<tr>\n<td class=\"left-td\">Versandgewicht (kg)<\/td>\n<td>366<\/td>\n<\/tr>\n<tr>\n<td class=\"left-td\">Versandma\u00dfe BxTxH (cm)<\/td>\n<td>101 x 127 x 225<\/td>\n<\/tr>\n<tr>\n<td class=\"left-td\">Versandvolumen (m\u00b3)<\/td>\n<td>2,89<\/td>\n<\/tr>\n<\/tbody>\n<\/table>"],"_regular_price":["13545"],"_price":["13545"],"_other_features":["field_686fa2aa98dce"],"rank_math_description":["Der ULUF P510 MV ist ein leistungsstarker ULT-Tiefk\u00fchlschrank, der eine zuverl\u00e4ssige und effiziente Probenlagerung erm\u00f6glicht | -40\u02daC \/ -86\u02daC | Ultra Low-Temperature - 500 L"],"rank_math_focus_keyword":["ULUF P510 MV"],"display_data_alarm":["<table class=\"specifications\">\n<tbody>\n<tr>\n<td class=\"left-td\">Alarm (angezeigt als Text, nicht als Codes)<\/td>\n<td>Ja<\/td>\n<\/tr>\n<tr>\n<td class=\"left-td\">Optischer \/ akustischer Alarm<\/td>\n<td>Ja \/ Ja<\/td>\n<\/tr>\n<tr>\n<td class=\"left-td\">Alarm bei Stromausfall<\/td>\n<td>Ja<\/td>\n<\/tr>\n<tr>\n<td class=\"left-td\">Einstellbarer Alarm f\u00fcr hohe\/niedrige Temperatur<\/td>\n<td>Ja \/ Ja<\/td>\n<\/tr>\n<tr>\n<td class=\"left-td\">Alarm bei offener T\u00fcr<\/td>\n<td>Ja<\/td>\n<\/tr>\n<tr>\n<td class=\"left-td\">Alarm bei Sondenausfall<\/td>\n<td>Ja<\/td>\n<\/tr>\n<tr>\n<td class=\"left-td\">Alarm f\u00fcr schwache Batterie<\/td>\n<td>Ja<\/td>\n<\/tr>\n<tr>\n<td class=\"left-td\">Batteriepufferung f\u00fcr Alarme (ca. Std.)<\/td>\n<td>72<\/td>\n<\/tr>\n<tr>\n<td class=\"left-td\">Spannungsfreier Kontakt f\u00fcr Fernalarm (z.B. GSM-Alarmmodul)<\/td>\n<td>Ja<\/td>\n<\/tr>\n<tr>\n<td class=\"left-td\">Elektronischer Datenlogger<\/td>\n<td>Ja<\/td>\n<\/tr>\n<tr>\n<td class=\"left-td\">RS 485-Anschluss<\/td>\n<td>Optional<\/td>\n<\/tr>\n<tr>\n<td class=\"left-td\">USB-Anschluss f\u00fcr Software-Update und Daten-Download<\/td>\n<td>Ja<\/td>\n<\/tr>\n<tr>\n<td class=\"left-td\">Temperaturschreiber<\/td>\n<td>Optional (externe Montage)<\/td>\n<\/tr>\n<tr>\n<td class=\"left-td\">Display-Typ<\/td>\n<td>7'' Touchscreen<\/td>\n<\/tr>\n<tr>\n<td class=\"left-td\">Anzahl der optionalen Referenzsonden<\/td>\n<td>0 (1 Referenzsonde als Standard enthalten)<\/td>\n<\/tr>\n<tr>\n<td class=\"left-td\">Passwortschutz zum Ein- und Ausschalten des Ger\u00e4ts<\/td>\n<td>Ja<\/td>\n<\/tr>\n<tr>\n<td class=\"left-td\">Temperaturdiagramm auf dem Display<\/td>\n<td>Ja<\/td>\n<\/tr>\n<\/tbody>\n<\/table>"],"other_features":["<table class=\"specifications\">\n<tbody>\n<tr>\n<td class=\"left-td\">Anschluss f\u00fcr Vakuumablass<\/td>\n<td>Ja<\/td>\n<\/tr>\n<tr>\n<td class=\"left-td\">Frostschutzfunktion<\/td>\n<td>Ja<\/td>\n<\/tr>\n<tr>\n<td class=\"left-td\">Zugangs\u00f6ffnung f\u00fcr externe Sonde usw. (Innendurchmesser mm)<\/td>\n<td>12<\/td>\n<\/tr>\n<tr>\n<td class=\"left-td\">Licht<\/td>\n<td>Ja<\/td>\n<\/tr>\n<tr>\n<td class=\"left-td\">Schloss mit Schl\u00fcssel<\/td>\n<td>Ja<\/td>\n<\/tr>\n<tr>\n<td class=\"left-td\">Rollen (insgesamt) \/ Rollen mit Bremse (St\u00fcck)<\/td>\n<td>4 \/ 2<\/td>\n<\/tr>\n<tr>\n<td class=\"left-td\">Unterdeckel \/ Innent\u00fcren (St\u00fcck)<\/td>\n<td>4<\/td>\n<\/tr>\n<tr>\n<td class=\"left-td\">Feste Einlegeb\u00f6den (St\u00fcck) \/ Verstellbare Einlegeb\u00f6den (St\u00fcck)<\/td>\n<td>1 \/ 2<\/td>\n<\/tr>\n<tr>\n<td class=\"left-td\">Max. Nein. der Einlegeb\u00f6den (St\u00fcck) \/ empfohlene max. Nein. der Regale (St\u00fcck)<\/td>\n<td>5 \/ 5<\/td>\n<\/tr>\n<tr>\n<td class=\"left-td\">Max. Last pro Regal (kg)<\/td>\n<td>50<\/td>\n<\/tr>\n<tr>\n<td class=\"left-td\">Gesamtkapazit\u00e4t von 50 mm Boxen 9x9 Trennbl\u00e4tter (St\u00fcck)<\/td>\n<td>352<\/td>\n<\/tr>\n<tr>\n<td class=\"left-td\">Gesamtkapazit\u00e4t von 75 mm Boxen 9x9 Trennbl\u00e4tter (St\u00fcck)<\/td>\n<td>224<\/td>\n<\/tr>\n<tr>\n<td class=\"left-td\">Gesamtkapazit\u00e4t von 96 mm Boxen 9x9 Trennbl\u00e4tter (St\u00fcck)<\/td>\n<td>160<\/td>\n<\/tr>\n<tr>\n<td class=\"left-td\">Max. Kapazit\u00e4t der Proben in Arctiko 10x10 Boxen (St\u00fcck)<\/td>\n<td>35.200<\/td>\n<\/tr>\n<\/tbody>\n<\/table>"],"refrigerant_cabinet":["<table class=\"specifications\">\n<tbody>\n<tr>\n<td class=\"left-td\">Anzahl der Kompressoren<\/td>\n<td>2<\/td>\n<\/tr>\n<tr>\n<td class=\"left-td\">K\u00e4ltemittel<\/td>\n<td>GG20<\/td>\n<\/tr>\n<tr>\n<td class=\"left-td\">Material Innengeh\u00e4use<\/td>\n<td>Rostfreier Stahl<\/td>\n<\/tr>\n<tr>\n<td class=\"left-td\">Material des Au\u00dfengeh\u00e4uses<\/td>\n<td>Lackierter Stahl<\/td>\n<\/tr>\n<tr>\n<td class=\"left-td\">Farbe (Au\u00dfengeh\u00e4use)<\/td>\n<td>Wei\u00df<\/td>\n<\/tr>\n<tr>\n<td class=\"left-td\">Schaumstoff-Typ<\/td>\n<td>Polyurethan<\/td>\n<\/tr>\n<tr>\n<td class=\"left-td\">VIP vakuumisolierte Paneele<\/td>\n<td>Ja<\/td>\n<\/tr>\n<\/tbody>\n<\/table>"],"main_specifications":["<table class=\"specifications\">\n<tbody>\n<tr>\n<td class=\"left-td\">Artikel-Code<\/td>\n<td>1000048<\/td>\n<\/tr>\n<tr>\n<td class=\"left-td\">Temperaturbereich (\u02daC)<\/td>\n<td>-40 \/ -86<\/td>\n<\/tr>\n<tr>\n<td class=\"left-td\">Max. Umgebungstemperatur (\u02daC)<\/td>\n<td>32<\/td>\n<\/tr>\n<tr>\n<td class=\"left-td\">Kapazit\u00e4t (L)<\/td>\n<td>500<\/td>\n<\/tr>\n<tr>\n<td class=\"left-td\">\u00c4u\u00dfere Abmessungen BxTxH (mm)<\/td>\n<td>895 x 859,5 x 1999<\/td>\n<\/tr>\n<tr>\n<td class=\"left-td\">Innenma\u00dfe BxTxH (mm)<\/td>\n<td>606 x 620 x 1320<\/td>\n<\/tr>\n<tr>\n<td class=\"left-td\">Gewicht (KG)<\/td>\n<td>233<\/td>\n<\/tr>\n<tr>\n<td class=\"left-td\">Isolierung (mm)<\/td>\n<td>120<\/td>\n<\/tr>\n<tr>\n<td class=\"left-td\">Technologie der K\u00fchlung<\/td>\n<td>Duales System \/ Statisch<\/td>\n<\/tr>\n<tr>\n<td class=\"left-td\">Controller-Modell \/ F\u00fchlertyp<\/td>\n<td>V700 \/ PT100<\/td>\n<\/tr>\n<tr>\n<td class=\"left-td\">Stromversorgung (V)<\/td>\n<td>100 bis 240<\/td>\n<\/tr>\n<tr>\n<td class=\"left-td\">Frequenz (Hz)<\/td>\n<td>50 \/ 60<\/td>\n<\/tr>\n<tr>\n<td class=\"left-td\">Stromverbrauch (kWh\/24h)<\/td>\n<td>8,1<\/td>\n<\/tr>\n<\/tbody>\n<\/table>"],"other_features_arctiko":["<table class=\"specifications\">\n<tbody>\n<tr>\n<td class=\"left-td\">Anschluss f\u00fcr Vakuumablass<\/td>\n<td>Ja<\/td>\n<\/tr>\n<tr>\n<td class=\"left-td\">Frostschutzfunktion<\/td>\n<td>Ja<\/td>\n<\/tr>\n<tr>\n<td class=\"left-td\">Zugangs\u00f6ffnung f\u00fcr externe Sonde usw. (Innendurchmesser mm)<\/td>\n<td>12<\/td>\n<\/tr>\n<tr>\n<td class=\"left-td\">Licht<\/td>\n<td>Ja<\/td>\n<\/tr>\n<tr>\n<td class=\"left-td\">Schloss mit Schl\u00fcssel<\/td>\n<td>Ja<\/td>\n<\/tr>\n<tr>\n<td class=\"left-td\">Rollen (insgesamt) \/ Rollen mit Bremse (St\u00fcck)<\/td>\n<td>4 \/ 2<\/td>\n<\/tr>\n<tr>\n<td class=\"left-td\">Unterdeckel \/ Innent\u00fcren (St\u00fcck)<\/td>\n<td>4<\/td>\n<\/tr>\n<tr>\n<td class=\"left-td\">Feste Einlegeb\u00f6den (St\u00fcck) \/ Verstellbare Einlegeb\u00f6den (St\u00fcck)<\/td>\n<td>1 \/ 2<\/td>\n<\/tr>\n<tr>\n<td class=\"left-td\">Max. Nein. der Einlegeb\u00f6den (St\u00fcck) \/ empfohlene max. Nein. der Regale (St\u00fcck)<\/td>\n<td>5 \/ 5<\/td>\n<\/tr>\n<tr>\n<td class=\"left-td\">Max. Last pro Regal (kg)<\/td>\n<td>50<\/td>\n<\/tr>\n<tr>\n<td class=\"left-td\">Gesamtkapazit\u00e4t von 50 mm Boxen 9x9 Trennbl\u00e4tter (St\u00fcck)<\/td>\n<td>352<\/td>\n<\/tr>\n<tr>\n<td class=\"left-td\">Gesamtkapazit\u00e4t von 75 mm Boxen 9x9 Trennbl\u00e4tter (St\u00fcck)<\/td>\n<td>224<\/td>\n<\/tr>\n<tr>\n<td class=\"left-td\">Gesamtkapazit\u00e4t von 96 mm Boxen 9x9 Trennbl\u00e4tter (St\u00fcck)<\/td>\n<td>160<\/td>\n<\/tr>\n<tr>\n<td class=\"left-td\">Max. Kapazit\u00e4t der Proben in Arctiko 10x10 Boxen (St\u00fcck)<\/td>\n<td>35.200<\/td>\n<\/tr>\n<\/tbody>\n<\/table>"],"_uag_page_assets":["a:9:{s:3:\"css\";s:0:\"\";s:2:\"js\";s:0:\"\";s:18:\"current_block_list\";a:0:{}s:8:\"uag_flag\";b:0;s:11:\"uag_version\";s:10:\"1777651425\";s:6:\"gfonts\";a:0:{}s:10:\"gfonts_url\";s:0:\"\";s:12:\"gfonts_files\";a:0:{}s:14:\"uag_faq_layout\";b:0;}"],"_max_variation_price":[""],"_max_variation_regular_price":[""],"_max_variation_sale_price":[""],"_min_variation_price":[""],"_min_variation_regular_price":[""],"_min_variation_sale_price":[""],"_sale_price":[""],"_wc_pb_base_regular_price":[""],"_wc_pb_base_sale_price":[""],"_wc_pb_base_price":[""],"_wc_sw_max_price":[""],"_wc_sw_max_regular_price":[""],"_wc_rating_count":[""],"_wc_review_count":[""],"_wc_average_rating":[0]},"uagb_featured_image_src":{"full":["https:\/\/praxas.com\/wp-content\/uploads\/ULUF-P510MV-Closed-Front.jpg",800,463,false],"thumbnail":["https:\/\/praxas.com\/wp-content\/uploads\/ULUF-P510MV-Closed-Front-150x150.jpg",150,150,true],"medium":["https:\/\/praxas.com\/wp-content\/uploads\/ULUF-P510MV-Closed-Front-300x174.jpg",300,174,true],"medium_large":["https:\/\/praxas.com\/wp-content\/uploads\/ULUF-P510MV-Closed-Front-768x444.jpg",768,444,true],"large":["https:\/\/praxas.com\/wp-content\/uploads\/ULUF-P510MV-Closed-Front.jpg",800,463,false],"1536x1536":["https:\/\/praxas.com\/wp-content\/uploads\/ULUF-P510MV-Closed-Front.jpg",800,463,false],"2048x2048":["https:\/\/praxas.com\/wp-content\/uploads\/ULUF-P510MV-Closed-Front.jpg",800,463,false],"crunchify-admin-post-featured-image":["https:\/\/praxas.com\/wp-content\/uploads\/ULUF-P510MV-Closed-Front-120x69.jpg",120,69,true],"commercegurus-pdp-large":["https:\/\/praxas.com\/wp-content\/uploads\/ULUF-P510MV-Closed-Front.jpg",800,463,false],"commercegurus-plp-mobile":["https:\/\/praxas.com\/wp-content\/uploads\/ULUF-P510MV-Closed-Front-441x255.jpg",441,255,true],"cgkit_image_swatch":["https:\/\/praxas.com\/wp-content\/uploads\/ULUF-P510MV-Closed-Front-100x100.jpg",100,100,true],"woocommerce_thumbnail":["https:\/\/praxas.com\/wp-content\/uploads\/ULUF-P510MV-Closed-Front-350x203.jpg",350,203,true],"woocommerce_single":["https:\/\/praxas.com\/wp-content\/uploads\/ULUF-P510MV-Closed-Front.jpg",800,463,false],"woocommerce_gallery_thumbnail":["https:\/\/praxas.com\/wp-content\/uploads\/ULUF-P510MV-Closed-Front-150x87.jpg",150,87,true]},"uagb_author_info":{"display_name":"Alex James","author_link":"https:\/\/praxas.com\/de\/author\/"},"uagb_comment_info":0,"uagb_excerpt":"-40\u02daC \/ -86\u02daC Ultra-Niedrig-Temperatur - 500 L Hervorragende K\u00fchlleistung Platzsparend TRUE DUAL\u2122 K\u00fchlsystem FCKW-\/HFCKW-freie Formulierungen","_links":{"self":[{"href":"https:\/\/praxas.com\/de\/wp-json\/wp\/v2\/product\/47657","targetHints":{"allow":["GET"]}}],"collection":[{"href":"https:\/\/praxas.com\/de\/wp-json\/wp\/v2\/product"}],"about":[{"href":"https:\/\/praxas.com\/de\/wp-json\/wp\/v2\/types\/product"}],"wp:featuredmedia":[{"embeddable":true,"href":"https:\/\/praxas.com\/de\/wp-json\/wp\/v2\/media\/46387"}],"wp:attachment":[{"href":"https:\/\/praxas.com\/de\/wp-json\/wp\/v2\/media?parent=47657"}],"wp:term":[{"taxonomy":"product_brand","embeddable":true,"href":"https:\/\/praxas.com\/de\/wp-json\/wp\/v2\/product_brand?post=47657"},{"taxonomy":"product_cat","embeddable":true,"href":"https:\/\/praxas.com\/de\/wp-json\/wp\/v2\/product_cat?post=47657"},{"taxonomy":"product_tag","embeddable":true,"href":"https:\/\/praxas.com\/de\/wp-json\/wp\/v2\/product_tag?post=47657"}],"curies":[{"name":"wp","href":"https:\/\/api.w.org\/{rel}","templated":true}]}}