{"id":49483,"date":"2025-06-17T17:35:00","date_gmt":"2025-06-17T15:35:00","guid":{"rendered":"https:\/\/praxas.com\/product\/unkategorisiert\/st10m-externer-sensor\/"},"modified":"2025-10-09T10:14:28","modified_gmt":"2025-10-09T08:14:28","slug":"st10m-externer-sensor","status":"publish","type":"product","link":"https:\/\/praxas.com\/de\/product\/datenlogger\/zubehor\/st10m-externer-sensor\/","title":{"rendered":"ST10M Externer Sensor"},"content":{"rendered":"<p data-start=\"82\" data-end=\"140\"><strong data-start=\"86\" data-end=\"140\">LogTag ST10M Externer Sensor &#8211; Sonde mit mittlerer Spitze<\/strong><\/p>\n<p data-start=\"142\" data-end=\"438\">Der LogTag ST10M ist ein robuster externer Sensor mit einer ca. 60 mm langen, freiliegenden Spitze aus rostfreiem Stahl 316 mit einem Durchmesser von 5 mm. Er verf\u00fcgt \u00fcber eine kompakte umspritzte Verbindung f\u00fcr zus\u00e4tzlichen Schutz vor Feuchtigkeit und eine Zugentlastung des Kabels und eignet sich gut f\u00fcr Umgebungen, in denen die direkte Anbringung eines Datenloggers nicht m\u00f6glich ist. <\/p>\n<p data-start=\"440\" data-end=\"617\">Das ST10M besteht aus FDA-konformen Materialien am Sondenende und entlang des Kabels und ist f\u00fcr eine Vielzahl von Anwendungen geeignet, darunter auch f\u00fcr solche, die mit Lebensmitteln zu tun haben, falls erforderlich.<\/p>\n<p data-start=\"619\" data-end=\"665\"><strong data-start=\"619\" data-end=\"665\">Die wichtigsten Merkmale des ST10M Externen Sensors:<\/strong><\/p>\n<ul data-start=\"667\" data-end=\"893\">\n<li data-start=\"667\" data-end=\"718\">\n<p data-start=\"669\" data-end=\"718\">60mm freiliegende Edelstahlspitze (5mm Durchmesser)<\/p>\n<\/li>\n<li data-start=\"719\" data-end=\"768\">\n<p data-start=\"721\" data-end=\"768\">Feuchtigkeitsresistente, umspritzte Zugentlastung<\/p>\n<\/li>\n<li data-start=\"769\" data-end=\"820\">\n<p data-start=\"771\" data-end=\"820\">FDA-konforme Materialien an Sondenende und Kabel<\/p>\n<\/li>\n<li data-start=\"821\" data-end=\"893\">\n<p data-start=\"823\" data-end=\"893\">Kabell\u00e4ngen:<br data-start=\"837\" data-end=\"840\">&#8211; 1.5m<br data-start=\"865\" data-end=\"868\">&#8211; 3m<\/p>\n<\/li>\n<\/ul>\n<p data-start=\"895\" data-end=\"940\">Kompatibel mit den LogTag TREL und UTREL Modellen.<\/p>\n","protected":false},"excerpt":{"rendered":"<ul>\n<li>L\u00e4nge der freiliegenden Spitze 60mm<\/li>\n<li>Durchmesser 5mm<\/li>\n<li>Kein Griff &#8211; \u00fcbergeformte Zugentlastung<\/li>\n<li>Kabell\u00e4nge 1,5 m oder 3 m<\/li>\n<\/ul>\n","protected":false},"featured_media":49457,"template":"","meta":{"_acf_changed":false,"content-type":"","_uag_custom_page_level_css":""},"product_brand":[],"product_cat":[979],"product_tag":[987,2513],"class_list":{"0":"post-49483","1":"product","2":"type-product","3":"status-publish","4":"has-post-thumbnail","6":"product_cat-zubehor","7":"product_tag-externe-sonde-de","8":"product_tag-logtag-de","10":"first","11":"instock","12":"taxable","13":"shipping-taxable","14":"purchasable","15":"product-type-variable"},"bundled_by":[],"bundle_stock_status":"instock","bundle_stock_quantity":null,"bundle_virtual":false,"bundle_layout":"","bundle_add_to_cart_form_location":"","bundle_editable_in_cart":false,"bundle_sold_individually_context":"","bundle_item_grouping":"","bundle_min_size":"","bundle_max_size":"","bundle_price":[],"bundled_items":[],"bundle_sell_ids":[],"acf":[],"spectra_custom_meta":{"hubwoo_ecomm_pro_id":["25001048392"],"_wcml_average_rating":[null],"_wcml_review_count":[null],"_wcml_rating_count":[null],"_backorders":["no"],"_download_limit":["-1"],"_download_expiry":["-1"],"_downloadable":["no"],"_manage_stock":["no"],"_sku":["ST10M"],"_stock_status":["instock"],"_sold_individually":["no"],"_tax_class":[""],"_tax_status":["taxable"],"_virtual":["no"],"total_sales":["0"],"_price":["38.50","47.60"],"product_datasheet":[""],"_product_datasheet":["field_650ad7d6ea3a0"],"connectivity":[""],"_connectivity":["field_64dce263bb57c"],"brand":["LogTag"],"_brand":["field_64ddf62ed2593"],"brand_image":[""],"_brand_image":["field_650c5e7c84cae"],"_specifications_table":["field_65044e1db92a8"],"_display_data_alarm":["field_667d647bcb066"],"_resources":["field_650849c6945ee"],"_calibration":["field_66a0ddd599972"],"_accessories":["field_650849e6945f0"],"_faqs":["field_650859523d8d5"],"_calibration_suitable_ids_gb":["field_654b4c4acb54a"],"_calibration_suitable_ids_us":["field_654b4c56cb54b"],"_show_in_calibration_suitable":["field_654cfb691d345"],"_other_features":["field_668524f8c98a4"],"_shipping":["field_66852535c98a5"],"_refrigerant_cabinet":["field_66852557c98a6"],"_main_specifications":["field_66855b25b1245"],"_usd_price_4":["field_651570dcac479"],"_usd_price_9":["field_6515713eb4807"],"_usd_price_24":["field_65157141b4809"],"_usd_price_49":["field_65157140b4808"],"_usd_price_99":["field_6515715bb480a"],"_gbp_price_4":["field_6515716e83bfa"],"_gbp_price_9":["field_6515724783bfb"],"_gbp_price_24":["field_6515724b83bfc"],"_gbp_price_49":["field_6515725983bfd"],"_gbp_price_99":["field_6515725d83bfe"],"_usdhk_price_4":["field_6515726f83bff"],"_usdhk_price_9":["field_6515727c83c00"],"_usdhk_price_24":["field_6515728083c01"],"_usdhk_price_49":["field_6515728983c02"],"_usdhk_price_99":["field_6515728e83c03"],"stock_options":["In stock"],"_stock_options":["field_6544b605dc7f9"],"rank_math_primary_product_cat":["147"],"min_temp":["-90"],"max_temp":["40"],"_min_temp":["field_67ea5eb4e0a77"],"_max_temp":["field_67ea5f81e0a79"],"_top_nav_excluded":[""],"_cms_nav_minihome":[""],"wcml_sync_hash":["a:1:{s:15:\"postmeta_fields\";s:32:\"6c5f2ba416a369c1d049749a8ad85d86\";}"],"attr_label_translations":["a:0:{}"],"_product_attributes":["a:2:{s:16:\"pa_product-brand\";a:6:{s:4:\"name\";s:16:\"pa_product-brand\";s:5:\"value\";s:0:\"\";s:8:\"position\";i:0;s:10:\"is_visible\";i:1;s:12:\"is_variation\";i:0;s:11:\"is_taxonomy\";i:1;}s:16:\"pa_make-a-choice\";a:6:{s:4:\"name\";s:16:\"pa_make-a-choice\";s:5:\"value\";s:0:\"\";s:8:\"position\";i:1;s:10:\"is_visible\";i:1;s:12:\"is_variation\";i:1;s:11:\"is_taxonomy\";i:1;}}"],"_thumbnail_id":["49457"],"_product_image_gallery":[""],"_crosssell_ids":["a:0:{}"],"_wpml_word_count":["183"],"_last_translation_edit_mode":["translation-editor"],"rank_math_focus_keyword":["ST10M"],"_uag_page_assets":["a:9:{s:3:\"css\";s:0:\"\";s:2:\"js\";s:0:\"\";s:18:\"current_block_list\";a:0:{}s:8:\"uag_flag\";b:0;s:11:\"uag_version\";s:10:\"1775742760\";s:6:\"gfonts\";a:0:{}s:10:\"gfonts_url\";s:0:\"\";s:12:\"gfonts_files\";a:0:{}s:14:\"uag_faq_layout\";b:0;}"],"_max_variation_price":[""],"_max_variation_regular_price":[""],"_max_variation_sale_price":[""],"_min_variation_price":[""],"_min_variation_regular_price":[""],"_min_variation_sale_price":[""],"_regular_price":[""],"_sale_price":[""],"_wc_pb_base_regular_price":[""],"_wc_pb_base_sale_price":[""],"_wc_pb_base_price":[""],"_wc_sw_max_price":[""],"_wc_sw_max_regular_price":[""],"_wc_rating_count":[""],"_wc_review_count":[""],"_wc_average_rating":[0]},"uagb_featured_image_src":{"full":["https:\/\/praxas.com\/wp-content\/uploads\/LogTag-ST10M-Web.jpg",1200,680,false],"thumbnail":["https:\/\/praxas.com\/wp-content\/uploads\/LogTag-ST10M-Web-150x150.jpg",150,150,true],"medium":["https:\/\/praxas.com\/wp-content\/uploads\/LogTag-ST10M-Web-300x170.jpg",300,170,true],"medium_large":["https:\/\/praxas.com\/wp-content\/uploads\/LogTag-ST10M-Web-768x435.jpg",768,435,true],"large":["https:\/\/praxas.com\/wp-content\/uploads\/LogTag-ST10M-Web-1024x580.jpg",1024,580,true],"1536x1536":["https:\/\/praxas.com\/wp-content\/uploads\/LogTag-ST10M-Web.jpg",1200,680,false],"2048x2048":["https:\/\/praxas.com\/wp-content\/uploads\/LogTag-ST10M-Web.jpg",1200,680,false],"crunchify-admin-post-featured-image":["https:\/\/praxas.com\/wp-content\/uploads\/LogTag-ST10M-Web-120x68.jpg",120,68,true],"commercegurus-pdp-large":["https:\/\/praxas.com\/wp-content\/uploads\/LogTag-ST10M-Web-990x561.jpg",990,561,true],"commercegurus-plp-mobile":["https:\/\/praxas.com\/wp-content\/uploads\/LogTag-ST10M-Web-441x250.jpg",441,250,true],"cgkit_image_swatch":["https:\/\/praxas.com\/wp-content\/uploads\/LogTag-ST10M-Web-100x100.jpg",100,100,true],"woocommerce_thumbnail":["https:\/\/praxas.com\/wp-content\/uploads\/LogTag-ST10M-Web-350x198.jpg",350,198,true],"woocommerce_single":["https:\/\/praxas.com\/wp-content\/uploads\/LogTag-ST10M-Web-800x453.jpg",800,453,true],"woocommerce_gallery_thumbnail":["https:\/\/praxas.com\/wp-content\/uploads\/LogTag-ST10M-Web-150x85.jpg",150,85,true]},"uagb_author_info":{"display_name":"Alex James","author_link":"https:\/\/praxas.com\/de\/author\/"},"uagb_comment_info":0,"uagb_excerpt":"L\u00e4nge der freiliegenden Spitze 60mm Durchmesser 5mm Kein Griff - \u00fcbergeformte Zugentlastung Kabell\u00e4nge 1,5 m oder 3 m","_links":{"self":[{"href":"https:\/\/praxas.com\/de\/wp-json\/wp\/v2\/product\/49483","targetHints":{"allow":["GET"]}}],"collection":[{"href":"https:\/\/praxas.com\/de\/wp-json\/wp\/v2\/product"}],"about":[{"href":"https:\/\/praxas.com\/de\/wp-json\/wp\/v2\/types\/product"}],"wp:featuredmedia":[{"embeddable":true,"href":"https:\/\/praxas.com\/de\/wp-json\/wp\/v2\/media\/49457"}],"wp:attachment":[{"href":"https:\/\/praxas.com\/de\/wp-json\/wp\/v2\/media?parent=49483"}],"wp:term":[{"taxonomy":"product_brand","embeddable":true,"href":"https:\/\/praxas.com\/de\/wp-json\/wp\/v2\/product_brand?post=49483"},{"taxonomy":"product_cat","embeddable":true,"href":"https:\/\/praxas.com\/de\/wp-json\/wp\/v2\/product_cat?post=49483"},{"taxonomy":"product_tag","embeddable":true,"href":"https:\/\/praxas.com\/de\/wp-json\/wp\/v2\/product_tag?post=49483"}],"curies":[{"name":"wp","href":"https:\/\/api.w.org\/{rel}","templated":true}]}}