{"id":49544,"date":"2025-06-18T12:50:47","date_gmt":"2025-06-18T10:50:47","guid":{"rendered":"https:\/\/praxas.com\/product\/unkategorisiert\/stx-50-externe-sensor-erweiterung\/"},"modified":"2025-10-09T10:24:37","modified_gmt":"2025-10-09T08:24:37","slug":"stx-50-externe-sensor-erweiterung","status":"publish","type":"product","link":"https:\/\/praxas.com\/de\/product\/datenlogger\/zubehor\/stx-50-externe-sensor-erweiterung\/","title":{"rendered":"STX-50 Externe Sensor-Erweiterung"},"content":{"rendered":"<p data-start=\"214\" data-end=\"278\"><strong data-start=\"218\" data-end=\"278\">LogTag STX-50 Verl\u00e4ngerungskabel f\u00fcr externe Sensoren &#8211; 5 Meter<\/strong><\/p>\n<p data-start=\"280\" data-end=\"525\">Das LogTag STX-50 ist ein 5 Meter langes Verl\u00e4ngerungskabel, das f\u00fcr die Verwendung mit den externen Temperatursensoren ST10 und ST100 in der Leichtindustrie entwickelt wurde. Es erm\u00f6glicht eine gr\u00f6\u00dfere Flexibilit\u00e4t bei der Platzierung der Sensoren, wenn ein direkter Anschluss an den Logger nicht m\u00f6glich ist. <\/p>\n<p data-start=\"527\" data-end=\"822\">Das Kabel ist mit einem MCX-Stecker abgeschlossen und verf\u00fcgt \u00fcber eine flexible Schutzh\u00fclse am Buchsenende, um eine IP61-konforme Verbindung zu gew\u00e4hrleisten, wenn es angeschlossen ist. Das STX-50 ist aus lebensmittelechten Materialien und 316er Edelstahl am Sensorende gefertigt und kann in Umgebungen eingesetzt werden, in denen Hygienevorschriften eingehalten werden m\u00fcssen. <\/p>\n<p data-start=\"824\" data-end=\"871\"><strong data-start=\"824\" data-end=\"871\">Die wichtigsten Merkmale des STX-50 Verl\u00e4ngerungskabels:<\/strong><\/p>\n<ul data-start=\"873\" data-end=\"1127\">\n<li data-start=\"873\" data-end=\"901\">\n<p data-start=\"875\" data-end=\"901\">5m (~16&#8217;5&#8243;) Kabell\u00e4nge<\/p>\n<\/li>\n<li data-start=\"902\" data-end=\"951\">\n<p data-start=\"904\" data-end=\"951\">Kompatibel mit Sensoren der Serien ST10 und ST100<\/p>\n<\/li>\n<li data-start=\"952\" data-end=\"995\">\n<p data-start=\"954\" data-end=\"995\">IP61-zertifizierter Sensoranschluss, wenn eingesteckt<\/p>\n<\/li>\n<li data-start=\"996\" data-end=\"1033\">\n<p data-start=\"998\" data-end=\"1033\">Betriebsbereich: -46 \u00b0C bis +74 \u00b0C<\/p>\n<\/li>\n<li data-start=\"1034\" data-end=\"1076\">\n<p data-start=\"1036\" data-end=\"1076\">FDA-konforme Materialien auf der Sensorseite<\/p>\n<\/li>\n<li data-start=\"1077\" data-end=\"1127\">\n<p data-start=\"1079\" data-end=\"1127\">Nicht kompatibel mit den intelligenten Sonden CP10 oder CP100<\/p>\n<\/li>\n<\/ul>\n<p data-start=\"1129\" data-end=\"1210\">Hinweis: Konzipiert f\u00fcr eine dauerhafte Installation, nicht f\u00fcr h\u00e4ufiges Anschlie\u00dfen\/Abnehmen der Verbindung.<\/p>\n","protected":false},"excerpt":{"rendered":"<ul>\n<li>Kompatibel mit ST10\/ST100 Sensoren<\/li>\n<li>Betriebsbereich -46 \u00b0C bis +74 \u00b0C<\/li>\n<li>IP61-gesch\u00fctzte Steckverbindung<\/li>\n<li>FDA-konforme Materialien (Sensorseite)<\/li>\n<\/ul>\n","protected":false},"featured_media":49532,"template":"","meta":{"_acf_changed":false,"content-type":"","_uag_custom_page_level_css":""},"product_brand":[],"product_cat":[979],"product_tag":[987,2513],"class_list":{"0":"post-49544","1":"product","2":"type-product","3":"status-publish","4":"has-post-thumbnail","6":"product_cat-zubehor","7":"product_tag-externe-sonde-de","8":"product_tag-logtag-de","10":"first","11":"instock","12":"taxable","13":"shipping-taxable","14":"purchasable","15":"product-type-simple"},"bundled_by":[],"bundle_stock_status":"instock","bundle_stock_quantity":null,"bundle_virtual":false,"bundle_layout":"","bundle_add_to_cart_form_location":"","bundle_editable_in_cart":false,"bundle_sold_individually_context":"","bundle_item_grouping":"","bundle_min_size":"","bundle_max_size":"","bundle_price":[],"bundled_items":[],"bundle_sell_ids":[],"acf":[],"spectra_custom_meta":{"hubwoo_ecomm_pro_id":["25003847066"],"_wcml_average_rating":[null],"_wcml_review_count":[null],"_wcml_rating_count":[null],"_backorders":["no"],"_download_limit":["-1"],"_download_expiry":["-1"],"_downloadable":["no"],"_manage_stock":["no"],"_sku":["STX-50"],"_stock_status":["instock"],"_sold_individually":["no"],"_tax_class":[""],"_tax_status":["taxable"],"_virtual":["no"],"total_sales":["0"],"_regular_price":["38.50"],"_price":["38.50"],"product_datasheet":[""],"_product_datasheet":["field_650ad7d6ea3a0"],"connectivity":[""],"_connectivity":["field_64dce263bb57c"],"brand":["LogTag"],"_brand":["field_64ddf62ed2593"],"brand_image":[""],"_brand_image":["field_650c5e7c84cae"],"_specifications_table":["field_65044e1db92a8"],"_display_data_alarm":["field_667d647bcb066"],"_resources":["field_650849c6945ee"],"_calibration":["field_66a0ddd599972"],"_accessories":["field_650849e6945f0"],"_faqs":["field_650859523d8d5"],"_calibration_suitable_ids_gb":["field_654b4c4acb54a"],"_calibration_suitable_ids_us":["field_654b4c56cb54b"],"_show_in_calibration_suitable":["field_654cfb691d345"],"_other_features":["field_668524f8c98a4"],"_shipping":["field_66852535c98a5"],"_refrigerant_cabinet":["field_66852557c98a6"],"_main_specifications":["field_66855b25b1245"],"_usd_price_4":["field_651570dcac479"],"_usd_price_9":["field_6515713eb4807"],"_usd_price_24":["field_65157141b4809"],"_usd_price_49":["field_65157140b4808"],"_usd_price_99":["field_6515715bb480a"],"_gbp_price_4":["field_6515716e83bfa"],"_gbp_price_9":["field_6515724783bfb"],"_gbp_price_24":["field_6515724b83bfc"],"_gbp_price_49":["field_6515725983bfd"],"_gbp_price_99":["field_6515725d83bfe"],"_usdhk_price_4":["field_6515726f83bff"],"_usdhk_price_9":["field_6515727c83c00"],"_usdhk_price_24":["field_6515728083c01"],"_usdhk_price_49":["field_6515728983c02"],"_usdhk_price_99":["field_6515728e83c03"],"stock_options":["In stock"],"_stock_options":["field_6544b605dc7f9"],"rank_math_primary_product_cat":["147"],"min_temp":["-46"],"max_temp":["73"],"_min_temp":["field_67ea5eb4e0a77"],"_max_temp":["field_67ea5f81e0a79"],"_top_nav_excluded":[""],"_cms_nav_minihome":[""],"wcml_sync_hash":["a:1:{s:15:\"postmeta_fields\";s:32:\"4bed1a98581066834b813d0871b13889\";}"],"attr_label_translations":["a:0:{}"],"_product_attributes":["a:1:{s:16:\"pa_product-brand\";a:6:{s:4:\"name\";s:16:\"pa_product-brand\";s:5:\"value\";s:0:\"\";s:8:\"position\";i:0;s:10:\"is_visible\";i:1;s:12:\"is_variation\";i:0;s:11:\"is_taxonomy\";i:1;}}"],"_thumbnail_id":["49532"],"_product_image_gallery":["49538"],"_crosssell_ids":["a:0:{}"],"_wpml_word_count":["232"],"_last_translation_edit_mode":["translation-editor"],"rank_math_focus_keyword":["STX-50"],"resources":["<ul class=\"resources-list\">\n \t<li><img src=\"https:\/\/praxas.com\/wp-content\/uploads\/document-icon.png\" alt=\"Dokument-Symbol\"><a href=\"https:\/\/praxas.com\/wp-content\/uploads\/LogTag-STX-50-Brochure.pdf\">LogTag STX-50 Brosch\u00fcre<\/a><\/li>\n<\/ul>"],"_uag_page_assets":["a:9:{s:3:\"css\";s:0:\"\";s:2:\"js\";s:0:\"\";s:18:\"current_block_list\";a:0:{}s:8:\"uag_flag\";b:0;s:11:\"uag_version\";s:10:\"1775212209\";s:6:\"gfonts\";a:0:{}s:10:\"gfonts_url\";s:0:\"\";s:12:\"gfonts_files\";a:0:{}s:14:\"uag_faq_layout\";b:0;}"],"_max_variation_price":[""],"_max_variation_regular_price":[""],"_max_variation_sale_price":[""],"_min_variation_price":[""],"_min_variation_regular_price":[""],"_min_variation_sale_price":[""],"_sale_price":[""],"_wc_pb_base_regular_price":[""],"_wc_pb_base_sale_price":[""],"_wc_pb_base_price":[""],"_wc_sw_max_price":[""],"_wc_sw_max_regular_price":[""],"_wc_rating_count":[""],"_wc_review_count":[""],"_wc_average_rating":[0]},"uagb_featured_image_src":{"full":["https:\/\/praxas.com\/wp-content\/uploads\/STX-50-web1.jpg",1200,680,false],"thumbnail":["https:\/\/praxas.com\/wp-content\/uploads\/STX-50-web1-150x150.jpg",150,150,true],"medium":["https:\/\/praxas.com\/wp-content\/uploads\/STX-50-web1-300x170.jpg",300,170,true],"medium_large":["https:\/\/praxas.com\/wp-content\/uploads\/STX-50-web1-768x435.jpg",768,435,true],"large":["https:\/\/praxas.com\/wp-content\/uploads\/STX-50-web1-1024x580.jpg",1024,580,true],"1536x1536":["https:\/\/praxas.com\/wp-content\/uploads\/STX-50-web1.jpg",1200,680,false],"2048x2048":["https:\/\/praxas.com\/wp-content\/uploads\/STX-50-web1.jpg",1200,680,false],"crunchify-admin-post-featured-image":["https:\/\/praxas.com\/wp-content\/uploads\/STX-50-web1-120x68.jpg",120,68,true],"commercegurus-pdp-large":["https:\/\/praxas.com\/wp-content\/uploads\/STX-50-web1-990x561.jpg",990,561,true],"commercegurus-plp-mobile":["https:\/\/praxas.com\/wp-content\/uploads\/STX-50-web1-441x250.jpg",441,250,true],"cgkit_image_swatch":["https:\/\/praxas.com\/wp-content\/uploads\/STX-50-web1-100x100.jpg",100,100,true],"woocommerce_thumbnail":["https:\/\/praxas.com\/wp-content\/uploads\/STX-50-web1-350x198.jpg",350,198,true],"woocommerce_single":["https:\/\/praxas.com\/wp-content\/uploads\/STX-50-web1-800x453.jpg",800,453,true],"woocommerce_gallery_thumbnail":["https:\/\/praxas.com\/wp-content\/uploads\/STX-50-web1-150x85.jpg",150,85,true]},"uagb_author_info":{"display_name":"Alex James","author_link":"https:\/\/praxas.com\/de\/author\/"},"uagb_comment_info":0,"uagb_excerpt":"Kompatibel mit ST10\/ST100 Sensoren Betriebsbereich -46 \u00b0C bis +74 \u00b0C IP61-gesch\u00fctzte Steckverbindung FDA-konforme Materialien (Sensorseite)","_links":{"self":[{"href":"https:\/\/praxas.com\/de\/wp-json\/wp\/v2\/product\/49544","targetHints":{"allow":["GET"]}}],"collection":[{"href":"https:\/\/praxas.com\/de\/wp-json\/wp\/v2\/product"}],"about":[{"href":"https:\/\/praxas.com\/de\/wp-json\/wp\/v2\/types\/product"}],"wp:featuredmedia":[{"embeddable":true,"href":"https:\/\/praxas.com\/de\/wp-json\/wp\/v2\/media\/49532"}],"wp:attachment":[{"href":"https:\/\/praxas.com\/de\/wp-json\/wp\/v2\/media?parent=49544"}],"wp:term":[{"taxonomy":"product_brand","embeddable":true,"href":"https:\/\/praxas.com\/de\/wp-json\/wp\/v2\/product_brand?post=49544"},{"taxonomy":"product_cat","embeddable":true,"href":"https:\/\/praxas.com\/de\/wp-json\/wp\/v2\/product_cat?post=49544"},{"taxonomy":"product_tag","embeddable":true,"href":"https:\/\/praxas.com\/de\/wp-json\/wp\/v2\/product_tag?post=49544"}],"curies":[{"name":"wp","href":"https:\/\/api.w.org\/{rel}","templated":true}]}}